{"id":2813,"date":"2023-09-15T11:29:21","date_gmt":"2023-09-15T03:29:21","guid":{"rendered":"https:\/\/maxtormetal.com\/?page_id=2813"},"modified":"2023-09-15T11:51:15","modified_gmt":"2023-09-15T03:51:15","slug":"privacy-policy","status":"publish","type":"page","link":"https:\/\/maxtormetal.com\/de\/privacy-policy\/","title":{"rendered":"Datenschutzerkl\u00e4rung"},"content":{"rendered":"<div data-elementor-type=\"wp-page\" data-elementor-id=\"2813\" class=\"elementor elementor-2813\" data-elementor-post-type=\"page\">\n\t\t\t\t\t\t\t<div class=\"elementor-element elementor-element-32daa32 e-flex e-con-boxed e-con\" data-id=\"32daa32\" data-element_type=\"container\" data-settings=\"{&quot;content_width&quot;:&quot;boxed&quot;}\">\n\t\t\t\t\t<div class=\"e-con-inner\">\n\t\t<div class=\"elementor-element elementor-element-e48b954 e-con-full e-flex e-con\" data-id=\"e48b954\" data-element_type=\"container\" data-settings=\"{&quot;content_width&quot;:&quot;full&quot;}\">\n\t\t\t\t<div class=\"elementor-element elementor-element-55303f3 elementor-widget elementor-widget-heading\" data-id=\"55303f3\" data-element_type=\"widget\" data-widget_type=\"heading.default\">\n\t\t\t\t<div class=\"elementor-widget-container\">\n\t\t\t<style>\/*! elementor - v3.15.0 - 20-08-2023 *\/\n.elementor-heading-title{padding:0;margin:0;line-height:1}.elementor-widget-heading .elementor-heading-title[class*=elementor-size-]>a{color:inherit;font-size:inherit;line-height:inherit}.elementor-widget-heading .elementor-heading-title.elementor-size-small{font-size:15px}.elementor-widget-heading .elementor-heading-title.elementor-size-medium{font-size:19px}.elementor-widget-heading .elementor-heading-title.elementor-size-large{font-size:29px}.elementor-widget-heading .elementor-heading-title.elementor-size-xl{font-size:39px}.elementor-widget-heading .elementor-heading-title.elementor-size-xxl{font-size:59px}<\/style><h1 class=\"elementor-heading-title elementor-size-default\">Datenschutzerkl\u00e4rung<\/h1>\t\t<\/div>\n\t\t\t\t<\/div>\n\t\t\t\t<div class=\"elementor-element elementor-element-7a003cc elementor-widget elementor-widget-woocommerce-breadcrumb\" data-id=\"7a003cc\" data-element_type=\"widget\" data-widget_type=\"woocommerce-breadcrumb.default\">\n\t\t\t\t<div class=\"elementor-widget-container\">\n\t\t\t<link rel=\"stylesheet\" href=\"https:\/\/maxtormetal.com\/wp-content\/plugins\/elementor-pro\/assets\/css\/widget-woocommerce.min.css\"><nav class=\"woocommerce-breadcrumb\" aria-label=\"Breadcrumb\" data-no-translation=\"\" data-trp-gettext=\"\">Startseite<\/nav>\t\t<\/div>\n\t\t\t\t<\/div>\n\t\t\t\t<\/div>\n\t\t<div class=\"elementor-element elementor-element-cd8f90f e-con-full e-flex e-con\" data-id=\"cd8f90f\" data-element_type=\"container\" data-settings=\"{&quot;content_width&quot;:&quot;full&quot;}\">\n\t\t\t\t<div class=\"elementor-element elementor-element-0f987a9 elementor-widget elementor-widget-text-editor\" data-id=\"0f987a9\" data-element_type=\"widget\" data-widget_type=\"text-editor.default\">\n\t\t\t\t<div class=\"elementor-widget-container\">\n\t\t\t<style>\/*! elementor - v3.15.0 - 20-08-2023 *\/\n.elementor-widget-text-editor.elementor-drop-cap-view-stacked .elementor-drop-cap{background-color:#69727d;color:#fff}.elementor-widget-text-editor.elementor-drop-cap-view-framed .elementor-drop-cap{color:#69727d;border:3px solid;background-color:transparent}.elementor-widget-text-editor:not(.elementor-drop-cap-view-default) .elementor-drop-cap{margin-top:8px}.elementor-widget-text-editor:not(.elementor-drop-cap-view-default) .elementor-drop-cap-letter{width:1em;height:1em}.elementor-widget-text-editor .elementor-drop-cap{float:left;text-align:center;line-height:1;font-size:50px}.elementor-widget-text-editor .elementor-drop-cap-letter{display:inline-block}<\/style>\t\t\t\t<h4>Erhebung und Nutzung personenbezogener Daten von Kunden, Lieferanten und anderen Auftragnehmern<\/h4><p>Wir weisen Sie darauf hin, dass wir die von Ihnen mitgeteilten personenbezogenen Daten nur dann erheben und verwenden, wenn dies f\u00fcr den Abschluss und die Durchf\u00fchrung eines etwaigen Vertrags mit Ihnen erforderlich ist. Dies gilt sowohl f\u00fcr unsere (potenziellen) Kunden als auch f\u00fcr Parteien, von denen wir Waren und\/oder Dienstleistungen beziehen.<\/p><p>Wenn Sie ein (potenzieller) Kunde von uns sind, verwenden wir Ihre Daten, um Ihnen ein Angebot zusenden zu k\u00f6nnen, um festzustellen, welche Spezifikationen oder W\u00fcnsche bestimmte Waren oder Dienstleistungen erf\u00fcllen m\u00fcssen, um Waren liefern zu k\u00f6nnen bzw Wir f\u00fchren die T\u00e4tigkeiten f\u00fcr Sie durch, um Ihnen Rechnungen ausstellen zu k\u00f6nnen und mit Ihnen schnell und effizient \u00fcber die Umsetzungsaspekte der Vereinbarung kommunizieren zu k\u00f6nnen.<\/p><p>Auch wenn Sie (potenzieller) Lieferant oder sonstiger Auftragnehmer sind, sind Ihre personenbezogenen Daten f\u00fcr den Vertragsabschluss und die Vertragsdurchf\u00fchrung erforderlich. Im Falle eines Kaufs ist dies erforderlich, um Ihnen mitzuteilen, welche Spezifikationen oder W\u00fcnsche bestimmte Waren oder Dienstleistungen unserer Meinung nach erf\u00fcllen sollen, um eine Angebotsanfrage senden oder eine Bestellung bei Ihnen aufgeben zu k\u00f6nnen in der Lage, Ihre Rechnungen zu bezahlen und schnell und effizient mit Ihnen \u00fcber andere Aspekte der Vereinbarung zu kommunizieren.<\/p><p>Sie sind nicht verpflichtet, uns Ihre personenbezogenen Daten bereitzustellen. Wenn Sie uns keine oder nur unzureichende personenbezogene Daten zur Verf\u00fcgung stellen, kann es sein, dass wir die oben genannten T\u00e4tigkeiten nicht durchf\u00fchren k\u00f6nnen.<\/p><h4>\u00a0<\/h4><h4>Direktmarketing an Kunden<\/h4><p>Sofern Sie uns hierf\u00fcr Ihre Einwilligung erteilt haben, werden wir die von Ihnen mitgeteilten personenbezogenen Daten speichern und nutzen, um Sie k\u00fcnftig pers\u00f6nlich per E-Mail \u00fcber unsere bestehenden und neuen Produkte und Dienstleistungen informieren und Ihnen ggf. informieren zu k\u00f6nnen diesbez\u00fcglich ein Angebot. Jedes Mal, wenn wir Ihnen eine Marketing-E-Mail senden, haben Sie die M\u00f6glichkeit, uns mitzuteilen, dass Sie solche E-Mails nicht mehr erhalten m\u00f6chten. Bitte beachten Sie hierzu den Opt-Out-Link am Ende jedes Mailings.<\/p><p>\u00a0<\/p><h4>Aufbewahrungsfrist f\u00fcr personenbezogene Daten von Kunden, Lieferanten und anderen Auftragnehmern<\/h4><p>Wenn Sie ein Angebot von uns angefordert haben, aber kein Kunde bei uns geworden sind, werden wir Ihre Daten sp\u00e4testens ein Jahr nach unserem letzten Kontakt l\u00f6schen. Wir werden Ihre personenbezogenen Daten auch sp\u00e4testens ein Jahr nach unserem letzten Kontakt l\u00f6schen, wenn wir ein Angebot von Ihnen erhalten haben, aber nicht Ihr Kunde geworden sind. Wenn Sie unser Kunde geworden sind oder wir Ihr Kunde geworden sind, speichern wir Ihre personenbezogenen Daten f\u00fcr die Dauer von sieben Jahren nach dem Ende des Gesch\u00e4ftsjahres, in dem der Vertrag mit Ihnen abgeschlossen wurde. Der Zeitraum von sieben Jahren entspricht dem Zeitraum, f\u00fcr den wir verpflichtet sind, unsere Aufzeichnungen f\u00fcr die Steuer- und Zollverwaltung aufzubewahren. Nach Ablauf dieser Frist werden wir Ihre personenbezogenen Daten l\u00f6schen.<\/p><p>\u00a0<\/p><h4>Erhebung und Nutzung personenbezogener Daten von Gesch\u00e4ftskunden (au\u00dfer Kunden, Lieferanten und anderen Auftragnehmern)<\/h4><p>Wir weisen Sie darauf hin, dass wir die von Ihnen \u00fcbermittelten personenbezogenen Daten nur dann erheben und verwenden, wenn Sie hierzu eingewilligt haben oder dies zur Wahrung unserer berechtigten Interessen erforderlich ist. Wir verarbeiten folgende Daten: Name, Adresse und Kontaktdaten. Wenn Sie ein Gesch\u00e4ftsbeziehungspartner von uns sind, nutzen wir Ihre Daten, um mit Ihnen zu Zwecken in Kontakt treten zu k\u00f6nnen, die in unserem Gesch\u00e4ftsinteresse liegen. Dazu geh\u00f6ren beispielsweise die Besprechung einer m\u00f6glichen Zusammenarbeit, die Bereitstellung und Einholung von Informationen sowie die Pflege unseres Netzwerks. Sie sind nicht verpflichtet, uns Ihre personenbezogenen Daten bereitzustellen. Wenn Sie uns keine oder nur unzureichende personenbezogene Daten zur Verf\u00fcgung stellen, kann es sein, dass wir die oben genannten T\u00e4tigkeiten nicht durchf\u00fchren k\u00f6nnen.<\/p><p>\u00a0<\/p><h4>Direktmarketing an Gesch\u00e4ftskunden<\/h4><p>Sofern Sie uns hierf\u00fcr Ihre Einwilligung erteilt haben, werden wir die von Ihnen mitgeteilten personenbezogenen Daten speichern und nutzen, um Sie k\u00fcnftig pers\u00f6nlich per E-Mail \u00fcber unsere bestehenden und neuen Produkte und Dienstleistungen informieren und Ihnen ggf. informieren zu k\u00f6nnen diesbez\u00fcglich ein Angebot. Jedes Mal, wenn wir Ihnen eine Marketing-E-Mail senden, haben Sie die M\u00f6glichkeit, uns mitzuteilen, dass Sie solche E-Mails nicht mehr erhalten m\u00f6chten. Bitte beachten Sie hierzu den Opt-Out-Link am Ende jedes Mailings.<\/p><p>\u00a0<\/p><h4>Aufbewahrungsfrist f\u00fcr personenbezogene Daten im Zusammenhang mit Gesch\u00e4ftsbeziehungen<\/h4><p>Personenbezogene Daten aus Gesch\u00e4ftsbeziehungen werden ein Jahr nach unserem letzten Kontakt gel\u00f6scht.<\/p><p>\u00a0<\/p><h4>Kekse<\/h4><p>Cookies sind kleine Textdateien, die w\u00e4hrend des Besuchs unserer Website auf Ihrem Computer, Tablet oder Smartphone abgelegt werden. In diesen Textdateien werden Informationen gespeichert, die von der Website bei einem sp\u00e4teren Besuch wiedererkannt werden.<\/p><p>Unsere Website verwendet Tracking-Cookies, sofern Sie dem zugestimmt haben. Dies geschieht, um Informationen \u00fcber Ihr Internetverhalten zu sammeln, damit wir Ihnen gezielte Angebote f\u00fcr Produkte oder Dienstleistungen unterbreiten k\u00f6nnen. Sie haben das Recht, Ihre Einwilligung jederzeit zu widerrufen. Ihre Daten werden maximal ein Jahr gespeichert. Wir platzieren auch funktionale Cookies. Wir tun dies, um Ihnen die Nutzung unserer Website zu erleichtern. Dazu geh\u00f6ren Dinge wie das Behalten von Produkten in Ihrem Warenkorb oder das Merken Ihrer Anmeldedaten w\u00e4hrend Ihres Besuchs.<\/p><p>Durch analytische Cookies k\u00f6nnen wir sehen, welche Seiten besucht werden und welche Bereiche unserer Website Klicks erhalten. Zu diesem Zweck nutzen wir Google Analytics. Die auf diese Weise von Google erfassten Informationen werden weitestgehend anonymisiert.<\/p><p>\u00a0<\/p><h4>Ihre Zustimmung<\/h4><p>Durch die Nutzung unserer Website stimmen Sie unserer Datenschutzerkl\u00e4rung zu.<\/p>\t\t\t\t\t\t<\/div>\n\t\t\t\t<\/div>\n\t\t\t\t<\/div>\n\t\t\t\t\t<\/div>\n\t\t\t\t<\/div>\n\t\t\t\t\t\t\t<\/div>","protected":false},"excerpt":{"rendered":"<p>Privacy Policy Collection and use of personal data belonging to customers, suppliers and other contractors We would like to draw your attention to the fact that we will collect and use the personal data you provide to us because this is necessary to conclude with you and perform a possible agreement. This applies to both [&hellip;]<\/p>","protected":false},"author":1,"featured_media":0,"parent":0,"menu_order":0,"comment_status":"closed","ping_status":"closed","template":"","meta":{"footnotes":""},"yoast_head":"<!-- This site is optimized with the Yoast SEO Premium plugin v23.6 (Yoast SEO v23.6) - https:\/\/yoast.com\/wordpress\/plugins\/seo\/ -->\n<title>Privacy Policy - Metal Industrial, Industrial Blade Manufacturer, Cutting Knives and blades, Machine Knives and blades supplier, Custom Blades solution<\/title>\n<meta name=\"robots\" content=\"index, follow, max-snippet:-1, max-image-preview:large, max-video-preview:-1\" \/>\n<link rel=\"canonical\" href=\"https:\/\/maxtormetal.com\/de\/privacy-policy\/\" \/>\n<meta property=\"og:locale\" content=\"de_DE\" \/>\n<meta property=\"og:type\" content=\"article\" \/>\n<meta property=\"og:title\" content=\"Privacy Policy\" \/>\n<meta property=\"og:description\" content=\"Privacy Policy Collection and use of personal data belonging to customers, suppliers and other contractors We would like to draw your attention to the fact that we will collect and use the personal data you provide to us because this is necessary to conclude with you and perform a possible agreement. This applies to both [&hellip;]\" \/>\n<meta property=\"og:url\" content=\"https:\/\/maxtormetal.com\/de\/privacy-policy\/\" \/>\n<meta property=\"og:site_name\" content=\"Metal Industrial, Industrial Blade Manufacturer, Cutting Knives and blades, Machine Knives and blades supplier, Custom Blades solution\" \/>\n<meta property=\"article:publisher\" content=\"https:\/\/www.facebook.com\/mengli.tang.3\" \/>\n<meta property=\"article:modified_time\" content=\"2023-09-15T03:51:15+00:00\" \/>\n<meta property=\"og:image\" content=\"https:\/\/maxtormetal.com\/wp-content\/uploads\/2023\/08\/logo-\u526f\u672c-\u526f\u672c.png\" \/>\n\t<meta property=\"og:image:width\" content=\"730\" \/>\n\t<meta property=\"og:image:height\" content=\"477\" \/>\n\t<meta property=\"og:image:type\" content=\"image\/png\" \/>\n<meta name=\"twitter:card\" content=\"summary_large_image\" \/>\n<meta name=\"twitter:site\" content=\"@MengliT13570\" \/>\n<script type=\"application\/ld+json\" class=\"yoast-schema-graph\">{\"@context\":\"https:\/\/schema.org\",\"@graph\":[{\"@type\":[\"Article\",\"BlogPosting\"],\"@id\":\"https:\/\/maxtormetal.com\/es\/privacy-policy\/#article\",\"isPartOf\":{\"@id\":\"https:\/\/maxtormetal.com\/es\/privacy-policy\/\"},\"author\":{\"name\":\"Tommy\",\"@id\":\"https:\/\/maxtormetal.com\/fr\/#\/schema\/person\/94f8f44e6d04f5d162dc94aeca3da13a\"},\"headline\":\"Privacy Policy\",\"datePublished\":\"2023-09-15T03:29:21+00:00\",\"dateModified\":\"2023-09-15T03:51:15+00:00\",\"mainEntityOfPage\":{\"@id\":\"https:\/\/maxtormetal.com\/es\/privacy-policy\/\"},\"wordCount\":974,\"publisher\":{\"@id\":\"https:\/\/maxtormetal.com\/fr\/#organization\"},\"inLanguage\":\"de\"},{\"@type\":\"WebPage\",\"@id\":\"https:\/\/maxtormetal.com\/es\/privacy-policy\/\",\"url\":\"https:\/\/maxtormetal.com\/es\/privacy-policy\/\",\"name\":\"Privacy Policy - Metal Industrial, Industrial Blade Manufacturer, Cutting Knives and blades, Machine Knives and blades supplier, Custom Blades solution\",\"isPartOf\":{\"@id\":\"https:\/\/maxtormetal.com\/fr\/#website\"},\"datePublished\":\"2023-09-15T03:29:21+00:00\",\"dateModified\":\"2023-09-15T03:51:15+00:00\",\"breadcrumb\":{\"@id\":\"https:\/\/maxtormetal.com\/es\/privacy-policy\/#breadcrumb\"},\"inLanguage\":\"de\",\"potentialAction\":[{\"@type\":\"ReadAction\",\"target\":[\"https:\/\/maxtormetal.com\/es\/privacy-policy\/\"]}]},{\"@type\":\"BreadcrumbList\",\"@id\":\"https:\/\/maxtormetal.com\/es\/privacy-policy\/#breadcrumb\",\"itemListElement\":[{\"@type\":\"ListItem\",\"position\":1,\"name\":\"Home\",\"item\":\"https:\/\/maxtormetal.com\/\"},{\"@type\":\"ListItem\",\"position\":2,\"name\":\"Privacy Policy\"}]},{\"@type\":\"WebSite\",\"@id\":\"https:\/\/maxtormetal.com\/fr\/#website\",\"url\":\"https:\/\/maxtormetal.com\/fr\/\",\"name\":\"Metal Industrial, Industrial Blade Manufacturer, Cutting Knives and blades, Machine Knives and blades supplier, Custom Blades solution\",\"description\":\"Mechanical blades and knives supplier for all machines made by China\",\"publisher\":{\"@id\":\"https:\/\/maxtormetal.com\/fr\/#organization\"},\"potentialAction\":[{\"@type\":\"SearchAction\",\"target\":{\"@type\":\"EntryPoint\",\"urlTemplate\":\"https:\/\/maxtormetal.com\/fr\/?s={search_term_string}\"},\"query-input\":{\"@type\":\"PropertyValueSpecification\",\"valueRequired\":true,\"valueName\":\"search_term_string\"}}],\"inLanguage\":\"de\"},{\"@type\":[\"Organization\",\"Place\"],\"@id\":\"https:\/\/maxtormetal.com\/fr\/#organization\",\"name\":\"Nanjing Metal Industrial CO., Limited\",\"alternateName\":\"Metal Industrial\",\"url\":\"https:\/\/maxtormetal.com\/fr\/\",\"logo\":{\"@id\":\"https:\/\/maxtormetal.com\/es\/privacy-policy\/#local-main-organization-logo\"},\"image\":{\"@id\":\"https:\/\/maxtormetal.com\/es\/privacy-policy\/#local-main-organization-logo\"},\"sameAs\":[\"https:\/\/www.facebook.com\/mengli.tang.3\",\"https:\/\/x.com\/MengliT13570\",\"https:\/\/www.linkedin.com\/in\/metalindustrial\/\"],\"description\":\"NanjingMetal is specialized in manufacturing and supplying industrial blades and knives, and its main business is to provide customers with customized industrial blades to meet their specific needs. With an experienced design and production team, we utilize the supply chain advantage in China to provide customers with competitive high quality industrial blades and knives.\",\"legalName\":\"Nanjing Metal Industrial CO., Limited\",\"foundingDate\":\"2006-02-18\",\"numberOfEmployees\":{\"@type\":\"QuantitativeValue\",\"minValue\":\"11\",\"maxValue\":\"50\"},\"telephone\":[],\"openingHoursSpecification\":[{\"@type\":\"OpeningHoursSpecification\",\"dayOfWeek\":[\"Monday\",\"Tuesday\",\"Wednesday\",\"Thursday\",\"Friday\",\"Saturday\",\"Sunday\"],\"opens\":\"09:00\",\"closes\":\"17:00\"}]},{\"@type\":\"Person\",\"@id\":\"https:\/\/maxtormetal.com\/fr\/#\/schema\/person\/94f8f44e6d04f5d162dc94aeca3da13a\",\"name\":\"Tommy\",\"image\":{\"@type\":\"ImageObject\",\"inLanguage\":\"de\",\"@id\":\"https:\/\/maxtormetal.com\/fr\/#\/schema\/person\/image\/\",\"url\":\"https:\/\/maxtormetal.com\/wp-content\/uploads\/2023\/08\/cropped-logo-\u526f\u672c-\u526f\u672c-1.png\",\"contentUrl\":\"https:\/\/maxtormetal.com\/wp-content\/uploads\/2023\/08\/cropped-logo-\u526f\u672c-\u526f\u672c-1.png\",\"caption\":\"Tommy\"},\"description\":\"With over 13 years of experience in industrial blade manufacturing, production management, and process optimization. Whether it's customized solutions or technical support, I am committed to delivering top-tier service. If you require mechanical blade solutions and a reliable partner, I am your ideal choice. Feel free to reach out anytime\u2014let's collaborate to elevate your business to new heights.\",\"sameAs\":[\"http:\/\/maxtormetal.com\",\"https:\/\/www.facebook.com\/mengli.tang.3\",\"https:\/\/www.linkedin.com\/in\/metalindustrial\/\",\"https:\/\/www.youtube.com\/@Metal-Tommy\"],\"url\":\"https:\/\/maxtormetal.com\/de\/author\/maxtormetal-com\/\"},{\"@type\":\"ImageObject\",\"inLanguage\":\"de\",\"@id\":\"https:\/\/maxtormetal.com\/es\/privacy-policy\/#local-main-organization-logo\",\"url\":\"https:\/\/maxtormetal.com\/wp-content\/uploads\/2023\/08\/cropped-cropped-logo-\u526f\u672c-\u526f\u672c-e1693303172756-1.png\",\"contentUrl\":\"https:\/\/maxtormetal.com\/wp-content\/uploads\/2023\/08\/cropped-cropped-logo-\u526f\u672c-\u526f\u672c-e1693303172756-1.png\",\"width\":441,\"height\":132,\"caption\":\"Nanjing Metal Industrial CO., Limited\"}]}<\/script>\n<!-- \/ Yoast SEO Premium plugin. -->","yoast_head_json":{"title":"Privacy Policy - Metal Industrial, Industrial Blade Manufacturer, Cutting Knives and blades, Machine Knives and blades supplier, Custom Blades solution","robots":{"index":"index","follow":"follow","max-snippet":"max-snippet:-1","max-image-preview":"max-image-preview:large","max-video-preview":"max-video-preview:-1"},"canonical":"https:\/\/maxtormetal.com\/de\/privacy-policy\/","og_locale":"de_DE","og_type":"article","og_title":"Privacy Policy","og_description":"Privacy Policy Collection and use of personal data belonging to customers, suppliers and other contractors We would like to draw your attention to the fact that we will collect and use the personal data you provide to us because this is necessary to conclude with you and perform a possible agreement. This applies to both [&hellip;]","og_url":"https:\/\/maxtormetal.com\/de\/privacy-policy\/","og_site_name":"Metal Industrial, Industrial Blade Manufacturer, Cutting Knives and blades, Machine Knives and blades supplier, Custom Blades solution","article_publisher":"https:\/\/www.facebook.com\/mengli.tang.3","article_modified_time":"2023-09-15T03:51:15+00:00","og_image":[{"width":730,"height":477,"url":"https:\/\/maxtormetal.com\/wp-content\/uploads\/2023\/08\/logo-\u526f\u672c-\u526f\u672c.png","type":"image\/png"}],"twitter_card":"summary_large_image","twitter_site":"@MengliT13570","schema":{"@context":"https:\/\/schema.org","@graph":[{"@type":["Article","BlogPosting"],"@id":"https:\/\/maxtormetal.com\/es\/privacy-policy\/#article","isPartOf":{"@id":"https:\/\/maxtormetal.com\/es\/privacy-policy\/"},"author":{"name":"Tommy","@id":"https:\/\/maxtormetal.com\/fr\/#\/schema\/person\/94f8f44e6d04f5d162dc94aeca3da13a"},"headline":"Privacy Policy","datePublished":"2023-09-15T03:29:21+00:00","dateModified":"2023-09-15T03:51:15+00:00","mainEntityOfPage":{"@id":"https:\/\/maxtormetal.com\/es\/privacy-policy\/"},"wordCount":974,"publisher":{"@id":"https:\/\/maxtormetal.com\/fr\/#organization"},"inLanguage":"de"},{"@type":"WebPage","@id":"https:\/\/maxtormetal.com\/es\/privacy-policy\/","url":"https:\/\/maxtormetal.com\/es\/privacy-policy\/","name":"Privacy Policy - Metal Industrial, Industrial Blade Manufacturer, Cutting Knives and blades, Machine Knives and blades supplier, Custom Blades solution","isPartOf":{"@id":"https:\/\/maxtormetal.com\/fr\/#website"},"datePublished":"2023-09-15T03:29:21+00:00","dateModified":"2023-09-15T03:51:15+00:00","breadcrumb":{"@id":"https:\/\/maxtormetal.com\/es\/privacy-policy\/#breadcrumb"},"inLanguage":"de","potentialAction":[{"@type":"ReadAction","target":["https:\/\/maxtormetal.com\/es\/privacy-policy\/"]}]},{"@type":"BreadcrumbList","@id":"https:\/\/maxtormetal.com\/es\/privacy-policy\/#breadcrumb","itemListElement":[{"@type":"ListItem","position":1,"name":"Home","item":"https:\/\/maxtormetal.com\/"},{"@type":"ListItem","position":2,"name":"Privacy Policy"}]},{"@type":"WebSite","@id":"https:\/\/maxtormetal.com\/fr\/#website","url":"https:\/\/maxtormetal.com\/fr\/","name":"Metal Industrial, Industrial Blade Manufacturer, Cutting Knives and blades, Machine Knives and blades supplier, Custom Blades solution","description":"Mechanical blades and knives supplier for all machines made by China","publisher":{"@id":"https:\/\/maxtormetal.com\/fr\/#organization"},"potentialAction":[{"@type":"SearchAction","target":{"@type":"EntryPoint","urlTemplate":"https:\/\/maxtormetal.com\/fr\/?s={search_term_string}"},"query-input":{"@type":"PropertyValueSpecification","valueRequired":true,"valueName":"search_term_string"}}],"inLanguage":"de"},{"@type":["Organization","Place"],"@id":"https:\/\/maxtormetal.com\/fr\/#organization","name":"Nanjing Metal Industrial CO., Limited","alternateName":"Metal Industrial","url":"https:\/\/maxtormetal.com\/fr\/","logo":{"@id":"https:\/\/maxtormetal.com\/es\/privacy-policy\/#local-main-organization-logo"},"image":{"@id":"https:\/\/maxtormetal.com\/es\/privacy-policy\/#local-main-organization-logo"},"sameAs":["https:\/\/www.facebook.com\/mengli.tang.3","https:\/\/x.com\/MengliT13570","https:\/\/www.linkedin.com\/in\/metalindustrial\/"],"description":"NanjingMetal is specialized in manufacturing and supplying industrial blades and knives, and its main business is to provide customers with customized industrial blades to meet their specific needs. With an experienced design and production team, we utilize the supply chain advantage in China to provide customers with competitive high quality industrial blades and knives.","legalName":"Nanjing Metal Industrial CO., Limited","foundingDate":"2006-02-18","numberOfEmployees":{"@type":"QuantitativeValue","minValue":"11","maxValue":"50"},"telephone":[],"openingHoursSpecification":[{"@type":"OpeningHoursSpecification","dayOfWeek":["Monday","Tuesday","Wednesday","Thursday","Friday","Saturday","Sunday"],"opens":"09:00","closes":"17:00"}]},{"@type":"Person","@id":"https:\/\/maxtormetal.com\/fr\/#\/schema\/person\/94f8f44e6d04f5d162dc94aeca3da13a","name":"Tommy","image":{"@type":"ImageObject","inLanguage":"de","@id":"https:\/\/maxtormetal.com\/fr\/#\/schema\/person\/image\/","url":"https:\/\/maxtormetal.com\/wp-content\/uploads\/2023\/08\/cropped-logo-\u526f\u672c-\u526f\u672c-1.png","contentUrl":"https:\/\/maxtormetal.com\/wp-content\/uploads\/2023\/08\/cropped-logo-\u526f\u672c-\u526f\u672c-1.png","caption":"Tommy"},"description":"With over 13 years of experience in industrial blade manufacturing, production management, and process optimization. Whether it's customized solutions or technical support, I am committed to delivering top-tier service. If you require mechanical blade solutions and a reliable partner, I am your ideal choice. Feel free to reach out anytime\u2014let's collaborate to elevate your business to new heights.","sameAs":["http:\/\/maxtormetal.com","https:\/\/www.facebook.com\/mengli.tang.3","https:\/\/www.linkedin.com\/in\/metalindustrial\/","https:\/\/www.youtube.com\/@Metal-Tommy"],"url":"https:\/\/maxtormetal.com\/de\/author\/maxtormetal-com\/"},{"@type":"ImageObject","inLanguage":"de","@id":"https:\/\/maxtormetal.com\/es\/privacy-policy\/#local-main-organization-logo","url":"https:\/\/maxtormetal.com\/wp-content\/uploads\/2023\/08\/cropped-cropped-logo-\u526f\u672c-\u526f\u672c-e1693303172756-1.png","contentUrl":"https:\/\/maxtormetal.com\/wp-content\/uploads\/2023\/08\/cropped-cropped-logo-\u526f\u672c-\u526f\u672c-e1693303172756-1.png","width":441,"height":132,"caption":"Nanjing Metal Industrial CO., Limited"}]}},"_links":{"self":[{"href":"https:\/\/maxtormetal.com\/de\/wp-json\/wp\/v2\/pages\/2813"}],"collection":[{"href":"https:\/\/maxtormetal.com\/de\/wp-json\/wp\/v2\/pages"}],"about":[{"href":"https:\/\/maxtormetal.com\/de\/wp-json\/wp\/v2\/types\/page"}],"author":[{"embeddable":true,"href":"https:\/\/maxtormetal.com\/de\/wp-json\/wp\/v2\/users\/1"}],"replies":[{"embeddable":true,"href":"https:\/\/maxtormetal.com\/de\/wp-json\/wp\/v2\/comments?post=2813"}],"version-history":[{"count":0,"href":"https:\/\/maxtormetal.com\/de\/wp-json\/wp\/v2\/pages\/2813\/revisions"}],"wp:attachment":[{"href":"https:\/\/maxtormetal.com\/de\/wp-json\/wp\/v2\/media?parent=2813"}],"curies":[{"name":"wp","href":"https:\/\/api.w.org\/{rel}","templated":true}]}}