{"id":2989,"date":"2023-10-05T21:59:28","date_gmt":"2023-10-05T13:59:28","guid":{"rendered":"https:\/\/maxtormetal.com\/?post_type=product&#038;p=2989"},"modified":"2025-05-07T11:18:58","modified_gmt":"2025-05-07T03:18:58","slug":"papier-schneidemesser-rund","status":"publish","type":"product","link":"https:\/\/maxtormetal.com\/de\/produkt\/papier-schneidemesser-rund\/","title":{"rendered":"Rundmesser f\u00fcr Papierschneidemaschinen"},"content":{"rendered":"<h2 data-sourcepos=\"1:1-1:44\">Was bedeutet \u201eRundmesser f\u00fcr Papierschneider\u201c?<\/h2>\r\n<p data-sourcepos=\"3:1-3:480\">Ein Rundmesser f\u00fcr Papierschneider, auch als rotierende Papierschneideklinge oder Kreisschneideklinge f\u00fcr Papier bekannt, ist ein kreisf\u00f6rmiges Schneidwerkzeug, das speziell zum Schneiden breiter Papierrollen in schmalere Breiten entwickelt wurde. Diese Messer sind ein wichtiger Bestandteil von Schneidemaschinen in der Papierverarbeitung, Druck- und Verpackungsindustrie. Der Begriff \u201eRundmesser f\u00fcr Papierschneider\u201c weist deutlich auf seine runde Form und seine prim\u00e4re Anwendung beim Schneiden von Papiermaterialien hin.<\/p>\r\n<h2 data-sourcepos=\"5:1-5:54\">Einsatz und Anwendung von Rundmessern f\u00fcr Papierschneider<\/h2>\r\n<p data-sourcepos=\"7:1-7:143\">Rundmesser f\u00fcr Papierschneider sind f\u00fcr die Verarbeitung von Papier in verschiedenen Formen und f\u00fcr unterschiedliche Endanwendungen unerl\u00e4sslich. Am h\u00e4ufigsten wird das Rundmesser f\u00fcr Toilettenpapier mit einem Durchmesser von 610 mm verwendet. Zu den Hauptanwendungen geh\u00f6ren:<\/p>\r\n<ul data-sourcepos=\"9:1-16:0\">\r\n<li data-sourcepos=\"9:1-9:130\"><strong>Papierfabriken:<\/strong> Schneiden gro\u00dfer Papierrollen in kleinere, handlichere Breiten zur Weiterverarbeitung oder Verteilung.<\/li>\r\n<li data-sourcepos=\"10:1-10:131\"><strong>Druckindustrie:<\/strong> Schneiden Sie breite Bahnen bedruckten Papiers in die erforderliche Breite f\u00fcr Binde-, Falt- oder Endbearbeitungsprozesse.<\/li>\r\n<li data-sourcepos=\"11:1-11:124\"><strong>Papierverarbeitung:<\/strong> Schneiden von Papierrollen zur Herstellung von Umschl\u00e4gen, Etiketten, Klebeb\u00e4ndern, Toilettenpapier und anderen Produkten auf Papierbasis.<\/li>\r\n<li data-sourcepos=\"12:1-12:155\"><strong>Verpackungsindustrie:<\/strong> Schneiden von Karton, Linerboard und anderen Verpackungsmaterialien auf Papierbasis in bestimmte Breiten f\u00fcr die Karton- und Schachtelherstellung.<\/li>\r\n<li data-sourcepos=\"13:1-13:119\"><strong>Herstellung von Tissue- und Handt\u00fcchern:<\/strong> Schneiden Sie breite Rollen aus Tissue- und Handtuchpapier in schmalere Rollen in Verbrauchergr\u00f6\u00dfe.<\/li>\r\n<li data-sourcepos=\"14:1-14:101\"><strong>Etikettenmaterialverarbeitung:<\/strong> Schneiden Sie breite Rollen selbstklebenden Papiers in schmalere Etikettenrollen.<\/li>\r\n<li data-sourcepos=\"15:1-16:0\"><strong>Verarbeitung von Sicherheitspapieren:<\/strong> Pr\u00e4zises Schneiden von Sicherheitspapieren f\u00fcr Dokumente und Bargeld.<\/li>\r\n<\/ul>\r\n<h2 data-sourcepos=\"17:1-17:50\">G\u00e4ngige Materialien f\u00fcr Rundmesser zum Schneiden von Papier<\/h2>\r\n<p data-sourcepos=\"19:1-19:200\">Die f\u00fcr Rundmesser von Papierschneidern verwendeten Materialien werden aufgrund ihrer Sch\u00e4rfe, Verschlei\u00dffestigkeit und F\u00e4higkeit ausgew\u00e4hlt, saubere Schnitte ohne Rei\u00dfen oder Staubentwicklung zu erm\u00f6glichen. G\u00e4ngige Materialien sind:<\/p>\r\n<ul data-sourcepos=\"21:1-25:0\">\r\n<li data-sourcepos=\"21:1-21:124\"><strong>Kohlenstoffstahl:<\/strong> Geeignet f\u00fcr weniger anspruchsvolle Anwendungen und zum Schneiden weicherer Papiersorten. Bietet eine gute Anfangssch\u00e4rfe.<\/li>\r\n<li data-sourcepos=\"22:1-22:226\"><strong>Schnellarbeitsstahl (HSS)<\/strong> Bietet eine verbesserte Verschlei\u00dffestigkeit und beh\u00e4lt im Vergleich zu Kohlenstoffstahl l\u00e4nger eine sch\u00e4rfere Schneide. Geeignet f\u00fcr h\u00f6here Volumina und einige beschichtete Papiere. H\u00e4ufig werden G\u00fcten wie M2 verwendet.<\/li>\r\n<li data-sourcepos=\"23:1-23:262\"><strong>Legierter Werkzeugstahl (z. B. D2, A2):<\/strong> Bietet ein ausgewogenes Verh\u00e4ltnis von H\u00e4rte, Z\u00e4higkeit und Verschlei\u00dffestigkeit, ideal zum Schneiden von dickerem Karton und Schleifpapier und f\u00fcr saubere Schnitte mit minimaler Staubentwicklung. D2-Stahl wird besonders wegen seiner Verschlei\u00dffestigkeit gesch\u00e4tzt.<\/li>\r\n<li data-sourcepos=\"24:1-25:0\"><strong>Wolframkarbid:<\/strong> Bietet au\u00dfergew\u00f6hnliche H\u00e4rte und Verschlei\u00dffestigkeit, entscheidend f\u00fcr das Hochgeschwindigkeitsschneiden von Schleifpapier und beschichteten Materialien sowie f\u00fcr eine sehr lange Klingenlebensdauer und gleichbleibende Schnittqualit\u00e4t. Kann als Vollhartmetallklinge oder als hartmetallbest\u00fcckte Wendeschneidplatte verwendet werden.<\/li>\r\n<\/ul>\r\n<p data-sourcepos=\"26:1-26:350\">Die Klingen sind pr\u00e4zisionsgeschliffen, um eine rasiermesserscharfe Schneide mit speziellen, f\u00fcr das Papierschneiden optimierten Abschr\u00e4gungswinkeln zu erzielen. Beschichtungen wie Chrom oder Titannitrid (TiN) k\u00f6nnen aufgetragen werden, um die Oberfl\u00e4chenh\u00e4rte zu erh\u00f6hen, die Reibung zu verringern und die Verschlei\u00df- und Korrosionsbest\u00e4ndigkeit zu verbessern, insbesondere bei der Verarbeitung von abrasivem oder chemisch behandeltem Papier.<\/p>\r\n<h2 data-sourcepos=\"28:1-28:42\">G\u00e4ngige Rundmesserformen f\u00fcr Papierschneider<\/h2>\r\n<p data-sourcepos=\"30:1-30:190\">Runde Messer f\u00fcr Papierschneidemaschinen sind in erster Linie kreisf\u00f6rmig, sind jedoch in verschiedenen Kantenkonfigurationen und -st\u00e4rken erh\u00e4ltlich, um die Schneidleistung f\u00fcr unterschiedliche Papiersorten und Schneidemethoden zu optimieren:<\/p>\r\n<ul data-sourcepos=\"32:1-38:0\">\r\n<li data-sourcepos=\"32:1-32:202\"><strong>Massive Scheibenmesser:<\/strong> Einteilige Kreiss\u00e4gebl\u00e4tter mit gesch\u00e4rfter Au\u00dfenkante. Die Kante kann je nach Schneidmethode (Scherschnitt oder Ritzschnitt) ein- oder zweif\u00e4dig sein oder einen Radius aufweisen.<\/li>\r\n<li data-sourcepos=\"33:1-33:200\"><strong>Eingesetzte Klingenmesser:<\/strong> Auswechselbare Schneideins\u00e4tze aus h\u00e4rteren Materialien wie Hartmetall, montiert auf einem Stahlk\u00f6rper. Dies erm\u00f6glicht einen kosteng\u00fcnstigen Austausch der verschlei\u00dfenden Schneidkante.<\/li>\r\n<li data-sourcepos=\"34:1-34:198\"><strong>Scherenschnittmesser:<\/strong> Werden paarweise verwendet, mit \u00fcberlappenden, scharfen Kanten, die einen sauberen, scherenartigen Schnitt erzeugen. Pr\u00e4zise Seitenkraft und \u00dcberlappung sind entscheidend f\u00fcr das saubere Schneiden unterschiedlicher Papierst\u00e4rken.<\/li>\r\n<li data-sourcepos=\"35:1-35:212\"><strong>Kerbschnittmesser (Quetschschnittmesser):<\/strong> Diese Messer werden mit einer passenden Ambosswalze verwendet und haben eine abgerundete oder profilierte Kante, die eine Kerbe oder Quetschung erzeugt, um die Papierbahn zu trennen. Geeignet f\u00fcr d\u00fcnnere Papiersorten.<\/li>\r\n<li data-sourcepos=\"36:1-36:140\"><strong>Rasiermesser-Schlitzmesser:<\/strong> Sehr d\u00fcnne, extrem scharfe Kreisklingen zum pr\u00e4zisen Schneiden d\u00fcnner Papiere und Folien bei hoher Geschwindigkeit.<\/li>\r\n<li data-sourcepos=\"37:1-38:0\"><strong>Gew\u00f6lbte Messer:<\/strong> Kreisf\u00f6rmige Klingen mit konkavem oder konvexem Profil werden h\u00e4ufig verwendet, um die Bahnspannung zu kontrollieren und saubere Schnitte zu gew\u00e4hrleisten, insbesondere bei breiteren Bahnen.<\/li>\r\n<\/ul>\r\n<p data-sourcepos=\"39:1-39:706\">Das Funktionsprinzip von Rundmessern f\u00fcr Papierschneider besteht in einer Drehbewegung in Kombination mit kontrolliertem Druck, um die laufende Papierbahn zu scheren oder zu ritzen. Beim Scherschneiden erzeugen zwei scharfe, \u00fcberlappende Klingen einen sauberen Schnitt. Beim Ritzschneiden dr\u00fcckt eine stumpfere, abgerundete Klinge das Papier gegen eine Ambosswalze und bewirkt so eine Trennung entlang der Ritzlinie. Sch\u00e4rfe und Geometrie der Schneide, Rotationsgeschwindigkeit, Bahnspannung und die jeweilige Schneidmethode beeinflussen ma\u00dfgeblich die Qualit\u00e4t und Effizienz des Papierschneideprozesses. Die richtige Einrichtung und Wartung der Rundmesser f\u00fcr Papierschneider sind entscheidend, um Papierstaub zu minimieren, saubere Schnitte zu gew\u00e4hrleisten und die Lebensdauer der Klinge zu maximieren.<\/p>\r\n<p>\" <em><span style=\"color: #ff9900;\"><strong><a style=\"color: #ff9900;\" href=\"https:\/\/maxtormetal.com\/de\/contact\/\" target=\"_blank\" rel=\"noopener\">Gerne k\u00f6nnen Sie uns eine Anfrage senden!<\/a><\/strong><\/span><\/em><\/p>\r\n<p>Sollten Sie die gew\u00fcnschte Klinge nicht finden, k\u00f6nnen wir sie auch individuell anpassen. Siehe unsere \u201e<a href=\"https:\/\/maxtormetal.com\/de\/custom-blades\/\"><span style=\"color: #ff9900;\"><em><strong>Kundenspezifische Klingen<\/strong><\/em><\/span><\/a>\u201c!<\/p>\r\n<h4><span style=\"color: #ff9900;\"><a style=\"color: #ff9900;\" href=\"https:\/\/maxtormetal.com\/de\/brochures\/\" target=\"_blank\" rel=\"noopener\"><strong><em>Brosch\u00fcren \u00f6ffnen<\/em><\/strong><\/a><\/span><\/h4>\r\n<hr \/>\r\n<h2>Warum METAL w\u00e4hlen?<\/h2>\r\n<ol>\r\n<li><strong> Ein zentraler, problemloser Importservice<\/strong><\/li>\r\n<\/ol>\r\n<p>Genie\u00dfen Sie den Komfort eines nahtlosen Imports. Vom Transport bis zur Zollabwicklung \u00fcbernehmen wir den gesamten Prozess. Sie m\u00fcssen lediglich die Mehrwertsteuer entrichten und auf die Ankunft Ihrer Waren warten.<\/p>\r\n<ol start=\"2\">\r\n<li><strong> Wettbewerbsf\u00e4hige Preise<\/strong><\/li>\r\n<\/ol>\r\n<p>Wir haben unsere Klingen in unz\u00e4hligen Anwendungen bewiesen und sind bereit f\u00fcr jedes Projekt, das Sie uns vorstellen. Erwarten Sie Genauigkeit, Langlebigkeit und un\u00fcbertroffen wettbewerbsf\u00e4hige Preise.<\/p>\r\n<ol start=\"3\">\r\n<li><strong> ODM &amp; OEM verf\u00fcgbar<\/strong><\/li>\r\n<\/ol>\r\n<p>Ob Sie Zeichnungen, Skizzen oder Muster bereitstellen, wir k\u00f6nnen f\u00fcr Sie entwerfen und fertigen. Wir haben auch die F\u00e4higkeit, bei der Modifizierung bestehender Designs und Spezifikationen zu helfen, um nahezu jede industrielle Werkzeuganwendung zu verbessern. Bitte kontaktieren Sie unser engagiertes Vertriebsteam, um Ihre spezifischen Anforderungen zu besprechen.<\/p>\r\n<ol start=\"4\">\r\n<li><strong> Strenge Qualit\u00e4tskontrolle<\/strong><\/li>\r\n<\/ol>\r\n<p>Eine Reihe von Tests und Inspektionen werden zur Qualit\u00e4tskontrolle durchgef\u00fchrt, darunter die Erstmusterpr\u00fcfung, die Wareneingangspr\u00fcfung und Materialzertifizierung, die In-Prozess-Qualit\u00e4tspr\u00fcfung und die Endqualit\u00e4tspr\u00fcfung.<\/p>\r\n<ol start=\"5\">\r\n<li><strong> Flexible Beschaffung, uneingeschr\u00e4nkte Zusammenarbeit<\/strong><\/li>\r\n<\/ol>\r\n<p>Ob Sie ein Importeur, Distributor, Gro\u00dfh\u00e4ndler oder Endverbraucher sind, wir hei\u00dfen Sie herzlich willkommen. Profitieren Sie von minimalen Mindestbestellmengen (MOQs), problemlosen Anfragen und gr\u00f6\u00dferer Einkaufsfreiheit.<\/p>\r\n<ol start=\"6\">\r\n<li><strong> Echtzeit-Berichte zum Produktionsfortschritt<\/strong><\/li>\r\n<\/ol>\r\n<p>Betrachten Sie uns als Ihren exklusiven Monitor. Wir werden Ihnen regelm\u00e4\u00dfig Updates zu jedem wichtigen Knotenpunkt Ihrer Produktionslinie liefern. Egal wie weit entfernt, Sie erhalten Echtzeit-Einblicke in den Fortschritt Ihres Produkts.<\/p>\r\n<hr \/>\r\n<p><iframe loading=\"lazy\" title=\"Klinge f\u00fcr Toilettenpapier 610mm S\u00e4geblatt f\u00fcr Klopapierrollen Schneiden Rundmesser\" width=\"800\" height=\"600\" src=\"https:\/\/www.youtube.com\/embed\/Y9Nd2F8Vi7s?feature=oembed&#038;enablejsapi=1&#038;origin=https:\/\/maxtormetal.com\" frameborder=\"0\" allow=\"accelerometer; autoplay; clipboard-write; encrypted-media; gyroscope; picture-in-picture; web-share\" referrerpolicy=\"strict-origin-when-cross-origin\" allowfullscreen><\/iframe><\/p>\r\n<hr \/>\r\n<h2>Verwandte Blogs:<\/h2>\r\n<ol>\r\n<li><em><strong><a class=\"sc-jTVQyt bhIRUc\" href=\"https:\/\/maxtormetal.com\/de\/round-slitter-blade-wear-issues-repair-solutions\/\" target=\"_blank\" rel=\"noopener\">H\u00e4ufige Verschlei\u00dfprobleme bei Rundschneideklingen und wirksame Reparaturl\u00f6sungen: Maximieren Sie die Lebensdauer und Leistung der Klinge<\/a><\/strong><\/em><\/li>\r\n<\/ol>\r\n<p>2. <em><strong><a class=\"sc-jTVQyt bhIRUc\" href=\"https:\/\/maxtormetal.com\/de\/how-to-extend-slitter-blade-durability\/\" target=\"_blank\" rel=\"noopener\">Maximieren Sie die Haltbarkeit Ihrer Schneidklingen: Wichtige Tipps f\u00fcr l\u00e4ngere Leistung und Effizienz<\/a><\/strong><\/em><\/p>","protected":false},"excerpt":{"rendered":"<p>Was versteht man unter einem Rundmesser f\u00fcr Papierschneidemaschinen? Ein Rundmesser f\u00fcr Papierschneidemaschinen, auch bekannt als Rotationsmesser oder Kreisschneidemesser f\u00fcr Papier, ist ein kreisf\u00f6rmiges Schneidwerkzeug, das speziell zum Schneiden breiter Papierrollen in schmalere Streifen entwickelt wurde. Diese Messer sind ein wichtiger Bestandteil von Schneidemaschinen, die in der Papierindustrie eingesetzt werden.<\/p>","protected":false},"featured_media":2992,"template":"","meta":[],"product_cat":[107,99],"product_tag":[393,440],"yoast_head":"<!-- This site is optimized with the Yoast SEO Premium plugin v23.6 (Yoast SEO v23.6) - https:\/\/yoast.com\/wordpress\/plugins\/seo\/ -->\n<title>Paper slitter round knife<\/title>\n<meta name=\"description\" content=\"Explore our high-quality paper slitter round knives and rotary paper slitting blades for efficient and precise paper converting. Find durable paper slitting knives in various materials and configurations.\" \/>\n<meta name=\"robots\" content=\"index, follow, max-snippet:-1, max-image-preview:large, max-video-preview:-1\" \/>\n<link rel=\"canonical\" href=\"https:\/\/maxtormetal.com\/de\/produkt\/papier-schneidemesser-rund\/\" \/>\n<meta property=\"og:locale\" content=\"de_DE\" \/>\n<meta property=\"og:type\" content=\"article\" \/>\n<meta property=\"og:title\" content=\"Paper slitter round knife\" \/>\n<meta property=\"og:description\" content=\"Explore our high-quality paper slitter round knives and rotary paper slitting blades for efficient and precise paper converting. Find durable paper slitting knives in various materials and configurations.\" \/>\n<meta property=\"og:url\" content=\"https:\/\/maxtormetal.com\/de\/produkt\/papier-schneidemesser-rund\/\" \/>\n<meta property=\"og:site_name\" content=\"Maxtor Metal | Custom Industrial Blade Manufacturer &amp; Supplier\" \/>\n<meta property=\"article:publisher\" content=\"https:\/\/www.facebook.com\/maxtormetalindustrial\" \/>\n<meta property=\"article:modified_time\" content=\"2025-05-07T03:18:58+00:00\" \/>\n<meta property=\"og:image\" content=\"https:\/\/maxtormetal.com\/wp-content\/uploads\/2023\/10\/Razor-blades-main1.jpg\" \/>\n\t<meta property=\"og:image:width\" content=\"800\" \/>\n\t<meta property=\"og:image:height\" content=\"800\" \/>\n\t<meta property=\"og:image:type\" content=\"image\/jpeg\" \/>\n<meta name=\"twitter:card\" content=\"summary_large_image\" \/>\n<script type=\"application\/ld+json\" class=\"yoast-schema-graph\">{\"@context\":\"https:\/\/schema.org\",\"@graph\":[{\"@type\":[\"WebPage\",\"ItemPage\"],\"@id\":\"https:\/\/maxtormetal.com\/product\/paper-slitter-round-knife\/\",\"url\":\"https:\/\/maxtormetal.com\/product\/paper-slitter-round-knife\/\",\"name\":\"Paper slitter round knife\",\"isPartOf\":{\"@id\":\"https:\/\/maxtormetal.com\/fr\/#website\"},\"primaryImageOfPage\":{\"@id\":\"https:\/\/maxtormetal.com\/product\/paper-slitter-round-knife\/#primaryimage\"},\"image\":{\"@id\":\"https:\/\/maxtormetal.com\/product\/paper-slitter-round-knife\/#primaryimage\"},\"thumbnailUrl\":\"https:\/\/maxtormetal.com\/wp-content\/uploads\/2023\/10\/Razor-blades-main1.jpg\",\"datePublished\":\"2023-10-05T13:59:28+00:00\",\"dateModified\":\"2025-05-07T03:18:58+00:00\",\"description\":\"Explore our high-quality paper slitter round knives and rotary paper slitting blades for efficient and precise paper converting. Find durable paper slitting knives in various materials and configurations.\",\"breadcrumb\":{\"@id\":\"https:\/\/maxtormetal.com\/product\/paper-slitter-round-knife\/#breadcrumb\"},\"inLanguage\":\"de\",\"potentialAction\":[{\"@type\":\"ReadAction\",\"target\":[\"https:\/\/maxtormetal.com\/product\/paper-slitter-round-knife\/\"]}]},{\"@type\":\"ImageObject\",\"inLanguage\":\"de\",\"@id\":\"https:\/\/maxtormetal.com\/product\/paper-slitter-round-knife\/#primaryimage\",\"url\":\"https:\/\/maxtormetal.com\/wp-content\/uploads\/2023\/10\/Razor-blades-main1.jpg\",\"contentUrl\":\"https:\/\/maxtormetal.com\/wp-content\/uploads\/2023\/10\/Razor-blades-main1.jpg\",\"width\":800,\"height\":800},{\"@type\":\"BreadcrumbList\",\"@id\":\"https:\/\/maxtormetal.com\/product\/paper-slitter-round-knife\/#breadcrumb\",\"itemListElement\":[{\"@type\":\"ListItem\",\"position\":1,\"name\":\"Home\",\"item\":\"https:\/\/maxtormetal.com\/\"},{\"@type\":\"ListItem\",\"position\":2,\"name\":\"Products\",\"item\":\"https:\/\/maxtormetal.com\/products\/\"},{\"@type\":\"ListItem\",\"position\":3,\"name\":\"Paper slitter round knife\"}]},{\"@type\":\"WebSite\",\"@id\":\"https:\/\/maxtormetal.com\/fr\/#website\",\"url\":\"https:\/\/maxtormetal.com\/fr\/\",\"name\":\"Maxtor Metal | Custom Industrial Blade Manufacturer &amp; Supplier\",\"description\":\"Mechanical blades and knives supplier for all machines made by China\",\"publisher\":{\"@id\":\"https:\/\/maxtormetal.com\/fr\/#organization\"},\"potentialAction\":[{\"@type\":\"SearchAction\",\"target\":{\"@type\":\"EntryPoint\",\"urlTemplate\":\"https:\/\/maxtormetal.com\/fr\/?s={search_term_string}\"},\"query-input\":{\"@type\":\"PropertyValueSpecification\",\"valueRequired\":true,\"valueName\":\"search_term_string\"}}],\"inLanguage\":\"de\"},{\"@type\":[\"Organization\",\"Place\"],\"@id\":\"https:\/\/maxtormetal.com\/fr\/#organization\",\"name\":\"Maxtor Metal\",\"alternateName\":\"Metal Industrial\",\"url\":\"https:\/\/maxtormetal.com\/fr\/\",\"logo\":{\"@id\":\"https:\/\/maxtormetal.com\/product\/paper-slitter-round-knife\/#local-main-organization-logo\"},\"image\":{\"@id\":\"https:\/\/maxtormetal.com\/product\/paper-slitter-round-knife\/#local-main-organization-logo\"},\"sameAs\":[\"https:\/\/www.facebook.com\/maxtormetalindustrial\",\"https:\/\/www.linkedin.com\/company\/maxtormetal\/\"],\"description\":\"Maxtor Metal (formerly known as Metal Industrial) is a custom industrial blade manufacturer based in Nanjing, China. Established in 2006 under Nanjing Metal Industrial CO., Limited, we specialize in manufacturing industrial machine blades, machine knives, and providing regrinding services for clients in over 80 countries worldwide.\",\"legalName\":\"Nanjing Metal Industrial CO., Limited\",\"foundingDate\":\"2006-02-18\",\"numberOfEmployees\":{\"@type\":\"QuantitativeValue\",\"minValue\":\"11\",\"maxValue\":\"50\"},\"address\":{\"@id\":\"https:\/\/maxtormetal.com\/product\/paper-slitter-round-knife\/#local-main-place-address\"},\"telephone\":[],\"openingHoursSpecification\":[{\"@type\":\"OpeningHoursSpecification\",\"dayOfWeek\":[\"Monday\",\"Tuesday\",\"Wednesday\",\"Thursday\",\"Friday\",\"Saturday\",\"Sunday\"],\"opens\":\"09:00\",\"closes\":\"17:00\"}],\"email\":\"sales@maxtormetal.com\",\"areaServed\":\"Worldwide\",\"globalLocationNumber\":\"+86-158-6180-3357\"},{\"@type\":\"PostalAddress\",\"@id\":\"https:\/\/maxtormetal.com\/product\/paper-slitter-round-knife\/#local-main-place-address\",\"streetAddress\":\"Mingjue Industrial Park, Lishui\",\"addressLocality\":\"Nanjing\",\"postalCode\":\"211223\",\"addressRegion\":\"Jiangsu\",\"addressCountry\":\"CN\"},{\"@type\":\"ImageObject\",\"inLanguage\":\"de\",\"@id\":\"https:\/\/maxtormetal.com\/product\/paper-slitter-round-knife\/#local-main-organization-logo\",\"url\":\"https:\/\/maxtormetal.com\/wp-content\/uploads\/2023\/08\/cropped-cropped-logo-\u526f\u672c-\u526f\u672c-e1693303172756-1.png\",\"contentUrl\":\"https:\/\/maxtormetal.com\/wp-content\/uploads\/2023\/08\/cropped-cropped-logo-\u526f\u672c-\u526f\u672c-e1693303172756-1.png\",\"width\":441,\"height\":132,\"caption\":\"Maxtor Metal\"}]}<\/script>\n<meta name=\"geo.placename\" content=\"Nanjing\" \/>\n<meta name=\"geo.region\" content=\"China\" \/>\n<!-- \/ Yoast SEO Premium plugin. -->","yoast_head_json":{"title":"Paper slitter round knife","description":"Explore our high-quality paper slitter round knives and rotary paper slitting blades for efficient and precise paper converting. Find durable paper slitting knives in various materials and configurations.","robots":{"index":"index","follow":"follow","max-snippet":"max-snippet:-1","max-image-preview":"max-image-preview:large","max-video-preview":"max-video-preview:-1"},"canonical":"https:\/\/maxtormetal.com\/de\/produkt\/papier-schneidemesser-rund\/","og_locale":"de_DE","og_type":"article","og_title":"Paper slitter round knife","og_description":"Explore our high-quality paper slitter round knives and rotary paper slitting blades for efficient and precise paper converting. Find durable paper slitting knives in various materials and configurations.","og_url":"https:\/\/maxtormetal.com\/de\/produkt\/papier-schneidemesser-rund\/","og_site_name":"Maxtor Metal | Custom Industrial Blade Manufacturer &amp; Supplier","article_publisher":"https:\/\/www.facebook.com\/maxtormetalindustrial","article_modified_time":"2025-05-07T03:18:58+00:00","og_image":[{"width":800,"height":800,"url":"https:\/\/maxtormetal.com\/wp-content\/uploads\/2023\/10\/Razor-blades-main1.jpg","type":"image\/jpeg"}],"twitter_card":"summary_large_image","schema":{"@context":"https:\/\/schema.org","@graph":[{"@type":["WebPage","ItemPage"],"@id":"https:\/\/maxtormetal.com\/product\/paper-slitter-round-knife\/","url":"https:\/\/maxtormetal.com\/product\/paper-slitter-round-knife\/","name":"Paper slitter round knife","isPartOf":{"@id":"https:\/\/maxtormetal.com\/fr\/#website"},"primaryImageOfPage":{"@id":"https:\/\/maxtormetal.com\/product\/paper-slitter-round-knife\/#primaryimage"},"image":{"@id":"https:\/\/maxtormetal.com\/product\/paper-slitter-round-knife\/#primaryimage"},"thumbnailUrl":"https:\/\/maxtormetal.com\/wp-content\/uploads\/2023\/10\/Razor-blades-main1.jpg","datePublished":"2023-10-05T13:59:28+00:00","dateModified":"2025-05-07T03:18:58+00:00","description":"Explore our high-quality paper slitter round knives and rotary paper slitting blades for efficient and precise paper converting. Find durable paper slitting knives in various materials and configurations.","breadcrumb":{"@id":"https:\/\/maxtormetal.com\/product\/paper-slitter-round-knife\/#breadcrumb"},"inLanguage":"de","potentialAction":[{"@type":"ReadAction","target":["https:\/\/maxtormetal.com\/product\/paper-slitter-round-knife\/"]}]},{"@type":"ImageObject","inLanguage":"de","@id":"https:\/\/maxtormetal.com\/product\/paper-slitter-round-knife\/#primaryimage","url":"https:\/\/maxtormetal.com\/wp-content\/uploads\/2023\/10\/Razor-blades-main1.jpg","contentUrl":"https:\/\/maxtormetal.com\/wp-content\/uploads\/2023\/10\/Razor-blades-main1.jpg","width":800,"height":800},{"@type":"BreadcrumbList","@id":"https:\/\/maxtormetal.com\/product\/paper-slitter-round-knife\/#breadcrumb","itemListElement":[{"@type":"ListItem","position":1,"name":"Home","item":"https:\/\/maxtormetal.com\/"},{"@type":"ListItem","position":2,"name":"Products","item":"https:\/\/maxtormetal.com\/products\/"},{"@type":"ListItem","position":3,"name":"Paper slitter round knife"}]},{"@type":"WebSite","@id":"https:\/\/maxtormetal.com\/fr\/#website","url":"https:\/\/maxtormetal.com\/fr\/","name":"Maxtor Metal | Custom Industrial Blade Manufacturer &amp; Supplier","description":"Mechanical blades and knives supplier for all machines made by China","publisher":{"@id":"https:\/\/maxtormetal.com\/fr\/#organization"},"potentialAction":[{"@type":"SearchAction","target":{"@type":"EntryPoint","urlTemplate":"https:\/\/maxtormetal.com\/fr\/?s={search_term_string}"},"query-input":{"@type":"PropertyValueSpecification","valueRequired":true,"valueName":"search_term_string"}}],"inLanguage":"de"},{"@type":["Organization","Place"],"@id":"https:\/\/maxtormetal.com\/fr\/#organization","name":"Maxtor Metal","alternateName":"Metal Industrial","url":"https:\/\/maxtormetal.com\/fr\/","logo":{"@id":"https:\/\/maxtormetal.com\/product\/paper-slitter-round-knife\/#local-main-organization-logo"},"image":{"@id":"https:\/\/maxtormetal.com\/product\/paper-slitter-round-knife\/#local-main-organization-logo"},"sameAs":["https:\/\/www.facebook.com\/maxtormetalindustrial","https:\/\/www.linkedin.com\/company\/maxtormetal\/"],"description":"Maxtor Metal (formerly known as Metal Industrial) is a custom industrial blade manufacturer based in Nanjing, China. Established in 2006 under Nanjing Metal Industrial CO., Limited, we specialize in manufacturing industrial machine blades, machine knives, and providing regrinding services for clients in over 80 countries worldwide.","legalName":"Nanjing Metal Industrial CO., Limited","foundingDate":"2006-02-18","numberOfEmployees":{"@type":"QuantitativeValue","minValue":"11","maxValue":"50"},"address":{"@id":"https:\/\/maxtormetal.com\/product\/paper-slitter-round-knife\/#local-main-place-address"},"telephone":[],"openingHoursSpecification":[{"@type":"OpeningHoursSpecification","dayOfWeek":["Monday","Tuesday","Wednesday","Thursday","Friday","Saturday","Sunday"],"opens":"09:00","closes":"17:00"}],"email":"sales@maxtormetal.com","areaServed":"Worldwide","globalLocationNumber":"+86-158-6180-3357"},{"@type":"PostalAddress","@id":"https:\/\/maxtormetal.com\/product\/paper-slitter-round-knife\/#local-main-place-address","streetAddress":"Mingjue Industrial Park, Lishui","addressLocality":"Nanjing","postalCode":"211223","addressRegion":"Jiangsu","addressCountry":"CN"},{"@type":"ImageObject","inLanguage":"de","@id":"https:\/\/maxtormetal.com\/product\/paper-slitter-round-knife\/#local-main-organization-logo","url":"https:\/\/maxtormetal.com\/wp-content\/uploads\/2023\/08\/cropped-cropped-logo-\u526f\u672c-\u526f\u672c-e1693303172756-1.png","contentUrl":"https:\/\/maxtormetal.com\/wp-content\/uploads\/2023\/08\/cropped-cropped-logo-\u526f\u672c-\u526f\u672c-e1693303172756-1.png","width":441,"height":132,"caption":"Maxtor Metal"}]},"geo.placename":"Nanjing","geo.region":"China"},"_links":{"self":[{"href":"https:\/\/maxtormetal.com\/de\/wp-json\/wp\/v2\/product\/2989"}],"collection":[{"href":"https:\/\/maxtormetal.com\/de\/wp-json\/wp\/v2\/product"}],"about":[{"href":"https:\/\/maxtormetal.com\/de\/wp-json\/wp\/v2\/types\/product"}],"wp:featuredmedia":[{"embeddable":true,"href":"https:\/\/maxtormetal.com\/de\/wp-json\/wp\/v2\/media\/2992"}],"wp:attachment":[{"href":"https:\/\/maxtormetal.com\/de\/wp-json\/wp\/v2\/media?parent=2989"}],"wp:term":[{"taxonomy":"product_cat","embeddable":true,"href":"https:\/\/maxtormetal.com\/de\/wp-json\/wp\/v2\/product_cat?post=2989"},{"taxonomy":"product_tag","embeddable":true,"href":"https:\/\/maxtormetal.com\/de\/wp-json\/wp\/v2\/product_tag?post=2989"}],"curies":[{"name":"wp","href":"https:\/\/api.w.org\/{rel}","templated":true}]}}