{"id":2997,"date":"2023-10-05T22:05:49","date_gmt":"2023-10-05T14:05:49","guid":{"rendered":"https:\/\/maxtormetal.com\/?post_type=product&#038;p=2997"},"modified":"2025-05-22T21:58:05","modified_gmt":"2025-05-22T13:58:05","slug":"wellpappmesser","status":"publish","type":"product","link":"https:\/\/maxtormetal.com\/de\/produkt\/wellpappmesser\/","title":{"rendered":"Wellpappmesser"},"content":{"rendered":"<h3 class=\"\" data-sourcepos=\"3:1-3:35\">Was bedeuten gewellte Klingen?<\/h3>\r\n<p data-sourcepos=\"5:1-5:384\">Der Begriff \u201eWellpappenklingen\u201c bezeichnet einen bestimmten Typ industrieller Schneidklingen f\u00fcr die Verarbeitung von Wellpappe, vor allem Wellpappe und \u00e4hnlicher mehrschichtiger Faserplatte. Diese Klingen sind so konstruiert, dass sie die charakteristische gewellte (gewellte) Innenschicht und die flachen Deckschichten dieser Materialien effizient durchschneiden und dabei Rei\u00dfen, Quetschen und Staubentwicklung minimieren. Wellpappenklingen verf\u00fcgen h\u00e4ufig \u00fcber spezielle Kantengeometrien wie Fasen und Zacken, um die Wellenstruktur effektiv zu durchdringen und zu zerschneiden. Der Begriff bezeichnet eine Klinge, die f\u00fcr die besonderen Herausforderungen des Schneidens von mehrschichtigen und manchmal abrasiven Wellpappenmaterialien optimiert ist und in der Verpackungs-, Kartonherstellungs- und Verarbeitungsindustrie unverzichtbar ist. Wellpappenklingen werden je nach Anwendung und Branche auch als \u201ePappschneider\u201c, \u201eWellpappenschneideklingen\u201c, \u201eKartonherstellungsklingen\u201c oder \u201eFaserplattenschneidemesser\u201c bezeichnet.<\/p>\r\n<h3 class=\"\" data-sourcepos=\"7:1-7:46\">Einsatz und Anwendung von Wellklingen<\/h3>\r\n<p data-sourcepos=\"9:1-9:249\">Wellpappenklingen sind unverzichtbare Werkzeuge in der Herstellung, Verarbeitung und Verwendung von Wellpappe. Ihr spezielles Design erm\u00f6glicht effizientes und sauberes Schneiden in verschiedenen Anwendungen. Zu den wichtigsten Einsatzgebieten und Anwendungsszenarien geh\u00f6ren:<\/p>\r\n<ul data-sourcepos=\"11:1-11:7\">\r\n<li data-sourcepos=\"11:1-11:7\"><strong>Herstellung von Wellpappkartons:<\/strong> Wird in Wellpappen- und Verarbeitungsmaschinen zum Schneiden, Rillen und Stanzen von Wellpappe verwendet, um Kartonzuschnitte und andere Verpackungsstrukturen herzustellen. Rotationsstanzklingen unterschiedlicher Formen und Gr\u00f6\u00dfen werden f\u00fcr verschiedene Schneidaufgaben eingesetzt.<\/li>\r\n<li data-sourcepos=\"12:1-12:235\"><strong>Verpackungsindustrie:<\/strong> Wird in Verpackungsmaschinen zum Schneiden und Formatieren von Wellpappe f\u00fcr Schutzverpackungen, Einlagen und Trennw\u00e4nde eingesetzt. Die sauberen Schnitte der Wellpappenklingen gew\u00e4hrleisten die Integrit\u00e4t der Verpackung.<\/li>\r\n<li data-sourcepos=\"13:1-13:184\"><strong>Herstellung von Point-of-Sale (POS)-Displays:<\/strong> Wird zur Herstellung von Wellpappe-Displays und Schildern verwendet, die pr\u00e4zise Schnitte und komplizierte Formen erfordern. Spezialisiert <strong>Wellpappmesser<\/strong> Sorgen Sie f\u00fcr saubere Kanten und eine ansprechende \u00c4sthetik.<\/li>\r\n<li data-sourcepos=\"14:1-14:209\"><strong>Recyclingindustrie:<\/strong> Wird in Zerkleinerungs- und Ballenpressen verwendet, um Wellpappe f\u00fcr ein effizientes Recycling zu zerkleinern. Langlebige Rotationsstanzklingen sind f\u00fcr die Verarbeitung gro\u00dfer Materialmengen unerl\u00e4sslich.<\/li>\r\n<li data-sourcepos=\"15:1-15:117\"><strong>Papierverarbeitung:<\/strong> Wird in Verarbeitungsprozessen mit schwerem Karton und \u00e4hnlichen Wellstrukturen eingesetzt.<\/li>\r\n<li data-sourcepos=\"16:1-16:128\"><strong>Spezialverpackungen:<\/strong> Wird bei der Herstellung kundenspezifischer Wellpappenverpackungsl\u00f6sungen verwendet, die pr\u00e4zise und komplexe Schnitte erfordern.<\/li>\r\n<li data-sourcepos=\"17:1-18:0\"><strong>E-Commerce-Verpackung:<\/strong> Unverzichtbar f\u00fcr die Herstellung der gro\u00dfen Vielfalt an Wellpappkartons, die im Online-Einzelhandel verwendet werden und effizientes und zuverl\u00e4ssiges Schneiden erfordern.<\/li>\r\n<\/ul>\r\n<p data-sourcepos=\"19:1-19:80\">Die spezifische Form, Gr\u00f6\u00dfe, Dicke und Kantengeometrie der Wellklinge werden durch die Art und Dicke des zu verarbeitenden Wellmaterials, die Geschwindigkeit der Maschine und die gew\u00fcnschte Schnittqualit\u00e4t bestimmt.<\/p>\r\n<h3 class=\"\" data-sourcepos=\"21:1-21:42\">G\u00e4ngige Materialien f\u00fcr Wellklingen<\/h3>\r\n<p data-sourcepos=\"23:1-23:229\">Die f\u00fcr die Herstellung von Wellklingen verwendeten Materialien werden aufgrund ihrer Sch\u00e4rfe, Verschlei\u00dffestigkeit gegen\u00fcber abrasiven Materialien und ihrer F\u00e4higkeit, den Belastungen beim Hochgeschwindigkeitsschneiden standzuhalten, ausgew\u00e4hlt. Zu den g\u00e4ngigen Materialien geh\u00f6ren:<\/p>\r\n<ul data-sourcepos=\"25:1-28:156\">\r\n<li data-sourcepos=\"25:1-25:204\"><strong>Hochkohlenstoffstahl:<\/strong> Bietet eine gute Sch\u00e4rfe und ist eine kosteng\u00fcnstige Option f\u00fcr einige Wellpappenschneideanwendungen. Bei der Verarbeitung von abrasivem Karton kann es jedoch schneller verschlei\u00dfen als andere Materialien.<\/li>\r\n<li data-sourcepos=\"26:1-26:285\"><strong>Werkzeugst\u00e4hle (z. B. D2, M2, A8):<\/strong> Diese St\u00e4hle bieten ein hervorragendes Gleichgewicht aus H\u00e4rte, Z\u00e4higkeit und Verschlei\u00dffestigkeit und eignen sich daher ideal f\u00fcr anspruchsvolle Wellpappenstanzarbeiten. Rotationsstanzklingen aus Werkzeugstahl bleiben l\u00e4nger scharf und bieten eine l\u00e4ngere Lebensdauer.<\/li>\r\n<li data-sourcepos=\"27:1-27:226\"><strong>Kohlenstoffreiche St\u00e4hle mit hohem Chromgehalt:<\/strong> Diese St\u00e4hle bieten eine hervorragende Verschlei\u00dffestigkeit und eignen sich gut zum Schneiden abrasiver Wellpappe. Rotationsstanzklingen aus diesen Materialien bieten eine l\u00e4ngere Lebensdauer.<\/li>\r\n<li data-sourcepos=\"28:1-28:156\"><strong>Pulverf\u00f6rmige Metallurgy-St\u00e4hle:<\/strong> Diese modernen St\u00e4hle bieten eine \u00fcberragende Homogenit\u00e4t und k\u00f6nnen so angepasst werden, dass sie bestimmte Kombinationen aus H\u00e4rte, Z\u00e4higkeit und Verschlei\u00dffestigkeit bieten. Das Ergebnis sind Hochleistungsklingen f\u00fcr Rotationsstanzen mit au\u00dfergew\u00f6hnlicher Schnitthaltigkeit.<\/li>\r\n<li data-sourcepos=\"29:1-30:0\"><strong>Hartmetalleins\u00e4tze:<\/strong> Beim Schneiden von Wellpappe mit sehr hoher Geschwindigkeit oder hohem Abrieb bieten Klingen mit Eins\u00e4tzen aus Wolframkarbid eine au\u00dfergew\u00f6hnliche Verschlei\u00dffestigkeit und k\u00f6nnen die Lebensdauer der Klinge erheblich verl\u00e4ngern.<\/li>\r\n<\/ul>\r\n<p data-sourcepos=\"31:1-31:248\">Die Auswahl des geeigneten Materials f\u00fcr Wellpappenklingen h\u00e4ngt von Faktoren wie der Qualit\u00e4t und Dicke des Wellmaterials, dem Produktionsvolumen, der Geschwindigkeit der Maschinen und der gew\u00fcnschten Klingenlebensdauer und Schnittqualit\u00e4t ab.<\/p>\r\n<h3 class=\"\" data-sourcepos=\"33:1-33:38\">G\u00e4ngige Formen von Wellklingen<\/h3>\r\n<p data-sourcepos=\"35:1-35:124\">Wellklingen sind in verschiedenen Formen und Kantenkonfigurationen erh\u00e4ltlich, um ihre Leistung f\u00fcr unterschiedliche Schneid- und Verarbeitungsprozesse zu optimieren. Einige g\u00e4ngige Formen sind:<\/p>\r\n<ul data-sourcepos=\"37:1-40:46\">\r\n<li data-sourcepos=\"37:1-37:182\"><strong>Gerade Schneidklingen:<\/strong> Zum Schneiden von Wellblechen in schmalere Breiten. Je nach Anwendung k\u00f6nnen diese S\u00e4gebl\u00e4tter ein- oder doppelt abgeschr\u00e4gt sein.<\/li>\r\n<li data-sourcepos=\"38:1-38:174\"><strong>Rotationsstanzklingen:<\/strong> Wird in Rotationsstanzmaschinen verwendet, um bestimmte Formen und Muster aus Wellpappe auszuschneiden. Diese Klingen sind oft auf Zylindern montiert.<\/li>\r\n<li data-sourcepos=\"39:1-39:210\"><strong>Rill- oder Falzr\u00e4der:<\/strong> Obwohl es sich bei diesen R\u00e4dern nicht um Schneidklingen im eigentlichen Sinn handelt, sind sie f\u00fcr die Erzeugung von Faltlinien in Wellpappe unerl\u00e4sslich. Sie arbeiten in Verarbeitungsprozessen mit Schneidklingen zusammen.<\/li>\r\n<li data-sourcepos=\"40:1-40:46\"><strong>Perforierklingen:<\/strong> Wird verwendet, um Reihen kleiner L\u00f6cher in Wellpappe zu erzeugen, damit diese leichter eingerissen werden kann.<\/li>\r\n<li data-sourcepos=\"41:1-41:106\"><strong>Schlitzringe:<\/strong> Wird satzweise auf Schlitzwellen verwendet, um mehrere parallele Schnitte in Wellbleche zu machen.<\/li>\r\n<li data-sourcepos=\"42:1-42:204\"><strong>Ambossabdeckungen oder Gegenmesser:<\/strong> Dabei handelt es sich nicht um Klingen selbst, sondern um die Auflagefl\u00e4che, auf der die Rotationsstanzklingen schneiden. Sie bestehen h\u00e4ufig aus geh\u00e4rtetem Stahl oder Polyurethan.<\/li>\r\n<li data-sourcepos=\"43:1-44:0\"><strong>Klingen mit benutzerdefiniertem Profil:<\/strong> F\u00fcr spezielle Schneid- oder Formanforderungen k\u00f6nnen Rotationsstanzklingen mit benutzerdefinierten Profilen hergestellt werden.<\/li>\r\n<\/ul>\r\n<p data-sourcepos=\"45:1-45:271\">Die spezifische Form und Kantengeometrie der Wellklinge wird durch die Art des Schneid- oder Verarbeitungsvorgangs und die Konstruktion der Maschine bestimmt. Faktoren wie Schnittgenauigkeit, Geschwindigkeit und Materialhandhabung sind wichtige Aspekte bei der Klingenkonstruktion.<\/p>\r\n<p>Wenn Sie die gesuchte Klinge nicht finden, k\u00f6nnen wir diese auch anpassen. Erfahren Sie in unserem Bereich <span style=\"color: #ff9900;\">\u201e<a style=\"color: #ff9900;\" href=\"https:\/\/maxtormetal.com\/de\/custom-blades\/\" target=\"_blank\" rel=\"noopener\"><em><strong>Kundenspezifische Klingen<\/strong><\/em><\/a>\u201e<\/span> wie!\u00a0<span style=\"color: #ff9900;\"><em><strong><a style=\"color: #ff9900;\" href=\"https:\/\/maxtormetal.com\/de\/contact\/\" target=\"_blank\" rel=\"noopener\">Gerne k\u00f6nnen Sie uns eine Anfrage senden!<\/a><\/strong><\/em><\/span><\/p>\r\n<h4><a href=\"https:\/\/maxtormetal.com\/de\/brochures\/\" target=\"_blank\" rel=\"noopener\"><strong><em><span style=\"color: #ff9900;\">Brosch\u00fcren \u00f6ffnen<\/span><\/em><\/strong><\/a><\/h4>\r\n<ul><\/ul>\r\n<hr \/>\r\n<h2>Warum METAL w\u00e4hlen?<\/h2>\r\n<ol>\r\n<li>\r\n<h3><strong> Ein zentraler, problemloser Importservice<\/strong><\/h3>\r\n<\/li>\r\n<\/ol>\r\n<p>Genie\u00dfen Sie den Komfort eines nahtlosen Imports. Vom Transport bis zur Zollabwicklung \u00fcbernehmen wir den gesamten Prozess. Sie m\u00fcssen lediglich die Mehrwertsteuer entrichten und auf die Ankunft Ihrer Waren warten.<\/p>\r\n<ol start=\"2\">\r\n<li>\r\n<h3><strong> Wettbewerbsf\u00e4hige Preise<\/strong><\/h3>\r\n<\/li>\r\n<\/ol>\r\n<p>Wir haben unsere Klingen in unz\u00e4hligen Anwendungen bewiesen und sind bereit f\u00fcr jedes Projekt, das Sie uns vorstellen. Erwarten Sie Genauigkeit, Langlebigkeit und un\u00fcbertroffen wettbewerbsf\u00e4hige Preise.<\/p>\r\n<ol start=\"3\">\r\n<li>\r\n<h3><strong> ODM &amp; OEM verf\u00fcgbar<\/strong><\/h3>\r\n<\/li>\r\n<\/ol>\r\n<p>Ob Sie Zeichnungen, Skizzen oder Muster bereitstellen, wir k\u00f6nnen f\u00fcr Sie entwerfen und fertigen. Wir haben auch die F\u00e4higkeit, bei der Modifizierung bestehender Designs und Spezifikationen zu helfen, um nahezu jede industrielle Werkzeuganwendung zu verbessern. Bitte kontaktieren Sie unser engagiertes Vertriebsteam, um Ihre spezifischen Anforderungen zu besprechen.<\/p>\r\n<ol start=\"4\">\r\n<li>\r\n<h3><strong> Strenge Qualit\u00e4tskontrolle<\/strong><\/h3>\r\n<\/li>\r\n<\/ol>\r\n<p>Eine Reihe von Tests und Inspektionen werden zur Qualit\u00e4tskontrolle durchgef\u00fchrt, darunter die Erstmusterpr\u00fcfung, die Wareneingangspr\u00fcfung und Materialzertifizierung, die In-Prozess-Qualit\u00e4tspr\u00fcfung und die Endqualit\u00e4tspr\u00fcfung.<\/p>\r\n<ol start=\"5\">\r\n<li>\r\n<h3><strong> Flexible Beschaffung, uneingeschr\u00e4nkte Zusammenarbeit<\/strong><\/h3>\r\n<\/li>\r\n<\/ol>\r\n<p>Ob Sie ein Importeur, Distributor, Gro\u00dfh\u00e4ndler oder Endverbraucher sind, wir hei\u00dfen Sie herzlich willkommen. Profitieren Sie von minimalen Mindestbestellmengen (MOQs), problemlosen Anfragen und gr\u00f6\u00dferer Einkaufsfreiheit.<\/p>\r\n<ol start=\"6\">\r\n<li>\r\n<h3><strong> Echtzeit-Berichte zum Produktionsfortschritt<\/strong><\/h3>\r\n<\/li>\r\n<\/ol>\r\n<p>Betrachten Sie uns als Ihren exklusiven Monitor. Wir werden Ihnen regelm\u00e4\u00dfig Updates zu jedem wichtigen Knotenpunkt Ihrer Produktionslinie liefern. Egal wie weit entfernt, Sie erhalten Echtzeit-Einblicke in den Fortschritt Ihres Produkts.<\/p>\r\n<hr \/>\r\n<p><iframe loading=\"lazy\" title=\"Messer Slotter Klingen f\u00fcr Wellpappe Slotter Maschinen\" width=\"800\" height=\"600\" src=\"https:\/\/www.youtube.com\/embed\/stpNagpgphE?feature=oembed&#038;enablejsapi=1&#038;origin=https:\/\/maxtormetal.com\" frameborder=\"0\" allow=\"accelerometer; autoplay; clipboard-write; encrypted-media; gyroscope; picture-in-picture; web-share\" referrerpolicy=\"strict-origin-when-cross-origin\" allowfullscreen><\/iframe><\/p>\r\n<!-- \/wp:list -->","protected":false},"excerpt":{"rendered":"<p>What do Corrugated Blades Mean? The term &#8220;Corrugated Blades&#8221; refers to a specific type of industrial cutting blade designed for processing corrugated materials, primarily corrugated cardboard and similar multi-layered fiberboard. These blades are engineered to efficiently cut through the characteristic wavy (corrugated) inner layer and the flat linerboards of these materials while minimizing tearing, crushing, [&hellip;]<\/p>","protected":false},"featured_media":3000,"template":"","meta":[],"product_cat":[99,110],"product_tag":[437,436,438],"yoast_head":"<!-- This site is optimized with the Yoast SEO Premium plugin v23.6 (Yoast SEO v23.6) - https:\/\/yoast.com\/wordpress\/plugins\/seo\/ -->\n<title>Corrugated Blades - Metal Industrial, Industrial Blade Manufacturer, Cutting Knives and blades, Machine Knives and blades supplier, Custom Blades solution<\/title>\n<meta name=\"description\" content=\"Discover high-performance Corrugated Blades for clean and efficient cutting of cardboard and fiberboard. Explore our range for box making, packaging!\" \/>\n<meta name=\"robots\" content=\"index, follow, max-snippet:-1, max-image-preview:large, max-video-preview:-1\" \/>\n<link rel=\"canonical\" href=\"https:\/\/maxtormetal.com\/de\/produkt\/wellpappmesser\/\" \/>\n<meta property=\"og:locale\" content=\"de_DE\" \/>\n<meta property=\"og:type\" content=\"article\" \/>\n<meta property=\"og:title\" content=\"Corrugated Blades\" \/>\n<meta property=\"og:description\" content=\"Discover high-performance Corrugated Blades for clean and efficient cutting of cardboard and fiberboard. Explore our range for box making, packaging!\" \/>\n<meta property=\"og:url\" content=\"https:\/\/maxtormetal.com\/de\/produkt\/wellpappmesser\/\" \/>\n<meta property=\"og:site_name\" content=\"Metal Industrial, Industrial Blade Manufacturer, Cutting Knives and blades, Machine Knives and blades supplier, Custom Blades solution\" \/>\n<meta property=\"article:publisher\" content=\"https:\/\/www.facebook.com\/mengli.tang.3\" \/>\n<meta property=\"article:modified_time\" content=\"2025-05-22T13:58:05+00:00\" \/>\n<meta property=\"og:image\" content=\"https:\/\/maxtormetal.com\/wp-content\/uploads\/2023\/10\/Corrugated-blades-main1.jpg\" \/>\n\t<meta property=\"og:image:width\" content=\"800\" \/>\n\t<meta property=\"og:image:height\" content=\"800\" \/>\n\t<meta property=\"og:image:type\" content=\"image\/jpeg\" \/>\n<meta name=\"twitter:card\" content=\"summary_large_image\" \/>\n<meta name=\"twitter:site\" content=\"@MengliT13570\" \/>\n<script type=\"application\/ld+json\" class=\"yoast-schema-graph\">{\"@context\":\"https:\/\/schema.org\",\"@graph\":[{\"@type\":[\"WebPage\",\"ItemPage\"],\"@id\":\"https:\/\/maxtormetal.com\/product\/corrugated-blades\/\",\"url\":\"https:\/\/maxtormetal.com\/product\/corrugated-blades\/\",\"name\":\"Corrugated Blades - Metal Industrial, Industrial Blade Manufacturer, Cutting Knives and blades, Machine Knives and blades supplier, Custom Blades solution\",\"isPartOf\":{\"@id\":\"https:\/\/maxtormetal.com\/fr\/#website\"},\"primaryImageOfPage\":{\"@id\":\"https:\/\/maxtormetal.com\/product\/corrugated-blades\/#primaryimage\"},\"image\":{\"@id\":\"https:\/\/maxtormetal.com\/product\/corrugated-blades\/#primaryimage\"},\"thumbnailUrl\":\"https:\/\/maxtormetal.com\/wp-content\/uploads\/2023\/10\/Corrugated-blades-main1.jpg\",\"datePublished\":\"2023-10-05T14:05:49+00:00\",\"dateModified\":\"2025-05-22T13:58:05+00:00\",\"description\":\"Discover high-performance Corrugated Blades for clean and efficient cutting of cardboard and fiberboard. Explore our range for box making, packaging!\",\"breadcrumb\":{\"@id\":\"https:\/\/maxtormetal.com\/product\/corrugated-blades\/#breadcrumb\"},\"inLanguage\":\"de\",\"potentialAction\":[{\"@type\":\"ReadAction\",\"target\":[\"https:\/\/maxtormetal.com\/product\/corrugated-blades\/\"]}]},{\"@type\":\"ImageObject\",\"inLanguage\":\"de\",\"@id\":\"https:\/\/maxtormetal.com\/product\/corrugated-blades\/#primaryimage\",\"url\":\"https:\/\/maxtormetal.com\/wp-content\/uploads\/2023\/10\/Corrugated-blades-main1.jpg\",\"contentUrl\":\"https:\/\/maxtormetal.com\/wp-content\/uploads\/2023\/10\/Corrugated-blades-main1.jpg\",\"width\":800,\"height\":800,\"caption\":\"corrugated knife\"},{\"@type\":\"BreadcrumbList\",\"@id\":\"https:\/\/maxtormetal.com\/product\/corrugated-blades\/#breadcrumb\",\"itemListElement\":[{\"@type\":\"ListItem\",\"position\":1,\"name\":\"Home\",\"item\":\"https:\/\/maxtormetal.com\/\"},{\"@type\":\"ListItem\",\"position\":2,\"name\":\"Products\",\"item\":\"https:\/\/maxtormetal.com\/products\/\"},{\"@type\":\"ListItem\",\"position\":3,\"name\":\"Corrugated Blades\"}]},{\"@type\":\"WebSite\",\"@id\":\"https:\/\/maxtormetal.com\/fr\/#website\",\"url\":\"https:\/\/maxtormetal.com\/fr\/\",\"name\":\"Metal Industrial, Industrial Blade Manufacturer, Cutting Knives and blades, Machine Knives and blades supplier, Custom Blades solution\",\"description\":\"Mechanical blades and knives supplier for all machines made by China\",\"publisher\":{\"@id\":\"https:\/\/maxtormetal.com\/fr\/#organization\"},\"potentialAction\":[{\"@type\":\"SearchAction\",\"target\":{\"@type\":\"EntryPoint\",\"urlTemplate\":\"https:\/\/maxtormetal.com\/fr\/?s={search_term_string}\"},\"query-input\":{\"@type\":\"PropertyValueSpecification\",\"valueRequired\":true,\"valueName\":\"search_term_string\"}}],\"inLanguage\":\"de\"},{\"@type\":[\"Organization\",\"Place\"],\"@id\":\"https:\/\/maxtormetal.com\/fr\/#organization\",\"name\":\"Nanjing Metal Industrial CO., Limited\",\"alternateName\":\"Metal Industrial\",\"url\":\"https:\/\/maxtormetal.com\/fr\/\",\"logo\":{\"@id\":\"https:\/\/maxtormetal.com\/product\/corrugated-blades\/#local-main-organization-logo\"},\"image\":{\"@id\":\"https:\/\/maxtormetal.com\/product\/corrugated-blades\/#local-main-organization-logo\"},\"sameAs\":[\"https:\/\/www.facebook.com\/mengli.tang.3\",\"https:\/\/x.com\/MengliT13570\",\"https:\/\/www.linkedin.com\/in\/metalindustrial\/\"],\"description\":\"NanjingMetal is specialized in manufacturing and supplying industrial blades and knives, and its main business is to provide customers with customized industrial blades to meet their specific needs. With an experienced design and production team, we utilize the supply chain advantage in China to provide customers with competitive high quality industrial blades and knives.\",\"legalName\":\"Nanjing Metal Industrial CO., Limited\",\"foundingDate\":\"2006-02-18\",\"numberOfEmployees\":{\"@type\":\"QuantitativeValue\",\"minValue\":\"11\",\"maxValue\":\"50\"},\"telephone\":[],\"openingHoursSpecification\":[{\"@type\":\"OpeningHoursSpecification\",\"dayOfWeek\":[\"Monday\",\"Tuesday\",\"Wednesday\",\"Thursday\",\"Friday\",\"Saturday\",\"Sunday\"],\"opens\":\"09:00\",\"closes\":\"17:00\"}]},{\"@type\":\"ImageObject\",\"inLanguage\":\"de\",\"@id\":\"https:\/\/maxtormetal.com\/product\/corrugated-blades\/#local-main-organization-logo\",\"url\":\"https:\/\/maxtormetal.com\/wp-content\/uploads\/2023\/08\/cropped-cropped-logo-\u526f\u672c-\u526f\u672c-e1693303172756-1.png\",\"contentUrl\":\"https:\/\/maxtormetal.com\/wp-content\/uploads\/2023\/08\/cropped-cropped-logo-\u526f\u672c-\u526f\u672c-e1693303172756-1.png\",\"width\":441,\"height\":132,\"caption\":\"Nanjing Metal Industrial CO., Limited\"}]}<\/script>\n<!-- \/ Yoast SEO Premium plugin. -->","yoast_head_json":{"title":"Corrugated Blades - Metal Industrial, Industrial Blade Manufacturer, Cutting Knives and blades, Machine Knives and blades supplier, Custom Blades solution","description":"Discover high-performance Corrugated Blades for clean and efficient cutting of cardboard and fiberboard. Explore our range for box making, packaging!","robots":{"index":"index","follow":"follow","max-snippet":"max-snippet:-1","max-image-preview":"max-image-preview:large","max-video-preview":"max-video-preview:-1"},"canonical":"https:\/\/maxtormetal.com\/de\/produkt\/wellpappmesser\/","og_locale":"de_DE","og_type":"article","og_title":"Corrugated Blades","og_description":"Discover high-performance Corrugated Blades for clean and efficient cutting of cardboard and fiberboard. Explore our range for box making, packaging!","og_url":"https:\/\/maxtormetal.com\/de\/produkt\/wellpappmesser\/","og_site_name":"Metal Industrial, Industrial Blade Manufacturer, Cutting Knives and blades, Machine Knives and blades supplier, Custom Blades solution","article_publisher":"https:\/\/www.facebook.com\/mengli.tang.3","article_modified_time":"2025-05-22T13:58:05+00:00","og_image":[{"width":800,"height":800,"url":"https:\/\/maxtormetal.com\/wp-content\/uploads\/2023\/10\/Corrugated-blades-main1.jpg","type":"image\/jpeg"}],"twitter_card":"summary_large_image","twitter_site":"@MengliT13570","schema":{"@context":"https:\/\/schema.org","@graph":[{"@type":["WebPage","ItemPage"],"@id":"https:\/\/maxtormetal.com\/product\/corrugated-blades\/","url":"https:\/\/maxtormetal.com\/product\/corrugated-blades\/","name":"Corrugated Blades - Metal Industrial, Industrial Blade Manufacturer, Cutting Knives and blades, Machine Knives and blades supplier, Custom Blades solution","isPartOf":{"@id":"https:\/\/maxtormetal.com\/fr\/#website"},"primaryImageOfPage":{"@id":"https:\/\/maxtormetal.com\/product\/corrugated-blades\/#primaryimage"},"image":{"@id":"https:\/\/maxtormetal.com\/product\/corrugated-blades\/#primaryimage"},"thumbnailUrl":"https:\/\/maxtormetal.com\/wp-content\/uploads\/2023\/10\/Corrugated-blades-main1.jpg","datePublished":"2023-10-05T14:05:49+00:00","dateModified":"2025-05-22T13:58:05+00:00","description":"Discover high-performance Corrugated Blades for clean and efficient cutting of cardboard and fiberboard. Explore our range for box making, packaging!","breadcrumb":{"@id":"https:\/\/maxtormetal.com\/product\/corrugated-blades\/#breadcrumb"},"inLanguage":"de","potentialAction":[{"@type":"ReadAction","target":["https:\/\/maxtormetal.com\/product\/corrugated-blades\/"]}]},{"@type":"ImageObject","inLanguage":"de","@id":"https:\/\/maxtormetal.com\/product\/corrugated-blades\/#primaryimage","url":"https:\/\/maxtormetal.com\/wp-content\/uploads\/2023\/10\/Corrugated-blades-main1.jpg","contentUrl":"https:\/\/maxtormetal.com\/wp-content\/uploads\/2023\/10\/Corrugated-blades-main1.jpg","width":800,"height":800,"caption":"corrugated knife"},{"@type":"BreadcrumbList","@id":"https:\/\/maxtormetal.com\/product\/corrugated-blades\/#breadcrumb","itemListElement":[{"@type":"ListItem","position":1,"name":"Home","item":"https:\/\/maxtormetal.com\/"},{"@type":"ListItem","position":2,"name":"Products","item":"https:\/\/maxtormetal.com\/products\/"},{"@type":"ListItem","position":3,"name":"Corrugated Blades"}]},{"@type":"WebSite","@id":"https:\/\/maxtormetal.com\/fr\/#website","url":"https:\/\/maxtormetal.com\/fr\/","name":"Metal Industrial, Industrial Blade Manufacturer, Cutting Knives and blades, Machine Knives and blades supplier, Custom Blades solution","description":"Mechanical blades and knives supplier for all machines made by China","publisher":{"@id":"https:\/\/maxtormetal.com\/fr\/#organization"},"potentialAction":[{"@type":"SearchAction","target":{"@type":"EntryPoint","urlTemplate":"https:\/\/maxtormetal.com\/fr\/?s={search_term_string}"},"query-input":{"@type":"PropertyValueSpecification","valueRequired":true,"valueName":"search_term_string"}}],"inLanguage":"de"},{"@type":["Organization","Place"],"@id":"https:\/\/maxtormetal.com\/fr\/#organization","name":"Nanjing Metal Industrial CO., Limited","alternateName":"Metal Industrial","url":"https:\/\/maxtormetal.com\/fr\/","logo":{"@id":"https:\/\/maxtormetal.com\/product\/corrugated-blades\/#local-main-organization-logo"},"image":{"@id":"https:\/\/maxtormetal.com\/product\/corrugated-blades\/#local-main-organization-logo"},"sameAs":["https:\/\/www.facebook.com\/mengli.tang.3","https:\/\/x.com\/MengliT13570","https:\/\/www.linkedin.com\/in\/metalindustrial\/"],"description":"NanjingMetal is specialized in manufacturing and supplying industrial blades and knives, and its main business is to provide customers with customized industrial blades to meet their specific needs. With an experienced design and production team, we utilize the supply chain advantage in China to provide customers with competitive high quality industrial blades and knives.","legalName":"Nanjing Metal Industrial CO., Limited","foundingDate":"2006-02-18","numberOfEmployees":{"@type":"QuantitativeValue","minValue":"11","maxValue":"50"},"telephone":[],"openingHoursSpecification":[{"@type":"OpeningHoursSpecification","dayOfWeek":["Monday","Tuesday","Wednesday","Thursday","Friday","Saturday","Sunday"],"opens":"09:00","closes":"17:00"}]},{"@type":"ImageObject","inLanguage":"de","@id":"https:\/\/maxtormetal.com\/product\/corrugated-blades\/#local-main-organization-logo","url":"https:\/\/maxtormetal.com\/wp-content\/uploads\/2023\/08\/cropped-cropped-logo-\u526f\u672c-\u526f\u672c-e1693303172756-1.png","contentUrl":"https:\/\/maxtormetal.com\/wp-content\/uploads\/2023\/08\/cropped-cropped-logo-\u526f\u672c-\u526f\u672c-e1693303172756-1.png","width":441,"height":132,"caption":"Nanjing Metal Industrial CO., Limited"}]}},"_links":{"self":[{"href":"https:\/\/maxtormetal.com\/de\/wp-json\/wp\/v2\/product\/2997"}],"collection":[{"href":"https:\/\/maxtormetal.com\/de\/wp-json\/wp\/v2\/product"}],"about":[{"href":"https:\/\/maxtormetal.com\/de\/wp-json\/wp\/v2\/types\/product"}],"wp:featuredmedia":[{"embeddable":true,"href":"https:\/\/maxtormetal.com\/de\/wp-json\/wp\/v2\/media\/3000"}],"wp:attachment":[{"href":"https:\/\/maxtormetal.com\/de\/wp-json\/wp\/v2\/media?parent=2997"}],"wp:term":[{"taxonomy":"product_cat","embeddable":true,"href":"https:\/\/maxtormetal.com\/de\/wp-json\/wp\/v2\/product_cat?post=2997"},{"taxonomy":"product_tag","embeddable":true,"href":"https:\/\/maxtormetal.com\/de\/wp-json\/wp\/v2\/product_tag?post=2997"}],"curies":[{"name":"wp","href":"https:\/\/api.w.org\/{rel}","templated":true}]}}