{"id":3010,"date":"2023-10-06T16:49:30","date_gmt":"2023-10-06T08:49:30","guid":{"rendered":"https:\/\/maxtormetal.com\/?post_type=product&#038;p=3010"},"modified":"2025-05-06T18:53:44","modified_gmt":"2025-05-06T10:53:44","slug":"fischverarbeitungsmesser","status":"publish","type":"product","link":"https:\/\/maxtormetal.com\/de\/produkt\/fischverarbeitungsmesser\/","title":{"rendered":"Fischverarbeitungs-Klingen"},"content":{"rendered":"<h2 data-sourcepos=\"1:1-1:41\">Was bedeuten Fischverarbeitungsklingen?<\/h2>\r\n<p data-sourcepos=\"3:1-3:518\">Fischverarbeitungsklingen, auch Fischschneidemesser oder Fischereimesser genannt, sind spezielle Schneidwerkzeuge f\u00fcr die Fischverarbeitung. Diese Klingen sind f\u00fcr das effiziente und pr\u00e4zise Schneiden, Filetieren, Ausnehmen, H\u00e4uten und die weitere Verarbeitung verschiedener Fisch- und Meeresfr\u00fcchtearten konzipiert. Der Begriff \u201eFischverarbeitungsklingen\u201c umfasst eine breite Palette von Messern mit spezifischen Formen, Gr\u00f6\u00dfen und Flexibilit\u00e4ten, die auf unterschiedliche Aufgaben bei der Zubereitung von Fisch f\u00fcr den Verzehr oder die Weiterverarbeitung zugeschnitten sind.<\/p>\r\n<h2 data-sourcepos=\"5:1-5:50\">Einsatz und Anwendung von Fischverarbeitungsklingen<\/h2>\r\n<p data-sourcepos=\"7:1-7:179\"><strong>Fischverarbeitungs-Klingen<\/strong> sind unverzichtbare Werkzeuge in kommerziellen und industriellen Fischverarbeitungsanlagen sowie in kleineren Betrieben. Zu ihren wichtigsten Anwendungen geh\u00f6ren:<\/p>\r\n<ul data-sourcepos=\"9:1-17:0\">\r\n<li data-sourcepos=\"9:1-9:127\"><strong>Filetieren:<\/strong> Trennen Sie das Fischfleisch mit minimalem Abfall von den Gr\u00e4ten, indem Sie flexible und scharfe Filetiermesser verwenden.<\/li>\r\n<li data-sourcepos=\"10:1-10:138\"><strong>Ausnehmen und Ausweiden:<\/strong> Entfernen der inneren Organe des Fisches mit speziellen Messern mit spitzen Enden und ergonomischen Griffen.<\/li>\r\n<li data-sourcepos=\"11:1-11:101\"><strong>H\u00e4uten:<\/strong> Entfernen der Haut von Fischfilets mit Enth\u00e4utungsmessern mit d\u00fcnnen, flexiblen Klingen.<\/li>\r\n<li data-sourcepos=\"12:1-12:104\"><strong>Kopf- und Fu\u00dfentfernung:<\/strong> Kopf und Schwanz des Fisches werden mit robusten und scharfen Klingen abgetrennt.<\/li>\r\n<li data-sourcepos=\"13:1-13:121\"><strong>Portionieren und Steaken:<\/strong> Schneiden von Fischfilets oder ganzen Fischen in gleichm\u00e4\u00dfige Portionen oder Steaks zum Verpacken und Verkaufen.<\/li>\r\n<li data-sourcepos=\"14:1-14:76\"><strong>Beschneiden:<\/strong> Entfernen von Flossen, Schuppen und anderen unerw\u00fcnschten Teilen des Fisches.<\/li>\r\n<li data-sourcepos=\"15:1-15:73\"><strong>Entbeinen:<\/strong> Entfernen von Gr\u00e4ten und anderen kleinen Gr\u00e4ten aus Fischfilets.<\/li>\r\n<li data-sourcepos=\"16:1-17:0\"><strong>Verarbeitung von Schalentieren:<\/strong> Spezialmesser werden zum \u00d6ffnen von Austern, Muscheln und anderen Schalentieren sowie zum Herausl\u00f6sen des Fleisches aus Krabben und Hummern verwendet.<\/li>\r\n<\/ul>\r\n<h2 data-sourcepos=\"18:1-18:46\">G\u00e4ngige Materialien f\u00fcr Fischverarbeitungsklingen<\/h2>\r\n<p data-sourcepos=\"20:1-20:231\">Die verwendeten Materialien f\u00fcr <strong>Fischverarbeitungs-Klingen<\/strong> muss lebensmittelecht, korrosionsbest\u00e4ndig (aufgrund der st\u00e4ndigen Einwirkung von Wasser und Fischfl\u00fcssigkeiten) und in der Lage sein, eine scharfe Schneide f\u00fcr effizientes Schneiden zu behalten. G\u00e4ngige Materialien sind:<\/p>\r\n<ul data-sourcepos=\"22:1-23:0\">\r\n<li data-sourcepos=\"22:1-23:0\"><strong>Edelstahl (z. B. Serie 420, 440, AUS-8, VG-10):<\/strong> Edelstahl ist aufgrund seiner hervorragenden Korrosionsbest\u00e4ndigkeit, der einfachen Reinigung und Sterilisation sowie der M\u00f6glichkeit, ihn fein zu sch\u00e4rfen, das am h\u00e4ufigsten verwendete Material. Verschiedene G\u00fcten bieten unterschiedliche H\u00e4rtegrade, Schnitthaltigkeit und Flexibilit\u00e4t. Kohlenstoffreiche Edelst\u00e4hle bieten oft ein besseres Gleichgewicht zwischen Sch\u00e4rfe und Haltbarkeit.<\/li>\r\n<\/ul>\r\n<p data-sourcepos=\"24:1-24:326\">Die Klingen werden h\u00e4ufig geh\u00e4rtet und angelassen, um je nach Anwendung das gew\u00fcnschte Gleichgewicht zwischen H\u00e4rte und Flexibilit\u00e4t zu erreichen. Beispielsweise erfordern Filetiermesser Flexibilit\u00e4t, w\u00e4hrend K\u00f6pfmesser eine h\u00f6here Steifigkeit ben\u00f6tigen. Die Oberfl\u00e4chenbeschaffenheit ist \u00fcblicherweise glatt, um die Reinigung zu erleichtern und Bakterienbildung zu verhindern.<\/p>\r\n<h2 data-sourcepos=\"26:1-26:38\">G\u00e4ngige Klingenformen f\u00fcr die Fischverarbeitung<\/h2>\r\n<p data-sourcepos=\"28:1-28:100\">Klingen zur Fischverarbeitung gibt es in verschiedenen Formen und Gr\u00f6\u00dfen, jede ist f\u00fcr eine bestimmte Aufgabe konzipiert:<\/p>\r\n<ul data-sourcepos=\"30:1-39:0\">\r\n<li data-sourcepos=\"30:1-30:198\"><strong>Filetiermesser:<\/strong> Typischerweise lange, d\u00fcnne und flexible Klingen mit einer spitzen Spitze, die ein pr\u00e4zises Man\u00f6vrieren um Gr\u00e4ten herum erm\u00f6glichen, um das Filet zu trennen. Die L\u00e4ngen k\u00f6nnen zwischen 6 und 11 Zoll oder mehr variieren.<\/li>\r\n<li data-sourcepos=\"31:1-31:148\"><strong>Ausbeinmesser:<\/strong> Steifer als Filetiermesser, oft mit schmaler, gebogener Klinge und spitzer Spitze, zum Entfernen von Knochen und Zuschneiden von Fleisch gedacht.<\/li>\r\n<li data-sourcepos=\"32:1-32:128\"><strong>H\u00e4utungsmesser:<\/strong> D\u00fcnne, flexible Klingen mit leicht nach oben gebogener oder versetzter Kante, um die Schale leicht vom Fruchtfleisch zu trennen.<\/li>\r\n<li data-sourcepos=\"33:1-33:138\"><strong>Kopfmesser:<\/strong> Robuste, oft k\u00fcrzere Klingen mit starkem R\u00fccken, die zum Durchtrennen von Knochen und zum Entfernen von Kopf und Schwanz konzipiert sind.<\/li>\r\n<li data-sourcepos=\"34:1-34:168\"><strong>Aufbrechmesser:<\/strong> Kann verschiedene Formen haben, oft mit einer spitzen Spitze und manchmal einer gebogenen Klinge, um das \u00d6ffnen der Fischh\u00f6hle und das Entfernen der inneren Organe zu erleichtern.<\/li>\r\n<li data-sourcepos=\"35:1-35:115\"><strong>Steakmesser:<\/strong> Robuste Klingen, oft mit gezackter oder gerader Schneide, zum Schneiden von Fisch in gleichm\u00e4\u00dfige Steaks.<\/li>\r\n<li data-sourcepos=\"36:1-36:107\"><strong>Austernmesser:<\/strong> Kurze, dicke Klingen mit einer starken, spitzen Spitze zum Aufhebeln von Austernschalen.<\/li>\r\n<li data-sourcepos=\"37:1-37:106\"><strong>Muschelmesser:<\/strong> D\u00fcnnere Klingen als Austernmesser, oft mit einer stumpfen Spitze zum Einf\u00fchren zwischen Muschelschalen.<\/li>\r\n<li data-sourcepos=\"38:1-39:0\"><strong>Garnelen-Darmtrenner:<\/strong> Kleine, spezielle Werkzeuge mit einer scharfen Spitze zum Entfernen der Ader von Garnelen.<\/li>\r\n<\/ul>\r\n<p data-sourcepos=\"40:1-40:508\">Das Funktionsprinzip besteht darin, dass die scharfe Kante der Fischverarbeitungsklinge das Fischgewebe mit minimalem Riss oder Besch\u00e4digung durchschneidet. Die spezielle Form und Flexibilit\u00e4t der Klinge erm\u00f6glichen es dem Benutzer, den Konturen des Fisches zu folgen, um Gr\u00e4ten herum zu navigieren und bestimmte Aufgaben effizient auszuf\u00fchren. Ergonomische Griffe sind zudem entscheidend, um Erm\u00fcdungserscheinungen bei l\u00e4ngerem Gebrauch in Verarbeitungsumgebungen zu reduzieren. Richtiges Sch\u00e4rfen und Pflege sind unerl\u00e4sslich, um die Leistung und Sicherheit der Klingen zu gew\u00e4hrleisten.<\/p>\r\n<p>\"\u00a0<span style=\"color: #ff9900;\"><em><strong><a style=\"color: #ff9900;\" href=\"https:\/\/maxtormetal.com\/de\/contact\/\" target=\"_blank\" rel=\"noopener\">Gerne k\u00f6nnen Sie uns eine Anfrage senden!<\/a><\/strong><\/em><\/span><\/p>\r\n<p>Wenn Sie das gew\u00fcnschte Scherblatt nicht finden, k\u00f6nnen wir es auch individuell anpassen, siehe unsere <span style=\"color: #ff9900;\">\u201e<a style=\"color: #ff9900;\" href=\"https:\/\/maxtormetal.com\/de\/custom-blades\/\" target=\"_blank\" rel=\"noopener\"><em><strong>Kundenspezifische Klingen<\/strong><\/em><\/a>\u201e<\/span> um zu lernen wie!<\/p>\r\n<h4><a href=\"https:\/\/maxtormetal.com\/de\/brochures\/\" target=\"_blank\" rel=\"noopener\"><strong><em><span style=\"color: #ff9900;\">Brosch\u00fcren \u00f6ffnen<\/span><\/em><\/strong><\/a><\/h4>\r\n<hr \/>\r\n<h2>Warum METAL w\u00e4hlen?<\/h2>\r\n<ol>\r\n<li><strong> Ein zentraler, problemloser Importservice<\/strong><\/li>\r\n<\/ol>\r\n<p>Genie\u00dfen Sie den Komfort eines nahtlosen Imports. Vom Transport bis zur Zollabwicklung \u00fcbernehmen wir den gesamten Prozess. Sie m\u00fcssen lediglich die Mehrwertsteuer entrichten und auf die Ankunft Ihrer Waren warten.<\/p>\r\n<ol start=\"2\">\r\n<li><strong> Wettbewerbsf\u00e4hige Preise<\/strong><\/li>\r\n<\/ol>\r\n<p>Wir haben unsere Klingen in unz\u00e4hligen Anwendungen bewiesen und sind bereit f\u00fcr jedes Projekt, das Sie uns vorstellen. Erwarten Sie Genauigkeit, Langlebigkeit und un\u00fcbertroffen wettbewerbsf\u00e4hige Preise.<\/p>\r\n<ol start=\"3\">\r\n<li><strong> ODM &amp; OEM verf\u00fcgbar<\/strong><\/li>\r\n<\/ol>\r\n<p>Ob Sie Zeichnungen, Skizzen oder Muster bereitstellen, wir k\u00f6nnen f\u00fcr Sie entwerfen und fertigen. Wir haben auch die F\u00e4higkeit, bei der Modifizierung bestehender Designs und Spezifikationen zu helfen, um nahezu jede industrielle Werkzeuganwendung zu verbessern. Bitte kontaktieren Sie unser engagiertes Vertriebsteam, um Ihre spezifischen Anforderungen zu besprechen.<\/p>\r\n<ol start=\"4\">\r\n<li><strong> Strenge Qualit\u00e4tskontrolle<\/strong><\/li>\r\n<\/ol>\r\n<p>Eine Reihe von Tests und Inspektionen werden zur Qualit\u00e4tskontrolle durchgef\u00fchrt, darunter die Erstmusterpr\u00fcfung, die Wareneingangspr\u00fcfung und Materialzertifizierung, die In-Prozess-Qualit\u00e4tspr\u00fcfung und die Endqualit\u00e4tspr\u00fcfung.<\/p>\r\n<ol start=\"5\">\r\n<li><strong> Flexible Beschaffung, uneingeschr\u00e4nkte Zusammenarbeit<\/strong><\/li>\r\n<\/ol>\r\n<p>Ob Sie ein Importeur, Distributor, Gro\u00dfh\u00e4ndler oder Endverbraucher sind, wir hei\u00dfen Sie herzlich willkommen. Profitieren Sie von minimalen Mindestbestellmengen (MOQs), problemlosen Anfragen und gr\u00f6\u00dferer Einkaufsfreiheit.<\/p>\r\n<ol start=\"6\">\r\n<li><strong> Echtzeit-Berichte zum Produktionsfortschritt<\/strong><\/li>\r\n<\/ol>\r\n<p>Betrachten Sie uns als Ihren exklusiven Monitor. Wir werden Ihnen regelm\u00e4\u00dfig Updates zu jedem wichtigen Knotenpunkt Ihrer Produktionslinie liefern. Egal wie weit entfernt, Sie erhalten Echtzeit-Einblicke in den Fortschritt Ihres Produkts.<\/p>\r\n<hr \/>\r\n<p><iframe loading=\"lazy\" title=\"Runder Fleischschneider Maschine Schneidemesser Klinge\" width=\"800\" height=\"600\" src=\"https:\/\/www.youtube.com\/embed\/iAiDz_CtDrE?feature=oembed&#038;enablejsapi=1&#038;origin=https:\/\/maxtormetal.com\" frameborder=\"0\" allow=\"accelerometer; autoplay; clipboard-write; encrypted-media; gyroscope; picture-in-picture; web-share\" referrerpolicy=\"strict-origin-when-cross-origin\" allowfullscreen><\/iframe><\/p>","protected":false},"excerpt":{"rendered":"<p>Was versteht man unter Fischverarbeitungsmessern? Fischverarbeitungsmesser, auch Fischschneidemesser oder Fischereimesser genannt, sind Spezialwerkzeuge f\u00fcr die Fischverarbeitung. Sie sind so konstruiert, dass sie verschiedene Fisch- und Meeresfr\u00fcchtearten effizient und pr\u00e4zise schneiden, filetieren, ausnehmen, h\u00e4uten und anderweitig verarbeiten. Der Begriff \u201eFischverarbeitungsmesser\u201c [\u2026]<\/p>","protected":false},"featured_media":3014,"template":"","meta":[],"product_cat":[107,105,109],"product_tag":[431],"yoast_head":"<!-- This site is optimized with the Yoast SEO Premium plugin v23.6 (Yoast SEO v23.6) - https:\/\/yoast.com\/wordpress\/plugins\/seo\/ -->\n<title>Fish Processing Blades<\/title>\n<meta name=\"description\" content=\"Explore our range of high-quality fish processing blades and fish cutting knives for commercial and industrial use. Find durable fillet knives and more.\" \/>\n<meta name=\"robots\" content=\"index, follow, max-snippet:-1, max-image-preview:large, max-video-preview:-1\" \/>\n<link rel=\"canonical\" href=\"https:\/\/maxtormetal.com\/de\/produkt\/fischverarbeitungsmesser\/\" \/>\n<meta property=\"og:locale\" content=\"de_DE\" \/>\n<meta property=\"og:type\" content=\"article\" \/>\n<meta property=\"og:title\" content=\"Fish Processing Blades\" \/>\n<meta property=\"og:description\" content=\"Explore our range of high-quality fish processing blades and fish cutting knives for commercial and industrial use. Find durable fillet knives and more.\" \/>\n<meta property=\"og:url\" content=\"https:\/\/maxtormetal.com\/de\/produkt\/fischverarbeitungsmesser\/\" \/>\n<meta property=\"og:site_name\" content=\"Metal Industrial, Industrial Blade Manufacturer, Cutting Knives and blades, Machine Knives and blades supplier, Custom Blades solution\" \/>\n<meta property=\"article:publisher\" content=\"https:\/\/www.facebook.com\/mengli.tang.3\" \/>\n<meta property=\"article:modified_time\" content=\"2025-05-06T10:53:44+00:00\" \/>\n<meta property=\"og:image\" content=\"https:\/\/maxtormetal.com\/wp-content\/uploads\/2023\/10\/Fish-processing-blades-main1.jpg\" \/>\n\t<meta property=\"og:image:width\" content=\"800\" \/>\n\t<meta property=\"og:image:height\" content=\"800\" \/>\n\t<meta property=\"og:image:type\" content=\"image\/jpeg\" \/>\n<meta name=\"twitter:card\" content=\"summary_large_image\" \/>\n<meta name=\"twitter:site\" content=\"@MengliT13570\" \/>\n<script type=\"application\/ld+json\" class=\"yoast-schema-graph\">{\"@context\":\"https:\/\/schema.org\",\"@graph\":[{\"@type\":[\"WebPage\",\"ItemPage\"],\"@id\":\"https:\/\/maxtormetal.com\/product\/fish-processing-blades\/\",\"url\":\"https:\/\/maxtormetal.com\/product\/fish-processing-blades\/\",\"name\":\"Fish Processing Blades\",\"isPartOf\":{\"@id\":\"https:\/\/maxtormetal.com\/fr\/#website\"},\"primaryImageOfPage\":{\"@id\":\"https:\/\/maxtormetal.com\/product\/fish-processing-blades\/#primaryimage\"},\"image\":{\"@id\":\"https:\/\/maxtormetal.com\/product\/fish-processing-blades\/#primaryimage\"},\"thumbnailUrl\":\"https:\/\/maxtormetal.com\/wp-content\/uploads\/2023\/10\/Fish-processing-blades-main1.jpg\",\"datePublished\":\"2023-10-06T08:49:30+00:00\",\"dateModified\":\"2025-05-06T10:53:44+00:00\",\"description\":\"Explore our range of high-quality fish processing blades and fish cutting knives for commercial and industrial use. Find durable fillet knives and more.\",\"breadcrumb\":{\"@id\":\"https:\/\/maxtormetal.com\/product\/fish-processing-blades\/#breadcrumb\"},\"inLanguage\":\"de\",\"potentialAction\":[{\"@type\":\"ReadAction\",\"target\":[\"https:\/\/maxtormetal.com\/product\/fish-processing-blades\/\"]}]},{\"@type\":\"ImageObject\",\"inLanguage\":\"de\",\"@id\":\"https:\/\/maxtormetal.com\/product\/fish-processing-blades\/#primaryimage\",\"url\":\"https:\/\/maxtormetal.com\/wp-content\/uploads\/2023\/10\/Fish-processing-blades-main1.jpg\",\"contentUrl\":\"https:\/\/maxtormetal.com\/wp-content\/uploads\/2023\/10\/Fish-processing-blades-main1.jpg\",\"width\":800,\"height\":800},{\"@type\":\"BreadcrumbList\",\"@id\":\"https:\/\/maxtormetal.com\/product\/fish-processing-blades\/#breadcrumb\",\"itemListElement\":[{\"@type\":\"ListItem\",\"position\":1,\"name\":\"Home\",\"item\":\"https:\/\/maxtormetal.com\/\"},{\"@type\":\"ListItem\",\"position\":2,\"name\":\"Products\",\"item\":\"https:\/\/maxtormetal.com\/products\/\"},{\"@type\":\"ListItem\",\"position\":3,\"name\":\"Fish Processing Blades\"}]},{\"@type\":\"WebSite\",\"@id\":\"https:\/\/maxtormetal.com\/fr\/#website\",\"url\":\"https:\/\/maxtormetal.com\/fr\/\",\"name\":\"Metal Industrial, Industrial Blade Manufacturer, Cutting Knives and blades, Machine Knives and blades supplier, Custom Blades solution\",\"description\":\"Mechanical blades and knives supplier for all machines made by China\",\"publisher\":{\"@id\":\"https:\/\/maxtormetal.com\/fr\/#organization\"},\"potentialAction\":[{\"@type\":\"SearchAction\",\"target\":{\"@type\":\"EntryPoint\",\"urlTemplate\":\"https:\/\/maxtormetal.com\/fr\/?s={search_term_string}\"},\"query-input\":{\"@type\":\"PropertyValueSpecification\",\"valueRequired\":true,\"valueName\":\"search_term_string\"}}],\"inLanguage\":\"de\"},{\"@type\":[\"Organization\",\"Place\"],\"@id\":\"https:\/\/maxtormetal.com\/fr\/#organization\",\"name\":\"Nanjing Metal Industrial CO., Limited\",\"alternateName\":\"Metal Industrial\",\"url\":\"https:\/\/maxtormetal.com\/fr\/\",\"logo\":{\"@id\":\"https:\/\/maxtormetal.com\/product\/fish-processing-blades\/#local-main-organization-logo\"},\"image\":{\"@id\":\"https:\/\/maxtormetal.com\/product\/fish-processing-blades\/#local-main-organization-logo\"},\"sameAs\":[\"https:\/\/www.facebook.com\/mengli.tang.3\",\"https:\/\/x.com\/MengliT13570\",\"https:\/\/www.linkedin.com\/in\/metalindustrial\/\"],\"description\":\"NanjingMetal is specialized in manufacturing and supplying industrial blades and knives, and its main business is to provide customers with customized industrial blades to meet their specific needs. With an experienced design and production team, we utilize the supply chain advantage in China to provide customers with competitive high quality industrial blades and knives.\",\"legalName\":\"Nanjing Metal Industrial CO., Limited\",\"foundingDate\":\"2006-02-18\",\"numberOfEmployees\":{\"@type\":\"QuantitativeValue\",\"minValue\":\"11\",\"maxValue\":\"50\"},\"telephone\":[],\"openingHoursSpecification\":[{\"@type\":\"OpeningHoursSpecification\",\"dayOfWeek\":[\"Monday\",\"Tuesday\",\"Wednesday\",\"Thursday\",\"Friday\",\"Saturday\",\"Sunday\"],\"opens\":\"09:00\",\"closes\":\"17:00\"}]},{\"@type\":\"ImageObject\",\"inLanguage\":\"de\",\"@id\":\"https:\/\/maxtormetal.com\/product\/fish-processing-blades\/#local-main-organization-logo\",\"url\":\"https:\/\/maxtormetal.com\/wp-content\/uploads\/2023\/08\/cropped-cropped-logo-\u526f\u672c-\u526f\u672c-e1693303172756-1.png\",\"contentUrl\":\"https:\/\/maxtormetal.com\/wp-content\/uploads\/2023\/08\/cropped-cropped-logo-\u526f\u672c-\u526f\u672c-e1693303172756-1.png\",\"width\":441,\"height\":132,\"caption\":\"Nanjing Metal Industrial CO., Limited\"}]}<\/script>\n<!-- \/ Yoast SEO Premium plugin. -->","yoast_head_json":{"title":"Fish Processing Blades","description":"Explore our range of high-quality fish processing blades and fish cutting knives for commercial and industrial use. Find durable fillet knives and more.","robots":{"index":"index","follow":"follow","max-snippet":"max-snippet:-1","max-image-preview":"max-image-preview:large","max-video-preview":"max-video-preview:-1"},"canonical":"https:\/\/maxtormetal.com\/de\/produkt\/fischverarbeitungsmesser\/","og_locale":"de_DE","og_type":"article","og_title":"Fish Processing Blades","og_description":"Explore our range of high-quality fish processing blades and fish cutting knives for commercial and industrial use. Find durable fillet knives and more.","og_url":"https:\/\/maxtormetal.com\/de\/produkt\/fischverarbeitungsmesser\/","og_site_name":"Metal Industrial, Industrial Blade Manufacturer, Cutting Knives and blades, Machine Knives and blades supplier, Custom Blades solution","article_publisher":"https:\/\/www.facebook.com\/mengli.tang.3","article_modified_time":"2025-05-06T10:53:44+00:00","og_image":[{"width":800,"height":800,"url":"https:\/\/maxtormetal.com\/wp-content\/uploads\/2023\/10\/Fish-processing-blades-main1.jpg","type":"image\/jpeg"}],"twitter_card":"summary_large_image","twitter_site":"@MengliT13570","schema":{"@context":"https:\/\/schema.org","@graph":[{"@type":["WebPage","ItemPage"],"@id":"https:\/\/maxtormetal.com\/product\/fish-processing-blades\/","url":"https:\/\/maxtormetal.com\/product\/fish-processing-blades\/","name":"Fish Processing Blades","isPartOf":{"@id":"https:\/\/maxtormetal.com\/fr\/#website"},"primaryImageOfPage":{"@id":"https:\/\/maxtormetal.com\/product\/fish-processing-blades\/#primaryimage"},"image":{"@id":"https:\/\/maxtormetal.com\/product\/fish-processing-blades\/#primaryimage"},"thumbnailUrl":"https:\/\/maxtormetal.com\/wp-content\/uploads\/2023\/10\/Fish-processing-blades-main1.jpg","datePublished":"2023-10-06T08:49:30+00:00","dateModified":"2025-05-06T10:53:44+00:00","description":"Explore our range of high-quality fish processing blades and fish cutting knives for commercial and industrial use. Find durable fillet knives and more.","breadcrumb":{"@id":"https:\/\/maxtormetal.com\/product\/fish-processing-blades\/#breadcrumb"},"inLanguage":"de","potentialAction":[{"@type":"ReadAction","target":["https:\/\/maxtormetal.com\/product\/fish-processing-blades\/"]}]},{"@type":"ImageObject","inLanguage":"de","@id":"https:\/\/maxtormetal.com\/product\/fish-processing-blades\/#primaryimage","url":"https:\/\/maxtormetal.com\/wp-content\/uploads\/2023\/10\/Fish-processing-blades-main1.jpg","contentUrl":"https:\/\/maxtormetal.com\/wp-content\/uploads\/2023\/10\/Fish-processing-blades-main1.jpg","width":800,"height":800},{"@type":"BreadcrumbList","@id":"https:\/\/maxtormetal.com\/product\/fish-processing-blades\/#breadcrumb","itemListElement":[{"@type":"ListItem","position":1,"name":"Home","item":"https:\/\/maxtormetal.com\/"},{"@type":"ListItem","position":2,"name":"Products","item":"https:\/\/maxtormetal.com\/products\/"},{"@type":"ListItem","position":3,"name":"Fish Processing Blades"}]},{"@type":"WebSite","@id":"https:\/\/maxtormetal.com\/fr\/#website","url":"https:\/\/maxtormetal.com\/fr\/","name":"Metal Industrial, Industrial Blade Manufacturer, Cutting Knives and blades, Machine Knives and blades supplier, Custom Blades solution","description":"Mechanical blades and knives supplier for all machines made by China","publisher":{"@id":"https:\/\/maxtormetal.com\/fr\/#organization"},"potentialAction":[{"@type":"SearchAction","target":{"@type":"EntryPoint","urlTemplate":"https:\/\/maxtormetal.com\/fr\/?s={search_term_string}"},"query-input":{"@type":"PropertyValueSpecification","valueRequired":true,"valueName":"search_term_string"}}],"inLanguage":"de"},{"@type":["Organization","Place"],"@id":"https:\/\/maxtormetal.com\/fr\/#organization","name":"Nanjing Metal Industrial CO., Limited","alternateName":"Metal Industrial","url":"https:\/\/maxtormetal.com\/fr\/","logo":{"@id":"https:\/\/maxtormetal.com\/product\/fish-processing-blades\/#local-main-organization-logo"},"image":{"@id":"https:\/\/maxtormetal.com\/product\/fish-processing-blades\/#local-main-organization-logo"},"sameAs":["https:\/\/www.facebook.com\/mengli.tang.3","https:\/\/x.com\/MengliT13570","https:\/\/www.linkedin.com\/in\/metalindustrial\/"],"description":"NanjingMetal is specialized in manufacturing and supplying industrial blades and knives, and its main business is to provide customers with customized industrial blades to meet their specific needs. With an experienced design and production team, we utilize the supply chain advantage in China to provide customers with competitive high quality industrial blades and knives.","legalName":"Nanjing Metal Industrial CO., Limited","foundingDate":"2006-02-18","numberOfEmployees":{"@type":"QuantitativeValue","minValue":"11","maxValue":"50"},"telephone":[],"openingHoursSpecification":[{"@type":"OpeningHoursSpecification","dayOfWeek":["Monday","Tuesday","Wednesday","Thursday","Friday","Saturday","Sunday"],"opens":"09:00","closes":"17:00"}]},{"@type":"ImageObject","inLanguage":"de","@id":"https:\/\/maxtormetal.com\/product\/fish-processing-blades\/#local-main-organization-logo","url":"https:\/\/maxtormetal.com\/wp-content\/uploads\/2023\/08\/cropped-cropped-logo-\u526f\u672c-\u526f\u672c-e1693303172756-1.png","contentUrl":"https:\/\/maxtormetal.com\/wp-content\/uploads\/2023\/08\/cropped-cropped-logo-\u526f\u672c-\u526f\u672c-e1693303172756-1.png","width":441,"height":132,"caption":"Nanjing Metal Industrial CO., Limited"}]}},"_links":{"self":[{"href":"https:\/\/maxtormetal.com\/de\/wp-json\/wp\/v2\/product\/3010"}],"collection":[{"href":"https:\/\/maxtormetal.com\/de\/wp-json\/wp\/v2\/product"}],"about":[{"href":"https:\/\/maxtormetal.com\/de\/wp-json\/wp\/v2\/types\/product"}],"wp:featuredmedia":[{"embeddable":true,"href":"https:\/\/maxtormetal.com\/de\/wp-json\/wp\/v2\/media\/3014"}],"wp:attachment":[{"href":"https:\/\/maxtormetal.com\/de\/wp-json\/wp\/v2\/media?parent=3010"}],"wp:term":[{"taxonomy":"product_cat","embeddable":true,"href":"https:\/\/maxtormetal.com\/de\/wp-json\/wp\/v2\/product_cat?post=3010"},{"taxonomy":"product_tag","embeddable":true,"href":"https:\/\/maxtormetal.com\/de\/wp-json\/wp\/v2\/product_tag?post=3010"}],"curies":[{"name":"wp","href":"https:\/\/api.w.org\/{rel}","templated":true}]}}