{"id":3015,"date":"2023-10-06T16:53:23","date_gmt":"2023-10-06T08:53:23","guid":{"rendered":"https:\/\/maxtormetal.com\/?post_type=product&#038;p=3015"},"modified":"2025-05-28T16:34:16","modified_gmt":"2025-05-28T08:34:16","slug":"fleischverarbeitungsmesser","status":"publish","type":"product","link":"https:\/\/maxtormetal.com\/de\/produkt\/fleischverarbeitungsmesser\/","title":{"rendered":"Fleischverarbeitungs-Messer \/ -Klingen"},"content":{"rendered":"<h3 data-sourcepos=\"3:1-3:40\">Was bedeuten Fleischverarbeitungsklingen?<\/h3>\r\n<p data-sourcepos=\"5:1-5:933\">Der Begriff \u201eFleischverarbeitungsklingen\u201c bezeichnet eine vielf\u00e4ltige Kategorie spezieller Schneidwerkzeuge, die f\u00fcr die verschiedenen Verarbeitungsschritte von Tierkadavern zu verzehrbaren Fleischprodukten entwickelt wurden. Diese Klingen sind auf Effizienz, Hygiene und Pr\u00e4zision bei Aufgaben wie Zerlegen, Schneiden, Wolfen, Zartmachen und Portionieren verschiedener Fleischsorten (Rind, Schwein, Gefl\u00fcgel usw.) ausgelegt. Design, Material und Sch\u00e4rfe von Fleischverarbeitungsklingen sind entscheidend f\u00fcr die Maximierung des Ertrags, die Gew\u00e4hrleistung der Lebensmittelsicherheit und das Erreichen der gew\u00fcnschten Schnittqualit\u00e4t und Pr\u00e4sentation. Diese Klingen sind unverzichtbare Werkzeuge in Schlachth\u00f6fen, Fleischverpackungsbetrieben, Metzgereien und Lebensmittelverarbeitungsbetrieben. Fleischverarbeitungsklingen werden je nach Anwendung und Industriesegment auch als \u201eFleischerklingen\u201c, \u201eSchlachthofmesser\u201c, \u201eFleischschneidemesser (industriell)\u201c, \u201eLebensmittelverarbeitungsmesser (Fleisch)\u201c oder \u201eFleischverarbeitungsklingen\u201c bezeichnet.<\/p>\r\n<h3 data-sourcepos=\"7:1-7:51\">Einsatz und Anwendung von Fleischverarbeitungsklingen<\/h3>\r\n<p data-sourcepos=\"9:1-9:198\">Fleischverarbeitungsklingen werden in der gesamten Fleischverarbeitungsindustrie in einer Vielzahl von Anwendungen eingesetzt, wobei jeder Klingentyp auf eine bestimmte Aufgabe zugeschnitten ist. Zu den wichtigsten Einsatzgebieten und Anwendungsszenarien geh\u00f6ren:<\/p>\r\n<ul data-sourcepos=\"11:1-20:0\">\r\n<li data-sourcepos=\"11:1-11:122\"><strong>Schlachtung und Zerlegung:<\/strong> Hochleistungsklingen zum ersten Zerlegen des Schlachtk\u00f6rpers, Enth\u00e4uten und Entfernen ungenie\u00dfbarer Teile.<\/li>\r\n<li data-sourcepos=\"12:1-12:139\"><strong>Zerlegung und Herstellung:<\/strong> Messer zum Zerlegen von Schlachtk\u00f6rpern in Prim\u00e4rteile (z. B. Lenden, Keulen, Schultern) und Teilst\u00fccke.<\/li>\r\n<li data-sourcepos=\"13:1-13:181\"><strong>Schneiden und Portionieren:<\/strong> Klingen zum Schneiden von Steaks, Braten, Wurstwaren und anderen Produkten auf bestimmte St\u00e4rken und Gewichte. Dies umfasst sowohl manuelles als auch automatisiertes Schneiden.<\/li>\r\n<li data-sourcepos=\"14:1-14:113\"><strong>Schleifen:<\/strong> Schneckenfl\u00fcgel und Mahlplatten, die in Fleischw\u00f6lfen verwendet werden, um Hackfleisch unterschiedlicher Konsistenz herzustellen.<\/li>\r\n<li data-sourcepos=\"15:1-15:121\"><strong>Zartmachen:<\/strong> Klingen in mechanischen Fleischklopfern, die das Fleisch einstechen oder einritzen, um die Textur zu verbessern und die Garzeit zu verk\u00fcrzen.<\/li>\r\n<li data-sourcepos=\"16:1-16:126\"><strong>Entbeinen und Zuschneiden:<\/strong> Scharfe, oft flexible Klingen zum Entfernen von Knochen und \u00fcbersch\u00fcssigem Fett oder Bindegewebe aus Fleischst\u00fccken.<\/li>\r\n<li data-sourcepos=\"17:1-17:96\"><strong>Gefl\u00fcgelverarbeitung:<\/strong> Spezialklingen zum Ausnehmen, Portionieren und Entbeinen von Gefl\u00fcgel.<\/li>\r\n<li data-sourcepos=\"18:1-18:134\"><strong>Fischverarbeitung:<\/strong> Obwohl sie sich unterscheiden, \u00fcberschneiden sich einige Prinzipien und Klingenmaterialien mit denen zum Filetieren und Portionieren von Fisch.<\/li>\r\n<li data-sourcepos=\"19:1-20:0\"><strong>Automatisierte Verarbeitung:<\/strong> Viele Klingen zur Fleischverarbeitung sind f\u00fcr den Einsatz in automatisierten Maschinen konzipiert und erfordern pr\u00e4zise Abmessungen und Haltbarkeit f\u00fcr den Hochgeschwindigkeitsbetrieb.<\/li>\r\n<\/ul>\r\n<p data-sourcepos=\"21:1-21:214\">Der spezifische Typ, die Gr\u00f6\u00dfe, das Material und die Kantengeometrie der Fleischverarbeitungsklinge werden durch das zu verarbeitende Tier, die spezifische Schneideaufgabe, das Produktionsvolumen und die verwendete Ausr\u00fcstung bestimmt.<\/p>\r\n<h3 data-sourcepos=\"23:1-23:47\">G\u00e4ngige Materialien f\u00fcr Klingen zur Fleischverarbeitung<\/h3>\r\n<p data-sourcepos=\"25:1-25:219\">Die bei der Herstellung von Fleischverarbeitungsklingen verwendeten Materialien sind entscheidend f\u00fcr die Erhaltung der Sch\u00e4rfe, die Best\u00e4ndigkeit gegen Korrosion durch Fleischsaft und Reinigungsmittel sowie die Gew\u00e4hrleistung der Lebensmittelsicherheit. Zu den g\u00e4ngigen Materialien geh\u00f6ren:<\/p>\r\n<ul data-sourcepos=\"27:1-31:0\">\r\n<li data-sourcepos=\"27:1-27:219\"><strong>Hochkohlenstoffstahl:<\/strong> Bekannt f\u00fcr seine F\u00e4higkeit, eine extrem scharfe Kante zu nehmen und zu halten, was es zu einer beliebten Wahl f\u00fcr viele manuelle <strong>Klingen f\u00fcr die Fleischverarbeitung<\/strong>. Erfordert sorgf\u00e4ltige Wartung, um Rost und Korrosion zu verhindern.<\/li>\r\n<li data-sourcepos=\"28:1-28:281\"><strong>Edelstahl (verschiedene G\u00fcten, z. B. 420, 440, 304):<\/strong> Das am h\u00e4ufigsten verwendete Material aufgrund seiner hervorragenden Korrosionsbest\u00e4ndigkeit, der M\u00f6glichkeit, eine feine Schneide zu sch\u00e4rfen und der Einhaltung der Lebensmittelstandards. Verschiedene Qualit\u00e4ten bieten unterschiedliche H\u00e4rtegrade und Verschlei\u00dffestigkeit.<\/li>\r\n<li data-sourcepos=\"29:1-29:226\"><strong>Werkzeugst\u00e4hle:<\/strong> Bietet ein ausgewogenes Verh\u00e4ltnis von H\u00e4rte, Z\u00e4higkeit und Verschlei\u00dffestigkeit f\u00fcr den Dauereinsatz in Umgebungen mit hohem Durchsatz. Rostfreie Werkzeugst\u00e4hle werden aufgrund ihrer Korrosionsbest\u00e4ndigkeit in der Fleischverarbeitung h\u00e4ufig bevorzugt.<\/li>\r\n<li data-sourcepos=\"30:1-31:0\"><strong>Keramische Werkstoffe (z. B. Zirkonoxid):<\/strong> Sie bieten au\u00dfergew\u00f6hnliche H\u00e4rte und Verschlei\u00dffestigkeit und sind chemisch inert, sodass sie sich f\u00fcr Spezialanwendungen eignen, bei denen Metallverunreinigungen ein Problem darstellen.<\/li>\r\n<\/ul>\r\n<p data-sourcepos=\"32:1-32:216\">Beschichtungen wie Titannitrid (TiN) oder Chromnitrid (CrN) k\u00f6nnen aufgetragen werden, um die Oberfl\u00e4chenh\u00e4rte zu erh\u00f6hen, die Reibung zu verringern und die Korrosionsbest\u00e4ndigkeit zu verbessern, wodurch die Lebensdauer der Fleischverarbeitungsklingen verl\u00e4ngert wird.<\/p>\r\n<h3 data-sourcepos=\"34:1-34:43\">G\u00e4ngige Formen von Fleischverarbeitungsklingen<\/h3>\r\n<p data-sourcepos=\"36:1-36:114\">Klingen zur Fleischverarbeitung gibt es in vielen verschiedenen Formen und Konfigurationen, jede davon ist f\u00fcr bestimmte Aufgaben optimiert:<\/p>\r\n<ul data-sourcepos=\"38:1-47:0\">\r\n<li data-sourcepos=\"38:1-38:176\"><strong>Gerade Messer:<\/strong> Allzweckklingen mit unterschiedlichen L\u00e4ngen und Klingenprofilen (z. B. Clip Point, Spear Point, Ausbeinmesserform) zum Schneiden, Trimmen und Zerlegen.<\/li>\r\n<li data-sourcepos=\"39:1-39:161\"><strong>Gebogene Messer:<\/strong> Klingen mit gebogenen Kanten, wie etwa H\u00e4utemesser und einige Ausbeinmesser, sind daf\u00fcr ausgelegt, nat\u00fcrlichen Konturen zu folgen und effiziente Schnitte auszuf\u00fchren.<\/li>\r\n<li data-sourcepos=\"40:1-40:95\"><strong>Kreiss\u00e4gebl\u00e4tter:<\/strong> Wird in automatischen Schneidemaschinen zum Herstellen gleichm\u00e4\u00dfiger Fleischscheiben verwendet.<\/li>\r\n<li data-sourcepos=\"41:1-41:116\"><strong>Bands\u00e4gebl\u00e4tter:<\/strong> Lange, durchgehende, gezahnte Bl\u00e4tter, die in Bands\u00e4gen zum Schneiden gro\u00dfer Fleisch- und Knochenst\u00fccke verwendet werden.<\/li>\r\n<li data-sourcepos=\"42:1-42:151\"><strong>Mahlplatten und Schneckenschaufeln:<\/strong> Komponenten von Fleischw\u00f6lfen zum Zerkleinern und Extrudieren von Fleisch. Die Gr\u00f6\u00dfe der Scheibenl\u00f6cher bestimmt den Mahlgrad.<\/li>\r\n<li data-sourcepos=\"43:1-43:127\"><strong>Klingen\/Nadeln zum Fleischklopfen:<\/strong> Anordnungen scharfer Spitzen oder kleiner Klingen, die zum Durchstechen von Fleisch und Aufbrechen z\u00e4her Muskelfasern verwendet werden.<\/li>\r\n<li data-sourcepos=\"44:1-44:111\"><strong>Formklingen:<\/strong> Spezielle Formen, die in automatisierten Ger\u00e4ten zum Portionieren und Formen von Hackfleischprodukten verwendet werden.<\/li>\r\n<li data-sourcepos=\"45:1-45:162\"><strong>Spezielle Klingen f\u00fcr die Gefl\u00fcgelverarbeitung:<\/strong> Kreisf\u00f6rmige Kloakenschneider, Brustentbeinungsklingen, Fl\u00fcgelsegmentierungsklingen usw., entwickelt f\u00fcr die einzigartige Anatomie von Gefl\u00fcgel.<\/li>\r\n<li data-sourcepos=\"46:1-47:0\"><strong>Fischfiletierklingen:<\/strong> Lange, d\u00fcnne und flexible Klingen zum Trennen von Fischfleisch von Gr\u00e4ten.<\/li>\r\n<\/ul>\r\n<p data-sourcepos=\"48:1-48:196\">Die spezifische Form und Kantenkonfiguration der Fleischverarbeitungsklinge sind entscheidend, um den gew\u00fcnschten Schnitt zu erzielen, Abfall zu minimieren und die Effizienz im Fleischverarbeitungsvorgang zu maximieren.<\/p>\r\n<p>Wenn Sie die gesuchte Klinge nicht finden, k\u00f6nnen wir diese auch anpassen. Erfahren Sie in unserem Bereich <span style=\"color: #ff9900;\">\u201e<a style=\"color: #ff9900;\" href=\"https:\/\/maxtormetal.com\/de\/custom-blades\/\" target=\"_blank\" rel=\"noopener\"><em><strong>Kundenspezifische Klingen<\/strong><\/em><\/a>\u201e<\/span> wie!\u00a0<span style=\"color: #ff9900;\"><em><strong><a style=\"color: #ff9900;\" href=\"https:\/\/maxtormetal.com\/de\/contact\/\" target=\"_blank\" rel=\"noopener\">Gerne k\u00f6nnen Sie uns eine Anfrage senden!<\/a><\/strong><\/em><\/span><\/p>\r\n<h4><span style=\"color: #ff9900;\"><a style=\"color: #ff9900;\" href=\"https:\/\/maxtormetal.com\/de\/brochures\/\" target=\"_blank\" rel=\"noopener\"><strong><em>Brosch\u00fcren \u00f6ffnen<\/em><\/strong><\/a><\/span><\/h4>\r\n<hr \/>\r\n<h2>Warum METAL w\u00e4hlen?<\/h2>\r\n<ol>\r\n<li>\r\n<h3>Ein zentraler, problemloser Importservice<\/h3>\r\n<\/li>\r\n<\/ol>\r\n<p>Genie\u00dfen Sie den Komfort eines nahtlosen Imports. Vom Transport bis zur Zollabwicklung \u00fcbernehmen wir den gesamten Prozess. Sie m\u00fcssen lediglich die Mehrwertsteuer entrichten und auf die Ankunft Ihrer Waren warten.<\/p>\r\n<ol start=\"2\">\r\n<li>\r\n<h3>Wettbewerbsf\u00e4hige Preise<\/h3>\r\n<\/li>\r\n<\/ol>\r\n<p>Wir haben unsere Klingen in unz\u00e4hligen Anwendungen bewiesen und sind bereit f\u00fcr jedes Projekt, das Sie uns vorstellen. Erwarten Sie Genauigkeit, Langlebigkeit und un\u00fcbertroffen wettbewerbsf\u00e4hige Preise.<\/p>\r\n<ol start=\"3\">\r\n<li>\r\n<h3>ODM &amp; OEM verf\u00fcgbar<\/h3>\r\n<\/li>\r\n<\/ol>\r\n<p>Ob Sie Zeichnungen, Skizzen oder Muster bereitstellen, wir k\u00f6nnen f\u00fcr Sie entwerfen und fertigen. Wir haben auch die F\u00e4higkeit, bei der Modifizierung bestehender Designs und Spezifikationen zu helfen, um nahezu jede industrielle Werkzeuganwendung zu verbessern. Bitte kontaktieren Sie unser engagiertes Vertriebsteam, um Ihre spezifischen Anforderungen zu besprechen.<\/p>\r\n<ol start=\"4\">\r\n<li>\r\n<h3>Strenge Qualit\u00e4tskontrolle<\/h3>\r\n<\/li>\r\n<\/ol>\r\n<p>Eine Reihe von Tests und Inspektionen werden zur Qualit\u00e4tskontrolle durchgef\u00fchrt, darunter die Erstmusterpr\u00fcfung, die Wareneingangspr\u00fcfung und Materialzertifizierung, die In-Prozess-Qualit\u00e4tspr\u00fcfung und die Endqualit\u00e4tspr\u00fcfung.<\/p>\r\n<ol start=\"5\">\r\n<li>\r\n<h3>Flexible Beschaffung, uneingeschr\u00e4nkte Zusammenarbeit<\/h3>\r\n<\/li>\r\n<\/ol>\r\n<p>Ob Sie ein Importeur, Distributor, Gro\u00dfh\u00e4ndler oder Endverbraucher sind, wir hei\u00dfen Sie herzlich willkommen. Profitieren Sie von minimalen Mindestbestellmengen (MOQs), problemlosen Anfragen und gr\u00f6\u00dferer Einkaufsfreiheit.<\/p>\r\n<ol start=\"6\">\r\n<li>\r\n<h3>Echtzeit-Berichte zum Produktionsfortschritt<\/h3>\r\n<\/li>\r\n<\/ol>\r\n<p>Betrachten Sie uns als Ihren exklusiven Monitor. Wir werden Ihnen regelm\u00e4\u00dfig Updates zu jedem wichtigen Knotenpunkt Ihrer Produktionslinie liefern. Egal wie weit entfernt, Sie erhalten Echtzeit-Einblicke in den Fortschritt Ihres Produkts.<\/p>\r\n<hr \/>\r\n<p><iframe loading=\"lazy\" title=\"Runder Fleischschneider Maschine Schneidemesser Klinge\" width=\"800\" height=\"600\" src=\"https:\/\/www.youtube.com\/embed\/iAiDz_CtDrE?feature=oembed&#038;enablejsapi=1&#038;origin=https:\/\/maxtormetal.com\" frameborder=\"0\" allow=\"accelerometer; autoplay; clipboard-write; encrypted-media; gyroscope; picture-in-picture; web-share\" referrerpolicy=\"strict-origin-when-cross-origin\" allowfullscreen><\/iframe><\/p>","protected":false},"excerpt":{"rendered":"<p>What do Meat Processing Blades Mean? The term &#8220;Meat Processing Blades&#8221; refers to a diverse category of specialized cutting tools designed for various stages of processing animal carcasses into consumable meat products. These blades are engineered for efficiency, hygiene, and precision in tasks such as butchering, slicing, grinding, tenderizing, and portioning different types of meat [&hellip;]<\/p>","protected":false},"featured_media":3016,"template":"","meta":[],"product_cat":[107,105],"product_tag":[430],"yoast_head":"<!-- This site is optimized with the Yoast SEO Premium plugin v23.6 (Yoast SEO v23.6) - https:\/\/yoast.com\/wordpress\/plugins\/seo\/ -->\n<title>Meat Processing Blades - Maxtor Metal | Custom Industrial Blade Manufacturer &amp; Supplier<\/title>\n<meta name=\"description\" content=\"Discover our comprehensive range of high-quality Meat Processing Blades for efficient butchering, slicing, and grinding. Durable, food-grade knives\uff01\" \/>\n<meta name=\"robots\" content=\"index, follow, max-snippet:-1, max-image-preview:large, max-video-preview:-1\" \/>\n<link rel=\"canonical\" href=\"https:\/\/maxtormetal.com\/de\/produkt\/fleischverarbeitungsmesser\/\" \/>\n<meta property=\"og:locale\" content=\"de_DE\" \/>\n<meta property=\"og:type\" content=\"article\" \/>\n<meta property=\"og:title\" content=\"Meat Processing Blades\" \/>\n<meta property=\"og:description\" content=\"Discover our comprehensive range of high-quality Meat Processing Blades for efficient butchering, slicing, and grinding. Durable, food-grade knives\uff01\" \/>\n<meta property=\"og:url\" content=\"https:\/\/maxtormetal.com\/de\/produkt\/fleischverarbeitungsmesser\/\" \/>\n<meta property=\"og:site_name\" content=\"Maxtor Metal | Custom Industrial Blade Manufacturer &amp; Supplier\" \/>\n<meta property=\"article:publisher\" content=\"https:\/\/www.facebook.com\/maxtormetalindustrial\" \/>\n<meta property=\"article:modified_time\" content=\"2025-05-28T08:34:16+00:00\" \/>\n<meta property=\"og:image\" content=\"https:\/\/maxtormetal.com\/wp-content\/uploads\/2023\/10\/meat-processing-blades-main1.jpg\" \/>\n\t<meta property=\"og:image:width\" content=\"800\" \/>\n\t<meta property=\"og:image:height\" content=\"800\" \/>\n\t<meta property=\"og:image:type\" content=\"image\/jpeg\" \/>\n<meta name=\"twitter:card\" content=\"summary_large_image\" \/>\n<script type=\"application\/ld+json\" class=\"yoast-schema-graph\">{\"@context\":\"https:\/\/schema.org\",\"@graph\":[{\"@type\":[\"WebPage\",\"ItemPage\"],\"@id\":\"https:\/\/maxtormetal.com\/product\/meat-processing-blades\/\",\"url\":\"https:\/\/maxtormetal.com\/product\/meat-processing-blades\/\",\"name\":\"Meat Processing Blades - Maxtor Metal | Custom Industrial Blade Manufacturer &amp; Supplier\",\"isPartOf\":{\"@id\":\"https:\/\/maxtormetal.com\/fr\/#website\"},\"primaryImageOfPage\":{\"@id\":\"https:\/\/maxtormetal.com\/product\/meat-processing-blades\/#primaryimage\"},\"image\":{\"@id\":\"https:\/\/maxtormetal.com\/product\/meat-processing-blades\/#primaryimage\"},\"thumbnailUrl\":\"https:\/\/maxtormetal.com\/wp-content\/uploads\/2023\/10\/meat-processing-blades-main1.jpg\",\"datePublished\":\"2023-10-06T08:53:23+00:00\",\"dateModified\":\"2025-05-28T08:34:16+00:00\",\"description\":\"Discover our comprehensive range of high-quality Meat Processing Blades for efficient butchering, slicing, and grinding. Durable, food-grade knives\uff01\",\"breadcrumb\":{\"@id\":\"https:\/\/maxtormetal.com\/product\/meat-processing-blades\/#breadcrumb\"},\"inLanguage\":\"de\",\"potentialAction\":[{\"@type\":\"ReadAction\",\"target\":[\"https:\/\/maxtormetal.com\/product\/meat-processing-blades\/\"]}]},{\"@type\":\"ImageObject\",\"inLanguage\":\"de\",\"@id\":\"https:\/\/maxtormetal.com\/product\/meat-processing-blades\/#primaryimage\",\"url\":\"https:\/\/maxtormetal.com\/wp-content\/uploads\/2023\/10\/meat-processing-blades-main1.jpg\",\"contentUrl\":\"https:\/\/maxtormetal.com\/wp-content\/uploads\/2023\/10\/meat-processing-blades-main1.jpg\",\"width\":800,\"height\":800,\"caption\":\"meat-processing-blades-main1\"},{\"@type\":\"BreadcrumbList\",\"@id\":\"https:\/\/maxtormetal.com\/product\/meat-processing-blades\/#breadcrumb\",\"itemListElement\":[{\"@type\":\"ListItem\",\"position\":1,\"name\":\"Home\",\"item\":\"https:\/\/maxtormetal.com\/\"},{\"@type\":\"ListItem\",\"position\":2,\"name\":\"Products\",\"item\":\"https:\/\/maxtormetal.com\/products\/\"},{\"@type\":\"ListItem\",\"position\":3,\"name\":\"Meat Processing Blades\"}]},{\"@type\":\"WebSite\",\"@id\":\"https:\/\/maxtormetal.com\/fr\/#website\",\"url\":\"https:\/\/maxtormetal.com\/fr\/\",\"name\":\"Maxtor Metal | Custom Industrial Blade Manufacturer &amp; Supplier\",\"description\":\"Mechanical blades and knives supplier for all machines made by China\",\"publisher\":{\"@id\":\"https:\/\/maxtormetal.com\/fr\/#organization\"},\"potentialAction\":[{\"@type\":\"SearchAction\",\"target\":{\"@type\":\"EntryPoint\",\"urlTemplate\":\"https:\/\/maxtormetal.com\/fr\/?s={search_term_string}\"},\"query-input\":{\"@type\":\"PropertyValueSpecification\",\"valueRequired\":true,\"valueName\":\"search_term_string\"}}],\"inLanguage\":\"de\"},{\"@type\":[\"Organization\",\"Place\"],\"@id\":\"https:\/\/maxtormetal.com\/fr\/#organization\",\"name\":\"Maxtor Metal\",\"alternateName\":\"Metal Industrial\",\"url\":\"https:\/\/maxtormetal.com\/fr\/\",\"logo\":{\"@id\":\"https:\/\/maxtormetal.com\/product\/meat-processing-blades\/#local-main-organization-logo\"},\"image\":{\"@id\":\"https:\/\/maxtormetal.com\/product\/meat-processing-blades\/#local-main-organization-logo\"},\"sameAs\":[\"https:\/\/www.facebook.com\/maxtormetalindustrial\",\"https:\/\/www.linkedin.com\/company\/maxtormetal\/\"],\"description\":\"Maxtor Metal (formerly known as Metal Industrial) is a custom industrial blade manufacturer based in Nanjing, China. Established in 2006 under Nanjing Metal Industrial CO., Limited, we specialize in manufacturing industrial machine blades, machine knives, and providing regrinding services for clients in over 80 countries worldwide.\",\"legalName\":\"Nanjing Metal Industrial CO., Limited\",\"foundingDate\":\"2006-02-18\",\"numberOfEmployees\":{\"@type\":\"QuantitativeValue\",\"minValue\":\"11\",\"maxValue\":\"50\"},\"address\":{\"@id\":\"https:\/\/maxtormetal.com\/product\/meat-processing-blades\/#local-main-place-address\"},\"telephone\":[],\"openingHoursSpecification\":[{\"@type\":\"OpeningHoursSpecification\",\"dayOfWeek\":[\"Monday\",\"Tuesday\",\"Wednesday\",\"Thursday\",\"Friday\",\"Saturday\",\"Sunday\"],\"opens\":\"09:00\",\"closes\":\"17:00\"}],\"email\":\"sales@maxtormetal.com\",\"areaServed\":\"Worldwide\",\"globalLocationNumber\":\"+86-158-6180-3357\"},{\"@type\":\"PostalAddress\",\"@id\":\"https:\/\/maxtormetal.com\/product\/meat-processing-blades\/#local-main-place-address\",\"streetAddress\":\"Mingjue Industrial Park, Lishui\",\"addressLocality\":\"Nanjing\",\"postalCode\":\"211223\",\"addressRegion\":\"Jiangsu\",\"addressCountry\":\"CN\"},{\"@type\":\"ImageObject\",\"inLanguage\":\"de\",\"@id\":\"https:\/\/maxtormetal.com\/product\/meat-processing-blades\/#local-main-organization-logo\",\"url\":\"https:\/\/maxtormetal.com\/wp-content\/uploads\/2023\/08\/cropped-cropped-logo-\u526f\u672c-\u526f\u672c-e1693303172756-1.png\",\"contentUrl\":\"https:\/\/maxtormetal.com\/wp-content\/uploads\/2023\/08\/cropped-cropped-logo-\u526f\u672c-\u526f\u672c-e1693303172756-1.png\",\"width\":441,\"height\":132,\"caption\":\"Maxtor Metal\"}]}<\/script>\n<meta name=\"geo.placename\" content=\"Nanjing\" \/>\n<meta name=\"geo.region\" content=\"China\" \/>\n<!-- \/ Yoast SEO Premium plugin. -->","yoast_head_json":{"title":"Meat Processing Blades - Maxtor Metal | Custom Industrial Blade Manufacturer &amp; Supplier","description":"Discover our comprehensive range of high-quality Meat Processing Blades for efficient butchering, slicing, and grinding. Durable, food-grade knives\uff01","robots":{"index":"index","follow":"follow","max-snippet":"max-snippet:-1","max-image-preview":"max-image-preview:large","max-video-preview":"max-video-preview:-1"},"canonical":"https:\/\/maxtormetal.com\/de\/produkt\/fleischverarbeitungsmesser\/","og_locale":"de_DE","og_type":"article","og_title":"Meat Processing Blades","og_description":"Discover our comprehensive range of high-quality Meat Processing Blades for efficient butchering, slicing, and grinding. Durable, food-grade knives\uff01","og_url":"https:\/\/maxtormetal.com\/de\/produkt\/fleischverarbeitungsmesser\/","og_site_name":"Maxtor Metal | Custom Industrial Blade Manufacturer &amp; Supplier","article_publisher":"https:\/\/www.facebook.com\/maxtormetalindustrial","article_modified_time":"2025-05-28T08:34:16+00:00","og_image":[{"width":800,"height":800,"url":"https:\/\/maxtormetal.com\/wp-content\/uploads\/2023\/10\/meat-processing-blades-main1.jpg","type":"image\/jpeg"}],"twitter_card":"summary_large_image","schema":{"@context":"https:\/\/schema.org","@graph":[{"@type":["WebPage","ItemPage"],"@id":"https:\/\/maxtormetal.com\/product\/meat-processing-blades\/","url":"https:\/\/maxtormetal.com\/product\/meat-processing-blades\/","name":"Meat Processing Blades - Maxtor Metal | Custom Industrial Blade Manufacturer &amp; Supplier","isPartOf":{"@id":"https:\/\/maxtormetal.com\/fr\/#website"},"primaryImageOfPage":{"@id":"https:\/\/maxtormetal.com\/product\/meat-processing-blades\/#primaryimage"},"image":{"@id":"https:\/\/maxtormetal.com\/product\/meat-processing-blades\/#primaryimage"},"thumbnailUrl":"https:\/\/maxtormetal.com\/wp-content\/uploads\/2023\/10\/meat-processing-blades-main1.jpg","datePublished":"2023-10-06T08:53:23+00:00","dateModified":"2025-05-28T08:34:16+00:00","description":"Discover our comprehensive range of high-quality Meat Processing Blades for efficient butchering, slicing, and grinding. Durable, food-grade knives\uff01","breadcrumb":{"@id":"https:\/\/maxtormetal.com\/product\/meat-processing-blades\/#breadcrumb"},"inLanguage":"de","potentialAction":[{"@type":"ReadAction","target":["https:\/\/maxtormetal.com\/product\/meat-processing-blades\/"]}]},{"@type":"ImageObject","inLanguage":"de","@id":"https:\/\/maxtormetal.com\/product\/meat-processing-blades\/#primaryimage","url":"https:\/\/maxtormetal.com\/wp-content\/uploads\/2023\/10\/meat-processing-blades-main1.jpg","contentUrl":"https:\/\/maxtormetal.com\/wp-content\/uploads\/2023\/10\/meat-processing-blades-main1.jpg","width":800,"height":800,"caption":"meat-processing-blades-main1"},{"@type":"BreadcrumbList","@id":"https:\/\/maxtormetal.com\/product\/meat-processing-blades\/#breadcrumb","itemListElement":[{"@type":"ListItem","position":1,"name":"Home","item":"https:\/\/maxtormetal.com\/"},{"@type":"ListItem","position":2,"name":"Products","item":"https:\/\/maxtormetal.com\/products\/"},{"@type":"ListItem","position":3,"name":"Meat Processing Blades"}]},{"@type":"WebSite","@id":"https:\/\/maxtormetal.com\/fr\/#website","url":"https:\/\/maxtormetal.com\/fr\/","name":"Maxtor Metal | Custom Industrial Blade Manufacturer &amp; Supplier","description":"Mechanical blades and knives supplier for all machines made by China","publisher":{"@id":"https:\/\/maxtormetal.com\/fr\/#organization"},"potentialAction":[{"@type":"SearchAction","target":{"@type":"EntryPoint","urlTemplate":"https:\/\/maxtormetal.com\/fr\/?s={search_term_string}"},"query-input":{"@type":"PropertyValueSpecification","valueRequired":true,"valueName":"search_term_string"}}],"inLanguage":"de"},{"@type":["Organization","Place"],"@id":"https:\/\/maxtormetal.com\/fr\/#organization","name":"Maxtor Metal","alternateName":"Metal Industrial","url":"https:\/\/maxtormetal.com\/fr\/","logo":{"@id":"https:\/\/maxtormetal.com\/product\/meat-processing-blades\/#local-main-organization-logo"},"image":{"@id":"https:\/\/maxtormetal.com\/product\/meat-processing-blades\/#local-main-organization-logo"},"sameAs":["https:\/\/www.facebook.com\/maxtormetalindustrial","https:\/\/www.linkedin.com\/company\/maxtormetal\/"],"description":"Maxtor Metal (formerly known as Metal Industrial) is a custom industrial blade manufacturer based in Nanjing, China. Established in 2006 under Nanjing Metal Industrial CO., Limited, we specialize in manufacturing industrial machine blades, machine knives, and providing regrinding services for clients in over 80 countries worldwide.","legalName":"Nanjing Metal Industrial CO., Limited","foundingDate":"2006-02-18","numberOfEmployees":{"@type":"QuantitativeValue","minValue":"11","maxValue":"50"},"address":{"@id":"https:\/\/maxtormetal.com\/product\/meat-processing-blades\/#local-main-place-address"},"telephone":[],"openingHoursSpecification":[{"@type":"OpeningHoursSpecification","dayOfWeek":["Monday","Tuesday","Wednesday","Thursday","Friday","Saturday","Sunday"],"opens":"09:00","closes":"17:00"}],"email":"sales@maxtormetal.com","areaServed":"Worldwide","globalLocationNumber":"+86-158-6180-3357"},{"@type":"PostalAddress","@id":"https:\/\/maxtormetal.com\/product\/meat-processing-blades\/#local-main-place-address","streetAddress":"Mingjue Industrial Park, Lishui","addressLocality":"Nanjing","postalCode":"211223","addressRegion":"Jiangsu","addressCountry":"CN"},{"@type":"ImageObject","inLanguage":"de","@id":"https:\/\/maxtormetal.com\/product\/meat-processing-blades\/#local-main-organization-logo","url":"https:\/\/maxtormetal.com\/wp-content\/uploads\/2023\/08\/cropped-cropped-logo-\u526f\u672c-\u526f\u672c-e1693303172756-1.png","contentUrl":"https:\/\/maxtormetal.com\/wp-content\/uploads\/2023\/08\/cropped-cropped-logo-\u526f\u672c-\u526f\u672c-e1693303172756-1.png","width":441,"height":132,"caption":"Maxtor Metal"}]},"geo.placename":"Nanjing","geo.region":"China"},"_links":{"self":[{"href":"https:\/\/maxtormetal.com\/de\/wp-json\/wp\/v2\/product\/3015"}],"collection":[{"href":"https:\/\/maxtormetal.com\/de\/wp-json\/wp\/v2\/product"}],"about":[{"href":"https:\/\/maxtormetal.com\/de\/wp-json\/wp\/v2\/types\/product"}],"wp:featuredmedia":[{"embeddable":true,"href":"https:\/\/maxtormetal.com\/de\/wp-json\/wp\/v2\/media\/3016"}],"wp:attachment":[{"href":"https:\/\/maxtormetal.com\/de\/wp-json\/wp\/v2\/media?parent=3015"}],"wp:term":[{"taxonomy":"product_cat","embeddable":true,"href":"https:\/\/maxtormetal.com\/de\/wp-json\/wp\/v2\/product_cat?post=3015"},{"taxonomy":"product_tag","embeddable":true,"href":"https:\/\/maxtormetal.com\/de\/wp-json\/wp\/v2\/product_tag?post=3015"}],"curies":[{"name":"wp","href":"https:\/\/api.w.org\/{rel}","templated":true}]}}