{"id":3036,"date":"2023-10-06T17:12:01","date_gmt":"2023-10-06T09:12:01","guid":{"rendered":"https:\/\/maxtormetal.com\/?post_type=product&#038;p=3036"},"modified":"2025-05-29T10:21:33","modified_gmt":"2025-05-29T02:21:33","slug":"fleischwolf-schneidklinge","status":"publish","type":"product","link":"https:\/\/maxtormetal.com\/de\/produkt\/fleischwolf-schneidklinge\/","title":{"rendered":"Fleischwolf-Messer"},"content":{"rendered":"<h3 data-sourcepos=\"3:1-3:45\">Was bedeuten die Schneidklingen eines Fleischwolfs?<\/h3>\r\n<p data-sourcepos=\"5:1-5:1098\">Der Begriff \u201eFleischwolf-Schneidklinge\u201c bezeichnet ein wichtiges Bauteil eines Fleischwolfs, das das Fleisch zun\u00e4chst schneidet und zerkleinert, bevor es durch die Fleischwolfscheibe gepresst wird. Die typischerweise stern- oder kreuzf\u00f6rmige, scharfkantige Fleischwolf-Schneidklinge rotiert mit der Schnecke des Fleischwolfs und verarbeitet gemeinsam mit der Fleischwolfscheibe die Fleischst\u00fccke zu einem gleichm\u00e4\u00dfigen Hackfleisch. Effizienz und Qualit\u00e4t des Mahlguts h\u00e4ngen ma\u00dfgeblich von der Sch\u00e4rfe und dem Design dieser Klinge ab. Regelm\u00e4\u00dfiger Gebrauch kann die Klinge stumpf werden lassen, sodass ein Sch\u00e4rfen oder ein Austausch erforderlich ist, um die optimale Leistung zu erhalten. Fleischwolf-Schneidklingen sind sowohl f\u00fcr gewerbliche als auch f\u00fcr private Fleischw\u00f6lfe unverzichtbar und erm\u00f6glichen die Zubereitung von Rinder-, Schweine-, Gefl\u00fcgel- und anderen Fleischsorten f\u00fcr verschiedene kulinarische Anwendungen. Je nach Ausf\u00fchrung und regionaler Terminologie werden diese Klingen auch als \u201eFleischwolfmesser\u201c, \u201eWaldmesser\u201c, \u201eSchneckenmesser (f\u00fcr Fleischw\u00f6lfe)\u201c, \u201eWurzelmesser\u201c oder \u201eFleischwolf-Kreuzmesser\u201c bezeichnet.<\/p>\r\n<h3 data-sourcepos=\"7:1-7:56\">Einsatzm\u00f6glichkeiten und Anwendungen von Fleischwolf-Schneidklingen<\/h3>\r\n<p data-sourcepos=\"9:1-9:224\">Fleischwolf-Schneidklingen sind ein wesentlicher Bestandteil jedes Fleischwolfs und dienen haupts\u00e4chlich dazu, ganzes Muskelfleisch zum Mahlen in kleinere St\u00fccke zu zerlegen. Zu den wichtigsten Einsatzm\u00f6glichkeiten und Anwendungsszenarien geh\u00f6ren:<\/p>\r\n<ul data-sourcepos=\"11:1-18:0\">\r\n<li data-sourcepos=\"11:1-11:182\"><strong>Rohes Fleisch zerkleinern:<\/strong> Wird zum Zerkleinern verschiedener Arten von rohem Fleisch wie Rind, Schwein, Lamm, Huhn und Pute verwendet, um Burger, W\u00fcrstchen, Hackbraten und andere Hackfleischgerichte herzustellen.<\/li>\r\n<li data-sourcepos=\"12:1-12:97\"><strong>Gekochtes Fleisch zerkleinern:<\/strong> Kann zum Zerkleinern von gekochtem Fleisch f\u00fcr F\u00fcllungen, Brotaufstriche oder Tiernahrung verwendet werden.<\/li>\r\n<li data-sourcepos=\"13:1-13:229\"><strong>Verarbeitung von Gem\u00fcse und anderen Lebensmitteln:<\/strong> Bei einigen Mehrzweckw\u00f6lfen kann das Schneidmesser des Fleischwolfs auch bei der Verarbeitung bestimmter Gem\u00fcsesorten oder anderer Lebensmittel hilfreich sein, obwohl hierf\u00fcr oft spezielle Aufs\u00e4tze bevorzugt werden.<\/li>\r\n<li data-sourcepos=\"14:1-14:169\"><strong>Kommerzielle Fleischverarbeitung:<\/strong> Wird in Gro\u00dfmengen-Fleischw\u00f6lfen in Metzgereien, Superm\u00e4rkten und Fleischverpackungsanlagen zur Herstellung gro\u00dfer Mengen Hackfleisch verwendet.<\/li>\r\n<li data-sourcepos=\"15:1-15:129\"><strong>Zubereitung von Speisen zu Hause:<\/strong> Unverzichtbar f\u00fcr Hobbyk\u00f6che, die ihr Fleisch aus Gr\u00fcnden der Frische, Qualit\u00e4tskontrolle und individuellen Gestaltung selbst mahlen.<\/li>\r\n<li data-sourcepos=\"16:1-16:124\"><strong>Wurstherstellung:<\/strong> Funktioniert in Verbindung mit F\u00fcllrohren, um Fleisch auf die gew\u00fcnschte Konsistenz f\u00fcr die Wurstf\u00fcllung zu mahlen.<\/li>\r\n<li data-sourcepos=\"17:1-18:0\"><strong>Tiernahrungsproduktion (kleiner Ma\u00dfstab):<\/strong> Heim- oder Kleinproduzenten von rohem oder gekochtem Tierfutter verwenden h\u00e4ufig Fleischw\u00f6lfe mit Fleischwolf-Schneidklingen.<\/li>\r\n<\/ul>\r\n<p data-sourcepos=\"19:1-19:179\">Die Gr\u00f6\u00dfe und das Design der Schneidklinge des Fleischwolfs m\u00fcssen mit dem jeweiligen Modell des verwendeten Fleischwolfs kompatibel sein, um eine ordnungsgem\u00e4\u00dfe Funktion und Mahlleistung zu gew\u00e4hrleisten.<\/p>\r\n<h3 data-sourcepos=\"21:1-21:52\">G\u00e4ngige Materialien f\u00fcr Fleischwolf-Schneidklingen<\/h3>\r\n<p data-sourcepos=\"23:1-23:316\">Die f\u00fcr die Herstellung der Fleischwolfklingen verwendeten Materialien werden aufgrund ihrer Sch\u00e4rfe, Haltbarkeit und Best\u00e4ndigkeit gegen den Mahlvorgang (einschlie\u00dflich m\u00f6glichem Kontakt mit kleinen Knochen oder Knorpel) sowie Korrosionsbest\u00e4ndigkeit ausgew\u00e4hlt, um wiederholtem Waschen und Kontakt mit Fleisch standzuhalten. Zu den g\u00e4ngigen Materialien geh\u00f6ren:<\/p>\r\n<ul data-sourcepos=\"25:1-28:0\">\r\n<li data-sourcepos=\"25:1-25:249\"><strong>Kohlenstoffstahl:<\/strong> Kann geh\u00e4rtet werden, um eine sehr scharfe Schneide zu erhalten und eignet sich daher gut zum Zerkleinern von Fleisch. Es ist jedoch anf\u00e4llig f\u00fcr Rost und erfordert sorgf\u00e4ltige Pflege. Oft muss es nach dem Waschen sofort getrocknet und gelegentlich ge\u00f6lt werden.<\/li>\r\n<li data-sourcepos=\"26:1-26:301\"><strong>Edelstahl (verschiedene G\u00fcten, z. B. 304, 420, 440):<\/strong> Das am h\u00e4ufigsten verwendete Material aufgrund seiner hervorragenden Korrosionsbest\u00e4ndigkeit, Langlebigkeit und Scharfhaltigkeit. Verschiedene G\u00fcten bieten unterschiedliche H\u00e4rtegrade und Verschlei\u00dffestigkeit. Lebensmittelechter Edelstahl ist f\u00fcr die Sicherheit unerl\u00e4sslich.<\/li>\r\n<li data-sourcepos=\"27:1-28:0\"><strong>Werkzeugstahl:<\/strong> Bietet hohe H\u00e4rte und Verschlei\u00dffestigkeit und eignet sich f\u00fcr anspruchsvolle Schleifarbeiten und den Dauereinsatz im gewerblichen Bereich. Rostfreier Werkzeugstahl vereint Langlebigkeit mit Korrosionsbest\u00e4ndigkeit.<\/li>\r\n<\/ul>\r\n<p data-sourcepos=\"29:1-29:220\">Bei der Materialwahl spielen Kosten, Sch\u00e4rfe, Haltbarkeit und Wartungsaufwand eine wichtige Rolle. Edelstahl wird in der Lebensmittelverarbeitung aufgrund seiner hohen Leistungsf\u00e4higkeit und Pflegeleichtigkeit bevorzugt.<\/p>\r\n<h3 data-sourcepos=\"31:1-31:48\">G\u00e4ngige Formen von Fleischwolf-Schneidklingen<\/h3>\r\n<p data-sourcepos=\"33:1-33:230\">Fleischwolf-Schneidklingen sind haupts\u00e4chlich in Stern- oder Kreuzform erh\u00e4ltlich. Die Anzahl der Spitzen, der Winkel und die Sch\u00e4rfe der Schneidkanten variieren, um die Mahlleistung zu optimieren. G\u00e4ngige Formen und Merkmale sind:<\/p>\r\n<ul data-sourcepos=\"35:1-41:0\">\r\n<li data-sourcepos=\"35:1-35:107\"><strong>2-Punkt-Klingen (doppelseitig):<\/strong> Eine einfache Kreuzform, die oft bei kleineren oder weniger leistungsstarken M\u00fchlen zu finden ist.<\/li>\r\n<li data-sourcepos=\"36:1-36:120\"><strong>4-Punkt-Klingen (sternf\u00f6rmig):<\/strong> Der gebr\u00e4uchlichste Typ, der ein gutes Gleichgewicht zwischen Schneidleistung und Durchsatz bietet.<\/li>\r\n<li data-sourcepos=\"37:1-37:139\"><strong>Klingen mit gebogenen oder abgewinkelten Fl\u00fcgeln:<\/strong> Designs, die darauf abzielen, die Zufuhr des Fleisches in den Fleischwolf zu verbessern und die Schneidwirkung zu steigern.<\/li>\r\n<li data-sourcepos=\"38:1-38:159\"><strong>Klingen mit unterschiedlichen Mittellochformen:<\/strong> Das Mittelloch entspricht der Form der Schneckenwelle der Schleifmaschine (z. B. quadratisch, mit Keil), um eine ordnungsgem\u00e4\u00dfe Drehung zu gew\u00e4hrleisten.<\/li>\r\n<li data-sourcepos=\"39:1-39:109\"><strong>Klingen mit unterschiedlicher Dicke:<\/strong> Die Dicke kann die Haltbarkeit und die F\u00e4higkeit zur Verarbeitung von z\u00e4herem Fleisch beeintr\u00e4chtigen.<\/li>\r\n<li data-sourcepos=\"40:1-41:0\"><strong>Klingen f\u00fcr bestimmte M\u00fchlengr\u00f6\u00dfen:<\/strong> Die Klingen sind auf bestimmte Schleifmaschinenmodelle abgestimmt und verf\u00fcgen \u00fcber entsprechende Mittellochdurchmesser und Gesamtabmessungen.<\/li>\r\n<\/ul>\r\n<p data-sourcepos=\"42:1-42:314\">Die Wahl der richtigen Form und Gr\u00f6\u00dfe der Fleischwolfklinge ist entscheidend f\u00fcr die Kompatibilit\u00e4t mit dem Fleischwolf und das Erreichen des gew\u00fcnschten Mahlergebnisses. Die Verwendung einer stumpfen oder falschen Klinge kann dazu f\u00fchren, dass das Fleisch verschmiert wird, anstatt sauber zu mahlen, was die Qualit\u00e4t und Leistung des Fleischwolfs beeintr\u00e4chtigt.<\/p>\r\n<p>Sollten Sie die gew\u00fcnschte Klinge nicht finden, k\u00f6nnen wir sie auch individuell anpassen. Siehe unsere \u201e<span style=\"color: #ff9900;\"><a style=\"color: #ff9900;\" href=\"https:\/\/maxtormetal.com\/de\/custom-blades\/\" target=\"_blank\" rel=\"noopener\"><em><strong>Kundenspezifische Klingen<\/strong><\/em><\/a><\/span>\u201d um zu erfahren wie! Willkommen bei\u00a0<em><strong><a href=\"https:\/\/maxtormetal.com\/de\/contact\/\" target=\"_blank\" rel=\"noopener\"><span style=\"color: #ff9900;\">Gerne k\u00f6nnen Sie uns eine Anfrage senden!<\/span><\/a><\/strong><\/em><\/p>\r\n<h4><span style=\"color: #ff9900;\"><a style=\"color: #ff9900;\" href=\"https:\/\/maxtormetal.com\/de\/brochures\/\" target=\"_blank\" rel=\"noopener\"><strong><em>Brosch\u00fcren \u00f6ffnen<\/em><\/strong><\/a><\/span><\/h4>\r\n<hr \/>\r\n<h2>Warum METAL w\u00e4hlen?<\/h2>\r\n<ol>\r\n<li>\r\n<h3><strong> Ein zentraler, problemloser Importservice<\/strong><\/h3>\r\n<\/li>\r\n<\/ol>\r\n<p>Genie\u00dfen Sie den Komfort eines nahtlosen Imports. Vom Transport bis zur Zollabwicklung \u00fcbernehmen wir den gesamten Prozess. Sie m\u00fcssen lediglich die Mehrwertsteuer entrichten und auf die Ankunft Ihrer Waren warten.<\/p>\r\n<ol start=\"2\">\r\n<li>\r\n<h3><strong> Wettbewerbsf\u00e4hige Preise<\/strong><\/h3>\r\n<\/li>\r\n<\/ol>\r\n<p>Wir haben unsere Klingen in unz\u00e4hligen Anwendungen bewiesen und sind bereit f\u00fcr jedes Projekt, das Sie uns vorstellen. Erwarten Sie Genauigkeit, Langlebigkeit und un\u00fcbertroffen wettbewerbsf\u00e4hige Preise.<\/p>\r\n<ol start=\"3\">\r\n<li>\r\n<h3><strong> ODM &amp; OEM verf\u00fcgbar<\/strong><\/h3>\r\n<\/li>\r\n<\/ol>\r\n<p>Ob Sie Zeichnungen, Skizzen oder Muster bereitstellen, wir k\u00f6nnen f\u00fcr Sie entwerfen und fertigen. Wir haben auch die F\u00e4higkeit, bei der Modifizierung bestehender Designs und Spezifikationen zu helfen, um nahezu jede industrielle Werkzeuganwendung zu verbessern. Bitte kontaktieren Sie unser engagiertes Vertriebsteam, um Ihre spezifischen Anforderungen zu besprechen.<\/p>\r\n<ol start=\"4\">\r\n<li>\r\n<h3><strong> Strenge Qualit\u00e4tskontrolle<\/strong><\/h3>\r\n<\/li>\r\n<\/ol>\r\n<p>Eine Reihe von Tests und Inspektionen werden zur Qualit\u00e4tskontrolle durchgef\u00fchrt, darunter die Erstmusterpr\u00fcfung, die Wareneingangspr\u00fcfung und Materialzertifizierung, die In-Prozess-Qualit\u00e4tspr\u00fcfung und die Endqualit\u00e4tspr\u00fcfung.<\/p>\r\n<ol start=\"5\">\r\n<li>\r\n<h3><strong> Flexible Beschaffung, uneingeschr\u00e4nkte Zusammenarbeit<\/strong><\/h3>\r\n<\/li>\r\n<\/ol>\r\n<p>Ob Sie ein Importeur, Distributor, Gro\u00dfh\u00e4ndler oder Endverbraucher sind, wir hei\u00dfen Sie herzlich willkommen. Profitieren Sie von minimalen Mindestbestellmengen (MOQs), problemlosen Anfragen und gr\u00f6\u00dferer Einkaufsfreiheit.<\/p>\r\n<ol start=\"6\">\r\n<li>\r\n<h3><strong> Echtzeit-Berichte zum Produktionsfortschritt<\/strong><\/h3>\r\n<\/li>\r\n<\/ol>\r\n<p>Betrachten Sie uns als Ihren exklusiven Monitor. Wir werden Ihnen regelm\u00e4\u00dfig Updates zu jedem wichtigen Knotenpunkt Ihrer Produktionslinie liefern. Egal wie weit entfernt, Sie erhalten Echtzeit-Einblicke in den Fortschritt Ihres Produkts.<\/p>\r\n<hr \/>\r\n<p><iframe loading=\"lazy\" title=\"Runder Fleischschneider Maschine Schneidemesser Klinge\" width=\"800\" height=\"600\" src=\"https:\/\/www.youtube.com\/embed\/iAiDz_CtDrE?feature=oembed&#038;enablejsapi=1&#038;origin=https:\/\/maxtormetal.com\" frameborder=\"0\" allow=\"accelerometer; autoplay; clipboard-write; encrypted-media; gyroscope; picture-in-picture; web-share\" referrerpolicy=\"strict-origin-when-cross-origin\" allowfullscreen><\/iframe><\/p>","protected":false},"excerpt":{"rendered":"<p>What do Meat Grinder Cutting Blades Mean? The term &#8220;Meat Grinder Cutting Blade&#8221; refers to a crucial component within a meat grinder machine responsible for the initial cutting and crushing of meat before it is forced through the grinder plate to produce ground meat. Typically star-shaped or cross-shaped with sharp edges, the Meat Grinder Cutting [&hellip;]<\/p>","protected":false},"featured_media":3037,"template":"","meta":[],"product_cat":[107,110,114,105,109],"product_tag":[815,814,423,813,816],"yoast_head":"<!-- This site is optimized with the Yoast SEO Premium plugin v23.6 (Yoast SEO v23.6) - https:\/\/yoast.com\/wordpress\/plugins\/seo\/ -->\n<title>Meat Grinder Cutting Blade - Metal Industrial, Industrial Blade Manufacturer, Cutting Knives and blades, Machine Knives and blades supplier, Custom Blades solution<\/title>\n<meta name=\"description\" content=\"Find high-quality Meat Grinder Cutting Blades for efficient grinding of beef, pork, poultry, and more. Durable and food-grade knives for home and commercial use. Shop now!\" \/>\n<meta name=\"robots\" content=\"index, follow, max-snippet:-1, max-image-preview:large, max-video-preview:-1\" \/>\n<link rel=\"canonical\" href=\"https:\/\/maxtormetal.com\/de\/produkt\/fleischwolf-schneidklinge\/\" \/>\n<meta property=\"og:locale\" content=\"de_DE\" \/>\n<meta property=\"og:type\" content=\"article\" \/>\n<meta property=\"og:title\" content=\"Meat Grinder Cutting Blade\" \/>\n<meta property=\"og:description\" content=\"Find high-quality Meat Grinder Cutting Blades for efficient grinding of beef, pork, poultry, and more. Durable and food-grade knives for home and commercial use. Shop now!\" \/>\n<meta property=\"og:url\" content=\"https:\/\/maxtormetal.com\/de\/produkt\/fleischwolf-schneidklinge\/\" \/>\n<meta property=\"og:site_name\" content=\"Metal Industrial, Industrial Blade Manufacturer, Cutting Knives and blades, Machine Knives and blades supplier, Custom Blades solution\" \/>\n<meta property=\"article:publisher\" content=\"https:\/\/www.facebook.com\/mengli.tang.3\" \/>\n<meta property=\"article:modified_time\" content=\"2025-05-29T02:21:33+00:00\" \/>\n<meta property=\"og:image\" content=\"https:\/\/maxtormetal.com\/wp-content\/uploads\/2023\/10\/Meat-Grinder-Cutting-Blade-detail11.jpg\" \/>\n\t<meta property=\"og:image:width\" content=\"800\" \/>\n\t<meta property=\"og:image:height\" content=\"800\" \/>\n\t<meta property=\"og:image:type\" content=\"image\/jpeg\" \/>\n<meta name=\"twitter:card\" content=\"summary_large_image\" \/>\n<meta name=\"twitter:site\" content=\"@MengliT13570\" \/>\n<script type=\"application\/ld+json\" class=\"yoast-schema-graph\">{\"@context\":\"https:\/\/schema.org\",\"@graph\":[{\"@type\":[\"WebPage\",\"ItemPage\"],\"@id\":\"https:\/\/maxtormetal.com\/product\/meat-grinder-cutting-blade\/\",\"url\":\"https:\/\/maxtormetal.com\/product\/meat-grinder-cutting-blade\/\",\"name\":\"Meat Grinder Cutting Blade - Metal Industrial, Industrial Blade Manufacturer, Cutting Knives and blades, Machine Knives and blades supplier, Custom Blades solution\",\"isPartOf\":{\"@id\":\"https:\/\/maxtormetal.com\/fr\/#website\"},\"primaryImageOfPage\":{\"@id\":\"https:\/\/maxtormetal.com\/product\/meat-grinder-cutting-blade\/#primaryimage\"},\"image\":{\"@id\":\"https:\/\/maxtormetal.com\/product\/meat-grinder-cutting-blade\/#primaryimage\"},\"thumbnailUrl\":\"https:\/\/maxtormetal.com\/wp-content\/uploads\/2023\/10\/Meat-Grinder-Cutting-Blade-detail11.jpg\",\"datePublished\":\"2023-10-06T09:12:01+00:00\",\"dateModified\":\"2025-05-29T02:21:33+00:00\",\"description\":\"Find high-quality Meat Grinder Cutting Blades for efficient grinding of beef, pork, poultry, and more. Durable and food-grade knives for home and commercial use. Shop now!\",\"breadcrumb\":{\"@id\":\"https:\/\/maxtormetal.com\/product\/meat-grinder-cutting-blade\/#breadcrumb\"},\"inLanguage\":\"de\",\"potentialAction\":[{\"@type\":\"ReadAction\",\"target\":[\"https:\/\/maxtormetal.com\/product\/meat-grinder-cutting-blade\/\"]}]},{\"@type\":\"ImageObject\",\"inLanguage\":\"de\",\"@id\":\"https:\/\/maxtormetal.com\/product\/meat-grinder-cutting-blade\/#primaryimage\",\"url\":\"https:\/\/maxtormetal.com\/wp-content\/uploads\/2023\/10\/Meat-Grinder-Cutting-Blade-detail11.jpg\",\"contentUrl\":\"https:\/\/maxtormetal.com\/wp-content\/uploads\/2023\/10\/Meat-Grinder-Cutting-Blade-detail11.jpg\",\"width\":800,\"height\":800},{\"@type\":\"BreadcrumbList\",\"@id\":\"https:\/\/maxtormetal.com\/product\/meat-grinder-cutting-blade\/#breadcrumb\",\"itemListElement\":[{\"@type\":\"ListItem\",\"position\":1,\"name\":\"Home\",\"item\":\"https:\/\/maxtormetal.com\/\"},{\"@type\":\"ListItem\",\"position\":2,\"name\":\"Products\",\"item\":\"https:\/\/maxtormetal.com\/products\/\"},{\"@type\":\"ListItem\",\"position\":3,\"name\":\"Meat Grinder Cutting Blade\"}]},{\"@type\":\"WebSite\",\"@id\":\"https:\/\/maxtormetal.com\/fr\/#website\",\"url\":\"https:\/\/maxtormetal.com\/fr\/\",\"name\":\"Metal Industrial, Industrial Blade Manufacturer, Cutting Knives and blades, Machine Knives and blades supplier, Custom Blades solution\",\"description\":\"Mechanical blades and knives supplier for all machines made by China\",\"publisher\":{\"@id\":\"https:\/\/maxtormetal.com\/fr\/#organization\"},\"potentialAction\":[{\"@type\":\"SearchAction\",\"target\":{\"@type\":\"EntryPoint\",\"urlTemplate\":\"https:\/\/maxtormetal.com\/fr\/?s={search_term_string}\"},\"query-input\":{\"@type\":\"PropertyValueSpecification\",\"valueRequired\":true,\"valueName\":\"search_term_string\"}}],\"inLanguage\":\"de\"},{\"@type\":[\"Organization\",\"Place\"],\"@id\":\"https:\/\/maxtormetal.com\/fr\/#organization\",\"name\":\"Nanjing Metal Industrial CO., Limited\",\"alternateName\":\"Metal Industrial\",\"url\":\"https:\/\/maxtormetal.com\/fr\/\",\"logo\":{\"@id\":\"https:\/\/maxtormetal.com\/product\/meat-grinder-cutting-blade\/#local-main-organization-logo\"},\"image\":{\"@id\":\"https:\/\/maxtormetal.com\/product\/meat-grinder-cutting-blade\/#local-main-organization-logo\"},\"sameAs\":[\"https:\/\/www.facebook.com\/mengli.tang.3\",\"https:\/\/x.com\/MengliT13570\",\"https:\/\/www.linkedin.com\/in\/metalindustrial\/\"],\"description\":\"NanjingMetal is specialized in manufacturing and supplying industrial blades and knives, and its main business is to provide customers with customized industrial blades to meet their specific needs. With an experienced design and production team, we utilize the supply chain advantage in China to provide customers with competitive high quality industrial blades and knives.\",\"legalName\":\"Nanjing Metal Industrial CO., Limited\",\"foundingDate\":\"2006-02-18\",\"numberOfEmployees\":{\"@type\":\"QuantitativeValue\",\"minValue\":\"11\",\"maxValue\":\"50\"},\"telephone\":[],\"openingHoursSpecification\":[{\"@type\":\"OpeningHoursSpecification\",\"dayOfWeek\":[\"Monday\",\"Tuesday\",\"Wednesday\",\"Thursday\",\"Friday\",\"Saturday\",\"Sunday\"],\"opens\":\"09:00\",\"closes\":\"17:00\"}]},{\"@type\":\"ImageObject\",\"inLanguage\":\"de\",\"@id\":\"https:\/\/maxtormetal.com\/product\/meat-grinder-cutting-blade\/#local-main-organization-logo\",\"url\":\"https:\/\/maxtormetal.com\/wp-content\/uploads\/2023\/08\/cropped-cropped-logo-\u526f\u672c-\u526f\u672c-e1693303172756-1.png\",\"contentUrl\":\"https:\/\/maxtormetal.com\/wp-content\/uploads\/2023\/08\/cropped-cropped-logo-\u526f\u672c-\u526f\u672c-e1693303172756-1.png\",\"width\":441,\"height\":132,\"caption\":\"Nanjing Metal Industrial CO., Limited\"}]}<\/script>\n<!-- \/ Yoast SEO Premium plugin. -->","yoast_head_json":{"title":"Meat Grinder Cutting Blade - Metal Industrial, Industrial Blade Manufacturer, Cutting Knives and blades, Machine Knives and blades supplier, Custom Blades solution","description":"Find high-quality Meat Grinder Cutting Blades for efficient grinding of beef, pork, poultry, and more. Durable and food-grade knives for home and commercial use. Shop now!","robots":{"index":"index","follow":"follow","max-snippet":"max-snippet:-1","max-image-preview":"max-image-preview:large","max-video-preview":"max-video-preview:-1"},"canonical":"https:\/\/maxtormetal.com\/de\/produkt\/fleischwolf-schneidklinge\/","og_locale":"de_DE","og_type":"article","og_title":"Meat Grinder Cutting Blade","og_description":"Find high-quality Meat Grinder Cutting Blades for efficient grinding of beef, pork, poultry, and more. Durable and food-grade knives for home and commercial use. Shop now!","og_url":"https:\/\/maxtormetal.com\/de\/produkt\/fleischwolf-schneidklinge\/","og_site_name":"Metal Industrial, Industrial Blade Manufacturer, Cutting Knives and blades, Machine Knives and blades supplier, Custom Blades solution","article_publisher":"https:\/\/www.facebook.com\/mengli.tang.3","article_modified_time":"2025-05-29T02:21:33+00:00","og_image":[{"width":800,"height":800,"url":"https:\/\/maxtormetal.com\/wp-content\/uploads\/2023\/10\/Meat-Grinder-Cutting-Blade-detail11.jpg","type":"image\/jpeg"}],"twitter_card":"summary_large_image","twitter_site":"@MengliT13570","schema":{"@context":"https:\/\/schema.org","@graph":[{"@type":["WebPage","ItemPage"],"@id":"https:\/\/maxtormetal.com\/product\/meat-grinder-cutting-blade\/","url":"https:\/\/maxtormetal.com\/product\/meat-grinder-cutting-blade\/","name":"Meat Grinder Cutting Blade - Metal Industrial, Industrial Blade Manufacturer, Cutting Knives and blades, Machine Knives and blades supplier, Custom Blades solution","isPartOf":{"@id":"https:\/\/maxtormetal.com\/fr\/#website"},"primaryImageOfPage":{"@id":"https:\/\/maxtormetal.com\/product\/meat-grinder-cutting-blade\/#primaryimage"},"image":{"@id":"https:\/\/maxtormetal.com\/product\/meat-grinder-cutting-blade\/#primaryimage"},"thumbnailUrl":"https:\/\/maxtormetal.com\/wp-content\/uploads\/2023\/10\/Meat-Grinder-Cutting-Blade-detail11.jpg","datePublished":"2023-10-06T09:12:01+00:00","dateModified":"2025-05-29T02:21:33+00:00","description":"Find high-quality Meat Grinder Cutting Blades for efficient grinding of beef, pork, poultry, and more. Durable and food-grade knives for home and commercial use. Shop now!","breadcrumb":{"@id":"https:\/\/maxtormetal.com\/product\/meat-grinder-cutting-blade\/#breadcrumb"},"inLanguage":"de","potentialAction":[{"@type":"ReadAction","target":["https:\/\/maxtormetal.com\/product\/meat-grinder-cutting-blade\/"]}]},{"@type":"ImageObject","inLanguage":"de","@id":"https:\/\/maxtormetal.com\/product\/meat-grinder-cutting-blade\/#primaryimage","url":"https:\/\/maxtormetal.com\/wp-content\/uploads\/2023\/10\/Meat-Grinder-Cutting-Blade-detail11.jpg","contentUrl":"https:\/\/maxtormetal.com\/wp-content\/uploads\/2023\/10\/Meat-Grinder-Cutting-Blade-detail11.jpg","width":800,"height":800},{"@type":"BreadcrumbList","@id":"https:\/\/maxtormetal.com\/product\/meat-grinder-cutting-blade\/#breadcrumb","itemListElement":[{"@type":"ListItem","position":1,"name":"Home","item":"https:\/\/maxtormetal.com\/"},{"@type":"ListItem","position":2,"name":"Products","item":"https:\/\/maxtormetal.com\/products\/"},{"@type":"ListItem","position":3,"name":"Meat Grinder Cutting Blade"}]},{"@type":"WebSite","@id":"https:\/\/maxtormetal.com\/fr\/#website","url":"https:\/\/maxtormetal.com\/fr\/","name":"Metal Industrial, Industrial Blade Manufacturer, Cutting Knives and blades, Machine Knives and blades supplier, Custom Blades solution","description":"Mechanical blades and knives supplier for all machines made by China","publisher":{"@id":"https:\/\/maxtormetal.com\/fr\/#organization"},"potentialAction":[{"@type":"SearchAction","target":{"@type":"EntryPoint","urlTemplate":"https:\/\/maxtormetal.com\/fr\/?s={search_term_string}"},"query-input":{"@type":"PropertyValueSpecification","valueRequired":true,"valueName":"search_term_string"}}],"inLanguage":"de"},{"@type":["Organization","Place"],"@id":"https:\/\/maxtormetal.com\/fr\/#organization","name":"Nanjing Metal Industrial CO., Limited","alternateName":"Metal Industrial","url":"https:\/\/maxtormetal.com\/fr\/","logo":{"@id":"https:\/\/maxtormetal.com\/product\/meat-grinder-cutting-blade\/#local-main-organization-logo"},"image":{"@id":"https:\/\/maxtormetal.com\/product\/meat-grinder-cutting-blade\/#local-main-organization-logo"},"sameAs":["https:\/\/www.facebook.com\/mengli.tang.3","https:\/\/x.com\/MengliT13570","https:\/\/www.linkedin.com\/in\/metalindustrial\/"],"description":"NanjingMetal is specialized in manufacturing and supplying industrial blades and knives, and its main business is to provide customers with customized industrial blades to meet their specific needs. With an experienced design and production team, we utilize the supply chain advantage in China to provide customers with competitive high quality industrial blades and knives.","legalName":"Nanjing Metal Industrial CO., Limited","foundingDate":"2006-02-18","numberOfEmployees":{"@type":"QuantitativeValue","minValue":"11","maxValue":"50"},"telephone":[],"openingHoursSpecification":[{"@type":"OpeningHoursSpecification","dayOfWeek":["Monday","Tuesday","Wednesday","Thursday","Friday","Saturday","Sunday"],"opens":"09:00","closes":"17:00"}]},{"@type":"ImageObject","inLanguage":"de","@id":"https:\/\/maxtormetal.com\/product\/meat-grinder-cutting-blade\/#local-main-organization-logo","url":"https:\/\/maxtormetal.com\/wp-content\/uploads\/2023\/08\/cropped-cropped-logo-\u526f\u672c-\u526f\u672c-e1693303172756-1.png","contentUrl":"https:\/\/maxtormetal.com\/wp-content\/uploads\/2023\/08\/cropped-cropped-logo-\u526f\u672c-\u526f\u672c-e1693303172756-1.png","width":441,"height":132,"caption":"Nanjing Metal Industrial CO., Limited"}]}},"_links":{"self":[{"href":"https:\/\/maxtormetal.com\/de\/wp-json\/wp\/v2\/product\/3036"}],"collection":[{"href":"https:\/\/maxtormetal.com\/de\/wp-json\/wp\/v2\/product"}],"about":[{"href":"https:\/\/maxtormetal.com\/de\/wp-json\/wp\/v2\/types\/product"}],"wp:featuredmedia":[{"embeddable":true,"href":"https:\/\/maxtormetal.com\/de\/wp-json\/wp\/v2\/media\/3037"}],"wp:attachment":[{"href":"https:\/\/maxtormetal.com\/de\/wp-json\/wp\/v2\/media?parent=3036"}],"wp:term":[{"taxonomy":"product_cat","embeddable":true,"href":"https:\/\/maxtormetal.com\/de\/wp-json\/wp\/v2\/product_cat?post=3036"},{"taxonomy":"product_tag","embeddable":true,"href":"https:\/\/maxtormetal.com\/de\/wp-json\/wp\/v2\/product_tag?post=3036"}],"curies":[{"name":"wp","href":"https:\/\/api.w.org\/{rel}","templated":true}]}}