{"id":3051,"date":"2023-10-06T17:22:19","date_gmt":"2023-10-06T09:22:19","guid":{"rendered":"https:\/\/maxtormetal.com\/?post_type=product&#038;p=3051"},"modified":"2025-05-06T18:48:44","modified_gmt":"2025-05-06T10:48:44","slug":"drei-messer-schneider-klingen","status":"publish","type":"product","link":"https:\/\/maxtormetal.com\/de\/produkt\/drei-messer-schneider-klingen\/","title":{"rendered":"3-Messer-Trimmerklingen"},"content":{"rendered":"<h2 data-sourcepos=\"1:1-1:41\">Was bedeuten 3-Messer-Trimmerklingen?<\/h2>\r\n<p data-sourcepos=\"3:1-3:595\">3-Messer-Schneideklingen, auch Dreimesser-Cutterklingen genannt, sind S\u00e4tze von Pr\u00e4zisionsschneidmessern, die in einer Dreimesser-Schneidemaschine verwendet werden. Diese Maschinen sind in der Druck- und Buchbinderei unverzichtbar, um drei Seiten (Vorder-, Kopf- und Fu\u00dfkante) eines Stapels von Druckerzeugnissen wie B\u00fcchern, Zeitschriften, Brosch\u00fcren und Katalogen gleichzeitig auf ihre endg\u00fcltigen, sauberen Abmessungen zu beschneiden. Ein Satz 3-Messer-Schneideklingen besteht typischerweise aus einer Vorder- (Vorder-)Klinge und zwei Seitenklingen (Kopf- und Fu\u00dfkante), die koordiniert arbeiten, um einen pr\u00e4zisen und effizienten Schnitt zu gew\u00e4hrleisten.<\/p>\r\n<h2 data-sourcepos=\"5:1-5:50\">Einsatzm\u00f6glichkeiten und Anwendungen von 3-Messer-Trimmerklingen<\/h2>\r\n<p data-sourcepos=\"7:1-7:144\">3-Messer-Cutterklingen sind f\u00fcr die Weiterverarbeitung von Druckmaterialien in der Massenproduktion unerl\u00e4sslich. Ihre Hauptanwendungen umfassen:<\/p>\r\n<ul data-sourcepos=\"9:1-14:0\">\r\n<li data-sourcepos=\"9:1-9:142\"><strong>Buchbinderei:<\/strong> Beschneiden der Kanten von Buchbl\u00f6cken nach dem N\u00e4hen oder Klebebinden, um saubere, gleichm\u00e4\u00dfige Kanten f\u00fcr das Anbringen des Umschlags zu erhalten.<\/li>\r\n<li data-sourcepos=\"10:1-10:174\"><strong>Zeitschriften- und Brosch\u00fcrenproduktion:<\/strong> Abschlie\u00dfender Zuschnitt von Zeitschriften, Brosch\u00fcren und Katalogen nach dem Drucken und Falzen, um die richtige Gr\u00f6\u00dfe und ein professionelles Finish zu erreichen.<\/li>\r\n<li data-sourcepos=\"11:1-11:153\"><strong>Produktion von Softcover- und Hardcover-B\u00fcchern:<\/strong> Sicherstellung pr\u00e4ziser Abmessungen f\u00fcr Softcover- und Hardcover-B\u00fccher, bevor diese f\u00fcr den Vertrieb bereit sind.<\/li>\r\n<li data-sourcepos=\"12:1-12:102\"><strong>Kommerzieller Druck:<\/strong> Zuschneiden verschiedener Druckprodukte wie Brosch\u00fcren, Zeitschriften und Verzeichnisse.<\/li>\r\n<li data-sourcepos=\"13:1-14:0\"><strong>Inline-Finishing-Systeme:<\/strong> Integration in automatisierte Druck- und Bindelinien f\u00fcr nahtloses Zuschneiden fertiger Produkte.<\/li>\r\n<\/ul>\r\n<h2 data-sourcepos=\"15:1-15:46\">G\u00e4ngige Materialien f\u00fcr 3-Messer-Trimmerklingen<\/h2>\r\n<p data-sourcepos=\"17:1-17:225\">Die f\u00fcr Dreimesser-Trimmerklingen verwendeten Materialien m\u00fcssen hochwertig sein, um saubere Schnitte, eine lange Lebensdauer und Verschlei\u00dffestigkeit zu gew\u00e4hrleisten, insbesondere bei der Verarbeitung verschiedener Papiersorten und Beschichtungen. Zu den g\u00e4ngigen Materialien geh\u00f6ren:<\/p>\r\n<ul data-sourcepos=\"19:1-22:0\">\r\n<li data-sourcepos=\"19:1-19:170\"><strong>Schnellarbeitsstahl (HSS) (z. B. M2, M42):<\/strong> Bietet eine gute Verschlei\u00dffestigkeit und beh\u00e4lt bei hohen Schnittgeschwindigkeiten eine scharfe Kante, geeignet f\u00fcr eine breite Palette von Papiersorten.<\/li>\r\n<li data-sourcepos=\"20:1-20:267\"><strong>Legierter Werkzeugstahl (z. B. D2, A2):<\/strong> Bietet hervorragende Verschlei\u00dffestigkeit und ist ideal f\u00fcr die Verarbeitung von dickerem Papier, beschichtetem Material und die Produktion gro\u00dfer St\u00fcckzahlen. Es gew\u00e4hrleistet eine gleichbleibende Schnittqualit\u00e4t \u00fcber lange Zeitr\u00e4ume. D2-Stahl wird aufgrund seiner Langlebigkeit besonders gesch\u00e4tzt.<\/li>\r\n<li data-sourcepos=\"21:1-22:0\"><strong>Hartmetallbest\u00fcckte Klingen:<\/strong> Die Schneidkanten sind mit Hartmetalleins\u00e4tzen ausgestattet, die eine au\u00dfergew\u00f6hnliche H\u00e4rte und Verschlei\u00dffestigkeit bieten. Sie werden bei sehr hohen Produktionsmengen und bei der Bearbeitung von Schleifpapier oder Materialien mit Beschichtungen eingesetzt, die Stahlklingen schnell stumpf machen k\u00f6nnen. Hartmetallspitzen verl\u00e4ngern die Lebensdauer der Klingen erheblich und reduzieren die Ausfallzeiten zum Sch\u00e4rfen.<\/li>\r\n<\/ul>\r\n<p data-sourcepos=\"23:1-23:244\">Die Klingen sind pr\u00e4zisionsgeschliffen und oft geh\u00e4rtet und angelassen, um ein optimales Gleichgewicht zwischen Sch\u00e4rfe und Haltbarkeit zu erreichen. Die Oberfl\u00e4chenbeschaffenheit ist entscheidend, um Reibung zu minimieren und saubere Schnitte ohne Einrei\u00dfen oder Ausfransen der Papierkanten zu gew\u00e4hrleisten.<\/p>\r\n<h2 data-sourcepos=\"25:1-25:38\">G\u00e4ngige Formen von Buchschneiderklingen<\/h2>\r\n<p data-sourcepos=\"27:1-27:149\">Ein Satz 3-Messer-Trimmerklingen besteht normalerweise aus drei Klingen mit spezifischen Formen und Abschr\u00e4gungen, die f\u00fcr ihre jeweiligen Trimmaufgaben optimiert sind:<\/p>\r\n<ul data-sourcepos=\"29:1-33:0\">\r\n<li data-sourcepos=\"29:1-29:252\"><strong>Vordere Klinge (Vorderkante):<\/strong> Dieses Messer hat in der Regel eine gerade Schneide und ist f\u00fcr den Hauptbeschnitt der offenen Kante des Buchblocks oder Druckerzeugnisses zust\u00e4ndig. Der Schr\u00e4gwinkel ist entscheidend f\u00fcr einen sauberen Schnitt, ohne das Papier zu ziehen oder zu rei\u00dfen.<\/li>\r\n<li data-sourcepos=\"30:1-30:273\"><strong>Seitliche (Kopf- und Schwanz-)Klingen:<\/strong> Diese beiden Klingen beschneiden die Ober- und Unterkante des Buchblocks. Sie sind oft k\u00fcrzer als die vordere Klinge und bewegen sich synchron. Ihre Form und Abschr\u00e4gung sind f\u00fcr pr\u00e4zise und saubere Schnitte an den gebundenen Kanten ausgelegt.<\/li>\r\n<li data-sourcepos=\"31:1-31:79\"><strong>Massive Klingen:<\/strong> Die Schneide ist ein integraler Bestandteil des Klingenmaterials.<\/li>\r\n<li data-sourcepos=\"32:1-33:0\"><strong>Eingelegte Klingen:<\/strong> Verf\u00fcgt \u00fcber einen Streifen aus Hochleistungsmaterial (wie HSS oder Hartmetall), der in einen weicheren Klingenk\u00f6rper eingelegt ist und so ein Gleichgewicht zwischen Kosteneffizienz und Leistung bietet.<\/li>\r\n<\/ul>\r\n<p data-sourcepos=\"34:1-34:646\">Das Funktionsprinzip von Dreischneiderklingen besteht darin, dass die drei Klingen synchron bewegt werden, um die drei offenen Seiten eines Stapels von Druckerzeugnissen in einem einzigen Zyklus zu beschneiden. Der Stapel wird pr\u00e4zise positioniert, und dann bewegt sich die vordere Klinge horizontal, um die Vorderkante zu beschneiden, w\u00e4hrend die beiden seitlichen Klingen vertikal den Anfang und das Ende beschneiden. Die Schnittgenauigkeit h\u00e4ngt von der Sch\u00e4rfe und Ausrichtung der Klingen sowie der pr\u00e4zisen mechanischen Funktion der Schneidemaschine ab. Regelm\u00e4\u00dfiges Sch\u00e4rfen und die ordnungsgem\u00e4\u00dfe Wartung der Dreischneiderklingen sind unerl\u00e4sslich, um die Schnittqualit\u00e4t zu erhalten und die Lebensdauer der Klingen zu verl\u00e4ngern.<\/p>\r\n<p>\"\u00a0<span style=\"color: #ff9900;\"><em><strong><a style=\"color: #ff9900;\" href=\"https:\/\/maxtormetal.com\/de\/contact\/\" target=\"_blank\" rel=\"noopener\">Gerne k\u00f6nnen Sie uns eine Anfrage senden!<\/a><\/strong><\/em><\/span><\/p>\r\n<p>Wenn Sie das gew\u00fcnschte Scherblatt nicht finden, k\u00f6nnen wir es auch individuell anpassen, siehe unsere <span style=\"color: #ff9900;\">\u201e<a style=\"color: #ff9900;\" href=\"https:\/\/maxtormetal.com\/de\/custom-blades\/\" target=\"_blank\" rel=\"noopener\"><em><strong>Kundenspezifische Klingen<\/strong><\/em><\/a>\u201e<\/span> um zu lernen wie!<\/p>\r\n<h4><a href=\"https:\/\/maxtormetal.com\/de\/brochures\/\" target=\"_blank\" rel=\"noopener\"><strong><em><span style=\"color: #ff9900;\">Brosch\u00fcren \u00f6ffnen<\/span><\/em><\/strong><\/a><\/h4>\r\n<hr \/><hr \/>\r\n<h2>Warum METAL w\u00e4hlen?<\/h2>\r\n<ol>\r\n<li><strong> Ein zentraler, problemloser Importservice<\/strong><\/li>\r\n<\/ol>\r\n<p>Genie\u00dfen Sie den Komfort eines nahtlosen Imports. Vom Transport bis zur Zollabwicklung \u00fcbernehmen wir den gesamten Prozess. Sie m\u00fcssen lediglich die Mehrwertsteuer entrichten und auf die Ankunft Ihrer Waren warten.<\/p>\r\n<ol start=\"2\">\r\n<li><strong> Wettbewerbsf\u00e4hige Preise<\/strong><\/li>\r\n<\/ol>\r\n<p>Wir haben unsere Klingen in unz\u00e4hligen Anwendungen bewiesen und sind bereit f\u00fcr jedes Projekt, das Sie uns vorstellen. Erwarten Sie Genauigkeit, Langlebigkeit und un\u00fcbertroffen wettbewerbsf\u00e4hige Preise.<\/p>\r\n<ol start=\"3\">\r\n<li><strong> ODM &amp; OEM verf\u00fcgbar<\/strong><\/li>\r\n<\/ol>\r\n<p>Ob Sie Zeichnungen, Skizzen oder Muster bereitstellen, wir k\u00f6nnen f\u00fcr Sie entwerfen und fertigen. Wir haben auch die F\u00e4higkeit, bei der Modifizierung bestehender Designs und Spezifikationen zu helfen, um nahezu jede industrielle Werkzeuganwendung zu verbessern. Bitte kontaktieren Sie unser engagiertes Vertriebsteam, um Ihre spezifischen Anforderungen zu besprechen.<\/p>\r\n<ol start=\"4\">\r\n<li><strong> Strenge Qualit\u00e4tskontrolle<\/strong><\/li>\r\n<\/ol>\r\n<p>Eine Reihe von Tests und Inspektionen werden zur Qualit\u00e4tskontrolle durchgef\u00fchrt, darunter die Erstmusterpr\u00fcfung, die Wareneingangspr\u00fcfung und Materialzertifizierung, die In-Prozess-Qualit\u00e4tspr\u00fcfung und die Endqualit\u00e4tspr\u00fcfung.<\/p>\r\n<ol start=\"5\">\r\n<li><strong> Flexible Beschaffung, uneingeschr\u00e4nkte Zusammenarbeit<\/strong><\/li>\r\n<\/ol>\r\n<p>Ob Sie ein Importeur, Distributor, Gro\u00dfh\u00e4ndler oder Endverbraucher sind, wir hei\u00dfen Sie herzlich willkommen. Profitieren Sie von minimalen Mindestbestellmengen (MOQs), problemlosen Anfragen und gr\u00f6\u00dferer Einkaufsfreiheit.<\/p>\r\n<ol start=\"6\">\r\n<li><strong> Echtzeit-Berichte zum Produktionsfortschritt<\/strong><\/li>\r\n<\/ol>\r\n<p>Betrachten Sie uns als Ihren exklusiven Monitor. Wir werden Ihnen regelm\u00e4\u00dfig Updates zu jedem wichtigen Knotenpunkt Ihrer Produktionslinie liefern. Egal wie weit entfernt, Sie erhalten Echtzeit-Einblicke in den Fortschritt Ihres Produkts.<\/p>\r\n<hr \/>\r\n<p><iframe loading=\"lazy\" title=\"Dreiseitige Papierschneideklinge f\u00fcr Papierschneidemaschine\" width=\"800\" height=\"600\" src=\"https:\/\/www.youtube.com\/embed\/YLQELEjeeLs?feature=oembed&#038;enablejsapi=1&#038;origin=https:\/\/maxtormetal.com\" frameborder=\"0\" allow=\"accelerometer; autoplay; clipboard-write; encrypted-media; gyroscope; picture-in-picture; web-share\" referrerpolicy=\"strict-origin-when-cross-origin\" allowfullscreen><\/iframe><\/p>","protected":false},"excerpt":{"rendered":"<p>What do 3-Knife Trimmer Blades Mean? 3-knife trimmer blades, also known as three-knife cutter blades, are sets of precision cutting knives used in a three-knife trimmer machine. These machines are essential in the printing and bookbinding industries for simultaneously trimming three sides (fore-edge, head, and tail) of a stack of printed products like books, magazines, [&hellip;]<\/p>","protected":false},"featured_media":3055,"template":"","meta":[],"product_cat":[100,108],"product_tag":[420],"yoast_head":"<!-- This site is optimized with the Yoast SEO Premium plugin v23.6 (Yoast SEO v23.6) - https:\/\/yoast.com\/wordpress\/plugins\/seo\/ -->\n<title>3-knife Trimmer Blades - Metal Industrial, Industrial Blade Manufacturer, Cutting Knives and blades, Machine Knives and blades supplier, Custom Blades solution<\/title>\n<meta name=\"description\" content=\"Explore our high-quality 3-knife trimmer blades and three-knife cutter blades for precise book and magazine trimming.Find durable book trimmer blades.\" \/>\n<meta name=\"robots\" content=\"index, follow, max-snippet:-1, max-image-preview:large, max-video-preview:-1\" \/>\n<link rel=\"canonical\" href=\"https:\/\/maxtormetal.com\/de\/produkt\/drei-messer-schneider-klingen\/\" \/>\n<meta property=\"og:locale\" content=\"de_DE\" \/>\n<meta property=\"og:type\" content=\"article\" \/>\n<meta property=\"og:title\" content=\"3-knife Trimmer Blades\" \/>\n<meta property=\"og:description\" content=\"Explore our high-quality 3-knife trimmer blades and three-knife cutter blades for precise book and magazine trimming.Find durable book trimmer blades.\" \/>\n<meta property=\"og:url\" content=\"https:\/\/maxtormetal.com\/de\/produkt\/drei-messer-schneider-klingen\/\" \/>\n<meta property=\"og:site_name\" content=\"Metal Industrial, Industrial Blade Manufacturer, Cutting Knives and blades, Machine Knives and blades supplier, Custom Blades solution\" \/>\n<meta property=\"article:publisher\" content=\"https:\/\/www.facebook.com\/mengli.tang.3\" \/>\n<meta property=\"article:modified_time\" content=\"2025-05-06T10:48:44+00:00\" \/>\n<meta property=\"og:image\" content=\"https:\/\/maxtormetal.com\/wp-content\/uploads\/2023\/10\/3-knife-trimmer-blades-main1.jpg\" \/>\n\t<meta property=\"og:image:width\" content=\"800\" \/>\n\t<meta property=\"og:image:height\" content=\"800\" \/>\n\t<meta property=\"og:image:type\" content=\"image\/jpeg\" \/>\n<meta name=\"twitter:card\" content=\"summary_large_image\" \/>\n<meta name=\"twitter:site\" content=\"@MengliT13570\" \/>\n<script type=\"application\/ld+json\" class=\"yoast-schema-graph\">{\"@context\":\"https:\/\/schema.org\",\"@graph\":[{\"@type\":[\"WebPage\",\"ItemPage\"],\"@id\":\"https:\/\/maxtormetal.com\/product\/3-knife-trimmer-blades\/\",\"url\":\"https:\/\/maxtormetal.com\/product\/3-knife-trimmer-blades\/\",\"name\":\"3-knife Trimmer Blades - Metal Industrial, Industrial Blade Manufacturer, Cutting Knives and blades, Machine Knives and blades supplier, Custom Blades solution\",\"isPartOf\":{\"@id\":\"https:\/\/maxtormetal.com\/fr\/#website\"},\"primaryImageOfPage\":{\"@id\":\"https:\/\/maxtormetal.com\/product\/3-knife-trimmer-blades\/#primaryimage\"},\"image\":{\"@id\":\"https:\/\/maxtormetal.com\/product\/3-knife-trimmer-blades\/#primaryimage\"},\"thumbnailUrl\":\"https:\/\/maxtormetal.com\/wp-content\/uploads\/2023\/10\/3-knife-trimmer-blades-main1.jpg\",\"datePublished\":\"2023-10-06T09:22:19+00:00\",\"dateModified\":\"2025-05-06T10:48:44+00:00\",\"description\":\"Explore our high-quality 3-knife trimmer blades and three-knife cutter blades for precise book and magazine trimming.Find durable book trimmer blades.\",\"breadcrumb\":{\"@id\":\"https:\/\/maxtormetal.com\/product\/3-knife-trimmer-blades\/#breadcrumb\"},\"inLanguage\":\"de\",\"potentialAction\":[{\"@type\":\"ReadAction\",\"target\":[\"https:\/\/maxtormetal.com\/product\/3-knife-trimmer-blades\/\"]}]},{\"@type\":\"ImageObject\",\"inLanguage\":\"de\",\"@id\":\"https:\/\/maxtormetal.com\/product\/3-knife-trimmer-blades\/#primaryimage\",\"url\":\"https:\/\/maxtormetal.com\/wp-content\/uploads\/2023\/10\/3-knife-trimmer-blades-main1.jpg\",\"contentUrl\":\"https:\/\/maxtormetal.com\/wp-content\/uploads\/2023\/10\/3-knife-trimmer-blades-main1.jpg\",\"width\":800,\"height\":800},{\"@type\":\"BreadcrumbList\",\"@id\":\"https:\/\/maxtormetal.com\/product\/3-knife-trimmer-blades\/#breadcrumb\",\"itemListElement\":[{\"@type\":\"ListItem\",\"position\":1,\"name\":\"Home\",\"item\":\"https:\/\/maxtormetal.com\/\"},{\"@type\":\"ListItem\",\"position\":2,\"name\":\"Products\",\"item\":\"https:\/\/maxtormetal.com\/products\/\"},{\"@type\":\"ListItem\",\"position\":3,\"name\":\"3-knife Trimmer Blades\"}]},{\"@type\":\"WebSite\",\"@id\":\"https:\/\/maxtormetal.com\/fr\/#website\",\"url\":\"https:\/\/maxtormetal.com\/fr\/\",\"name\":\"Metal Industrial, Industrial Blade Manufacturer, Cutting Knives and blades, Machine Knives and blades supplier, Custom Blades solution\",\"description\":\"Mechanical blades and knives supplier for all machines made by China\",\"publisher\":{\"@id\":\"https:\/\/maxtormetal.com\/fr\/#organization\"},\"potentialAction\":[{\"@type\":\"SearchAction\",\"target\":{\"@type\":\"EntryPoint\",\"urlTemplate\":\"https:\/\/maxtormetal.com\/fr\/?s={search_term_string}\"},\"query-input\":{\"@type\":\"PropertyValueSpecification\",\"valueRequired\":true,\"valueName\":\"search_term_string\"}}],\"inLanguage\":\"de\"},{\"@type\":[\"Organization\",\"Place\"],\"@id\":\"https:\/\/maxtormetal.com\/fr\/#organization\",\"name\":\"Nanjing Metal Industrial CO., Limited\",\"alternateName\":\"Metal Industrial\",\"url\":\"https:\/\/maxtormetal.com\/fr\/\",\"logo\":{\"@id\":\"https:\/\/maxtormetal.com\/product\/3-knife-trimmer-blades\/#local-main-organization-logo\"},\"image\":{\"@id\":\"https:\/\/maxtormetal.com\/product\/3-knife-trimmer-blades\/#local-main-organization-logo\"},\"sameAs\":[\"https:\/\/www.facebook.com\/mengli.tang.3\",\"https:\/\/x.com\/MengliT13570\",\"https:\/\/www.linkedin.com\/in\/metalindustrial\/\"],\"description\":\"NanjingMetal is specialized in manufacturing and supplying industrial blades and knives, and its main business is to provide customers with customized industrial blades to meet their specific needs. With an experienced design and production team, we utilize the supply chain advantage in China to provide customers with competitive high quality industrial blades and knives.\",\"legalName\":\"Nanjing Metal Industrial CO., Limited\",\"foundingDate\":\"2006-02-18\",\"numberOfEmployees\":{\"@type\":\"QuantitativeValue\",\"minValue\":\"11\",\"maxValue\":\"50\"},\"telephone\":[],\"openingHoursSpecification\":[{\"@type\":\"OpeningHoursSpecification\",\"dayOfWeek\":[\"Monday\",\"Tuesday\",\"Wednesday\",\"Thursday\",\"Friday\",\"Saturday\",\"Sunday\"],\"opens\":\"09:00\",\"closes\":\"17:00\"}]},{\"@type\":\"ImageObject\",\"inLanguage\":\"de\",\"@id\":\"https:\/\/maxtormetal.com\/product\/3-knife-trimmer-blades\/#local-main-organization-logo\",\"url\":\"https:\/\/maxtormetal.com\/wp-content\/uploads\/2023\/08\/cropped-cropped-logo-\u526f\u672c-\u526f\u672c-e1693303172756-1.png\",\"contentUrl\":\"https:\/\/maxtormetal.com\/wp-content\/uploads\/2023\/08\/cropped-cropped-logo-\u526f\u672c-\u526f\u672c-e1693303172756-1.png\",\"width\":441,\"height\":132,\"caption\":\"Nanjing Metal Industrial CO., Limited\"}]}<\/script>\n<!-- \/ Yoast SEO Premium plugin. -->","yoast_head_json":{"title":"3-knife Trimmer Blades - Metal Industrial, Industrial Blade Manufacturer, Cutting Knives and blades, Machine Knives and blades supplier, Custom Blades solution","description":"Explore our high-quality 3-knife trimmer blades and three-knife cutter blades for precise book and magazine trimming.Find durable book trimmer blades.","robots":{"index":"index","follow":"follow","max-snippet":"max-snippet:-1","max-image-preview":"max-image-preview:large","max-video-preview":"max-video-preview:-1"},"canonical":"https:\/\/maxtormetal.com\/de\/produkt\/drei-messer-schneider-klingen\/","og_locale":"de_DE","og_type":"article","og_title":"3-knife Trimmer Blades","og_description":"Explore our high-quality 3-knife trimmer blades and three-knife cutter blades for precise book and magazine trimming.Find durable book trimmer blades.","og_url":"https:\/\/maxtormetal.com\/de\/produkt\/drei-messer-schneider-klingen\/","og_site_name":"Metal Industrial, Industrial Blade Manufacturer, Cutting Knives and blades, Machine Knives and blades supplier, Custom Blades solution","article_publisher":"https:\/\/www.facebook.com\/mengli.tang.3","article_modified_time":"2025-05-06T10:48:44+00:00","og_image":[{"width":800,"height":800,"url":"https:\/\/maxtormetal.com\/wp-content\/uploads\/2023\/10\/3-knife-trimmer-blades-main1.jpg","type":"image\/jpeg"}],"twitter_card":"summary_large_image","twitter_site":"@MengliT13570","schema":{"@context":"https:\/\/schema.org","@graph":[{"@type":["WebPage","ItemPage"],"@id":"https:\/\/maxtormetal.com\/product\/3-knife-trimmer-blades\/","url":"https:\/\/maxtormetal.com\/product\/3-knife-trimmer-blades\/","name":"3-knife Trimmer Blades - Metal Industrial, Industrial Blade Manufacturer, Cutting Knives and blades, Machine Knives and blades supplier, Custom Blades solution","isPartOf":{"@id":"https:\/\/maxtormetal.com\/fr\/#website"},"primaryImageOfPage":{"@id":"https:\/\/maxtormetal.com\/product\/3-knife-trimmer-blades\/#primaryimage"},"image":{"@id":"https:\/\/maxtormetal.com\/product\/3-knife-trimmer-blades\/#primaryimage"},"thumbnailUrl":"https:\/\/maxtormetal.com\/wp-content\/uploads\/2023\/10\/3-knife-trimmer-blades-main1.jpg","datePublished":"2023-10-06T09:22:19+00:00","dateModified":"2025-05-06T10:48:44+00:00","description":"Explore our high-quality 3-knife trimmer blades and three-knife cutter blades for precise book and magazine trimming.Find durable book trimmer blades.","breadcrumb":{"@id":"https:\/\/maxtormetal.com\/product\/3-knife-trimmer-blades\/#breadcrumb"},"inLanguage":"de","potentialAction":[{"@type":"ReadAction","target":["https:\/\/maxtormetal.com\/product\/3-knife-trimmer-blades\/"]}]},{"@type":"ImageObject","inLanguage":"de","@id":"https:\/\/maxtormetal.com\/product\/3-knife-trimmer-blades\/#primaryimage","url":"https:\/\/maxtormetal.com\/wp-content\/uploads\/2023\/10\/3-knife-trimmer-blades-main1.jpg","contentUrl":"https:\/\/maxtormetal.com\/wp-content\/uploads\/2023\/10\/3-knife-trimmer-blades-main1.jpg","width":800,"height":800},{"@type":"BreadcrumbList","@id":"https:\/\/maxtormetal.com\/product\/3-knife-trimmer-blades\/#breadcrumb","itemListElement":[{"@type":"ListItem","position":1,"name":"Home","item":"https:\/\/maxtormetal.com\/"},{"@type":"ListItem","position":2,"name":"Products","item":"https:\/\/maxtormetal.com\/products\/"},{"@type":"ListItem","position":3,"name":"3-knife Trimmer Blades"}]},{"@type":"WebSite","@id":"https:\/\/maxtormetal.com\/fr\/#website","url":"https:\/\/maxtormetal.com\/fr\/","name":"Metal Industrial, Industrial Blade Manufacturer, Cutting Knives and blades, Machine Knives and blades supplier, Custom Blades solution","description":"Mechanical blades and knives supplier for all machines made by China","publisher":{"@id":"https:\/\/maxtormetal.com\/fr\/#organization"},"potentialAction":[{"@type":"SearchAction","target":{"@type":"EntryPoint","urlTemplate":"https:\/\/maxtormetal.com\/fr\/?s={search_term_string}"},"query-input":{"@type":"PropertyValueSpecification","valueRequired":true,"valueName":"search_term_string"}}],"inLanguage":"de"},{"@type":["Organization","Place"],"@id":"https:\/\/maxtormetal.com\/fr\/#organization","name":"Nanjing Metal Industrial CO., Limited","alternateName":"Metal Industrial","url":"https:\/\/maxtormetal.com\/fr\/","logo":{"@id":"https:\/\/maxtormetal.com\/product\/3-knife-trimmer-blades\/#local-main-organization-logo"},"image":{"@id":"https:\/\/maxtormetal.com\/product\/3-knife-trimmer-blades\/#local-main-organization-logo"},"sameAs":["https:\/\/www.facebook.com\/mengli.tang.3","https:\/\/x.com\/MengliT13570","https:\/\/www.linkedin.com\/in\/metalindustrial\/"],"description":"NanjingMetal is specialized in manufacturing and supplying industrial blades and knives, and its main business is to provide customers with customized industrial blades to meet their specific needs. With an experienced design and production team, we utilize the supply chain advantage in China to provide customers with competitive high quality industrial blades and knives.","legalName":"Nanjing Metal Industrial CO., Limited","foundingDate":"2006-02-18","numberOfEmployees":{"@type":"QuantitativeValue","minValue":"11","maxValue":"50"},"telephone":[],"openingHoursSpecification":[{"@type":"OpeningHoursSpecification","dayOfWeek":["Monday","Tuesday","Wednesday","Thursday","Friday","Saturday","Sunday"],"opens":"09:00","closes":"17:00"}]},{"@type":"ImageObject","inLanguage":"de","@id":"https:\/\/maxtormetal.com\/product\/3-knife-trimmer-blades\/#local-main-organization-logo","url":"https:\/\/maxtormetal.com\/wp-content\/uploads\/2023\/08\/cropped-cropped-logo-\u526f\u672c-\u526f\u672c-e1693303172756-1.png","contentUrl":"https:\/\/maxtormetal.com\/wp-content\/uploads\/2023\/08\/cropped-cropped-logo-\u526f\u672c-\u526f\u672c-e1693303172756-1.png","width":441,"height":132,"caption":"Nanjing Metal Industrial CO., Limited"}]}},"_links":{"self":[{"href":"https:\/\/maxtormetal.com\/de\/wp-json\/wp\/v2\/product\/3051"}],"collection":[{"href":"https:\/\/maxtormetal.com\/de\/wp-json\/wp\/v2\/product"}],"about":[{"href":"https:\/\/maxtormetal.com\/de\/wp-json\/wp\/v2\/types\/product"}],"wp:featuredmedia":[{"embeddable":true,"href":"https:\/\/maxtormetal.com\/de\/wp-json\/wp\/v2\/media\/3055"}],"wp:attachment":[{"href":"https:\/\/maxtormetal.com\/de\/wp-json\/wp\/v2\/media?parent=3051"}],"wp:term":[{"taxonomy":"product_cat","embeddable":true,"href":"https:\/\/maxtormetal.com\/de\/wp-json\/wp\/v2\/product_cat?post=3051"},{"taxonomy":"product_tag","embeddable":true,"href":"https:\/\/maxtormetal.com\/de\/wp-json\/wp\/v2\/product_tag?post=3051"}],"curies":[{"name":"wp","href":"https:\/\/api.w.org\/{rel}","templated":true}]}}