{"id":3104,"date":"2023-10-07T09:54:30","date_gmt":"2023-10-07T01:54:30","guid":{"rendered":"https:\/\/maxtormetal.com\/?post_type=product&#038;p=3104"},"modified":"2025-05-29T11:21:32","modified_gmt":"2025-05-29T03:21:32","slug":"n95-medizinische-maskenwalze","status":"publish","type":"product","link":"https:\/\/maxtormetal.com\/de\/produkt\/n95-medizinische-maskenwalze\/","title":{"rendered":"N95 Medizinmasken-Rolle"},"content":{"rendered":"<h3 data-sourcepos=\"3:1-3:42\">Was bedeuten die Rollen f\u00fcr medizinische N95-Masken?<\/h3>\r\n<p data-sourcepos=\"5:1-5:1254\">Der Begriff \u201eN95 Medical Mask Roller\u201c bezeichnet vermutlich ein zylindrisches Bauteil oder eine Rollklinge, die bei der automatisierten Produktion von medizinischen N95-Masken verwendet wird. Angesichts der Komplexit\u00e4t der Herstellung von N95-Masken, die mehrere Lagen Vliesstoff (einschlie\u00dflich der wichtigen Meltblown-Schicht), pr\u00e4zises Formen, Versiegeln und das Einbringen von Falten oder F\u00e4ltchen umfasst, kann eine Rollklinge in diesem Zusammenhang verschiedene Funktionen erf\u00fcllen. Bei einer Rollklinge f\u00fcr medizinische N95-Masken handelt es sich um ein rotierendes Schneidwerkzeug, mit dem die Stofflagen auf bestimmte Ma\u00dfe geschnitten oder zugeschnitten oder Funktionen wie Ohrschlaufenschlitze oder die Formgebung des Maskenk\u00f6rpers geschaffen werden. Alternativ k\u00f6nnte sich \u201eRoller\u201c auch auf eine Formwalze beziehen, die zur Herstellung der dreidimensionalen Form der Maske beitr\u00e4gt, einschlie\u00dflich des Nasenstegbereichs und der Gesamtkontur f\u00fcr eine dichte Gesichtsabdichtung. Der Namensbestandteil \u201eN95 Medical Mask\u201c weist darauf hin, dass diese Rollklinge oder Rollklinge f\u00fcr die pr\u00e4zisen Anforderungen der Herstellung von Masken entwickelt wurde, die dem N95-Filterstandard und den medizinischen Kriterien entsprechen. Abh\u00e4ngig von seiner spezifischen Funktion k\u00f6nnte eine N95 Medical Mask Roller Blade auch als \u201eRotationsstanze f\u00fcr N95-Masken\u201c, \u201eSchneidewalze f\u00fcr Meltblown-Gewebe\u201c, \u201eMaskenformungswalze\u201c oder \u201eN95-Maskenformwalze\u201c bezeichnet werden.<\/p>\r\n<h3 data-sourcepos=\"7:1-7:79\">Einsatzm\u00f6glichkeiten und Anwendungen von N95-Maskenrollen (Roller Blade)<\/h3>\r\n<p data-sourcepos=\"9:1-9:174\">Wenn es sich bei der \u201eN95 Medical Mask Roller\u201c um eine Klinge handelt, w\u00e4ren ihre Verwendung und Anwendung im Herstellungsprozess der N95-Maske f\u00fcr die Formgebung und Dimensionierung der Maskenkomponenten von entscheidender Bedeutung:<\/p>\r\n<ul data-sourcepos=\"11:1-18:0\">\r\n<li data-sourcepos=\"11:1-11:191\"><strong>Schneiden von Meltblown-Gewebe:<\/strong> Pr\u00e4zises Schneiden der Meltblown-Schicht, die f\u00fcr die N95-Filtrationseffizienz unerl\u00e4sslich ist, in die erforderliche Breite f\u00fcr die Integration in die Maskenstruktur.<\/li>\r\n<li data-sourcepos=\"12:1-12:129\"><strong>Beschneiden der \u00e4u\u00dferen und inneren Schicht:<\/strong> Zuschneiden der \u00e4u\u00dferen Spinnvlies- und inneren Komfortschichten auf die spezifischen Abmessungen der Maske.<\/li>\r\n<li data-sourcepos=\"13:1-13:146\"><strong>Erstellen von Ohrschlaufen- oder Kopfbandschlitzen:<\/strong> Pr\u00e4zises Schneiden von Schlitzen oder Perforationen, wo Ohrschlaufen oder Kopfb\u00e4nder am Maskenk\u00f6rper befestigt werden.<\/li>\r\n<li data-sourcepos=\"14:1-14:151\"><strong>Formen des Maskenk\u00f6rpers:<\/strong> Rotationsstanzen der Gesamtform der Maske aus dem mehrlagigen Stoff, einschlie\u00dflich der Konturen um Nase und Kinn.<\/li>\r\n<li data-sourcepos=\"15:1-15:204\"><strong>Falten oder Plissees erstellen:<\/strong> Wenn die Rolloklinge ein spezielles Profil hat, kann sie in Verbindung mit anderen Rollen verwendet werden, um die Falten oder F\u00e4ltchen zu erzeugen, die es der Maske erm\u00f6glichen, sich auszudehnen und an das Gesicht anzupassen.<\/li>\r\n<li data-sourcepos=\"16:1-16:133\"><strong>Vorbereitung zum Beschneiden und Versiegeln der Kanten:<\/strong> Gew\u00e4hrleistung sauberer und pr\u00e4ziser Kanten f\u00fcr nachfolgende Ultraschallschwei\u00df- oder Versiegelungsprozesse.<\/li>\r\n<li data-sourcepos=\"17:1-18:0\"><strong>Drahtschneiden am Nasensteg (falls integriert):<\/strong> Bei einigen Designs kann eine Rollklinge erforderlich sein, um den Metalldraht des Nasenstegs auf die richtige L\u00e4nge zu k\u00fcrzen, bevor er in die Maske eingebettet wird.<\/li>\r\n<\/ul>\r\n<p data-sourcepos=\"19:1-19:219\">Die Pr\u00e4zision und Langlebigkeit der <strong>N95 Medizinische Maske Roller Blade<\/strong> sind entscheidend f\u00fcr die Aufrechterhaltung der Qualit\u00e4t und Filtereffizienz des endg\u00fcltigen N95-Maskenprodukts, insbesondere in automatisierten Hochgeschwindigkeitsproduktionslinien.<\/p>\r\n<h3 data-sourcepos=\"21:1-21:55\">G\u00e4ngige Materialien f\u00fcr N95-Rollerblades f\u00fcr medizinische Masken<\/h3>\r\n<p data-sourcepos=\"23:1-23:262\">Angesichts der Anforderungen an Pr\u00e4zision, Haltbarkeit und Hygiene bei der Herstellung medizinischer Ger\u00e4te werden die Roller Blades f\u00fcr medizinische N95-Masken wahrscheinlich aus hochwertigen Materialien hergestellt, die scharf bleiben und Verschlei\u00df widerstehen. G\u00e4ngige Materialien sind:<\/p>\r\n<ul data-sourcepos=\"25:1-29:0\">\r\n<li data-sourcepos=\"25:1-25:164\"><strong>Hochkohlenstoffstahl:<\/strong> Kann zu einer sehr scharfen Kante geschliffen werden, die zum Schneiden von Vliesstoffen geeignet ist. M\u00f6glicherweise sind Beschichtungen f\u00fcr verbesserte Verschlei\u00df- und Korrosionsbest\u00e4ndigkeit erforderlich.<\/li>\r\n<li data-sourcepos=\"26:1-26:181\"><strong>Werkzeugst\u00e4hle (z. B. D2, M2):<\/strong> Bietet ein hervorragendes Gleichgewicht aus H\u00e4rte, Z\u00e4higkeit und Verschlei\u00dffestigkeit, ideal f\u00fcr die Massenproduktion und potenziell abrasivere Gewebeschichten.<\/li>\r\n<li data-sourcepos=\"27:1-27:222\"><strong>Edelstahl (verschiedene G\u00fcten, zB 440C):<\/strong> Bietet hervorragende Korrosionsbest\u00e4ndigkeit und kann geh\u00e4rtet werden, um eine scharfe und langlebige Schneide zu erzielen, die f\u00fcr die Aufrechterhaltung der Hygiene bei der Herstellung medizinischer Produkte von entscheidender Bedeutung ist.<\/li>\r\n<li data-sourcepos=\"28:1-29:0\"><strong>Vollhartmetall:<\/strong> Bietet au\u00dfergew\u00f6hnliche H\u00e4rte und Verschlei\u00dffestigkeit, eignet sich f\u00fcr das Schneiden mit sehr hoher Geschwindigkeit und sorgt f\u00fcr die Beibehaltung einer pr\u00e4zisen Kante \u00fcber lange Produktionsl\u00e4ufe hinweg.<\/li>\r\n<\/ul>\r\n<p data-sourcepos=\"30:1-30:206\">Beschichtungen wie Titannitrid (TiN) oder Chromnitrid (CrN) k\u00f6nnen aufgetragen werden, um die H\u00e4rte der Klinge weiter zu erh\u00f6hen, die Reibung zu verringern und ihre Lebensdauer zu verl\u00e4ngern, wodurch eine gleichbleibende Schneidleistung gew\u00e4hrleistet wird.<\/p>\r\n<h3 data-sourcepos=\"32:1-32:51\">G\u00e4ngige Formen von N95-Rollerblades f\u00fcr medizinische Masken<\/h3>\r\n<p data-sourcepos=\"34:1-34:221\">Als kreisf\u00f6rmige Rotationsschneidwerkzeuge haben N95-Roller Blades f\u00fcr medizinische Masken normalerweise eine kreisf\u00f6rmige Form, das Kantenprofil und alle zus\u00e4tzlichen Funktionen sind jedoch auf ihre spezifische Schneid- oder Formfunktion zugeschnitten:<\/p>\r\n<ul data-sourcepos=\"36:1-41:0\">\r\n<li data-sourcepos=\"36:1-36:178\"><strong>Kreiss\u00e4gebl\u00e4tter mit scharfen Kanten:<\/strong> Zum Aufschneiden der einzelnen Stofflagen auf die gew\u00fcnschte Breite. Die Schneide kann je nach Material und gew\u00fcnschtem Schnitt ein- oder zweif\u00e4dig ausgef\u00fchrt sein.<\/li>\r\n<li data-sourcepos=\"37:1-37:238\"><strong>Rotationsstanzen mit spezifischen Profilen:<\/strong> Um die Gesamtform der Maske zu schneiden, h\u00e4tten diese Klingen eine konturierte Au\u00dfenkante, die zum Maskendesign passt und m\u00f6glicherweise Funktionen zur Formgebung des Nasenstegs oder Ohrschlaufenschlitze enth\u00e4lt.<\/li>\r\n<li data-sourcepos=\"38:1-38:127\"><strong>Perforierwalzen:<\/strong> Beim Erstellen von Rei\u00dflinien oder Befestigungspunkten kann es sein, dass die Rollklinge kleine Z\u00e4hne oder Vorspr\u00fcnge aufweist.<\/li>\r\n<li data-sourcepos=\"39:1-39:147\"><strong>Rillwalzen:<\/strong> Zum Erstellen von Faltlinien kann die Rolle ein abgerundetes oder messerscharfes Profil aufweisen, um den Stoff einzukerben, ohne ihn zu durchschneiden.<\/li>\r\n<li data-sourcepos=\"40:1-41:0\"><strong>Ambossrollen (in Verbindung verwendet):<\/strong> Diese glatten Rollen dr\u00fccken den Stoff gegen die Schneidklinge und sorgen so f\u00fcr einen sauberen Schnitt.<\/li>\r\n<\/ul>\r\n<p data-sourcepos=\"42:1-42:189\">Die Pr\u00e4zision des Klingendurchmessers, der Klingendicke und der Genauigkeit des Kantenprofils sind entscheidend f\u00fcr die gleichbleibende Produktion medizinischer N95-Masken, die strenge Qualit\u00e4tsstandards erf\u00fcllen.<\/p>\r\n<p>Wenn Sie die gesuchte Klinge nicht finden, k\u00f6nnen wir diese auch anpassen. Erfahren Sie in unserem Bereich <span style=\"color: #ff9900;\">\u201e<a style=\"color: #ff9900;\" href=\"https:\/\/maxtormetal.com\/de\/custom-blades\/\" target=\"_blank\" rel=\"noopener\"><em><strong>Kundenspezifische Klingen<\/strong><\/em><\/a>\u201e<\/span> wie!\u00a0<span style=\"color: #ff9900;\"><em><strong><a style=\"color: #ff9900;\" href=\"https:\/\/maxtormetal.com\/de\/contact\/\" target=\"_blank\" rel=\"noopener\">Gerne k\u00f6nnen Sie uns eine Anfrage senden!<\/a><\/strong><\/em><\/span><\/p>\r\n<h4><a href=\"https:\/\/maxtormetal.com\/de\/brochures\/\" target=\"_blank\" rel=\"noopener\"><strong><em><span style=\"color: #ff9900;\">Brosch\u00fcren \u00f6ffnen<\/span><\/em><\/strong><\/a><\/h4>\r\n<hr \/>\r\n<h2>Warum METAL w\u00e4hlen?<\/h2>\r\n<ol>\r\n<li>\r\n<h3><strong> Ein zentraler, problemloser Importservice<\/strong><\/h3>\r\n<\/li>\r\n<\/ol>\r\n<p>Genie\u00dfen Sie den Komfort eines nahtlosen Imports. Vom Transport bis zur Zollabwicklung \u00fcbernehmen wir den gesamten Prozess. Sie m\u00fcssen lediglich die Mehrwertsteuer entrichten und auf die Ankunft Ihrer Waren warten.<\/p>\r\n<ol start=\"2\">\r\n<li>\r\n<h3><strong> Wettbewerbsf\u00e4hige Preise<\/strong><\/h3>\r\n<\/li>\r\n<\/ol>\r\n<p>Wir haben unsere Klingen in unz\u00e4hligen Anwendungen bewiesen und sind bereit f\u00fcr jedes Projekt, das Sie uns vorstellen. Erwarten Sie Genauigkeit, Langlebigkeit und un\u00fcbertroffen wettbewerbsf\u00e4hige Preise.<\/p>\r\n<ol start=\"3\">\r\n<li>\r\n<h3><strong> ODM &amp; OEM verf\u00fcgbar<\/strong><\/h3>\r\n<\/li>\r\n<\/ol>\r\n<p>Ob Sie Zeichnungen, Skizzen oder Muster bereitstellen, wir k\u00f6nnen f\u00fcr Sie entwerfen und fertigen. Wir haben auch die F\u00e4higkeit, bei der Modifizierung bestehender Designs und Spezifikationen zu helfen, um nahezu jede industrielle Werkzeuganwendung zu verbessern. Bitte kontaktieren Sie unser engagiertes Vertriebsteam, um Ihre spezifischen Anforderungen zu besprechen.<\/p>\r\n<ol start=\"4\">\r\n<li>\r\n<h3><strong> Strenge Qualit\u00e4tskontrolle<\/strong><\/h3>\r\n<\/li>\r\n<\/ol>\r\n<p>Eine Reihe von Tests und Inspektionen werden zur Qualit\u00e4tskontrolle durchgef\u00fchrt, darunter die Erstmusterpr\u00fcfung, die Wareneingangspr\u00fcfung und Materialzertifizierung, die In-Prozess-Qualit\u00e4tspr\u00fcfung und die Endqualit\u00e4tspr\u00fcfung.<\/p>\r\n<ol start=\"5\">\r\n<li>\r\n<h3><strong> Flexible Beschaffung, uneingeschr\u00e4nkte Zusammenarbeit<\/strong><\/h3>\r\n<\/li>\r\n<\/ol>\r\n<p>Ob Sie ein Importeur, Distributor, Gro\u00dfh\u00e4ndler oder Endverbraucher sind, wir hei\u00dfen Sie herzlich willkommen. Profitieren Sie von minimalen Mindestbestellmengen (MOQs), problemlosen Anfragen und gr\u00f6\u00dferer Einkaufsfreiheit.<\/p>\r\n<ol start=\"6\">\r\n<li>\r\n<h3><strong> Echtzeit-Berichte zum Produktionsfortschritt<\/strong><\/h3>\r\n<\/li>\r\n<\/ol>\r\n<p>Betrachten Sie uns als Ihren exklusiven Monitor. Wir werden Ihnen regelm\u00e4\u00dfig Updates zu jedem wichtigen Knotenpunkt Ihrer Produktionslinie liefern. Egal wie weit entfernt, Sie erhalten Echtzeit-Einblicke in den Fortschritt Ihres Produkts.<\/p>\r\n<p>&nbsp;<\/p>","protected":false},"excerpt":{"rendered":"<p>What do N95 Medical Mask Rollers Mean? The term &#8220;N95 Medical Mask Roller&#8221; likely refers to a cylindrical component or a roller blade used within the automated production of N95 medical masks. Given the complexity of N95 mask manufacturing, which involves multiple layers of nonwoven fabrics (including the crucial meltblown layer), precise shaping, sealing, and [&hellip;]<\/p>","protected":false},"featured_media":3108,"template":"","meta":[],"product_cat":[114,112,106,111],"product_tag":[833,405,834,406,832,835],"yoast_head":"<!-- This site is optimized with the Yoast SEO Premium plugin v23.6 (Yoast SEO v23.6) - https:\/\/yoast.com\/wordpress\/plugins\/seo\/ -->\n<title>N95 Medical Mask Roller - Metal Industrial, Industrial Blade Manufacturer, Cutting Knives and blades, Machine Knives and blades supplier, Custom Blades solution<\/title>\n<meta name=\"description\" content=\"Discover high-precision N95 Medical Mask Roller Blades for accurate cutting and shaping of mask materials, including meltblown fabric.\" \/>\n<meta name=\"robots\" content=\"index, follow, max-snippet:-1, max-image-preview:large, max-video-preview:-1\" \/>\n<link rel=\"canonical\" href=\"https:\/\/maxtormetal.com\/de\/produkt\/n95-medizinische-maskenwalze\/\" \/>\n<meta property=\"og:locale\" content=\"de_DE\" \/>\n<meta property=\"og:type\" content=\"article\" \/>\n<meta property=\"og:title\" content=\"N95 Medical Mask Roller\" \/>\n<meta property=\"og:description\" content=\"Discover high-precision N95 Medical Mask Roller Blades for accurate cutting and shaping of mask materials, including meltblown fabric.\" \/>\n<meta property=\"og:url\" content=\"https:\/\/maxtormetal.com\/de\/produkt\/n95-medizinische-maskenwalze\/\" \/>\n<meta property=\"og:site_name\" content=\"Metal Industrial, Industrial Blade Manufacturer, Cutting Knives and blades, Machine Knives and blades supplier, Custom Blades solution\" \/>\n<meta property=\"article:publisher\" content=\"https:\/\/www.facebook.com\/mengli.tang.3\" \/>\n<meta property=\"article:modified_time\" content=\"2025-05-29T03:21:32+00:00\" \/>\n<meta property=\"og:image\" content=\"https:\/\/maxtormetal.com\/wp-content\/uploads\/2023\/10\/N95-Medical-Mask-Blade-main11.jpg\" \/>\n\t<meta property=\"og:image:width\" content=\"800\" \/>\n\t<meta property=\"og:image:height\" content=\"800\" \/>\n\t<meta property=\"og:image:type\" content=\"image\/jpeg\" \/>\n<meta name=\"twitter:card\" content=\"summary_large_image\" \/>\n<meta name=\"twitter:site\" content=\"@MengliT13570\" \/>\n<script type=\"application\/ld+json\" class=\"yoast-schema-graph\">{\"@context\":\"https:\/\/schema.org\",\"@graph\":[{\"@type\":[\"WebPage\",\"ItemPage\"],\"@id\":\"https:\/\/maxtormetal.com\/product\/n95-medical-mask-roller\/\",\"url\":\"https:\/\/maxtormetal.com\/product\/n95-medical-mask-roller\/\",\"name\":\"N95 Medical Mask Roller - Metal Industrial, Industrial Blade Manufacturer, Cutting Knives and blades, Machine Knives and blades supplier, Custom Blades solution\",\"isPartOf\":{\"@id\":\"https:\/\/maxtormetal.com\/fr\/#website\"},\"primaryImageOfPage\":{\"@id\":\"https:\/\/maxtormetal.com\/product\/n95-medical-mask-roller\/#primaryimage\"},\"image\":{\"@id\":\"https:\/\/maxtormetal.com\/product\/n95-medical-mask-roller\/#primaryimage\"},\"thumbnailUrl\":\"https:\/\/maxtormetal.com\/wp-content\/uploads\/2023\/10\/N95-Medical-Mask-Blade-main11.jpg\",\"datePublished\":\"2023-10-07T01:54:30+00:00\",\"dateModified\":\"2025-05-29T03:21:32+00:00\",\"description\":\"Discover high-precision N95 Medical Mask Roller Blades for accurate cutting and shaping of mask materials, including meltblown fabric.\",\"breadcrumb\":{\"@id\":\"https:\/\/maxtormetal.com\/product\/n95-medical-mask-roller\/#breadcrumb\"},\"inLanguage\":\"de\",\"potentialAction\":[{\"@type\":\"ReadAction\",\"target\":[\"https:\/\/maxtormetal.com\/product\/n95-medical-mask-roller\/\"]}]},{\"@type\":\"ImageObject\",\"inLanguage\":\"de\",\"@id\":\"https:\/\/maxtormetal.com\/product\/n95-medical-mask-roller\/#primaryimage\",\"url\":\"https:\/\/maxtormetal.com\/wp-content\/uploads\/2023\/10\/N95-Medical-Mask-Blade-main11.jpg\",\"contentUrl\":\"https:\/\/maxtormetal.com\/wp-content\/uploads\/2023\/10\/N95-Medical-Mask-Blade-main11.jpg\",\"width\":800,\"height\":800},{\"@type\":\"BreadcrumbList\",\"@id\":\"https:\/\/maxtormetal.com\/product\/n95-medical-mask-roller\/#breadcrumb\",\"itemListElement\":[{\"@type\":\"ListItem\",\"position\":1,\"name\":\"Home\",\"item\":\"https:\/\/maxtormetal.com\/\"},{\"@type\":\"ListItem\",\"position\":2,\"name\":\"Products\",\"item\":\"https:\/\/maxtormetal.com\/products\/\"},{\"@type\":\"ListItem\",\"position\":3,\"name\":\"N95 Medical Mask Roller\"}]},{\"@type\":\"WebSite\",\"@id\":\"https:\/\/maxtormetal.com\/fr\/#website\",\"url\":\"https:\/\/maxtormetal.com\/fr\/\",\"name\":\"Metal Industrial, Industrial Blade Manufacturer, Cutting Knives and blades, Machine Knives and blades supplier, Custom Blades solution\",\"description\":\"Mechanical blades and knives supplier for all machines made by China\",\"publisher\":{\"@id\":\"https:\/\/maxtormetal.com\/fr\/#organization\"},\"potentialAction\":[{\"@type\":\"SearchAction\",\"target\":{\"@type\":\"EntryPoint\",\"urlTemplate\":\"https:\/\/maxtormetal.com\/fr\/?s={search_term_string}\"},\"query-input\":{\"@type\":\"PropertyValueSpecification\",\"valueRequired\":true,\"valueName\":\"search_term_string\"}}],\"inLanguage\":\"de\"},{\"@type\":[\"Organization\",\"Place\"],\"@id\":\"https:\/\/maxtormetal.com\/fr\/#organization\",\"name\":\"Nanjing Metal Industrial CO., Limited\",\"alternateName\":\"Metal Industrial\",\"url\":\"https:\/\/maxtormetal.com\/fr\/\",\"logo\":{\"@id\":\"https:\/\/maxtormetal.com\/product\/n95-medical-mask-roller\/#local-main-organization-logo\"},\"image\":{\"@id\":\"https:\/\/maxtormetal.com\/product\/n95-medical-mask-roller\/#local-main-organization-logo\"},\"sameAs\":[\"https:\/\/www.facebook.com\/mengli.tang.3\",\"https:\/\/x.com\/MengliT13570\",\"https:\/\/www.linkedin.com\/in\/metalindustrial\/\"],\"description\":\"NanjingMetal is specialized in manufacturing and supplying industrial blades and knives, and its main business is to provide customers with customized industrial blades to meet their specific needs. With an experienced design and production team, we utilize the supply chain advantage in China to provide customers with competitive high quality industrial blades and knives.\",\"legalName\":\"Nanjing Metal Industrial CO., Limited\",\"foundingDate\":\"2006-02-18\",\"numberOfEmployees\":{\"@type\":\"QuantitativeValue\",\"minValue\":\"11\",\"maxValue\":\"50\"},\"telephone\":[],\"openingHoursSpecification\":[{\"@type\":\"OpeningHoursSpecification\",\"dayOfWeek\":[\"Monday\",\"Tuesday\",\"Wednesday\",\"Thursday\",\"Friday\",\"Saturday\",\"Sunday\"],\"opens\":\"09:00\",\"closes\":\"17:00\"}]},{\"@type\":\"ImageObject\",\"inLanguage\":\"de\",\"@id\":\"https:\/\/maxtormetal.com\/product\/n95-medical-mask-roller\/#local-main-organization-logo\",\"url\":\"https:\/\/maxtormetal.com\/wp-content\/uploads\/2023\/08\/cropped-cropped-logo-\u526f\u672c-\u526f\u672c-e1693303172756-1.png\",\"contentUrl\":\"https:\/\/maxtormetal.com\/wp-content\/uploads\/2023\/08\/cropped-cropped-logo-\u526f\u672c-\u526f\u672c-e1693303172756-1.png\",\"width\":441,\"height\":132,\"caption\":\"Nanjing Metal Industrial CO., Limited\"}]}<\/script>\n<!-- \/ Yoast SEO Premium plugin. -->","yoast_head_json":{"title":"N95 Medical Mask Roller - Metal Industrial, Industrial Blade Manufacturer, Cutting Knives and blades, Machine Knives and blades supplier, Custom Blades solution","description":"Discover high-precision N95 Medical Mask Roller Blades for accurate cutting and shaping of mask materials, including meltblown fabric.","robots":{"index":"index","follow":"follow","max-snippet":"max-snippet:-1","max-image-preview":"max-image-preview:large","max-video-preview":"max-video-preview:-1"},"canonical":"https:\/\/maxtormetal.com\/de\/produkt\/n95-medizinische-maskenwalze\/","og_locale":"de_DE","og_type":"article","og_title":"N95 Medical Mask Roller","og_description":"Discover high-precision N95 Medical Mask Roller Blades for accurate cutting and shaping of mask materials, including meltblown fabric.","og_url":"https:\/\/maxtormetal.com\/de\/produkt\/n95-medizinische-maskenwalze\/","og_site_name":"Metal Industrial, Industrial Blade Manufacturer, Cutting Knives and blades, Machine Knives and blades supplier, Custom Blades solution","article_publisher":"https:\/\/www.facebook.com\/mengli.tang.3","article_modified_time":"2025-05-29T03:21:32+00:00","og_image":[{"width":800,"height":800,"url":"https:\/\/maxtormetal.com\/wp-content\/uploads\/2023\/10\/N95-Medical-Mask-Blade-main11.jpg","type":"image\/jpeg"}],"twitter_card":"summary_large_image","twitter_site":"@MengliT13570","schema":{"@context":"https:\/\/schema.org","@graph":[{"@type":["WebPage","ItemPage"],"@id":"https:\/\/maxtormetal.com\/product\/n95-medical-mask-roller\/","url":"https:\/\/maxtormetal.com\/product\/n95-medical-mask-roller\/","name":"N95 Medical Mask Roller - Metal Industrial, Industrial Blade Manufacturer, Cutting Knives and blades, Machine Knives and blades supplier, Custom Blades solution","isPartOf":{"@id":"https:\/\/maxtormetal.com\/fr\/#website"},"primaryImageOfPage":{"@id":"https:\/\/maxtormetal.com\/product\/n95-medical-mask-roller\/#primaryimage"},"image":{"@id":"https:\/\/maxtormetal.com\/product\/n95-medical-mask-roller\/#primaryimage"},"thumbnailUrl":"https:\/\/maxtormetal.com\/wp-content\/uploads\/2023\/10\/N95-Medical-Mask-Blade-main11.jpg","datePublished":"2023-10-07T01:54:30+00:00","dateModified":"2025-05-29T03:21:32+00:00","description":"Discover high-precision N95 Medical Mask Roller Blades for accurate cutting and shaping of mask materials, including meltblown fabric.","breadcrumb":{"@id":"https:\/\/maxtormetal.com\/product\/n95-medical-mask-roller\/#breadcrumb"},"inLanguage":"de","potentialAction":[{"@type":"ReadAction","target":["https:\/\/maxtormetal.com\/product\/n95-medical-mask-roller\/"]}]},{"@type":"ImageObject","inLanguage":"de","@id":"https:\/\/maxtormetal.com\/product\/n95-medical-mask-roller\/#primaryimage","url":"https:\/\/maxtormetal.com\/wp-content\/uploads\/2023\/10\/N95-Medical-Mask-Blade-main11.jpg","contentUrl":"https:\/\/maxtormetal.com\/wp-content\/uploads\/2023\/10\/N95-Medical-Mask-Blade-main11.jpg","width":800,"height":800},{"@type":"BreadcrumbList","@id":"https:\/\/maxtormetal.com\/product\/n95-medical-mask-roller\/#breadcrumb","itemListElement":[{"@type":"ListItem","position":1,"name":"Home","item":"https:\/\/maxtormetal.com\/"},{"@type":"ListItem","position":2,"name":"Products","item":"https:\/\/maxtormetal.com\/products\/"},{"@type":"ListItem","position":3,"name":"N95 Medical Mask Roller"}]},{"@type":"WebSite","@id":"https:\/\/maxtormetal.com\/fr\/#website","url":"https:\/\/maxtormetal.com\/fr\/","name":"Metal Industrial, Industrial Blade Manufacturer, Cutting Knives and blades, Machine Knives and blades supplier, Custom Blades solution","description":"Mechanical blades and knives supplier for all machines made by China","publisher":{"@id":"https:\/\/maxtormetal.com\/fr\/#organization"},"potentialAction":[{"@type":"SearchAction","target":{"@type":"EntryPoint","urlTemplate":"https:\/\/maxtormetal.com\/fr\/?s={search_term_string}"},"query-input":{"@type":"PropertyValueSpecification","valueRequired":true,"valueName":"search_term_string"}}],"inLanguage":"de"},{"@type":["Organization","Place"],"@id":"https:\/\/maxtormetal.com\/fr\/#organization","name":"Nanjing Metal Industrial CO., Limited","alternateName":"Metal Industrial","url":"https:\/\/maxtormetal.com\/fr\/","logo":{"@id":"https:\/\/maxtormetal.com\/product\/n95-medical-mask-roller\/#local-main-organization-logo"},"image":{"@id":"https:\/\/maxtormetal.com\/product\/n95-medical-mask-roller\/#local-main-organization-logo"},"sameAs":["https:\/\/www.facebook.com\/mengli.tang.3","https:\/\/x.com\/MengliT13570","https:\/\/www.linkedin.com\/in\/metalindustrial\/"],"description":"NanjingMetal is specialized in manufacturing and supplying industrial blades and knives, and its main business is to provide customers with customized industrial blades to meet their specific needs. With an experienced design and production team, we utilize the supply chain advantage in China to provide customers with competitive high quality industrial blades and knives.","legalName":"Nanjing Metal Industrial CO., Limited","foundingDate":"2006-02-18","numberOfEmployees":{"@type":"QuantitativeValue","minValue":"11","maxValue":"50"},"telephone":[],"openingHoursSpecification":[{"@type":"OpeningHoursSpecification","dayOfWeek":["Monday","Tuesday","Wednesday","Thursday","Friday","Saturday","Sunday"],"opens":"09:00","closes":"17:00"}]},{"@type":"ImageObject","inLanguage":"de","@id":"https:\/\/maxtormetal.com\/product\/n95-medical-mask-roller\/#local-main-organization-logo","url":"https:\/\/maxtormetal.com\/wp-content\/uploads\/2023\/08\/cropped-cropped-logo-\u526f\u672c-\u526f\u672c-e1693303172756-1.png","contentUrl":"https:\/\/maxtormetal.com\/wp-content\/uploads\/2023\/08\/cropped-cropped-logo-\u526f\u672c-\u526f\u672c-e1693303172756-1.png","width":441,"height":132,"caption":"Nanjing Metal Industrial CO., Limited"}]}},"_links":{"self":[{"href":"https:\/\/maxtormetal.com\/de\/wp-json\/wp\/v2\/product\/3104"}],"collection":[{"href":"https:\/\/maxtormetal.com\/de\/wp-json\/wp\/v2\/product"}],"about":[{"href":"https:\/\/maxtormetal.com\/de\/wp-json\/wp\/v2\/types\/product"}],"wp:featuredmedia":[{"embeddable":true,"href":"https:\/\/maxtormetal.com\/de\/wp-json\/wp\/v2\/media\/3108"}],"wp:attachment":[{"href":"https:\/\/maxtormetal.com\/de\/wp-json\/wp\/v2\/media?parent=3104"}],"wp:term":[{"taxonomy":"product_cat","embeddable":true,"href":"https:\/\/maxtormetal.com\/de\/wp-json\/wp\/v2\/product_cat?post=3104"},{"taxonomy":"product_tag","embeddable":true,"href":"https:\/\/maxtormetal.com\/de\/wp-json\/wp\/v2\/product_tag?post=3104"}],"curies":[{"name":"wp","href":"https:\/\/api.w.org\/{rel}","templated":true}]}}