{"id":3118,"date":"2023-10-07T10:02:32","date_gmt":"2023-10-07T02:02:32","guid":{"rendered":"https:\/\/maxtormetal.com\/?post_type=product&#038;p=3118"},"modified":"2025-05-22T22:11:35","modified_gmt":"2025-05-22T14:11:35","slug":"querscherenmesser","status":"publish","type":"product","link":"https:\/\/maxtormetal.com\/de\/produkt\/querscherenmesser\/","title":{"rendered":"Querschneidemaschinenklinge"},"content":{"rendered":"<h3 class=\"\" data-sourcepos=\"3:1-3:47\">Was bedeuten die Klingen einer Querschermaschine?<\/h3>\r\n<p data-sourcepos=\"5:1-5:162\">Der Begriff \u201eQuerscherenklinge\u201c bezeichnet eine bestimmte Art von Industrieklinge, die in Querscheren zum Einsatz kommt. Diese Maschinen sind daf\u00fcr ausgelegt, Querschnitte \u00fcber die gesamte Breite eines Materials wie beispielsweise Metallblechen, -platten, -rollen oder anderen Endlosbahnmaterialien auszuf\u00fchren. Die Querscherenklinge ist ein entscheidender Bestandteil dieses Prozesses und sorgt f\u00fcr saubere, genaue Schnitte senkrecht zur Materiallaufrichtung. Diese Klingen sind auf Langlebigkeit und Pr\u00e4zision ausgelegt und halten den beim Scheren unterschiedlicher Materialst\u00e4rken und -festigkeiten auftretenden Kr\u00e4ften stand. Die spezifische Bedeutung impliziert oft eine robuste Klinge, die f\u00fcr pr\u00e4zise, rechtwinklige Schnitte in industriellen Anwendungen ausgelegt ist. Querscherenklingen werden auch als \u201eQuerschnittscherenklingen\u201c, \u201eQuerscherenklingen\u201c, \u201eAbschneidescherenklingen\u201c oder \u201eGuillotinescherenklingen\u201c bezeichnet (in manchen Kontexten k\u00f6nnen Guillotinescheren jedoch auch L\u00e4ngsschnitte ausf\u00fchren).<\/p>\r\n<h3 class=\"\" data-sourcepos=\"7:1-7:58\">Einsatz und Anwendung von Querscherenklingen<\/h3>\r\n<p data-sourcepos=\"9:1-9:175\">Querscherenklingen sind in verschiedenen industriellen Prozessen unverzichtbar, bei denen Materialien auf bestimmte L\u00e4ngen oder Abschnitte \u00fcber ihre Breite zugeschnitten werden m\u00fcssen. Wichtige Einsatzm\u00f6glichkeiten und Anwendungsszenarien sind:<\/p>\r\n<ul data-sourcepos=\"11:1-13:169\">\r\n<li data-sourcepos=\"11:1-11:239\"><strong>Metal-Verarbeitung:<\/strong> Wird in Stahlwalzwerken, Servicezentren und Metallverarbeitungsbetrieben zum Zuschneiden von Blechen, Platten, Coils und Stangen auf die gew\u00fcnschte L\u00e4nge eingesetzt. Die Klingen der Querschere gew\u00e4hrleisten pr\u00e4zises Zuschneiden auf die gew\u00fcnschte L\u00e4nge.<\/li>\r\n<li data-sourcepos=\"12:1-12:261\"><strong>Papier- und Verarbeitungsindustrie:<\/strong> Wird in Papierfabriken und Verarbeitungsanlagen eingesetzt, um gro\u00dfe Rollen Papier, Karton und andere Bahnmaterialien in Bl\u00e4tter bestimmter Gr\u00f6\u00dfen zu schneiden. Pr\u00e4zise Querscherenklingen sind f\u00fcr nachgelagerte Prozesse von entscheidender Bedeutung.<\/li>\r\n<li data-sourcepos=\"13:1-13:169\"><strong>Coilverarbeitung:<\/strong> Wird in Coil-Verarbeitungslinien zum Schneiden von Metallcoils in einzelne Bleche oder Rohlinge der gew\u00fcnschten Abmessungen verwendet. F\u00fcr eine effiziente Coil-Verarbeitung sind robuste Querscherenmesser erforderlich.<\/li>\r\n<li data-sourcepos=\"14:1-14:196\"><strong>Fertigung:<\/strong> Integriert in verschiedene Fertigungslinien, um Endlosmaterialien wie Textilien, Kunststoffe und Verbundwerkstoffe f\u00fcr die Weiterverarbeitung oder als Endprodukte auf bestimmte L\u00e4ngen zu schneiden.<\/li>\r\n<li data-sourcepos=\"15:1-15:155\"><strong>Automobilindustrie:<\/strong> Wird bei der Herstellung von Autoteilen verwendet, bei denen ein pr\u00e4zises Schneiden von Metallblechen oder -spulen in bestimmte Formen und Gr\u00f6\u00dfen erforderlich ist.<\/li>\r\n<li data-sourcepos=\"16:1-16:129\"><strong>Ger\u00e4teherstellung:<\/strong> Wird bei der Herstellung von Ger\u00e4tekomponenten eingesetzt, die ein pr\u00e4zises Schneiden von Metallblechen erfordern.<\/li>\r\n<li data-sourcepos=\"17:1-18:0\"><strong>Baumaterialien:<\/strong> Wird bei der Verarbeitung von Metalld\u00e4chern, Verkleidungen und anderen Baumaterialien verwendet, die auf bestimmte L\u00e4ngen zugeschnitten werden m\u00fcssen.<\/li>\r\n<\/ul>\r\n<p data-sourcepos=\"19:1-19:63\">Das spezifische Design, Material und die Gr\u00f6\u00dfe der Klinge der Querschere werden durch die Art und Dicke des zu schneidenden Materials, die Geschwindigkeit der Schere und die erforderliche Schnittgenauigkeit bestimmt.<\/p>\r\n<h3 class=\"\" data-sourcepos=\"21:1-21:54\">G\u00e4ngige Materialien f\u00fcr Querscherenklingen<\/h3>\r\n<p data-sourcepos=\"23:1-23:227\">Die bei der Herstellung von Querscherenklingen verwendeten Materialien sind entscheidend f\u00fcr ihre Haltbarkeit, Verschlei\u00dffestigkeit und F\u00e4higkeit, auch unter anspruchsvollen Bedingungen eine scharfe Schneide zu behalten. G\u00e4ngige Materialien sind:<\/p>\r\n<ul data-sourcepos=\"25:1-26:12\">\r\n<li data-sourcepos=\"25:1-25:108\"><strong>Hochkohlenstoffstahl:<\/strong> Bietet gute Sch\u00e4rfe und eignet sich zum Schneiden weicherer Metalle und d\u00fcnnerer Bleche.<\/li>\r\n<li data-sourcepos=\"26:1-26:12\"><strong>Werkzeugst\u00e4hle (z. B. D2, M2, A2, O1):<\/strong> Diese St\u00e4hle bieten ein hervorragendes Gleichgewicht aus H\u00e4rte, Z\u00e4higkeit und Verschlei\u00dffestigkeit und eignen sich daher ideal f\u00fcr eine Vielzahl von Metallscheranwendungen. Kreuzscherenklingen aus Werkzeugstahl bieten eine l\u00e4ngere Lebensdauer.<\/li>\r\n<li data-sourcepos=\"27:1-27:162\"><strong>Kohlenstoffreiche St\u00e4hle mit hohem Chromgehalt (z. B. Cr12MoV):<\/strong> Diese St\u00e4hle bieten eine hervorragende Verschlei\u00dffestigkeit, insbesondere beim Schneiden h\u00e4rterer oder abrasiverer Materialien.<\/li>\r\n<li data-sourcepos=\"28:1-28:183\"><strong>Pulverf\u00f6rmige Metallurgy-St\u00e4hle (PM-St\u00e4hle):<\/strong> Diese modernen St\u00e4hle bieten eine \u00fcberragende Homogenit\u00e4t und k\u00f6nnen so angepasst werden, dass sie spezielle Kombinationen aus hoher H\u00e4rte, Z\u00e4higkeit und Verschlei\u00dffestigkeit bieten, was zu leistungsstarken Querscherenklingen f\u00fchrt.<\/li>\r\n<li data-sourcepos=\"29:1-29:150\"><strong>Legierte St\u00e4hle (z. B. H13, LD):<\/strong> Wird f\u00fcr anspruchsvolle Anwendungen, einschlie\u00dflich Hei\u00dfscheren, verwendet und bietet hohe Festigkeit und Best\u00e4ndigkeit gegen thermische Erm\u00fcdung.<\/li>\r\n<li data-sourcepos=\"30:1-31:0\"><strong>Hartmetalleins\u00e4tze:<\/strong> F\u00fcr extrem anspruchsvolle Anwendungen oder das Hochgeschwindigkeitsscheren z\u00e4her Materialien k\u00f6nnen Querscherbl\u00e4tter mit austauschbaren Hartmetalleins\u00e4tzen f\u00fcr maximale Verschlei\u00dffestigkeit ausgestattet werden.<\/li>\r\n<\/ul>\r\n<p data-sourcepos=\"32:1-32:230\">Die Auswahl des geeigneten Materials f\u00fcr Querscherenbl\u00e4tter h\u00e4ngt von der Art und Dicke des zu schneidenden Materials, den Betriebsbedingungen (Temperatur, Geschwindigkeit) sowie der gew\u00fcnschten Lebensdauer und Schnittqualit\u00e4t der Bl\u00e4tter ab. Die W\u00e4rmebehandlung ist ebenfalls ein entscheidender Aspekt bei der Herstellung dieser Bl\u00e4tter, um optimale H\u00e4rte und Z\u00e4higkeit zu erreichen.<\/p>\r\n<h3 class=\"\" data-sourcepos=\"34:1-34:50\">G\u00e4ngige Formen von Querscherenklingen<\/h3>\r\n<p data-sourcepos=\"36:1-36:203\">Die Klingen von Querschermaschinen sind typischerweise gerade Klingen, ihr Design kann jedoch je nach Schermaschine und zu verarbeitendem Material variieren. G\u00e4ngige Formen und Merkmale sind:<\/p>\r\n<ul data-sourcepos=\"38:1-40:74\">\r\n<li data-sourcepos=\"38:1-38:106\"><strong>Gerade, einschneidige Klingen:<\/strong> Die g\u00e4ngigste Konfiguration f\u00fcr allgemeine Querschnittanwendungen.<\/li>\r\n<li data-sourcepos=\"39:1-39:117\"><strong>Gerade, zweischneidige Klingen:<\/strong> Kann umgedreht oder nachgeschliffen werden, um beide Schneidkanten zu nutzen und so die Lebensdauer der Klinge zu verl\u00e4ngern.<\/li>\r\n<li data-sourcepos=\"40:1-40:74\"><strong>Abgeschr\u00e4gte Kanten:<\/strong> Winkel und Art des Anschliffs (einfach, doppelt, zusammengesetzt) sind entscheidend f\u00fcr einen sauberen Schnitt und werden auf das zu schneidende Material abgestimmt.<\/li>\r\n<li data-sourcepos=\"41:1-41:118\"><strong>Quadratische Kanten:<\/strong> Wird in einigen Anwendungen, insbesondere bei dickeren Materialien, verwendet, um eine starke Scherkraft zu erzeugen.<\/li>\r\n<li data-sourcepos=\"42:1-42:142\"><strong>Gezahnte oder gezackte Kanten:<\/strong> Wird in bestimmten Anwendungen verwendet, beispielsweise beim Schneiden weicherer oder faserigerer Materialien, um effektiver zu greifen und zu schneiden.<\/li>\r\n<li data-sourcepos=\"43:1-43:181\"><strong>Guillotine-Scherenklingen:<\/strong> Typischerweise lange, gerade Klingen, die in Guillotine-Scheren verwendet werden, um gerade Schnitte durch das Material zu machen. Sie k\u00f6nnen verschiedene Abschr\u00e4gungswinkel haben.<\/li>\r\n<li data-sourcepos=\"44:1-44:160\"><strong>Hydraulische Scherenbl\u00e4tter:<\/strong> Entwickelt, um den hohen Kr\u00e4ften hydraulischer Schermaschinen standzuhalten, und oft mit robuster Konstruktion und pr\u00e4ziser Kantengeometrie ausgestattet.<\/li>\r\n<\/ul>\r\n<p data-sourcepos=\"46:1-46:313\">Die pr\u00e4zise Form und Kantenbearbeitung des Querscherenblatts sind entscheidend f\u00fcr saubere, pr\u00e4zise Schnitte und eine maximale Lebensdauer des Blatts. Der Befestigungsmechanismus, oft mit T-Nuten und hydraulischer Klemmung f\u00fcr schnellen Blattwechsel und sichere Befestigung, ist ebenfalls ein wichtiger Designaspekt.<\/p>\r\n<p>Wenn Sie die gesuchte Klinge nicht finden, k\u00f6nnen wir diese auch anpassen. Erfahren Sie in unserem Bereich <span style=\"color: #ff9900;\">\u201e<a style=\"color: #ff9900;\" href=\"https:\/\/maxtormetal.com\/de\/custom-blades\/\" target=\"_blank\" rel=\"noopener\"><em><strong>Kundenspezifische Klingen<\/strong><\/em><\/a>\u201e<\/span> wie!\u00a0<span style=\"color: #ff9900;\"><em><strong><a style=\"color: #ff9900;\" href=\"https:\/\/maxtormetal.com\/de\/contact\/\" target=\"_blank\" rel=\"noopener\">Gerne k\u00f6nnen Sie uns eine Anfrage senden!<\/a><\/strong><\/em><\/span><\/p>\r\n<h4><a href=\"https:\/\/maxtormetal.com\/de\/brochures\/\" target=\"_blank\" rel=\"noopener\"><strong><em><span style=\"color: #ff9900;\">Brosch\u00fcren \u00f6ffnen<\/span><\/em><\/strong><\/a><\/h4>\r\n<hr \/>\r\n<h2>Warum METAL w\u00e4hlen?<\/h2>\r\n<ol>\r\n<li>\r\n<h3><strong> Ein zentraler, problemloser Importservice<\/strong><\/h3>\r\n<\/li>\r\n<\/ol>\r\n<p>Genie\u00dfen Sie den Komfort eines nahtlosen Imports. Vom Transport bis zur Zollabwicklung \u00fcbernehmen wir den gesamten Prozess. Sie m\u00fcssen lediglich die Mehrwertsteuer entrichten und auf die Ankunft Ihrer Waren warten.<\/p>\r\n<ol start=\"2\">\r\n<li>\r\n<h3><strong> Wettbewerbsf\u00e4hige Preise<\/strong><\/h3>\r\n<\/li>\r\n<\/ol>\r\n<p>Wir haben unsere Klingen in unz\u00e4hligen Anwendungen bewiesen und sind bereit f\u00fcr jedes Projekt, das Sie uns vorstellen. Erwarten Sie Genauigkeit, Langlebigkeit und un\u00fcbertroffen wettbewerbsf\u00e4hige Preise.<\/p>\r\n<ol start=\"3\">\r\n<li>\r\n<h3><strong> ODM &amp; OEM verf\u00fcgbar<\/strong><\/h3>\r\n<\/li>\r\n<\/ol>\r\n<p>Ob Sie Zeichnungen, Skizzen oder Muster bereitstellen, wir k\u00f6nnen f\u00fcr Sie entwerfen und fertigen. Wir haben auch die F\u00e4higkeit, bei der Modifizierung bestehender Designs und Spezifikationen zu helfen, um nahezu jede industrielle Werkzeuganwendung zu verbessern. Bitte kontaktieren Sie unser engagiertes Vertriebsteam, um Ihre spezifischen Anforderungen zu besprechen.<\/p>\r\n<ol start=\"4\">\r\n<li>\r\n<h3><strong> Strenge Qualit\u00e4tskontrolle<\/strong><\/h3>\r\n<\/li>\r\n<\/ol>\r\n<p>Eine Reihe von Tests und Inspektionen werden zur Qualit\u00e4tskontrolle durchgef\u00fchrt, darunter die Erstmusterpr\u00fcfung, die Wareneingangspr\u00fcfung und Materialzertifizierung, die In-Prozess-Qualit\u00e4tspr\u00fcfung und die Endqualit\u00e4tspr\u00fcfung.<\/p>\r\n<ol start=\"5\">\r\n<li>\r\n<h3><strong> Flexible Beschaffung, uneingeschr\u00e4nkte Zusammenarbeit<\/strong><\/h3>\r\n<\/li>\r\n<\/ol>\r\n<p>Ob Sie ein Importeur, Distributor, Gro\u00dfh\u00e4ndler oder Endverbraucher sind, wir hei\u00dfen Sie herzlich willkommen. Profitieren Sie von minimalen Mindestbestellmengen (MOQs), problemlosen Anfragen und gr\u00f6\u00dferer Einkaufsfreiheit.<\/p>\r\n<ol start=\"6\">\r\n<li>\r\n<h3><strong> Echtzeit-Berichte zum Produktionsfortschritt<\/strong><\/h3>\r\n<\/li>\r\n<\/ol>\r\n<p>Betrachten Sie uns als Ihren exklusiven Monitor. Wir werden Ihnen regelm\u00e4\u00dfig Updates zu jedem wichtigen Knotenpunkt Ihrer Produktionslinie liefern. Egal wie weit entfernt, Sie erhalten Echtzeit-Einblicke in den Fortschritt Ihres Produkts.<\/p>\r\n<hr \/>\r\n<p><iframe loading=\"lazy\" title=\"Scherenmaschinenmesser\" width=\"800\" height=\"600\" src=\"https:\/\/www.youtube.com\/embed\/w_9zRVhFtGk?feature=oembed&#038;enablejsapi=1&#038;origin=https:\/\/maxtormetal.com\" frameborder=\"0\" allow=\"accelerometer; autoplay; clipboard-write; encrypted-media; gyroscope; picture-in-picture; web-share\" referrerpolicy=\"strict-origin-when-cross-origin\" allowfullscreen><\/iframe><\/p>","protected":false},"excerpt":{"rendered":"<p>What do Cross Shearing Machine Blades Mean? The term &#8220;Cross Shearing Machine Blade&#8221; refers to a specific type of industrial blade used in cross-cutting shearing machines. These machines are designed to make transverse cuts across the width of a material, such as metal sheets, plates, coils, or other continuous web materials. The Cross Shearing Machine [&hellip;]<\/p>","protected":false},"featured_media":3122,"template":"","meta":[],"product_cat":[110,98,113,108],"product_tag":[400,401],"yoast_head":"<!-- This site is optimized with the Yoast SEO Premium plugin v23.6 (Yoast SEO v23.6) - https:\/\/yoast.com\/wordpress\/plugins\/seo\/ -->\n<title>Cross Shearing machine Blade - Metal Industrial, Industrial Blade Manufacturer, Cutting Knives and blades, Machine Knives and blades supplier, Custom Blades solution<\/title>\n<meta name=\"description\" content=\"Discover durable and precise Cross Shearing Machine Blade for accurate transverse cutting of metal, paper, and more. Explore our range for applications!\" \/>\n<meta name=\"robots\" content=\"index, follow, max-snippet:-1, max-image-preview:large, max-video-preview:-1\" \/>\n<link rel=\"canonical\" href=\"https:\/\/maxtormetal.com\/de\/produkt\/querscherenmesser\/\" \/>\n<meta property=\"og:locale\" content=\"de_DE\" \/>\n<meta property=\"og:type\" content=\"article\" \/>\n<meta property=\"og:title\" content=\"Cross Shearing machine Blade\" \/>\n<meta property=\"og:description\" content=\"Discover durable and precise Cross Shearing Machine Blade for accurate transverse cutting of metal, paper, and more. Explore our range for applications!\" \/>\n<meta property=\"og:url\" content=\"https:\/\/maxtormetal.com\/de\/produkt\/querscherenmesser\/\" \/>\n<meta property=\"og:site_name\" content=\"Metal Industrial, Industrial Blade Manufacturer, Cutting Knives and blades, Machine Knives and blades supplier, Custom Blades solution\" \/>\n<meta property=\"article:publisher\" content=\"https:\/\/www.facebook.com\/mengli.tang.3\" \/>\n<meta property=\"article:modified_time\" content=\"2025-05-22T14:11:35+00:00\" \/>\n<meta property=\"og:image\" content=\"https:\/\/maxtormetal.com\/wp-content\/uploads\/2023\/10\/Cross-Shearing-machine-Blade-main11.jpg\" \/>\n\t<meta property=\"og:image:width\" content=\"800\" \/>\n\t<meta property=\"og:image:height\" content=\"800\" \/>\n\t<meta property=\"og:image:type\" content=\"image\/jpeg\" \/>\n<meta name=\"twitter:card\" content=\"summary_large_image\" \/>\n<meta name=\"twitter:site\" content=\"@MengliT13570\" \/>\n<script type=\"application\/ld+json\" class=\"yoast-schema-graph\">{\"@context\":\"https:\/\/schema.org\",\"@graph\":[{\"@type\":[\"WebPage\",\"ItemPage\"],\"@id\":\"https:\/\/maxtormetal.com\/product\/cross-shearing-machine-blade\/\",\"url\":\"https:\/\/maxtormetal.com\/product\/cross-shearing-machine-blade\/\",\"name\":\"Cross Shearing machine Blade - Metal Industrial, Industrial Blade Manufacturer, Cutting Knives and blades, Machine Knives and blades supplier, Custom Blades solution\",\"isPartOf\":{\"@id\":\"https:\/\/maxtormetal.com\/fr\/#website\"},\"primaryImageOfPage\":{\"@id\":\"https:\/\/maxtormetal.com\/product\/cross-shearing-machine-blade\/#primaryimage\"},\"image\":{\"@id\":\"https:\/\/maxtormetal.com\/product\/cross-shearing-machine-blade\/#primaryimage\"},\"thumbnailUrl\":\"https:\/\/maxtormetal.com\/wp-content\/uploads\/2023\/10\/Cross-Shearing-machine-Blade-main11.jpg\",\"datePublished\":\"2023-10-07T02:02:32+00:00\",\"dateModified\":\"2025-05-22T14:11:35+00:00\",\"description\":\"Discover durable and precise Cross Shearing Machine Blade for accurate transverse cutting of metal, paper, and more. Explore our range for applications!\",\"breadcrumb\":{\"@id\":\"https:\/\/maxtormetal.com\/product\/cross-shearing-machine-blade\/#breadcrumb\"},\"inLanguage\":\"de\",\"potentialAction\":[{\"@type\":\"ReadAction\",\"target\":[\"https:\/\/maxtormetal.com\/product\/cross-shearing-machine-blade\/\"]}]},{\"@type\":\"ImageObject\",\"inLanguage\":\"de\",\"@id\":\"https:\/\/maxtormetal.com\/product\/cross-shearing-machine-blade\/#primaryimage\",\"url\":\"https:\/\/maxtormetal.com\/wp-content\/uploads\/2023\/10\/Cross-Shearing-machine-Blade-main11.jpg\",\"contentUrl\":\"https:\/\/maxtormetal.com\/wp-content\/uploads\/2023\/10\/Cross-Shearing-machine-Blade-main11.jpg\",\"width\":800,\"height\":800,\"caption\":\"cross-shearing-machine\"},{\"@type\":\"BreadcrumbList\",\"@id\":\"https:\/\/maxtormetal.com\/product\/cross-shearing-machine-blade\/#breadcrumb\",\"itemListElement\":[{\"@type\":\"ListItem\",\"position\":1,\"name\":\"Home\",\"item\":\"https:\/\/maxtormetal.com\/\"},{\"@type\":\"ListItem\",\"position\":2,\"name\":\"Products\",\"item\":\"https:\/\/maxtormetal.com\/products\/\"},{\"@type\":\"ListItem\",\"position\":3,\"name\":\"Cross Shearing machine Blade\"}]},{\"@type\":\"WebSite\",\"@id\":\"https:\/\/maxtormetal.com\/fr\/#website\",\"url\":\"https:\/\/maxtormetal.com\/fr\/\",\"name\":\"Metal Industrial, Industrial Blade Manufacturer, Cutting Knives and blades, Machine Knives and blades supplier, Custom Blades solution\",\"description\":\"Mechanical blades and knives supplier for all machines made by China\",\"publisher\":{\"@id\":\"https:\/\/maxtormetal.com\/fr\/#organization\"},\"potentialAction\":[{\"@type\":\"SearchAction\",\"target\":{\"@type\":\"EntryPoint\",\"urlTemplate\":\"https:\/\/maxtormetal.com\/fr\/?s={search_term_string}\"},\"query-input\":{\"@type\":\"PropertyValueSpecification\",\"valueRequired\":true,\"valueName\":\"search_term_string\"}}],\"inLanguage\":\"de\"},{\"@type\":[\"Organization\",\"Place\"],\"@id\":\"https:\/\/maxtormetal.com\/fr\/#organization\",\"name\":\"Nanjing Metal Industrial CO., Limited\",\"alternateName\":\"Metal Industrial\",\"url\":\"https:\/\/maxtormetal.com\/fr\/\",\"logo\":{\"@id\":\"https:\/\/maxtormetal.com\/product\/cross-shearing-machine-blade\/#local-main-organization-logo\"},\"image\":{\"@id\":\"https:\/\/maxtormetal.com\/product\/cross-shearing-machine-blade\/#local-main-organization-logo\"},\"sameAs\":[\"https:\/\/www.facebook.com\/mengli.tang.3\",\"https:\/\/x.com\/MengliT13570\",\"https:\/\/www.linkedin.com\/in\/metalindustrial\/\"],\"description\":\"NanjingMetal is specialized in manufacturing and supplying industrial blades and knives, and its main business is to provide customers with customized industrial blades to meet their specific needs. With an experienced design and production team, we utilize the supply chain advantage in China to provide customers with competitive high quality industrial blades and knives.\",\"legalName\":\"Nanjing Metal Industrial CO., Limited\",\"foundingDate\":\"2006-02-18\",\"numberOfEmployees\":{\"@type\":\"QuantitativeValue\",\"minValue\":\"11\",\"maxValue\":\"50\"},\"telephone\":[],\"openingHoursSpecification\":[{\"@type\":\"OpeningHoursSpecification\",\"dayOfWeek\":[\"Monday\",\"Tuesday\",\"Wednesday\",\"Thursday\",\"Friday\",\"Saturday\",\"Sunday\"],\"opens\":\"09:00\",\"closes\":\"17:00\"}]},{\"@type\":\"ImageObject\",\"inLanguage\":\"de\",\"@id\":\"https:\/\/maxtormetal.com\/product\/cross-shearing-machine-blade\/#local-main-organization-logo\",\"url\":\"https:\/\/maxtormetal.com\/wp-content\/uploads\/2023\/08\/cropped-cropped-logo-\u526f\u672c-\u526f\u672c-e1693303172756-1.png\",\"contentUrl\":\"https:\/\/maxtormetal.com\/wp-content\/uploads\/2023\/08\/cropped-cropped-logo-\u526f\u672c-\u526f\u672c-e1693303172756-1.png\",\"width\":441,\"height\":132,\"caption\":\"Nanjing Metal Industrial CO., Limited\"}]}<\/script>\n<!-- \/ Yoast SEO Premium plugin. -->","yoast_head_json":{"title":"Cross Shearing machine Blade - Metal Industrial, Industrial Blade Manufacturer, Cutting Knives and blades, Machine Knives and blades supplier, Custom Blades solution","description":"Discover durable and precise Cross Shearing Machine Blade for accurate transverse cutting of metal, paper, and more. Explore our range for applications!","robots":{"index":"index","follow":"follow","max-snippet":"max-snippet:-1","max-image-preview":"max-image-preview:large","max-video-preview":"max-video-preview:-1"},"canonical":"https:\/\/maxtormetal.com\/de\/produkt\/querscherenmesser\/","og_locale":"de_DE","og_type":"article","og_title":"Cross Shearing machine Blade","og_description":"Discover durable and precise Cross Shearing Machine Blade for accurate transverse cutting of metal, paper, and more. Explore our range for applications!","og_url":"https:\/\/maxtormetal.com\/de\/produkt\/querscherenmesser\/","og_site_name":"Metal Industrial, Industrial Blade Manufacturer, Cutting Knives and blades, Machine Knives and blades supplier, Custom Blades solution","article_publisher":"https:\/\/www.facebook.com\/mengli.tang.3","article_modified_time":"2025-05-22T14:11:35+00:00","og_image":[{"width":800,"height":800,"url":"https:\/\/maxtormetal.com\/wp-content\/uploads\/2023\/10\/Cross-Shearing-machine-Blade-main11.jpg","type":"image\/jpeg"}],"twitter_card":"summary_large_image","twitter_site":"@MengliT13570","schema":{"@context":"https:\/\/schema.org","@graph":[{"@type":["WebPage","ItemPage"],"@id":"https:\/\/maxtormetal.com\/product\/cross-shearing-machine-blade\/","url":"https:\/\/maxtormetal.com\/product\/cross-shearing-machine-blade\/","name":"Cross Shearing machine Blade - Metal Industrial, Industrial Blade Manufacturer, Cutting Knives and blades, Machine Knives and blades supplier, Custom Blades solution","isPartOf":{"@id":"https:\/\/maxtormetal.com\/fr\/#website"},"primaryImageOfPage":{"@id":"https:\/\/maxtormetal.com\/product\/cross-shearing-machine-blade\/#primaryimage"},"image":{"@id":"https:\/\/maxtormetal.com\/product\/cross-shearing-machine-blade\/#primaryimage"},"thumbnailUrl":"https:\/\/maxtormetal.com\/wp-content\/uploads\/2023\/10\/Cross-Shearing-machine-Blade-main11.jpg","datePublished":"2023-10-07T02:02:32+00:00","dateModified":"2025-05-22T14:11:35+00:00","description":"Discover durable and precise Cross Shearing Machine Blade for accurate transverse cutting of metal, paper, and more. Explore our range for applications!","breadcrumb":{"@id":"https:\/\/maxtormetal.com\/product\/cross-shearing-machine-blade\/#breadcrumb"},"inLanguage":"de","potentialAction":[{"@type":"ReadAction","target":["https:\/\/maxtormetal.com\/product\/cross-shearing-machine-blade\/"]}]},{"@type":"ImageObject","inLanguage":"de","@id":"https:\/\/maxtormetal.com\/product\/cross-shearing-machine-blade\/#primaryimage","url":"https:\/\/maxtormetal.com\/wp-content\/uploads\/2023\/10\/Cross-Shearing-machine-Blade-main11.jpg","contentUrl":"https:\/\/maxtormetal.com\/wp-content\/uploads\/2023\/10\/Cross-Shearing-machine-Blade-main11.jpg","width":800,"height":800,"caption":"cross-shearing-machine"},{"@type":"BreadcrumbList","@id":"https:\/\/maxtormetal.com\/product\/cross-shearing-machine-blade\/#breadcrumb","itemListElement":[{"@type":"ListItem","position":1,"name":"Home","item":"https:\/\/maxtormetal.com\/"},{"@type":"ListItem","position":2,"name":"Products","item":"https:\/\/maxtormetal.com\/products\/"},{"@type":"ListItem","position":3,"name":"Cross Shearing machine Blade"}]},{"@type":"WebSite","@id":"https:\/\/maxtormetal.com\/fr\/#website","url":"https:\/\/maxtormetal.com\/fr\/","name":"Metal Industrial, Industrial Blade Manufacturer, Cutting Knives and blades, Machine Knives and blades supplier, Custom Blades solution","description":"Mechanical blades and knives supplier for all machines made by China","publisher":{"@id":"https:\/\/maxtormetal.com\/fr\/#organization"},"potentialAction":[{"@type":"SearchAction","target":{"@type":"EntryPoint","urlTemplate":"https:\/\/maxtormetal.com\/fr\/?s={search_term_string}"},"query-input":{"@type":"PropertyValueSpecification","valueRequired":true,"valueName":"search_term_string"}}],"inLanguage":"de"},{"@type":["Organization","Place"],"@id":"https:\/\/maxtormetal.com\/fr\/#organization","name":"Nanjing Metal Industrial CO., Limited","alternateName":"Metal Industrial","url":"https:\/\/maxtormetal.com\/fr\/","logo":{"@id":"https:\/\/maxtormetal.com\/product\/cross-shearing-machine-blade\/#local-main-organization-logo"},"image":{"@id":"https:\/\/maxtormetal.com\/product\/cross-shearing-machine-blade\/#local-main-organization-logo"},"sameAs":["https:\/\/www.facebook.com\/mengli.tang.3","https:\/\/x.com\/MengliT13570","https:\/\/www.linkedin.com\/in\/metalindustrial\/"],"description":"NanjingMetal is specialized in manufacturing and supplying industrial blades and knives, and its main business is to provide customers with customized industrial blades to meet their specific needs. With an experienced design and production team, we utilize the supply chain advantage in China to provide customers with competitive high quality industrial blades and knives.","legalName":"Nanjing Metal Industrial CO., Limited","foundingDate":"2006-02-18","numberOfEmployees":{"@type":"QuantitativeValue","minValue":"11","maxValue":"50"},"telephone":[],"openingHoursSpecification":[{"@type":"OpeningHoursSpecification","dayOfWeek":["Monday","Tuesday","Wednesday","Thursday","Friday","Saturday","Sunday"],"opens":"09:00","closes":"17:00"}]},{"@type":"ImageObject","inLanguage":"de","@id":"https:\/\/maxtormetal.com\/product\/cross-shearing-machine-blade\/#local-main-organization-logo","url":"https:\/\/maxtormetal.com\/wp-content\/uploads\/2023\/08\/cropped-cropped-logo-\u526f\u672c-\u526f\u672c-e1693303172756-1.png","contentUrl":"https:\/\/maxtormetal.com\/wp-content\/uploads\/2023\/08\/cropped-cropped-logo-\u526f\u672c-\u526f\u672c-e1693303172756-1.png","width":441,"height":132,"caption":"Nanjing Metal Industrial CO., Limited"}]}},"_links":{"self":[{"href":"https:\/\/maxtormetal.com\/de\/wp-json\/wp\/v2\/product\/3118"}],"collection":[{"href":"https:\/\/maxtormetal.com\/de\/wp-json\/wp\/v2\/product"}],"about":[{"href":"https:\/\/maxtormetal.com\/de\/wp-json\/wp\/v2\/types\/product"}],"wp:featuredmedia":[{"embeddable":true,"href":"https:\/\/maxtormetal.com\/de\/wp-json\/wp\/v2\/media\/3122"}],"wp:attachment":[{"href":"https:\/\/maxtormetal.com\/de\/wp-json\/wp\/v2\/media?parent=3118"}],"wp:term":[{"taxonomy":"product_cat","embeddable":true,"href":"https:\/\/maxtormetal.com\/de\/wp-json\/wp\/v2\/product_cat?post=3118"},{"taxonomy":"product_tag","embeddable":true,"href":"https:\/\/maxtormetal.com\/de\/wp-json\/wp\/v2\/product_tag?post=3118"}],"curies":[{"name":"wp","href":"https:\/\/api.w.org\/{rel}","templated":true}]}}