{"id":3152,"date":"2023-10-07T10:28:44","date_gmt":"2023-10-07T02:28:44","guid":{"rendered":"https:\/\/maxtormetal.com\/?post_type=product&#038;p=3152"},"modified":"2025-05-22T11:54:14","modified_gmt":"2025-05-22T03:54:14","slug":"kreisschermesser","status":"publish","type":"product","link":"https:\/\/maxtormetal.com\/de\/produkt\/kreisschermesser\/","title":{"rendered":"Kreisscherklinge"},"content":{"rendered":"<h2 data-sourcepos=\"1:1-1:41\">Was bedeuten Kreisscherklingen?<\/h2>\r\n<p data-sourcepos=\"3:1-3:568\">Kreisscherenklingen, auch Rotationsscherenklingen oder Kreisscherenmesser genannt, sind kreisf\u00f6rmige Schneidwerkzeuge f\u00fcr Kreisscheren. Diese Maschinen dienen zum Schneiden von Blechen, Coils und anderen Materialien in runde Rohlinge, Scheiben oder Ringe. Kreisscherenklingen arbeiten typischerweise paarweise, wobei sich eine obere und eine untere Kreisklinge gegeneinander drehen, um einen pr\u00e4zisen und sauberen Schnitt zu erzeugen. Der Begriff \u201eKreisscherenklingen\u201c weist deutlich auf ihre kreisf\u00f6rmige Form und ihre prim\u00e4re Anwendung in Kreisscheren hin.<\/p>\r\n<h2 data-sourcepos=\"5:1-5:50\">Einsatz und Anwendung von Kreisscherenklingen<\/h2>\r\n<p data-sourcepos=\"7:1-7:165\">Kreisscherenklingen sind in verschiedenen metallverarbeitenden Branchen unverzichtbar, um aus Blechen und Coils runde Formen herzustellen. Zu ihren wichtigsten Anwendungen geh\u00f6ren:<\/p>\r\n<ul data-sourcepos=\"9:1-17:0\">\r\n<li data-sourcepos=\"9:1-9:119\"><strong>Ausblenden:<\/strong> Schneiden von Ronden aus Blech zur Weiterverarbeitung, beispielsweise Stanzen, Formen oder Ziehen.<\/li>\r\n<li data-sourcepos=\"10:1-10:137\"><strong>Scheibenschneiden:<\/strong> Herstellung von Scheiben f\u00fcr verschiedene Anwendungen, darunter Autoteile, Ger\u00e4tekomponenten und Industriemaschinen.<\/li>\r\n<li data-sourcepos=\"11:1-11:73\"><strong>Ringschneiden:<\/strong> Erstellen von Ringen und Unterlegscheiben aus Blech oder Coils.<\/li>\r\n<li data-sourcepos=\"12:1-12:142\"><strong>Schlitzen (Rund):<\/strong> In einigen Spezialanwendungen k\u00f6nnen Kreiss\u00e4gebl\u00e4tter zum Schneiden breiterer Metallbleche in schmalere Streifen verwendet werden.<\/li>\r\n<li data-sourcepos=\"13:1-13:153\"><strong>Dichtungsherstellung:<\/strong> Schneiden von runden Dichtungen aus verschiedenen Materialien, darunter Gummi, Kork und nichtmetallische Platten sowie d\u00fcnne Metalle.<\/li>\r\n<li data-sourcepos=\"14:1-14:56\"><strong>Dosenherstellung:<\/strong> Schneiden Sie runde Enden f\u00fcr Dosen.<\/li>\r\n<li data-sourcepos=\"15:1-15:65\"><strong>Automobilindustrie:<\/strong> Herstellung kreisf\u00f6rmiger Teile f\u00fcr Fahrzeuge.<\/li>\r\n<li data-sourcepos=\"16:1-17:0\"><strong>HLK-Branche:<\/strong> Herstellung kreisf\u00f6rmiger Komponenten f\u00fcr Heizungs-, L\u00fcftungs- und Klimaanlagen.<\/li>\r\n<\/ul>\r\n<h2 data-sourcepos=\"18:1-18:46\">G\u00e4ngige Materialien f\u00fcr Kreisscherenmesser<\/h2>\r\n<p data-sourcepos=\"20:1-20:250\">Die f\u00fcr Kreisscherenklingen verwendeten Materialien m\u00fcssen eine hohe H\u00e4rte, Verschlei\u00dffestigkeit und Z\u00e4higkeit aufweisen, um den beim Metallschneiden auftretenden Kr\u00e4ften standzuhalten und eine scharfe Schneide f\u00fcr pr\u00e4zise und saubere Schnitte zu gew\u00e4hrleisten. G\u00e4ngige Materialien sind:<\/p>\r\n<ul data-sourcepos=\"22:1-26:0\">\r\n<li data-sourcepos=\"22:1-22:263\"><strong>Werkzeugstahl (z. B. D2, A2, O1):<\/strong> Bietet ein ausgewogenes Verh\u00e4ltnis von H\u00e4rte, Verschlei\u00dffestigkeit und Z\u00e4higkeit und eignet sich zum Schneiden verschiedener Blecharten, darunter Weichstahl und einige Nichteisenmetalle. D2-Stahl ist besonders wegen seiner Verschlei\u00dffestigkeit beliebt.<\/li>\r\n<li data-sourcepos=\"23:1-23:216\"><strong>Schnellarbeitsstahl (HSS) (z. B. M2, M4):<\/strong> Bietet eine hervorragende Verschlei\u00dffestigkeit und die F\u00e4higkeit, die H\u00e4rte bei erh\u00f6hten Temperaturen beizubehalten, wodurch es sich f\u00fcr Scherarbeiten mit h\u00f6herer Geschwindigkeit und zum Schneiden h\u00e4rterer Metalle eignet.<\/li>\r\n<li data-sourcepos=\"24:1-24:227\"><strong>Pulverf\u00f6rmige Metallurgy-St\u00e4hle (PM) (zB ASP, CPM 10V):<\/strong> Bieten im Vergleich zu herk\u00f6mmlichen Werkzeugst\u00e4hlen eine h\u00f6here Verschlei\u00dffestigkeit und Z\u00e4higkeit und verl\u00e4ngern so die Lebensdauer der Klinge, insbesondere bei der Verarbeitung anspruchsvollerer oder abrasiverer Materialien.<\/li>\r\n<li data-sourcepos=\"25:1-26:0\"><strong>Hartmetalleinlage oder Vollhartmetall:<\/strong> Bietet au\u00dfergew\u00f6hnliche H\u00e4rte und Verschlei\u00dffestigkeit, ideal f\u00fcr die Massenproduktion und zum Scheren h\u00e4rterer oder abrasiverer Metalle, wodurch die Lebensdauer der Klinge erheblich verl\u00e4ngert und Ausfallzeiten zum Sch\u00e4rfen reduziert werden.<\/li>\r\n<\/ul>\r\n<p data-sourcepos=\"27:1-27:340\">Kreisscherenklingen werden pr\u00e4zisionsgeschliffen, um die erforderliche Sch\u00e4rfe und Ma\u00dfgenauigkeit zu erreichen. Der Abschr\u00e4gungswinkel der Schneide ist entscheidend und wird durch Art und Dicke des zu schneidenden Materials bestimmt. Eine optimale W\u00e4rmebehandlung zur Erzielung der optimalen H\u00e4rte ist entscheidend f\u00fcr maximale Leistung und Lebensdauer der Klinge.<\/p>\r\n<h2 data-sourcepos=\"29:1-29:38\">G\u00e4ngige Formen von Kreisscherenklingen<\/h2>\r\n<p data-sourcepos=\"31:1-31:148\"><strong>Kreisscherenklingen<\/strong> sind in erster Linie kreisf\u00f6rmig, k\u00f6nnen aber zur Optimierung der Schneidleistung Variationen in ihren Kantenprofilen und im Gesamtdesign aufweisen:<\/p>\r\n<ul data-sourcepos=\"33:1-38:0\">\r\n<li data-sourcepos=\"33:1-33:164\"><strong>Flache Kreiss\u00e4gebl\u00e4tter:<\/strong> Einfache, scheibenf\u00f6rmige Klingen mit flacher Schneide. Die Fase der Schneide kann je nach Anwendung einfach oder doppelt sein.<\/li>\r\n<li data-sourcepos=\"34:1-34:191\"><strong>Kreiss\u00e4gebl\u00e4tter mit abgeschr\u00e4gter Kante:<\/strong> Die Schneide ist abgewinkelt, sodass eine Scherspitze entsteht. Der Winkel der Fase ist entscheidend f\u00fcr einen sauberen Schnitt und h\u00e4ngt von der Materialst\u00e4rke und -h\u00e4rte ab.<\/li>\r\n<li data-sourcepos=\"35:1-35:167\"><strong>Gew\u00f6lbte Kreiss\u00e4gebl\u00e4tter:<\/strong> Kreiss\u00e4gebl\u00e4tter mit konkavem oder konvexem Profil werden h\u00e4ufig verwendet, um den Materialfluss zu steuern oder beim Schneidvorgang f\u00fcr Freiraum zu sorgen.<\/li>\r\n<li data-sourcepos=\"36:1-36:164\"><strong>Segmentierte Kreiss\u00e4gebl\u00e4tter:<\/strong> Klingen aus austauschbaren Segmenten, die h\u00e4ufig bei gr\u00f6\u00dferen Durchmessern oder bei h\u00e4ufigem Austausch der Schneidkanten verwendet werden.<\/li>\r\n<li data-sourcepos=\"37:1-38:0\"><strong>Bolzenlochkonfigurationen:<\/strong> Die Mitte der Klinge weist typischerweise eine Bohrung auf und kann Schraubenl\u00f6cher zur sicheren Befestigung an der Schermaschine enthalten. Gr\u00f6\u00dfe und Konfiguration dieser Befestigungselemente variieren je nach Maschinenkonstruktion.<\/li>\r\n<\/ul>\r\n<p data-sourcepos=\"39:1-39:624\">Das Funktionsprinzip von Kreisscheren besteht aus zwei Kreisscheren, die auf rotierenden Wellen montiert sind und einen pr\u00e4zisen Abstand zwischen ihnen aufweisen. Das Blech oder die Rolle wird zwischen diese rotierenden Klingen gef\u00fchrt. Durch die Rotation der Klingen wird das Material schrittweise entlang einer Kreisbahn geschert. Rotationsgeschwindigkeit, Materialvorschub, Sch\u00e4rfe und Profil der Klingenkanten sowie der Abstand zwischen den Klingen tragen zur Qualit\u00e4t und Genauigkeit des Kreisschnitts bei. Die richtige Ausrichtung und Wartung der Kreisscherenklingen sind entscheidend f\u00fcr saubere, gratfreie Kanten und eine maximale Klingenlebensdauer.<\/p>\r\n<p>Wenn Sie die gesuchte Klinge nicht finden, k\u00f6nnen wir diese auch anpassen. Erfahren Sie in unserem Bereich <span style=\"color: #ff9900;\">\u201e<a style=\"color: #ff9900;\" href=\"https:\/\/maxtormetal.com\/de\/custom-blades\/\" target=\"_blank\" rel=\"noopener\"><em><strong>Kundenspezifische Klingen<\/strong><\/em><\/a>\u201e<\/span> wie!\u00a0<span style=\"color: #ff9900;\"><em><strong><a style=\"color: #ff9900;\" href=\"https:\/\/maxtormetal.com\/de\/contact\/\" target=\"_blank\" rel=\"noopener\">Gerne k\u00f6nnen Sie uns eine Anfrage senden!<\/a><\/strong><\/em><\/span><\/p>\r\n<h4><a href=\"https:\/\/maxtormetal.com\/de\/brochures\/\" target=\"_blank\" rel=\"noopener\"><strong><em><span style=\"color: #ff9900;\">Brosch\u00fcren \u00f6ffnen<\/span><\/em><\/strong><\/a><\/h4>\r\n<hr \/>\r\n<h2>Warum METAL w\u00e4hlen?<\/h2>\r\n<ol>\r\n<li><strong> Ein zentraler, problemloser Importservice<\/strong><\/li>\r\n<\/ol>\r\n<p>Genie\u00dfen Sie den Komfort eines nahtlosen Imports. Vom Transport bis zur Zollabwicklung \u00fcbernehmen wir den gesamten Prozess. Sie m\u00fcssen lediglich die Mehrwertsteuer entrichten und auf die Ankunft Ihrer Waren warten.<\/p>\r\n<ol start=\"2\">\r\n<li><strong> Wettbewerbsf\u00e4hige Preise<\/strong><\/li>\r\n<\/ol>\r\n<p>Wir haben unsere Klingen in unz\u00e4hligen Anwendungen bewiesen und sind bereit f\u00fcr jedes Projekt, das Sie uns vorstellen. Erwarten Sie Genauigkeit, Langlebigkeit und un\u00fcbertroffen wettbewerbsf\u00e4hige Preise.<\/p>\r\n<ol start=\"3\">\r\n<li><strong> ODM &amp; OEM verf\u00fcgbar<\/strong><\/li>\r\n<\/ol>\r\n<p>Ob Sie Zeichnungen, Skizzen oder Muster bereitstellen, wir k\u00f6nnen f\u00fcr Sie entwerfen und fertigen. Wir haben auch die F\u00e4higkeit, bei der Modifizierung bestehender Designs und Spezifikationen zu helfen, um nahezu jede industrielle Werkzeuganwendung zu verbessern. Bitte kontaktieren Sie unser engagiertes Vertriebsteam, um Ihre spezifischen Anforderungen zu besprechen.<\/p>\r\n<ol start=\"4\">\r\n<li><strong> Strenge Qualit\u00e4tskontrolle<\/strong><\/li>\r\n<\/ol>\r\n<p>Eine Reihe von Tests und Inspektionen werden zur Qualit\u00e4tskontrolle durchgef\u00fchrt, darunter die Erstmusterpr\u00fcfung, die Wareneingangspr\u00fcfung und Materialzertifizierung, die In-Prozess-Qualit\u00e4tspr\u00fcfung und die Endqualit\u00e4tspr\u00fcfung.<\/p>\r\n<ol start=\"5\">\r\n<li><strong> Flexible Beschaffung, uneingeschr\u00e4nkte Zusammenarbeit<\/strong><\/li>\r\n<\/ol>\r\n<p>Ob Sie ein Importeur, Distributor, Gro\u00dfh\u00e4ndler oder Endverbraucher sind, wir hei\u00dfen Sie herzlich willkommen. Profitieren Sie von minimalen Mindestbestellmengen (MOQs), problemlosen Anfragen und gr\u00f6\u00dferer Einkaufsfreiheit.<\/p>\r\n<ol start=\"6\">\r\n<li><strong> Echtzeit-Berichte zum Produktionsfortschritt<\/strong><\/li>\r\n<\/ol>\r\n<p>Betrachten Sie uns als Ihren exklusiven Monitor. Wir werden Ihnen regelm\u00e4\u00dfig Updates zu jedem wichtigen Knotenpunkt Ihrer Produktionslinie liefern. Egal wie weit entfernt, Sie erhalten Echtzeit-Einblicke in den Fortschritt Ihres Produkts.<\/p>\r\n<hr \/>\r\n<p><iframe loading=\"lazy\" title=\"Rundes S\u00e4geblatt zum Schneiden von Stoff in verschiedenen Gr\u00f6\u00dfen\" width=\"800\" height=\"600\" src=\"https:\/\/www.youtube.com\/embed\/vTki4KYBn-4?feature=oembed&#038;enablejsapi=1&#038;origin=https:\/\/maxtormetal.com\" frameborder=\"0\" allow=\"accelerometer; autoplay; clipboard-write; encrypted-media; gyroscope; picture-in-picture; web-share\" referrerpolicy=\"strict-origin-when-cross-origin\" allowfullscreen><\/iframe><\/p>","protected":false},"excerpt":{"rendered":"<p>What do Circle Shearing Blades Mean? Circle shearing blades, also known as rotary shear blades or circular shear knives, are circular cutting tools used in circle shearing machines. These machines are designed for cutting sheet metal, coils, and other materials into circular blanks, discs, or rings. Circle shearing blades typically work in pairs, with an [&hellip;]<\/p>","protected":false},"featured_media":3159,"template":"","meta":[],"product_cat":[107,99,98],"product_tag":[393,392],"yoast_head":"<!-- This site is optimized with the Yoast SEO Premium plugin v23.6 (Yoast SEO v23.6) - https:\/\/yoast.com\/wordpress\/plugins\/seo\/ -->\n<title>Circle Shearing Blade - Metal Industrial, Industrial Blade Manufacturer, Cutting Knives and blades, Machine Knives and blades supplier, Custom Blades solution<\/title>\n<meta name=\"description\" content=\"Explore our high-quality circle shearing blades and rotary shear knives for precise cutting of metal blanks, discs, and rings.\" \/>\n<meta name=\"robots\" content=\"index, follow, max-snippet:-1, max-image-preview:large, max-video-preview:-1\" \/>\n<link rel=\"canonical\" href=\"https:\/\/maxtormetal.com\/de\/produkt\/kreisschermesser\/\" \/>\n<meta property=\"og:locale\" content=\"de_DE\" \/>\n<meta property=\"og:type\" content=\"article\" \/>\n<meta property=\"og:title\" content=\"Circle Shearing Blade\" \/>\n<meta property=\"og:description\" content=\"Explore our high-quality circle shearing blades and rotary shear knives for precise cutting of metal blanks, discs, and rings.\" \/>\n<meta property=\"og:url\" content=\"https:\/\/maxtormetal.com\/de\/produkt\/kreisschermesser\/\" \/>\n<meta property=\"og:site_name\" content=\"Metal Industrial, Industrial Blade Manufacturer, Cutting Knives and blades, Machine Knives and blades supplier, Custom Blades solution\" \/>\n<meta property=\"article:publisher\" content=\"https:\/\/www.facebook.com\/mengli.tang.3\" \/>\n<meta property=\"article:modified_time\" content=\"2025-05-22T03:54:14+00:00\" \/>\n<meta property=\"og:image\" content=\"https:\/\/maxtormetal.com\/wp-content\/uploads\/2023\/10\/Circle-shearing-blade-main11.jpg\" \/>\n\t<meta property=\"og:image:width\" content=\"800\" \/>\n\t<meta property=\"og:image:height\" content=\"800\" \/>\n\t<meta property=\"og:image:type\" content=\"image\/jpeg\" \/>\n<meta name=\"twitter:card\" content=\"summary_large_image\" \/>\n<meta name=\"twitter:site\" content=\"@MengliT13570\" \/>\n<script type=\"application\/ld+json\" class=\"yoast-schema-graph\">{\"@context\":\"https:\/\/schema.org\",\"@graph\":[{\"@type\":[\"WebPage\",\"ItemPage\"],\"@id\":\"https:\/\/maxtormetal.com\/product\/circle-shearing-blade\/\",\"url\":\"https:\/\/maxtormetal.com\/product\/circle-shearing-blade\/\",\"name\":\"Circle Shearing Blade - Metal Industrial, Industrial Blade Manufacturer, Cutting Knives and blades, Machine Knives and blades supplier, Custom Blades solution\",\"isPartOf\":{\"@id\":\"https:\/\/maxtormetal.com\/fr\/#website\"},\"primaryImageOfPage\":{\"@id\":\"https:\/\/maxtormetal.com\/product\/circle-shearing-blade\/#primaryimage\"},\"image\":{\"@id\":\"https:\/\/maxtormetal.com\/product\/circle-shearing-blade\/#primaryimage\"},\"thumbnailUrl\":\"https:\/\/maxtormetal.com\/wp-content\/uploads\/2023\/10\/Circle-shearing-blade-main11.jpg\",\"datePublished\":\"2023-10-07T02:28:44+00:00\",\"dateModified\":\"2025-05-22T03:54:14+00:00\",\"description\":\"Explore our high-quality circle shearing blades and rotary shear knives for precise cutting of metal blanks, discs, and rings.\",\"breadcrumb\":{\"@id\":\"https:\/\/maxtormetal.com\/product\/circle-shearing-blade\/#breadcrumb\"},\"inLanguage\":\"de\",\"potentialAction\":[{\"@type\":\"ReadAction\",\"target\":[\"https:\/\/maxtormetal.com\/product\/circle-shearing-blade\/\"]}]},{\"@type\":\"ImageObject\",\"inLanguage\":\"de\",\"@id\":\"https:\/\/maxtormetal.com\/product\/circle-shearing-blade\/#primaryimage\",\"url\":\"https:\/\/maxtormetal.com\/wp-content\/uploads\/2023\/10\/Circle-shearing-blade-main11.jpg\",\"contentUrl\":\"https:\/\/maxtormetal.com\/wp-content\/uploads\/2023\/10\/Circle-shearing-blade-main11.jpg\",\"width\":800,\"height\":800},{\"@type\":\"BreadcrumbList\",\"@id\":\"https:\/\/maxtormetal.com\/product\/circle-shearing-blade\/#breadcrumb\",\"itemListElement\":[{\"@type\":\"ListItem\",\"position\":1,\"name\":\"Home\",\"item\":\"https:\/\/maxtormetal.com\/\"},{\"@type\":\"ListItem\",\"position\":2,\"name\":\"Products\",\"item\":\"https:\/\/maxtormetal.com\/products\/\"},{\"@type\":\"ListItem\",\"position\":3,\"name\":\"Circle Shearing Blade\"}]},{\"@type\":\"WebSite\",\"@id\":\"https:\/\/maxtormetal.com\/fr\/#website\",\"url\":\"https:\/\/maxtormetal.com\/fr\/\",\"name\":\"Metal Industrial, Industrial Blade Manufacturer, Cutting Knives and blades, Machine Knives and blades supplier, Custom Blades solution\",\"description\":\"Mechanical blades and knives supplier for all machines made by China\",\"publisher\":{\"@id\":\"https:\/\/maxtormetal.com\/fr\/#organization\"},\"potentialAction\":[{\"@type\":\"SearchAction\",\"target\":{\"@type\":\"EntryPoint\",\"urlTemplate\":\"https:\/\/maxtormetal.com\/fr\/?s={search_term_string}\"},\"query-input\":{\"@type\":\"PropertyValueSpecification\",\"valueRequired\":true,\"valueName\":\"search_term_string\"}}],\"inLanguage\":\"de\"},{\"@type\":[\"Organization\",\"Place\"],\"@id\":\"https:\/\/maxtormetal.com\/fr\/#organization\",\"name\":\"Nanjing Metal Industrial CO., Limited\",\"alternateName\":\"Metal Industrial\",\"url\":\"https:\/\/maxtormetal.com\/fr\/\",\"logo\":{\"@id\":\"https:\/\/maxtormetal.com\/product\/circle-shearing-blade\/#local-main-organization-logo\"},\"image\":{\"@id\":\"https:\/\/maxtormetal.com\/product\/circle-shearing-blade\/#local-main-organization-logo\"},\"sameAs\":[\"https:\/\/www.facebook.com\/mengli.tang.3\",\"https:\/\/x.com\/MengliT13570\",\"https:\/\/www.linkedin.com\/in\/metalindustrial\/\"],\"description\":\"NanjingMetal is specialized in manufacturing and supplying industrial blades and knives, and its main business is to provide customers with customized industrial blades to meet their specific needs. With an experienced design and production team, we utilize the supply chain advantage in China to provide customers with competitive high quality industrial blades and knives.\",\"legalName\":\"Nanjing Metal Industrial CO., Limited\",\"foundingDate\":\"2006-02-18\",\"numberOfEmployees\":{\"@type\":\"QuantitativeValue\",\"minValue\":\"11\",\"maxValue\":\"50\"},\"telephone\":[],\"openingHoursSpecification\":[{\"@type\":\"OpeningHoursSpecification\",\"dayOfWeek\":[\"Monday\",\"Tuesday\",\"Wednesday\",\"Thursday\",\"Friday\",\"Saturday\",\"Sunday\"],\"opens\":\"09:00\",\"closes\":\"17:00\"}]},{\"@type\":\"ImageObject\",\"inLanguage\":\"de\",\"@id\":\"https:\/\/maxtormetal.com\/product\/circle-shearing-blade\/#local-main-organization-logo\",\"url\":\"https:\/\/maxtormetal.com\/wp-content\/uploads\/2023\/08\/cropped-cropped-logo-\u526f\u672c-\u526f\u672c-e1693303172756-1.png\",\"contentUrl\":\"https:\/\/maxtormetal.com\/wp-content\/uploads\/2023\/08\/cropped-cropped-logo-\u526f\u672c-\u526f\u672c-e1693303172756-1.png\",\"width\":441,\"height\":132,\"caption\":\"Nanjing Metal Industrial CO., Limited\"}]}<\/script>\n<!-- \/ Yoast SEO Premium plugin. -->","yoast_head_json":{"title":"Circle Shearing Blade - Metal Industrial, Industrial Blade Manufacturer, Cutting Knives and blades, Machine Knives and blades supplier, Custom Blades solution","description":"Explore our high-quality circle shearing blades and rotary shear knives for precise cutting of metal blanks, discs, and rings.","robots":{"index":"index","follow":"follow","max-snippet":"max-snippet:-1","max-image-preview":"max-image-preview:large","max-video-preview":"max-video-preview:-1"},"canonical":"https:\/\/maxtormetal.com\/de\/produkt\/kreisschermesser\/","og_locale":"de_DE","og_type":"article","og_title":"Circle Shearing Blade","og_description":"Explore our high-quality circle shearing blades and rotary shear knives for precise cutting of metal blanks, discs, and rings.","og_url":"https:\/\/maxtormetal.com\/de\/produkt\/kreisschermesser\/","og_site_name":"Metal Industrial, Industrial Blade Manufacturer, Cutting Knives and blades, Machine Knives and blades supplier, Custom Blades solution","article_publisher":"https:\/\/www.facebook.com\/mengli.tang.3","article_modified_time":"2025-05-22T03:54:14+00:00","og_image":[{"width":800,"height":800,"url":"https:\/\/maxtormetal.com\/wp-content\/uploads\/2023\/10\/Circle-shearing-blade-main11.jpg","type":"image\/jpeg"}],"twitter_card":"summary_large_image","twitter_site":"@MengliT13570","schema":{"@context":"https:\/\/schema.org","@graph":[{"@type":["WebPage","ItemPage"],"@id":"https:\/\/maxtormetal.com\/product\/circle-shearing-blade\/","url":"https:\/\/maxtormetal.com\/product\/circle-shearing-blade\/","name":"Circle Shearing Blade - Metal Industrial, Industrial Blade Manufacturer, Cutting Knives and blades, Machine Knives and blades supplier, Custom Blades solution","isPartOf":{"@id":"https:\/\/maxtormetal.com\/fr\/#website"},"primaryImageOfPage":{"@id":"https:\/\/maxtormetal.com\/product\/circle-shearing-blade\/#primaryimage"},"image":{"@id":"https:\/\/maxtormetal.com\/product\/circle-shearing-blade\/#primaryimage"},"thumbnailUrl":"https:\/\/maxtormetal.com\/wp-content\/uploads\/2023\/10\/Circle-shearing-blade-main11.jpg","datePublished":"2023-10-07T02:28:44+00:00","dateModified":"2025-05-22T03:54:14+00:00","description":"Explore our high-quality circle shearing blades and rotary shear knives for precise cutting of metal blanks, discs, and rings.","breadcrumb":{"@id":"https:\/\/maxtormetal.com\/product\/circle-shearing-blade\/#breadcrumb"},"inLanguage":"de","potentialAction":[{"@type":"ReadAction","target":["https:\/\/maxtormetal.com\/product\/circle-shearing-blade\/"]}]},{"@type":"ImageObject","inLanguage":"de","@id":"https:\/\/maxtormetal.com\/product\/circle-shearing-blade\/#primaryimage","url":"https:\/\/maxtormetal.com\/wp-content\/uploads\/2023\/10\/Circle-shearing-blade-main11.jpg","contentUrl":"https:\/\/maxtormetal.com\/wp-content\/uploads\/2023\/10\/Circle-shearing-blade-main11.jpg","width":800,"height":800},{"@type":"BreadcrumbList","@id":"https:\/\/maxtormetal.com\/product\/circle-shearing-blade\/#breadcrumb","itemListElement":[{"@type":"ListItem","position":1,"name":"Home","item":"https:\/\/maxtormetal.com\/"},{"@type":"ListItem","position":2,"name":"Products","item":"https:\/\/maxtormetal.com\/products\/"},{"@type":"ListItem","position":3,"name":"Circle Shearing Blade"}]},{"@type":"WebSite","@id":"https:\/\/maxtormetal.com\/fr\/#website","url":"https:\/\/maxtormetal.com\/fr\/","name":"Metal Industrial, Industrial Blade Manufacturer, Cutting Knives and blades, Machine Knives and blades supplier, Custom Blades solution","description":"Mechanical blades and knives supplier for all machines made by China","publisher":{"@id":"https:\/\/maxtormetal.com\/fr\/#organization"},"potentialAction":[{"@type":"SearchAction","target":{"@type":"EntryPoint","urlTemplate":"https:\/\/maxtormetal.com\/fr\/?s={search_term_string}"},"query-input":{"@type":"PropertyValueSpecification","valueRequired":true,"valueName":"search_term_string"}}],"inLanguage":"de"},{"@type":["Organization","Place"],"@id":"https:\/\/maxtormetal.com\/fr\/#organization","name":"Nanjing Metal Industrial CO., Limited","alternateName":"Metal Industrial","url":"https:\/\/maxtormetal.com\/fr\/","logo":{"@id":"https:\/\/maxtormetal.com\/product\/circle-shearing-blade\/#local-main-organization-logo"},"image":{"@id":"https:\/\/maxtormetal.com\/product\/circle-shearing-blade\/#local-main-organization-logo"},"sameAs":["https:\/\/www.facebook.com\/mengli.tang.3","https:\/\/x.com\/MengliT13570","https:\/\/www.linkedin.com\/in\/metalindustrial\/"],"description":"NanjingMetal is specialized in manufacturing and supplying industrial blades and knives, and its main business is to provide customers with customized industrial blades to meet their specific needs. With an experienced design and production team, we utilize the supply chain advantage in China to provide customers with competitive high quality industrial blades and knives.","legalName":"Nanjing Metal Industrial CO., Limited","foundingDate":"2006-02-18","numberOfEmployees":{"@type":"QuantitativeValue","minValue":"11","maxValue":"50"},"telephone":[],"openingHoursSpecification":[{"@type":"OpeningHoursSpecification","dayOfWeek":["Monday","Tuesday","Wednesday","Thursday","Friday","Saturday","Sunday"],"opens":"09:00","closes":"17:00"}]},{"@type":"ImageObject","inLanguage":"de","@id":"https:\/\/maxtormetal.com\/product\/circle-shearing-blade\/#local-main-organization-logo","url":"https:\/\/maxtormetal.com\/wp-content\/uploads\/2023\/08\/cropped-cropped-logo-\u526f\u672c-\u526f\u672c-e1693303172756-1.png","contentUrl":"https:\/\/maxtormetal.com\/wp-content\/uploads\/2023\/08\/cropped-cropped-logo-\u526f\u672c-\u526f\u672c-e1693303172756-1.png","width":441,"height":132,"caption":"Nanjing Metal Industrial CO., Limited"}]}},"_links":{"self":[{"href":"https:\/\/maxtormetal.com\/de\/wp-json\/wp\/v2\/product\/3152"}],"collection":[{"href":"https:\/\/maxtormetal.com\/de\/wp-json\/wp\/v2\/product"}],"about":[{"href":"https:\/\/maxtormetal.com\/de\/wp-json\/wp\/v2\/types\/product"}],"wp:featuredmedia":[{"embeddable":true,"href":"https:\/\/maxtormetal.com\/de\/wp-json\/wp\/v2\/media\/3159"}],"wp:attachment":[{"href":"https:\/\/maxtormetal.com\/de\/wp-json\/wp\/v2\/media?parent=3152"}],"wp:term":[{"taxonomy":"product_cat","embeddable":true,"href":"https:\/\/maxtormetal.com\/de\/wp-json\/wp\/v2\/product_cat?post=3152"},{"taxonomy":"product_tag","embeddable":true,"href":"https:\/\/maxtormetal.com\/de\/wp-json\/wp\/v2\/product_tag?post=3152"}],"curies":[{"name":"wp","href":"https:\/\/api.w.org\/{rel}","templated":true}]}}