{"id":3160,"date":"2023-10-07T10:31:32","date_gmt":"2023-10-07T02:31:32","guid":{"rendered":"https:\/\/maxtormetal.com\/?post_type=product&#038;p=3160"},"modified":"2025-05-31T23:49:11","modified_gmt":"2025-05-31T15:49:11","slug":"seitenschneidklingen","status":"publish","type":"product","link":"https:\/\/maxtormetal.com\/de\/produkt\/seitenschneidklingen\/","title":{"rendered":"Seitenschneidemesser"},"content":{"rendered":"<h3 data-sourcepos=\"3:1-3:44\">Was bedeutet \u201eSeitenschneidescherenklingen\u201c?<\/h3>\r\n<p data-sourcepos=\"5:1-5:1096\">Seitenschneidmesser sind Spezialwerkzeuge f\u00fcr industrielle Anwendungen, insbesondere in der Metallbearbeitung und in kontinuierlichen Fertigungslinien wie Kaltwalzwerken. Ihre Hauptfunktion besteht darin, die Kanten von Blechen oder Spulen w\u00e4hrend des Produktionsablaufs zu beschneiden. Dieser als Seiten- oder Kantenbeschnitt bekannte Prozess gew\u00e4hrleistet eine gleichm\u00e4\u00dfige Breite und beseitigt Unebenheiten an den Metallkanten. Seitenschneidmesser arbeiten typischerweise paarweise, jeweils an einer Seite des Materialflusses. Sie sind f\u00fcr den kontinuierlichen Hochgeschwindigkeitsbetrieb ausgelegt und m\u00fcssen \u00fcber l\u00e4ngere Zeitr\u00e4ume einen pr\u00e4zisen und sauberen Schnitt gew\u00e4hrleisten. Form und Material der Seitenschneidmesser sind entscheidend f\u00fcr die Erzielung pr\u00e4ziser und gratfreier Kanten, die f\u00fcr nachfolgende Prozesse unerl\u00e4sslich sind. Diese Messer werden auch als Kantenschneider, Seitenschneider, Streifenschneider, Ausklinkmesser (wenn sie auch zum Ausklinken f\u00fcr Schwei\u00dfarbeiten geeignet sind) oder Seitenschneidmesser (wobei der Fokus auf der Kante und nicht auf mehreren Streifen liegt) bezeichnet.<\/p>\r\n<h3 data-sourcepos=\"7:1-7:55\">Verwendung und Einsatzm\u00f6glichkeiten von Seitenschneidescheren<\/h3>\r\n<p data-sourcepos=\"9:1-9:87\">Seitliche Schneidklingen sind in verschiedenen kontinuierlich verarbeitenden Industrien von entscheidender Bedeutung:<\/p>\r\n<ul data-sourcepos=\"11:1-18:0\">\r\n<li data-sourcepos=\"11:1-11:158\"><strong>Kaltwalzwerke:<\/strong> Wird verwendet, um die Kanten von Stahl- oder anderen Metallspulen nach dem Walzprozess zu beschneiden und so eine gleichm\u00e4\u00dfige Breite f\u00fcr die nachfolgende Verarbeitung zu gew\u00e4hrleisten.<\/li>\r\n<li data-sourcepos=\"12:1-12:129\"><strong>Schlitzlinien:<\/strong> Wird verwendet, um die Kanten von Metallspulen vor oder nach dem Hauptschneidevorgang in schmalere Streifen zu beschneiden.<\/li>\r\n<li data-sourcepos=\"13:1-13:138\"><strong>Spulenverarbeitungslinien:<\/strong> Integriert in Fertigungslinien zur Verarbeitung von Metallspulen f\u00fcr verschiedene Anwendungen, erm\u00f6glicht es eine pr\u00e4zise Kantenbearbeitung.<\/li>\r\n<li data-sourcepos=\"14:1-14:128\"><strong>Rohr- und Leitungsherstellung:<\/strong> Wird verwendet, um die Kanten von Metallstreifen zu beschneiden, bevor diese zu Rohren oder Leitungen geformt und verschwei\u00dft werden.<\/li>\r\n<li data-sourcepos=\"15:1-15:139\"><strong>Automobilindustrie:<\/strong> Wird eingesetzt bei der Herstellung von Karosserieteilen und anderen Metallkomponenten, bei denen eine pr\u00e4zise Kantenqualit\u00e4t erforderlich ist.<\/li>\r\n<li data-sourcepos=\"16:1-16:131\"><strong>Ger\u00e4teherstellung:<\/strong> Wird bei der Herstellung von Metallblechen f\u00fcr Haushaltsger\u00e4te verwendet und gew\u00e4hrleistet genaue Abmessungen und saubere Kanten.<\/li>\r\n<li data-sourcepos=\"17:1-18:0\"><strong>Metal Verpackungsindustrie:<\/strong> Zur Verarbeitung von Metallblechen, die in der Dosenherstellung und anderen Metallverpackungen verwendet werden.<\/li>\r\n<\/ul>\r\n<p data-sourcepos=\"19:1-19:192\">Bei manchen kontinuierlichen Schwei\u00dflinien k\u00f6nnen Seitenschneidemesser auch eine Kerbfunktion \u00fcbernehmen, um die Kanten der Metallbleche f\u00fcr das Schwei\u00dfen vorzubereiten und so eine starke und pr\u00e4zise Schwei\u00dfnaht zu gew\u00e4hrleisten.<\/p>\r\n<h3 data-sourcepos=\"21:1-21:51\">G\u00e4ngige Materialien f\u00fcr Seitenschneidescheren<\/h3>\r\n<p data-sourcepos=\"23:1-23:272\">Die f\u00fcr die Herstellung von Seitenschneidescherenklingen verwendeten Werkstoffe werden aufgrund ihrer hohen H\u00e4rte, ihrer au\u00dfergew\u00f6hnlichen Verschlei\u00dffestigkeit f\u00fcr den Dauerbetrieb mit hohen Drehzahlen und den Kontakt mit Metall sowie ihrer Z\u00e4higkeit zur Vermeidung von Absplitterungen oder Rissen ausgew\u00e4hlt. G\u00e4ngige Werkstoffe sind:<\/p>\r\n<ul data-sourcepos=\"25:1-29:0\">\r\n<li data-sourcepos=\"25:1-25:136\"><strong>Hochkohlenstoffstahl:<\/strong> Bietet eine gute H\u00e4rte und kann zur Erh\u00f6hung der Haltbarkeit w\u00e4rmebehandelt werden; eignet sich f\u00fcr einige Anwendungen mit weicheren Metallen.<\/li>\r\n<li data-sourcepos=\"26:1-26:213\"><strong>Werkzeugst\u00e4hle (z. B. D2, M2, A2, SKD-11, Cr12MoV):<\/strong> Sie bieten ein optimales Verh\u00e4ltnis von H\u00e4rte, Z\u00e4higkeit und Verschlei\u00dffestigkeit und eignen sich daher f\u00fcr eine breite Palette von Metallarten und Umgebungen mit hohem Produktionsvolumen.<\/li>\r\n<li data-sourcepos=\"27:1-27:193\"><strong>Schnellarbeitsstahl (HSS) (z. B. M2, M4, SKH-51):<\/strong> Bietet ausgezeichnete H\u00e4rte und Verschlei\u00dffestigkeit, insbesondere bei h\u00f6heren Betriebstemperaturen, und eignet sich daher f\u00fcr anspruchsvolle Hochgeschwindigkeitsanwendungen.<\/li>\r\n<li data-sourcepos=\"28:1-29:0\"><strong>Wolframkarbid:<\/strong> Bietet h\u00f6chste H\u00e4rte und Verschlei\u00dffestigkeit und eignet sich ideal f\u00fcr die Bearbeitung abrasiver Metalle sowie f\u00fcr eine verl\u00e4ngerte Standzeit der Schneidplatten, wodurch Ausfallzeiten im Dauerbetrieb reduziert werden. Wird h\u00e4ufig als Wendeschneidplatte oder angeschwei\u00dfte Schneidkante an Stahlk\u00f6rpern verwendet.<\/li>\r\n<\/ul>\r\n<p data-sourcepos=\"30:1-30:371\">Die W\u00e4rmebehandlung zur Erzielung optimaler H\u00e4rte und Anlasseigenschaften ist ein entscheidender Schritt im Herstellungsprozess von Seitenscherenmessern. Beschichtungen wie Chromnitrid (CrN) oder diamantartiger Kohlenstoff (DLC) k\u00f6nnen aufgebracht werden, um die Oberfl\u00e4chenh\u00e4rte weiter zu verbessern, die Reibung zu verringern und die Verschlei\u00dffestigkeit zu erh\u00f6hen, insbesondere bei der Bearbeitung hochfester oder abrasiver Metalle.<\/p>\r\n<h3 data-sourcepos=\"32:1-32:47\">G\u00e4ngige Formen von Seitenschneidescherenklingen<\/h3>\r\n<p data-sourcepos=\"34:1-34:143\">Seitenschneidescherenklingen sind typischerweise als gerade Klingen konstruiert, ihre spezifische Geometrie kann jedoch variieren, um den Schneidprozess zu optimieren:<\/p>\r\n<ul data-sourcepos=\"36:1-41:0\">\r\n<li data-sourcepos=\"36:1-36:136\"><strong>Gerade Klingen:<\/strong> Die gebr\u00e4uchlichste Bauart ist die mit einer linearen Schneide, die gegen ein Gegenmesser oder ein anderes gerades Messer schneidet.<\/li>\r\n<li data-sourcepos=\"37:1-37:203\"><strong>Klingen mit abgeschr\u00e4gter Kante:<\/strong> Die Schneide ist angeschr\u00e4gt, um einen saubereren Schnitt zu erm\u00f6glichen und die ben\u00f6tigte Schnittkraft zu reduzieren. Der Fasenwinkel ist abh\u00e4ngig von Art und Dicke des zu bearbeitenden Metalls.<\/li>\r\n<li data-sourcepos=\"38:1-38:102\"><strong>Klingen mit gerader Schneide:<\/strong> Klingen mit einer 90-Grad-Schneide, die h\u00e4ufig in speziellen Schneidkonfigurationen verwendet werden.<\/li>\r\n<li data-sourcepos=\"39:1-39:189\"><strong>Kerbklingen:<\/strong> Manche Seitenschneideklingen verf\u00fcgen \u00fcber Kerben oder geformte Aussparungen entlang der Schneide, um gleichzeitig Kanten zu beschneiden und Kerben f\u00fcr die Schwei\u00dfvorbereitung herzustellen.<\/li>\r\n<li data-sourcepos=\"40:1-41:0\"><strong>Segmentierte Klingen:<\/strong> In einigen F\u00e4llen kann das seitliche Schneidmesser aus mehreren Segmenten bestehen, die einzeln ausgetauscht werden k\u00f6nnen, wodurch die Wartungskosten gesenkt werden.<\/li>\r\n<\/ul>\r\n<p data-sourcepos=\"42:1-42:377\">Die Montage der Seitenschneidemesser ist entscheidend f\u00fcr Stabilit\u00e4t und pr\u00e4zise Ausrichtung. Sie verf\u00fcgen typischerweise \u00fcber pr\u00e4zisionsgefertigte Oberfl\u00e4chen und Befestigungsl\u00f6cher f\u00fcr die sichere Anbringung an den Schergeh\u00e4usen der Produktionslinie. Die Gesamtl\u00e4nge und Dicke der Messer werden durch die Breite des zu bearbeitenden Materials und die Konstruktion des Schneidmechanismus bestimmt.<\/p>\r\n<p>Falls Sie die gew\u00fcnschte Scherenklinge nicht finden, k\u00f6nnen wir sie auch individuell anfertigen. Siehe unsere \u201e<span style=\"color: #ff9900;\"><a style=\"color: #ff9900;\" href=\"https:\/\/maxtormetal.com\/de\/custom-blades\/\" target=\"_blank\" rel=\"noopener\"><em><strong>Kundenspezifische Klingen<\/strong><\/em><\/a>\u201e<\/span>\u00a0wie!<span style=\"color: #ff9900;\">\u00a0<em><strong><a style=\"color: #ff9900;\" href=\"https:\/\/maxtormetal.com\/de\/contact\/\" target=\"_blank\" rel=\"noopener\">Gerne k\u00f6nnen Sie uns eine Anfrage senden!<\/a><\/strong><\/em><\/span><\/p>\r\n<h4><span style=\"color: #ff9900;\"><a style=\"color: #ff9900;\" href=\"https:\/\/maxtormetal.com\/de\/brochures\/\" target=\"_blank\" rel=\"noopener\"><strong><em>Brosch\u00fcren \u00f6ffnen<\/em><\/strong><\/a><\/span><\/h4>\r\n<hr \/>\r\n<h2>Warum METAL w\u00e4hlen?<\/h2>\r\n<ol>\r\n<li>\r\n<h3><strong> Ein zentraler, problemloser Importservice<\/strong><\/h3>\r\n<\/li>\r\n<\/ol>\r\n<p>Genie\u00dfen Sie den Komfort eines nahtlosen Imports. Vom Transport bis zur Zollabwicklung \u00fcbernehmen wir den gesamten Prozess. Sie m\u00fcssen lediglich die Mehrwertsteuer entrichten und auf die Ankunft Ihrer Waren warten.<\/p>\r\n<ol start=\"2\">\r\n<li>\r\n<h3><strong> Wettbewerbsf\u00e4hige Preise<\/strong><\/h3>\r\n<\/li>\r\n<\/ol>\r\n<p>Wir haben unsere Klingen in unz\u00e4hligen Anwendungen bewiesen und sind bereit f\u00fcr jedes Projekt, das Sie uns vorstellen. Erwarten Sie Genauigkeit, Langlebigkeit und un\u00fcbertroffen wettbewerbsf\u00e4hige Preise.<\/p>\r\n<ol start=\"3\">\r\n<li>\r\n<h3><strong> ODM &amp; OEM verf\u00fcgbar<\/strong><\/h3>\r\n<\/li>\r\n<\/ol>\r\n<p>Ob Sie Zeichnungen, Skizzen oder Muster bereitstellen, wir k\u00f6nnen f\u00fcr Sie entwerfen und fertigen. Wir haben auch die F\u00e4higkeit, bei der Modifizierung bestehender Designs und Spezifikationen zu helfen, um nahezu jede industrielle Werkzeuganwendung zu verbessern. Bitte kontaktieren Sie unser engagiertes Vertriebsteam, um Ihre spezifischen Anforderungen zu besprechen.<\/p>\r\n<ol start=\"4\">\r\n<li>\r\n<h3><strong> Strenge Qualit\u00e4tskontrolle<\/strong><\/h3>\r\n<\/li>\r\n<\/ol>\r\n<p>Eine Reihe von Tests und Inspektionen werden zur Qualit\u00e4tskontrolle durchgef\u00fchrt, darunter die Erstmusterpr\u00fcfung, die Wareneingangspr\u00fcfung und Materialzertifizierung, die In-Prozess-Qualit\u00e4tspr\u00fcfung und die Endqualit\u00e4tspr\u00fcfung.<\/p>\r\n<ol start=\"5\">\r\n<li>\r\n<h3><strong> Flexible Beschaffung, uneingeschr\u00e4nkte Zusammenarbeit<\/strong><\/h3>\r\n<\/li>\r\n<\/ol>\r\n<p>Ob Sie ein Importeur, Distributor, Gro\u00dfh\u00e4ndler oder Endverbraucher sind, wir hei\u00dfen Sie herzlich willkommen. Profitieren Sie von minimalen Mindestbestellmengen (MOQs), problemlosen Anfragen und gr\u00f6\u00dferer Einkaufsfreiheit.<\/p>\r\n<ol start=\"6\">\r\n<li>\r\n<h3><strong> Echtzeit-Berichte zum Produktionsfortschritt<\/strong><\/h3>\r\n<\/li>\r\n<\/ol>\r\n<p>Betrachten Sie uns als Ihren exklusiven Monitor. Wir werden Ihnen regelm\u00e4\u00dfig Updates zu jedem wichtigen Knotenpunkt Ihrer Produktionslinie liefern. Egal wie weit entfernt, Sie erhalten Echtzeit-Einblicke in den Fortschritt Ihres Produkts.<\/p>\r\n<p>&nbsp;<\/p>","protected":false},"excerpt":{"rendered":"<p>What do Side Clipping Shear Blades Mean? &#8220;Side Clipping Shear Blades&#8221; are specialized cutting tools used in industrial applications, particularly in metalworking and continuous processing lines like cold rolling mills. Their primary function is to trim the edges (sides) of metal sheets or coils as they move through the production line. This process, known as [&hellip;]<\/p>","protected":false},"featured_media":3165,"template":"","meta":[],"product_cat":[110,114,98,113],"product_tag":[391],"yoast_head":"<!-- This site is optimized with the Yoast SEO Premium plugin v23.6 (Yoast SEO v23.6) - https:\/\/yoast.com\/wordpress\/plugins\/seo\/ -->\n<title>Side clipping shear blades - Metal Industrial, Industrial Blade Manufacturer, Cutting Knives and blades, Machine Knives and blades supplier, Custom Blades solution<\/title>\n<meta name=\"description\" content=\"Discover high-precision Side Clipping Shear Blades for clean and accurate edge trimming of metal coils and sheets. Ensure consistent width and quality edges in your continuous processing lines!\" \/>\n<meta name=\"robots\" content=\"index, follow, max-snippet:-1, max-image-preview:large, max-video-preview:-1\" \/>\n<link rel=\"canonical\" href=\"https:\/\/maxtormetal.com\/de\/produkt\/seitenschneidklingen\/\" \/>\n<meta property=\"og:locale\" content=\"de_DE\" \/>\n<meta property=\"og:type\" content=\"article\" \/>\n<meta property=\"og:title\" content=\"Side clipping shear blades\" \/>\n<meta property=\"og:description\" content=\"Discover high-precision Side Clipping Shear Blades for clean and accurate edge trimming of metal coils and sheets. Ensure consistent width and quality edges in your continuous processing lines!\" \/>\n<meta property=\"og:url\" content=\"https:\/\/maxtormetal.com\/de\/produkt\/seitenschneidklingen\/\" \/>\n<meta property=\"og:site_name\" content=\"Metal Industrial, Industrial Blade Manufacturer, Cutting Knives and blades, Machine Knives and blades supplier, Custom Blades solution\" \/>\n<meta property=\"article:publisher\" content=\"https:\/\/www.facebook.com\/mengli.tang.3\" \/>\n<meta property=\"article:modified_time\" content=\"2025-05-31T15:49:11+00:00\" \/>\n<meta property=\"og:image\" content=\"https:\/\/maxtormetal.com\/wp-content\/uploads\/2023\/10\/Thick-metal-plate-shearing-blades-main1.jpg\" \/>\n\t<meta property=\"og:image:width\" content=\"800\" \/>\n\t<meta property=\"og:image:height\" content=\"800\" \/>\n\t<meta property=\"og:image:type\" content=\"image\/jpeg\" \/>\n<meta name=\"twitter:card\" content=\"summary_large_image\" \/>\n<meta name=\"twitter:site\" content=\"@MengliT13570\" \/>\n<script type=\"application\/ld+json\" class=\"yoast-schema-graph\">{\"@context\":\"https:\/\/schema.org\",\"@graph\":[{\"@type\":[\"WebPage\",\"ItemPage\"],\"@id\":\"https:\/\/maxtormetal.com\/product\/side-clipping-shear-blades\/\",\"url\":\"https:\/\/maxtormetal.com\/product\/side-clipping-shear-blades\/\",\"name\":\"Side clipping shear blades - Metal Industrial, Industrial Blade Manufacturer, Cutting Knives and blades, Machine Knives and blades supplier, Custom Blades solution\",\"isPartOf\":{\"@id\":\"https:\/\/maxtormetal.com\/fr\/#website\"},\"primaryImageOfPage\":{\"@id\":\"https:\/\/maxtormetal.com\/product\/side-clipping-shear-blades\/#primaryimage\"},\"image\":{\"@id\":\"https:\/\/maxtormetal.com\/product\/side-clipping-shear-blades\/#primaryimage\"},\"thumbnailUrl\":\"https:\/\/maxtormetal.com\/wp-content\/uploads\/2023\/10\/Thick-metal-plate-shearing-blades-main1.jpg\",\"datePublished\":\"2023-10-07T02:31:32+00:00\",\"dateModified\":\"2025-05-31T15:49:11+00:00\",\"description\":\"Discover high-precision Side Clipping Shear Blades for clean and accurate edge trimming of metal coils and sheets. Ensure consistent width and quality edges in your continuous processing lines!\",\"breadcrumb\":{\"@id\":\"https:\/\/maxtormetal.com\/product\/side-clipping-shear-blades\/#breadcrumb\"},\"inLanguage\":\"de\",\"potentialAction\":[{\"@type\":\"ReadAction\",\"target\":[\"https:\/\/maxtormetal.com\/product\/side-clipping-shear-blades\/\"]}]},{\"@type\":\"ImageObject\",\"inLanguage\":\"de\",\"@id\":\"https:\/\/maxtormetal.com\/product\/side-clipping-shear-blades\/#primaryimage\",\"url\":\"https:\/\/maxtormetal.com\/wp-content\/uploads\/2023\/10\/Thick-metal-plate-shearing-blades-main1.jpg\",\"contentUrl\":\"https:\/\/maxtormetal.com\/wp-content\/uploads\/2023\/10\/Thick-metal-plate-shearing-blades-main1.jpg\",\"width\":800,\"height\":800,\"caption\":\"Side Clipping Shear Blades\"},{\"@type\":\"BreadcrumbList\",\"@id\":\"https:\/\/maxtormetal.com\/product\/side-clipping-shear-blades\/#breadcrumb\",\"itemListElement\":[{\"@type\":\"ListItem\",\"position\":1,\"name\":\"Home\",\"item\":\"https:\/\/maxtormetal.com\/\"},{\"@type\":\"ListItem\",\"position\":2,\"name\":\"Products\",\"item\":\"https:\/\/maxtormetal.com\/products\/\"},{\"@type\":\"ListItem\",\"position\":3,\"name\":\"Side clipping shear blades\"}]},{\"@type\":\"WebSite\",\"@id\":\"https:\/\/maxtormetal.com\/fr\/#website\",\"url\":\"https:\/\/maxtormetal.com\/fr\/\",\"name\":\"Metal Industrial, Industrial Blade Manufacturer, Cutting Knives and blades, Machine Knives and blades supplier, Custom Blades solution\",\"description\":\"Mechanical blades and knives supplier for all machines made by China\",\"publisher\":{\"@id\":\"https:\/\/maxtormetal.com\/fr\/#organization\"},\"potentialAction\":[{\"@type\":\"SearchAction\",\"target\":{\"@type\":\"EntryPoint\",\"urlTemplate\":\"https:\/\/maxtormetal.com\/fr\/?s={search_term_string}\"},\"query-input\":{\"@type\":\"PropertyValueSpecification\",\"valueRequired\":true,\"valueName\":\"search_term_string\"}}],\"inLanguage\":\"de\"},{\"@type\":[\"Organization\",\"Place\"],\"@id\":\"https:\/\/maxtormetal.com\/fr\/#organization\",\"name\":\"Nanjing Metal Industrial CO., Limited\",\"alternateName\":\"Metal Industrial\",\"url\":\"https:\/\/maxtormetal.com\/fr\/\",\"logo\":{\"@id\":\"https:\/\/maxtormetal.com\/product\/side-clipping-shear-blades\/#local-main-organization-logo\"},\"image\":{\"@id\":\"https:\/\/maxtormetal.com\/product\/side-clipping-shear-blades\/#local-main-organization-logo\"},\"sameAs\":[\"https:\/\/www.facebook.com\/mengli.tang.3\",\"https:\/\/x.com\/MengliT13570\",\"https:\/\/www.linkedin.com\/in\/metalindustrial\/\"],\"description\":\"NanjingMetal is specialized in manufacturing and supplying industrial blades and knives, and its main business is to provide customers with customized industrial blades to meet their specific needs. With an experienced design and production team, we utilize the supply chain advantage in China to provide customers with competitive high quality industrial blades and knives.\",\"legalName\":\"Nanjing Metal Industrial CO., Limited\",\"foundingDate\":\"2006-02-18\",\"numberOfEmployees\":{\"@type\":\"QuantitativeValue\",\"minValue\":\"11\",\"maxValue\":\"50\"},\"telephone\":[],\"openingHoursSpecification\":[{\"@type\":\"OpeningHoursSpecification\",\"dayOfWeek\":[\"Monday\",\"Tuesday\",\"Wednesday\",\"Thursday\",\"Friday\",\"Saturday\",\"Sunday\"],\"opens\":\"09:00\",\"closes\":\"17:00\"}]},{\"@type\":\"ImageObject\",\"inLanguage\":\"de\",\"@id\":\"https:\/\/maxtormetal.com\/product\/side-clipping-shear-blades\/#local-main-organization-logo\",\"url\":\"https:\/\/maxtormetal.com\/wp-content\/uploads\/2023\/08\/cropped-cropped-logo-\u526f\u672c-\u526f\u672c-e1693303172756-1.png\",\"contentUrl\":\"https:\/\/maxtormetal.com\/wp-content\/uploads\/2023\/08\/cropped-cropped-logo-\u526f\u672c-\u526f\u672c-e1693303172756-1.png\",\"width\":441,\"height\":132,\"caption\":\"Nanjing Metal Industrial CO., Limited\"}]}<\/script>\n<!-- \/ Yoast SEO Premium plugin. -->","yoast_head_json":{"title":"Side clipping shear blades - Metal Industrial, Industrial Blade Manufacturer, Cutting Knives and blades, Machine Knives and blades supplier, Custom Blades solution","description":"Discover high-precision Side Clipping Shear Blades for clean and accurate edge trimming of metal coils and sheets. Ensure consistent width and quality edges in your continuous processing lines!","robots":{"index":"index","follow":"follow","max-snippet":"max-snippet:-1","max-image-preview":"max-image-preview:large","max-video-preview":"max-video-preview:-1"},"canonical":"https:\/\/maxtormetal.com\/de\/produkt\/seitenschneidklingen\/","og_locale":"de_DE","og_type":"article","og_title":"Side clipping shear blades","og_description":"Discover high-precision Side Clipping Shear Blades for clean and accurate edge trimming of metal coils and sheets. Ensure consistent width and quality edges in your continuous processing lines!","og_url":"https:\/\/maxtormetal.com\/de\/produkt\/seitenschneidklingen\/","og_site_name":"Metal Industrial, Industrial Blade Manufacturer, Cutting Knives and blades, Machine Knives and blades supplier, Custom Blades solution","article_publisher":"https:\/\/www.facebook.com\/mengli.tang.3","article_modified_time":"2025-05-31T15:49:11+00:00","og_image":[{"width":800,"height":800,"url":"https:\/\/maxtormetal.com\/wp-content\/uploads\/2023\/10\/Thick-metal-plate-shearing-blades-main1.jpg","type":"image\/jpeg"}],"twitter_card":"summary_large_image","twitter_site":"@MengliT13570","schema":{"@context":"https:\/\/schema.org","@graph":[{"@type":["WebPage","ItemPage"],"@id":"https:\/\/maxtormetal.com\/product\/side-clipping-shear-blades\/","url":"https:\/\/maxtormetal.com\/product\/side-clipping-shear-blades\/","name":"Side clipping shear blades - Metal Industrial, Industrial Blade Manufacturer, Cutting Knives and blades, Machine Knives and blades supplier, Custom Blades solution","isPartOf":{"@id":"https:\/\/maxtormetal.com\/fr\/#website"},"primaryImageOfPage":{"@id":"https:\/\/maxtormetal.com\/product\/side-clipping-shear-blades\/#primaryimage"},"image":{"@id":"https:\/\/maxtormetal.com\/product\/side-clipping-shear-blades\/#primaryimage"},"thumbnailUrl":"https:\/\/maxtormetal.com\/wp-content\/uploads\/2023\/10\/Thick-metal-plate-shearing-blades-main1.jpg","datePublished":"2023-10-07T02:31:32+00:00","dateModified":"2025-05-31T15:49:11+00:00","description":"Discover high-precision Side Clipping Shear Blades for clean and accurate edge trimming of metal coils and sheets. Ensure consistent width and quality edges in your continuous processing lines!","breadcrumb":{"@id":"https:\/\/maxtormetal.com\/product\/side-clipping-shear-blades\/#breadcrumb"},"inLanguage":"de","potentialAction":[{"@type":"ReadAction","target":["https:\/\/maxtormetal.com\/product\/side-clipping-shear-blades\/"]}]},{"@type":"ImageObject","inLanguage":"de","@id":"https:\/\/maxtormetal.com\/product\/side-clipping-shear-blades\/#primaryimage","url":"https:\/\/maxtormetal.com\/wp-content\/uploads\/2023\/10\/Thick-metal-plate-shearing-blades-main1.jpg","contentUrl":"https:\/\/maxtormetal.com\/wp-content\/uploads\/2023\/10\/Thick-metal-plate-shearing-blades-main1.jpg","width":800,"height":800,"caption":"Side Clipping Shear Blades"},{"@type":"BreadcrumbList","@id":"https:\/\/maxtormetal.com\/product\/side-clipping-shear-blades\/#breadcrumb","itemListElement":[{"@type":"ListItem","position":1,"name":"Home","item":"https:\/\/maxtormetal.com\/"},{"@type":"ListItem","position":2,"name":"Products","item":"https:\/\/maxtormetal.com\/products\/"},{"@type":"ListItem","position":3,"name":"Side clipping shear blades"}]},{"@type":"WebSite","@id":"https:\/\/maxtormetal.com\/fr\/#website","url":"https:\/\/maxtormetal.com\/fr\/","name":"Metal Industrial, Industrial Blade Manufacturer, Cutting Knives and blades, Machine Knives and blades supplier, Custom Blades solution","description":"Mechanical blades and knives supplier for all machines made by China","publisher":{"@id":"https:\/\/maxtormetal.com\/fr\/#organization"},"potentialAction":[{"@type":"SearchAction","target":{"@type":"EntryPoint","urlTemplate":"https:\/\/maxtormetal.com\/fr\/?s={search_term_string}"},"query-input":{"@type":"PropertyValueSpecification","valueRequired":true,"valueName":"search_term_string"}}],"inLanguage":"de"},{"@type":["Organization","Place"],"@id":"https:\/\/maxtormetal.com\/fr\/#organization","name":"Nanjing Metal Industrial CO., Limited","alternateName":"Metal Industrial","url":"https:\/\/maxtormetal.com\/fr\/","logo":{"@id":"https:\/\/maxtormetal.com\/product\/side-clipping-shear-blades\/#local-main-organization-logo"},"image":{"@id":"https:\/\/maxtormetal.com\/product\/side-clipping-shear-blades\/#local-main-organization-logo"},"sameAs":["https:\/\/www.facebook.com\/mengli.tang.3","https:\/\/x.com\/MengliT13570","https:\/\/www.linkedin.com\/in\/metalindustrial\/"],"description":"NanjingMetal is specialized in manufacturing and supplying industrial blades and knives, and its main business is to provide customers with customized industrial blades to meet their specific needs. With an experienced design and production team, we utilize the supply chain advantage in China to provide customers with competitive high quality industrial blades and knives.","legalName":"Nanjing Metal Industrial CO., Limited","foundingDate":"2006-02-18","numberOfEmployees":{"@type":"QuantitativeValue","minValue":"11","maxValue":"50"},"telephone":[],"openingHoursSpecification":[{"@type":"OpeningHoursSpecification","dayOfWeek":["Monday","Tuesday","Wednesday","Thursday","Friday","Saturday","Sunday"],"opens":"09:00","closes":"17:00"}]},{"@type":"ImageObject","inLanguage":"de","@id":"https:\/\/maxtormetal.com\/product\/side-clipping-shear-blades\/#local-main-organization-logo","url":"https:\/\/maxtormetal.com\/wp-content\/uploads\/2023\/08\/cropped-cropped-logo-\u526f\u672c-\u526f\u672c-e1693303172756-1.png","contentUrl":"https:\/\/maxtormetal.com\/wp-content\/uploads\/2023\/08\/cropped-cropped-logo-\u526f\u672c-\u526f\u672c-e1693303172756-1.png","width":441,"height":132,"caption":"Nanjing Metal Industrial CO., Limited"}]}},"_links":{"self":[{"href":"https:\/\/maxtormetal.com\/de\/wp-json\/wp\/v2\/product\/3160"}],"collection":[{"href":"https:\/\/maxtormetal.com\/de\/wp-json\/wp\/v2\/product"}],"about":[{"href":"https:\/\/maxtormetal.com\/de\/wp-json\/wp\/v2\/types\/product"}],"wp:featuredmedia":[{"embeddable":true,"href":"https:\/\/maxtormetal.com\/de\/wp-json\/wp\/v2\/media\/3165"}],"wp:attachment":[{"href":"https:\/\/maxtormetal.com\/de\/wp-json\/wp\/v2\/media?parent=3160"}],"wp:term":[{"taxonomy":"product_cat","embeddable":true,"href":"https:\/\/maxtormetal.com\/de\/wp-json\/wp\/v2\/product_cat?post=3160"},{"taxonomy":"product_tag","embeddable":true,"href":"https:\/\/maxtormetal.com\/de\/wp-json\/wp\/v2\/product_tag?post=3160"}],"curies":[{"name":"wp","href":"https:\/\/api.w.org\/{rel}","templated":true}]}}