{"id":3190,"date":"2023-10-07T10:48:40","date_gmt":"2023-10-07T02:48:40","guid":{"rendered":"https:\/\/maxtormetal.com\/?post_type=product&#038;p=3190"},"modified":"2025-05-29T13:35:20","modified_gmt":"2025-05-29T05:35:20","slug":"kunststoff-granuliermesser","status":"publish","type":"product","link":"https:\/\/maxtormetal.com\/de\/produkt\/kunststoff-granuliermesser\/","title":{"rendered":"Kunststoff-Granuliermesser"},"content":{"rendered":"<h2 data-sourcepos=\"1:1-1:43\">Was bedeutet Kunststoffgranuliermesser?<\/h2>\r\n<p data-sourcepos=\"3:1-3:592\">Ein Granuliermesser, auch bekannt als Schneidmesser, ist ein Pr\u00e4zisionsschneidwerkzeug, das in Kunststoffgranuliermaschinen eingesetzt wird. Diese Maschinen verarbeiten gr\u00f6\u00dfere Kunststoffteile, wie beispielsweise extrudierte Str\u00e4nge oder verarbeitete Flocken, zu kleinen, gleichm\u00e4\u00dfigen Pellets oder Granulaten. Das Granuliermesser arbeitet mit anderen Messern (oftmals station\u00e4ren Statormessern) zusammen, um das Kunststoffmaterial auf die gew\u00fcnschte Pelletgr\u00f6\u00dfe und -form zu zerkleinern. Der Begriff \u201eGranuliermesser\u201c bezeichnet \u00fcblicherweise die rotierenden Messer am Rotor der Granuliermaschine.<\/p>\r\n<h2 data-sourcepos=\"5:1-5:53\">Verwendung und Einsatzm\u00f6glichkeiten von Kunststoffgranuliermessern<\/h2>\r\n<p data-sourcepos=\"7:1-7:162\">Die Messer von Kunststoffgranulatoren sind sowohl bei der Herstellung von Neuware aus Kunststoff als auch beim Recycling von Kunststoffmaterialien von entscheidender Bedeutung. Zu ihren Hauptanwendungen geh\u00f6ren:<\/p>\r\n<ul data-sourcepos=\"9:1-15:0\">\r\n<li data-sourcepos=\"9:1-9:193\"><strong>Herstellung von Neuharz:<\/strong> Das Zerschneiden von kontinuierlichen Str\u00e4ngen geschmolzenen Kunststoffs beim Austritt aus einer Extruderd\u00fcse in gleichm\u00e4\u00dfige Granulate, die als Rohmaterial f\u00fcr die Herstellung von Kunststoffprodukten dienen.<\/li>\r\n<li data-sourcepos=\"10:1-10:172\"><strong>Kunststoffrecycling:<\/strong> Die Zerkleinerung von gewaschenen und aufbereiteten Kunststoffflocken oder geschredderten Materialien zu gleichm\u00e4\u00dfigen Pellets, die wieder in den Herstellungsprozess eingef\u00fchrt werden k\u00f6nnen.<\/li>\r\n<li data-sourcepos=\"11:1-11:130\"><strong>Zusammensetzung:<\/strong> Zerkleinern von extrudierten Str\u00e4ngen aus Kunststoffmischungen (Mischungen aus Harz mit Additiven, Farbstoffen usw.) zu Granulat.<\/li>\r\n<li data-sourcepos=\"12:1-12:138\"><strong>Masterbatch-Herstellung:<\/strong> Herstellung von Pellets aus konzentrierten Farb- oder Additivmischungen zur einfachen und pr\u00e4zisen Vermischung mit Basisharzen.<\/li>\r\n<li data-sourcepos=\"13:1-13:209\"><strong>Unterwasser-Pelletierung:<\/strong> In Unterwasser-Granulieranlagen werden spezielle Kunststoffgranuliermesser eingesetzt, um den geschmolzenen Kunststoff direkt beim Austritt aus der D\u00fcse unter Wasser zu schneiden, wodurch kugelf\u00f6rmige Pellets entstehen.<\/li>\r\n<li data-sourcepos=\"14:1-15:0\"><strong>Labor- und Pilotanlagen:<\/strong> Granulierung im kleinen Ma\u00dfstab f\u00fcr die Forschung und Entwicklung neuer Kunststoffrezepturen.<\/li>\r\n<\/ul>\r\n<h2 data-sourcepos=\"16:1-16:49\">G\u00e4ngige Werkstoffe f\u00fcr Kunststoffgranuliermesser<\/h2>\r\n<p data-sourcepos=\"18:1-18:234\">Die f\u00fcr Kunststoffgranuliermesser verwendeten Materialien m\u00fcssen hochverschlei\u00dffest sein, um dem kontinuierlichen Schneiden verschiedener Kunststoffarten standzuhalten, die mitunter abrasive F\u00fcllstoffe oder Verst\u00e4rkungen enthalten k\u00f6nnen. G\u00e4ngige Materialien sind:<\/p>\r\n<ul data-sourcepos=\"20:1-24:0\">\r\n<li data-sourcepos=\"20:1-20:221\"><strong>Werkzeugstahl (z. B. D2, A8, M2):<\/strong> Bietet ein ausgewogenes Verh\u00e4ltnis von H\u00e4rte, Z\u00e4higkeit und Verschlei\u00dffestigkeit und eignet sich f\u00fcr die Verarbeitung einer Vielzahl von Kunststoffen. D2-Stahl ist aufgrund seiner hervorragenden Verschlei\u00dfeigenschaften besonders beliebt.<\/li>\r\n<li data-sourcepos=\"21:1-21:172\"><strong>Schnellarbeitsstahl (HSS) (z. B. M2, M42):<\/strong> Bietet eine gute Verschlei\u00dffestigkeit und beh\u00e4lt die Sch\u00e4rfe auch bei h\u00f6heren Betriebsgeschwindigkeiten; eignet sich daher f\u00fcr die Pelletierung mit hohem Durchsatz.<\/li>\r\n<li data-sourcepos=\"22:1-22:318\"><strong>Hartmetallbest\u00fcckte Messer:<\/strong> Die Schneide ist mit auf einen Stahlk\u00f6rper gel\u00f6teten Wolframkarbid-Eins\u00e4tzen versehen. Karbid bietet au\u00dfergew\u00f6hnliche H\u00e4rte und Verschlei\u00dffestigkeit, wodurch sich diese Messer ideal f\u00fcr die Bearbeitung von abrasiven Kunststoffen, gef\u00fcllten Polymeren und glasfaserverst\u00e4rkten Materialien eignen und ihre Lebensdauer deutlich verl\u00e4ngert wird.<\/li>\r\n<li data-sourcepos=\"23:1-24:0\"><strong>Pulverf\u00f6rmige Metallurgy-St\u00e4hle (z. B. CPM M4, CPM 10V):<\/strong> Bieten aufgrund ihrer gleichm\u00e4\u00dfigen Mikrostruktur eine h\u00f6here Verschlei\u00dffestigkeit und Z\u00e4higkeit als herk\u00f6mmliche Werkzeugst\u00e4hle und eignen sich daher f\u00fcr anspruchsvolle Pelletieranwendungen.<\/li>\r\n<\/ul>\r\n<p data-sourcepos=\"25:1-25:389\">Die H\u00e4rte von Messern in Kunststoffgranuliermaschinen liegt typischerweise zwischen HRC 52 und 65, abh\u00e4ngig vom Material und dem verarbeiteten Kunststoff. Eine geeignete W\u00e4rmebehandlung ist unerl\u00e4sslich, um ein optimales Verh\u00e4ltnis von H\u00e4rte und Z\u00e4higkeit zu erzielen. Beschichtungen wie Titannitrid (TiN) oder Chrom k\u00f6nnen aufgebracht werden, um die Oberfl\u00e4chenh\u00e4rte zu erh\u00f6hen, die Reibung zu verringern und die Korrosionsbest\u00e4ndigkeit zu verbessern.<\/p>\r\n<h2 data-sourcepos=\"27:1-27:41\">G\u00e4ngige Messerformen f\u00fcr Kunststoffgranulatoren<\/h2>\r\n<p data-sourcepos=\"29:1-29:168\">Die Messer von Kunststoffgranulatoren sind typischerweise an einem rotierenden Rotor montiert und arbeiten mit feststehenden Statormessern zusammen. G\u00e4ngige Formen und Konfigurationen sind:<\/p>\r\n<ul data-sourcepos=\"31:1-36:0\">\r\n<li data-sourcepos=\"31:1-31:234\"><strong>Gerade Messer:<\/strong> Dies ist der gebr\u00e4uchlichste Typ; er verf\u00fcgt \u00fcber eine gerade Schneide, die an den Statormessern abschert. Sie sind in verschiedenen L\u00e4ngen und St\u00e4rken erh\u00e4ltlich, abh\u00e4ngig von der Gr\u00f6\u00dfe des Pelletierers und den Durchsatzanforderungen.<\/li>\r\n<li data-sourcepos=\"32:1-32:187\"><strong>Schr\u00e4ge oder spiralf\u00f6rmige Messer:<\/strong> Diese Messer sind schr\u00e4g oder spiralf\u00f6rmig auf dem Rotor angeordnet, um eine scherenartige Schneidwirkung zu erzielen, was die Schneidleistung verbessert und die Ger\u00e4uschentwicklung reduziert.<\/li>\r\n<li data-sourcepos=\"33:1-33:147\"><strong>V-f\u00f6rmige Messer:<\/strong> Einige Rotormesser verf\u00fcgen \u00fcber eine V-f\u00f6rmige Schneide, um bestimmte Pelletformen zu erzeugen oder das Schneiden bestimmter Materialien zu verbessern.<\/li>\r\n<li data-sourcepos=\"34:1-34:170\"><strong>Gekerbte Messer:<\/strong> Diese Messer haben Kerben an der Schneide, die dazu beitragen k\u00f6nnen, die Kunststoffstr\u00e4nge effektiver zu brechen oder Pellets mit bestimmten Abmessungen herzustellen.<\/li>\r\n<li data-sourcepos=\"35:1-36:0\"><strong>Fliegenmesser (f\u00fcr Die-Face Pelletierer):<\/strong> Hierbei handelt es sich um kleinere, rotierende Messer, die in D\u00fcsengranulieranlagen direkt an der D\u00fcsenfl\u00e4che montiert sind. Sie besitzen eine radiale oder leicht abgewinkelte Schneide, um den geschmolzenen Kunststoff beim Austritt aus den D\u00fcsenl\u00f6chern zu schneiden.<\/li>\r\n<\/ul>\r\n<p data-sourcepos=\"37:1-37:687\">Das Funktionsprinzip beruht darauf, dass die rotierenden Messer des Rotors eng an den station\u00e4ren Statormessern vorbeif\u00fchren. Der geringe Spalt zwischen diesen Messern erzeugt eine Scherwirkung, die die Kunststoffstr\u00e4nge zu Granulat zerkleinert. Bei der D\u00fcsenfl\u00e4chengranulierung rotieren die Schneidmesser schnell \u00fcber die D\u00fcsenfl\u00e4che und schneiden den austretenden, geschmolzenen Kunststoff. Gr\u00f6\u00dfe und Form des Granulats werden durch die Drehzahl, die Kunststoffzufuhr, die Anzahl der Messer und die Geometrie der Schneidkanten bestimmt. Pr\u00e4zise Ausrichtung und scharfe Schneiden sind entscheidend f\u00fcr die Herstellung gleichm\u00e4\u00dfiger, sauber geschnittener Granulate und eine maximale Lebensdauer der Messer.<\/p>\r\n<p>Wenn Sie die gesuchte Klinge nicht finden, k\u00f6nnen wir diese auch anpassen. Erfahren Sie in unserem Bereich <span style=\"color: #ff9900;\">\u201e<a style=\"color: #ff9900;\" href=\"https:\/\/maxtormetal.com\/de\/custom-blades\/\" target=\"_blank\" rel=\"noopener\"><em><strong>Kundenspezifische Klingen<\/strong><\/em><\/a>\u201e<\/span> wie!\u00a0<span style=\"color: #ff9900;\"><em><strong><a style=\"color: #ff9900;\" href=\"https:\/\/maxtormetal.com\/de\/contact\/\" target=\"_blank\" rel=\"noopener\">Gerne k\u00f6nnen Sie uns eine Anfrage senden!<\/a><\/strong><\/em><\/span><\/p>\r\n<h4><a href=\"https:\/\/maxtormetal.com\/de\/brochures\/\" target=\"_blank\" rel=\"noopener\"><strong><em><span style=\"color: #ff9900;\">Brosch\u00fcren \u00f6ffnen<\/span><\/em><\/strong><\/a><\/h4>\r\n<hr \/>\r\n<h2>Warum METAL w\u00e4hlen?<\/h2>\r\n<ol>\r\n<li>\r\n<h3><strong> Ein zentraler, problemloser Importservice<\/strong><\/h3>\r\n<\/li>\r\n<\/ol>\r\n<p>Genie\u00dfen Sie den Komfort eines nahtlosen Imports. Vom Transport bis zur Zollabwicklung \u00fcbernehmen wir den gesamten Prozess. Sie m\u00fcssen lediglich die Mehrwertsteuer entrichten und auf die Ankunft Ihrer Waren warten.<\/p>\r\n<ol start=\"2\">\r\n<li>\r\n<h3><strong> Wettbewerbsf\u00e4hige Preise<\/strong><\/h3>\r\n<\/li>\r\n<\/ol>\r\n<p>Wir haben unsere Klingen in unz\u00e4hligen Anwendungen bewiesen und sind bereit f\u00fcr jedes Projekt, das Sie uns vorstellen. Erwarten Sie Genauigkeit, Langlebigkeit und un\u00fcbertroffen wettbewerbsf\u00e4hige Preise.<\/p>\r\n<ol start=\"3\">\r\n<li>\r\n<h3><strong> ODM &amp; OEM verf\u00fcgbar<\/strong><\/h3>\r\n<\/li>\r\n<\/ol>\r\n<p>Ob Sie Zeichnungen, Skizzen oder Muster bereitstellen, wir k\u00f6nnen f\u00fcr Sie entwerfen und fertigen. Wir haben auch die F\u00e4higkeit, bei der Modifizierung bestehender Designs und Spezifikationen zu helfen, um nahezu jede industrielle Werkzeuganwendung zu verbessern. Bitte kontaktieren Sie unser engagiertes Vertriebsteam, um Ihre spezifischen Anforderungen zu besprechen.<\/p>\r\n<ol start=\"4\">\r\n<li>\r\n<h3><strong> Strenge Qualit\u00e4tskontrolle<\/strong><\/h3>\r\n<\/li>\r\n<\/ol>\r\n<p>Eine Reihe von Tests und Inspektionen werden zur Qualit\u00e4tskontrolle durchgef\u00fchrt, darunter die Erstmusterpr\u00fcfung, die Wareneingangspr\u00fcfung und Materialzertifizierung, die In-Prozess-Qualit\u00e4tspr\u00fcfung und die Endqualit\u00e4tspr\u00fcfung.<\/p>\r\n<ol start=\"5\">\r\n<li>\r\n<h3><strong> Flexible Beschaffung, uneingeschr\u00e4nkte Zusammenarbeit<\/strong><\/h3>\r\n<\/li>\r\n<\/ol>\r\n<p>Ob Sie ein Importeur, Distributor, Gro\u00dfh\u00e4ndler oder Endverbraucher sind, wir hei\u00dfen Sie herzlich willkommen. Profitieren Sie von minimalen Mindestbestellmengen (MOQs), problemlosen Anfragen und gr\u00f6\u00dferer Einkaufsfreiheit.<\/p>\r\n<ol start=\"6\">\r\n<li>\r\n<h3><strong> Echtzeit-Berichte zum Produktionsfortschritt<\/strong><\/h3>\r\n<\/li>\r\n<\/ol>\r\n<p>Betrachten Sie uns als Ihren exklusiven Monitor. Wir werden Ihnen regelm\u00e4\u00dfig Updates zu jedem wichtigen Knotenpunkt Ihrer Produktionslinie liefern. Egal wie weit entfernt, Sie erhalten Echtzeit-Einblicke in den Fortschritt Ihres Produkts.<\/p>\r\n<hr \/>\r\n<p><iframe loading=\"lazy\" title=\"Schneidmesser f\u00fcr Kunststoffgranulatoren Granuliermesser f\u00fcr Kunststoffzerkleinerungsmaschinen\" width=\"800\" height=\"600\" src=\"https:\/\/www.youtube.com\/embed\/bxHYxlCiqI0?feature=oembed&#038;enablejsapi=1&#038;origin=https:\/\/maxtormetal.com\" frameborder=\"0\" allow=\"accelerometer; autoplay; clipboard-write; encrypted-media; gyroscope; picture-in-picture; web-share\" referrerpolicy=\"strict-origin-when-cross-origin\" allowfullscreen><\/iframe><\/p>","protected":false},"excerpt":{"rendered":"<p>What does Plastic Pelletizer Knife Mean? A plastic pelletizer knife, also known as a granulator knife or pelletizing blade, is a precision cutting tool used in a plastic pelletizing machine. These machines convert larger pieces of plastic, such as extruded strands or processed flakes, into small, uniform pellets or granules. A plastic pelletizer knife works [&hellip;]<\/p>","protected":false},"featured_media":3195,"template":"","meta":[],"product_cat":[114,101,102,104],"product_tag":[385],"yoast_head":"<!-- This site is optimized with the Yoast SEO Premium plugin v23.6 (Yoast SEO v23.6) - https:\/\/yoast.com\/wordpress\/plugins\/seo\/ -->\n<title>Plastic Pelletizer Knife<\/title>\n<meta name=\"description\" content=\"Explore our high-quality plastic pelletizer knives and granulator blades for efficient plastic pellet production in recycling manufacturing.\" \/>\n<meta name=\"robots\" content=\"index, follow, max-snippet:-1, max-image-preview:large, max-video-preview:-1\" \/>\n<link rel=\"canonical\" href=\"https:\/\/maxtormetal.com\/de\/produkt\/kunststoff-granuliermesser\/\" \/>\n<meta property=\"og:locale\" content=\"de_DE\" \/>\n<meta property=\"og:type\" content=\"article\" \/>\n<meta property=\"og:title\" content=\"Plastic Pelletizer Knife\" \/>\n<meta property=\"og:description\" content=\"Explore our high-quality plastic pelletizer knives and granulator blades for efficient plastic pellet production in recycling manufacturing.\" \/>\n<meta property=\"og:url\" content=\"https:\/\/maxtormetal.com\/de\/produkt\/kunststoff-granuliermesser\/\" \/>\n<meta property=\"og:site_name\" content=\"Metal Industrial, Industrial Blade Manufacturer, Cutting Knives and blades, Machine Knives and blades supplier, Custom Blades solution\" \/>\n<meta property=\"article:publisher\" content=\"https:\/\/www.facebook.com\/mengli.tang.3\" \/>\n<meta property=\"article:modified_time\" content=\"2025-05-29T05:35:20+00:00\" \/>\n<meta property=\"og:image\" content=\"https:\/\/maxtormetal.com\/wp-content\/uploads\/2023\/10\/Plastic-pelletizer-knife-main1.jpg\" \/>\n\t<meta property=\"og:image:width\" content=\"800\" \/>\n\t<meta property=\"og:image:height\" content=\"800\" \/>\n\t<meta property=\"og:image:type\" content=\"image\/jpeg\" \/>\n<meta name=\"twitter:card\" content=\"summary_large_image\" \/>\n<meta name=\"twitter:site\" content=\"@MengliT13570\" \/>\n<script type=\"application\/ld+json\" class=\"yoast-schema-graph\">{\"@context\":\"https:\/\/schema.org\",\"@graph\":[{\"@type\":[\"WebPage\",\"ItemPage\"],\"@id\":\"https:\/\/maxtormetal.com\/product\/plastic-pelletizer-knife\/\",\"url\":\"https:\/\/maxtormetal.com\/product\/plastic-pelletizer-knife\/\",\"name\":\"Plastic Pelletizer Knife\",\"isPartOf\":{\"@id\":\"https:\/\/maxtormetal.com\/fr\/#website\"},\"primaryImageOfPage\":{\"@id\":\"https:\/\/maxtormetal.com\/product\/plastic-pelletizer-knife\/#primaryimage\"},\"image\":{\"@id\":\"https:\/\/maxtormetal.com\/product\/plastic-pelletizer-knife\/#primaryimage\"},\"thumbnailUrl\":\"https:\/\/maxtormetal.com\/wp-content\/uploads\/2023\/10\/Plastic-pelletizer-knife-main1.jpg\",\"datePublished\":\"2023-10-07T02:48:40+00:00\",\"dateModified\":\"2025-05-29T05:35:20+00:00\",\"description\":\"Explore our high-quality plastic pelletizer knives and granulator blades for efficient plastic pellet production in recycling manufacturing.\",\"breadcrumb\":{\"@id\":\"https:\/\/maxtormetal.com\/product\/plastic-pelletizer-knife\/#breadcrumb\"},\"inLanguage\":\"de\",\"potentialAction\":[{\"@type\":\"ReadAction\",\"target\":[\"https:\/\/maxtormetal.com\/product\/plastic-pelletizer-knife\/\"]}]},{\"@type\":\"ImageObject\",\"inLanguage\":\"de\",\"@id\":\"https:\/\/maxtormetal.com\/product\/plastic-pelletizer-knife\/#primaryimage\",\"url\":\"https:\/\/maxtormetal.com\/wp-content\/uploads\/2023\/10\/Plastic-pelletizer-knife-main1.jpg\",\"contentUrl\":\"https:\/\/maxtormetal.com\/wp-content\/uploads\/2023\/10\/Plastic-pelletizer-knife-main1.jpg\",\"width\":800,\"height\":800,\"caption\":\"pelletizing blades\"},{\"@type\":\"BreadcrumbList\",\"@id\":\"https:\/\/maxtormetal.com\/product\/plastic-pelletizer-knife\/#breadcrumb\",\"itemListElement\":[{\"@type\":\"ListItem\",\"position\":1,\"name\":\"Home\",\"item\":\"https:\/\/maxtormetal.com\/\"},{\"@type\":\"ListItem\",\"position\":2,\"name\":\"Products\",\"item\":\"https:\/\/maxtormetal.com\/products\/\"},{\"@type\":\"ListItem\",\"position\":3,\"name\":\"Plastic Pelletizer Knife\"}]},{\"@type\":\"WebSite\",\"@id\":\"https:\/\/maxtormetal.com\/fr\/#website\",\"url\":\"https:\/\/maxtormetal.com\/fr\/\",\"name\":\"Metal Industrial, Industrial Blade Manufacturer, Cutting Knives and blades, Machine Knives and blades supplier, Custom Blades solution\",\"description\":\"Mechanical blades and knives supplier for all machines made by China\",\"publisher\":{\"@id\":\"https:\/\/maxtormetal.com\/fr\/#organization\"},\"potentialAction\":[{\"@type\":\"SearchAction\",\"target\":{\"@type\":\"EntryPoint\",\"urlTemplate\":\"https:\/\/maxtormetal.com\/fr\/?s={search_term_string}\"},\"query-input\":{\"@type\":\"PropertyValueSpecification\",\"valueRequired\":true,\"valueName\":\"search_term_string\"}}],\"inLanguage\":\"de\"},{\"@type\":[\"Organization\",\"Place\"],\"@id\":\"https:\/\/maxtormetal.com\/fr\/#organization\",\"name\":\"Nanjing Metal Industrial CO., Limited\",\"alternateName\":\"Metal Industrial\",\"url\":\"https:\/\/maxtormetal.com\/fr\/\",\"logo\":{\"@id\":\"https:\/\/maxtormetal.com\/product\/plastic-pelletizer-knife\/#local-main-organization-logo\"},\"image\":{\"@id\":\"https:\/\/maxtormetal.com\/product\/plastic-pelletizer-knife\/#local-main-organization-logo\"},\"sameAs\":[\"https:\/\/www.facebook.com\/mengli.tang.3\",\"https:\/\/x.com\/MengliT13570\",\"https:\/\/www.linkedin.com\/in\/metalindustrial\/\"],\"description\":\"NanjingMetal is specialized in manufacturing and supplying industrial blades and knives, and its main business is to provide customers with customized industrial blades to meet their specific needs. With an experienced design and production team, we utilize the supply chain advantage in China to provide customers with competitive high quality industrial blades and knives.\",\"legalName\":\"Nanjing Metal Industrial CO., Limited\",\"foundingDate\":\"2006-02-18\",\"numberOfEmployees\":{\"@type\":\"QuantitativeValue\",\"minValue\":\"11\",\"maxValue\":\"50\"},\"telephone\":[],\"openingHoursSpecification\":[{\"@type\":\"OpeningHoursSpecification\",\"dayOfWeek\":[\"Monday\",\"Tuesday\",\"Wednesday\",\"Thursday\",\"Friday\",\"Saturday\",\"Sunday\"],\"opens\":\"09:00\",\"closes\":\"17:00\"}]},{\"@type\":\"ImageObject\",\"inLanguage\":\"de\",\"@id\":\"https:\/\/maxtormetal.com\/product\/plastic-pelletizer-knife\/#local-main-organization-logo\",\"url\":\"https:\/\/maxtormetal.com\/wp-content\/uploads\/2023\/08\/cropped-cropped-logo-\u526f\u672c-\u526f\u672c-e1693303172756-1.png\",\"contentUrl\":\"https:\/\/maxtormetal.com\/wp-content\/uploads\/2023\/08\/cropped-cropped-logo-\u526f\u672c-\u526f\u672c-e1693303172756-1.png\",\"width\":441,\"height\":132,\"caption\":\"Nanjing Metal Industrial CO., Limited\"}]}<\/script>\n<!-- \/ Yoast SEO Premium plugin. -->","yoast_head_json":{"title":"Plastic Pelletizer Knife","description":"Explore our high-quality plastic pelletizer knives and granulator blades for efficient plastic pellet production in recycling manufacturing.","robots":{"index":"index","follow":"follow","max-snippet":"max-snippet:-1","max-image-preview":"max-image-preview:large","max-video-preview":"max-video-preview:-1"},"canonical":"https:\/\/maxtormetal.com\/de\/produkt\/kunststoff-granuliermesser\/","og_locale":"de_DE","og_type":"article","og_title":"Plastic Pelletizer Knife","og_description":"Explore our high-quality plastic pelletizer knives and granulator blades for efficient plastic pellet production in recycling manufacturing.","og_url":"https:\/\/maxtormetal.com\/de\/produkt\/kunststoff-granuliermesser\/","og_site_name":"Metal Industrial, Industrial Blade Manufacturer, Cutting Knives and blades, Machine Knives and blades supplier, Custom Blades solution","article_publisher":"https:\/\/www.facebook.com\/mengli.tang.3","article_modified_time":"2025-05-29T05:35:20+00:00","og_image":[{"width":800,"height":800,"url":"https:\/\/maxtormetal.com\/wp-content\/uploads\/2023\/10\/Plastic-pelletizer-knife-main1.jpg","type":"image\/jpeg"}],"twitter_card":"summary_large_image","twitter_site":"@MengliT13570","schema":{"@context":"https:\/\/schema.org","@graph":[{"@type":["WebPage","ItemPage"],"@id":"https:\/\/maxtormetal.com\/product\/plastic-pelletizer-knife\/","url":"https:\/\/maxtormetal.com\/product\/plastic-pelletizer-knife\/","name":"Plastic Pelletizer Knife","isPartOf":{"@id":"https:\/\/maxtormetal.com\/fr\/#website"},"primaryImageOfPage":{"@id":"https:\/\/maxtormetal.com\/product\/plastic-pelletizer-knife\/#primaryimage"},"image":{"@id":"https:\/\/maxtormetal.com\/product\/plastic-pelletizer-knife\/#primaryimage"},"thumbnailUrl":"https:\/\/maxtormetal.com\/wp-content\/uploads\/2023\/10\/Plastic-pelletizer-knife-main1.jpg","datePublished":"2023-10-07T02:48:40+00:00","dateModified":"2025-05-29T05:35:20+00:00","description":"Explore our high-quality plastic pelletizer knives and granulator blades for efficient plastic pellet production in recycling manufacturing.","breadcrumb":{"@id":"https:\/\/maxtormetal.com\/product\/plastic-pelletizer-knife\/#breadcrumb"},"inLanguage":"de","potentialAction":[{"@type":"ReadAction","target":["https:\/\/maxtormetal.com\/product\/plastic-pelletizer-knife\/"]}]},{"@type":"ImageObject","inLanguage":"de","@id":"https:\/\/maxtormetal.com\/product\/plastic-pelletizer-knife\/#primaryimage","url":"https:\/\/maxtormetal.com\/wp-content\/uploads\/2023\/10\/Plastic-pelletizer-knife-main1.jpg","contentUrl":"https:\/\/maxtormetal.com\/wp-content\/uploads\/2023\/10\/Plastic-pelletizer-knife-main1.jpg","width":800,"height":800,"caption":"pelletizing blades"},{"@type":"BreadcrumbList","@id":"https:\/\/maxtormetal.com\/product\/plastic-pelletizer-knife\/#breadcrumb","itemListElement":[{"@type":"ListItem","position":1,"name":"Home","item":"https:\/\/maxtormetal.com\/"},{"@type":"ListItem","position":2,"name":"Products","item":"https:\/\/maxtormetal.com\/products\/"},{"@type":"ListItem","position":3,"name":"Plastic Pelletizer Knife"}]},{"@type":"WebSite","@id":"https:\/\/maxtormetal.com\/fr\/#website","url":"https:\/\/maxtormetal.com\/fr\/","name":"Metal Industrial, Industrial Blade Manufacturer, Cutting Knives and blades, Machine Knives and blades supplier, Custom Blades solution","description":"Mechanical blades and knives supplier for all machines made by China","publisher":{"@id":"https:\/\/maxtormetal.com\/fr\/#organization"},"potentialAction":[{"@type":"SearchAction","target":{"@type":"EntryPoint","urlTemplate":"https:\/\/maxtormetal.com\/fr\/?s={search_term_string}"},"query-input":{"@type":"PropertyValueSpecification","valueRequired":true,"valueName":"search_term_string"}}],"inLanguage":"de"},{"@type":["Organization","Place"],"@id":"https:\/\/maxtormetal.com\/fr\/#organization","name":"Nanjing Metal Industrial CO., Limited","alternateName":"Metal Industrial","url":"https:\/\/maxtormetal.com\/fr\/","logo":{"@id":"https:\/\/maxtormetal.com\/product\/plastic-pelletizer-knife\/#local-main-organization-logo"},"image":{"@id":"https:\/\/maxtormetal.com\/product\/plastic-pelletizer-knife\/#local-main-organization-logo"},"sameAs":["https:\/\/www.facebook.com\/mengli.tang.3","https:\/\/x.com\/MengliT13570","https:\/\/www.linkedin.com\/in\/metalindustrial\/"],"description":"NanjingMetal is specialized in manufacturing and supplying industrial blades and knives, and its main business is to provide customers with customized industrial blades to meet their specific needs. With an experienced design and production team, we utilize the supply chain advantage in China to provide customers with competitive high quality industrial blades and knives.","legalName":"Nanjing Metal Industrial CO., Limited","foundingDate":"2006-02-18","numberOfEmployees":{"@type":"QuantitativeValue","minValue":"11","maxValue":"50"},"telephone":[],"openingHoursSpecification":[{"@type":"OpeningHoursSpecification","dayOfWeek":["Monday","Tuesday","Wednesday","Thursday","Friday","Saturday","Sunday"],"opens":"09:00","closes":"17:00"}]},{"@type":"ImageObject","inLanguage":"de","@id":"https:\/\/maxtormetal.com\/product\/plastic-pelletizer-knife\/#local-main-organization-logo","url":"https:\/\/maxtormetal.com\/wp-content\/uploads\/2023\/08\/cropped-cropped-logo-\u526f\u672c-\u526f\u672c-e1693303172756-1.png","contentUrl":"https:\/\/maxtormetal.com\/wp-content\/uploads\/2023\/08\/cropped-cropped-logo-\u526f\u672c-\u526f\u672c-e1693303172756-1.png","width":441,"height":132,"caption":"Nanjing Metal Industrial CO., Limited"}]}},"_links":{"self":[{"href":"https:\/\/maxtormetal.com\/de\/wp-json\/wp\/v2\/product\/3190"}],"collection":[{"href":"https:\/\/maxtormetal.com\/de\/wp-json\/wp\/v2\/product"}],"about":[{"href":"https:\/\/maxtormetal.com\/de\/wp-json\/wp\/v2\/types\/product"}],"wp:featuredmedia":[{"embeddable":true,"href":"https:\/\/maxtormetal.com\/de\/wp-json\/wp\/v2\/media\/3195"}],"wp:attachment":[{"href":"https:\/\/maxtormetal.com\/de\/wp-json\/wp\/v2\/media?parent=3190"}],"wp:term":[{"taxonomy":"product_cat","embeddable":true,"href":"https:\/\/maxtormetal.com\/de\/wp-json\/wp\/v2\/product_cat?post=3190"},{"taxonomy":"product_tag","embeddable":true,"href":"https:\/\/maxtormetal.com\/de\/wp-json\/wp\/v2\/product_tag?post=3190"}],"curies":[{"name":"wp","href":"https:\/\/api.w.org\/{rel}","templated":true}]}}