{"id":3234,"date":"2023-10-07T11:15:21","date_gmt":"2023-10-07T03:15:21","guid":{"rendered":"https:\/\/maxtormetal.com\/?post_type=product&#038;p=3234"},"modified":"2025-05-13T10:39:27","modified_gmt":"2025-05-13T02:39:27","slug":"alligator-scheren-messer","status":"publish","type":"product","link":"https:\/\/maxtormetal.com\/de\/produkt\/alligator-scheren-messer\/","title":{"rendered":"Alligator-Scherenmesser"},"content":{"rendered":"<h2 data-sourcepos=\"1:1-1:41\">Was bedeuten die Klingen einer Alligatorschere?<\/h2>\r\n<p data-sourcepos=\"3:1-3:526\">Alligatorscherenklingen, auch Krokodilscherenklingen genannt, sind robuste Schneidwerkzeuge f\u00fcr Alligatorscheren. Diese Scheren zeichnen sich durch ein klappbares Maul aus, das sich wie das Maul eines Alligators \u00f6ffnet und schlie\u00dft \u2013 daher der Name. Die Klingen, typischerweise eine feststehende Unterklinge und eine bewegliche Oberklinge, sind zum Schneiden verschiedener Arten von Metallschrott, Stangen, St\u00e4ben und anderen Materialien konzipiert. Der Begriff \u201eAlligatorscherenklingen\u201c bezieht sich speziell auf die Hochleistungsklingen dieser leistungsstarken Schermaschinen.<\/p>\r\n<h2 data-sourcepos=\"5:1-5:50\">Einsatz und Anwendung von Alligator-Scherklingen<\/h2>\r\n<p data-sourcepos=\"7:1-7:166\">Alligator-Scherklingen werden h\u00e4ufig in der Metallverarbeitung und im Recycling eingesetzt, um die Gr\u00f6\u00dfe verschiedener metallischer Werkstoffe zu reduzieren. Zu den wichtigsten Anwendungen geh\u00f6ren:<\/p>\r\n<ul data-sourcepos=\"9:1-17:0\">\r\n<li data-sourcepos=\"9:1-9:217\"><strong>Schrott Metal Recycling:<\/strong> Schneiden und Kalibrieren von Metallschrott wie Autoschrott, Haushaltsger\u00e4ten, Rohren, Profilen und gemischten Metallabf\u00e4llen zur einfacheren Handhabung, Sortierung und Weiterverarbeitung (z. B. Zerkleinern, Pressen).<\/li>\r\n<li data-sourcepos=\"10:1-10:172\"><strong>Nichteisenmetall Metal-Verarbeitung:<\/strong> Effizientes Schneiden von Kupfer, Aluminium, Messing und anderen Nichteisenmetallen in verschiedenen Formen wie Dr\u00e4hten, Kabeln, Strangpressprofilen und Gussteilen.<\/li>\r\n<li data-sourcepos=\"11:1-11:113\"><strong>Bau und Abbruch:<\/strong> Erste Zerkleinerung von Metallschutt von Baustellen und Abbruchstellen.<\/li>\r\n<li data-sourcepos=\"12:1-12:116\"><strong>Fertigung:<\/strong> Schneiden kleinerer Metallst\u00fccke wie Stangen, St\u00e4be, Rohre und Profile auf bestimmte L\u00e4ngen.<\/li>\r\n<li data-sourcepos=\"13:1-13:104\"><strong>Kabel- und Leitungsrecycling:<\/strong> Durchtrennen von Kabeln und Dr\u00e4hten, um den Metallkern von der Isolierung zu befreien.<\/li>\r\n<li data-sourcepos=\"14:1-14:86\"><strong>Heizk\u00f6rperrecycling:<\/strong> Trennen von Stahlenden von Aluminiumkomponenten in Heizk\u00f6rpern.<\/li>\r\n<li data-sourcepos=\"15:1-15:107\"><strong>Katalysatorverarbeitung:<\/strong> Durch Aufschneiden von Katalysatoren k\u00f6nnen wertvolle Metalle im Inneren zug\u00e4nglich gemacht werden.<\/li>\r\n<li data-sourcepos=\"16:1-17:0\"><strong>Dekonstruktion:<\/strong> Demontage metallischer Strukturen oder Komponenten.<\/li>\r\n<\/ul>\r\n<h2 data-sourcepos=\"18:1-18:46\">G\u00e4ngige Materialien f\u00fcr Alligatorscherenbl\u00e4tter<\/h2>\r\n<p data-sourcepos=\"20:1-20:167\">Alligatorscherenklingen erfordern hohe Festigkeit, Z\u00e4higkeit und Verschlei\u00dffestigkeit, um den Belastungen beim Schneiden verschiedener Metallarten standzuhalten. G\u00e4ngige Materialien sind:<\/p>\r\n<ul data-sourcepos=\"22:1-27:0\">\r\n<li data-sourcepos=\"22:1-22:97\"><strong>Kohlenstoffstahl:<\/strong> Bietet eine gute Anfangssch\u00e4rfe und eignet sich zum Schneiden weicherer Metalle.<\/li>\r\n<li data-sourcepos=\"23:1-23:285\"><strong>Legierter Werkzeugstahl (z. B. D2, A2, 6CrW2Si, H13):<\/strong> Bietet ein besseres Gleichgewicht zwischen H\u00e4rte, Verschlei\u00dffestigkeit und Z\u00e4higkeit und eignet sich daher f\u00fcr ein breiteres Spektrum an Materialien, einschlie\u00dflich h\u00e4rterer Eisen- und Nichteisenmetalle. D2 ist besonders f\u00fcr seine hervorragende Verschlei\u00dffestigkeit bekannt.<\/li>\r\n<li data-sourcepos=\"24:1-24:193\"><strong>Schnellarbeitsstahl (HSS)<\/strong> Bietet \u00fcberlegene Verschlei\u00dffestigkeit und die F\u00e4higkeit, die H\u00e4rte bei h\u00f6heren Betriebstemperaturen beizubehalten, geeignet f\u00fcr anspruchsvollere und kontinuierliche Schneidvorg\u00e4nge.<\/li>\r\n<li data-sourcepos=\"25:1-25:172\"><strong>Speziallegierungen:<\/strong> F\u00fcr spezielle Anwendungen k\u00f6nnen die Klingen aus anderen z\u00e4hen und verschlei\u00dffesten Legierungen hergestellt oder mit diesen eingelegt werden, um sehr harte oder abrasive Materialien verarbeiten zu k\u00f6nnen.<\/li>\r\n<li data-sourcepos=\"26:1-27:0\"><strong>Wolframkarbid:<\/strong> Wird als Einsatz oder manchmal f\u00fcr die gesamte Klinge verwendet, um bei der Verarbeitung von stark abrasiven Materialien eine au\u00dfergew\u00f6hnliche H\u00e4rte und Verschlei\u00dffestigkeit zu erzielen und die Lebensdauer der Klinge erheblich zu verl\u00e4ngern.<\/li>\r\n<\/ul>\r\n<p data-sourcepos=\"28:1-28:339\">Klingen werden h\u00e4ufig w\u00e4rmebehandelt, um eine optimale H\u00e4rte (typischerweise im Bereich von HRC 55\u201365) zu erreichen und so Schneidleistung und Langlebigkeit zu maximieren. Viele Alligatorscherenklingen sind zudem vierseitig und wendbar, sodass jede Schneide verwendet werden kann, bevor sie gesch\u00e4rft oder ausgetauscht werden muss. Dies maximiert ihre Lebensdauer und Kosteneffizienz.<\/p>\r\n<h2 data-sourcepos=\"30:1-30:38\">G\u00e4ngige Schrottscherenklingenformen<\/h2>\r\n<p data-sourcepos=\"32:1-32:133\">Alligatorscherenklingen haben typischerweise ein relativ einfaches, robustes Design, um hohen Schnittkr\u00e4ften standzuhalten. G\u00e4ngige Formen sind:<\/p>\r\n<ul data-sourcepos=\"34:1-38:0\">\r\n<li data-sourcepos=\"34:1-34:187\"><strong>Gerade Klingen (rechteckiger Querschnitt):<\/strong> Der gebr\u00e4uchlichste Typ mit einer flachen, geraden Schneide an Ober- und Unterklinge. Dadurch entsteht eine direkte Scherwirkung.<\/li>\r\n<li data-sourcepos=\"35:1-35:162\"><strong>Klingen mit abgeschr\u00e4gter Kante:<\/strong> Die Schneidkanten sind abgewinkelt, um eine effizientere Scherwirkung zu erzielen und k\u00f6nnen je nach Anwendung ein- oder beidseitig abgeschr\u00e4gt sein.<\/li>\r\n<li data-sourcepos=\"36:1-36:196\"><strong>Wendeklingen (4-seitig):<\/strong> Viele Alligatorscherenklingen sind drehbar und bieten vier verschiedene Schneidkanten, bevor sie nachgeschliffen oder ausgetauscht werden m\u00fcssen. Dies maximiert die Lebensdauer der Klinge.<\/li>\r\n<li data-sourcepos=\"37:1-38:0\"><strong>Benutzerdefinierte Profile:<\/strong> Abh\u00e4ngig vom zu schneidenden Material oder der gew\u00fcnschten Schnittform k\u00f6nnen Klingen mit speziellen Profilen oder Kerben hergestellt werden.<\/li>\r\n<\/ul>\r\n<p data-sourcepos=\"39:1-39:447\">Das Funktionsprinzip besteht darin, dass das schwenkbare Obermesser durch einen Hydraulikzylinder (manchmal auch mechanisch) auf das feststehende Untermesser gedr\u00fcckt wird, wobei das zu schneidende Material zwischen ihnen liegt. Die hohe Kraft der Schere trennt das Material sauber. Die L\u00e4nge der Messer (von 15 bis 120 cm oder mehr) und die Schneidkraft der Schere bestimmen Art und Dicke des zu bearbeitenden Materials.<\/p>\r\n<p>\"\u00a0<span style=\"color: #ff9900;\"><em><strong><a style=\"color: #ff9900;\" href=\"https:\/\/maxtormetal.com\/de\/contact\/\" target=\"_blank\" rel=\"noopener\">Gerne k\u00f6nnen Sie uns eine Anfrage senden!<\/a><\/strong><\/em><\/span><\/p>\r\n<p>Sollten Sie das gew\u00fcnschte Scherblatt nicht finden, k\u00f6nnen wir es auch individuell anpassen. Siehe unsere \u201e<span style=\"color: #ff9900;\"><a style=\"color: #ff9900;\" href=\"https:\/\/maxtormetal.com\/de\/custom-blades\/\" target=\"_blank\" rel=\"noopener\"><em><strong>Kundenspezifische Klingen<\/strong><\/em><\/a><\/span>\u201c!<\/p>\r\n<h4><span style=\"color: #ff9900;\"><a style=\"color: #ff9900;\" href=\"https:\/\/maxtormetal.com\/de\/brochures\/\" target=\"_blank\" rel=\"noopener\"><strong><em>Brosch\u00fcren \u00f6ffnen<\/em><\/strong><\/a><\/span><\/h4>\r\n<hr \/>\r\n<h2>Warum METAL w\u00e4hlen?<\/h2>\r\n<ol>\r\n<li><strong> Ein zentraler, problemloser Importservice<\/strong><\/li>\r\n<\/ol>\r\n<p>Genie\u00dfen Sie den Komfort eines nahtlosen Imports. Vom Transport bis zur Zollabwicklung \u00fcbernehmen wir den gesamten Prozess. Sie m\u00fcssen lediglich die Mehrwertsteuer entrichten und auf die Ankunft Ihrer Waren warten.<\/p>\r\n<ol start=\"2\">\r\n<li><strong> Wettbewerbsf\u00e4hige Preise<\/strong><\/li>\r\n<\/ol>\r\n<p>Wir haben unsere Klingen in unz\u00e4hligen Anwendungen bewiesen und sind bereit f\u00fcr jedes Projekt, das Sie uns vorstellen. Erwarten Sie Genauigkeit, Langlebigkeit und un\u00fcbertroffen wettbewerbsf\u00e4hige Preise.<\/p>\r\n<ol start=\"3\">\r\n<li><strong> ODM &amp; OEM verf\u00fcgbar<\/strong><\/li>\r\n<\/ol>\r\n<p>Ob Sie Zeichnungen, Skizzen oder Muster bereitstellen, wir k\u00f6nnen f\u00fcr Sie entwerfen und fertigen. Wir haben auch die F\u00e4higkeit, bei der Modifizierung bestehender Designs und Spezifikationen zu helfen, um nahezu jede industrielle Werkzeuganwendung zu verbessern. Bitte kontaktieren Sie unser engagiertes Vertriebsteam, um Ihre spezifischen Anforderungen zu besprechen.<\/p>\r\n<ol start=\"4\">\r\n<li><strong> Strenge Qualit\u00e4tskontrolle<\/strong><\/li>\r\n<\/ol>\r\n<p>Eine Reihe von Tests und Inspektionen werden zur Qualit\u00e4tskontrolle durchgef\u00fchrt, darunter die Erstmusterpr\u00fcfung, die Wareneingangspr\u00fcfung und Materialzertifizierung, die In-Prozess-Qualit\u00e4tspr\u00fcfung und die Endqualit\u00e4tspr\u00fcfung.<\/p>\r\n<ol start=\"5\">\r\n<li><strong> Flexible Beschaffung, uneingeschr\u00e4nkte Zusammenarbeit<\/strong><\/li>\r\n<\/ol>\r\n<p>Ob Sie ein Importeur, Distributor, Gro\u00dfh\u00e4ndler oder Endverbraucher sind, wir hei\u00dfen Sie herzlich willkommen. Profitieren Sie von minimalen Mindestbestellmengen (MOQs), problemlosen Anfragen und gr\u00f6\u00dferer Einkaufsfreiheit.<\/p>\r\n<ol start=\"6\">\r\n<li><strong> Echtzeit-Berichte zum Produktionsfortschritt<\/strong><\/li>\r\n<\/ol>\r\n<p>Betrachten Sie uns als Ihren exklusiven Monitor. Wir werden Ihnen regelm\u00e4\u00dfig Updates zu jedem wichtigen Knotenpunkt Ihrer Produktionslinie liefern. Egal wie weit entfernt, Sie erhalten Echtzeit-Einblicke in den Fortschritt Ihres Produkts.<\/p>\r\n<hr \/>\r\n<p><iframe loading=\"lazy\" title=\"Auf- und Abw\u00e4rtsmesser hydraulische Warmwalzmesserscheibe L\u00e4ngsschere Gie\u00dfwerkzeug\" width=\"800\" height=\"600\" src=\"https:\/\/www.youtube.com\/embed\/K42Kpv0e3yY?feature=oembed&#038;enablejsapi=1&#038;origin=https:\/\/maxtormetal.com\" frameborder=\"0\" allow=\"accelerometer; autoplay; clipboard-write; encrypted-media; gyroscope; picture-in-picture; web-share\" referrerpolicy=\"strict-origin-when-cross-origin\" allowfullscreen><\/iframe><\/p>\r\n<p>&nbsp;<\/p>\r\n<hr \/>\r\n<h2>Verwandte Blogs:<\/h2>\r\n<p><strong><em><a class=\"sc-jTVQyt bhIRUc\" href=\"https:\/\/maxtormetal.com\/de\/high-hardness-shear-blades-benefits\/\" target=\"_blank\" rel=\"noopener\">Warum sollten Sie sich f\u00fcr hochharte Scherklingen entscheiden? Verbessern Sie Pr\u00e4zision und Langlebigkeit f\u00fcr Ihre Schneidanforderungen<\/a><\/em><\/strong><\/p>\r\n<p><strong><em><a class=\"sc-jTVQyt bhIRUc\" href=\"https:\/\/maxtormetal.com\/de\/steel-mill-hot-rolling-production-line-maintaining-shear-blades-metal-sheet-cutting-shearing-blade-manufacturing\/\" target=\"_blank\" rel=\"noopener\">Das Herzst\u00fcck der Warmwalzproduktionslinie eines Stahlwerks: Umfassender Leitfaden zur Auswahl und Wartung von Scherenklingen<\/a><\/em><\/strong><\/p>","protected":false},"excerpt":{"rendered":"<p>What do Alligator Shear Blades Mean? Alligator shear blades, also known as crocodile shear blades, are robust cutting tools used in alligator shears. These shears are characterized by a hinged jaw that opens and closes like the jaws of an alligator, hence the name. The blades, typically a stationary lower blade and a moving upper [&hellip;]<\/p>","protected":false},"featured_media":3237,"template":"","meta":[],"product_cat":[98,102,108],"product_tag":[376],"yoast_head":"<!-- This site is optimized with the Yoast SEO Premium plugin v23.6 (Yoast SEO v23.6) - https:\/\/yoast.com\/wordpress\/plugins\/seo\/ -->\n<title>Alligator Shear Blades - Metal Industrial, Industrial Blade Manufacturer, Cutting Knives and blades, Machine Knives and blades supplier, Custom Blades solution<\/title>\n<meta name=\"description\" content=\"Explore our high-quality alligator shear blades and crocodile shear knives for efficient scrap metal processing and industrial cutting. Find durable and heavy-duty shear blades in various materials and sizes\" \/>\n<meta name=\"robots\" content=\"index, follow, max-snippet:-1, max-image-preview:large, max-video-preview:-1\" \/>\n<link rel=\"canonical\" href=\"https:\/\/maxtormetal.com\/de\/produkt\/alligator-scheren-messer\/\" \/>\n<meta property=\"og:locale\" content=\"de_DE\" \/>\n<meta property=\"og:type\" content=\"article\" \/>\n<meta property=\"og:title\" content=\"Alligator Shear Blades\" \/>\n<meta property=\"og:description\" content=\"Explore our high-quality alligator shear blades and crocodile shear knives for efficient scrap metal processing and industrial cutting. Find durable and heavy-duty shear blades in various materials and sizes\" \/>\n<meta property=\"og:url\" content=\"https:\/\/maxtormetal.com\/de\/produkt\/alligator-scheren-messer\/\" \/>\n<meta property=\"og:site_name\" content=\"Metal Industrial, Industrial Blade Manufacturer, Cutting Knives and blades, Machine Knives and blades supplier, Custom Blades solution\" \/>\n<meta property=\"article:publisher\" content=\"https:\/\/www.facebook.com\/mengli.tang.3\" \/>\n<meta property=\"article:modified_time\" content=\"2025-05-13T02:39:27+00:00\" \/>\n<meta property=\"og:image\" content=\"https:\/\/maxtormetal.com\/wp-content\/uploads\/2023\/10\/Scrap-shear-blades-main1.jpg\" \/>\n\t<meta property=\"og:image:width\" content=\"800\" \/>\n\t<meta property=\"og:image:height\" content=\"800\" \/>\n\t<meta property=\"og:image:type\" content=\"image\/jpeg\" \/>\n<meta name=\"twitter:card\" content=\"summary_large_image\" \/>\n<meta name=\"twitter:site\" content=\"@MengliT13570\" \/>\n<script type=\"application\/ld+json\" class=\"yoast-schema-graph\">{\"@context\":\"https:\/\/schema.org\",\"@graph\":[{\"@type\":[\"WebPage\",\"ItemPage\"],\"@id\":\"https:\/\/maxtormetal.com\/product\/calligator-shear-blades\/\",\"url\":\"https:\/\/maxtormetal.com\/product\/calligator-shear-blades\/\",\"name\":\"Alligator Shear Blades - Metal Industrial, Industrial Blade Manufacturer, Cutting Knives and blades, Machine Knives and blades supplier, Custom Blades solution\",\"isPartOf\":{\"@id\":\"https:\/\/maxtormetal.com\/fr\/#website\"},\"primaryImageOfPage\":{\"@id\":\"https:\/\/maxtormetal.com\/product\/calligator-shear-blades\/#primaryimage\"},\"image\":{\"@id\":\"https:\/\/maxtormetal.com\/product\/calligator-shear-blades\/#primaryimage\"},\"thumbnailUrl\":\"https:\/\/maxtormetal.com\/wp-content\/uploads\/2023\/10\/Scrap-shear-blades-main1.jpg\",\"datePublished\":\"2023-10-07T03:15:21+00:00\",\"dateModified\":\"2025-05-13T02:39:27+00:00\",\"description\":\"Explore our high-quality alligator shear blades and crocodile shear knives for efficient scrap metal processing and industrial cutting. Find durable and heavy-duty shear blades in various materials and sizes\",\"breadcrumb\":{\"@id\":\"https:\/\/maxtormetal.com\/product\/calligator-shear-blades\/#breadcrumb\"},\"inLanguage\":\"de\",\"potentialAction\":[{\"@type\":\"ReadAction\",\"target\":[\"https:\/\/maxtormetal.com\/product\/calligator-shear-blades\/\"]}]},{\"@type\":\"ImageObject\",\"inLanguage\":\"de\",\"@id\":\"https:\/\/maxtormetal.com\/product\/calligator-shear-blades\/#primaryimage\",\"url\":\"https:\/\/maxtormetal.com\/wp-content\/uploads\/2023\/10\/Scrap-shear-blades-main1.jpg\",\"contentUrl\":\"https:\/\/maxtormetal.com\/wp-content\/uploads\/2023\/10\/Scrap-shear-blades-main1.jpg\",\"width\":800,\"height\":800,\"caption\":\"scrap-shear-blades-\"},{\"@type\":\"BreadcrumbList\",\"@id\":\"https:\/\/maxtormetal.com\/product\/calligator-shear-blades\/#breadcrumb\",\"itemListElement\":[{\"@type\":\"ListItem\",\"position\":1,\"name\":\"Home\",\"item\":\"https:\/\/maxtormetal.com\/\"},{\"@type\":\"ListItem\",\"position\":2,\"name\":\"Products\",\"item\":\"https:\/\/maxtormetal.com\/products\/\"},{\"@type\":\"ListItem\",\"position\":3,\"name\":\"Alligator Shear Blades\"}]},{\"@type\":\"WebSite\",\"@id\":\"https:\/\/maxtormetal.com\/fr\/#website\",\"url\":\"https:\/\/maxtormetal.com\/fr\/\",\"name\":\"Metal Industrial, Industrial Blade Manufacturer, Cutting Knives and blades, Machine Knives and blades supplier, Custom Blades solution\",\"description\":\"Mechanical blades and knives supplier for all machines made by China\",\"publisher\":{\"@id\":\"https:\/\/maxtormetal.com\/fr\/#organization\"},\"potentialAction\":[{\"@type\":\"SearchAction\",\"target\":{\"@type\":\"EntryPoint\",\"urlTemplate\":\"https:\/\/maxtormetal.com\/fr\/?s={search_term_string}\"},\"query-input\":{\"@type\":\"PropertyValueSpecification\",\"valueRequired\":true,\"valueName\":\"search_term_string\"}}],\"inLanguage\":\"de\"},{\"@type\":[\"Organization\",\"Place\"],\"@id\":\"https:\/\/maxtormetal.com\/fr\/#organization\",\"name\":\"Nanjing Metal Industrial CO., Limited\",\"alternateName\":\"Metal Industrial\",\"url\":\"https:\/\/maxtormetal.com\/fr\/\",\"logo\":{\"@id\":\"https:\/\/maxtormetal.com\/product\/calligator-shear-blades\/#local-main-organization-logo\"},\"image\":{\"@id\":\"https:\/\/maxtormetal.com\/product\/calligator-shear-blades\/#local-main-organization-logo\"},\"sameAs\":[\"https:\/\/www.facebook.com\/mengli.tang.3\",\"https:\/\/x.com\/MengliT13570\",\"https:\/\/www.linkedin.com\/in\/metalindustrial\/\"],\"description\":\"NanjingMetal is specialized in manufacturing and supplying industrial blades and knives, and its main business is to provide customers with customized industrial blades to meet their specific needs. With an experienced design and production team, we utilize the supply chain advantage in China to provide customers with competitive high quality industrial blades and knives.\",\"legalName\":\"Nanjing Metal Industrial CO., Limited\",\"foundingDate\":\"2006-02-18\",\"numberOfEmployees\":{\"@type\":\"QuantitativeValue\",\"minValue\":\"11\",\"maxValue\":\"50\"},\"telephone\":[],\"openingHoursSpecification\":[{\"@type\":\"OpeningHoursSpecification\",\"dayOfWeek\":[\"Monday\",\"Tuesday\",\"Wednesday\",\"Thursday\",\"Friday\",\"Saturday\",\"Sunday\"],\"opens\":\"09:00\",\"closes\":\"17:00\"}]},{\"@type\":\"ImageObject\",\"inLanguage\":\"de\",\"@id\":\"https:\/\/maxtormetal.com\/product\/calligator-shear-blades\/#local-main-organization-logo\",\"url\":\"https:\/\/maxtormetal.com\/wp-content\/uploads\/2023\/08\/cropped-cropped-logo-\u526f\u672c-\u526f\u672c-e1693303172756-1.png\",\"contentUrl\":\"https:\/\/maxtormetal.com\/wp-content\/uploads\/2023\/08\/cropped-cropped-logo-\u526f\u672c-\u526f\u672c-e1693303172756-1.png\",\"width\":441,\"height\":132,\"caption\":\"Nanjing Metal Industrial CO., Limited\"}]}<\/script>\n<!-- \/ Yoast SEO Premium plugin. -->","yoast_head_json":{"title":"Alligator Shear Blades - Metal Industrial, Industrial Blade Manufacturer, Cutting Knives and blades, Machine Knives and blades supplier, Custom Blades solution","description":"Explore our high-quality alligator shear blades and crocodile shear knives for efficient scrap metal processing and industrial cutting. Find durable and heavy-duty shear blades in various materials and sizes","robots":{"index":"index","follow":"follow","max-snippet":"max-snippet:-1","max-image-preview":"max-image-preview:large","max-video-preview":"max-video-preview:-1"},"canonical":"https:\/\/maxtormetal.com\/de\/produkt\/alligator-scheren-messer\/","og_locale":"de_DE","og_type":"article","og_title":"Alligator Shear Blades","og_description":"Explore our high-quality alligator shear blades and crocodile shear knives for efficient scrap metal processing and industrial cutting. Find durable and heavy-duty shear blades in various materials and sizes","og_url":"https:\/\/maxtormetal.com\/de\/produkt\/alligator-scheren-messer\/","og_site_name":"Metal Industrial, Industrial Blade Manufacturer, Cutting Knives and blades, Machine Knives and blades supplier, Custom Blades solution","article_publisher":"https:\/\/www.facebook.com\/mengli.tang.3","article_modified_time":"2025-05-13T02:39:27+00:00","og_image":[{"width":800,"height":800,"url":"https:\/\/maxtormetal.com\/wp-content\/uploads\/2023\/10\/Scrap-shear-blades-main1.jpg","type":"image\/jpeg"}],"twitter_card":"summary_large_image","twitter_site":"@MengliT13570","schema":{"@context":"https:\/\/schema.org","@graph":[{"@type":["WebPage","ItemPage"],"@id":"https:\/\/maxtormetal.com\/product\/calligator-shear-blades\/","url":"https:\/\/maxtormetal.com\/product\/calligator-shear-blades\/","name":"Alligator Shear Blades - Metal Industrial, Industrial Blade Manufacturer, Cutting Knives and blades, Machine Knives and blades supplier, Custom Blades solution","isPartOf":{"@id":"https:\/\/maxtormetal.com\/fr\/#website"},"primaryImageOfPage":{"@id":"https:\/\/maxtormetal.com\/product\/calligator-shear-blades\/#primaryimage"},"image":{"@id":"https:\/\/maxtormetal.com\/product\/calligator-shear-blades\/#primaryimage"},"thumbnailUrl":"https:\/\/maxtormetal.com\/wp-content\/uploads\/2023\/10\/Scrap-shear-blades-main1.jpg","datePublished":"2023-10-07T03:15:21+00:00","dateModified":"2025-05-13T02:39:27+00:00","description":"Explore our high-quality alligator shear blades and crocodile shear knives for efficient scrap metal processing and industrial cutting. Find durable and heavy-duty shear blades in various materials and sizes","breadcrumb":{"@id":"https:\/\/maxtormetal.com\/product\/calligator-shear-blades\/#breadcrumb"},"inLanguage":"de","potentialAction":[{"@type":"ReadAction","target":["https:\/\/maxtormetal.com\/product\/calligator-shear-blades\/"]}]},{"@type":"ImageObject","inLanguage":"de","@id":"https:\/\/maxtormetal.com\/product\/calligator-shear-blades\/#primaryimage","url":"https:\/\/maxtormetal.com\/wp-content\/uploads\/2023\/10\/Scrap-shear-blades-main1.jpg","contentUrl":"https:\/\/maxtormetal.com\/wp-content\/uploads\/2023\/10\/Scrap-shear-blades-main1.jpg","width":800,"height":800,"caption":"scrap-shear-blades-"},{"@type":"BreadcrumbList","@id":"https:\/\/maxtormetal.com\/product\/calligator-shear-blades\/#breadcrumb","itemListElement":[{"@type":"ListItem","position":1,"name":"Home","item":"https:\/\/maxtormetal.com\/"},{"@type":"ListItem","position":2,"name":"Products","item":"https:\/\/maxtormetal.com\/products\/"},{"@type":"ListItem","position":3,"name":"Alligator Shear Blades"}]},{"@type":"WebSite","@id":"https:\/\/maxtormetal.com\/fr\/#website","url":"https:\/\/maxtormetal.com\/fr\/","name":"Metal Industrial, Industrial Blade Manufacturer, Cutting Knives and blades, Machine Knives and blades supplier, Custom Blades solution","description":"Mechanical blades and knives supplier for all machines made by China","publisher":{"@id":"https:\/\/maxtormetal.com\/fr\/#organization"},"potentialAction":[{"@type":"SearchAction","target":{"@type":"EntryPoint","urlTemplate":"https:\/\/maxtormetal.com\/fr\/?s={search_term_string}"},"query-input":{"@type":"PropertyValueSpecification","valueRequired":true,"valueName":"search_term_string"}}],"inLanguage":"de"},{"@type":["Organization","Place"],"@id":"https:\/\/maxtormetal.com\/fr\/#organization","name":"Nanjing Metal Industrial CO., Limited","alternateName":"Metal Industrial","url":"https:\/\/maxtormetal.com\/fr\/","logo":{"@id":"https:\/\/maxtormetal.com\/product\/calligator-shear-blades\/#local-main-organization-logo"},"image":{"@id":"https:\/\/maxtormetal.com\/product\/calligator-shear-blades\/#local-main-organization-logo"},"sameAs":["https:\/\/www.facebook.com\/mengli.tang.3","https:\/\/x.com\/MengliT13570","https:\/\/www.linkedin.com\/in\/metalindustrial\/"],"description":"NanjingMetal is specialized in manufacturing and supplying industrial blades and knives, and its main business is to provide customers with customized industrial blades to meet their specific needs. With an experienced design and production team, we utilize the supply chain advantage in China to provide customers with competitive high quality industrial blades and knives.","legalName":"Nanjing Metal Industrial CO., Limited","foundingDate":"2006-02-18","numberOfEmployees":{"@type":"QuantitativeValue","minValue":"11","maxValue":"50"},"telephone":[],"openingHoursSpecification":[{"@type":"OpeningHoursSpecification","dayOfWeek":["Monday","Tuesday","Wednesday","Thursday","Friday","Saturday","Sunday"],"opens":"09:00","closes":"17:00"}]},{"@type":"ImageObject","inLanguage":"de","@id":"https:\/\/maxtormetal.com\/product\/calligator-shear-blades\/#local-main-organization-logo","url":"https:\/\/maxtormetal.com\/wp-content\/uploads\/2023\/08\/cropped-cropped-logo-\u526f\u672c-\u526f\u672c-e1693303172756-1.png","contentUrl":"https:\/\/maxtormetal.com\/wp-content\/uploads\/2023\/08\/cropped-cropped-logo-\u526f\u672c-\u526f\u672c-e1693303172756-1.png","width":441,"height":132,"caption":"Nanjing Metal Industrial CO., Limited"}]}},"_links":{"self":[{"href":"https:\/\/maxtormetal.com\/de\/wp-json\/wp\/v2\/product\/3234"}],"collection":[{"href":"https:\/\/maxtormetal.com\/de\/wp-json\/wp\/v2\/product"}],"about":[{"href":"https:\/\/maxtormetal.com\/de\/wp-json\/wp\/v2\/types\/product"}],"wp:featuredmedia":[{"embeddable":true,"href":"https:\/\/maxtormetal.com\/de\/wp-json\/wp\/v2\/media\/3237"}],"wp:attachment":[{"href":"https:\/\/maxtormetal.com\/de\/wp-json\/wp\/v2\/media?parent=3234"}],"wp:term":[{"taxonomy":"product_cat","embeddable":true,"href":"https:\/\/maxtormetal.com\/de\/wp-json\/wp\/v2\/product_cat?post=3234"},{"taxonomy":"product_tag","embeddable":true,"href":"https:\/\/maxtormetal.com\/de\/wp-json\/wp\/v2\/product_tag?post=3234"}],"curies":[{"name":"wp","href":"https:\/\/api.w.org\/{rel}","templated":true}]}}