{"id":3293,"date":"2023-10-07T11:45:03","date_gmt":"2023-10-07T03:45:03","guid":{"rendered":"https:\/\/maxtormetal.com\/?post_type=product&#038;p=3293"},"modified":"2025-06-01T15:16:55","modified_gmt":"2025-06-01T07:16:55","slug":"untere-schneidklingen","status":"publish","type":"product","link":"https:\/\/maxtormetal.com\/de\/produkt\/untere-schneidklingen\/","title":{"rendered":"Untermesser f\u00fcr Schneidmaschinen"},"content":{"rendered":"<h3 data-sourcepos=\"3:1-3:38\">What do Slitter Lower Blades Mean?<\/h3>\r\n<p data-sourcepos=\"5:1-5:989\">&#8220;Slitter Lower Blades&#8221; are essential components in slitting machines, which are used to cut wide rolls of material (such as paper, film, foil, textiles, rubber, or metal) into narrower widths. The Slitter Lower Blade typically works in conjunction with a rotating top blade (or circular knife) to perform the slitting operation. The material being processed passes between the rotating top blade and the stationary Slitter Lower Blade, creating a precise and clean cut. These lower blades often have a flat, grooved, or stepped surface that supports the material and ensures consistent slitting. The design and material of the Slitter Lower Blade are crucial for achieving accurate slitting widths, clean-cut edges, and efficient slitting processes. They are also sometimes referred to as &#8220;bottom slitter knives,&#8221; &#8220;slitting anvils,&#8221; &#8220;bed knives for slitters,&#8221; &#8220;fixed slitting blades,&#8221; or &#8220;counter blades,&#8221; depending on the specific application and the type of slitting machine.<\/p>\r\n<h3 data-sourcepos=\"7:1-7:49\">Uses and Applications of Slitter Lower Blades<\/h3>\r\n<p data-sourcepos=\"9:1-9:104\">Slitter Lower Blades are fundamental in a wide range of industries that convert web-based materials:<\/p>\r\n<ul data-sourcepos=\"11:1-19:0\">\r\n<li data-sourcepos=\"11:1-11:133\"><strong>Papierindustrie:<\/strong> Schneiden Sie gro\u00dfe Papierrollen in schmalere Rollen f\u00fcr Druck, Verpackung, Zeitungspapier und andere Papierprodukte.<\/li>\r\n<li data-sourcepos=\"12:1-12:167\"><strong>Film- und Folienverarbeitung:<\/strong> Schneiden von Kunststofffolien (z. B. BOPP, PET, PVC), Aluminiumfolie und Laminaten f\u00fcr Verpackungen, industrielle Anwendungen und Konsumg\u00fcter.<\/li>\r\n<li data-sourcepos=\"13:1-13:135\"><strong>Klebebandherstellung:<\/strong> Schneiden breiter Klebebandrollen in verschiedene Breiten f\u00fcr den privaten, industriellen und medizinischen Gebrauch.<\/li>\r\n<li data-sourcepos=\"14:1-14:177\"><strong>Textilindustrie:<\/strong> Schneiden von Stoff-, Vlies- und technischen Textilrollen in schmalere Streifen f\u00fcr die Bekleidungsherstellung, industrielle Anwendungen und Heimtextilien.<\/li>\r\n<li data-sourcepos=\"15:1-15:127\"><strong>Gummi- und Reifenherstellung:<\/strong> Schneiden von Gummiplatten und anderen Gummimaterialien f\u00fcr Dichtungen und Reifenkomponenten.<\/li>\r\n<li data-sourcepos=\"16:1-16:141\"><strong>Metal-Verarbeitung:<\/strong> Schneiden von Stahl-, Aluminium-, Kupfer- und anderen Metallrollen in schmalere Streifen f\u00fcr weitere Herstellungsprozesse.<\/li>\r\n<li data-sourcepos=\"17:1-17:127\"><strong>Etiketten- und Anh\u00e4ngerherstellung:<\/strong> Schneiden breiter Etiketten- und Anh\u00e4ngermaterialien in mehrere Bahnen oder einzelne Rollen.<\/li>\r\n<li data-sourcepos=\"18:1-19:0\"><strong>Verpackungsindustrie:<\/strong> Erstellen von flexiblen Verpackungsmaterialien und Kartons in bestimmten Breiten.<\/li>\r\n<\/ul>\r\n<p data-sourcepos=\"20:1-20:276\">The specific design, material, and surface finish of the Slitter Lower Blade are chosen based on the type of material being slit, the required slitting speed, the desired edge quality, and the slitting method employed (e.g., shear slitting, score slitting, crush cutting).<\/p>\r\n<h3 data-sourcepos=\"22:1-22:45\">Common Materials for Slitter Lower Blades<\/h3>\r\n<p data-sourcepos=\"24:1-24:282\">The materials used to manufacture Slitter Lower Blades are selected for their hardness, wear resistance to withstand continuous contact with the top blade and the moving web material, and their ability to maintain a precise and consistent cutting edge. Common materials include:<\/p>\r\n<ul data-sourcepos=\"26:1-32:0\">\r\n<li data-sourcepos=\"26:1-26:178\"><strong>Werkzeugst\u00e4hle (z. B. D2, M2, A2, O1, SKD-11):<\/strong> Bietet ein ausgewogenes Verh\u00e4ltnis von H\u00e4rte, Z\u00e4higkeit und Verschlei\u00dffestigkeit und ist f\u00fcr eine gro\u00dfe Bandbreite an Materialien und Produktionsmengen geeignet.<\/li>\r\n<li data-sourcepos=\"27:1-27:217\"><strong>Kohlenstoffstahl (z. B. 52100, 1095):<\/strong> Bietet hohe H\u00e4rte und die F\u00e4higkeit, scharfe Kanten zu bilden, geeignet f\u00fcr einige Papier- und Folienanwendungen. M\u00f6glicherweise sind Beschichtungen f\u00fcr verbesserte Verschlei\u00df- und Korrosionsbest\u00e4ndigkeit erforderlich.<\/li>\r\n<li data-sourcepos=\"28:1-28:203\"><strong>Schnellarbeitsstahl (HSS) (z. B. M2, M4, SKH-51):<\/strong> Bietet hervorragende H\u00e4rte und Verschlei\u00dffestigkeit, insbesondere bei h\u00f6heren Betriebstemperaturen, und ist daher f\u00fcr anspruchsvolle Hochgeschwindigkeitsanwendungen geeignet.<\/li>\r\n<li data-sourcepos=\"29:1-29:155\"><strong>Legierte St\u00e4hle (z. B. 9CrSi, Cr12MoV):<\/strong> Bietet gute Verschlei\u00dffestigkeit und Z\u00e4higkeit, wird oft zum Schneiden verschiedener Papier-, Kunststoff- und Metallmaterialien verwendet.<\/li>\r\n<li data-sourcepos=\"30:1-30:224\"><strong>Wolframkarbid:<\/strong> Bietet au\u00dfergew\u00f6hnliche H\u00e4rte und Verschlei\u00dffestigkeit, ideal zum Hochgeschwindigkeitsschneiden abrasiver Materialien und f\u00fcr eine l\u00e4ngere Klingenlebensdauer, wodurch Ausfallzeiten reduziert werden. Wird h\u00e4ufig als eingelegte Schneide oder Vollhartmetallmesser verwendet.<\/li>\r\n<li data-sourcepos=\"31:1-32:0\"><strong>Keramische Materialien:<\/strong> In Spezialanwendungen bieten Keramikklingen eine sehr hohe Pr\u00e4zision und eignen sich aufgrund ihrer scharfen Schneidkanten und Verschlei\u00dffestigkeit besonders f\u00fcr d\u00fcnne Filme und Folien.<\/li>\r\n<\/ul>\r\n<p data-sourcepos=\"33:1-33:135\">Coatings are frequently applied to Slitter Lower Blades to further enhance their performance and lifespan. Common coatings include:<\/p>\r\n<ul data-sourcepos=\"35:1-39:0\">\r\n<li data-sourcepos=\"35:1-35:79\"><strong>Hartverchromung:<\/strong> Erh\u00f6ht die Oberfl\u00e4chenh\u00e4rte und Korrosionsbest\u00e4ndigkeit.<\/li>\r\n<li data-sourcepos=\"36:1-36:77\"><strong>Titannitrid (TiN):<\/strong> Verbessert die Oberfl\u00e4chenh\u00e4rte und verringert die Reibung.<\/li>\r\n<li data-sourcepos=\"37:1-37:77\"><strong>Chromnitrid (CrN):<\/strong> Bietet hervorragende Verschlei\u00df- und Korrosionsbest\u00e4ndigkeit.<\/li>\r\n<li data-sourcepos=\"38:1-39:0\"><strong>Diamant\u00e4hnlicher Kohlenstoff (DLC):<\/strong> Bietet sehr geringe Reibung und hohe H\u00e4rte, was zur Vermeidung von Materialansammlungen beitr\u00e4gt und saubere Schnitte gew\u00e4hrleistet.<\/li>\r\n<\/ul>\r\n<p data-sourcepos=\"40:1-40:163\">Die Auswahl des Klingenmaterials und der Beschichtung h\u00e4ngt von den zu schneidenden Materialien, der Produktionsgeschwindigkeit und der gew\u00fcnschten Klingenlebensdauer und Schnittqualit\u00e4t ab.<\/p>\r\n<h3 data-sourcepos=\"42:1-42:41\">Common Shapes of Slitter Lower Blades<\/h3>\r\n<p data-sourcepos=\"44:1-44:155\">Slitter Lower Blades come in various shapes and configurations to match the specific requirements of the slitting machine and the slitting method used:<\/p>\r\n<ul data-sourcepos=\"46:1-52:0\">\r\n<li data-sourcepos=\"46:1-46:135\"><strong>Flat Bottom Blades:<\/strong> Einfache Flachst\u00e4be mit einer pr\u00e4zisionsgeschliffenen Oberseite, die als Amboss f\u00fcr das obere Messer dient.<\/li>\r\n<li data-sourcepos=\"47:1-47:212\"><strong>Grooved Bottom Blades (Multi-Groove Anvils):<\/strong> Verf\u00fcgen \u00fcber mehrere parallele Rillen entlang der L\u00e4nge, sodass durch die Positionierung der oberen Messer in den gew\u00fcnschten Rillen unterschiedliche Schnittbreiten erreicht werden k\u00f6nnen.<\/li>\r\n<li data-sourcepos=\"48:1-48:147\"><strong>Step Bottom Blades:<\/strong> Verf\u00fcgen \u00fcber unterschiedliche H\u00f6henstufen entlang der L\u00e4nge, um unterschiedliche Materialst\u00e4rken oder Schlitzkonfigurationen zu erm\u00f6glichen.<\/li>\r\n<li data-sourcepos=\"49:1-49:128\"><strong>Radius Edge Bottom Blades:<\/strong> Verf\u00fcgt \u00fcber eine abgerundete oder gerundete Oberkante, die h\u00e4ufig zum Ritz-, Schlitz- oder Quetschschneiden verwendet wird.<\/li>\r\n<li data-sourcepos=\"50:1-50:110\"><strong>Dovetail Bottom Blades:<\/strong> Have a dovetail profile for secure and precise mounting in the slitting machine.<\/li>\r\n<li data-sourcepos=\"51:1-52:0\"><strong>Cartridge Style Bottom Blades:<\/strong> Designed as modular units that can be easily inserted and removed for quick changes.<\/li>\r\n<\/ul>\r\n<p data-sourcepos=\"53:1-53:397\">The mounting mechanism of the Slitter Lower Blade is crucial for stability and precise alignment. This can involve precision-machined bases, bolt holes, keyways, or other specialized mounting features to ensure accurate positioning relative to the top blades. The overall dimensions (length, width, thickness) are determined by the machine design and the width of the material being processed.<\/p>\r\n<p>Wenn Sie die gesuchte Klinge nicht finden, k\u00f6nnen wir diese auch anpassen. Erfahren Sie in unserem Bereich <span style=\"color: #ff9900;\">\u201e<a style=\"color: #ff9900;\" href=\"https:\/\/maxtormetal.com\/de\/custom-blades\/\" target=\"_blank\" rel=\"noopener\"><em><strong>Kundenspezifische Klingen<\/strong><\/em><\/a>\u201e<\/span> wie!\u00a0<span style=\"color: #ff9900;\"><em><strong><a style=\"color: #ff9900;\" href=\"https:\/\/maxtormetal.com\/de\/contact\/\" target=\"_blank\" rel=\"noopener\">Gerne k\u00f6nnen Sie uns eine Anfrage senden!<\/a><\/strong><\/em><\/span><\/p>\r\n<h4><span style=\"color: #ff9900;\"><a style=\"color: #ff9900;\" href=\"https:\/\/maxtormetal.com\/de\/brochures\/\" target=\"_blank\" rel=\"noopener\"><strong><em>Brosch\u00fcren \u00f6ffnen<\/em><\/strong><\/a><\/span><\/h4>\r\n<hr \/>\r\n<h2>Warum METAL w\u00e4hlen?<\/h2>\r\n<ol>\r\n<li>\r\n<h3><strong> Ein zentraler, problemloser Importservice<\/strong><\/h3>\r\n<\/li>\r\n<\/ol>\r\n<p>Genie\u00dfen Sie den Komfort eines nahtlosen Imports. Vom Transport bis zur Zollabwicklung \u00fcbernehmen wir den gesamten Prozess. Sie m\u00fcssen lediglich die Mehrwertsteuer entrichten und auf die Ankunft Ihrer Waren warten.<\/p>\r\n<ol start=\"2\">\r\n<li>\r\n<h3><strong> Wettbewerbsf\u00e4hige Preise<\/strong><\/h3>\r\n<\/li>\r\n<\/ol>\r\n<p>Wir haben unsere Klingen in unz\u00e4hligen Anwendungen bewiesen und sind bereit f\u00fcr jedes Projekt, das Sie uns vorstellen. Erwarten Sie Genauigkeit, Langlebigkeit und un\u00fcbertroffen wettbewerbsf\u00e4hige Preise.<\/p>\r\n<ol start=\"3\">\r\n<li>\r\n<h3><strong> ODM &amp; OEM verf\u00fcgbar<\/strong><\/h3>\r\n<\/li>\r\n<\/ol>\r\n<p>Ob Sie Zeichnungen, Skizzen oder Muster bereitstellen, wir k\u00f6nnen f\u00fcr Sie entwerfen und fertigen. Wir haben auch die F\u00e4higkeit, bei der Modifizierung bestehender Designs und Spezifikationen zu helfen, um nahezu jede industrielle Werkzeuganwendung zu verbessern. Bitte kontaktieren Sie unser engagiertes Vertriebsteam, um Ihre spezifischen Anforderungen zu besprechen.<\/p>\r\n<ol start=\"4\">\r\n<li>\r\n<h3><strong> Strenge Qualit\u00e4tskontrolle<\/strong><\/h3>\r\n<\/li>\r\n<\/ol>\r\n<p>Eine Reihe von Tests und Inspektionen werden zur Qualit\u00e4tskontrolle durchgef\u00fchrt, darunter die Erstmusterpr\u00fcfung, die Wareneingangspr\u00fcfung und Materialzertifizierung, die In-Prozess-Qualit\u00e4tspr\u00fcfung und die Endqualit\u00e4tspr\u00fcfung.<\/p>\r\n<ol start=\"5\">\r\n<li>\r\n<h3><strong> Flexible Beschaffung, uneingeschr\u00e4nkte Zusammenarbeit<\/strong><\/h3>\r\n<\/li>\r\n<\/ol>\r\n<p>Ob Sie ein Importeur, Distributor, Gro\u00dfh\u00e4ndler oder Endverbraucher sind, wir hei\u00dfen Sie herzlich willkommen. Profitieren Sie von minimalen Mindestbestellmengen (MOQs), problemlosen Anfragen und gr\u00f6\u00dferer Einkaufsfreiheit.<\/p>\r\n<ol start=\"6\">\r\n<li>\r\n<h3><strong> Echtzeit-Berichte zum Produktionsfortschritt<\/strong><\/h3>\r\n<\/li>\r\n<\/ol>\r\n<p>Betrachten Sie uns als Ihren exklusiven Monitor. Wir werden Ihnen regelm\u00e4\u00dfig Updates zu jedem wichtigen Knotenpunkt Ihrer Produktionslinie liefern. Egal wie weit entfernt, Sie erhalten Echtzeit-Einblicke in den Fortschritt Ihres Produkts.<\/p>\r\n<hr \/>\r\n<p><iframe loading=\"lazy\" title=\"Schlitzmaschine runde Klinge &amp; Einbau von Federmesserhalter\" width=\"800\" height=\"600\" src=\"https:\/\/www.youtube.com\/embed\/GCJrX2P5wOA?feature=oembed&#038;enablejsapi=1&#038;origin=https:\/\/maxtormetal.com\" frameborder=\"0\" allow=\"accelerometer; autoplay; clipboard-write; encrypted-media; gyroscope; picture-in-picture; web-share\" referrerpolicy=\"strict-origin-when-cross-origin\" allowfullscreen><\/iframe><\/p>","protected":false},"excerpt":{"rendered":"<p>What do Slitter Lower Blades Mean? &#8220;Slitter Lower Blades&#8221; are essential components in slitting machines, which are used to cut wide rolls of material (such as paper, film, foil, textiles, rubber, or metal) into narrower widths. The Slitter Lower Blade typically works in conjunction with a rotating top blade (or circular knife) to perform the [&hellip;]<\/p>","protected":false},"featured_media":3301,"template":"","meta":[],"product_cat":[107,103],"product_tag":[847,355,356],"yoast_head":"<!-- This site is optimized with the Yoast SEO Premium plugin v23.6 (Yoast SEO v23.6) - https:\/\/yoast.com\/wordpress\/plugins\/seo\/ -->\n<title>Slitter Lower Blades - Metal Industrial, Industrial Blade Manufacturer, Cutting Knives and blades, Machine Knives and blades supplier, Custom Blades solution<\/title>\n<meta name=\"description\" content=\"Discover high-quality Slitter Lower Blades for precise and clean slitting of paper, film, metal, and more. Explore our range of durable bottom slitter knives for various slitting applications!\" \/>\n<meta name=\"robots\" content=\"index, follow, max-snippet:-1, max-image-preview:large, max-video-preview:-1\" \/>\n<link rel=\"canonical\" href=\"https:\/\/maxtormetal.com\/de\/produkt\/untere-schneidklingen\/\" \/>\n<meta property=\"og:locale\" content=\"de_DE\" \/>\n<meta property=\"og:type\" content=\"article\" \/>\n<meta property=\"og:title\" content=\"Slitter Lower Blades\" \/>\n<meta property=\"og:description\" content=\"Discover high-quality Slitter Lower Blades for precise and clean slitting of paper, film, metal, and more. Explore our range of durable bottom slitter knives for various slitting applications!\" \/>\n<meta property=\"og:url\" content=\"https:\/\/maxtormetal.com\/de\/produkt\/untere-schneidklingen\/\" \/>\n<meta property=\"og:site_name\" content=\"Metal Industrial, Industrial Blade Manufacturer, Cutting Knives and blades, Machine Knives and blades supplier, Custom Blades solution\" \/>\n<meta property=\"article:publisher\" content=\"https:\/\/www.facebook.com\/mengli.tang.3\" \/>\n<meta property=\"article:modified_time\" content=\"2025-06-01T07:16:55+00:00\" \/>\n<meta property=\"og:image\" content=\"https:\/\/maxtormetal.com\/wp-content\/uploads\/2023\/10\/Tissue-paper-roll-cutting-knife-main1.jpg\" \/>\n\t<meta property=\"og:image:width\" content=\"800\" \/>\n\t<meta property=\"og:image:height\" content=\"800\" \/>\n\t<meta property=\"og:image:type\" content=\"image\/jpeg\" \/>\n<meta name=\"twitter:card\" content=\"summary_large_image\" \/>\n<meta name=\"twitter:site\" content=\"@MengliT13570\" \/>\n<script type=\"application\/ld+json\" class=\"yoast-schema-graph\">{\"@context\":\"https:\/\/schema.org\",\"@graph\":[{\"@type\":[\"WebPage\",\"ItemPage\"],\"@id\":\"https:\/\/maxtormetal.com\/product\/slitter-lower-blades\/\",\"url\":\"https:\/\/maxtormetal.com\/product\/slitter-lower-blades\/\",\"name\":\"Slitter Lower Blades - Metal Industrial, Industrial Blade Manufacturer, Cutting Knives and blades, Machine Knives and blades supplier, Custom Blades solution\",\"isPartOf\":{\"@id\":\"https:\/\/maxtormetal.com\/fr\/#website\"},\"primaryImageOfPage\":{\"@id\":\"https:\/\/maxtormetal.com\/product\/slitter-lower-blades\/#primaryimage\"},\"image\":{\"@id\":\"https:\/\/maxtormetal.com\/product\/slitter-lower-blades\/#primaryimage\"},\"thumbnailUrl\":\"https:\/\/maxtormetal.com\/wp-content\/uploads\/2023\/10\/Tissue-paper-roll-cutting-knife-main1.jpg\",\"datePublished\":\"2023-10-07T03:45:03+00:00\",\"dateModified\":\"2025-06-01T07:16:55+00:00\",\"description\":\"Discover high-quality Slitter Lower Blades for precise and clean slitting of paper, film, metal, and more. Explore our range of durable bottom slitter knives for various slitting applications!\",\"breadcrumb\":{\"@id\":\"https:\/\/maxtormetal.com\/product\/slitter-lower-blades\/#breadcrumb\"},\"inLanguage\":\"de\",\"potentialAction\":[{\"@type\":\"ReadAction\",\"target\":[\"https:\/\/maxtormetal.com\/product\/slitter-lower-blades\/\"]}]},{\"@type\":\"ImageObject\",\"inLanguage\":\"de\",\"@id\":\"https:\/\/maxtormetal.com\/product\/slitter-lower-blades\/#primaryimage\",\"url\":\"https:\/\/maxtormetal.com\/wp-content\/uploads\/2023\/10\/Tissue-paper-roll-cutting-knife-main1.jpg\",\"contentUrl\":\"https:\/\/maxtormetal.com\/wp-content\/uploads\/2023\/10\/Tissue-paper-roll-cutting-knife-main1.jpg\",\"width\":800,\"height\":800,\"caption\":\"Slitter Lower Blade\"},{\"@type\":\"BreadcrumbList\",\"@id\":\"https:\/\/maxtormetal.com\/product\/slitter-lower-blades\/#breadcrumb\",\"itemListElement\":[{\"@type\":\"ListItem\",\"position\":1,\"name\":\"Home\",\"item\":\"https:\/\/maxtormetal.com\/\"},{\"@type\":\"ListItem\",\"position\":2,\"name\":\"Products\",\"item\":\"https:\/\/maxtormetal.com\/products\/\"},{\"@type\":\"ListItem\",\"position\":3,\"name\":\"Slitter Lower Blades\"}]},{\"@type\":\"WebSite\",\"@id\":\"https:\/\/maxtormetal.com\/fr\/#website\",\"url\":\"https:\/\/maxtormetal.com\/fr\/\",\"name\":\"Metal Industrial, Industrial Blade Manufacturer, Cutting Knives and blades, Machine Knives and blades supplier, Custom Blades solution\",\"description\":\"Mechanical blades and knives supplier for all machines made by China\",\"publisher\":{\"@id\":\"https:\/\/maxtormetal.com\/fr\/#organization\"},\"potentialAction\":[{\"@type\":\"SearchAction\",\"target\":{\"@type\":\"EntryPoint\",\"urlTemplate\":\"https:\/\/maxtormetal.com\/fr\/?s={search_term_string}\"},\"query-input\":{\"@type\":\"PropertyValueSpecification\",\"valueRequired\":true,\"valueName\":\"search_term_string\"}}],\"inLanguage\":\"de\"},{\"@type\":[\"Organization\",\"Place\"],\"@id\":\"https:\/\/maxtormetal.com\/fr\/#organization\",\"name\":\"Nanjing Metal Industrial CO., Limited\",\"alternateName\":\"Metal Industrial\",\"url\":\"https:\/\/maxtormetal.com\/fr\/\",\"logo\":{\"@id\":\"https:\/\/maxtormetal.com\/product\/slitter-lower-blades\/#local-main-organization-logo\"},\"image\":{\"@id\":\"https:\/\/maxtormetal.com\/product\/slitter-lower-blades\/#local-main-organization-logo\"},\"sameAs\":[\"https:\/\/www.facebook.com\/mengli.tang.3\",\"https:\/\/x.com\/MengliT13570\",\"https:\/\/www.linkedin.com\/in\/metalindustrial\/\"],\"description\":\"NanjingMetal is specialized in manufacturing and supplying industrial blades and knives, and its main business is to provide customers with customized industrial blades to meet their specific needs. With an experienced design and production team, we utilize the supply chain advantage in China to provide customers with competitive high quality industrial blades and knives.\",\"legalName\":\"Nanjing Metal Industrial CO., Limited\",\"foundingDate\":\"2006-02-18\",\"numberOfEmployees\":{\"@type\":\"QuantitativeValue\",\"minValue\":\"11\",\"maxValue\":\"50\"},\"telephone\":[],\"openingHoursSpecification\":[{\"@type\":\"OpeningHoursSpecification\",\"dayOfWeek\":[\"Monday\",\"Tuesday\",\"Wednesday\",\"Thursday\",\"Friday\",\"Saturday\",\"Sunday\"],\"opens\":\"09:00\",\"closes\":\"17:00\"}]},{\"@type\":\"ImageObject\",\"inLanguage\":\"de\",\"@id\":\"https:\/\/maxtormetal.com\/product\/slitter-lower-blades\/#local-main-organization-logo\",\"url\":\"https:\/\/maxtormetal.com\/wp-content\/uploads\/2023\/08\/cropped-cropped-logo-\u526f\u672c-\u526f\u672c-e1693303172756-1.png\",\"contentUrl\":\"https:\/\/maxtormetal.com\/wp-content\/uploads\/2023\/08\/cropped-cropped-logo-\u526f\u672c-\u526f\u672c-e1693303172756-1.png\",\"width\":441,\"height\":132,\"caption\":\"Nanjing Metal Industrial CO., Limited\"}]}<\/script>\n<!-- \/ Yoast SEO Premium plugin. -->","yoast_head_json":{"title":"Slitter Lower Blades - Metal Industrial, Industrial Blade Manufacturer, Cutting Knives and blades, Machine Knives and blades supplier, Custom Blades solution","description":"Discover high-quality Slitter Lower Blades for precise and clean slitting of paper, film, metal, and more. Explore our range of durable bottom slitter knives for various slitting applications!","robots":{"index":"index","follow":"follow","max-snippet":"max-snippet:-1","max-image-preview":"max-image-preview:large","max-video-preview":"max-video-preview:-1"},"canonical":"https:\/\/maxtormetal.com\/de\/produkt\/untere-schneidklingen\/","og_locale":"de_DE","og_type":"article","og_title":"Slitter Lower Blades","og_description":"Discover high-quality Slitter Lower Blades for precise and clean slitting of paper, film, metal, and more. Explore our range of durable bottom slitter knives for various slitting applications!","og_url":"https:\/\/maxtormetal.com\/de\/produkt\/untere-schneidklingen\/","og_site_name":"Metal Industrial, Industrial Blade Manufacturer, Cutting Knives and blades, Machine Knives and blades supplier, Custom Blades solution","article_publisher":"https:\/\/www.facebook.com\/mengli.tang.3","article_modified_time":"2025-06-01T07:16:55+00:00","og_image":[{"width":800,"height":800,"url":"https:\/\/maxtormetal.com\/wp-content\/uploads\/2023\/10\/Tissue-paper-roll-cutting-knife-main1.jpg","type":"image\/jpeg"}],"twitter_card":"summary_large_image","twitter_site":"@MengliT13570","schema":{"@context":"https:\/\/schema.org","@graph":[{"@type":["WebPage","ItemPage"],"@id":"https:\/\/maxtormetal.com\/product\/slitter-lower-blades\/","url":"https:\/\/maxtormetal.com\/product\/slitter-lower-blades\/","name":"Slitter Lower Blades - Metal Industrial, Industrial Blade Manufacturer, Cutting Knives and blades, Machine Knives and blades supplier, Custom Blades solution","isPartOf":{"@id":"https:\/\/maxtormetal.com\/fr\/#website"},"primaryImageOfPage":{"@id":"https:\/\/maxtormetal.com\/product\/slitter-lower-blades\/#primaryimage"},"image":{"@id":"https:\/\/maxtormetal.com\/product\/slitter-lower-blades\/#primaryimage"},"thumbnailUrl":"https:\/\/maxtormetal.com\/wp-content\/uploads\/2023\/10\/Tissue-paper-roll-cutting-knife-main1.jpg","datePublished":"2023-10-07T03:45:03+00:00","dateModified":"2025-06-01T07:16:55+00:00","description":"Discover high-quality Slitter Lower Blades for precise and clean slitting of paper, film, metal, and more. Explore our range of durable bottom slitter knives for various slitting applications!","breadcrumb":{"@id":"https:\/\/maxtormetal.com\/product\/slitter-lower-blades\/#breadcrumb"},"inLanguage":"de","potentialAction":[{"@type":"ReadAction","target":["https:\/\/maxtormetal.com\/product\/slitter-lower-blades\/"]}]},{"@type":"ImageObject","inLanguage":"de","@id":"https:\/\/maxtormetal.com\/product\/slitter-lower-blades\/#primaryimage","url":"https:\/\/maxtormetal.com\/wp-content\/uploads\/2023\/10\/Tissue-paper-roll-cutting-knife-main1.jpg","contentUrl":"https:\/\/maxtormetal.com\/wp-content\/uploads\/2023\/10\/Tissue-paper-roll-cutting-knife-main1.jpg","width":800,"height":800,"caption":"Slitter Lower Blade"},{"@type":"BreadcrumbList","@id":"https:\/\/maxtormetal.com\/product\/slitter-lower-blades\/#breadcrumb","itemListElement":[{"@type":"ListItem","position":1,"name":"Home","item":"https:\/\/maxtormetal.com\/"},{"@type":"ListItem","position":2,"name":"Products","item":"https:\/\/maxtormetal.com\/products\/"},{"@type":"ListItem","position":3,"name":"Slitter Lower Blades"}]},{"@type":"WebSite","@id":"https:\/\/maxtormetal.com\/fr\/#website","url":"https:\/\/maxtormetal.com\/fr\/","name":"Metal Industrial, Industrial Blade Manufacturer, Cutting Knives and blades, Machine Knives and blades supplier, Custom Blades solution","description":"Mechanical blades and knives supplier for all machines made by China","publisher":{"@id":"https:\/\/maxtormetal.com\/fr\/#organization"},"potentialAction":[{"@type":"SearchAction","target":{"@type":"EntryPoint","urlTemplate":"https:\/\/maxtormetal.com\/fr\/?s={search_term_string}"},"query-input":{"@type":"PropertyValueSpecification","valueRequired":true,"valueName":"search_term_string"}}],"inLanguage":"de"},{"@type":["Organization","Place"],"@id":"https:\/\/maxtormetal.com\/fr\/#organization","name":"Nanjing Metal Industrial CO., Limited","alternateName":"Metal Industrial","url":"https:\/\/maxtormetal.com\/fr\/","logo":{"@id":"https:\/\/maxtormetal.com\/product\/slitter-lower-blades\/#local-main-organization-logo"},"image":{"@id":"https:\/\/maxtormetal.com\/product\/slitter-lower-blades\/#local-main-organization-logo"},"sameAs":["https:\/\/www.facebook.com\/mengli.tang.3","https:\/\/x.com\/MengliT13570","https:\/\/www.linkedin.com\/in\/metalindustrial\/"],"description":"NanjingMetal is specialized in manufacturing and supplying industrial blades and knives, and its main business is to provide customers with customized industrial blades to meet their specific needs. With an experienced design and production team, we utilize the supply chain advantage in China to provide customers with competitive high quality industrial blades and knives.","legalName":"Nanjing Metal Industrial CO., Limited","foundingDate":"2006-02-18","numberOfEmployees":{"@type":"QuantitativeValue","minValue":"11","maxValue":"50"},"telephone":[],"openingHoursSpecification":[{"@type":"OpeningHoursSpecification","dayOfWeek":["Monday","Tuesday","Wednesday","Thursday","Friday","Saturday","Sunday"],"opens":"09:00","closes":"17:00"}]},{"@type":"ImageObject","inLanguage":"de","@id":"https:\/\/maxtormetal.com\/product\/slitter-lower-blades\/#local-main-organization-logo","url":"https:\/\/maxtormetal.com\/wp-content\/uploads\/2023\/08\/cropped-cropped-logo-\u526f\u672c-\u526f\u672c-e1693303172756-1.png","contentUrl":"https:\/\/maxtormetal.com\/wp-content\/uploads\/2023\/08\/cropped-cropped-logo-\u526f\u672c-\u526f\u672c-e1693303172756-1.png","width":441,"height":132,"caption":"Nanjing Metal Industrial CO., Limited"}]}},"_links":{"self":[{"href":"https:\/\/maxtormetal.com\/de\/wp-json\/wp\/v2\/product\/3293"}],"collection":[{"href":"https:\/\/maxtormetal.com\/de\/wp-json\/wp\/v2\/product"}],"about":[{"href":"https:\/\/maxtormetal.com\/de\/wp-json\/wp\/v2\/types\/product"}],"wp:featuredmedia":[{"embeddable":true,"href":"https:\/\/maxtormetal.com\/de\/wp-json\/wp\/v2\/media\/3301"}],"wp:attachment":[{"href":"https:\/\/maxtormetal.com\/de\/wp-json\/wp\/v2\/media?parent=3293"}],"wp:term":[{"taxonomy":"product_cat","embeddable":true,"href":"https:\/\/maxtormetal.com\/de\/wp-json\/wp\/v2\/product_cat?post=3293"},{"taxonomy":"product_tag","embeddable":true,"href":"https:\/\/maxtormetal.com\/de\/wp-json\/wp\/v2\/product_tag?post=3293"}],"curies":[{"name":"wp","href":"https:\/\/api.w.org\/{rel}","templated":true}]}}