{"id":2813,"date":"2023-09-15T11:29:21","date_gmt":"2023-09-15T03:29:21","guid":{"rendered":"https:\/\/maxtormetal.com\/?page_id=2813"},"modified":"2023-09-15T11:51:15","modified_gmt":"2023-09-15T03:51:15","slug":"privacy-policy","status":"publish","type":"page","link":"https:\/\/maxtormetal.com\/es\/privacy-policy\/","title":{"rendered":"Pol\u00edtica de Privacidad"},"content":{"rendered":"<div data-elementor-type=\"wp-page\" data-elementor-id=\"2813\" class=\"elementor elementor-2813\" data-elementor-post-type=\"page\">\n\t\t\t\t\t\t\t<div class=\"elementor-element elementor-element-32daa32 e-flex e-con-boxed e-con\" data-id=\"32daa32\" data-element_type=\"container\" data-settings=\"{&quot;content_width&quot;:&quot;boxed&quot;}\">\n\t\t\t\t\t<div class=\"e-con-inner\">\n\t\t<div class=\"elementor-element elementor-element-e48b954 e-con-full e-flex e-con\" data-id=\"e48b954\" data-element_type=\"container\" data-settings=\"{&quot;content_width&quot;:&quot;full&quot;}\">\n\t\t\t\t<div class=\"elementor-element elementor-element-55303f3 elementor-widget elementor-widget-heading\" data-id=\"55303f3\" data-element_type=\"widget\" data-widget_type=\"heading.default\">\n\t\t\t\t<div class=\"elementor-widget-container\">\n\t\t\t<style>\/*! elementor - v3.15.0 - 20-08-2023 *\/\n.elementor-heading-title{padding:0;margin:0;line-height:1}.elementor-widget-heading .elementor-heading-title[class*=elementor-size-]>a{color:inherit;font-size:inherit;line-height:inherit}.elementor-widget-heading .elementor-heading-title.elementor-size-small{font-size:15px}.elementor-widget-heading .elementor-heading-title.elementor-size-medium{font-size:19px}.elementor-widget-heading .elementor-heading-title.elementor-size-large{font-size:29px}.elementor-widget-heading .elementor-heading-title.elementor-size-xl{font-size:39px}.elementor-widget-heading .elementor-heading-title.elementor-size-xxl{font-size:59px}<\/style><h1 class=\"elementor-heading-title elementor-size-default\">Pol\u00edtica de Privacidad<\/h1>\t\t<\/div>\n\t\t\t\t<\/div>\n\t\t\t\t<div class=\"elementor-element elementor-element-7a003cc elementor-widget elementor-widget-woocommerce-breadcrumb\" data-id=\"7a003cc\" data-element_type=\"widget\" data-widget_type=\"woocommerce-breadcrumb.default\">\n\t\t\t\t<div class=\"elementor-widget-container\">\n\t\t\t<link rel=\"stylesheet\" href=\"https:\/\/maxtormetal.com\/wp-content\/plugins\/elementor-pro\/assets\/css\/widget-woocommerce.min.css\"><nav class=\"woocommerce-breadcrumb\" aria-label=\"Breadcrumb\" data-no-translation=\"\" data-trp-gettext=\"\">Inicio<\/nav>\t\t<\/div>\n\t\t\t\t<\/div>\n\t\t\t\t<\/div>\n\t\t<div class=\"elementor-element elementor-element-cd8f90f e-con-full e-flex e-con\" data-id=\"cd8f90f\" data-element_type=\"container\" data-settings=\"{&quot;content_width&quot;:&quot;full&quot;}\">\n\t\t\t\t<div class=\"elementor-element elementor-element-0f987a9 elementor-widget elementor-widget-text-editor\" data-id=\"0f987a9\" data-element_type=\"widget\" data-widget_type=\"text-editor.default\">\n\t\t\t\t<div class=\"elementor-widget-container\">\n\t\t\t<style>\/*! elementor - v3.15.0 - 20-08-2023 *\/\n.elementor-widget-text-editor.elementor-drop-cap-view-stacked .elementor-drop-cap{background-color:#69727d;color:#fff}.elementor-widget-text-editor.elementor-drop-cap-view-framed .elementor-drop-cap{color:#69727d;border:3px solid;background-color:transparent}.elementor-widget-text-editor:not(.elementor-drop-cap-view-default) .elementor-drop-cap{margin-top:8px}.elementor-widget-text-editor:not(.elementor-drop-cap-view-default) .elementor-drop-cap-letter{width:1em;height:1em}.elementor-widget-text-editor .elementor-drop-cap{float:left;text-align:center;line-height:1;font-size:50px}.elementor-widget-text-editor .elementor-drop-cap-letter{display:inline-block}<\/style>\t\t\t\t<h4>Recopilaci\u00f3n y uso de datos personales de clientes, proveedores y otros contratistas<\/h4><p>Nos gustar\u00eda llamar su atenci\u00f3n sobre el hecho de que recopilaremos y utilizaremos los datos personales que nos proporcione porque son necesarios para concluir con usted y ejecutar un posible acuerdo. Esto se aplica tanto a nuestros clientes (potenciales) como a las partes a las que compramos bienes y\/o servicios.<\/p><p>Si usted es un cliente (potencial) nuestro, utilizaremos sus datos para poder enviarle una oferta, para poder determinar qu\u00e9 especificaciones o deseos deben satisfacer ciertos bienes o servicios, para poder entregarle bienes o llevar a cabo las actividades por usted, para poder facturarle y poder comunicarnos con usted de manera r\u00e1pida y eficiente en relaci\u00f3n con los aspectos de implementaci\u00f3n del acuerdo.<\/p><p>Si usted es un (potencial) proveedor u otro contratista, sus datos personales tambi\u00e9n ser\u00e1n necesarios para celebrar y ejecutar el acuerdo. En caso de compra, esto es necesario para poder informarle qu\u00e9 especificaciones o deseos deben satisfacer ciertos bienes o servicios en nuestra opini\u00f3n, para poder enviarle una solicitud de oferta o realizar un pedido con usted, para ser poder pagar sus facturas y poder comunicarnos con usted de manera r\u00e1pida y eficiente en relaci\u00f3n con otros aspectos del acuerdo.<\/p><p>No est\u00e1s obligado a facilitarnos tus datos personales. Si no nos proporciona datos personales o nos proporciona datos personales insuficientes, puede darse el caso de que no podamos llevar a cabo las actividades antes mencionadas.<\/p><h4>\u00a0<\/h4><h4>Marketing directo a los clientes.<\/h4><p>Si nos ha otorgado su aprobaci\u00f3n para hacerlo, almacenaremos y utilizaremos los datos personales que haya proporcionado para poder informarle personalmente por correo electr\u00f3nico en el futuro sobre nuestros productos y servicios nuevos y existentes y posiblemente hacerle una oferta a este respecto. Cada vez que le enviamos un correo electr\u00f3nico de marketing, tiene la opci\u00f3n de informarnos que ya no desea recibir dichos correos electr\u00f3nicos. Consulte a este respecto el enlace de exclusi\u00f3n voluntaria que se encuentra en la parte inferior de cada env\u00edo.<\/p><p>\u00a0<\/p><h4>Plazo de conservaci\u00f3n de los datos personales de clientes, proveedores y otros contratistas.<\/h4><p>Si nos solicit\u00f3 una oferta, pero no se convirti\u00f3 en cliente nuestro, eliminaremos sus datos como m\u00e1ximo un a\u00f1o despu\u00e9s de nuestro \u00faltimo contacto. Tambi\u00e9n eliminaremos sus datos personales como m\u00e1ximo un a\u00f1o despu\u00e9s de nuestro \u00faltimo contacto si recibimos una oferta suya pero no nos convertimos en sus clientes. Si usted se convirti\u00f3 en nuestro cliente o nosotros nos convertimos en su cliente, conservaremos sus datos personales durante un per\u00edodo de siete a\u00f1os despu\u00e9s del final del ejercicio financiero en el que se realiz\u00f3 el acuerdo con usted. El per\u00edodo de siete a\u00f1os corresponde al per\u00edodo durante el cual estamos obligados a conservar nuestros registros ante la Administraci\u00f3n Tributaria y Aduanera. Eliminaremos sus datos personales una vez finalizado este per\u00edodo.<\/p><p>\u00a0<\/p><h4>Recopilaci\u00f3n y uso de datos personales pertenecientes a clientes comerciales (distintos de clientes, proveedores y otros contratistas)<\/h4><p>Nos gustar\u00eda llamar su atenci\u00f3n sobre el hecho de que recopilaremos y utilizaremos los datos personales que nos proporcione porque ha dado su consentimiento o porque es necesario para velar por nuestros intereses leg\u00edtimos. Tratamos los siguientes datos: nombre, direcci\u00f3n y datos de contacto. Si usted es una relaci\u00f3n comercial nuestra, utilizaremos sus datos para poder contactarlo con fines que sean de inter\u00e9s para nuestro negocio. Esto incluye, por ejemplo, la discusi\u00f3n de una posible colaboraci\u00f3n, el suministro y la obtenci\u00f3n de informaci\u00f3n y el mantenimiento de nuestra red. No est\u00e1s obligado a facilitarnos tus datos personales. Si no nos proporciona datos personales o nos proporciona datos personales insuficientes, puede darse el caso de que no podamos llevar a cabo las actividades antes mencionadas.<\/p><p>\u00a0<\/p><h4>Marketing directo a clientes empresariales.<\/h4><p>Si nos ha otorgado su aprobaci\u00f3n para hacerlo, almacenaremos y utilizaremos los datos personales que haya proporcionado para poder informarle personalmente por correo electr\u00f3nico en el futuro sobre nuestros productos y servicios nuevos y existentes y posiblemente hacerle una oferta a este respecto. Cada vez que le enviamos un correo electr\u00f3nico de marketing, tiene la opci\u00f3n de informarnos que ya no desea recibir dichos correos electr\u00f3nicos. Consulte a este respecto el enlace de exclusi\u00f3n voluntaria que se encuentra en la parte inferior de cada env\u00edo.<\/p><p>\u00a0<\/p><h4>Plazo de conservaci\u00f3n de los datos personales pertenecientes a relaciones comerciales.<\/h4><p>Los datos personales pertenecientes a relaciones comerciales ser\u00e1n eliminados un a\u00f1o despu\u00e9s de nuestro \u00faltimo contacto.<\/p><p>\u00a0<\/p><h4>Galletas<\/h4><p>Las cookies son peque\u00f1os archivos de texto que se colocan en su computadora, tableta o tel\u00e9fono inteligente durante la visita a nuestro sitio web. En estos archivos de texto se almacena informaci\u00f3n que luego el sitio web reconoce nuevamente en una visita posterior.<\/p><p>Nuestro sitio web utiliza cookies de seguimiento si usted ha dado su consentimiento para ello. Lo hacemos para recopilar informaci\u00f3n sobre su comportamiento en Internet para poder presentarle ofertas espec\u00edficas de productos o servicios. Tiene derecho a retirar su consentimiento en cualquier momento. Sus datos se conservan durante un m\u00e1ximo de un a\u00f1o. Tambi\u00e9n colocamos cookies funcionales. Lo hacemos para facilitar el uso de nuestro sitio web. Esto incluye cuestiones como mantener los productos en su carrito de compras o recordar sus datos de inicio de sesi\u00f3n durante su visita.<\/p><p>Las cookies anal\u00edticas nos permiten ver qu\u00e9 p\u00e1ginas se visitan y qu\u00e9 secciones de nuestro sitio web reciben clics. Utilizamos Google Analytics para este prop\u00f3sito. La informaci\u00f3n recopilada por Google de esta manera se mantiene lo m\u00e1s an\u00f3nima posible.<\/p><p>\u00a0<\/p><h4>Tu consentimiento<\/h4><p>Al utilizar nuestro sitio, usted acepta nuestra pol\u00edtica de privacidad.<\/p>\t\t\t\t\t\t<\/div>\n\t\t\t\t<\/div>\n\t\t\t\t<\/div>\n\t\t\t\t\t<\/div>\n\t\t\t\t<\/div>\n\t\t\t\t\t\t\t<\/div>","protected":false},"excerpt":{"rendered":"<p>Privacy Policy Collection and use of personal data belonging to customers, suppliers and other contractors We would like to draw your attention to the fact that we will collect and use the personal data you provide to us because this is necessary to conclude with you and perform a possible agreement. This applies to both [&hellip;]<\/p>","protected":false},"author":1,"featured_media":0,"parent":0,"menu_order":0,"comment_status":"closed","ping_status":"closed","template":"","meta":{"footnotes":""},"yoast_head":"<!-- This site is optimized with the Yoast SEO Premium plugin v23.6 (Yoast SEO v23.6) - https:\/\/yoast.com\/wordpress\/plugins\/seo\/ -->\n<title>Privacy Policy - Metal Industrial, Industrial Blade Manufacturer, Cutting Knives and blades, Machine Knives and blades supplier, Custom Blades solution<\/title>\n<meta name=\"robots\" content=\"index, follow, max-snippet:-1, max-image-preview:large, max-video-preview:-1\" \/>\n<link rel=\"canonical\" href=\"https:\/\/maxtormetal.com\/es\/privacy-policy\/\" \/>\n<meta property=\"og:locale\" content=\"es_ES\" \/>\n<meta property=\"og:type\" content=\"article\" \/>\n<meta property=\"og:title\" content=\"Privacy Policy\" \/>\n<meta property=\"og:description\" content=\"Privacy Policy Collection and use of personal data belonging to customers, suppliers and other contractors We would like to draw your attention to the fact that we will collect and use the personal data you provide to us because this is necessary to conclude with you and perform a possible agreement. This applies to both [&hellip;]\" \/>\n<meta property=\"og:url\" content=\"https:\/\/maxtormetal.com\/es\/privacy-policy\/\" \/>\n<meta property=\"og:site_name\" content=\"Metal Industrial, Industrial Blade Manufacturer, Cutting Knives and blades, Machine Knives and blades supplier, Custom Blades solution\" \/>\n<meta property=\"article:publisher\" content=\"https:\/\/www.facebook.com\/mengli.tang.3\" \/>\n<meta property=\"article:modified_time\" content=\"2023-09-15T03:51:15+00:00\" \/>\n<meta property=\"og:image\" content=\"https:\/\/maxtormetal.com\/wp-content\/uploads\/2023\/08\/logo-\u526f\u672c-\u526f\u672c.png\" \/>\n\t<meta property=\"og:image:width\" content=\"730\" \/>\n\t<meta property=\"og:image:height\" content=\"477\" \/>\n\t<meta property=\"og:image:type\" content=\"image\/png\" \/>\n<meta name=\"twitter:card\" content=\"summary_large_image\" \/>\n<meta name=\"twitter:site\" content=\"@MengliT13570\" \/>\n<script type=\"application\/ld+json\" class=\"yoast-schema-graph\">{\"@context\":\"https:\/\/schema.org\",\"@graph\":[{\"@type\":[\"Article\",\"BlogPosting\"],\"@id\":\"https:\/\/maxtormetal.com\/es\/privacy-policy\/#article\",\"isPartOf\":{\"@id\":\"https:\/\/maxtormetal.com\/es\/privacy-policy\/\"},\"author\":{\"name\":\"Tommy\",\"@id\":\"https:\/\/maxtormetal.com\/fr\/#\/schema\/person\/94f8f44e6d04f5d162dc94aeca3da13a\"},\"headline\":\"Privacy Policy\",\"datePublished\":\"2023-09-15T03:29:21+00:00\",\"dateModified\":\"2023-09-15T03:51:15+00:00\",\"mainEntityOfPage\":{\"@id\":\"https:\/\/maxtormetal.com\/es\/privacy-policy\/\"},\"wordCount\":974,\"publisher\":{\"@id\":\"https:\/\/maxtormetal.com\/fr\/#organization\"},\"inLanguage\":\"es\"},{\"@type\":\"WebPage\",\"@id\":\"https:\/\/maxtormetal.com\/es\/privacy-policy\/\",\"url\":\"https:\/\/maxtormetal.com\/es\/privacy-policy\/\",\"name\":\"Privacy Policy - Metal Industrial, Industrial Blade Manufacturer, Cutting Knives and blades, Machine Knives and blades supplier, Custom Blades solution\",\"isPartOf\":{\"@id\":\"https:\/\/maxtormetal.com\/fr\/#website\"},\"datePublished\":\"2023-09-15T03:29:21+00:00\",\"dateModified\":\"2023-09-15T03:51:15+00:00\",\"breadcrumb\":{\"@id\":\"https:\/\/maxtormetal.com\/es\/privacy-policy\/#breadcrumb\"},\"inLanguage\":\"es\",\"potentialAction\":[{\"@type\":\"ReadAction\",\"target\":[\"https:\/\/maxtormetal.com\/es\/privacy-policy\/\"]}]},{\"@type\":\"BreadcrumbList\",\"@id\":\"https:\/\/maxtormetal.com\/es\/privacy-policy\/#breadcrumb\",\"itemListElement\":[{\"@type\":\"ListItem\",\"position\":1,\"name\":\"Home\",\"item\":\"https:\/\/maxtormetal.com\/\"},{\"@type\":\"ListItem\",\"position\":2,\"name\":\"Privacy Policy\"}]},{\"@type\":\"WebSite\",\"@id\":\"https:\/\/maxtormetal.com\/fr\/#website\",\"url\":\"https:\/\/maxtormetal.com\/fr\/\",\"name\":\"Metal Industrial, Industrial Blade Manufacturer, Cutting Knives and blades, Machine Knives and blades supplier, Custom Blades solution\",\"description\":\"Mechanical blades and knives supplier for all machines made by China\",\"publisher\":{\"@id\":\"https:\/\/maxtormetal.com\/fr\/#organization\"},\"potentialAction\":[{\"@type\":\"SearchAction\",\"target\":{\"@type\":\"EntryPoint\",\"urlTemplate\":\"https:\/\/maxtormetal.com\/fr\/?s={search_term_string}\"},\"query-input\":{\"@type\":\"PropertyValueSpecification\",\"valueRequired\":true,\"valueName\":\"search_term_string\"}}],\"inLanguage\":\"es\"},{\"@type\":[\"Organization\",\"Place\"],\"@id\":\"https:\/\/maxtormetal.com\/fr\/#organization\",\"name\":\"Nanjing Metal Industrial CO., Limited\",\"alternateName\":\"Metal Industrial\",\"url\":\"https:\/\/maxtormetal.com\/fr\/\",\"logo\":{\"@id\":\"https:\/\/maxtormetal.com\/es\/privacy-policy\/#local-main-organization-logo\"},\"image\":{\"@id\":\"https:\/\/maxtormetal.com\/es\/privacy-policy\/#local-main-organization-logo\"},\"sameAs\":[\"https:\/\/www.facebook.com\/mengli.tang.3\",\"https:\/\/x.com\/MengliT13570\",\"https:\/\/www.linkedin.com\/in\/metalindustrial\/\"],\"description\":\"NanjingMetal is specialized in manufacturing and supplying industrial blades and knives, and its main business is to provide customers with customized industrial blades to meet their specific needs. With an experienced design and production team, we utilize the supply chain advantage in China to provide customers with competitive high quality industrial blades and knives.\",\"legalName\":\"Nanjing Metal Industrial CO., Limited\",\"foundingDate\":\"2006-02-18\",\"numberOfEmployees\":{\"@type\":\"QuantitativeValue\",\"minValue\":\"11\",\"maxValue\":\"50\"},\"telephone\":[],\"openingHoursSpecification\":[{\"@type\":\"OpeningHoursSpecification\",\"dayOfWeek\":[\"Monday\",\"Tuesday\",\"Wednesday\",\"Thursday\",\"Friday\",\"Saturday\",\"Sunday\"],\"opens\":\"09:00\",\"closes\":\"17:00\"}]},{\"@type\":\"Person\",\"@id\":\"https:\/\/maxtormetal.com\/fr\/#\/schema\/person\/94f8f44e6d04f5d162dc94aeca3da13a\",\"name\":\"Tommy\",\"image\":{\"@type\":\"ImageObject\",\"inLanguage\":\"es\",\"@id\":\"https:\/\/maxtormetal.com\/fr\/#\/schema\/person\/image\/\",\"url\":\"https:\/\/maxtormetal.com\/wp-content\/uploads\/2023\/08\/cropped-logo-\u526f\u672c-\u526f\u672c-1.png\",\"contentUrl\":\"https:\/\/maxtormetal.com\/wp-content\/uploads\/2023\/08\/cropped-logo-\u526f\u672c-\u526f\u672c-1.png\",\"caption\":\"Tommy\"},\"description\":\"With over 13 years of experience in industrial blade manufacturing, production management, and process optimization. Whether it's customized solutions or technical support, I am committed to delivering top-tier service. If you require mechanical blade solutions and a reliable partner, I am your ideal choice. Feel free to reach out anytime\u2014let's collaborate to elevate your business to new heights.\",\"sameAs\":[\"http:\/\/maxtormetal.com\",\"https:\/\/www.facebook.com\/mengli.tang.3\",\"https:\/\/www.linkedin.com\/in\/metalindustrial\/\",\"https:\/\/www.youtube.com\/@Metal-Tommy\"],\"url\":\"https:\/\/maxtormetal.com\/es\/author\/maxtormetal-com\/\"},{\"@type\":\"ImageObject\",\"inLanguage\":\"es\",\"@id\":\"https:\/\/maxtormetal.com\/es\/privacy-policy\/#local-main-organization-logo\",\"url\":\"https:\/\/maxtormetal.com\/wp-content\/uploads\/2023\/08\/cropped-cropped-logo-\u526f\u672c-\u526f\u672c-e1693303172756-1.png\",\"contentUrl\":\"https:\/\/maxtormetal.com\/wp-content\/uploads\/2023\/08\/cropped-cropped-logo-\u526f\u672c-\u526f\u672c-e1693303172756-1.png\",\"width\":441,\"height\":132,\"caption\":\"Nanjing Metal Industrial CO., Limited\"}]}<\/script>\n<!-- \/ Yoast SEO Premium plugin. -->","yoast_head_json":{"title":"Privacy Policy - Metal Industrial, Industrial Blade Manufacturer, Cutting Knives and blades, Machine Knives and blades supplier, Custom Blades solution","robots":{"index":"index","follow":"follow","max-snippet":"max-snippet:-1","max-image-preview":"max-image-preview:large","max-video-preview":"max-video-preview:-1"},"canonical":"https:\/\/maxtormetal.com\/es\/privacy-policy\/","og_locale":"es_ES","og_type":"article","og_title":"Privacy Policy","og_description":"Privacy Policy Collection and use of personal data belonging to customers, suppliers and other contractors We would like to draw your attention to the fact that we will collect and use the personal data you provide to us because this is necessary to conclude with you and perform a possible agreement. This applies to both [&hellip;]","og_url":"https:\/\/maxtormetal.com\/es\/privacy-policy\/","og_site_name":"Metal Industrial, Industrial Blade Manufacturer, Cutting Knives and blades, Machine Knives and blades supplier, Custom Blades solution","article_publisher":"https:\/\/www.facebook.com\/mengli.tang.3","article_modified_time":"2023-09-15T03:51:15+00:00","og_image":[{"width":730,"height":477,"url":"https:\/\/maxtormetal.com\/wp-content\/uploads\/2023\/08\/logo-\u526f\u672c-\u526f\u672c.png","type":"image\/png"}],"twitter_card":"summary_large_image","twitter_site":"@MengliT13570","schema":{"@context":"https:\/\/schema.org","@graph":[{"@type":["Article","BlogPosting"],"@id":"https:\/\/maxtormetal.com\/es\/privacy-policy\/#article","isPartOf":{"@id":"https:\/\/maxtormetal.com\/es\/privacy-policy\/"},"author":{"name":"Tommy","@id":"https:\/\/maxtormetal.com\/fr\/#\/schema\/person\/94f8f44e6d04f5d162dc94aeca3da13a"},"headline":"Privacy Policy","datePublished":"2023-09-15T03:29:21+00:00","dateModified":"2023-09-15T03:51:15+00:00","mainEntityOfPage":{"@id":"https:\/\/maxtormetal.com\/es\/privacy-policy\/"},"wordCount":974,"publisher":{"@id":"https:\/\/maxtormetal.com\/fr\/#organization"},"inLanguage":"es"},{"@type":"WebPage","@id":"https:\/\/maxtormetal.com\/es\/privacy-policy\/","url":"https:\/\/maxtormetal.com\/es\/privacy-policy\/","name":"Privacy Policy - Metal Industrial, Industrial Blade Manufacturer, Cutting Knives and blades, Machine Knives and blades supplier, Custom Blades solution","isPartOf":{"@id":"https:\/\/maxtormetal.com\/fr\/#website"},"datePublished":"2023-09-15T03:29:21+00:00","dateModified":"2023-09-15T03:51:15+00:00","breadcrumb":{"@id":"https:\/\/maxtormetal.com\/es\/privacy-policy\/#breadcrumb"},"inLanguage":"es","potentialAction":[{"@type":"ReadAction","target":["https:\/\/maxtormetal.com\/es\/privacy-policy\/"]}]},{"@type":"BreadcrumbList","@id":"https:\/\/maxtormetal.com\/es\/privacy-policy\/#breadcrumb","itemListElement":[{"@type":"ListItem","position":1,"name":"Home","item":"https:\/\/maxtormetal.com\/"},{"@type":"ListItem","position":2,"name":"Privacy Policy"}]},{"@type":"WebSite","@id":"https:\/\/maxtormetal.com\/fr\/#website","url":"https:\/\/maxtormetal.com\/fr\/","name":"Metal Industrial, Industrial Blade Manufacturer, Cutting Knives and blades, Machine Knives and blades supplier, Custom Blades solution","description":"Mechanical blades and knives supplier for all machines made by China","publisher":{"@id":"https:\/\/maxtormetal.com\/fr\/#organization"},"potentialAction":[{"@type":"SearchAction","target":{"@type":"EntryPoint","urlTemplate":"https:\/\/maxtormetal.com\/fr\/?s={search_term_string}"},"query-input":{"@type":"PropertyValueSpecification","valueRequired":true,"valueName":"search_term_string"}}],"inLanguage":"es"},{"@type":["Organization","Place"],"@id":"https:\/\/maxtormetal.com\/fr\/#organization","name":"Nanjing Metal Industrial CO., Limited","alternateName":"Metal Industrial","url":"https:\/\/maxtormetal.com\/fr\/","logo":{"@id":"https:\/\/maxtormetal.com\/es\/privacy-policy\/#local-main-organization-logo"},"image":{"@id":"https:\/\/maxtormetal.com\/es\/privacy-policy\/#local-main-organization-logo"},"sameAs":["https:\/\/www.facebook.com\/mengli.tang.3","https:\/\/x.com\/MengliT13570","https:\/\/www.linkedin.com\/in\/metalindustrial\/"],"description":"NanjingMetal is specialized in manufacturing and supplying industrial blades and knives, and its main business is to provide customers with customized industrial blades to meet their specific needs. With an experienced design and production team, we utilize the supply chain advantage in China to provide customers with competitive high quality industrial blades and knives.","legalName":"Nanjing Metal Industrial CO., Limited","foundingDate":"2006-02-18","numberOfEmployees":{"@type":"QuantitativeValue","minValue":"11","maxValue":"50"},"telephone":[],"openingHoursSpecification":[{"@type":"OpeningHoursSpecification","dayOfWeek":["Monday","Tuesday","Wednesday","Thursday","Friday","Saturday","Sunday"],"opens":"09:00","closes":"17:00"}]},{"@type":"Person","@id":"https:\/\/maxtormetal.com\/fr\/#\/schema\/person\/94f8f44e6d04f5d162dc94aeca3da13a","name":"Tommy","image":{"@type":"ImageObject","inLanguage":"es","@id":"https:\/\/maxtormetal.com\/fr\/#\/schema\/person\/image\/","url":"https:\/\/maxtormetal.com\/wp-content\/uploads\/2023\/08\/cropped-logo-\u526f\u672c-\u526f\u672c-1.png","contentUrl":"https:\/\/maxtormetal.com\/wp-content\/uploads\/2023\/08\/cropped-logo-\u526f\u672c-\u526f\u672c-1.png","caption":"Tommy"},"description":"With over 13 years of experience in industrial blade manufacturing, production management, and process optimization. Whether it's customized solutions or technical support, I am committed to delivering top-tier service. If you require mechanical blade solutions and a reliable partner, I am your ideal choice. Feel free to reach out anytime\u2014let's collaborate to elevate your business to new heights.","sameAs":["http:\/\/maxtormetal.com","https:\/\/www.facebook.com\/mengli.tang.3","https:\/\/www.linkedin.com\/in\/metalindustrial\/","https:\/\/www.youtube.com\/@Metal-Tommy"],"url":"https:\/\/maxtormetal.com\/es\/author\/maxtormetal-com\/"},{"@type":"ImageObject","inLanguage":"es","@id":"https:\/\/maxtormetal.com\/es\/privacy-policy\/#local-main-organization-logo","url":"https:\/\/maxtormetal.com\/wp-content\/uploads\/2023\/08\/cropped-cropped-logo-\u526f\u672c-\u526f\u672c-e1693303172756-1.png","contentUrl":"https:\/\/maxtormetal.com\/wp-content\/uploads\/2023\/08\/cropped-cropped-logo-\u526f\u672c-\u526f\u672c-e1693303172756-1.png","width":441,"height":132,"caption":"Nanjing Metal Industrial CO., Limited"}]}},"_links":{"self":[{"href":"https:\/\/maxtormetal.com\/es\/wp-json\/wp\/v2\/pages\/2813"}],"collection":[{"href":"https:\/\/maxtormetal.com\/es\/wp-json\/wp\/v2\/pages"}],"about":[{"href":"https:\/\/maxtormetal.com\/es\/wp-json\/wp\/v2\/types\/page"}],"author":[{"embeddable":true,"href":"https:\/\/maxtormetal.com\/es\/wp-json\/wp\/v2\/users\/1"}],"replies":[{"embeddable":true,"href":"https:\/\/maxtormetal.com\/es\/wp-json\/wp\/v2\/comments?post=2813"}],"version-history":[{"count":0,"href":"https:\/\/maxtormetal.com\/es\/wp-json\/wp\/v2\/pages\/2813\/revisions"}],"wp:attachment":[{"href":"https:\/\/maxtormetal.com\/es\/wp-json\/wp\/v2\/media?parent=2813"}],"curies":[{"name":"wp","href":"https:\/\/api.w.org\/{rel}","templated":true}]}}