{"id":3009,"date":"2023-10-06T16:45:36","date_gmt":"2023-10-06T08:45:36","guid":{"rendered":"https:\/\/maxtormetal.com\/?post_type=product&#038;p=3009"},"modified":"2025-05-06T18:28:54","modified_gmt":"2025-05-06T10:28:54","slug":"cuchillas-para-rebanadoras-de-pan","status":"publish","type":"product","link":"https:\/\/maxtormetal.com\/es\/producto\/cuchillas-para-rebanadoras-de-pan\/","title":{"rendered":"Cuchillas para Rebanadoras de Pan"},"content":{"rendered":"<h2 data-sourcepos=\"1:1-1:38\">\u00bfQu\u00e9 significan las cuchillas de la cortadora de pan?<\/h2>\r\n<p data-sourcepos=\"3:1-3:469\">Las cuchillas para rebanar pan, tambi\u00e9n conocidas como cuchillas para cortar pan o cuchillos para panader\u00eda, son herramientas de corte especializadas dise\u00f1adas para su uso en rebanadoras de pan. Estas m\u00e1quinas se utilizan en panader\u00edas, supermercados y plantas de procesamiento de alimentos para rebanar panes de forma eficiente y uniforme con grosores uniformes. Las cuchillas para rebanar pan suelen ser dentadas para cortar eficazmente las diferentes texturas del pan, desde la miga suave hasta la corteza.<\/p>\r\n<h2 data-sourcepos=\"5:1-5:47\">Usos y aplicaciones de las cuchillas de las rebanadoras de pan<\/h2>\r\n<p data-sourcepos=\"7:1-7:121\"><strong>Cuchillas para rebanadora de pan<\/strong> Son esenciales para el procesamiento comercial e industrial del pan. Sus principales aplicaciones incluyen:<\/p>\r\n<ul data-sourcepos=\"9:1-14:0\">\r\n<li data-sourcepos=\"9:1-9:132\"><strong>Panader\u00edas:<\/strong> Rebanar hogazas de pan reci\u00e9n horneadas de varios tipos de pan (por ejemplo, pan de s\u00e1ndwich, baguettes, masa madre) para la venta al por menor.<\/li>\r\n<li data-sourcepos=\"10:1-10:74\"><strong>Tiendas de comestibles:<\/strong> Proporcionamos pan precortado para comodidad del cliente.<\/li>\r\n<li data-sourcepos=\"11:1-11:130\"><strong>Instalaciones de procesamiento de alimentos:<\/strong> Rebanado de pan para producci\u00f3n de s\u00e1ndwiches, fabricaci\u00f3n de tostadas y otras aplicaciones de servicio de alimentos.<\/li>\r\n<li data-sourcepos=\"12:1-12:107\"><strong>Cocinas comerciales:<\/strong> Rebanado de pan en grandes vol\u00famenes para restaurantes, cafeter\u00edas y servicios de catering.<\/li>\r\n<li data-sourcepos=\"13:1-14:0\"><strong>Producci\u00f3n de migas de pan:<\/strong> Algunas cuchillas cortadoras de pan especializadas pueden usarse en procesos para crear migas de pan.<\/li>\r\n<\/ul>\r\n<h2 data-sourcepos=\"15:1-15:43\">Materiales comunes para las cuchillas de las rebanadoras de pan<\/h2>\r\n<p data-sourcepos=\"17:1-17:194\">Los materiales utilizados para las cuchillas de las rebanadoras de pan deben ser de grado alimenticio, resistentes a la corrosi\u00f3n y capaces de mantener un filo afilado y duradero para un corte uniforme. Los materiales m\u00e1s comunes incluyen:<\/p>\r\n<ul data-sourcepos=\"19:1-21:0\">\r\n<li data-sourcepos=\"19:1-19:250\"><strong>Acero inoxidable (por ejemplo, series 420, 440):<\/strong> El acero inoxidable es el material m\u00e1s com\u00fan debido a su excelente resistencia a la corrosi\u00f3n, facilidad de limpieza y facilidad de afilado. Los diferentes grados ofrecen distintos niveles de dureza y retenci\u00f3n del filo.<\/li>\r\n<li data-sourcepos=\"20:1-21:0\"><strong>Acero inoxidable con alto contenido de carbono:<\/strong> Algunas cuchillas para rebanadoras de pan est\u00e1n hechas de acero inoxidable con alto contenido de carbono, que puede ofrecer una mejor retenci\u00f3n del filo que el acero inoxidable est\u00e1ndar y al mismo tiempo mantiene una buena resistencia a la corrosi\u00f3n.<\/li>\r\n<\/ul>\r\n<p data-sourcepos=\"22:1-22:206\">Las hojas suelen templarse para lograr el equilibrio deseado entre dureza y tenacidad. El acabado superficial suele ser liso para minimizar la fricci\u00f3n y evitar que el pan se pegue a la hoja.<\/p>\r\n<h2 data-sourcepos=\"24:1-24:35\">Formas comunes de las cuchillas de las cortadoras de pan<\/h2>\r\n<p data-sourcepos=\"26:1-26:167\">Las cuchillas de las rebanadoras de pan son casi universalmente dentadas para cortar eficazmente el interior blando y la corteza firme del pan. Las formas y configuraciones m\u00e1s comunes incluyen:<\/p>\r\n<ul data-sourcepos=\"28:1-32:0\">\r\n<li data-sourcepos=\"28:1-28:245\"><strong>Hojas dentadas rectas:<\/strong> Hojas largas y rectas con filo dentado. Son comunes en las cortadoras de pan tipo guillotina. El tama\u00f1o y la forma de los filos dentados (por ejemplo, puntiagudos o festoneados) pueden variar seg\u00fan el tipo de pan que se est\u00e9 rebanando.<\/li>\r\n<li data-sourcepos=\"29:1-29:163\"><strong>Hojas dentadas con bandas:<\/strong> Bandas continuas en bucle con bordes dentados, utilizadas en rebanadoras de pan de alta velocidad. La banda se mueve continuamente a trav\u00e9s del pan.<\/li>\r\n<li data-sourcepos=\"30:1-30:161\"><strong>Cuchillas circulares dentadas:<\/strong> Cuchillas de disco circulares con borde dentado, utilizadas en algunos tipos de equipos para cortar pan, particularmente para cortar panecillos o bollos.<\/li>\r\n<li data-sourcepos=\"31:1-32:0\"><strong>Cuchillas dentadas rec\u00edprocas:<\/strong> Cuchillas que se mueven hacia adelante y hacia atr\u00e1s con un borde dentado, que a menudo se encuentran en m\u00e1quinas cortadoras de pan peque\u00f1as o m\u00e1s antiguas.<\/li>\r\n<\/ul>\r\n<p data-sourcepos=\"33:1-33:492\">El principio de funcionamiento consiste en que el filo afilado y dentado de la cuchilla de la rebanadora crea peque\u00f1os puntos de presi\u00f3n que inician el corte. El dentado ayuda a sujetar la superficie del pan y a cortarlo, reduciendo as\u00ed el desgarro y el desmenuzamiento. En las rebanadoras de banda, el movimiento continuo de la banda dentada garantiza un corte eficiente de m\u00faltiples piezas de pan. La separaci\u00f3n y la profundidad del dentado est\u00e1n cuidadosamente dise\u00f1adas para proporcionar un corte limpio en diferentes texturas de pan.<\/p>\r\n<p>\"\u00a0<span style=\"color: #ff9900;\"><em><strong><a style=\"color: #ff9900;\" href=\"https:\/\/maxtormetal.com\/es\/contact\/\" target=\"_blank\" rel=\"noopener\">\u00a1Bienvenido a consultar!<\/a><\/strong><\/em><\/span><\/p>\r\n<p>Si no encuentra la cuchilla de tijera que busca, tambi\u00e9n podemos personalizarla, consulte nuestra \u201c<span style=\"color: #ff9900;\"><a style=\"color: #ff9900;\" href=\"https:\/\/maxtormetal.com\/es\/custom-blades\/\" target=\"_blank\" rel=\"noopener\"><em><strong>Cuchillas Personalizadas<\/strong><\/em><\/a><\/span>\u201d para saber c\u00f3mo!<\/p>\r\n<h4><span style=\"color: #ff9900;\"><a style=\"color: #ff9900;\" href=\"https:\/\/maxtormetal.com\/es\/brochures\/\" target=\"_blank\" rel=\"noopener\"><strong><em>Abrir Folletos<\/em><\/strong><\/a><\/span><\/h4>\r\n<hr \/>\r\n<h2>\u00bfPor Qu\u00e9 Elegir METAL?<\/h2>\r\n<ol>\r\n<li><strong> Servicio de Importaci\u00f3n Integral y sin Complicaciones<\/strong><\/li>\r\n<\/ol>\r\n<p>Disfrute de la comodidad de una importaci\u00f3n sin interrupciones. Desde el transporte hasta el despacho de aduanas, manejamos todo el proceso. Solo tiene que pagar el IVA y esperar la llegada de sus productos.<\/p>\r\n<ol start=\"2\">\r\n<li><strong> Precios Competitivos<\/strong><\/li>\r\n<\/ol>\r\n<p>Hemos visto nuestras cuchillas destacarse en innumerables aplicaciones y estamos listos para cualquier proyecto que nos presente. Espere precisi\u00f3n, durabilidad y precios competitivos inigualables.<\/p>\r\n<ol start=\"3\">\r\n<li><strong> ODM y OEM Disponibles<\/strong><\/li>\r\n<\/ol>\r\n<p>Ya sea que nos proporcione dibujos, bocetos o muestras, podemos dise\u00f1ar y fabricar para usted. Tambi\u00e9n tenemos la experiencia para ayudar a modificar dise\u00f1os y especificaciones existentes para mejorar casi cualquier aplicaci\u00f3n de herramientas industriales. Por favor, contacte a nuestro equipo de ventas dedicado para discutir sus requisitos espec\u00edficos.<\/p>\r\n<ol start=\"4\">\r\n<li><strong> Control de Calidad Riguroso<\/strong><\/li>\r\n<\/ol>\r\n<p>Se realiza una serie de pruebas e inspecciones para controlar la calidad, incluyendo la inspecci\u00f3n del primer art\u00edculo, la inspecci\u00f3n de material entrante y materiales certificados, la inspecci\u00f3n de calidad en proceso, y la inspecci\u00f3n de calidad final.<\/p>\r\n<ol start=\"5\">\r\n<li><strong> Adquisici\u00f3n Flexible, Cooperaci\u00f3n Ilimitada<\/strong><\/li>\r\n<\/ol>\r\n<p>Ya sea usted un importador, distribuidor, mayorista o usuario final, le damos la bienvenida. Benef\u00edciese de MOQ m\u00ednimos, consultas sin complicaciones y mayor libertad de compra.<\/p>\r\n<ol start=\"6\">\r\n<li><strong> Monitoreo en Tiempo Real del Progreso de Producci\u00f3n<\/strong><\/li>\r\n<\/ol>\r\n<p>Consid\u00e9renos su monitor exclusivo. Le proporcionaremos actualizaciones regulares sobre cada etapa crucial de su l\u00ednea de producci\u00f3n. No importa la distancia, tendr\u00e1 informaci\u00f3n en tiempo real sobre el progreso de su producto.<\/p>\r\n<hr \/>\r\n<h2>Tama\u00f1os de especificaci\u00f3n comunes:<\/h2>\r\n<p><img loading=\"lazy\" decoding=\"async\" class=\"aligncenter wp-image-5537\" src=\"https:\/\/maxtormetal.com\/wp-content\/uploads\/2023\/10\/Bread-Slicer-Blade-Specification-Sheet11.jpg\" alt=\"\" width=\"803\" height=\"347\" srcset=\"https:\/\/maxtormetal.com\/wp-content\/uploads\/2023\/10\/Bread-Slicer-Blade-Specification-Sheet11.jpg 750w, https:\/\/maxtormetal.com\/wp-content\/uploads\/2023\/10\/Bread-Slicer-Blade-Specification-Sheet11-300x130.jpg 300w, https:\/\/maxtormetal.com\/wp-content\/uploads\/2023\/10\/Bread-Slicer-Blade-Specification-Sheet11-18x8.jpg 18w, https:\/\/maxtormetal.com\/wp-content\/uploads\/2023\/10\/Bread-Slicer-Blade-Specification-Sheet11-600x259.jpg 600w\" sizes=\"(max-width: 803px) 100vw, 803px\" \/><img loading=\"lazy\" decoding=\"async\" class=\"aligncenter wp-image-5535 size-full\" src=\"https:\/\/maxtormetal.com\/wp-content\/uploads\/2023\/10\/Bread-Slicer-Blade0011.jpg\" alt=\"\" width=\"800\" height=\"800\" srcset=\"https:\/\/maxtormetal.com\/wp-content\/uploads\/2023\/10\/Bread-Slicer-Blade0011.jpg 800w, https:\/\/maxtormetal.com\/wp-content\/uploads\/2023\/10\/Bread-Slicer-Blade0011-300x300.jpg 300w, https:\/\/maxtormetal.com\/wp-content\/uploads\/2023\/10\/Bread-Slicer-Blade0011-150x150.jpg 150w, https:\/\/maxtormetal.com\/wp-content\/uploads\/2023\/10\/Bread-Slicer-Blade0011-768x768.jpg 768w, https:\/\/maxtormetal.com\/wp-content\/uploads\/2023\/10\/Bread-Slicer-Blade0011-12x12.jpg 12w, https:\/\/maxtormetal.com\/wp-content\/uploads\/2023\/10\/Bread-Slicer-Blade0011-600x600.jpg 600w, https:\/\/maxtormetal.com\/wp-content\/uploads\/2023\/10\/Bread-Slicer-Blade0011-100x100.jpg 100w\" sizes=\"(max-width: 800px) 100vw, 800px\" \/><img loading=\"lazy\" decoding=\"async\" class=\"aligncenter wp-image-5534 size-full\" src=\"https:\/\/maxtormetal.com\/wp-content\/uploads\/2023\/10\/Bread-Slicer-Blade0031.jpg\" alt=\"\" width=\"800\" height=\"800\" srcset=\"https:\/\/maxtormetal.com\/wp-content\/uploads\/2023\/10\/Bread-Slicer-Blade0031.jpg 800w, https:\/\/maxtormetal.com\/wp-content\/uploads\/2023\/10\/Bread-Slicer-Blade0031-300x300.jpg 300w, https:\/\/maxtormetal.com\/wp-content\/uploads\/2023\/10\/Bread-Slicer-Blade0031-150x150.jpg 150w, https:\/\/maxtormetal.com\/wp-content\/uploads\/2023\/10\/Bread-Slicer-Blade0031-768x768.jpg 768w, https:\/\/maxtormetal.com\/wp-content\/uploads\/2023\/10\/Bread-Slicer-Blade0031-12x12.jpg 12w, https:\/\/maxtormetal.com\/wp-content\/uploads\/2023\/10\/Bread-Slicer-Blade0031-600x600.jpg 600w, https:\/\/maxtormetal.com\/wp-content\/uploads\/2023\/10\/Bread-Slicer-Blade0031-100x100.jpg 100w\" sizes=\"(max-width: 800px) 100vw, 800px\" \/><img loading=\"lazy\" decoding=\"async\" class=\"aligncenter wp-image-5532 size-full\" src=\"https:\/\/maxtormetal.com\/wp-content\/uploads\/2023\/10\/Bread-slicer-blade1.jpg\" alt=\"\" width=\"800\" height=\"800\" srcset=\"https:\/\/maxtormetal.com\/wp-content\/uploads\/2023\/10\/Bread-slicer-blade1.jpg 800w, https:\/\/maxtormetal.com\/wp-content\/uploads\/2023\/10\/Bread-slicer-blade1-300x300.jpg 300w, https:\/\/maxtormetal.com\/wp-content\/uploads\/2023\/10\/Bread-slicer-blade1-150x150.jpg 150w, https:\/\/maxtormetal.com\/wp-content\/uploads\/2023\/10\/Bread-slicer-blade1-768x768.jpg 768w, https:\/\/maxtormetal.com\/wp-content\/uploads\/2023\/10\/Bread-slicer-blade1-12x12.jpg 12w, https:\/\/maxtormetal.com\/wp-content\/uploads\/2023\/10\/Bread-slicer-blade1-600x600.jpg 600w, https:\/\/maxtormetal.com\/wp-content\/uploads\/2023\/10\/Bread-slicer-blade1-100x100.jpg 100w\" sizes=\"(max-width: 800px) 100vw, 800px\" \/> <img loading=\"lazy\" decoding=\"async\" class=\"aligncenter wp-image-5533 size-full\" src=\"https:\/\/maxtormetal.com\/wp-content\/uploads\/2023\/10\/Bread-slicer-blade11.jpg\" alt=\"\" width=\"800\" height=\"800\" srcset=\"https:\/\/maxtormetal.com\/wp-content\/uploads\/2023\/10\/Bread-slicer-blade11.jpg 800w, https:\/\/maxtormetal.com\/wp-content\/uploads\/2023\/10\/Bread-slicer-blade11-300x300.jpg 300w, https:\/\/maxtormetal.com\/wp-content\/uploads\/2023\/10\/Bread-slicer-blade11-150x150.jpg 150w, https:\/\/maxtormetal.com\/wp-content\/uploads\/2023\/10\/Bread-slicer-blade11-768x768.jpg 768w, https:\/\/maxtormetal.com\/wp-content\/uploads\/2023\/10\/Bread-slicer-blade11-12x12.jpg 12w, https:\/\/maxtormetal.com\/wp-content\/uploads\/2023\/10\/Bread-slicer-blade11-600x600.jpg 600w, https:\/\/maxtormetal.com\/wp-content\/uploads\/2023\/10\/Bread-slicer-blade11-100x100.jpg 100w\" sizes=\"(max-width: 800px) 100vw, 800px\" \/> \u00a0\u00a0\u00a0<\/p>","protected":false},"excerpt":{"rendered":"<p>What do Bread Slicer Blades Mean? Bread slicer blades, also known as bread cutting blades or bakery slicer knives, are specialized cutting tools designed for use in bread slicing machines. These machines are used in bakeries, grocery stores, and food processing facilities to efficiently and uniformly slice loaves of bread into consistent thicknesses. Bread slicer [&hellip;]<\/p>","protected":false},"featured_media":2958,"template":"","meta":[],"product_cat":[105,108,109],"product_tag":[432],"yoast_head":"<!-- This site is optimized with the Yoast SEO Premium plugin v23.6 (Yoast SEO v23.6) - https:\/\/yoast.com\/wordpress\/plugins\/seo\/ -->\n<title>Bread Slicer Blades<\/title>\n<meta name=\"description\" content=\"Discover our high-tech bread slicer blades, crafted for bakeries and industrial machines, ensuring precision and durability in every cut.\" \/>\n<meta name=\"robots\" content=\"index, follow, max-snippet:-1, max-image-preview:large, max-video-preview:-1\" \/>\n<link rel=\"canonical\" href=\"https:\/\/maxtormetal.com\/es\/producto\/cuchillas-para-rebanadoras-de-pan\/\" \/>\n<meta property=\"og:locale\" content=\"es_ES\" \/>\n<meta property=\"og:type\" content=\"article\" \/>\n<meta property=\"og:title\" content=\"Bread Slicer Blades\" \/>\n<meta property=\"og:description\" content=\"Discover our high-tech bread slicer blades, crafted for bakeries and industrial machines, ensuring precision and durability in every cut.\" \/>\n<meta property=\"og:url\" content=\"https:\/\/maxtormetal.com\/es\/producto\/cuchillas-para-rebanadoras-de-pan\/\" \/>\n<meta property=\"og:site_name\" content=\"Metal Industrial, Industrial Blade Manufacturer, Cutting Knives and blades, Machine Knives and blades supplier, Custom Blades solution\" \/>\n<meta property=\"article:publisher\" content=\"https:\/\/www.facebook.com\/mengli.tang.3\" \/>\n<meta property=\"article:modified_time\" content=\"2025-05-06T10:28:54+00:00\" \/>\n<meta property=\"og:image\" content=\"https:\/\/maxtormetal.com\/wp-content\/uploads\/2023\/10\/Bread-slicer-blades-main1.jpg\" \/>\n\t<meta property=\"og:image:width\" content=\"800\" \/>\n\t<meta property=\"og:image:height\" content=\"800\" \/>\n\t<meta property=\"og:image:type\" content=\"image\/jpeg\" \/>\n<meta name=\"twitter:card\" content=\"summary_large_image\" \/>\n<meta name=\"twitter:site\" content=\"@MengliT13570\" \/>\n<script type=\"application\/ld+json\" class=\"yoast-schema-graph\">{\"@context\":\"https:\/\/schema.org\",\"@graph\":[{\"@type\":[\"WebPage\",\"ItemPage\"],\"@id\":\"https:\/\/maxtormetal.com\/product\/bread-slicer-blades\/\",\"url\":\"https:\/\/maxtormetal.com\/product\/bread-slicer-blades\/\",\"name\":\"Bread Slicer Blades\",\"isPartOf\":{\"@id\":\"https:\/\/maxtormetal.com\/fr\/#website\"},\"primaryImageOfPage\":{\"@id\":\"https:\/\/maxtormetal.com\/product\/bread-slicer-blades\/#primaryimage\"},\"image\":{\"@id\":\"https:\/\/maxtormetal.com\/product\/bread-slicer-blades\/#primaryimage\"},\"thumbnailUrl\":\"https:\/\/maxtormetal.com\/wp-content\/uploads\/2023\/10\/Bread-slicer-blades-main1.jpg\",\"datePublished\":\"2023-10-06T08:45:36+00:00\",\"dateModified\":\"2025-05-06T10:28:54+00:00\",\"description\":\"Discover our high-tech bread slicer blades, crafted for bakeries and industrial machines, ensuring precision and durability in every cut.\",\"breadcrumb\":{\"@id\":\"https:\/\/maxtormetal.com\/product\/bread-slicer-blades\/#breadcrumb\"},\"inLanguage\":\"es\",\"potentialAction\":[{\"@type\":\"ReadAction\",\"target\":[\"https:\/\/maxtormetal.com\/product\/bread-slicer-blades\/\"]}]},{\"@type\":\"ImageObject\",\"inLanguage\":\"es\",\"@id\":\"https:\/\/maxtormetal.com\/product\/bread-slicer-blades\/#primaryimage\",\"url\":\"https:\/\/maxtormetal.com\/wp-content\/uploads\/2023\/10\/Bread-slicer-blades-main1.jpg\",\"contentUrl\":\"https:\/\/maxtormetal.com\/wp-content\/uploads\/2023\/10\/Bread-slicer-blades-main1.jpg\",\"width\":800,\"height\":800,\"caption\":\"bread-slicer-blades-main\"},{\"@type\":\"BreadcrumbList\",\"@id\":\"https:\/\/maxtormetal.com\/product\/bread-slicer-blades\/#breadcrumb\",\"itemListElement\":[{\"@type\":\"ListItem\",\"position\":1,\"name\":\"Home\",\"item\":\"https:\/\/maxtormetal.com\/\"},{\"@type\":\"ListItem\",\"position\":2,\"name\":\"Products\",\"item\":\"https:\/\/maxtormetal.com\/products\/\"},{\"@type\":\"ListItem\",\"position\":3,\"name\":\"Bread Slicer Blades\"}]},{\"@type\":\"WebSite\",\"@id\":\"https:\/\/maxtormetal.com\/fr\/#website\",\"url\":\"https:\/\/maxtormetal.com\/fr\/\",\"name\":\"Metal Industrial, Industrial Blade Manufacturer, Cutting Knives and blades, Machine Knives and blades supplier, Custom Blades solution\",\"description\":\"Mechanical blades and knives supplier for all machines made by China\",\"publisher\":{\"@id\":\"https:\/\/maxtormetal.com\/fr\/#organization\"},\"potentialAction\":[{\"@type\":\"SearchAction\",\"target\":{\"@type\":\"EntryPoint\",\"urlTemplate\":\"https:\/\/maxtormetal.com\/fr\/?s={search_term_string}\"},\"query-input\":{\"@type\":\"PropertyValueSpecification\",\"valueRequired\":true,\"valueName\":\"search_term_string\"}}],\"inLanguage\":\"es\"},{\"@type\":[\"Organization\",\"Place\"],\"@id\":\"https:\/\/maxtormetal.com\/fr\/#organization\",\"name\":\"Nanjing Metal Industrial CO., Limited\",\"alternateName\":\"Metal Industrial\",\"url\":\"https:\/\/maxtormetal.com\/fr\/\",\"logo\":{\"@id\":\"https:\/\/maxtormetal.com\/product\/bread-slicer-blades\/#local-main-organization-logo\"},\"image\":{\"@id\":\"https:\/\/maxtormetal.com\/product\/bread-slicer-blades\/#local-main-organization-logo\"},\"sameAs\":[\"https:\/\/www.facebook.com\/mengli.tang.3\",\"https:\/\/x.com\/MengliT13570\",\"https:\/\/www.linkedin.com\/in\/metalindustrial\/\"],\"description\":\"NanjingMetal is specialized in manufacturing and supplying industrial blades and knives, and its main business is to provide customers with customized industrial blades to meet their specific needs. With an experienced design and production team, we utilize the supply chain advantage in China to provide customers with competitive high quality industrial blades and knives.\",\"legalName\":\"Nanjing Metal Industrial CO., Limited\",\"foundingDate\":\"2006-02-18\",\"numberOfEmployees\":{\"@type\":\"QuantitativeValue\",\"minValue\":\"11\",\"maxValue\":\"50\"},\"telephone\":[],\"openingHoursSpecification\":[{\"@type\":\"OpeningHoursSpecification\",\"dayOfWeek\":[\"Monday\",\"Tuesday\",\"Wednesday\",\"Thursday\",\"Friday\",\"Saturday\",\"Sunday\"],\"opens\":\"09:00\",\"closes\":\"17:00\"}]},{\"@type\":\"ImageObject\",\"inLanguage\":\"es\",\"@id\":\"https:\/\/maxtormetal.com\/product\/bread-slicer-blades\/#local-main-organization-logo\",\"url\":\"https:\/\/maxtormetal.com\/wp-content\/uploads\/2023\/08\/cropped-cropped-logo-\u526f\u672c-\u526f\u672c-e1693303172756-1.png\",\"contentUrl\":\"https:\/\/maxtormetal.com\/wp-content\/uploads\/2023\/08\/cropped-cropped-logo-\u526f\u672c-\u526f\u672c-e1693303172756-1.png\",\"width\":441,\"height\":132,\"caption\":\"Nanjing Metal Industrial CO., Limited\"}]}<\/script>\n<!-- \/ Yoast SEO Premium plugin. -->","yoast_head_json":{"title":"Bread Slicer Blades","description":"Discover our high-tech bread slicer blades, crafted for bakeries and industrial machines, ensuring precision and durability in every cut.","robots":{"index":"index","follow":"follow","max-snippet":"max-snippet:-1","max-image-preview":"max-image-preview:large","max-video-preview":"max-video-preview:-1"},"canonical":"https:\/\/maxtormetal.com\/es\/producto\/cuchillas-para-rebanadoras-de-pan\/","og_locale":"es_ES","og_type":"article","og_title":"Bread Slicer Blades","og_description":"Discover our high-tech bread slicer blades, crafted for bakeries and industrial machines, ensuring precision and durability in every cut.","og_url":"https:\/\/maxtormetal.com\/es\/producto\/cuchillas-para-rebanadoras-de-pan\/","og_site_name":"Metal Industrial, Industrial Blade Manufacturer, Cutting Knives and blades, Machine Knives and blades supplier, Custom Blades solution","article_publisher":"https:\/\/www.facebook.com\/mengli.tang.3","article_modified_time":"2025-05-06T10:28:54+00:00","og_image":[{"width":800,"height":800,"url":"https:\/\/maxtormetal.com\/wp-content\/uploads\/2023\/10\/Bread-slicer-blades-main1.jpg","type":"image\/jpeg"}],"twitter_card":"summary_large_image","twitter_site":"@MengliT13570","schema":{"@context":"https:\/\/schema.org","@graph":[{"@type":["WebPage","ItemPage"],"@id":"https:\/\/maxtormetal.com\/product\/bread-slicer-blades\/","url":"https:\/\/maxtormetal.com\/product\/bread-slicer-blades\/","name":"Bread Slicer Blades","isPartOf":{"@id":"https:\/\/maxtormetal.com\/fr\/#website"},"primaryImageOfPage":{"@id":"https:\/\/maxtormetal.com\/product\/bread-slicer-blades\/#primaryimage"},"image":{"@id":"https:\/\/maxtormetal.com\/product\/bread-slicer-blades\/#primaryimage"},"thumbnailUrl":"https:\/\/maxtormetal.com\/wp-content\/uploads\/2023\/10\/Bread-slicer-blades-main1.jpg","datePublished":"2023-10-06T08:45:36+00:00","dateModified":"2025-05-06T10:28:54+00:00","description":"Discover our high-tech bread slicer blades, crafted for bakeries and industrial machines, ensuring precision and durability in every cut.","breadcrumb":{"@id":"https:\/\/maxtormetal.com\/product\/bread-slicer-blades\/#breadcrumb"},"inLanguage":"es","potentialAction":[{"@type":"ReadAction","target":["https:\/\/maxtormetal.com\/product\/bread-slicer-blades\/"]}]},{"@type":"ImageObject","inLanguage":"es","@id":"https:\/\/maxtormetal.com\/product\/bread-slicer-blades\/#primaryimage","url":"https:\/\/maxtormetal.com\/wp-content\/uploads\/2023\/10\/Bread-slicer-blades-main1.jpg","contentUrl":"https:\/\/maxtormetal.com\/wp-content\/uploads\/2023\/10\/Bread-slicer-blades-main1.jpg","width":800,"height":800,"caption":"bread-slicer-blades-main"},{"@type":"BreadcrumbList","@id":"https:\/\/maxtormetal.com\/product\/bread-slicer-blades\/#breadcrumb","itemListElement":[{"@type":"ListItem","position":1,"name":"Home","item":"https:\/\/maxtormetal.com\/"},{"@type":"ListItem","position":2,"name":"Products","item":"https:\/\/maxtormetal.com\/products\/"},{"@type":"ListItem","position":3,"name":"Bread Slicer Blades"}]},{"@type":"WebSite","@id":"https:\/\/maxtormetal.com\/fr\/#website","url":"https:\/\/maxtormetal.com\/fr\/","name":"Metal Industrial, Industrial Blade Manufacturer, Cutting Knives and blades, Machine Knives and blades supplier, Custom Blades solution","description":"Mechanical blades and knives supplier for all machines made by China","publisher":{"@id":"https:\/\/maxtormetal.com\/fr\/#organization"},"potentialAction":[{"@type":"SearchAction","target":{"@type":"EntryPoint","urlTemplate":"https:\/\/maxtormetal.com\/fr\/?s={search_term_string}"},"query-input":{"@type":"PropertyValueSpecification","valueRequired":true,"valueName":"search_term_string"}}],"inLanguage":"es"},{"@type":["Organization","Place"],"@id":"https:\/\/maxtormetal.com\/fr\/#organization","name":"Nanjing Metal Industrial CO., Limited","alternateName":"Metal Industrial","url":"https:\/\/maxtormetal.com\/fr\/","logo":{"@id":"https:\/\/maxtormetal.com\/product\/bread-slicer-blades\/#local-main-organization-logo"},"image":{"@id":"https:\/\/maxtormetal.com\/product\/bread-slicer-blades\/#local-main-organization-logo"},"sameAs":["https:\/\/www.facebook.com\/mengli.tang.3","https:\/\/x.com\/MengliT13570","https:\/\/www.linkedin.com\/in\/metalindustrial\/"],"description":"NanjingMetal is specialized in manufacturing and supplying industrial blades and knives, and its main business is to provide customers with customized industrial blades to meet their specific needs. With an experienced design and production team, we utilize the supply chain advantage in China to provide customers with competitive high quality industrial blades and knives.","legalName":"Nanjing Metal Industrial CO., Limited","foundingDate":"2006-02-18","numberOfEmployees":{"@type":"QuantitativeValue","minValue":"11","maxValue":"50"},"telephone":[],"openingHoursSpecification":[{"@type":"OpeningHoursSpecification","dayOfWeek":["Monday","Tuesday","Wednesday","Thursday","Friday","Saturday","Sunday"],"opens":"09:00","closes":"17:00"}]},{"@type":"ImageObject","inLanguage":"es","@id":"https:\/\/maxtormetal.com\/product\/bread-slicer-blades\/#local-main-organization-logo","url":"https:\/\/maxtormetal.com\/wp-content\/uploads\/2023\/08\/cropped-cropped-logo-\u526f\u672c-\u526f\u672c-e1693303172756-1.png","contentUrl":"https:\/\/maxtormetal.com\/wp-content\/uploads\/2023\/08\/cropped-cropped-logo-\u526f\u672c-\u526f\u672c-e1693303172756-1.png","width":441,"height":132,"caption":"Nanjing Metal Industrial CO., Limited"}]}},"_links":{"self":[{"href":"https:\/\/maxtormetal.com\/es\/wp-json\/wp\/v2\/product\/3009"}],"collection":[{"href":"https:\/\/maxtormetal.com\/es\/wp-json\/wp\/v2\/product"}],"about":[{"href":"https:\/\/maxtormetal.com\/es\/wp-json\/wp\/v2\/types\/product"}],"wp:featuredmedia":[{"embeddable":true,"href":"https:\/\/maxtormetal.com\/es\/wp-json\/wp\/v2\/media\/2958"}],"wp:attachment":[{"href":"https:\/\/maxtormetal.com\/es\/wp-json\/wp\/v2\/media?parent=3009"}],"wp:term":[{"taxonomy":"product_cat","embeddable":true,"href":"https:\/\/maxtormetal.com\/es\/wp-json\/wp\/v2\/product_cat?post=3009"},{"taxonomy":"product_tag","embeddable":true,"href":"https:\/\/maxtormetal.com\/es\/wp-json\/wp\/v2\/product_tag?post=3009"}],"curies":[{"name":"wp","href":"https:\/\/api.w.org\/{rel}","templated":true}]}}