{"id":3024,"date":"2023-10-06T17:01:29","date_gmt":"2023-10-06T09:01:29","guid":{"rendered":"https:\/\/maxtormetal.com\/?post_type=product&#038;p=3024"},"modified":"2025-05-22T21:49:19","modified_gmt":"2025-05-22T13:49:19","slug":"cuchillas-para-procesamiento-de-pollo","status":"publish","type":"product","link":"https:\/\/maxtormetal.com\/es\/producto\/cuchillas-para-procesamiento-de-pollo\/","title":{"rendered":"Cuchillas para Procesamiento de Aves"},"content":{"rendered":"<h3 data-sourcepos=\"3:1-3:43\">\u00bfQu\u00e9 significan las cuchillas para procesamiento de pollo?<\/h3>\r\n<p data-sourcepos=\"5:1-5:974\">El t\u00e9rmino &quot;Cuchillas para Procesamiento de Pollo&quot; se refiere a una categor\u00eda especializada de cuchillas de corte industriales dise\u00f1adas espec\u00edficamente para su uso en maquinaria de procesamiento de pollos. Estas cuchillas est\u00e1n dise\u00f1adas para realizar diversas tareas de corte, rebanado y porcionado de forma eficiente e higi\u00e9nica en plantas de procesamiento de pollo de gran volumen. El dise\u00f1o de las cuchillas para procesamiento av\u00edcola prioriza el afilado para cortes limpios, la durabilidad para soportar un uso continuo y el uso de materiales que cumplen con estrictas normas de seguridad alimentaria para prevenir la contaminaci\u00f3n. El significado espec\u00edfico suele implicar cuchillas capaces de manipular diferentes partes del pollo, desde aves enteras hasta piezas individuales, con precisi\u00f3n y rapidez. Cuchilla para Procesamiento de Pollo<strong>s<\/strong> Tambi\u00e9n se las denomina a veces \u201ccuchillas para procesamiento de aves de corral\u201d, \u201ccuchillas para cortar pollos (en un contexto industrial)\u201d, \u201ccuchillas para sacrificio de aves de corral\u201d o \u201ccuchillas para porcionar pollos\u201d, seg\u00fan la aplicaci\u00f3n espec\u00edfica dentro de la l\u00ednea de procesamiento.<\/p>\r\n<h3 data-sourcepos=\"7:1-7:54\">Usos y aplicaciones de las cuchillas para procesamiento de pollo<\/h3>\r\n<p data-sourcepos=\"9:1-9:278\">Las cuchillas para procesamiento de pollo son herramientas esenciales en las instalaciones modernas de procesamiento av\u00edcola, ya que realizan una amplia gama de tareas de corte automatizadas y semiautomatizadas. Sus dise\u00f1os espec\u00edficos se adaptan a las diferentes etapas de la l\u00ednea de procesamiento. Sus principales usos y aplicaciones incluyen:<\/p>\r\n<ul data-sourcepos=\"11:1-18:0\">\r\n<li data-sourcepos=\"11:1-11:188\"><strong>Sacrificio y evisceraci\u00f3n:<\/strong> Se utilizan cuchillas robustas para el procesamiento de aves de corral en sistemas automatizados para las etapas iniciales de corte y separaci\u00f3n, incluido el corte del cuello y la apertura del respiradero.<\/li>\r\n<li data-sourcepos=\"12:1-12:180\"><strong>Porci\u00f3n de ave entera:<\/strong> Se utilizan cuchillas especializadas para cortar pollos enteros en varias partes, como pechugas, muslos, contramuslos y alas, con precisi\u00f3n y consistencia.<\/li>\r\n<li data-sourcepos=\"13:1-13:180\"><strong>Deshuesado:<\/strong> Las cuchillas de procesamiento de pollo con formas intrincadas se utilizan en procesos de deshuesado automatizados y manuales para separar eficientemente la carne de los huesos y minimizar el desperdicio.<\/li>\r\n<li data-sourcepos=\"14:1-14:163\"><strong>Fileteado y rebanado:<\/strong> Se utilizan cuchillas afiladas y precisas para crear filetes, tiras y otros cortes espec\u00edficos de carne de pollo para la venta minorista o para su posterior procesamiento.<\/li>\r\n<li data-sourcepos=\"15:1-15:144\"><strong>Guarnici\u00f3n:<\/strong> Se utilizan cuchillas de procesamiento de aves m\u00e1s peque\u00f1as y maniobrables para recortar el exceso de grasa, piel o imperfecciones de las partes del pollo.<\/li>\r\n<li data-sourcepos=\"16:1-16:109\"><strong>Desollado:<\/strong> Las cuchillas especializadas est\u00e1n dise\u00f1adas para la eliminaci\u00f3n eficiente de la piel de varias partes del pollo.<\/li>\r\n<li data-sourcepos=\"17:1-18:0\"><strong>Procesamiento posterior:<\/strong> Las cuchillas se utilizan en m\u00e1quinas que cortan en cubitos, muelen o procesan de otro modo la carne de pollo para convertirla en productos como nuggets o salchichas.<\/li>\r\n<\/ul>\r\n<p data-sourcepos=\"19:1-19:214\">El dise\u00f1o, el tama\u00f1o y el material espec\u00edficos de la cuchilla para procesamiento de pollo est\u00e1n determinados por la tarea espec\u00edfica que debe realizar, la velocidad de la l\u00ednea de procesamiento y los est\u00e1ndares de higiene de la industria alimentaria.<\/p>\r\n<h3 data-sourcepos=\"21:1-21:50\">Materiales comunes para cuchillas de procesamiento de pollo<\/h3>\r\n<p data-sourcepos=\"23:1-23:221\">Los materiales utilizados en la fabricaci\u00f3n de cuchillas para procesamiento de pollo son fundamentales para garantizar el afilado, la durabilidad, la resistencia a la corrosi\u00f3n y el cumplimiento de las estrictas normas de seguridad alimentaria. Entre los materiales m\u00e1s comunes se incluyen:<\/p>\r\n<ul data-sourcepos=\"25:1-29:0\">\r\n<li data-sourcepos=\"25:1-25:349\"><strong>Acero inoxidable de alta calidad:<\/strong> Este es el material m\u00e1s com\u00fan debido a su excelente resistencia a la corrosi\u00f3n, su capacidad de afilado fino y su cumplimiento con las normas de calidad alimentaria (p. ej., series 304, 420 y 440). Los diferentes grados ofrecen distintos niveles de dureza y retenci\u00f3n de filo para aplicaciones espec\u00edficas de cuchillas para el procesamiento av\u00edcola.<\/li>\r\n<li data-sourcepos=\"26:1-26:227\"><strong>Acero inoxidable martens\u00edtico:<\/strong> Ciertos grados de acero inoxidable martens\u00edtico pueden tratarse t\u00e9rmicamente para lograr una alta dureza y una excelente retenci\u00f3n del filo, lo que los hace adecuados para tareas de corte exigentes en el procesamiento de pollos.<\/li>\r\n<li data-sourcepos=\"27:1-27:235\"><strong>Materiales cer\u00e1micos:<\/strong> En algunas aplicaciones especializadas, se pueden utilizar cuchillas de cer\u00e1mica para procesamiento de pollo debido a su extrema dureza, resistencia al desgaste e inercia, lo que evita cualquier contaminaci\u00f3n met\u00e1lica del pollo procesado.<\/li>\r\n<li data-sourcepos=\"28:1-29:0\"><strong>Acero Inoxidable Recubierto:<\/strong> Para mejorar la resistencia al desgaste y reducir la fricci\u00f3n, algunas cuchillas de acero inoxidable para procesamiento de aves de corral pueden tener recubrimientos como nitruro de titanio u otros materiales seguros para los alimentos.<\/li>\r\n<\/ul>\r\n<p data-sourcepos=\"30:1-30:289\">La selecci\u00f3n del material adecuado para las cuchillas de procesamiento av\u00edcola depende de la tarea de corte espec\u00edfica, el volumen de procesamiento, los procedimientos de limpieza y saneamiento, y la rentabilidad general. La certificaci\u00f3n de calidad alimentaria es un requisito fundamental para todos los materiales utilizados.<\/p>\r\n<h3 data-sourcepos=\"32:1-32:46\">Formas comunes de cuchillas para procesar pollo<\/h3>\r\n<p data-sourcepos=\"34:1-34:181\">Las cuchillas para procesamiento de pollo vienen en una amplia variedad de formas y tama\u00f1os, cada una optimizada para cortes espec\u00edficos dentro de la l\u00ednea de procesamiento de pollo. Algunas formas comunes incluyen:<\/p>\r\n<ul data-sourcepos=\"36:1-43:0\">\r\n<li data-sourcepos=\"36:1-36:185\"><strong>Cuchillas circulares:<\/strong> Se utiliza en cortadoras rotativas para cortar aves enteras o rebanar carne. Disponibles en diferentes di\u00e1metros y perfiles de dientes para diversas necesidades de corte.<\/li>\r\n<li data-sourcepos=\"37:1-37:172\"><strong>Hojas rectas:<\/strong> Se utiliza en m\u00e1quinas de corte lineal para tareas como filetear, recortar y porcionar. La longitud y el grosor de la cuchilla var\u00edan seg\u00fan la aplicaci\u00f3n.<\/li>\r\n<li data-sourcepos=\"38:1-38:171\"><strong>Cuchillas Curvas:<\/strong> Dise\u00f1ado para acciones de corte espec\u00edficas, como deshuesar o desollar, lo que permite seguir el contorno y separar eficientemente la carne del hueso o la piel.<\/li>\r\n<li data-sourcepos=\"39:1-39:98\"><strong>Cuchillas en forma de V:<\/strong> Se utiliza para realizar cortes en V limpios y precisos, a menudo en aplicaciones de porcionado.<\/li>\r\n<li data-sourcepos=\"40:1-40:152\"><strong>Hojas festoneadas o dentadas:<\/strong> Se utiliza para agarrar y cortar la piel y el cart\u00edlago de manera efectiva, a menudo en etapas de porcionado o corte inicial.<\/li>\r\n<li data-sourcepos=\"41:1-41:142\"><strong>Cuchillas de troquelado:<\/strong> Cuchillas con formas personalizadas que se utilizan en m\u00e1quinas de estampaci\u00f3n o troquelado para crear formas o porciones espec\u00edficas de carne de pollo.<\/li>\r\n<li data-sourcepos=\"42:1-43:0\"><strong>Cuchillas de deshuesado especializadas:<\/strong> Cuchillas de forma intrincada dise\u00f1adas para navegar por la estructura \u00f3sea y separar la carne de manera eficiente con un m\u00ednimo desperdicio.<\/li>\r\n<\/ul>\r\n<p data-sourcepos=\"44:1-44:266\">La forma espec\u00edfica de la cuchilla para procesamiento de pollo depende de la maquinaria automatizada en la que se utiliza y de la precisi\u00f3n de corte requerida para la etapa espec\u00edfica del procesamiento. La higiene y la facilidad de limpieza tambi\u00e9n son consideraciones importantes de dise\u00f1o.<\/p>\r\n<p>Si no encuentra la cuchilla que busca, tambi\u00e9n podemos personalizarla. \u00a1Consulte nuestras <span style=\"color: #ff9900;\">&quot;<a style=\"color: #ff9900;\" href=\"https:\/\/maxtormetal.com\/es\/custom-blades\/\" target=\"_blank\" rel=\"noopener\"><em><strong>Cuchillas Personalizadas<\/strong><\/em><\/a>&quot;<\/span> para saber c\u00f3mo!\u00a0<span style=\"color: #ff9900;\"><em><strong><a style=\"color: #ff9900;\" href=\"https:\/\/maxtormetal.com\/es\/contact\/\" target=\"_blank\" rel=\"noopener\">\u00a1Bienvenido a consultar!<\/a><\/strong><\/em><\/span><\/p>\r\n<h4><a href=\"https:\/\/maxtormetal.com\/es\/brochures\/\" target=\"_blank\" rel=\"noopener\"><strong><em><span style=\"color: #ff9900;\">Abrir Folletos<\/span><\/em><\/strong><\/a><\/h4>\r\n<hr \/>\r\n<h2>\u00bfPor Qu\u00e9 Elegir METAL?<\/h2>\r\n<ol>\r\n<li>\r\n<h3><strong> Servicio de Importaci\u00f3n Integral y sin Complicaciones<\/strong><\/h3>\r\n<\/li>\r\n<\/ol>\r\n<p>Disfrute de la comodidad de una importaci\u00f3n sin interrupciones. Desde el transporte hasta el despacho de aduanas, manejamos todo el proceso. Solo tiene que pagar el IVA y esperar la llegada de sus productos.<\/p>\r\n<ol start=\"2\">\r\n<li>\r\n<h3><strong> Precios Competitivos<\/strong><\/h3>\r\n<\/li>\r\n<\/ol>\r\n<p>Hemos visto nuestras cuchillas destacarse en innumerables aplicaciones y estamos listos para cualquier proyecto que nos presente. Espere precisi\u00f3n, durabilidad y precios competitivos inigualables.<\/p>\r\n<ol start=\"3\">\r\n<li>\r\n<h3><strong> ODM y OEM Disponibles<\/strong><\/h3>\r\n<\/li>\r\n<\/ol>\r\n<p>Ya sea que nos proporcione dibujos, bocetos o muestras, podemos dise\u00f1ar y fabricar para usted. Tambi\u00e9n tenemos la experiencia para ayudar a modificar dise\u00f1os y especificaciones existentes para mejorar casi cualquier aplicaci\u00f3n de herramientas industriales. Por favor, contacte a nuestro equipo de ventas dedicado para discutir sus requisitos espec\u00edficos.<\/p>\r\n<ol start=\"4\">\r\n<li>\r\n<h3><strong> Control de Calidad Riguroso<\/strong><\/h3>\r\n<\/li>\r\n<\/ol>\r\n<p>Se realiza una serie de pruebas e inspecciones para controlar la calidad, incluyendo la inspecci\u00f3n del primer art\u00edculo, la inspecci\u00f3n de material entrante y materiales certificados, la inspecci\u00f3n de calidad en proceso, y la inspecci\u00f3n de calidad final.<\/p>\r\n<ol start=\"5\">\r\n<li>\r\n<h3><strong> Adquisici\u00f3n Flexible, Cooperaci\u00f3n Ilimitada<\/strong><\/h3>\r\n<\/li>\r\n<\/ol>\r\n<p>Ya sea usted un importador, distribuidor, mayorista o usuario final, le damos la bienvenida. Benef\u00edciese de MOQ m\u00ednimos, consultas sin complicaciones y mayor libertad de compra.<\/p>\r\n<ol start=\"6\">\r\n<li>\r\n<h3><strong> Monitoreo en Tiempo Real del Progreso de Producci\u00f3n<\/strong><\/h3>\r\n<\/li>\r\n<\/ol>\r\n<p>Consid\u00e9renos su monitor exclusivo. Le proporcionaremos actualizaciones regulares sobre cada etapa crucial de su l\u00ednea de producci\u00f3n. No importa la distancia, tendr\u00e1 informaci\u00f3n en tiempo real sobre el progreso de su producto.<\/p>\r\n<hr \/>\r\n<p><iframe loading=\"lazy\" title=\"Cuchilla cortadora de verduras para m\u00e1quina cortadora de alimentos con material de acero inoxidable\" width=\"800\" height=\"600\" src=\"https:\/\/www.youtube.com\/embed\/18ZhKuoGCNA?feature=oembed&#038;enablejsapi=1&#038;origin=https:\/\/maxtormetal.com\" frameborder=\"0\" allow=\"accelerometer; autoplay; clipboard-write; encrypted-media; gyroscope; picture-in-picture; web-share\" referrerpolicy=\"strict-origin-when-cross-origin\" allowfullscreen><\/iframe><\/p>","protected":false},"excerpt":{"rendered":"<p>What do Chicken Processing Blades Mean? The term &#8220;Chicken Processing Blades&#8221; refers to a specialized category of industrial cutting blades designed specifically for use in machinery involved in the processing of chickens. These blades are engineered to perform various cutting, slicing, and portioning tasks efficiently and hygienically within high-volume chicken processing plants. The design of [&hellip;]<\/p>","protected":false},"featured_media":3027,"template":"","meta":[],"product_cat":[110,114,105,109],"product_tag":[428,427],"yoast_head":"<!-- This site is optimized with the Yoast SEO Premium plugin v23.6 (Yoast SEO v23.6) - https:\/\/yoast.com\/wordpress\/plugins\/seo\/ -->\n<title>Chicken Processing Blades - Metal Industrial, Industrial Blade Manufacturer, Cutting Knives and blades, Machine Knives and blades supplier, Custom Blades solution<\/title>\n<meta name=\"description\" content=\"Discover high-quality Chicken Processing Blades designed for efficient and hygienic poultry processing. Explore our range of food-grade blades.\" \/>\n<meta name=\"robots\" content=\"index, follow, max-snippet:-1, max-image-preview:large, max-video-preview:-1\" \/>\n<link rel=\"canonical\" href=\"https:\/\/maxtormetal.com\/es\/producto\/cuchillas-para-procesamiento-de-pollo\/\" \/>\n<meta property=\"og:locale\" content=\"es_ES\" \/>\n<meta property=\"og:type\" content=\"article\" \/>\n<meta property=\"og:title\" content=\"Chicken Processing Blades\" \/>\n<meta property=\"og:description\" content=\"Discover high-quality Chicken Processing Blades designed for efficient and hygienic poultry processing. Explore our range of food-grade blades.\" \/>\n<meta property=\"og:url\" content=\"https:\/\/maxtormetal.com\/es\/producto\/cuchillas-para-procesamiento-de-pollo\/\" \/>\n<meta property=\"og:site_name\" content=\"Metal Industrial, Industrial Blade Manufacturer, Cutting Knives and blades, Machine Knives and blades supplier, Custom Blades solution\" \/>\n<meta property=\"article:publisher\" content=\"https:\/\/www.facebook.com\/mengli.tang.3\" \/>\n<meta property=\"article:modified_time\" content=\"2025-05-22T13:49:19+00:00\" \/>\n<meta property=\"og:image\" content=\"https:\/\/maxtormetal.com\/wp-content\/uploads\/2023\/10\/Chicken-processing-blades-main1.jpg\" \/>\n\t<meta property=\"og:image:width\" content=\"800\" \/>\n\t<meta property=\"og:image:height\" content=\"800\" \/>\n\t<meta property=\"og:image:type\" content=\"image\/jpeg\" \/>\n<meta name=\"twitter:card\" content=\"summary_large_image\" \/>\n<meta name=\"twitter:site\" content=\"@MengliT13570\" \/>\n<script type=\"application\/ld+json\" class=\"yoast-schema-graph\">{\"@context\":\"https:\/\/schema.org\",\"@graph\":[{\"@type\":[\"WebPage\",\"ItemPage\"],\"@id\":\"https:\/\/maxtormetal.com\/product\/chicken-processing-blades\/\",\"url\":\"https:\/\/maxtormetal.com\/product\/chicken-processing-blades\/\",\"name\":\"Chicken Processing Blades - Metal Industrial, Industrial Blade Manufacturer, Cutting Knives and blades, Machine Knives and blades supplier, Custom Blades solution\",\"isPartOf\":{\"@id\":\"https:\/\/maxtormetal.com\/fr\/#website\"},\"primaryImageOfPage\":{\"@id\":\"https:\/\/maxtormetal.com\/product\/chicken-processing-blades\/#primaryimage\"},\"image\":{\"@id\":\"https:\/\/maxtormetal.com\/product\/chicken-processing-blades\/#primaryimage\"},\"thumbnailUrl\":\"https:\/\/maxtormetal.com\/wp-content\/uploads\/2023\/10\/Chicken-processing-blades-main1.jpg\",\"datePublished\":\"2023-10-06T09:01:29+00:00\",\"dateModified\":\"2025-05-22T13:49:19+00:00\",\"description\":\"Discover high-quality Chicken Processing Blades designed for efficient and hygienic poultry processing. Explore our range of food-grade blades.\",\"breadcrumb\":{\"@id\":\"https:\/\/maxtormetal.com\/product\/chicken-processing-blades\/#breadcrumb\"},\"inLanguage\":\"es\",\"potentialAction\":[{\"@type\":\"ReadAction\",\"target\":[\"https:\/\/maxtormetal.com\/product\/chicken-processing-blades\/\"]}]},{\"@type\":\"ImageObject\",\"inLanguage\":\"es\",\"@id\":\"https:\/\/maxtormetal.com\/product\/chicken-processing-blades\/#primaryimage\",\"url\":\"https:\/\/maxtormetal.com\/wp-content\/uploads\/2023\/10\/Chicken-processing-blades-main1.jpg\",\"contentUrl\":\"https:\/\/maxtormetal.com\/wp-content\/uploads\/2023\/10\/Chicken-processing-blades-main1.jpg\",\"width\":800,\"height\":800},{\"@type\":\"BreadcrumbList\",\"@id\":\"https:\/\/maxtormetal.com\/product\/chicken-processing-blades\/#breadcrumb\",\"itemListElement\":[{\"@type\":\"ListItem\",\"position\":1,\"name\":\"Home\",\"item\":\"https:\/\/maxtormetal.com\/\"},{\"@type\":\"ListItem\",\"position\":2,\"name\":\"Products\",\"item\":\"https:\/\/maxtormetal.com\/products\/\"},{\"@type\":\"ListItem\",\"position\":3,\"name\":\"Chicken Processing Blades\"}]},{\"@type\":\"WebSite\",\"@id\":\"https:\/\/maxtormetal.com\/fr\/#website\",\"url\":\"https:\/\/maxtormetal.com\/fr\/\",\"name\":\"Metal Industrial, Industrial Blade Manufacturer, Cutting Knives and blades, Machine Knives and blades supplier, Custom Blades solution\",\"description\":\"Mechanical blades and knives supplier for all machines made by China\",\"publisher\":{\"@id\":\"https:\/\/maxtormetal.com\/fr\/#organization\"},\"potentialAction\":[{\"@type\":\"SearchAction\",\"target\":{\"@type\":\"EntryPoint\",\"urlTemplate\":\"https:\/\/maxtormetal.com\/fr\/?s={search_term_string}\"},\"query-input\":{\"@type\":\"PropertyValueSpecification\",\"valueRequired\":true,\"valueName\":\"search_term_string\"}}],\"inLanguage\":\"es\"},{\"@type\":[\"Organization\",\"Place\"],\"@id\":\"https:\/\/maxtormetal.com\/fr\/#organization\",\"name\":\"Nanjing Metal Industrial CO., Limited\",\"alternateName\":\"Metal Industrial\",\"url\":\"https:\/\/maxtormetal.com\/fr\/\",\"logo\":{\"@id\":\"https:\/\/maxtormetal.com\/product\/chicken-processing-blades\/#local-main-organization-logo\"},\"image\":{\"@id\":\"https:\/\/maxtormetal.com\/product\/chicken-processing-blades\/#local-main-organization-logo\"},\"sameAs\":[\"https:\/\/www.facebook.com\/mengli.tang.3\",\"https:\/\/x.com\/MengliT13570\",\"https:\/\/www.linkedin.com\/in\/metalindustrial\/\"],\"description\":\"NanjingMetal is specialized in manufacturing and supplying industrial blades and knives, and its main business is to provide customers with customized industrial blades to meet their specific needs. With an experienced design and production team, we utilize the supply chain advantage in China to provide customers with competitive high quality industrial blades and knives.\",\"legalName\":\"Nanjing Metal Industrial CO., Limited\",\"foundingDate\":\"2006-02-18\",\"numberOfEmployees\":{\"@type\":\"QuantitativeValue\",\"minValue\":\"11\",\"maxValue\":\"50\"},\"telephone\":[],\"openingHoursSpecification\":[{\"@type\":\"OpeningHoursSpecification\",\"dayOfWeek\":[\"Monday\",\"Tuesday\",\"Wednesday\",\"Thursday\",\"Friday\",\"Saturday\",\"Sunday\"],\"opens\":\"09:00\",\"closes\":\"17:00\"}]},{\"@type\":\"ImageObject\",\"inLanguage\":\"es\",\"@id\":\"https:\/\/maxtormetal.com\/product\/chicken-processing-blades\/#local-main-organization-logo\",\"url\":\"https:\/\/maxtormetal.com\/wp-content\/uploads\/2023\/08\/cropped-cropped-logo-\u526f\u672c-\u526f\u672c-e1693303172756-1.png\",\"contentUrl\":\"https:\/\/maxtormetal.com\/wp-content\/uploads\/2023\/08\/cropped-cropped-logo-\u526f\u672c-\u526f\u672c-e1693303172756-1.png\",\"width\":441,\"height\":132,\"caption\":\"Nanjing Metal Industrial CO., Limited\"}]}<\/script>\n<!-- \/ Yoast SEO Premium plugin. -->","yoast_head_json":{"title":"Chicken Processing Blades - Metal Industrial, Industrial Blade Manufacturer, Cutting Knives and blades, Machine Knives and blades supplier, Custom Blades solution","description":"Discover high-quality Chicken Processing Blades designed for efficient and hygienic poultry processing. Explore our range of food-grade blades.","robots":{"index":"index","follow":"follow","max-snippet":"max-snippet:-1","max-image-preview":"max-image-preview:large","max-video-preview":"max-video-preview:-1"},"canonical":"https:\/\/maxtormetal.com\/es\/producto\/cuchillas-para-procesamiento-de-pollo\/","og_locale":"es_ES","og_type":"article","og_title":"Chicken Processing Blades","og_description":"Discover high-quality Chicken Processing Blades designed for efficient and hygienic poultry processing. Explore our range of food-grade blades.","og_url":"https:\/\/maxtormetal.com\/es\/producto\/cuchillas-para-procesamiento-de-pollo\/","og_site_name":"Metal Industrial, Industrial Blade Manufacturer, Cutting Knives and blades, Machine Knives and blades supplier, Custom Blades solution","article_publisher":"https:\/\/www.facebook.com\/mengli.tang.3","article_modified_time":"2025-05-22T13:49:19+00:00","og_image":[{"width":800,"height":800,"url":"https:\/\/maxtormetal.com\/wp-content\/uploads\/2023\/10\/Chicken-processing-blades-main1.jpg","type":"image\/jpeg"}],"twitter_card":"summary_large_image","twitter_site":"@MengliT13570","schema":{"@context":"https:\/\/schema.org","@graph":[{"@type":["WebPage","ItemPage"],"@id":"https:\/\/maxtormetal.com\/product\/chicken-processing-blades\/","url":"https:\/\/maxtormetal.com\/product\/chicken-processing-blades\/","name":"Chicken Processing Blades - Metal Industrial, Industrial Blade Manufacturer, Cutting Knives and blades, Machine Knives and blades supplier, Custom Blades solution","isPartOf":{"@id":"https:\/\/maxtormetal.com\/fr\/#website"},"primaryImageOfPage":{"@id":"https:\/\/maxtormetal.com\/product\/chicken-processing-blades\/#primaryimage"},"image":{"@id":"https:\/\/maxtormetal.com\/product\/chicken-processing-blades\/#primaryimage"},"thumbnailUrl":"https:\/\/maxtormetal.com\/wp-content\/uploads\/2023\/10\/Chicken-processing-blades-main1.jpg","datePublished":"2023-10-06T09:01:29+00:00","dateModified":"2025-05-22T13:49:19+00:00","description":"Discover high-quality Chicken Processing Blades designed for efficient and hygienic poultry processing. Explore our range of food-grade blades.","breadcrumb":{"@id":"https:\/\/maxtormetal.com\/product\/chicken-processing-blades\/#breadcrumb"},"inLanguage":"es","potentialAction":[{"@type":"ReadAction","target":["https:\/\/maxtormetal.com\/product\/chicken-processing-blades\/"]}]},{"@type":"ImageObject","inLanguage":"es","@id":"https:\/\/maxtormetal.com\/product\/chicken-processing-blades\/#primaryimage","url":"https:\/\/maxtormetal.com\/wp-content\/uploads\/2023\/10\/Chicken-processing-blades-main1.jpg","contentUrl":"https:\/\/maxtormetal.com\/wp-content\/uploads\/2023\/10\/Chicken-processing-blades-main1.jpg","width":800,"height":800},{"@type":"BreadcrumbList","@id":"https:\/\/maxtormetal.com\/product\/chicken-processing-blades\/#breadcrumb","itemListElement":[{"@type":"ListItem","position":1,"name":"Home","item":"https:\/\/maxtormetal.com\/"},{"@type":"ListItem","position":2,"name":"Products","item":"https:\/\/maxtormetal.com\/products\/"},{"@type":"ListItem","position":3,"name":"Chicken Processing Blades"}]},{"@type":"WebSite","@id":"https:\/\/maxtormetal.com\/fr\/#website","url":"https:\/\/maxtormetal.com\/fr\/","name":"Metal Industrial, Industrial Blade Manufacturer, Cutting Knives and blades, Machine Knives and blades supplier, Custom Blades solution","description":"Mechanical blades and knives supplier for all machines made by China","publisher":{"@id":"https:\/\/maxtormetal.com\/fr\/#organization"},"potentialAction":[{"@type":"SearchAction","target":{"@type":"EntryPoint","urlTemplate":"https:\/\/maxtormetal.com\/fr\/?s={search_term_string}"},"query-input":{"@type":"PropertyValueSpecification","valueRequired":true,"valueName":"search_term_string"}}],"inLanguage":"es"},{"@type":["Organization","Place"],"@id":"https:\/\/maxtormetal.com\/fr\/#organization","name":"Nanjing Metal Industrial CO., Limited","alternateName":"Metal Industrial","url":"https:\/\/maxtormetal.com\/fr\/","logo":{"@id":"https:\/\/maxtormetal.com\/product\/chicken-processing-blades\/#local-main-organization-logo"},"image":{"@id":"https:\/\/maxtormetal.com\/product\/chicken-processing-blades\/#local-main-organization-logo"},"sameAs":["https:\/\/www.facebook.com\/mengli.tang.3","https:\/\/x.com\/MengliT13570","https:\/\/www.linkedin.com\/in\/metalindustrial\/"],"description":"NanjingMetal is specialized in manufacturing and supplying industrial blades and knives, and its main business is to provide customers with customized industrial blades to meet their specific needs. With an experienced design and production team, we utilize the supply chain advantage in China to provide customers with competitive high quality industrial blades and knives.","legalName":"Nanjing Metal Industrial CO., Limited","foundingDate":"2006-02-18","numberOfEmployees":{"@type":"QuantitativeValue","minValue":"11","maxValue":"50"},"telephone":[],"openingHoursSpecification":[{"@type":"OpeningHoursSpecification","dayOfWeek":["Monday","Tuesday","Wednesday","Thursday","Friday","Saturday","Sunday"],"opens":"09:00","closes":"17:00"}]},{"@type":"ImageObject","inLanguage":"es","@id":"https:\/\/maxtormetal.com\/product\/chicken-processing-blades\/#local-main-organization-logo","url":"https:\/\/maxtormetal.com\/wp-content\/uploads\/2023\/08\/cropped-cropped-logo-\u526f\u672c-\u526f\u672c-e1693303172756-1.png","contentUrl":"https:\/\/maxtormetal.com\/wp-content\/uploads\/2023\/08\/cropped-cropped-logo-\u526f\u672c-\u526f\u672c-e1693303172756-1.png","width":441,"height":132,"caption":"Nanjing Metal Industrial CO., Limited"}]}},"_links":{"self":[{"href":"https:\/\/maxtormetal.com\/es\/wp-json\/wp\/v2\/product\/3024"}],"collection":[{"href":"https:\/\/maxtormetal.com\/es\/wp-json\/wp\/v2\/product"}],"about":[{"href":"https:\/\/maxtormetal.com\/es\/wp-json\/wp\/v2\/types\/product"}],"wp:featuredmedia":[{"embeddable":true,"href":"https:\/\/maxtormetal.com\/es\/wp-json\/wp\/v2\/media\/3027"}],"wp:attachment":[{"href":"https:\/\/maxtormetal.com\/es\/wp-json\/wp\/v2\/media?parent=3024"}],"wp:term":[{"taxonomy":"product_cat","embeddable":true,"href":"https:\/\/maxtormetal.com\/es\/wp-json\/wp\/v2\/product_cat?post=3024"},{"taxonomy":"product_tag","embeddable":true,"href":"https:\/\/maxtormetal.com\/es\/wp-json\/wp\/v2\/product_tag?post=3024"}],"curies":[{"name":"wp","href":"https:\/\/api.w.org\/{rel}","templated":true}]}}