{"id":3040,"date":"2023-10-06T17:16:23","date_gmt":"2023-10-06T09:16:23","guid":{"rendered":"https:\/\/maxtormetal.com\/?post_type=product&#038;p=3040"},"modified":"2025-05-06T19:30:18","modified_gmt":"2025-05-06T11:30:18","slug":"cuchilla-para-corte-de-fruta","status":"publish","type":"product","link":"https:\/\/maxtormetal.com\/es\/producto\/cuchilla-para-corte-de-fruta\/","title":{"rendered":"Cuchilla para Cortar Frutas"},"content":{"rendered":"<h2 data-sourcepos=\"1:1-1:38\">\u00bfQu\u00e9 significa cuchilla para cortar fruta?<\/h2>\r\n<p data-sourcepos=\"3:1-3:571\">Una cuchilla para cortar frutas, tambi\u00e9n conocida como cuchillo para frutas en el \u00e1mbito culinario, pero que en este caso se refiere a aplicaciones industriales, es una herramienta de corte especializada dise\u00f1ada para rebanar, trocear, segmentar o procesar de forma eficiente y limpia diversos tipos de frutas. Estas cuchillas est\u00e1n dise\u00f1adas para manejar las diversas texturas y consistencias de las frutas, desde bayas blandas hasta manzanas y melones firmes, minimizando los da\u00f1os y maximizando el rendimiento. El t\u00e9rmino &quot;cuchilla para cortar frutas&quot; enfatiza su prop\u00f3sito espec\u00edfico en la industria alimentaria para la preparaci\u00f3n de frutas.<\/p>\r\n<h2 data-sourcepos=\"5:1-5:48\">Usos y aplicaciones de las cuchillas para cortar frutas<\/h2>\r\n<p data-sourcepos=\"7:1-7:133\"><strong>Cuchillas para cortar frutas<\/strong> Son esenciales en diversas etapas del procesamiento de la fruta, desde la cosecha hasta el envasado. Sus principales aplicaciones incluyen:<\/p>\r\n<ul data-sourcepos=\"9:1-16:0\">\r\n<li data-sourcepos=\"9:1-9:173\"><strong>Procesamiento de fruta reci\u00e9n cortada:<\/strong> Cortar, trocear y segmentar frutas como manzanas, melones, pi\u00f1as y bayas para refrigerios envasados, ensaladas de frutas y servicios de comida.<\/li>\r\n<li data-sourcepos=\"10:1-10:132\"><strong>Enlatado y conservaci\u00f3n:<\/strong> Cortar frutas en tama\u00f1os y formas espec\u00edficos para enlatar, hacer mermeladas y otros m\u00e9todos de conservaci\u00f3n.<\/li>\r\n<li data-sourcepos=\"11:1-11:81\"><strong>Producci\u00f3n de jugo:<\/strong> Picar o triturar frutas para extraer jugo de manera eficiente.<\/li>\r\n<li data-sourcepos=\"12:1-12:76\"><strong>Producci\u00f3n de frutos secos:<\/strong> Cortar frutas en trozos uniformes para secarlas.<\/li>\r\n<li data-sourcepos=\"13:1-13:175\"><strong>Pur\u00e9 de frutas y preparaci\u00f3n de ingredientes:<\/strong> Reducir frutas en pur\u00e9s o trozos m\u00e1s peque\u00f1os para utilizarlas como ingredientes en otros productos alimenticios como yogur, salsas y productos horneados.<\/li>\r\n<li data-sourcepos=\"14:1-14:141\"><strong>Cosecha automatizada de frutas:<\/strong> Algunas maquinarias especializadas utilizan cuchillas para cortar frutas y as\u00ed cosechar selectivamente frutas de \u00e1rboles o vides.<\/li>\r\n<li data-sourcepos=\"15:1-16:0\"><strong>Control de calidad e inspecci\u00f3n:<\/strong> Se utilizan cuchillas de corte de fruta peque\u00f1as y precisas para tomar muestras e inspeccionar la calidad interna de las frutas.<\/li>\r\n<\/ul>\r\n<h2 data-sourcepos=\"17:1-17:44\">Materiales comunes para cuchillas de corte de frutas<\/h2>\r\n<p data-sourcepos=\"19:1-19:236\">Los materiales utilizados para las cuchillas de corte de fruta deben ser de grado alimenticio, resistentes a la corrosi\u00f3n (debido a la acidez y al alto contenido de humedad de las frutas) y capaces de mantener un filo afilado para un corte limpio. Los materiales comunes incluyen:<\/p>\r\n<ul data-sourcepos=\"21:1-23:0\">\r\n<li data-sourcepos=\"21:1-21:454\"><strong>Acero inoxidable (por ejemplo, series 304, 420, 440):<\/strong> El acero inoxidable es el material m\u00e1s com\u00fan debido a su excelente resistencia a la corrosi\u00f3n, facilidad de limpieza y esterilizaci\u00f3n, y capacidad de afilado. Los diferentes grados ofrecen distintos niveles de dureza y retenci\u00f3n del filo. Para el procesamiento de alimentos, el acero inoxidable 304 se utiliza ampliamente por su seguridad y resistencia a la corrosi\u00f3n. Los aceros inoxidables con alto contenido de carbono, como la serie 400, ofrecen una mejor retenci\u00f3n del filo.<\/li>\r\n<li data-sourcepos=\"22:1-23:0\"><strong>Cer\u00e1mica (por ejemplo, Zirconia):<\/strong> Ofrecen una dureza excepcional, resistencia al desgaste e inercia qu\u00edmica. Las hojas de cer\u00e1mica no reaccionan con los alimentos y mantienen un filo muy afilado durante mucho tiempo. Sin embargo, pueden ser m\u00e1s fr\u00e1giles que el acero.<\/li>\r\n<\/ul>\r\n<p data-sourcepos=\"24:1-24:236\">Las hojas suelen estar afiladas con precisi\u00f3n y pueden templarse para lograr el equilibrio \u00f3ptimo entre filo y durabilidad. El acabado superficial suele ser liso para minimizar la fricci\u00f3n y evitar que la fruta se adhiera a la hoja.<\/p>\r\n<h2 data-sourcepos=\"26:1-26:36\">Formas comunes de cuchillos para frutas<\/h2>\r\n<p data-sourcepos=\"28:1-28:131\"><strong>Cuchillas para cortar frutas<\/strong> Vienen en una variedad de formas y configuraciones de bordes adaptadas a tareas de corte espec\u00edficas y tipos de fruta:<\/p>\r\n<ul data-sourcepos=\"30:1-39:0\">\r\n<li data-sourcepos=\"30:1-30:120\"><strong>Hojas rectas:<\/strong> Se utiliza para cortar y trocear frutas firmes. Puede tener bordes rectos o ligeramente curvados.<\/li>\r\n<li data-sourcepos=\"31:1-31:144\"><strong>Cuchillas dentadas:<\/strong> Eficaz para cortar frutas con piel dura o texturas fibrosas, como tomates o pi\u00f1as, reduciendo el desgarro.<\/li>\r\n<li data-sourcepos=\"32:1-32:117\"><strong>Cuchillas Curvas:<\/strong> Dise\u00f1ado para pelar y segmentar frutas con superficies curvas, como naranjas o pomelos.<\/li>\r\n<li data-sourcepos=\"33:1-33:102\"><strong>Hojas con muesca en V:<\/strong> Se utiliza en algunas m\u00e1quinas cortadoras para crear rebanadas uniformes con un aplastamiento m\u00ednimo.<\/li>\r\n<li data-sourcepos=\"34:1-34:112\"><strong>Cuchillas para cortar en cubitos:<\/strong> Se utiliza a menudo en juegos de m\u00e1quinas de cortar en cubitos, con un patr\u00f3n de cuadr\u00edcula para cortar la fruta en cubos uniformes.<\/li>\r\n<li data-sourcepos=\"35:1-35:91\"><strong>Cuchillas segmentadoras:<\/strong> Dise\u00f1ado espec\u00edficamente para separar segmentos de frutas c\u00edtricas de forma limpia.<\/li>\r\n<li data-sourcepos=\"36:1-36:119\"><strong>Cuchillas de extracci\u00f3n de n\u00facleo:<\/strong> Dise\u00f1ado con un corte circular o con forma para quitar el coraz\u00f3n de frutas como manzanas o peras.<\/li>\r\n<li data-sourcepos=\"37:1-37:80\"><strong>Cuchillas peladoras:<\/strong> Cuchillas finas y afiladas que se utilizan para quitar la piel de las frutas.<\/li>\r\n<li data-sourcepos=\"38:1-39:0\"><strong>Cuchillas trituradoras:<\/strong> Se utiliza en extractores de jugo para descomponer las frutas para la extracci\u00f3n de jugo.<\/li>\r\n<\/ul>\r\n<p data-sourcepos=\"40:1-40:490\">El principio de funcionamiento consiste en que el filo de la cuchilla corta fruta limpiamente el tejido de la fruta con m\u00ednimo aplastamiento o magulladura. La forma y el tipo de filo est\u00e1n optimizados para la textura y estructura de la fruta procesada. En maquinaria automatizada, varias cuchillas pueden trabajar coordinadamente para realizar tareas de corte complejas a alta velocidad. Mantener el filo y la limpieza de las cuchillas es crucial para la seguridad alimentaria y la eficiencia del procesamiento.<\/p>\r\n<p>\"\u00a0<span style=\"color: #ff9900;\"><em><strong><a style=\"color: #ff9900;\" href=\"https:\/\/maxtormetal.com\/es\/contact\/\" target=\"_blank\" rel=\"noopener\">\u00a1Bienvenido a consultar!<\/a><\/strong><\/em><\/span><\/p>\r\n<p>Si no encuentras la cuchilla de tijera que buscas, tambi\u00e9n podemos personalizarla, consulta nuestra <span style=\"color: #ff9900;\">&quot;<a style=\"color: #ff9900;\" href=\"https:\/\/maxtormetal.com\/es\/custom-blades\/\" target=\"_blank\" rel=\"noopener\"><em><strong>Cuchillas Personalizadas<\/strong><\/em><\/a>&quot;<\/span> \u00a1Para aprender c\u00f3mo!<\/p>\r\n<h4><a href=\"https:\/\/maxtormetal.com\/es\/brochures\/\" target=\"_blank\" rel=\"noopener\"><strong><em><span style=\"color: #ff9900;\">Abrir Folletos<\/span><\/em><\/strong><\/a><\/h4>\r\n<hr \/>\r\n<h2>\u00bfPor Qu\u00e9 Elegir METAL?<\/h2>\r\n<ol>\r\n<li><strong> Servicio de Importaci\u00f3n Integral y sin Complicaciones<\/strong><\/li>\r\n<\/ol>\r\n<p>Disfrute de la comodidad de una importaci\u00f3n sin interrupciones. Desde el transporte hasta el despacho de aduanas, manejamos todo el proceso. Solo tiene que pagar el IVA y esperar la llegada de sus productos.<\/p>\r\n<ol start=\"2\">\r\n<li><strong> Precios Competitivos<\/strong><\/li>\r\n<\/ol>\r\n<p>Hemos visto nuestras cuchillas destacarse en innumerables aplicaciones y estamos listos para cualquier proyecto que nos presente. Espere precisi\u00f3n, durabilidad y precios competitivos inigualables.<\/p>\r\n<ol start=\"3\">\r\n<li><strong> ODM y OEM Disponibles<\/strong><\/li>\r\n<\/ol>\r\n<p>Ya sea que nos proporcione dibujos, bocetos o muestras, podemos dise\u00f1ar y fabricar para usted. Tambi\u00e9n tenemos la experiencia para ayudar a modificar dise\u00f1os y especificaciones existentes para mejorar casi cualquier aplicaci\u00f3n de herramientas industriales. Por favor, contacte a nuestro equipo de ventas dedicado para discutir sus requisitos espec\u00edficos.<\/p>\r\n<ol start=\"4\">\r\n<li><strong> Control de Calidad Riguroso<\/strong><\/li>\r\n<\/ol>\r\n<p>Se realiza una serie de pruebas e inspecciones para controlar la calidad, incluyendo la inspecci\u00f3n del primer art\u00edculo, la inspecci\u00f3n de material entrante y materiales certificados, la inspecci\u00f3n de calidad en proceso, y la inspecci\u00f3n de calidad final.<\/p>\r\n<ol start=\"5\">\r\n<li><strong> Adquisici\u00f3n Flexible, Cooperaci\u00f3n Ilimitada<\/strong><\/li>\r\n<\/ol>\r\n<p>Ya sea usted un importador, distribuidor, mayorista o usuario final, le damos la bienvenida. Benef\u00edciese de MOQ m\u00ednimos, consultas sin complicaciones y mayor libertad de compra.<\/p>\r\n<ol start=\"6\">\r\n<li><strong> Monitoreo en Tiempo Real del Progreso de Producci\u00f3n<\/strong><\/li>\r\n<\/ol>\r\n<p>Consid\u00e9renos su monitor exclusivo. Le proporcionaremos actualizaciones regulares sobre cada etapa crucial de su l\u00ednea de producci\u00f3n. No importa la distancia, tendr\u00e1 informaci\u00f3n en tiempo real sobre el progreso de su producto.<\/p>\r\n<hr \/>\r\n<p><iframe loading=\"lazy\" title=\"Cuchilla cortadora de verduras para m\u00e1quina cortadora de alimentos con material de acero inoxidable\" width=\"800\" height=\"600\" src=\"https:\/\/www.youtube.com\/embed\/18ZhKuoGCNA?feature=oembed&#038;enablejsapi=1&#038;origin=https:\/\/maxtormetal.com\" frameborder=\"0\" allow=\"accelerometer; autoplay; clipboard-write; encrypted-media; gyroscope; picture-in-picture; web-share\" referrerpolicy=\"strict-origin-when-cross-origin\" allowfullscreen><\/iframe><\/p>","protected":false},"excerpt":{"rendered":"<p>What does Fruit Cutting Blade Mean? A fruit cutting blade, also known as a fruit knife in culinary contexts but referring to industrial applications here, is a specialized cutting tool designed for efficiently and cleanly slicing, dicing, segmenting, or otherwise processing various types of fruits. These blades are engineered to handle the diverse textures and [&hellip;]<\/p>","protected":false},"featured_media":3045,"template":"","meta":[],"product_cat":[110,114,105,113],"product_tag":[422],"yoast_head":"<!-- This site is optimized with the Yoast SEO Premium plugin v23.6 (Yoast SEO v23.6) - https:\/\/yoast.com\/wordpress\/plugins\/seo\/ -->\n<title>Fruit Cutting Blade<\/title>\n<meta name=\"description\" content=\"Explore our range of high-quality fruit cutting blades and fruit knives designed for efficient and food-safe fruit processing.\" \/>\n<meta name=\"robots\" content=\"index, follow, max-snippet:-1, max-image-preview:large, max-video-preview:-1\" \/>\n<link rel=\"canonical\" href=\"https:\/\/maxtormetal.com\/es\/producto\/cuchilla-para-corte-de-fruta\/\" \/>\n<meta property=\"og:locale\" content=\"es_ES\" \/>\n<meta property=\"og:type\" content=\"article\" \/>\n<meta property=\"og:title\" content=\"Fruit Cutting Blade\" \/>\n<meta property=\"og:description\" content=\"Explore our range of high-quality fruit cutting blades and fruit knives designed for efficient and food-safe fruit processing.\" \/>\n<meta property=\"og:url\" content=\"https:\/\/maxtormetal.com\/es\/producto\/cuchilla-para-corte-de-fruta\/\" \/>\n<meta property=\"og:site_name\" content=\"Maxtor Metal | Custom Industrial Blade Manufacturer &amp; Supplier\" \/>\n<meta property=\"article:publisher\" content=\"https:\/\/www.facebook.com\/maxtormetalindustrial\" \/>\n<meta property=\"article:modified_time\" content=\"2025-05-06T11:30:18+00:00\" \/>\n<meta property=\"og:image\" content=\"https:\/\/maxtormetal.com\/wp-content\/uploads\/2023\/10\/fruit-cutting-blade-main1.jpg\" \/>\n\t<meta property=\"og:image:width\" content=\"800\" \/>\n\t<meta property=\"og:image:height\" content=\"800\" \/>\n\t<meta property=\"og:image:type\" content=\"image\/jpeg\" \/>\n<meta name=\"twitter:card\" content=\"summary_large_image\" \/>\n<script type=\"application\/ld+json\" class=\"yoast-schema-graph\">{\"@context\":\"https:\/\/schema.org\",\"@graph\":[{\"@type\":[\"WebPage\",\"ItemPage\"],\"@id\":\"https:\/\/maxtormetal.com\/product\/fruit-cutting-blade\/\",\"url\":\"https:\/\/maxtormetal.com\/product\/fruit-cutting-blade\/\",\"name\":\"Fruit Cutting Blade\",\"isPartOf\":{\"@id\":\"https:\/\/maxtormetal.com\/fr\/#website\"},\"primaryImageOfPage\":{\"@id\":\"https:\/\/maxtormetal.com\/product\/fruit-cutting-blade\/#primaryimage\"},\"image\":{\"@id\":\"https:\/\/maxtormetal.com\/product\/fruit-cutting-blade\/#primaryimage\"},\"thumbnailUrl\":\"https:\/\/maxtormetal.com\/wp-content\/uploads\/2023\/10\/fruit-cutting-blade-main1.jpg\",\"datePublished\":\"2023-10-06T09:16:23+00:00\",\"dateModified\":\"2025-05-06T11:30:18+00:00\",\"description\":\"Explore our range of high-quality fruit cutting blades and fruit knives designed for efficient and food-safe fruit processing.\",\"breadcrumb\":{\"@id\":\"https:\/\/maxtormetal.com\/product\/fruit-cutting-blade\/#breadcrumb\"},\"inLanguage\":\"es\",\"potentialAction\":[{\"@type\":\"ReadAction\",\"target\":[\"https:\/\/maxtormetal.com\/product\/fruit-cutting-blade\/\"]}]},{\"@type\":\"ImageObject\",\"inLanguage\":\"es\",\"@id\":\"https:\/\/maxtormetal.com\/product\/fruit-cutting-blade\/#primaryimage\",\"url\":\"https:\/\/maxtormetal.com\/wp-content\/uploads\/2023\/10\/fruit-cutting-blade-main1.jpg\",\"contentUrl\":\"https:\/\/maxtormetal.com\/wp-content\/uploads\/2023\/10\/fruit-cutting-blade-main1.jpg\",\"width\":800,\"height\":800},{\"@type\":\"BreadcrumbList\",\"@id\":\"https:\/\/maxtormetal.com\/product\/fruit-cutting-blade\/#breadcrumb\",\"itemListElement\":[{\"@type\":\"ListItem\",\"position\":1,\"name\":\"Home\",\"item\":\"https:\/\/maxtormetal.com\/\"},{\"@type\":\"ListItem\",\"position\":2,\"name\":\"Products\",\"item\":\"https:\/\/maxtormetal.com\/products\/\"},{\"@type\":\"ListItem\",\"position\":3,\"name\":\"Fruit Cutting Blade\"}]},{\"@type\":\"WebSite\",\"@id\":\"https:\/\/maxtormetal.com\/fr\/#website\",\"url\":\"https:\/\/maxtormetal.com\/fr\/\",\"name\":\"Maxtor Metal | Custom Industrial Blade Manufacturer &amp; Supplier\",\"description\":\"Mechanical blades and knives supplier for all machines made by China\",\"publisher\":{\"@id\":\"https:\/\/maxtormetal.com\/fr\/#organization\"},\"potentialAction\":[{\"@type\":\"SearchAction\",\"target\":{\"@type\":\"EntryPoint\",\"urlTemplate\":\"https:\/\/maxtormetal.com\/fr\/?s={search_term_string}\"},\"query-input\":{\"@type\":\"PropertyValueSpecification\",\"valueRequired\":true,\"valueName\":\"search_term_string\"}}],\"inLanguage\":\"es\"},{\"@type\":[\"Organization\",\"Place\"],\"@id\":\"https:\/\/maxtormetal.com\/fr\/#organization\",\"name\":\"Maxtor Metal\",\"alternateName\":\"Metal Industrial\",\"url\":\"https:\/\/maxtormetal.com\/fr\/\",\"logo\":{\"@id\":\"https:\/\/maxtormetal.com\/product\/fruit-cutting-blade\/#local-main-organization-logo\"},\"image\":{\"@id\":\"https:\/\/maxtormetal.com\/product\/fruit-cutting-blade\/#local-main-organization-logo\"},\"sameAs\":[\"https:\/\/www.facebook.com\/maxtormetalindustrial\",\"https:\/\/www.linkedin.com\/company\/maxtormetal\/\"],\"description\":\"Maxtor Metal (formerly known as Metal Industrial) is a custom industrial blade manufacturer based in Nanjing, China. Established in 2006 under Nanjing Metal Industrial CO., Limited, we specialize in manufacturing industrial machine blades, machine knives, and providing regrinding services for clients in over 80 countries worldwide.\",\"legalName\":\"Nanjing Metal Industrial CO., Limited\",\"foundingDate\":\"2006-02-18\",\"numberOfEmployees\":{\"@type\":\"QuantitativeValue\",\"minValue\":\"11\",\"maxValue\":\"50\"},\"address\":{\"@id\":\"https:\/\/maxtormetal.com\/product\/fruit-cutting-blade\/#local-main-place-address\"},\"telephone\":[],\"openingHoursSpecification\":[{\"@type\":\"OpeningHoursSpecification\",\"dayOfWeek\":[\"Monday\",\"Tuesday\",\"Wednesday\",\"Thursday\",\"Friday\",\"Saturday\",\"Sunday\"],\"opens\":\"09:00\",\"closes\":\"17:00\"}],\"email\":\"sales@maxtormetal.com\",\"areaServed\":\"Worldwide\",\"globalLocationNumber\":\"+86-158-6180-3357\"},{\"@type\":\"PostalAddress\",\"@id\":\"https:\/\/maxtormetal.com\/product\/fruit-cutting-blade\/#local-main-place-address\",\"streetAddress\":\"Mingjue Industrial Park, Lishui\",\"addressLocality\":\"Nanjing\",\"postalCode\":\"211223\",\"addressRegion\":\"Jiangsu\",\"addressCountry\":\"CN\"},{\"@type\":\"ImageObject\",\"inLanguage\":\"es\",\"@id\":\"https:\/\/maxtormetal.com\/product\/fruit-cutting-blade\/#local-main-organization-logo\",\"url\":\"https:\/\/maxtormetal.com\/wp-content\/uploads\/2023\/08\/cropped-cropped-logo-\u526f\u672c-\u526f\u672c-e1693303172756-1.png\",\"contentUrl\":\"https:\/\/maxtormetal.com\/wp-content\/uploads\/2023\/08\/cropped-cropped-logo-\u526f\u672c-\u526f\u672c-e1693303172756-1.png\",\"width\":441,\"height\":132,\"caption\":\"Maxtor Metal\"}]}<\/script>\n<meta name=\"geo.placename\" content=\"Nanjing\" \/>\n<meta name=\"geo.region\" content=\"China\" \/>\n<!-- \/ Yoast SEO Premium plugin. -->","yoast_head_json":{"title":"Fruit Cutting Blade","description":"Explore our range of high-quality fruit cutting blades and fruit knives designed for efficient and food-safe fruit processing.","robots":{"index":"index","follow":"follow","max-snippet":"max-snippet:-1","max-image-preview":"max-image-preview:large","max-video-preview":"max-video-preview:-1"},"canonical":"https:\/\/maxtormetal.com\/es\/producto\/cuchilla-para-corte-de-fruta\/","og_locale":"es_ES","og_type":"article","og_title":"Fruit Cutting Blade","og_description":"Explore our range of high-quality fruit cutting blades and fruit knives designed for efficient and food-safe fruit processing.","og_url":"https:\/\/maxtormetal.com\/es\/producto\/cuchilla-para-corte-de-fruta\/","og_site_name":"Maxtor Metal | Custom Industrial Blade Manufacturer &amp; Supplier","article_publisher":"https:\/\/www.facebook.com\/maxtormetalindustrial","article_modified_time":"2025-05-06T11:30:18+00:00","og_image":[{"width":800,"height":800,"url":"https:\/\/maxtormetal.com\/wp-content\/uploads\/2023\/10\/fruit-cutting-blade-main1.jpg","type":"image\/jpeg"}],"twitter_card":"summary_large_image","schema":{"@context":"https:\/\/schema.org","@graph":[{"@type":["WebPage","ItemPage"],"@id":"https:\/\/maxtormetal.com\/product\/fruit-cutting-blade\/","url":"https:\/\/maxtormetal.com\/product\/fruit-cutting-blade\/","name":"Fruit Cutting Blade","isPartOf":{"@id":"https:\/\/maxtormetal.com\/fr\/#website"},"primaryImageOfPage":{"@id":"https:\/\/maxtormetal.com\/product\/fruit-cutting-blade\/#primaryimage"},"image":{"@id":"https:\/\/maxtormetal.com\/product\/fruit-cutting-blade\/#primaryimage"},"thumbnailUrl":"https:\/\/maxtormetal.com\/wp-content\/uploads\/2023\/10\/fruit-cutting-blade-main1.jpg","datePublished":"2023-10-06T09:16:23+00:00","dateModified":"2025-05-06T11:30:18+00:00","description":"Explore our range of high-quality fruit cutting blades and fruit knives designed for efficient and food-safe fruit processing.","breadcrumb":{"@id":"https:\/\/maxtormetal.com\/product\/fruit-cutting-blade\/#breadcrumb"},"inLanguage":"es","potentialAction":[{"@type":"ReadAction","target":["https:\/\/maxtormetal.com\/product\/fruit-cutting-blade\/"]}]},{"@type":"ImageObject","inLanguage":"es","@id":"https:\/\/maxtormetal.com\/product\/fruit-cutting-blade\/#primaryimage","url":"https:\/\/maxtormetal.com\/wp-content\/uploads\/2023\/10\/fruit-cutting-blade-main1.jpg","contentUrl":"https:\/\/maxtormetal.com\/wp-content\/uploads\/2023\/10\/fruit-cutting-blade-main1.jpg","width":800,"height":800},{"@type":"BreadcrumbList","@id":"https:\/\/maxtormetal.com\/product\/fruit-cutting-blade\/#breadcrumb","itemListElement":[{"@type":"ListItem","position":1,"name":"Home","item":"https:\/\/maxtormetal.com\/"},{"@type":"ListItem","position":2,"name":"Products","item":"https:\/\/maxtormetal.com\/products\/"},{"@type":"ListItem","position":3,"name":"Fruit Cutting Blade"}]},{"@type":"WebSite","@id":"https:\/\/maxtormetal.com\/fr\/#website","url":"https:\/\/maxtormetal.com\/fr\/","name":"Maxtor Metal | Custom Industrial Blade Manufacturer &amp; Supplier","description":"Mechanical blades and knives supplier for all machines made by China","publisher":{"@id":"https:\/\/maxtormetal.com\/fr\/#organization"},"potentialAction":[{"@type":"SearchAction","target":{"@type":"EntryPoint","urlTemplate":"https:\/\/maxtormetal.com\/fr\/?s={search_term_string}"},"query-input":{"@type":"PropertyValueSpecification","valueRequired":true,"valueName":"search_term_string"}}],"inLanguage":"es"},{"@type":["Organization","Place"],"@id":"https:\/\/maxtormetal.com\/fr\/#organization","name":"Maxtor Metal","alternateName":"Metal Industrial","url":"https:\/\/maxtormetal.com\/fr\/","logo":{"@id":"https:\/\/maxtormetal.com\/product\/fruit-cutting-blade\/#local-main-organization-logo"},"image":{"@id":"https:\/\/maxtormetal.com\/product\/fruit-cutting-blade\/#local-main-organization-logo"},"sameAs":["https:\/\/www.facebook.com\/maxtormetalindustrial","https:\/\/www.linkedin.com\/company\/maxtormetal\/"],"description":"Maxtor Metal (formerly known as Metal Industrial) is a custom industrial blade manufacturer based in Nanjing, China. Established in 2006 under Nanjing Metal Industrial CO., Limited, we specialize in manufacturing industrial machine blades, machine knives, and providing regrinding services for clients in over 80 countries worldwide.","legalName":"Nanjing Metal Industrial CO., Limited","foundingDate":"2006-02-18","numberOfEmployees":{"@type":"QuantitativeValue","minValue":"11","maxValue":"50"},"address":{"@id":"https:\/\/maxtormetal.com\/product\/fruit-cutting-blade\/#local-main-place-address"},"telephone":[],"openingHoursSpecification":[{"@type":"OpeningHoursSpecification","dayOfWeek":["Monday","Tuesday","Wednesday","Thursday","Friday","Saturday","Sunday"],"opens":"09:00","closes":"17:00"}],"email":"sales@maxtormetal.com","areaServed":"Worldwide","globalLocationNumber":"+86-158-6180-3357"},{"@type":"PostalAddress","@id":"https:\/\/maxtormetal.com\/product\/fruit-cutting-blade\/#local-main-place-address","streetAddress":"Mingjue Industrial Park, Lishui","addressLocality":"Nanjing","postalCode":"211223","addressRegion":"Jiangsu","addressCountry":"CN"},{"@type":"ImageObject","inLanguage":"es","@id":"https:\/\/maxtormetal.com\/product\/fruit-cutting-blade\/#local-main-organization-logo","url":"https:\/\/maxtormetal.com\/wp-content\/uploads\/2023\/08\/cropped-cropped-logo-\u526f\u672c-\u526f\u672c-e1693303172756-1.png","contentUrl":"https:\/\/maxtormetal.com\/wp-content\/uploads\/2023\/08\/cropped-cropped-logo-\u526f\u672c-\u526f\u672c-e1693303172756-1.png","width":441,"height":132,"caption":"Maxtor Metal"}]},"geo.placename":"Nanjing","geo.region":"China"},"_links":{"self":[{"href":"https:\/\/maxtormetal.com\/es\/wp-json\/wp\/v2\/product\/3040"}],"collection":[{"href":"https:\/\/maxtormetal.com\/es\/wp-json\/wp\/v2\/product"}],"about":[{"href":"https:\/\/maxtormetal.com\/es\/wp-json\/wp\/v2\/types\/product"}],"wp:featuredmedia":[{"embeddable":true,"href":"https:\/\/maxtormetal.com\/es\/wp-json\/wp\/v2\/media\/3045"}],"wp:attachment":[{"href":"https:\/\/maxtormetal.com\/es\/wp-json\/wp\/v2\/media?parent=3040"}],"wp:term":[{"taxonomy":"product_cat","embeddable":true,"href":"https:\/\/maxtormetal.com\/es\/wp-json\/wp\/v2\/product_cat?post=3040"},{"taxonomy":"product_tag","embeddable":true,"href":"https:\/\/maxtormetal.com\/es\/wp-json\/wp\/v2\/product_tag?post=3040"}],"curies":[{"name":"wp","href":"https:\/\/api.w.org\/{rel}","templated":true}]}}