{"id":3051,"date":"2023-10-06T17:22:19","date_gmt":"2023-10-06T09:22:19","guid":{"rendered":"https:\/\/maxtormetal.com\/?post_type=product&#038;p=3051"},"modified":"2025-05-06T18:48:44","modified_gmt":"2025-05-06T10:48:44","slug":"cuchillas-para-guillotinas-de-tres-cuchillos","status":"publish","type":"product","link":"https:\/\/maxtormetal.com\/es\/producto\/cuchillas-para-guillotinas-de-tres-cuchillos\/","title":{"rendered":"Cuchillas para Cizalla de Tres Cuchillos"},"content":{"rendered":"<h2 data-sourcepos=\"1:1-1:41\">\u00bfQu\u00e9 significan las cuchillas recortadoras de 3 cuchillas?<\/h2>\r\n<p data-sourcepos=\"3:1-3:595\">Las cuchillas de corte de tres cuchillas, tambi\u00e9n conocidas como cuchillas de corte de tres cuchillas, son conjuntos de cuchillas de corte de precisi\u00f3n que se utilizan en una m\u00e1quina de corte de tres cuchillas. Estas m\u00e1quinas son esenciales en las industrias de la impresi\u00f3n y la encuadernaci\u00f3n para cortar simult\u00e1neamente tres lados (canto anterior, cabecera y cola) de una pila de productos impresos, como libros, revistas, folletos y cat\u00e1logos, hasta obtener sus dimensiones finales y limpias. Un juego de cuchillas de corte de tres cuchillas generalmente incluye una cuchilla frontal (canto anterior) y dos cuchillas laterales (cabecera y cola) que trabajan coordinadamente para lograr un corte preciso y eficiente.<\/p>\r\n<h2 data-sourcepos=\"5:1-5:50\">Usos y aplicaciones de las cuchillas de recortadora de 3 cuchillas<\/h2>\r\n<p data-sourcepos=\"7:1-7:144\">Las cuchillas de corte de 3 cuchillas son fundamentales para el acabado de materiales impresos en entornos de producci\u00f3n de alto volumen. Sus principales aplicaciones incluyen:<\/p>\r\n<ul data-sourcepos=\"9:1-14:0\">\r\n<li data-sourcepos=\"9:1-9:142\"><strong>Encuadernaci\u00f3n:<\/strong> Recortar los bordes de los bloques de libros despu\u00e9s de coserlos o encuadernarlos perfectamente para crear bordes limpios y uniformes para colocar la cubierta.<\/li>\r\n<li data-sourcepos=\"10:1-10:174\"><strong>Producci\u00f3n de revistas y folletos:<\/strong> Recorte final de revistas, folletos y cat\u00e1logos despu\u00e9s de la impresi\u00f3n y plegado para lograr el tama\u00f1o correcto y un acabado profesional.<\/li>\r\n<li data-sourcepos=\"11:1-11:153\"><strong>Producci\u00f3n de libros de tapa blanda y tapa dura:<\/strong> Garantizar dimensiones precisas tanto para libros de tapa blanda como de tapa dura antes de que est\u00e9n listos para su distribuci\u00f3n.<\/li>\r\n<li data-sourcepos=\"12:1-12:102\"><strong>Impresi\u00f3n comercial:<\/strong> Recorte de diversos productos impresos, como folletos, revistas y directorios.<\/li>\r\n<li data-sourcepos=\"13:1-14:0\"><strong>Sistemas de acabado en l\u00ednea:<\/strong> Integraci\u00f3n en l\u00edneas de impresi\u00f3n y encuadernaci\u00f3n automatizadas para un recorte perfecto de productos terminados.<\/li>\r\n<\/ul>\r\n<h2 data-sourcepos=\"15:1-15:46\">Materiales comunes para cuchillas de recortadora de 3 cuchillas<\/h2>\r\n<p data-sourcepos=\"17:1-17:225\">Los materiales utilizados para las cuchillas de las cortadoras de 3 cuchillas deben ser de alta calidad para garantizar cortes limpios, una larga vida \u00fatil y resistencia al desgaste, especialmente al procesar diferentes tipos de papel y recubrimientos. Los materiales m\u00e1s comunes incluyen:<\/p>\r\n<ul data-sourcepos=\"19:1-22:0\">\r\n<li data-sourcepos=\"19:1-19:170\"><strong>Acero de alta velocidad (HSS) (por ejemplo, M2, M42):<\/strong> Ofrece buena resistencia al desgaste y puede mantener un borde afilado a altas velocidades de corte, adecuado para una amplia gama de tipos de papel.<\/li>\r\n<li data-sourcepos=\"20:1-20:267\"><strong>Acero para herramientas de aleaci\u00f3n (por ejemplo, D2, A2):<\/strong> Ofrece una excelente resistencia al desgaste y es ideal para procesar papel grueso, papeles estucados y producciones de alto volumen, garantizando una calidad de corte constante durante largos periodos. El acero D2 es especialmente popular por su durabilidad.<\/li>\r\n<li data-sourcepos=\"21:1-22:0\"><strong>Cuchillas con punta de carburo:<\/strong> Incorporan insertos de carburo de tungsteno en el filo de corte, que ofrecen una dureza y resistencia al desgaste excepcionales. Se utilizan para vol\u00famenes de producci\u00f3n muy altos y al procesar papel abrasivo o materiales con recubrimientos que pueden desafilar r\u00e1pidamente las hojas de acero. Las puntas de carburo prolongan significativamente la vida \u00fatil de la hoja y reducen el tiempo de inactividad para el afilado.<\/li>\r\n<\/ul>\r\n<p data-sourcepos=\"23:1-23:244\">Las hojas est\u00e1n afiladas con precisi\u00f3n y, a menudo, templadas y templadas para lograr el equilibrio \u00f3ptimo entre filo y durabilidad. El acabado superficial es fundamental para minimizar la fricci\u00f3n y garantizar cortes limpios sin rasgar ni deshilachar los bordes del papel.<\/p>\r\n<h2 data-sourcepos=\"25:1-25:38\">Formas comunes de cuchillas para recortadora de libros<\/h2>\r\n<p data-sourcepos=\"27:1-27:149\">Un juego de cuchillas recortadoras de 3 cuchillas generalmente consta de tres cuchillas con formas y biseles espec\u00edficos optimizados para sus respectivas tareas de recorte:<\/p>\r\n<ul data-sourcepos=\"29:1-33:0\">\r\n<li data-sourcepos=\"29:1-29:252\"><strong>Hoja frontal (filo delantero):<\/strong> Esta cuchilla suele tener un filo recto y es responsable del recorte principal del borde abierto del libro o producto impreso. El \u00e1ngulo de bisel es crucial para un corte limpio sin desgarrar ni rasgar el papel.<\/li>\r\n<li data-sourcepos=\"30:1-30:273\"><strong>Cuchillas laterales (cabeza y cola):<\/strong> Estas dos cuchillas recortan los bordes superior e inferior del bloque del libro. Suelen ser m\u00e1s cortas que la cuchilla frontal y est\u00e1n sincronizadas para moverse simult\u00e1neamente. Su forma y bisel est\u00e1n dise\u00f1ados para realizar cortes precisos y limpios en estos bordes encuadernados.<\/li>\r\n<li data-sourcepos=\"31:1-31:79\"><strong>Cuchillas s\u00f3lidas:<\/strong> El filo es parte integral del material de la hoja.<\/li>\r\n<li data-sourcepos=\"32:1-33:0\"><strong>Hojas incrustadas:<\/strong> Cuentan con una tira de material de alto rendimiento (como HSS o carburo) incrustada en un cuerpo de hoja m\u00e1s suave, lo que ofrece un equilibrio entre rentabilidad y rendimiento.<\/li>\r\n<\/ul>\r\n<p data-sourcepos=\"34:1-34:646\">El principio de funcionamiento de las cuchillas de corte de 3 cuchillas consiste en el movimiento sincronizado de las tres cuchillas para cortar los tres lados abiertos de una pila de productos impresos en un solo ciclo. La pila se posiciona con precisi\u00f3n y, a continuaci\u00f3n, la cuchilla frontal se mueve horizontalmente para cortar el borde delantero, mientras que las dos cuchillas laterales se mueven verticalmente para cortar la cabeza y la cola. La precisi\u00f3n del corte depende del afilado y la alineaci\u00f3n de las cuchillas, as\u00ed como del preciso funcionamiento mec\u00e1nico de la m\u00e1quina. El afilado regular y el mantenimiento adecuado de las cuchillas de corte de 3 cuchillas son esenciales para mantener la calidad del corte y prolongar su vida \u00fatil.<\/p>\r\n<p>\"\u00a0<span style=\"color: #ff9900;\"><em><strong><a style=\"color: #ff9900;\" href=\"https:\/\/maxtormetal.com\/es\/contact\/\" target=\"_blank\" rel=\"noopener\">\u00a1Bienvenido a consultar!<\/a><\/strong><\/em><\/span><\/p>\r\n<p>Si no encuentras la cuchilla de tijera que buscas, tambi\u00e9n podemos personalizarla, consulta nuestra <span style=\"color: #ff9900;\">&quot;<a style=\"color: #ff9900;\" href=\"https:\/\/maxtormetal.com\/es\/custom-blades\/\" target=\"_blank\" rel=\"noopener\"><em><strong>Cuchillas Personalizadas<\/strong><\/em><\/a>&quot;<\/span> \u00a1Para aprender c\u00f3mo!<\/p>\r\n<h4><a href=\"https:\/\/maxtormetal.com\/es\/brochures\/\" target=\"_blank\" rel=\"noopener\"><strong><em><span style=\"color: #ff9900;\">Abrir Folletos<\/span><\/em><\/strong><\/a><\/h4>\r\n<hr \/><hr \/>\r\n<h2>\u00bfPor Qu\u00e9 Elegir METAL?<\/h2>\r\n<ol>\r\n<li><strong> Servicio de Importaci\u00f3n Integral y sin Complicaciones<\/strong><\/li>\r\n<\/ol>\r\n<p>Disfrute de la comodidad de una importaci\u00f3n sin interrupciones. Desde el transporte hasta el despacho de aduanas, manejamos todo el proceso. Solo tiene que pagar el IVA y esperar la llegada de sus productos.<\/p>\r\n<ol start=\"2\">\r\n<li><strong> Precios Competitivos<\/strong><\/li>\r\n<\/ol>\r\n<p>Hemos visto nuestras cuchillas destacarse en innumerables aplicaciones y estamos listos para cualquier proyecto que nos presente. Espere precisi\u00f3n, durabilidad y precios competitivos inigualables.<\/p>\r\n<ol start=\"3\">\r\n<li><strong> ODM y OEM Disponibles<\/strong><\/li>\r\n<\/ol>\r\n<p>Ya sea que nos proporcione dibujos, bocetos o muestras, podemos dise\u00f1ar y fabricar para usted. Tambi\u00e9n tenemos la experiencia para ayudar a modificar dise\u00f1os y especificaciones existentes para mejorar casi cualquier aplicaci\u00f3n de herramientas industriales. Por favor, contacte a nuestro equipo de ventas dedicado para discutir sus requisitos espec\u00edficos.<\/p>\r\n<ol start=\"4\">\r\n<li><strong> Control de Calidad Riguroso<\/strong><\/li>\r\n<\/ol>\r\n<p>Se realiza una serie de pruebas e inspecciones para controlar la calidad, incluyendo la inspecci\u00f3n del primer art\u00edculo, la inspecci\u00f3n de material entrante y materiales certificados, la inspecci\u00f3n de calidad en proceso, y la inspecci\u00f3n de calidad final.<\/p>\r\n<ol start=\"5\">\r\n<li><strong> Adquisici\u00f3n Flexible, Cooperaci\u00f3n Ilimitada<\/strong><\/li>\r\n<\/ol>\r\n<p>Ya sea usted un importador, distribuidor, mayorista o usuario final, le damos la bienvenida. Benef\u00edciese de MOQ m\u00ednimos, consultas sin complicaciones y mayor libertad de compra.<\/p>\r\n<ol start=\"6\">\r\n<li><strong> Monitoreo en Tiempo Real del Progreso de Producci\u00f3n<\/strong><\/li>\r\n<\/ol>\r\n<p>Consid\u00e9renos su monitor exclusivo. Le proporcionaremos actualizaciones regulares sobre cada etapa crucial de su l\u00ednea de producci\u00f3n. No importa la distancia, tendr\u00e1 informaci\u00f3n en tiempo real sobre el progreso de su producto.<\/p>\r\n<hr \/>\r\n<p><iframe loading=\"lazy\" title=\"Cuchilla cortadora de papel de tres caras para m\u00e1quina cortadora de papel\" width=\"800\" height=\"600\" src=\"https:\/\/www.youtube.com\/embed\/YLQELEjeeLs?feature=oembed&#038;enablejsapi=1&#038;origin=https:\/\/maxtormetal.com\" frameborder=\"0\" allow=\"accelerometer; autoplay; clipboard-write; encrypted-media; gyroscope; picture-in-picture; web-share\" referrerpolicy=\"strict-origin-when-cross-origin\" allowfullscreen><\/iframe><\/p>","protected":false},"excerpt":{"rendered":"<p>What do 3-Knife Trimmer Blades Mean? 3-knife trimmer blades, also known as three-knife cutter blades, are sets of precision cutting knives used in a three-knife trimmer machine. These machines are essential in the printing and bookbinding industries for simultaneously trimming three sides (fore-edge, head, and tail) of a stack of printed products like books, magazines, [&hellip;]<\/p>","protected":false},"featured_media":3055,"template":"","meta":[],"product_cat":[100,108],"product_tag":[420],"yoast_head":"<!-- This site is optimized with the Yoast SEO Premium plugin v23.6 (Yoast SEO v23.6) - https:\/\/yoast.com\/wordpress\/plugins\/seo\/ -->\n<title>3-knife Trimmer Blades - Maxtor Metal | Custom Industrial Blade Manufacturer &amp; Supplier<\/title>\n<meta name=\"description\" content=\"Explore our high-quality 3-knife trimmer blades and three-knife cutter blades for precise book and magazine trimming.Find durable book trimmer blades.\" \/>\n<meta name=\"robots\" content=\"index, follow, max-snippet:-1, max-image-preview:large, max-video-preview:-1\" \/>\n<link rel=\"canonical\" href=\"https:\/\/maxtormetal.com\/es\/producto\/cuchillas-para-guillotinas-de-tres-cuchillos\/\" \/>\n<meta property=\"og:locale\" content=\"es_ES\" \/>\n<meta property=\"og:type\" content=\"article\" \/>\n<meta property=\"og:title\" content=\"3-knife Trimmer Blades\" \/>\n<meta property=\"og:description\" content=\"Explore our high-quality 3-knife trimmer blades and three-knife cutter blades for precise book and magazine trimming.Find durable book trimmer blades.\" \/>\n<meta property=\"og:url\" content=\"https:\/\/maxtormetal.com\/es\/producto\/cuchillas-para-guillotinas-de-tres-cuchillos\/\" \/>\n<meta property=\"og:site_name\" content=\"Maxtor Metal | Custom Industrial Blade Manufacturer &amp; Supplier\" \/>\n<meta property=\"article:publisher\" content=\"https:\/\/www.facebook.com\/maxtormetalindustrial\" \/>\n<meta property=\"article:modified_time\" content=\"2025-05-06T10:48:44+00:00\" \/>\n<meta property=\"og:image\" content=\"https:\/\/maxtormetal.com\/wp-content\/uploads\/2023\/10\/3-knife-trimmer-blades-main1.jpg\" \/>\n\t<meta property=\"og:image:width\" content=\"800\" \/>\n\t<meta property=\"og:image:height\" content=\"800\" \/>\n\t<meta property=\"og:image:type\" content=\"image\/jpeg\" \/>\n<meta name=\"twitter:card\" content=\"summary_large_image\" \/>\n<script type=\"application\/ld+json\" class=\"yoast-schema-graph\">{\"@context\":\"https:\/\/schema.org\",\"@graph\":[{\"@type\":[\"WebPage\",\"ItemPage\"],\"@id\":\"https:\/\/maxtormetal.com\/product\/3-knife-trimmer-blades\/\",\"url\":\"https:\/\/maxtormetal.com\/product\/3-knife-trimmer-blades\/\",\"name\":\"3-knife Trimmer Blades - Maxtor Metal | Custom Industrial Blade Manufacturer &amp; Supplier\",\"isPartOf\":{\"@id\":\"https:\/\/maxtormetal.com\/fr\/#website\"},\"primaryImageOfPage\":{\"@id\":\"https:\/\/maxtormetal.com\/product\/3-knife-trimmer-blades\/#primaryimage\"},\"image\":{\"@id\":\"https:\/\/maxtormetal.com\/product\/3-knife-trimmer-blades\/#primaryimage\"},\"thumbnailUrl\":\"https:\/\/maxtormetal.com\/wp-content\/uploads\/2023\/10\/3-knife-trimmer-blades-main1.jpg\",\"datePublished\":\"2023-10-06T09:22:19+00:00\",\"dateModified\":\"2025-05-06T10:48:44+00:00\",\"description\":\"Explore our high-quality 3-knife trimmer blades and three-knife cutter blades for precise book and magazine trimming.Find durable book trimmer blades.\",\"breadcrumb\":{\"@id\":\"https:\/\/maxtormetal.com\/product\/3-knife-trimmer-blades\/#breadcrumb\"},\"inLanguage\":\"es\",\"potentialAction\":[{\"@type\":\"ReadAction\",\"target\":[\"https:\/\/maxtormetal.com\/product\/3-knife-trimmer-blades\/\"]}]},{\"@type\":\"ImageObject\",\"inLanguage\":\"es\",\"@id\":\"https:\/\/maxtormetal.com\/product\/3-knife-trimmer-blades\/#primaryimage\",\"url\":\"https:\/\/maxtormetal.com\/wp-content\/uploads\/2023\/10\/3-knife-trimmer-blades-main1.jpg\",\"contentUrl\":\"https:\/\/maxtormetal.com\/wp-content\/uploads\/2023\/10\/3-knife-trimmer-blades-main1.jpg\",\"width\":800,\"height\":800},{\"@type\":\"BreadcrumbList\",\"@id\":\"https:\/\/maxtormetal.com\/product\/3-knife-trimmer-blades\/#breadcrumb\",\"itemListElement\":[{\"@type\":\"ListItem\",\"position\":1,\"name\":\"Home\",\"item\":\"https:\/\/maxtormetal.com\/\"},{\"@type\":\"ListItem\",\"position\":2,\"name\":\"Products\",\"item\":\"https:\/\/maxtormetal.com\/products\/\"},{\"@type\":\"ListItem\",\"position\":3,\"name\":\"3-knife Trimmer Blades\"}]},{\"@type\":\"WebSite\",\"@id\":\"https:\/\/maxtormetal.com\/fr\/#website\",\"url\":\"https:\/\/maxtormetal.com\/fr\/\",\"name\":\"Maxtor Metal | Custom Industrial Blade Manufacturer &amp; Supplier\",\"description\":\"Mechanical blades and knives supplier for all machines made by China\",\"publisher\":{\"@id\":\"https:\/\/maxtormetal.com\/fr\/#organization\"},\"potentialAction\":[{\"@type\":\"SearchAction\",\"target\":{\"@type\":\"EntryPoint\",\"urlTemplate\":\"https:\/\/maxtormetal.com\/fr\/?s={search_term_string}\"},\"query-input\":{\"@type\":\"PropertyValueSpecification\",\"valueRequired\":true,\"valueName\":\"search_term_string\"}}],\"inLanguage\":\"es\"},{\"@type\":[\"Organization\",\"Place\"],\"@id\":\"https:\/\/maxtormetal.com\/fr\/#organization\",\"name\":\"Maxtor Metal\",\"alternateName\":\"Metal Industrial\",\"url\":\"https:\/\/maxtormetal.com\/fr\/\",\"logo\":{\"@id\":\"https:\/\/maxtormetal.com\/product\/3-knife-trimmer-blades\/#local-main-organization-logo\"},\"image\":{\"@id\":\"https:\/\/maxtormetal.com\/product\/3-knife-trimmer-blades\/#local-main-organization-logo\"},\"sameAs\":[\"https:\/\/www.facebook.com\/maxtormetalindustrial\",\"https:\/\/www.linkedin.com\/in\/metalindustrial\/\"],\"description\":\"Maxtor Metal (formerly known as Metal Industrial) is a custom industrial blade manufacturer based in Nanjing, China. Established in 2006 under Nanjing Metal Industrial CO., Limited, we specialize in manufacturing industrial machine blades, machine knives, and providing regrinding services for clients in over 80 countries worldwide.\",\"legalName\":\"Nanjing Metal Industrial CO., Limited\",\"foundingDate\":\"2006-02-18\",\"numberOfEmployees\":{\"@type\":\"QuantitativeValue\",\"minValue\":\"11\",\"maxValue\":\"50\"},\"address\":{\"@id\":\"https:\/\/maxtormetal.com\/product\/3-knife-trimmer-blades\/#local-main-place-address\"},\"telephone\":[],\"openingHoursSpecification\":[{\"@type\":\"OpeningHoursSpecification\",\"dayOfWeek\":[\"Monday\",\"Tuesday\",\"Wednesday\",\"Thursday\",\"Friday\",\"Saturday\",\"Sunday\"],\"opens\":\"09:00\",\"closes\":\"17:00\"}],\"email\":\"sales@maxtormetal.com\",\"areaServed\":\"Worldwide\",\"globalLocationNumber\":\"+86-158-6180-3357\"},{\"@type\":\"PostalAddress\",\"@id\":\"https:\/\/maxtormetal.com\/product\/3-knife-trimmer-blades\/#local-main-place-address\",\"streetAddress\":\"Mingjue Industrial Park, Lishui\",\"addressLocality\":\"Nanjing\",\"postalCode\":\"211223\",\"addressRegion\":\"Jiangsu\",\"addressCountry\":\"CN\"},{\"@type\":\"ImageObject\",\"inLanguage\":\"es\",\"@id\":\"https:\/\/maxtormetal.com\/product\/3-knife-trimmer-blades\/#local-main-organization-logo\",\"url\":\"https:\/\/maxtormetal.com\/wp-content\/uploads\/2023\/08\/cropped-cropped-logo-\u526f\u672c-\u526f\u672c-e1693303172756-1.png\",\"contentUrl\":\"https:\/\/maxtormetal.com\/wp-content\/uploads\/2023\/08\/cropped-cropped-logo-\u526f\u672c-\u526f\u672c-e1693303172756-1.png\",\"width\":441,\"height\":132,\"caption\":\"Maxtor Metal\"}]}<\/script>\n<meta name=\"geo.placename\" content=\"Nanjing\" \/>\n<meta name=\"geo.region\" content=\"China\" \/>\n<!-- \/ Yoast SEO Premium plugin. -->","yoast_head_json":{"title":"3-knife Trimmer Blades - Maxtor Metal | Custom Industrial Blade Manufacturer &amp; Supplier","description":"Explore our high-quality 3-knife trimmer blades and three-knife cutter blades for precise book and magazine trimming.Find durable book trimmer blades.","robots":{"index":"index","follow":"follow","max-snippet":"max-snippet:-1","max-image-preview":"max-image-preview:large","max-video-preview":"max-video-preview:-1"},"canonical":"https:\/\/maxtormetal.com\/es\/producto\/cuchillas-para-guillotinas-de-tres-cuchillos\/","og_locale":"es_ES","og_type":"article","og_title":"3-knife Trimmer Blades","og_description":"Explore our high-quality 3-knife trimmer blades and three-knife cutter blades for precise book and magazine trimming.Find durable book trimmer blades.","og_url":"https:\/\/maxtormetal.com\/es\/producto\/cuchillas-para-guillotinas-de-tres-cuchillos\/","og_site_name":"Maxtor Metal | Custom Industrial Blade Manufacturer &amp; Supplier","article_publisher":"https:\/\/www.facebook.com\/maxtormetalindustrial","article_modified_time":"2025-05-06T10:48:44+00:00","og_image":[{"width":800,"height":800,"url":"https:\/\/maxtormetal.com\/wp-content\/uploads\/2023\/10\/3-knife-trimmer-blades-main1.jpg","type":"image\/jpeg"}],"twitter_card":"summary_large_image","schema":{"@context":"https:\/\/schema.org","@graph":[{"@type":["WebPage","ItemPage"],"@id":"https:\/\/maxtormetal.com\/product\/3-knife-trimmer-blades\/","url":"https:\/\/maxtormetal.com\/product\/3-knife-trimmer-blades\/","name":"3-knife Trimmer Blades - Maxtor Metal | Custom Industrial Blade Manufacturer &amp; Supplier","isPartOf":{"@id":"https:\/\/maxtormetal.com\/fr\/#website"},"primaryImageOfPage":{"@id":"https:\/\/maxtormetal.com\/product\/3-knife-trimmer-blades\/#primaryimage"},"image":{"@id":"https:\/\/maxtormetal.com\/product\/3-knife-trimmer-blades\/#primaryimage"},"thumbnailUrl":"https:\/\/maxtormetal.com\/wp-content\/uploads\/2023\/10\/3-knife-trimmer-blades-main1.jpg","datePublished":"2023-10-06T09:22:19+00:00","dateModified":"2025-05-06T10:48:44+00:00","description":"Explore our high-quality 3-knife trimmer blades and three-knife cutter blades for precise book and magazine trimming.Find durable book trimmer blades.","breadcrumb":{"@id":"https:\/\/maxtormetal.com\/product\/3-knife-trimmer-blades\/#breadcrumb"},"inLanguage":"es","potentialAction":[{"@type":"ReadAction","target":["https:\/\/maxtormetal.com\/product\/3-knife-trimmer-blades\/"]}]},{"@type":"ImageObject","inLanguage":"es","@id":"https:\/\/maxtormetal.com\/product\/3-knife-trimmer-blades\/#primaryimage","url":"https:\/\/maxtormetal.com\/wp-content\/uploads\/2023\/10\/3-knife-trimmer-blades-main1.jpg","contentUrl":"https:\/\/maxtormetal.com\/wp-content\/uploads\/2023\/10\/3-knife-trimmer-blades-main1.jpg","width":800,"height":800},{"@type":"BreadcrumbList","@id":"https:\/\/maxtormetal.com\/product\/3-knife-trimmer-blades\/#breadcrumb","itemListElement":[{"@type":"ListItem","position":1,"name":"Home","item":"https:\/\/maxtormetal.com\/"},{"@type":"ListItem","position":2,"name":"Products","item":"https:\/\/maxtormetal.com\/products\/"},{"@type":"ListItem","position":3,"name":"3-knife Trimmer Blades"}]},{"@type":"WebSite","@id":"https:\/\/maxtormetal.com\/fr\/#website","url":"https:\/\/maxtormetal.com\/fr\/","name":"Maxtor Metal | Custom Industrial Blade Manufacturer &amp; Supplier","description":"Mechanical blades and knives supplier for all machines made by China","publisher":{"@id":"https:\/\/maxtormetal.com\/fr\/#organization"},"potentialAction":[{"@type":"SearchAction","target":{"@type":"EntryPoint","urlTemplate":"https:\/\/maxtormetal.com\/fr\/?s={search_term_string}"},"query-input":{"@type":"PropertyValueSpecification","valueRequired":true,"valueName":"search_term_string"}}],"inLanguage":"es"},{"@type":["Organization","Place"],"@id":"https:\/\/maxtormetal.com\/fr\/#organization","name":"Maxtor Metal","alternateName":"Metal Industrial","url":"https:\/\/maxtormetal.com\/fr\/","logo":{"@id":"https:\/\/maxtormetal.com\/product\/3-knife-trimmer-blades\/#local-main-organization-logo"},"image":{"@id":"https:\/\/maxtormetal.com\/product\/3-knife-trimmer-blades\/#local-main-organization-logo"},"sameAs":["https:\/\/www.facebook.com\/maxtormetalindustrial","https:\/\/www.linkedin.com\/in\/metalindustrial\/"],"description":"Maxtor Metal (formerly known as Metal Industrial) is a custom industrial blade manufacturer based in Nanjing, China. Established in 2006 under Nanjing Metal Industrial CO., Limited, we specialize in manufacturing industrial machine blades, machine knives, and providing regrinding services for clients in over 80 countries worldwide.","legalName":"Nanjing Metal Industrial CO., Limited","foundingDate":"2006-02-18","numberOfEmployees":{"@type":"QuantitativeValue","minValue":"11","maxValue":"50"},"address":{"@id":"https:\/\/maxtormetal.com\/product\/3-knife-trimmer-blades\/#local-main-place-address"},"telephone":[],"openingHoursSpecification":[{"@type":"OpeningHoursSpecification","dayOfWeek":["Monday","Tuesday","Wednesday","Thursday","Friday","Saturday","Sunday"],"opens":"09:00","closes":"17:00"}],"email":"sales@maxtormetal.com","areaServed":"Worldwide","globalLocationNumber":"+86-158-6180-3357"},{"@type":"PostalAddress","@id":"https:\/\/maxtormetal.com\/product\/3-knife-trimmer-blades\/#local-main-place-address","streetAddress":"Mingjue Industrial Park, Lishui","addressLocality":"Nanjing","postalCode":"211223","addressRegion":"Jiangsu","addressCountry":"CN"},{"@type":"ImageObject","inLanguage":"es","@id":"https:\/\/maxtormetal.com\/product\/3-knife-trimmer-blades\/#local-main-organization-logo","url":"https:\/\/maxtormetal.com\/wp-content\/uploads\/2023\/08\/cropped-cropped-logo-\u526f\u672c-\u526f\u672c-e1693303172756-1.png","contentUrl":"https:\/\/maxtormetal.com\/wp-content\/uploads\/2023\/08\/cropped-cropped-logo-\u526f\u672c-\u526f\u672c-e1693303172756-1.png","width":441,"height":132,"caption":"Maxtor Metal"}]},"geo.placename":"Nanjing","geo.region":"China"},"_links":{"self":[{"href":"https:\/\/maxtormetal.com\/es\/wp-json\/wp\/v2\/product\/3051"}],"collection":[{"href":"https:\/\/maxtormetal.com\/es\/wp-json\/wp\/v2\/product"}],"about":[{"href":"https:\/\/maxtormetal.com\/es\/wp-json\/wp\/v2\/types\/product"}],"wp:featuredmedia":[{"embeddable":true,"href":"https:\/\/maxtormetal.com\/es\/wp-json\/wp\/v2\/media\/3055"}],"wp:attachment":[{"href":"https:\/\/maxtormetal.com\/es\/wp-json\/wp\/v2\/media?parent=3051"}],"wp:term":[{"taxonomy":"product_cat","embeddable":true,"href":"https:\/\/maxtormetal.com\/es\/wp-json\/wp\/v2\/product_cat?post=3051"},{"taxonomy":"product_tag","embeddable":true,"href":"https:\/\/maxtormetal.com\/es\/wp-json\/wp\/v2\/product_tag?post=3051"}],"curies":[{"name":"wp","href":"https:\/\/api.w.org\/{rel}","templated":true}]}}