{"id":3079,"date":"2023-10-07T09:37:07","date_gmt":"2023-10-07T01:37:07","guid":{"rendered":"https:\/\/maxtormetal.com\/?post_type=product&#038;p=3079"},"modified":"2025-06-01T15:33:09","modified_gmt":"2025-06-01T07:33:09","slug":"cuchillas-dentadas-para-embalaje","status":"publish","type":"product","link":"https:\/\/maxtormetal.com\/es\/producto\/cuchillas-dentadas-para-embalaje\/","title":{"rendered":"Cuchillas Dentadas para Embalaje"},"content":{"rendered":"<h3 data-sourcepos=\"3:1-3:43\">\u00bfQu\u00e9 significan los cuchillos de embalaje dentados?<\/h3>\r\n<p data-sourcepos=\"5:1-5:1208\">Las cuchillas dentadas para embalaje son herramientas de corte dise\u00f1adas espec\u00edficamente para abrir, cortar o perforar diversos tipos de materiales de embalaje. Su caracter\u00edstica principal es su filo dentado, que presenta una serie de salientes similares a dientes. Este filo dentado permite que la cuchilla agarre y rasgue materiales con mayor facilidad que una hoja recta, especialmente al trabajar con embalajes flexibles, resistentes o multicapa como cart\u00f3n, pel\u00edculas de pl\u00e1stico, cintas y flejes. El dentado concentra la fuerza en las puntas de los dientes, iniciando un desgarro o corte con menos presi\u00f3n. Las cuchillas dentadas para embalaje se utilizan en una amplia gama de aplicaciones, desde operaciones de almac\u00e9n y departamentos de env\u00edo hasta entornos minoristas e incluso para el consumo. El tama\u00f1o, la forma, el material y el dise\u00f1o del dentado (por ejemplo, ondulado, puntiagudo, grueso o fino) pueden variar seg\u00fan el material de embalaje espec\u00edfico que se vaya a cortar. Los cuchillos de embalaje dentados tambi\u00e9n se denominan a veces &quot;cortadores de embalaje de borde dentado&quot;, &quot;cuchillas de embalaje dentadas&quot;, &quot;cortadores de cajas de cart\u00f3n corrugado (algunos tipos)&quot;, &quot;cortadores de pel\u00edculas y flejes (dentados)&quot; o &quot;cuchillos de desgarro de embalaje&quot;, seg\u00fan su uso y dise\u00f1o espec\u00edficos.<\/p>\r\n<h3 data-sourcepos=\"7:1-7:54\">Usos y aplicaciones de los cuchillos de embalaje dentados<\/h3>\r\n<p data-sourcepos=\"9:1-9:119\">Las cuchillas de embalaje dentadas son herramientas vers\u00e1tiles que se utilizan en diversas industrias y aplicaciones relacionadas con el embalaje:<\/p>\r\n<ul data-sourcepos=\"11:1-19:0\">\r\n<li data-sourcepos=\"11:1-11:186\"><strong>Apertura de cajas de cart\u00f3n:<\/strong> El borde dentado sujeta y corta eficazmente el cart\u00f3n corrugado, lo que lo hace ideal para desembalar env\u00edos en almacenes y departamentos de recepci\u00f3n.<\/li>\r\n<li data-sourcepos=\"12:1-12:195\"><strong>Corte de pel\u00edculas y bolsas de pl\u00e1stico:<\/strong> Se utiliza para abrir o cortar film estirable, film retr\u00e1ctil, bolsas de polietileno y otras pel\u00edculas de pl\u00e1stico para embalaje. Las estr\u00edas facilitan el desgarro y evitan el deslizamiento.<\/li>\r\n<li data-sourcepos=\"13:1-13:138\"><strong>Corte de correas de embalaje:<\/strong> Las hojas dentadas pueden cortar de manera eficiente correas de pl\u00e1stico o metal que se utilizan para asegurar paquetes para su env\u00edo.<\/li>\r\n<li data-sourcepos=\"14:1-14:140\"><strong>Materiales de embalaje perforados:<\/strong> Algunos cuchillos dentados est\u00e1n dise\u00f1ados para crear perforaciones en el embalaje para facilitar su corte o dispensado.<\/li>\r\n<li data-sourcepos=\"15:1-15:136\"><strong>Cortar cintas y etiquetas:<\/strong> Se utiliza para cortar cintas adhesivas, incluidas cintas de embalaje y cintas adhesivas, as\u00ed como para recortar etiquetas.<\/li>\r\n<li data-sourcepos=\"16:1-16:148\"><strong>Corte de muestra (en fabricaci\u00f3n):<\/strong> En algunos entornos de fabricaci\u00f3n, se utilizan cuchillos dentados para cortar muestras de materiales de embalaje para realizar pruebas.<\/li>\r\n<li data-sourcepos=\"17:1-17:147\"><strong>Uso minorista y de consumo:<\/strong> Los consumidores suelen utilizar cuchillos dentados m\u00e1s peque\u00f1os para abrir productos envasados en casa o en entornos minoristas.<\/li>\r\n<li data-sourcepos=\"18:1-19:0\"><strong>Envasado de alimentos:<\/strong> En el procesamiento y envasado de alimentos se utilizan cuchillos dentados especializados para abrir bolsas o cortar ciertos tipos de pel\u00edculas de envasado de alimentos.<\/li>\r\n<\/ul>\r\n<p data-sourcepos=\"20:1-20:158\">El dise\u00f1o espec\u00edfico del cuchillo de embalaje dentado se elige en funci\u00f3n de los materiales primarios que se utilizar\u00e1n para cortar y la velocidad y facilidad de uso deseadas.<\/p>\r\n<h3 data-sourcepos=\"22:1-22:50\">Materiales comunes para cuchillos de embalaje dentados<\/h3>\r\n<p data-sourcepos=\"24:1-24:287\">Los materiales utilizados para fabricar cuchillos dentados para embalaje se seleccionan por su filo, durabilidad para soportar el uso repetido en diversos materiales de embalaje y, a menudo, su resistencia a la corrosi\u00f3n, especialmente para cuchillos utilizados en entornos h\u00famedos o industriales. Los materiales m\u00e1s comunes incluyen:<\/p>\r\n<ul data-sourcepos=\"26:1-30:0\">\r\n<li data-sourcepos=\"26:1-26:189\"><strong>Acero inoxidable (varios grados, por ejemplo, 420, 440):<\/strong> Ofrece un buen equilibrio entre nitidez, resistencia a la corrosi\u00f3n y durabilidad, lo que lo convierte en una opci\u00f3n popular para muchas aplicaciones de embalaje.<\/li>\r\n<li data-sourcepos=\"27:1-27:178\"><strong>Acero con Alto Contenido de Carbono:<\/strong> Se puede templar para lograr un filo dentado muy afilado, ideal para tareas de corte exigentes. Puede requerir recubrimientos o un mantenimiento cuidadoso para evitar la oxidaci\u00f3n.<\/li>\r\n<li data-sourcepos=\"28:1-28:128\"><strong>Aceros para herramientas (por ejemplo, SK5):<\/strong> Proporciona buena resistencia al desgaste y puede mantener un borde dentado afilado, adecuado para uso industrial.<\/li>\r\n<li data-sourcepos=\"29:1-30:0\"><strong>Materiales cer\u00e1micos:<\/strong> En algunas aplicaciones especializadas, las hojas dentadas de cer\u00e1mica ofrecen una excelente agudeza y son muy resistentes al desgaste y la corrosi\u00f3n, aunque pueden ser m\u00e1s fr\u00e1giles.<\/li>\r\n<\/ul>\r\n<p data-sourcepos=\"31:1-31:349\">El filo dentado se forma generalmente mediante estampado, rectificado o corte por l\u00e1ser. El filo y el perfil del dentado son cruciales para el rendimiento de corte del cuchillo. Algunos cuchillos de embalaje dentados tambi\u00e9n pueden contar con mangos ergon\u00f3micos de pl\u00e1stico, goma o materiales compuestos para un agarre c\u00f3modo y seguro.<\/p>\r\n<h3 data-sourcepos=\"33:1-33:46\">Formas comunes de cuchillos de embalaje dentados<\/h3>\r\n<p data-sourcepos=\"35:1-35:113\">Los cuchillos de embalaje dentados vienen en varias formas y tama\u00f1os, adaptados a diferentes tareas y preferencias del usuario:<\/p>\r\n<ul data-sourcepos=\"37:1-43:0\">\r\n<li data-sourcepos=\"37:1-37:143\"><strong>Cuchillos de hoja fija:<\/strong> Cuenta con una cuchilla que est\u00e1 unida permanentemente al mango, lo que ofrece resistencia y estabilidad para cortes m\u00e1s pesados.<\/li>\r\n<li data-sourcepos=\"38:1-38:197\"><strong>Cuchillos de hoja retr\u00e1ctil (c\u00fateres):<\/strong> Tienen una cuchilla que se puede extender o retraer en el mango para mayor seguridad y comodidad. Muchos c\u00fateres dise\u00f1ados para embalaje utilizan cuchillas dentadas.<\/li>\r\n<li data-sourcepos=\"39:1-39:117\"><strong>Cuchillos multiusos:<\/strong> Cuchillos vers\u00e1tiles con hojas dentadas reemplazables, a menudo utilizados para una variedad de tareas de embalaje.<\/li>\r\n<li data-sourcepos=\"40:1-40:158\"><strong>Hojas de gancho (con estr\u00edas):<\/strong> Algunas cuchillas con forma de gancho dise\u00f1adas para cortar correas o pel\u00edculas tambi\u00e9n cuentan con estr\u00edas para mejorar el agarre y el poder de corte.<\/li>\r\n<li data-sourcepos=\"41:1-41:138\"><strong>Cortadores de mano peque\u00f1os:<\/strong> Herramientas compactas con una hoja corta, a menudo parcialmente dentada, dise\u00f1adas para una apertura r\u00e1pida y sencilla de paquetes.<\/li>\r\n<li data-sourcepos=\"42:1-43:0\"><strong>Cortadores rotatorios (con bordes dentados):<\/strong> Cuchillas circulares con bordes dentados utilizadas en algunas m\u00e1quinas de envasado especializadas.<\/li>\r\n<\/ul>\r\n<p data-sourcepos=\"44:1-44:56\">Las propias estr\u00edas pueden variar en forma y densidad:<\/p>\r\n<ul data-sourcepos=\"46:1-50:0\">\r\n<li data-sourcepos=\"46:1-46:69\"><strong>Estr\u00edas onduladas:<\/strong> Proporciona una buena acci\u00f3n de corte de uso general.<\/li>\r\n<li data-sourcepos=\"47:1-47:92\"><strong>Estr\u00edas puntiagudas:<\/strong> Dientes agresivos que se destacan por iniciar cortes en materiales duros.<\/li>\r\n<li data-sourcepos=\"48:1-48:76\"><strong>Estr\u00edas finas:<\/strong> Ofrece un corte m\u00e1s suave, adecuado para materiales m\u00e1s delgados.<\/li>\r\n<li data-sourcepos=\"49:1-50:0\"><strong>Estr\u00edas gruesas:<\/strong> Dise\u00f1ado para cortar embalajes m\u00e1s gruesos o m\u00e1s r\u00edgidos.<\/li>\r\n<\/ul>\r\n<p data-sourcepos=\"51:1-51:152\">El dise\u00f1o general del cuchillo de embalaje dentado tiene como objetivo proporcionar una herramienta segura, eficiente y c\u00f3moda para manipular diversos materiales de embalaje.<\/p>\r\n<p>Si no encuentra la cuchilla que busca, tambi\u00e9n podemos personalizarla. \u00a1Consulte nuestras <span style=\"color: #ff9900;\">&quot;<a style=\"color: #ff9900;\" href=\"https:\/\/maxtormetal.com\/es\/custom-blades\/\" target=\"_blank\" rel=\"noopener\"><em><strong>Cuchillas Personalizadas<\/strong><\/em><\/a>&quot;<\/span> para saber c\u00f3mo!\u00a0<span style=\"color: #ff9900;\"><em><strong><a style=\"color: #ff9900;\" href=\"https:\/\/maxtormetal.com\/es\/contact\/\" target=\"_blank\" rel=\"noopener\">\u00a1Bienvenido a consultar!<\/a><\/strong><\/em><\/span><\/p>\r\n<h4><span style=\"color: #ff9900;\"><a style=\"color: #ff9900;\" href=\"https:\/\/maxtormetal.com\/es\/brochures\/\" target=\"_blank\" rel=\"noopener\"><strong><em>Abrir Folletos<\/em><\/strong><\/a><\/span><\/h4>\r\n<hr \/>\r\n<h2>\u00bfPor Qu\u00e9 Elegir METAL?<\/h2>\r\n<ol>\r\n<li>\r\n<h3><strong> Servicio de Importaci\u00f3n Integral y sin Complicaciones<\/strong><\/h3>\r\n<\/li>\r\n<\/ol>\r\n<p>Disfrute de la comodidad de una importaci\u00f3n sin interrupciones. Desde el transporte hasta el despacho de aduanas, manejamos todo el proceso. Solo tiene que pagar el IVA y esperar la llegada de sus productos.<\/p>\r\n<ol start=\"2\">\r\n<li>\r\n<h3><strong> Precios Competitivos<\/strong><\/h3>\r\n<\/li>\r\n<\/ol>\r\n<p>Hemos visto nuestras cuchillas destacarse en innumerables aplicaciones y estamos listos para cualquier proyecto que nos presente. Espere precisi\u00f3n, durabilidad y precios competitivos inigualables.<\/p>\r\n<ol start=\"3\">\r\n<li>\r\n<h3><strong> ODM y OEM Disponibles<\/strong><\/h3>\r\n<\/li>\r\n<\/ol>\r\n<p>Ya sea que nos proporcione dibujos, bocetos o muestras, podemos dise\u00f1ar y fabricar para usted. Tambi\u00e9n tenemos la experiencia para ayudar a modificar dise\u00f1os y especificaciones existentes para mejorar casi cualquier aplicaci\u00f3n de herramientas industriales. Por favor, contacte a nuestro equipo de ventas dedicado para discutir sus requisitos espec\u00edficos.<\/p>\r\n<ol start=\"4\">\r\n<li>\r\n<h3><strong> Control de Calidad Riguroso<\/strong><\/h3>\r\n<\/li>\r\n<\/ol>\r\n<p>Se realiza una serie de pruebas e inspecciones para controlar la calidad, incluyendo la inspecci\u00f3n del primer art\u00edculo, la inspecci\u00f3n de material entrante y materiales certificados, la inspecci\u00f3n de calidad en proceso, y la inspecci\u00f3n de calidad final.<\/p>\r\n<ol start=\"5\">\r\n<li>\r\n<h3><strong> Adquisici\u00f3n Flexible, Cooperaci\u00f3n Ilimitada<\/strong><\/h3>\r\n<\/li>\r\n<\/ol>\r\n<p>Ya sea usted un importador, distribuidor, mayorista o usuario final, le damos la bienvenida. Benef\u00edciese de MOQ m\u00ednimos, consultas sin complicaciones y mayor libertad de compra.<\/p>\r\n<ol start=\"6\">\r\n<li>\r\n<h3><strong> Monitoreo en Tiempo Real del Progreso de Producci\u00f3n<\/strong><\/h3>\r\n<\/li>\r\n<\/ol>\r\n<p>Consid\u00e9renos su monitor exclusivo. Le proporcionaremos actualizaciones regulares sobre cada etapa crucial de su l\u00ednea de producci\u00f3n. No importa la distancia, tendr\u00e1 informaci\u00f3n en tiempo real sobre el progreso de su producto.<\/p>\r\n<hr \/>\r\n<p><iframe loading=\"lazy\" title=\"Cuchilla para m\u00e1quina de embalaje en forma de T Herramienta de corte Hoja de sierra\" width=\"800\" height=\"600\" src=\"https:\/\/www.youtube.com\/embed\/wOuLacXQE6g?feature=oembed&#038;enablejsapi=1&#038;origin=https:\/\/maxtormetal.com\" frameborder=\"0\" allow=\"accelerometer; autoplay; clipboard-write; encrypted-media; gyroscope; picture-in-picture; web-share\" referrerpolicy=\"strict-origin-when-cross-origin\" allowfullscreen><\/iframe><\/p>","protected":false},"excerpt":{"rendered":"<p>What do Serrated Packaging Knives Mean? &#8220;Serrated Packaging Knives&#8221; are cutting tools specifically designed for opening, cutting, or perforating various types of packaging materials. The key characteristic of these knives is their serrated edge, which features a series of tooth-like projections. This jagged edge allows the knife to grip and tear through materials more easily [&hellip;]<\/p>","protected":false},"featured_media":3081,"template":"","meta":[],"product_cat":[114,100,108,109],"product_tag":[414,415],"yoast_head":"<!-- This site is optimized with the Yoast SEO Premium plugin v23.6 (Yoast SEO v23.6) - https:\/\/yoast.com\/wordpress\/plugins\/seo\/ -->\n<title>Serrated Packaging Knives - Metal Industrial, Industrial Blade Manufacturer, Cutting Knives and blades, Machine Knives and blades supplier, Custom Blades solution<\/title>\n<meta name=\"description\" content=\"Discover durable Serrated Packaging Knives for easy and efficient opening of boxes, films, straps, and more. Explore our range of jagged edge cutters for industrial and commercial use!\" \/>\n<meta name=\"robots\" content=\"index, follow, max-snippet:-1, max-image-preview:large, max-video-preview:-1\" \/>\n<link rel=\"canonical\" href=\"https:\/\/maxtormetal.com\/es\/producto\/cuchillas-dentadas-para-embalaje\/\" \/>\n<meta property=\"og:locale\" content=\"es_ES\" \/>\n<meta property=\"og:type\" content=\"article\" \/>\n<meta property=\"og:title\" content=\"Serrated Packaging Knives\" \/>\n<meta property=\"og:description\" content=\"Discover durable Serrated Packaging Knives for easy and efficient opening of boxes, films, straps, and more. Explore our range of jagged edge cutters for industrial and commercial use!\" \/>\n<meta property=\"og:url\" content=\"https:\/\/maxtormetal.com\/es\/producto\/cuchillas-dentadas-para-embalaje\/\" \/>\n<meta property=\"og:site_name\" content=\"Metal Industrial, Industrial Blade Manufacturer, Cutting Knives and blades, Machine Knives and blades supplier, Custom Blades solution\" \/>\n<meta property=\"article:publisher\" content=\"https:\/\/www.facebook.com\/mengli.tang.3\" \/>\n<meta property=\"article:modified_time\" content=\"2025-06-01T07:33:09+00:00\" \/>\n<meta property=\"og:image\" content=\"https:\/\/maxtormetal.com\/wp-content\/uploads\/2023\/10\/toothed-bar-blade-detail211.jpg\" \/>\n\t<meta property=\"og:image:width\" content=\"750\" \/>\n\t<meta property=\"og:image:height\" content=\"750\" \/>\n\t<meta property=\"og:image:type\" content=\"image\/jpeg\" \/>\n<meta name=\"twitter:card\" content=\"summary_large_image\" \/>\n<meta name=\"twitter:site\" content=\"@MengliT13570\" \/>\n<script type=\"application\/ld+json\" class=\"yoast-schema-graph\">{\"@context\":\"https:\/\/schema.org\",\"@graph\":[{\"@type\":[\"WebPage\",\"ItemPage\"],\"@id\":\"https:\/\/maxtormetal.com\/product\/serrated-packaging-knives\/\",\"url\":\"https:\/\/maxtormetal.com\/product\/serrated-packaging-knives\/\",\"name\":\"Serrated Packaging Knives - Metal Industrial, Industrial Blade Manufacturer, Cutting Knives and blades, Machine Knives and blades supplier, Custom Blades solution\",\"isPartOf\":{\"@id\":\"https:\/\/maxtormetal.com\/fr\/#website\"},\"primaryImageOfPage\":{\"@id\":\"https:\/\/maxtormetal.com\/product\/serrated-packaging-knives\/#primaryimage\"},\"image\":{\"@id\":\"https:\/\/maxtormetal.com\/product\/serrated-packaging-knives\/#primaryimage\"},\"thumbnailUrl\":\"https:\/\/maxtormetal.com\/wp-content\/uploads\/2023\/10\/toothed-bar-blade-detail211.jpg\",\"datePublished\":\"2023-10-07T01:37:07+00:00\",\"dateModified\":\"2025-06-01T07:33:09+00:00\",\"description\":\"Discover durable Serrated Packaging Knives for easy and efficient opening of boxes, films, straps, and more. Explore our range of jagged edge cutters for industrial and commercial use!\",\"breadcrumb\":{\"@id\":\"https:\/\/maxtormetal.com\/product\/serrated-packaging-knives\/#breadcrumb\"},\"inLanguage\":\"es\",\"potentialAction\":[{\"@type\":\"ReadAction\",\"target\":[\"https:\/\/maxtormetal.com\/product\/serrated-packaging-knives\/\"]}]},{\"@type\":\"ImageObject\",\"inLanguage\":\"es\",\"@id\":\"https:\/\/maxtormetal.com\/product\/serrated-packaging-knives\/#primaryimage\",\"url\":\"https:\/\/maxtormetal.com\/wp-content\/uploads\/2023\/10\/toothed-bar-blade-detail211.jpg\",\"contentUrl\":\"https:\/\/maxtormetal.com\/wp-content\/uploads\/2023\/10\/toothed-bar-blade-detail211.jpg\",\"width\":750,\"height\":750,\"caption\":\"Serrated Packaging Knife\"},{\"@type\":\"BreadcrumbList\",\"@id\":\"https:\/\/maxtormetal.com\/product\/serrated-packaging-knives\/#breadcrumb\",\"itemListElement\":[{\"@type\":\"ListItem\",\"position\":1,\"name\":\"Home\",\"item\":\"https:\/\/maxtormetal.com\/\"},{\"@type\":\"ListItem\",\"position\":2,\"name\":\"Products\",\"item\":\"https:\/\/maxtormetal.com\/products\/\"},{\"@type\":\"ListItem\",\"position\":3,\"name\":\"Serrated Packaging Knives\"}]},{\"@type\":\"WebSite\",\"@id\":\"https:\/\/maxtormetal.com\/fr\/#website\",\"url\":\"https:\/\/maxtormetal.com\/fr\/\",\"name\":\"Metal Industrial, Industrial Blade Manufacturer, Cutting Knives and blades, Machine Knives and blades supplier, Custom Blades solution\",\"description\":\"Mechanical blades and knives supplier for all machines made by China\",\"publisher\":{\"@id\":\"https:\/\/maxtormetal.com\/fr\/#organization\"},\"potentialAction\":[{\"@type\":\"SearchAction\",\"target\":{\"@type\":\"EntryPoint\",\"urlTemplate\":\"https:\/\/maxtormetal.com\/fr\/?s={search_term_string}\"},\"query-input\":{\"@type\":\"PropertyValueSpecification\",\"valueRequired\":true,\"valueName\":\"search_term_string\"}}],\"inLanguage\":\"es\"},{\"@type\":[\"Organization\",\"Place\"],\"@id\":\"https:\/\/maxtormetal.com\/fr\/#organization\",\"name\":\"Nanjing Metal Industrial CO., Limited\",\"alternateName\":\"Metal Industrial\",\"url\":\"https:\/\/maxtormetal.com\/fr\/\",\"logo\":{\"@id\":\"https:\/\/maxtormetal.com\/product\/serrated-packaging-knives\/#local-main-organization-logo\"},\"image\":{\"@id\":\"https:\/\/maxtormetal.com\/product\/serrated-packaging-knives\/#local-main-organization-logo\"},\"sameAs\":[\"https:\/\/www.facebook.com\/mengli.tang.3\",\"https:\/\/x.com\/MengliT13570\",\"https:\/\/www.linkedin.com\/in\/metalindustrial\/\"],\"description\":\"NanjingMetal is specialized in manufacturing and supplying industrial blades and knives, and its main business is to provide customers with customized industrial blades to meet their specific needs. With an experienced design and production team, we utilize the supply chain advantage in China to provide customers with competitive high quality industrial blades and knives.\",\"legalName\":\"Nanjing Metal Industrial CO., Limited\",\"foundingDate\":\"2006-02-18\",\"numberOfEmployees\":{\"@type\":\"QuantitativeValue\",\"minValue\":\"11\",\"maxValue\":\"50\"},\"telephone\":[],\"openingHoursSpecification\":[{\"@type\":\"OpeningHoursSpecification\",\"dayOfWeek\":[\"Monday\",\"Tuesday\",\"Wednesday\",\"Thursday\",\"Friday\",\"Saturday\",\"Sunday\"],\"opens\":\"09:00\",\"closes\":\"17:00\"}]},{\"@type\":\"ImageObject\",\"inLanguage\":\"es\",\"@id\":\"https:\/\/maxtormetal.com\/product\/serrated-packaging-knives\/#local-main-organization-logo\",\"url\":\"https:\/\/maxtormetal.com\/wp-content\/uploads\/2023\/08\/cropped-cropped-logo-\u526f\u672c-\u526f\u672c-e1693303172756-1.png\",\"contentUrl\":\"https:\/\/maxtormetal.com\/wp-content\/uploads\/2023\/08\/cropped-cropped-logo-\u526f\u672c-\u526f\u672c-e1693303172756-1.png\",\"width\":441,\"height\":132,\"caption\":\"Nanjing Metal Industrial CO., Limited\"}]}<\/script>\n<!-- \/ Yoast SEO Premium plugin. -->","yoast_head_json":{"title":"Serrated Packaging Knives - Metal Industrial, Industrial Blade Manufacturer, Cutting Knives and blades, Machine Knives and blades supplier, Custom Blades solution","description":"Discover durable Serrated Packaging Knives for easy and efficient opening of boxes, films, straps, and more. Explore our range of jagged edge cutters for industrial and commercial use!","robots":{"index":"index","follow":"follow","max-snippet":"max-snippet:-1","max-image-preview":"max-image-preview:large","max-video-preview":"max-video-preview:-1"},"canonical":"https:\/\/maxtormetal.com\/es\/producto\/cuchillas-dentadas-para-embalaje\/","og_locale":"es_ES","og_type":"article","og_title":"Serrated Packaging Knives","og_description":"Discover durable Serrated Packaging Knives for easy and efficient opening of boxes, films, straps, and more. Explore our range of jagged edge cutters for industrial and commercial use!","og_url":"https:\/\/maxtormetal.com\/es\/producto\/cuchillas-dentadas-para-embalaje\/","og_site_name":"Metal Industrial, Industrial Blade Manufacturer, Cutting Knives and blades, Machine Knives and blades supplier, Custom Blades solution","article_publisher":"https:\/\/www.facebook.com\/mengli.tang.3","article_modified_time":"2025-06-01T07:33:09+00:00","og_image":[{"width":750,"height":750,"url":"https:\/\/maxtormetal.com\/wp-content\/uploads\/2023\/10\/toothed-bar-blade-detail211.jpg","type":"image\/jpeg"}],"twitter_card":"summary_large_image","twitter_site":"@MengliT13570","schema":{"@context":"https:\/\/schema.org","@graph":[{"@type":["WebPage","ItemPage"],"@id":"https:\/\/maxtormetal.com\/product\/serrated-packaging-knives\/","url":"https:\/\/maxtormetal.com\/product\/serrated-packaging-knives\/","name":"Serrated Packaging Knives - Metal Industrial, Industrial Blade Manufacturer, Cutting Knives and blades, Machine Knives and blades supplier, Custom Blades solution","isPartOf":{"@id":"https:\/\/maxtormetal.com\/fr\/#website"},"primaryImageOfPage":{"@id":"https:\/\/maxtormetal.com\/product\/serrated-packaging-knives\/#primaryimage"},"image":{"@id":"https:\/\/maxtormetal.com\/product\/serrated-packaging-knives\/#primaryimage"},"thumbnailUrl":"https:\/\/maxtormetal.com\/wp-content\/uploads\/2023\/10\/toothed-bar-blade-detail211.jpg","datePublished":"2023-10-07T01:37:07+00:00","dateModified":"2025-06-01T07:33:09+00:00","description":"Discover durable Serrated Packaging Knives for easy and efficient opening of boxes, films, straps, and more. Explore our range of jagged edge cutters for industrial and commercial use!","breadcrumb":{"@id":"https:\/\/maxtormetal.com\/product\/serrated-packaging-knives\/#breadcrumb"},"inLanguage":"es","potentialAction":[{"@type":"ReadAction","target":["https:\/\/maxtormetal.com\/product\/serrated-packaging-knives\/"]}]},{"@type":"ImageObject","inLanguage":"es","@id":"https:\/\/maxtormetal.com\/product\/serrated-packaging-knives\/#primaryimage","url":"https:\/\/maxtormetal.com\/wp-content\/uploads\/2023\/10\/toothed-bar-blade-detail211.jpg","contentUrl":"https:\/\/maxtormetal.com\/wp-content\/uploads\/2023\/10\/toothed-bar-blade-detail211.jpg","width":750,"height":750,"caption":"Serrated Packaging Knife"},{"@type":"BreadcrumbList","@id":"https:\/\/maxtormetal.com\/product\/serrated-packaging-knives\/#breadcrumb","itemListElement":[{"@type":"ListItem","position":1,"name":"Home","item":"https:\/\/maxtormetal.com\/"},{"@type":"ListItem","position":2,"name":"Products","item":"https:\/\/maxtormetal.com\/products\/"},{"@type":"ListItem","position":3,"name":"Serrated Packaging Knives"}]},{"@type":"WebSite","@id":"https:\/\/maxtormetal.com\/fr\/#website","url":"https:\/\/maxtormetal.com\/fr\/","name":"Metal Industrial, Industrial Blade Manufacturer, Cutting Knives and blades, Machine Knives and blades supplier, Custom Blades solution","description":"Mechanical blades and knives supplier for all machines made by China","publisher":{"@id":"https:\/\/maxtormetal.com\/fr\/#organization"},"potentialAction":[{"@type":"SearchAction","target":{"@type":"EntryPoint","urlTemplate":"https:\/\/maxtormetal.com\/fr\/?s={search_term_string}"},"query-input":{"@type":"PropertyValueSpecification","valueRequired":true,"valueName":"search_term_string"}}],"inLanguage":"es"},{"@type":["Organization","Place"],"@id":"https:\/\/maxtormetal.com\/fr\/#organization","name":"Nanjing Metal Industrial CO., Limited","alternateName":"Metal Industrial","url":"https:\/\/maxtormetal.com\/fr\/","logo":{"@id":"https:\/\/maxtormetal.com\/product\/serrated-packaging-knives\/#local-main-organization-logo"},"image":{"@id":"https:\/\/maxtormetal.com\/product\/serrated-packaging-knives\/#local-main-organization-logo"},"sameAs":["https:\/\/www.facebook.com\/mengli.tang.3","https:\/\/x.com\/MengliT13570","https:\/\/www.linkedin.com\/in\/metalindustrial\/"],"description":"NanjingMetal is specialized in manufacturing and supplying industrial blades and knives, and its main business is to provide customers with customized industrial blades to meet their specific needs. With an experienced design and production team, we utilize the supply chain advantage in China to provide customers with competitive high quality industrial blades and knives.","legalName":"Nanjing Metal Industrial CO., Limited","foundingDate":"2006-02-18","numberOfEmployees":{"@type":"QuantitativeValue","minValue":"11","maxValue":"50"},"telephone":[],"openingHoursSpecification":[{"@type":"OpeningHoursSpecification","dayOfWeek":["Monday","Tuesday","Wednesday","Thursday","Friday","Saturday","Sunday"],"opens":"09:00","closes":"17:00"}]},{"@type":"ImageObject","inLanguage":"es","@id":"https:\/\/maxtormetal.com\/product\/serrated-packaging-knives\/#local-main-organization-logo","url":"https:\/\/maxtormetal.com\/wp-content\/uploads\/2023\/08\/cropped-cropped-logo-\u526f\u672c-\u526f\u672c-e1693303172756-1.png","contentUrl":"https:\/\/maxtormetal.com\/wp-content\/uploads\/2023\/08\/cropped-cropped-logo-\u526f\u672c-\u526f\u672c-e1693303172756-1.png","width":441,"height":132,"caption":"Nanjing Metal Industrial CO., Limited"}]}},"_links":{"self":[{"href":"https:\/\/maxtormetal.com\/es\/wp-json\/wp\/v2\/product\/3079"}],"collection":[{"href":"https:\/\/maxtormetal.com\/es\/wp-json\/wp\/v2\/product"}],"about":[{"href":"https:\/\/maxtormetal.com\/es\/wp-json\/wp\/v2\/types\/product"}],"wp:featuredmedia":[{"embeddable":true,"href":"https:\/\/maxtormetal.com\/es\/wp-json\/wp\/v2\/media\/3081"}],"wp:attachment":[{"href":"https:\/\/maxtormetal.com\/es\/wp-json\/wp\/v2\/media?parent=3079"}],"wp:term":[{"taxonomy":"product_cat","embeddable":true,"href":"https:\/\/maxtormetal.com\/es\/wp-json\/wp\/v2\/product_cat?post=3079"},{"taxonomy":"product_tag","embeddable":true,"href":"https:\/\/maxtormetal.com\/es\/wp-json\/wp\/v2\/product_tag?post=3079"}],"curies":[{"name":"wp","href":"https:\/\/api.w.org\/{rel}","templated":true}]}}