{"id":3104,"date":"2023-10-07T09:54:30","date_gmt":"2023-10-07T01:54:30","guid":{"rendered":"https:\/\/maxtormetal.com\/?post_type=product&#038;p=3104"},"modified":"2025-05-29T11:21:32","modified_gmt":"2025-05-29T03:21:32","slug":"rodillo-para-mascarilla-medica-n95","status":"publish","type":"product","link":"https:\/\/maxtormetal.com\/es\/producto\/rodillo-para-mascarilla-medica-n95\/","title":{"rendered":"Rodillo para Mascarillas M\u00e9dicas N95"},"content":{"rendered":"<h3 data-sourcepos=\"3:1-3:42\">\u00bfQu\u00e9 significan los rodillos para mascarillas m\u00e9dicas N95?<\/h3>\r\n<p data-sourcepos=\"5:1-5:1254\">El t\u00e9rmino &quot;Rodillo para Mascarillas M\u00e9dicas N95&quot; probablemente se refiere a un componente cil\u00edndrico o una cuchilla que se utiliza en la producci\u00f3n automatizada de mascarillas m\u00e9dicas N95. Dada la complejidad de la fabricaci\u00f3n de mascarillas N95, que implica m\u00faltiples capas de telas no tejidas (incluida la crucial capa de meltblown), un moldeado preciso, sellado y la creaci\u00f3n de pliegues, un rodillo en este contexto podr\u00eda cumplir diversas funciones. Si se trata de una cuchilla para rodillo de mascarillas m\u00e9dicas N95, ser\u00eda una herramienta de corte rotatoria que se utiliza para cortar o recortar las capas de tela a dimensiones espec\u00edficas o para crear caracter\u00edsticas como ranuras para las orejeras o dar forma al cuerpo de la mascarilla. Por otro lado, &quot;rodillo&quot; podr\u00eda referirse a un rodillo de conformado que ayuda a crear la forma tridimensional de la mascarilla, incluyendo el \u00e1rea del puente nasal y el contorno general dise\u00f1ado para un sellado facial herm\u00e9tico. La parte &quot;Mascarilla M\u00e9dica N95&quot; del nombre especifica que este rodillo o cuchilla est\u00e1 dise\u00f1ado para los requisitos precisos de producci\u00f3n de mascarillas que cumplen con el est\u00e1ndar de filtraci\u00f3n N95 y los criterios de grado m\u00e9dico. Dependiendo de su funci\u00f3n espec\u00edfica, una cuchilla de rodillo para mascarilla m\u00e9dica N95 tambi\u00e9n podr\u00eda llamarse &quot;troqueladora rotativa para mascarillas N95&quot;, &quot;rodillo cortador de tejido meltblown&quot;, &quot;cuchilla de rodillo moldeador de mascarillas&quot; o &quot;rodillo formador de mascarillas N95&quot;.<\/p>\r\n<h3 data-sourcepos=\"7:1-7:79\">Usos y aplicaciones de los rodillos para mascarillas m\u00e9dicas N95 (Roller Blade)<\/h3>\r\n<p data-sourcepos=\"9:1-9:174\">Si el &quot;Rodillo para Mascarilla M\u00e9dica N95&quot; es una cuchilla, sus usos y aplicaciones dentro del proceso de fabricaci\u00f3n de mascarillas N95 ser\u00edan fundamentales para dar forma y dimensionar los componentes de la mascarilla:<\/p>\r\n<ul data-sourcepos=\"11:1-18:0\">\r\n<li data-sourcepos=\"11:1-11:191\"><strong>Corte longitudinal de tejido meltblown:<\/strong> Cortar con precisi\u00f3n la capa meltblown, esencial para la eficiencia de filtraci\u00f3n del N95, en los anchos necesarios para su integraci\u00f3n en la estructura de la m\u00e1scara.<\/li>\r\n<li data-sourcepos=\"12:1-12:129\"><strong>Recorte de capas externas e internas:<\/strong> Corte de la capa exterior de spunbond y de la capa interior de confort a las dimensiones espec\u00edficas de la mascarilla.<\/li>\r\n<li data-sourcepos=\"13:1-13:146\"><strong>Creaci\u00f3n de ranuras para diademas o bucles para las orejas:<\/strong> Cortar con precisi\u00f3n ranuras o perforaciones donde se unir\u00e1n las presillas para las orejas o las bandas para la cabeza al cuerpo de la m\u00e1scara.<\/li>\r\n<li data-sourcepos=\"14:1-14:151\"><strong>Dando forma al cuerpo de la m\u00e1scara:<\/strong> Troquelado rotatorio de la forma general de la m\u00e1scara a partir de la tela en capas, incluidos los contornos alrededor de la nariz y el ment\u00f3n.<\/li>\r\n<li data-sourcepos=\"15:1-15:204\"><strong>Creaci\u00f3n de pliegues o dobleces:<\/strong> Si el rodillo tiene un perfil espec\u00edfico, se puede utilizar junto con otros rodillos para crear los pliegues que permiten que la m\u00e1scara se expanda y se ajuste al rostro.<\/li>\r\n<li data-sourcepos=\"16:1-16:133\"><strong>Preparaci\u00f3n para el recorte y sellado de bordes:<\/strong> Garantizando bordes limpios y precisos para posteriores procesos de soldadura o sellado ultras\u00f3nico.<\/li>\r\n<li data-sourcepos=\"17:1-18:0\"><strong>Corte de alambre del puente nasal (si est\u00e1 integrado):<\/strong> En algunos dise\u00f1os, puede ser necesario utilizar un patinador para cortar el alambre del puente nasal de metal a la longitud correcta antes de incorporarlo a la m\u00e1scara.<\/li>\r\n<\/ul>\r\n<p data-sourcepos=\"19:1-19:219\">La precisi\u00f3n y durabilidad de la <strong>Mascarilla m\u00e9dica N95 con rodillo<\/strong> son cruciales para mantener la calidad y la eficiencia de filtraci\u00f3n del producto final de mascarilla N95, especialmente en l\u00edneas de producci\u00f3n automatizadas de alta velocidad.<\/p>\r\n<h3 data-sourcepos=\"21:1-21:55\">Materiales comunes para las cuchillas de las mascarillas m\u00e9dicas N95<\/h3>\r\n<p data-sourcepos=\"23:1-23:262\">Dada la necesidad de precisi\u00f3n, durabilidad e higiene en la fabricaci\u00f3n de dispositivos m\u00e9dicos, las cuchillas de rodillo para mascarillas N95 probablemente se fabricar\u00edan con materiales de alta calidad que mantengan el filo y resistan el desgaste. Los materiales comunes incluyen:<\/p>\r\n<ul data-sourcepos=\"25:1-29:0\">\r\n<li data-sourcepos=\"25:1-25:164\"><strong>Acero con Alto Contenido de Carbono:<\/strong> Se puede afilar hasta obtener un filo muy afilado, ideal para cortar telas no tejidas. Puede requerir recubrimientos para mejorar la resistencia al desgaste y la corrosi\u00f3n.<\/li>\r\n<li data-sourcepos=\"26:1-26:181\"><strong>Aceros para herramientas (por ejemplo, D2, M2):<\/strong> Ofrece un equilibrio superior de dureza, tenacidad y resistencia al desgaste, ideal para producci\u00f3n de gran volumen y capas de tela potencialmente m\u00e1s abrasivas.<\/li>\r\n<li data-sourcepos=\"27:1-27:222\"><strong>Acero inoxidable (varios grados, por ejemplo, 440C):<\/strong> Proporciona una excelente resistencia a la corrosi\u00f3n y se puede endurecer para lograr un filo afilado y duradero, crucial para mantener la higiene en la fabricaci\u00f3n de productos m\u00e9dicos.<\/li>\r\n<li data-sourcepos=\"28:1-29:0\"><strong>Carburo s\u00f3lido:<\/strong> Ofrece una dureza y resistencia al desgaste excepcionales, adecuado para cortes a muy alta velocidad y para mantener un borde preciso en tiradas de producci\u00f3n largas.<\/li>\r\n<\/ul>\r\n<p data-sourcepos=\"30:1-30:206\">Se pueden aplicar recubrimientos como nitruro de titanio (TiN) o nitruro de cromo (CrN) para mejorar a\u00fan m\u00e1s la dureza de la hoja, reducir la fricci\u00f3n y extender su vida \u00fatil, garantizando un rendimiento de corte constante.<\/p>\r\n<h3 data-sourcepos=\"32:1-32:51\">Formas comunes de las cuchillas para mascarillas m\u00e9dicas N95<\/h3>\r\n<p data-sourcepos=\"34:1-34:221\">Como herramientas de corte rotativas circulares, las hojas de rodillo para mascarillas m\u00e9dicas N95 normalmente tendr\u00edan una forma circular, pero el perfil del borde y cualquier caracter\u00edstica adicional se adaptar\u00edan a su funci\u00f3n espec\u00edfica de corte o modelado:<\/p>\r\n<ul data-sourcepos=\"36:1-41:0\">\r\n<li data-sourcepos=\"36:1-36:178\"><strong>Cuchillas circulares con bordes afilados:<\/strong> Para cortar las distintas capas de tela a la anchura deseada. El borde puede ser de bisel simple o doble, seg\u00fan el material y el corte deseado.<\/li>\r\n<li data-sourcepos=\"37:1-37:238\"><strong>Troqueladoras rotativas con perfiles espec\u00edficos:<\/strong> Para cortar la forma general de la m\u00e1scara, estas hojas tendr\u00edan un borde exterior contorneado que coincida con el dise\u00f1o de la m\u00e1scara, incluyendo potencialmente caracter\u00edsticas para dar forma al puente de la nariz o ranuras para los bucles de las orejas.<\/li>\r\n<li data-sourcepos=\"38:1-38:127\"><strong>Rodillos perforadores:<\/strong> Si se crean l\u00edneas de desgarro o puntos de fijaci\u00f3n, es posible que el patinador tenga peque\u00f1os dientes o protuberancias.<\/li>\r\n<li data-sourcepos=\"39:1-39:147\"><strong>Rodillos de puntuaci\u00f3n:<\/strong> Para crear l\u00edneas de pliegue, el rodillo puede tener un perfil redondeado o con borde de cuchillo para marcar la tela sin cortarla.<\/li>\r\n<li data-sourcepos=\"40:1-41:0\"><strong>Rodillos de yunque (utilizados en conjunto):<\/strong> Estos rodillos lisos sostendr\u00edan la tela contra la cuchilla de corte, garantizando un corte limpio.<\/li>\r\n<\/ul>\r\n<p data-sourcepos=\"42:1-42:189\">La precisi\u00f3n del di\u00e1metro y el grosor de la hoja, as\u00ed como la exactitud del perfil del borde, son fundamentales para la producci\u00f3n constante de mascarillas m\u00e9dicas N95 que cumplan con estrictos est\u00e1ndares de calidad.<\/p>\r\n<p>Si no encuentra la cuchilla que busca, tambi\u00e9n podemos personalizarla. \u00a1Consulte nuestras <span style=\"color: #ff9900;\">&quot;<a style=\"color: #ff9900;\" href=\"https:\/\/maxtormetal.com\/es\/custom-blades\/\" target=\"_blank\" rel=\"noopener\"><em><strong>Cuchillas Personalizadas<\/strong><\/em><\/a>&quot;<\/span> para saber c\u00f3mo!\u00a0<span style=\"color: #ff9900;\"><em><strong><a style=\"color: #ff9900;\" href=\"https:\/\/maxtormetal.com\/es\/contact\/\" target=\"_blank\" rel=\"noopener\">\u00a1Bienvenido a consultar!<\/a><\/strong><\/em><\/span><\/p>\r\n<h4><a href=\"https:\/\/maxtormetal.com\/es\/brochures\/\" target=\"_blank\" rel=\"noopener\"><strong><em><span style=\"color: #ff9900;\">Abrir Folletos<\/span><\/em><\/strong><\/a><\/h4>\r\n<hr \/>\r\n<h2>\u00bfPor Qu\u00e9 Elegir METAL?<\/h2>\r\n<ol>\r\n<li>\r\n<h3><strong> Servicio de Importaci\u00f3n Integral y sin Complicaciones<\/strong><\/h3>\r\n<\/li>\r\n<\/ol>\r\n<p>Disfrute de la comodidad de una importaci\u00f3n sin interrupciones. Desde el transporte hasta el despacho de aduanas, manejamos todo el proceso. Solo tiene que pagar el IVA y esperar la llegada de sus productos.<\/p>\r\n<ol start=\"2\">\r\n<li>\r\n<h3><strong> Precios Competitivos<\/strong><\/h3>\r\n<\/li>\r\n<\/ol>\r\n<p>Hemos visto nuestras cuchillas destacarse en innumerables aplicaciones y estamos listos para cualquier proyecto que nos presente. Espere precisi\u00f3n, durabilidad y precios competitivos inigualables.<\/p>\r\n<ol start=\"3\">\r\n<li>\r\n<h3><strong> ODM y OEM Disponibles<\/strong><\/h3>\r\n<\/li>\r\n<\/ol>\r\n<p>Ya sea que nos proporcione dibujos, bocetos o muestras, podemos dise\u00f1ar y fabricar para usted. Tambi\u00e9n tenemos la experiencia para ayudar a modificar dise\u00f1os y especificaciones existentes para mejorar casi cualquier aplicaci\u00f3n de herramientas industriales. Por favor, contacte a nuestro equipo de ventas dedicado para discutir sus requisitos espec\u00edficos.<\/p>\r\n<ol start=\"4\">\r\n<li>\r\n<h3><strong> Control de Calidad Riguroso<\/strong><\/h3>\r\n<\/li>\r\n<\/ol>\r\n<p>Se realiza una serie de pruebas e inspecciones para controlar la calidad, incluyendo la inspecci\u00f3n del primer art\u00edculo, la inspecci\u00f3n de material entrante y materiales certificados, la inspecci\u00f3n de calidad en proceso, y la inspecci\u00f3n de calidad final.<\/p>\r\n<ol start=\"5\">\r\n<li>\r\n<h3><strong> Adquisici\u00f3n Flexible, Cooperaci\u00f3n Ilimitada<\/strong><\/h3>\r\n<\/li>\r\n<\/ol>\r\n<p>Ya sea usted un importador, distribuidor, mayorista o usuario final, le damos la bienvenida. Benef\u00edciese de MOQ m\u00ednimos, consultas sin complicaciones y mayor libertad de compra.<\/p>\r\n<ol start=\"6\">\r\n<li>\r\n<h3><strong> Monitoreo en Tiempo Real del Progreso de Producci\u00f3n<\/strong><\/h3>\r\n<\/li>\r\n<\/ol>\r\n<p>Consid\u00e9renos su monitor exclusivo. Le proporcionaremos actualizaciones regulares sobre cada etapa crucial de su l\u00ednea de producci\u00f3n. No importa la distancia, tendr\u00e1 informaci\u00f3n en tiempo real sobre el progreso de su producto.<\/p>\r\n<p>&nbsp;<\/p>","protected":false},"excerpt":{"rendered":"<p>What do N95 Medical Mask Rollers Mean? The term &#8220;N95 Medical Mask Roller&#8221; likely refers to a cylindrical component or a roller blade used within the automated production of N95 medical masks. Given the complexity of N95 mask manufacturing, which involves multiple layers of nonwoven fabrics (including the crucial meltblown layer), precise shaping, sealing, and [&hellip;]<\/p>","protected":false},"featured_media":3108,"template":"","meta":[],"product_cat":[114,112,106,111],"product_tag":[833,405,834,406,832,835],"yoast_head":"<!-- This site is optimized with the Yoast SEO Premium plugin v23.6 (Yoast SEO v23.6) - https:\/\/yoast.com\/wordpress\/plugins\/seo\/ -->\n<title>N95 Medical Mask Roller - Metal Industrial, Industrial Blade Manufacturer, Cutting Knives and blades, Machine Knives and blades supplier, Custom Blades solution<\/title>\n<meta name=\"description\" content=\"Discover high-precision N95 Medical Mask Roller Blades for accurate cutting and shaping of mask materials, including meltblown fabric.\" \/>\n<meta name=\"robots\" content=\"index, follow, max-snippet:-1, max-image-preview:large, max-video-preview:-1\" \/>\n<link rel=\"canonical\" href=\"https:\/\/maxtormetal.com\/es\/producto\/rodillo-para-mascarilla-medica-n95\/\" \/>\n<meta property=\"og:locale\" content=\"es_ES\" \/>\n<meta property=\"og:type\" content=\"article\" \/>\n<meta property=\"og:title\" content=\"N95 Medical Mask Roller\" \/>\n<meta property=\"og:description\" content=\"Discover high-precision N95 Medical Mask Roller Blades for accurate cutting and shaping of mask materials, including meltblown fabric.\" \/>\n<meta property=\"og:url\" content=\"https:\/\/maxtormetal.com\/es\/producto\/rodillo-para-mascarilla-medica-n95\/\" \/>\n<meta property=\"og:site_name\" content=\"Metal Industrial, Industrial Blade Manufacturer, Cutting Knives and blades, Machine Knives and blades supplier, Custom Blades solution\" \/>\n<meta property=\"article:publisher\" content=\"https:\/\/www.facebook.com\/mengli.tang.3\" \/>\n<meta property=\"article:modified_time\" content=\"2025-05-29T03:21:32+00:00\" \/>\n<meta property=\"og:image\" content=\"https:\/\/maxtormetal.com\/wp-content\/uploads\/2023\/10\/N95-Medical-Mask-Blade-main11.jpg\" \/>\n\t<meta property=\"og:image:width\" content=\"800\" \/>\n\t<meta property=\"og:image:height\" content=\"800\" \/>\n\t<meta property=\"og:image:type\" content=\"image\/jpeg\" \/>\n<meta name=\"twitter:card\" content=\"summary_large_image\" \/>\n<meta name=\"twitter:site\" content=\"@MengliT13570\" \/>\n<script type=\"application\/ld+json\" class=\"yoast-schema-graph\">{\"@context\":\"https:\/\/schema.org\",\"@graph\":[{\"@type\":[\"WebPage\",\"ItemPage\"],\"@id\":\"https:\/\/maxtormetal.com\/product\/n95-medical-mask-roller\/\",\"url\":\"https:\/\/maxtormetal.com\/product\/n95-medical-mask-roller\/\",\"name\":\"N95 Medical Mask Roller - Metal Industrial, Industrial Blade Manufacturer, Cutting Knives and blades, Machine Knives and blades supplier, Custom Blades solution\",\"isPartOf\":{\"@id\":\"https:\/\/maxtormetal.com\/fr\/#website\"},\"primaryImageOfPage\":{\"@id\":\"https:\/\/maxtormetal.com\/product\/n95-medical-mask-roller\/#primaryimage\"},\"image\":{\"@id\":\"https:\/\/maxtormetal.com\/product\/n95-medical-mask-roller\/#primaryimage\"},\"thumbnailUrl\":\"https:\/\/maxtormetal.com\/wp-content\/uploads\/2023\/10\/N95-Medical-Mask-Blade-main11.jpg\",\"datePublished\":\"2023-10-07T01:54:30+00:00\",\"dateModified\":\"2025-05-29T03:21:32+00:00\",\"description\":\"Discover high-precision N95 Medical Mask Roller Blades for accurate cutting and shaping of mask materials, including meltblown fabric.\",\"breadcrumb\":{\"@id\":\"https:\/\/maxtormetal.com\/product\/n95-medical-mask-roller\/#breadcrumb\"},\"inLanguage\":\"es\",\"potentialAction\":[{\"@type\":\"ReadAction\",\"target\":[\"https:\/\/maxtormetal.com\/product\/n95-medical-mask-roller\/\"]}]},{\"@type\":\"ImageObject\",\"inLanguage\":\"es\",\"@id\":\"https:\/\/maxtormetal.com\/product\/n95-medical-mask-roller\/#primaryimage\",\"url\":\"https:\/\/maxtormetal.com\/wp-content\/uploads\/2023\/10\/N95-Medical-Mask-Blade-main11.jpg\",\"contentUrl\":\"https:\/\/maxtormetal.com\/wp-content\/uploads\/2023\/10\/N95-Medical-Mask-Blade-main11.jpg\",\"width\":800,\"height\":800},{\"@type\":\"BreadcrumbList\",\"@id\":\"https:\/\/maxtormetal.com\/product\/n95-medical-mask-roller\/#breadcrumb\",\"itemListElement\":[{\"@type\":\"ListItem\",\"position\":1,\"name\":\"Home\",\"item\":\"https:\/\/maxtormetal.com\/\"},{\"@type\":\"ListItem\",\"position\":2,\"name\":\"Products\",\"item\":\"https:\/\/maxtormetal.com\/products\/\"},{\"@type\":\"ListItem\",\"position\":3,\"name\":\"N95 Medical Mask Roller\"}]},{\"@type\":\"WebSite\",\"@id\":\"https:\/\/maxtormetal.com\/fr\/#website\",\"url\":\"https:\/\/maxtormetal.com\/fr\/\",\"name\":\"Metal Industrial, Industrial Blade Manufacturer, Cutting Knives and blades, Machine Knives and blades supplier, Custom Blades solution\",\"description\":\"Mechanical blades and knives supplier for all machines made by China\",\"publisher\":{\"@id\":\"https:\/\/maxtormetal.com\/fr\/#organization\"},\"potentialAction\":[{\"@type\":\"SearchAction\",\"target\":{\"@type\":\"EntryPoint\",\"urlTemplate\":\"https:\/\/maxtormetal.com\/fr\/?s={search_term_string}\"},\"query-input\":{\"@type\":\"PropertyValueSpecification\",\"valueRequired\":true,\"valueName\":\"search_term_string\"}}],\"inLanguage\":\"es\"},{\"@type\":[\"Organization\",\"Place\"],\"@id\":\"https:\/\/maxtormetal.com\/fr\/#organization\",\"name\":\"Nanjing Metal Industrial CO., Limited\",\"alternateName\":\"Metal Industrial\",\"url\":\"https:\/\/maxtormetal.com\/fr\/\",\"logo\":{\"@id\":\"https:\/\/maxtormetal.com\/product\/n95-medical-mask-roller\/#local-main-organization-logo\"},\"image\":{\"@id\":\"https:\/\/maxtormetal.com\/product\/n95-medical-mask-roller\/#local-main-organization-logo\"},\"sameAs\":[\"https:\/\/www.facebook.com\/mengli.tang.3\",\"https:\/\/x.com\/MengliT13570\",\"https:\/\/www.linkedin.com\/in\/metalindustrial\/\"],\"description\":\"NanjingMetal is specialized in manufacturing and supplying industrial blades and knives, and its main business is to provide customers with customized industrial blades to meet their specific needs. With an experienced design and production team, we utilize the supply chain advantage in China to provide customers with competitive high quality industrial blades and knives.\",\"legalName\":\"Nanjing Metal Industrial CO., Limited\",\"foundingDate\":\"2006-02-18\",\"numberOfEmployees\":{\"@type\":\"QuantitativeValue\",\"minValue\":\"11\",\"maxValue\":\"50\"},\"telephone\":[],\"openingHoursSpecification\":[{\"@type\":\"OpeningHoursSpecification\",\"dayOfWeek\":[\"Monday\",\"Tuesday\",\"Wednesday\",\"Thursday\",\"Friday\",\"Saturday\",\"Sunday\"],\"opens\":\"09:00\",\"closes\":\"17:00\"}]},{\"@type\":\"ImageObject\",\"inLanguage\":\"es\",\"@id\":\"https:\/\/maxtormetal.com\/product\/n95-medical-mask-roller\/#local-main-organization-logo\",\"url\":\"https:\/\/maxtormetal.com\/wp-content\/uploads\/2023\/08\/cropped-cropped-logo-\u526f\u672c-\u526f\u672c-e1693303172756-1.png\",\"contentUrl\":\"https:\/\/maxtormetal.com\/wp-content\/uploads\/2023\/08\/cropped-cropped-logo-\u526f\u672c-\u526f\u672c-e1693303172756-1.png\",\"width\":441,\"height\":132,\"caption\":\"Nanjing Metal Industrial CO., Limited\"}]}<\/script>\n<!-- \/ Yoast SEO Premium plugin. -->","yoast_head_json":{"title":"N95 Medical Mask Roller - Metal Industrial, Industrial Blade Manufacturer, Cutting Knives and blades, Machine Knives and blades supplier, Custom Blades solution","description":"Discover high-precision N95 Medical Mask Roller Blades for accurate cutting and shaping of mask materials, including meltblown fabric.","robots":{"index":"index","follow":"follow","max-snippet":"max-snippet:-1","max-image-preview":"max-image-preview:large","max-video-preview":"max-video-preview:-1"},"canonical":"https:\/\/maxtormetal.com\/es\/producto\/rodillo-para-mascarilla-medica-n95\/","og_locale":"es_ES","og_type":"article","og_title":"N95 Medical Mask Roller","og_description":"Discover high-precision N95 Medical Mask Roller Blades for accurate cutting and shaping of mask materials, including meltblown fabric.","og_url":"https:\/\/maxtormetal.com\/es\/producto\/rodillo-para-mascarilla-medica-n95\/","og_site_name":"Metal Industrial, Industrial Blade Manufacturer, Cutting Knives and blades, Machine Knives and blades supplier, Custom Blades solution","article_publisher":"https:\/\/www.facebook.com\/mengli.tang.3","article_modified_time":"2025-05-29T03:21:32+00:00","og_image":[{"width":800,"height":800,"url":"https:\/\/maxtormetal.com\/wp-content\/uploads\/2023\/10\/N95-Medical-Mask-Blade-main11.jpg","type":"image\/jpeg"}],"twitter_card":"summary_large_image","twitter_site":"@MengliT13570","schema":{"@context":"https:\/\/schema.org","@graph":[{"@type":["WebPage","ItemPage"],"@id":"https:\/\/maxtormetal.com\/product\/n95-medical-mask-roller\/","url":"https:\/\/maxtormetal.com\/product\/n95-medical-mask-roller\/","name":"N95 Medical Mask Roller - Metal Industrial, Industrial Blade Manufacturer, Cutting Knives and blades, Machine Knives and blades supplier, Custom Blades solution","isPartOf":{"@id":"https:\/\/maxtormetal.com\/fr\/#website"},"primaryImageOfPage":{"@id":"https:\/\/maxtormetal.com\/product\/n95-medical-mask-roller\/#primaryimage"},"image":{"@id":"https:\/\/maxtormetal.com\/product\/n95-medical-mask-roller\/#primaryimage"},"thumbnailUrl":"https:\/\/maxtormetal.com\/wp-content\/uploads\/2023\/10\/N95-Medical-Mask-Blade-main11.jpg","datePublished":"2023-10-07T01:54:30+00:00","dateModified":"2025-05-29T03:21:32+00:00","description":"Discover high-precision N95 Medical Mask Roller Blades for accurate cutting and shaping of mask materials, including meltblown fabric.","breadcrumb":{"@id":"https:\/\/maxtormetal.com\/product\/n95-medical-mask-roller\/#breadcrumb"},"inLanguage":"es","potentialAction":[{"@type":"ReadAction","target":["https:\/\/maxtormetal.com\/product\/n95-medical-mask-roller\/"]}]},{"@type":"ImageObject","inLanguage":"es","@id":"https:\/\/maxtormetal.com\/product\/n95-medical-mask-roller\/#primaryimage","url":"https:\/\/maxtormetal.com\/wp-content\/uploads\/2023\/10\/N95-Medical-Mask-Blade-main11.jpg","contentUrl":"https:\/\/maxtormetal.com\/wp-content\/uploads\/2023\/10\/N95-Medical-Mask-Blade-main11.jpg","width":800,"height":800},{"@type":"BreadcrumbList","@id":"https:\/\/maxtormetal.com\/product\/n95-medical-mask-roller\/#breadcrumb","itemListElement":[{"@type":"ListItem","position":1,"name":"Home","item":"https:\/\/maxtormetal.com\/"},{"@type":"ListItem","position":2,"name":"Products","item":"https:\/\/maxtormetal.com\/products\/"},{"@type":"ListItem","position":3,"name":"N95 Medical Mask Roller"}]},{"@type":"WebSite","@id":"https:\/\/maxtormetal.com\/fr\/#website","url":"https:\/\/maxtormetal.com\/fr\/","name":"Metal Industrial, Industrial Blade Manufacturer, Cutting Knives and blades, Machine Knives and blades supplier, Custom Blades solution","description":"Mechanical blades and knives supplier for all machines made by China","publisher":{"@id":"https:\/\/maxtormetal.com\/fr\/#organization"},"potentialAction":[{"@type":"SearchAction","target":{"@type":"EntryPoint","urlTemplate":"https:\/\/maxtormetal.com\/fr\/?s={search_term_string}"},"query-input":{"@type":"PropertyValueSpecification","valueRequired":true,"valueName":"search_term_string"}}],"inLanguage":"es"},{"@type":["Organization","Place"],"@id":"https:\/\/maxtormetal.com\/fr\/#organization","name":"Nanjing Metal Industrial CO., Limited","alternateName":"Metal Industrial","url":"https:\/\/maxtormetal.com\/fr\/","logo":{"@id":"https:\/\/maxtormetal.com\/product\/n95-medical-mask-roller\/#local-main-organization-logo"},"image":{"@id":"https:\/\/maxtormetal.com\/product\/n95-medical-mask-roller\/#local-main-organization-logo"},"sameAs":["https:\/\/www.facebook.com\/mengli.tang.3","https:\/\/x.com\/MengliT13570","https:\/\/www.linkedin.com\/in\/metalindustrial\/"],"description":"NanjingMetal is specialized in manufacturing and supplying industrial blades and knives, and its main business is to provide customers with customized industrial blades to meet their specific needs. With an experienced design and production team, we utilize the supply chain advantage in China to provide customers with competitive high quality industrial blades and knives.","legalName":"Nanjing Metal Industrial CO., Limited","foundingDate":"2006-02-18","numberOfEmployees":{"@type":"QuantitativeValue","minValue":"11","maxValue":"50"},"telephone":[],"openingHoursSpecification":[{"@type":"OpeningHoursSpecification","dayOfWeek":["Monday","Tuesday","Wednesday","Thursday","Friday","Saturday","Sunday"],"opens":"09:00","closes":"17:00"}]},{"@type":"ImageObject","inLanguage":"es","@id":"https:\/\/maxtormetal.com\/product\/n95-medical-mask-roller\/#local-main-organization-logo","url":"https:\/\/maxtormetal.com\/wp-content\/uploads\/2023\/08\/cropped-cropped-logo-\u526f\u672c-\u526f\u672c-e1693303172756-1.png","contentUrl":"https:\/\/maxtormetal.com\/wp-content\/uploads\/2023\/08\/cropped-cropped-logo-\u526f\u672c-\u526f\u672c-e1693303172756-1.png","width":441,"height":132,"caption":"Nanjing Metal Industrial CO., Limited"}]}},"_links":{"self":[{"href":"https:\/\/maxtormetal.com\/es\/wp-json\/wp\/v2\/product\/3104"}],"collection":[{"href":"https:\/\/maxtormetal.com\/es\/wp-json\/wp\/v2\/product"}],"about":[{"href":"https:\/\/maxtormetal.com\/es\/wp-json\/wp\/v2\/types\/product"}],"wp:featuredmedia":[{"embeddable":true,"href":"https:\/\/maxtormetal.com\/es\/wp-json\/wp\/v2\/media\/3108"}],"wp:attachment":[{"href":"https:\/\/maxtormetal.com\/es\/wp-json\/wp\/v2\/media?parent=3104"}],"wp:term":[{"taxonomy":"product_cat","embeddable":true,"href":"https:\/\/maxtormetal.com\/es\/wp-json\/wp\/v2\/product_cat?post=3104"},{"taxonomy":"product_tag","embeddable":true,"href":"https:\/\/maxtormetal.com\/es\/wp-json\/wp\/v2\/product_tag?post=3104"}],"curies":[{"name":"wp","href":"https:\/\/api.w.org\/{rel}","templated":true}]}}