{"id":3133,"date":"2023-10-07T10:08:52","date_gmt":"2023-10-07T02:08:52","guid":{"rendered":"https:\/\/maxtormetal.com\/?post_type=product&#038;p=3133"},"modified":"2025-05-06T19:15:17","modified_gmt":"2025-05-06T11:15:17","slug":"cuchillas-de-cizalla-volante","status":"publish","type":"product","link":"https:\/\/maxtormetal.com\/es\/producto\/cuchillas-de-cizalla-volante\/","title":{"rendered":"Cuchillas de Cizalla Volante"},"content":{"rendered":"<h2 data-sourcepos=\"1:1-1:35\">\u00bfQu\u00e9 significan las cuchillas de corte para moscas?<\/h2>\r\n<p data-sourcepos=\"3:1-3:571\">Las cuchillas de corte volante, tambi\u00e9n conocidas como cuchillas de corte a medida, son herramientas de corte esenciales en las m\u00e1quinas de corte volante. Estas m\u00e1quinas est\u00e1n dise\u00f1adas para el corte continuo a alta velocidad de materiales en movimiento, generalmente tiras, tubos o perfiles met\u00e1licos, en longitudes predeterminadas sin detener el flujo de material. Las cuchillas de corte volante funcionan sincronizadas con el material en movimiento, desplaz\u00e1ndose moment\u00e1neamente con \u00e9l para realizar un corte preciso. El t\u00e9rmino &quot;cuchillas de corte volante&quot; enfatiza su acci\u00f3n de corte din\u00e1mica mientras el material est\u00e1 en movimiento.<\/p>\r\n<h2 data-sourcepos=\"5:1-5:44\">Usos y aplicaciones de las cuchillas de corte de moscas<\/h2>\r\n<p data-sourcepos=\"7:1-7:144\">Las cuchillas de corte son esenciales en industrias que requieren el corte continuo de materiales en movimiento a longitudes espec\u00edficas. Sus principales aplicaciones incluyen:<\/p>\r\n<ul data-sourcepos=\"9:1-17:0\">\r\n<li data-sourcepos=\"9:1-9:159\"><strong>Plantas sider\u00fargicas y procesamiento Metal:<\/strong> Corte de tiras, barras, tubos y perfiles de acero laminados de forma continua en longitudes deseadas en laminadores en caliente y en fr\u00edo.<\/li>\r\n<li data-sourcepos=\"10:1-10:100\"><strong>Fabricaci\u00f3n de tubos y tuber\u00edas:<\/strong> Corte de tubos y tuber\u00edas formados de forma continua a longitudes espec\u00edficas.<\/li>\r\n<li data-sourcepos=\"11:1-11:84\"><strong>L\u00edneas de perfilado:<\/strong> Corte de perfiles met\u00e1licos a la salida de las m\u00e1quinas perfiladoras.<\/li>\r\n<li data-sourcepos=\"12:1-12:101\"><strong>L\u00edneas de procesamiento de tiras:<\/strong> Corte de tiras de metal en l\u00edneas de corte, nivelaci\u00f3n y otras l\u00edneas de procesamiento.<\/li>\r\n<li data-sourcepos=\"13:1-13:71\"><strong>Extrusi\u00f3n de aluminio:<\/strong> Corte de perfiles de aluminio extruido a medida.<\/li>\r\n<li data-sourcepos=\"14:1-14:120\"><strong>Industrias del papel y de la conversi\u00f3n:<\/strong> Corte de bandas continuas de papel, pel\u00edcula y papel de aluminio en hojas o longitudes espec\u00edficas.<\/li>\r\n<li data-sourcepos=\"15:1-15:74\"><strong>Industria Textil:<\/strong> Corte de longitudes continuas de tela o no tejidos.<\/li>\r\n<li data-sourcepos=\"16:1-17:0\"><strong>Industria del Embalaje:<\/strong> Corte de tiras continuas de materiales de embalaje.<\/li>\r\n<\/ul>\r\n<h2 data-sourcepos=\"18:1-18:40\">Materiales comunes para cuchillas de tijera de podar<\/h2>\r\n<p data-sourcepos=\"20:1-20:194\">Los materiales utilizados para las cuchillas de las cizallas deben resistir impactos a alta velocidad, abrasi\u00f3n y fatiga, manteniendo un filo afilado para cortes limpios y precisos. Los materiales comunes incluyen:<\/p>\r\n<ul data-sourcepos=\"22:1-26:0\">\r\n<li data-sourcepos=\"22:1-22:276\"><strong>Acero para herramientas (por ejemplo, D2, A2, O1, S7):<\/strong> Ofrece un buen equilibrio entre dureza, tenacidad y resistencia al desgaste, ideal para diversas aplicaciones de corte r\u00e1pido, especialmente para el corte de metales y materiales m\u00e1s blandos. Los aceros para herramientas resistentes a impactos, como el S7, se utilizan para aplicaciones de alto impacto.<\/li>\r\n<li data-sourcepos=\"23:1-23:203\"><strong>Acero de alta velocidad (HSS) (por ejemplo, M2, M4):<\/strong> Proporciona una excelente resistencia al desgaste y la capacidad de conservar la dureza a temperaturas elevadas, lo que lo hace adecuado para el corte a mayor velocidad de varios metales.<\/li>\r\n<li data-sourcepos=\"24:1-24:161\"><strong>Acero aleado (por ejemplo, 4140, 4340):<\/strong> Ofrece alta resistencia y tenacidad, adecuado para cortar materiales m\u00e1s gruesos y duros, a menudo utilizado en tijeras de podar de uso intensivo.<\/li>\r\n<li data-sourcepos=\"25:1-26:0\"><strong>Carburo de tungsteno:<\/strong> Proporciona una dureza y resistencia al desgaste excepcionales, ideal para el corte a alta velocidad de materiales abrasivos y metales m\u00e1s duros, prolongando significativamente la vida \u00fatil de la hoja. Se utiliza frecuentemente como inserto en portacuchillas de mayor tama\u00f1o.<\/li>\r\n<\/ul>\r\n<p data-sourcepos=\"27:1-27:346\">El tratamiento t\u00e9rmico para lograr la dureza \u00f3ptima (normalmente en el rango de HRC 55-65, seg\u00fan el material y la aplicaci\u00f3n) es crucial para el rendimiento y la longevidad de las cuchillas de corte. Se pueden aplicar recubrimientos como el cromado o el nitruro de titanio (TiN) para mejorar la dureza superficial, reducir la fricci\u00f3n y mejorar la resistencia al desgaste.<\/p>\r\n<h2 data-sourcepos=\"29:1-29:32\">Formas comunes de cuchillas para tijeras de podar<\/h2>\r\n<p data-sourcepos=\"31:1-31:156\">Las cuchillas de corte de hojas vienen en diversas formas y configuraciones, seg\u00fan el tipo de m\u00e1quina y el material a cortar. Las formas m\u00e1s comunes incluyen:<\/p>\r\n<ul data-sourcepos=\"33:1-38:0\">\r\n<li data-sourcepos=\"33:1-33:160\"><strong>Hojas rectas:<\/strong> Cuchillas largas y rectas que se mueven linealmente sobre el material para realizar un corte. Se utilizan a menudo para cortar materiales planos como tiras y l\u00e1minas.<\/li>\r\n<li data-sourcepos=\"34:1-34:168\"><strong>Cuchillas Rotatorias (Cuchillas Circulares):<\/strong> Cuchillas en forma de disco que giran para realizar el corte al moverse con el material. Se utilizan para cortar diversos perfiles y tubos.<\/li>\r\n<li data-sourcepos=\"35:1-35:158\"><strong>Cuchillas Segmentadas:<\/strong> Cuchillas compuestas de m\u00faltiples segmentos reemplazables, a menudo utilizadas para cortar secciones m\u00e1s pesadas o cuando son necesarios cambios frecuentes de cuchillas.<\/li>\r\n<li data-sourcepos=\"36:1-36:145\"><strong>Hojas dentadas:<\/strong> Cuchillas con muescas o perfiles espec\u00edficos para crear formas de corte particulares o para ayudar a agarrar el material durante el corte.<\/li>\r\n<li data-sourcepos=\"37:1-38:0\"><strong>Cuchillas de corte (superior e inferior):<\/strong> Se suelen usar en pares, con una o ambas hojas movi\u00e9ndose para crear un corte. La geometr\u00eda de los filos de la hoja (\u00e1ngulo de bisel, holgura) es crucial para un corte limpio.<\/li>\r\n<\/ul>\r\n<p data-sourcepos=\"39:1-39:558\">El principio de funcionamiento de las cuchillas de corte consiste en sincronizar su movimiento con la velocidad del material. Los sensores y sistemas de control garantizan que las cuchillas aceleren para adaptarse a la velocidad del material, realicen un corte limpio a la longitud deseada y se retraigan r\u00e1pidamente para preparar el siguiente corte, todo ello sin detener el flujo de material. El dise\u00f1o de las cuchillas, la velocidad y la fuerza del corte, y el control preciso de la m\u00e1quina son fundamentales para lograr longitudes de corte precisas y mantener altos \u00edndices de producci\u00f3n.<\/p>\r\n<h2><strong>Nuestras ventajas<\/strong><\/h2>\r\n<ul>\r\n<li><strong>Proceso de fabricaci\u00f3n avanzado:<\/strong> Utilizamos equipos y procesos de \u00faltima generaci\u00f3n para garantizar una calidad estable del producto.<\/li>\r\n<li><strong>Estricto control de calidad:<\/strong> Cada paso, desde la selecci\u00f3n de la materia prima hasta la inspecci\u00f3n del producto final, se controla estrictamente.<\/li>\r\n<li><strong>Servicios personalizados:<\/strong> Ofrecemos servicios personalizados de dise\u00f1o y fabricaci\u00f3n de palas en funci\u00f3n de las necesidades del cliente.<\/li>\r\n<li><strong>Entrega r\u00e1pida:<\/strong> Los procesos de producci\u00f3n y la log\u00edstica eficientes garantizan una entrega oportuna.<\/li>\r\n<li><strong>Servicio postventa profesional:<\/strong> Brindamos soporte t\u00e9cnico experto y servicios de mantenimiento para garantizar la satisfacci\u00f3n del cliente.<\/li>\r\n<\/ul>\r\n<p>Nuestras cuchillas de corte volantes se han ganado el reconocimiento y la confianza de muchos clientes debido a su rendimiento superior y calidad confiable. Estamos comprometidos a proporcionar continuamente los mejores productos y servicios para ayudar a nuestros clientes a mejorar la eficiencia de la producci\u00f3n y la calidad del producto.<\/p>\r\n<p>\"\u00a0<span style=\"color: #ff9900;\"><em><strong><a style=\"color: #ff9900;\" href=\"https:\/\/maxtormetal.com\/es\/contact\/\" target=\"_blank\" rel=\"noopener\">\u00a1Bienvenido a consultar!<\/a><\/strong><\/em><\/span><\/p>\r\n<p>Si no encuentras la cuchilla de tijera que buscas, tambi\u00e9n podemos personalizarla, consulta nuestra <span style=\"color: #ff9900;\">&quot;<a style=\"color: #ff9900;\" href=\"https:\/\/maxtormetal.com\/es\/custom-blades\/\" target=\"_blank\" rel=\"noopener\"><em><strong>Cuchillas Personalizadas<\/strong><\/em><\/a>&quot;<\/span> \u00a1Para aprender c\u00f3mo!<\/p>\r\n<h4><a href=\"https:\/\/maxtormetal.com\/es\/brochures\/\" target=\"_blank\" rel=\"noopener\"><strong><em><span style=\"color: #ff9900;\">Abrir Folletos<\/span><\/em><\/strong><\/a><\/h4>\r\n<hr \/>\r\n<h2>\u00bfPor Qu\u00e9 Elegir METAL?<\/h2>\r\n<ol>\r\n<li><strong> Servicio de Importaci\u00f3n Integral y sin Complicaciones<\/strong><\/li>\r\n<\/ol>\r\n<p>Disfrute de la comodidad de una importaci\u00f3n sin interrupciones. Desde el transporte hasta el despacho de aduanas, manejamos todo el proceso. Solo tiene que pagar el IVA y esperar la llegada de sus productos.<\/p>\r\n<ol start=\"2\">\r\n<li><strong> Precios Competitivos<\/strong><\/li>\r\n<\/ol>\r\n<p>Hemos visto nuestras cuchillas destacarse en innumerables aplicaciones y estamos listos para cualquier proyecto que nos presente. Espere precisi\u00f3n, durabilidad y precios competitivos inigualables.<\/p>\r\n<ol start=\"3\">\r\n<li><strong> ODM y OEM Disponibles<\/strong><\/li>\r\n<\/ol>\r\n<p>Ya sea que nos proporcione dibujos, bocetos o muestras, podemos dise\u00f1ar y fabricar para usted. Tambi\u00e9n tenemos la experiencia para ayudar a modificar dise\u00f1os y especificaciones existentes para mejorar casi cualquier aplicaci\u00f3n de herramientas industriales. Por favor, contacte a nuestro equipo de ventas dedicado para discutir sus requisitos espec\u00edficos.<\/p>\r\n<ol start=\"4\">\r\n<li><strong> Control de Calidad Riguroso<\/strong><\/li>\r\n<\/ol>\r\n<p>Se realiza una serie de pruebas e inspecciones para controlar la calidad, incluyendo la inspecci\u00f3n del primer art\u00edculo, la inspecci\u00f3n de material entrante y materiales certificados, la inspecci\u00f3n de calidad en proceso, y la inspecci\u00f3n de calidad final.<\/p>\r\n<ol start=\"5\">\r\n<li><strong> Adquisici\u00f3n Flexible, Cooperaci\u00f3n Ilimitada<\/strong><\/li>\r\n<\/ol>\r\n<p>Ya sea usted un importador, distribuidor, mayorista o usuario final, le damos la bienvenida. Benef\u00edciese de MOQ m\u00ednimos, consultas sin complicaciones y mayor libertad de compra.<\/p>\r\n<ol start=\"6\">\r\n<li><strong> Monitoreo en Tiempo Real del Progreso de Producci\u00f3n<\/strong><\/li>\r\n<\/ol>\r\n<p>Consid\u00e9renos su monitor exclusivo. Le proporcionaremos actualizaciones regulares sobre cada etapa crucial de su l\u00ednea de producci\u00f3n. No importa la distancia, tendr\u00e1 informaci\u00f3n en tiempo real sobre el progreso de su producto.<\/p>\r\n<p>&nbsp;<\/p>","protected":false},"excerpt":{"rendered":"<p>What do Fly Shear Blades Mean? Fly shear blades, also known as flying shear blades or cut-to-length blades, are critical cutting tools used in fly shear machines. These machines are designed for continuous, high-speed cutting of moving materials, typically metal strips, tubes, or profiles, into predetermined lengths without stopping the material flow. Fly shear blades [&hellip;]<\/p>","protected":false},"featured_media":3137,"template":"","meta":[],"product_cat":[114,98,108],"product_tag":[397],"yoast_head":"<!-- This site is optimized with the Yoast SEO Premium plugin v23.6 (Yoast SEO v23.6) - https:\/\/yoast.com\/wordpress\/plugins\/seo\/ -->\n<title>Fly Shear Blades<\/title>\n<meta name=\"description\" content=\"Explore our high-quality fly shear blades and flying shear knives for continuous cut-to-length applications in metal processing, tube manufacturing.\" \/>\n<meta name=\"robots\" content=\"index, follow, max-snippet:-1, max-image-preview:large, max-video-preview:-1\" \/>\n<link rel=\"canonical\" href=\"https:\/\/maxtormetal.com\/es\/producto\/cuchillas-de-cizalla-volante\/\" \/>\n<meta property=\"og:locale\" content=\"es_ES\" \/>\n<meta property=\"og:type\" content=\"article\" \/>\n<meta property=\"og:title\" content=\"Fly Shear Blades\" \/>\n<meta property=\"og:description\" content=\"Explore our high-quality fly shear blades and flying shear knives for continuous cut-to-length applications in metal processing, tube manufacturing.\" \/>\n<meta property=\"og:url\" content=\"https:\/\/maxtormetal.com\/es\/producto\/cuchillas-de-cizalla-volante\/\" \/>\n<meta property=\"og:site_name\" content=\"Metal Industrial, Industrial Blade Manufacturer, Cutting Knives and blades, Machine Knives and blades supplier, Custom Blades solution\" \/>\n<meta property=\"article:publisher\" content=\"https:\/\/www.facebook.com\/mengli.tang.3\" \/>\n<meta property=\"article:modified_time\" content=\"2025-05-06T11:15:17+00:00\" \/>\n<meta property=\"og:image\" content=\"https:\/\/maxtormetal.com\/wp-content\/uploads\/2023\/10\/Fly-Shear-Blades-main1.jpg\" \/>\n\t<meta property=\"og:image:width\" content=\"800\" \/>\n\t<meta property=\"og:image:height\" content=\"800\" \/>\n\t<meta property=\"og:image:type\" content=\"image\/jpeg\" \/>\n<meta name=\"twitter:card\" content=\"summary_large_image\" \/>\n<meta name=\"twitter:site\" content=\"@MengliT13570\" \/>\n<script type=\"application\/ld+json\" class=\"yoast-schema-graph\">{\"@context\":\"https:\/\/schema.org\",\"@graph\":[{\"@type\":[\"WebPage\",\"ItemPage\"],\"@id\":\"https:\/\/maxtormetal.com\/product\/fly-shear-blades\/\",\"url\":\"https:\/\/maxtormetal.com\/product\/fly-shear-blades\/\",\"name\":\"Fly Shear Blades\",\"isPartOf\":{\"@id\":\"https:\/\/maxtormetal.com\/fr\/#website\"},\"primaryImageOfPage\":{\"@id\":\"https:\/\/maxtormetal.com\/product\/fly-shear-blades\/#primaryimage\"},\"image\":{\"@id\":\"https:\/\/maxtormetal.com\/product\/fly-shear-blades\/#primaryimage\"},\"thumbnailUrl\":\"https:\/\/maxtormetal.com\/wp-content\/uploads\/2023\/10\/Fly-Shear-Blades-main1.jpg\",\"datePublished\":\"2023-10-07T02:08:52+00:00\",\"dateModified\":\"2025-05-06T11:15:17+00:00\",\"description\":\"Explore our high-quality fly shear blades and flying shear knives for continuous cut-to-length applications in metal processing, tube manufacturing.\",\"breadcrumb\":{\"@id\":\"https:\/\/maxtormetal.com\/product\/fly-shear-blades\/#breadcrumb\"},\"inLanguage\":\"es\",\"potentialAction\":[{\"@type\":\"ReadAction\",\"target\":[\"https:\/\/maxtormetal.com\/product\/fly-shear-blades\/\"]}]},{\"@type\":\"ImageObject\",\"inLanguage\":\"es\",\"@id\":\"https:\/\/maxtormetal.com\/product\/fly-shear-blades\/#primaryimage\",\"url\":\"https:\/\/maxtormetal.com\/wp-content\/uploads\/2023\/10\/Fly-Shear-Blades-main1.jpg\",\"contentUrl\":\"https:\/\/maxtormetal.com\/wp-content\/uploads\/2023\/10\/Fly-Shear-Blades-main1.jpg\",\"width\":800,\"height\":800,\"caption\":\"fly-shear-blade\"},{\"@type\":\"BreadcrumbList\",\"@id\":\"https:\/\/maxtormetal.com\/product\/fly-shear-blades\/#breadcrumb\",\"itemListElement\":[{\"@type\":\"ListItem\",\"position\":1,\"name\":\"Home\",\"item\":\"https:\/\/maxtormetal.com\/\"},{\"@type\":\"ListItem\",\"position\":2,\"name\":\"Products\",\"item\":\"https:\/\/maxtormetal.com\/products\/\"},{\"@type\":\"ListItem\",\"position\":3,\"name\":\"Fly Shear Blades\"}]},{\"@type\":\"WebSite\",\"@id\":\"https:\/\/maxtormetal.com\/fr\/#website\",\"url\":\"https:\/\/maxtormetal.com\/fr\/\",\"name\":\"Metal Industrial, Industrial Blade Manufacturer, Cutting Knives and blades, Machine Knives and blades supplier, Custom Blades solution\",\"description\":\"Mechanical blades and knives supplier for all machines made by China\",\"publisher\":{\"@id\":\"https:\/\/maxtormetal.com\/fr\/#organization\"},\"potentialAction\":[{\"@type\":\"SearchAction\",\"target\":{\"@type\":\"EntryPoint\",\"urlTemplate\":\"https:\/\/maxtormetal.com\/fr\/?s={search_term_string}\"},\"query-input\":{\"@type\":\"PropertyValueSpecification\",\"valueRequired\":true,\"valueName\":\"search_term_string\"}}],\"inLanguage\":\"es\"},{\"@type\":[\"Organization\",\"Place\"],\"@id\":\"https:\/\/maxtormetal.com\/fr\/#organization\",\"name\":\"Nanjing Metal Industrial CO., Limited\",\"alternateName\":\"Metal Industrial\",\"url\":\"https:\/\/maxtormetal.com\/fr\/\",\"logo\":{\"@id\":\"https:\/\/maxtormetal.com\/product\/fly-shear-blades\/#local-main-organization-logo\"},\"image\":{\"@id\":\"https:\/\/maxtormetal.com\/product\/fly-shear-blades\/#local-main-organization-logo\"},\"sameAs\":[\"https:\/\/www.facebook.com\/mengli.tang.3\",\"https:\/\/x.com\/MengliT13570\",\"https:\/\/www.linkedin.com\/in\/metalindustrial\/\"],\"description\":\"NanjingMetal is specialized in manufacturing and supplying industrial blades and knives, and its main business is to provide customers with customized industrial blades to meet their specific needs. With an experienced design and production team, we utilize the supply chain advantage in China to provide customers with competitive high quality industrial blades and knives.\",\"legalName\":\"Nanjing Metal Industrial CO., Limited\",\"foundingDate\":\"2006-02-18\",\"numberOfEmployees\":{\"@type\":\"QuantitativeValue\",\"minValue\":\"11\",\"maxValue\":\"50\"},\"telephone\":[],\"openingHoursSpecification\":[{\"@type\":\"OpeningHoursSpecification\",\"dayOfWeek\":[\"Monday\",\"Tuesday\",\"Wednesday\",\"Thursday\",\"Friday\",\"Saturday\",\"Sunday\"],\"opens\":\"09:00\",\"closes\":\"17:00\"}]},{\"@type\":\"ImageObject\",\"inLanguage\":\"es\",\"@id\":\"https:\/\/maxtormetal.com\/product\/fly-shear-blades\/#local-main-organization-logo\",\"url\":\"https:\/\/maxtormetal.com\/wp-content\/uploads\/2023\/08\/cropped-cropped-logo-\u526f\u672c-\u526f\u672c-e1693303172756-1.png\",\"contentUrl\":\"https:\/\/maxtormetal.com\/wp-content\/uploads\/2023\/08\/cropped-cropped-logo-\u526f\u672c-\u526f\u672c-e1693303172756-1.png\",\"width\":441,\"height\":132,\"caption\":\"Nanjing Metal Industrial CO., Limited\"}]}<\/script>\n<!-- \/ Yoast SEO Premium plugin. -->","yoast_head_json":{"title":"Fly Shear Blades","description":"Explore our high-quality fly shear blades and flying shear knives for continuous cut-to-length applications in metal processing, tube manufacturing.","robots":{"index":"index","follow":"follow","max-snippet":"max-snippet:-1","max-image-preview":"max-image-preview:large","max-video-preview":"max-video-preview:-1"},"canonical":"https:\/\/maxtormetal.com\/es\/producto\/cuchillas-de-cizalla-volante\/","og_locale":"es_ES","og_type":"article","og_title":"Fly Shear Blades","og_description":"Explore our high-quality fly shear blades and flying shear knives for continuous cut-to-length applications in metal processing, tube manufacturing.","og_url":"https:\/\/maxtormetal.com\/es\/producto\/cuchillas-de-cizalla-volante\/","og_site_name":"Metal Industrial, Industrial Blade Manufacturer, Cutting Knives and blades, Machine Knives and blades supplier, Custom Blades solution","article_publisher":"https:\/\/www.facebook.com\/mengli.tang.3","article_modified_time":"2025-05-06T11:15:17+00:00","og_image":[{"width":800,"height":800,"url":"https:\/\/maxtormetal.com\/wp-content\/uploads\/2023\/10\/Fly-Shear-Blades-main1.jpg","type":"image\/jpeg"}],"twitter_card":"summary_large_image","twitter_site":"@MengliT13570","schema":{"@context":"https:\/\/schema.org","@graph":[{"@type":["WebPage","ItemPage"],"@id":"https:\/\/maxtormetal.com\/product\/fly-shear-blades\/","url":"https:\/\/maxtormetal.com\/product\/fly-shear-blades\/","name":"Fly Shear Blades","isPartOf":{"@id":"https:\/\/maxtormetal.com\/fr\/#website"},"primaryImageOfPage":{"@id":"https:\/\/maxtormetal.com\/product\/fly-shear-blades\/#primaryimage"},"image":{"@id":"https:\/\/maxtormetal.com\/product\/fly-shear-blades\/#primaryimage"},"thumbnailUrl":"https:\/\/maxtormetal.com\/wp-content\/uploads\/2023\/10\/Fly-Shear-Blades-main1.jpg","datePublished":"2023-10-07T02:08:52+00:00","dateModified":"2025-05-06T11:15:17+00:00","description":"Explore our high-quality fly shear blades and flying shear knives for continuous cut-to-length applications in metal processing, tube manufacturing.","breadcrumb":{"@id":"https:\/\/maxtormetal.com\/product\/fly-shear-blades\/#breadcrumb"},"inLanguage":"es","potentialAction":[{"@type":"ReadAction","target":["https:\/\/maxtormetal.com\/product\/fly-shear-blades\/"]}]},{"@type":"ImageObject","inLanguage":"es","@id":"https:\/\/maxtormetal.com\/product\/fly-shear-blades\/#primaryimage","url":"https:\/\/maxtormetal.com\/wp-content\/uploads\/2023\/10\/Fly-Shear-Blades-main1.jpg","contentUrl":"https:\/\/maxtormetal.com\/wp-content\/uploads\/2023\/10\/Fly-Shear-Blades-main1.jpg","width":800,"height":800,"caption":"fly-shear-blade"},{"@type":"BreadcrumbList","@id":"https:\/\/maxtormetal.com\/product\/fly-shear-blades\/#breadcrumb","itemListElement":[{"@type":"ListItem","position":1,"name":"Home","item":"https:\/\/maxtormetal.com\/"},{"@type":"ListItem","position":2,"name":"Products","item":"https:\/\/maxtormetal.com\/products\/"},{"@type":"ListItem","position":3,"name":"Fly Shear Blades"}]},{"@type":"WebSite","@id":"https:\/\/maxtormetal.com\/fr\/#website","url":"https:\/\/maxtormetal.com\/fr\/","name":"Metal Industrial, Industrial Blade Manufacturer, Cutting Knives and blades, Machine Knives and blades supplier, Custom Blades solution","description":"Mechanical blades and knives supplier for all machines made by China","publisher":{"@id":"https:\/\/maxtormetal.com\/fr\/#organization"},"potentialAction":[{"@type":"SearchAction","target":{"@type":"EntryPoint","urlTemplate":"https:\/\/maxtormetal.com\/fr\/?s={search_term_string}"},"query-input":{"@type":"PropertyValueSpecification","valueRequired":true,"valueName":"search_term_string"}}],"inLanguage":"es"},{"@type":["Organization","Place"],"@id":"https:\/\/maxtormetal.com\/fr\/#organization","name":"Nanjing Metal Industrial CO., Limited","alternateName":"Metal Industrial","url":"https:\/\/maxtormetal.com\/fr\/","logo":{"@id":"https:\/\/maxtormetal.com\/product\/fly-shear-blades\/#local-main-organization-logo"},"image":{"@id":"https:\/\/maxtormetal.com\/product\/fly-shear-blades\/#local-main-organization-logo"},"sameAs":["https:\/\/www.facebook.com\/mengli.tang.3","https:\/\/x.com\/MengliT13570","https:\/\/www.linkedin.com\/in\/metalindustrial\/"],"description":"NanjingMetal is specialized in manufacturing and supplying industrial blades and knives, and its main business is to provide customers with customized industrial blades to meet their specific needs. With an experienced design and production team, we utilize the supply chain advantage in China to provide customers with competitive high quality industrial blades and knives.","legalName":"Nanjing Metal Industrial CO., Limited","foundingDate":"2006-02-18","numberOfEmployees":{"@type":"QuantitativeValue","minValue":"11","maxValue":"50"},"telephone":[],"openingHoursSpecification":[{"@type":"OpeningHoursSpecification","dayOfWeek":["Monday","Tuesday","Wednesday","Thursday","Friday","Saturday","Sunday"],"opens":"09:00","closes":"17:00"}]},{"@type":"ImageObject","inLanguage":"es","@id":"https:\/\/maxtormetal.com\/product\/fly-shear-blades\/#local-main-organization-logo","url":"https:\/\/maxtormetal.com\/wp-content\/uploads\/2023\/08\/cropped-cropped-logo-\u526f\u672c-\u526f\u672c-e1693303172756-1.png","contentUrl":"https:\/\/maxtormetal.com\/wp-content\/uploads\/2023\/08\/cropped-cropped-logo-\u526f\u672c-\u526f\u672c-e1693303172756-1.png","width":441,"height":132,"caption":"Nanjing Metal Industrial CO., Limited"}]}},"_links":{"self":[{"href":"https:\/\/maxtormetal.com\/es\/wp-json\/wp\/v2\/product\/3133"}],"collection":[{"href":"https:\/\/maxtormetal.com\/es\/wp-json\/wp\/v2\/product"}],"about":[{"href":"https:\/\/maxtormetal.com\/es\/wp-json\/wp\/v2\/types\/product"}],"wp:featuredmedia":[{"embeddable":true,"href":"https:\/\/maxtormetal.com\/es\/wp-json\/wp\/v2\/media\/3137"}],"wp:attachment":[{"href":"https:\/\/maxtormetal.com\/es\/wp-json\/wp\/v2\/media?parent=3133"}],"wp:term":[{"taxonomy":"product_cat","embeddable":true,"href":"https:\/\/maxtormetal.com\/es\/wp-json\/wp\/v2\/product_cat?post=3133"},{"taxonomy":"product_tag","embeddable":true,"href":"https:\/\/maxtormetal.com\/es\/wp-json\/wp\/v2\/product_tag?post=3133"}],"curies":[{"name":"wp","href":"https:\/\/api.w.org\/{rel}","templated":true}]}}