{"id":3146,"date":"2023-10-07T10:25:58","date_gmt":"2023-10-07T02:25:58","guid":{"rendered":"https:\/\/maxtormetal.com\/?post_type=product&#038;p=3146"},"modified":"2025-06-01T15:00:33","modified_gmt":"2025-06-01T07:00:33","slug":"extractor-anillo-cuchilla","status":"publish","type":"product","link":"https:\/\/maxtormetal.com\/es\/producto\/extractor-anillo-cuchilla\/","title":{"rendered":"Anillos Separadores con Goma"},"content":{"rendered":"<h3 data-sourcepos=\"3:1-3:46\">\u00bfQu\u00e9 significan los anillos separadores unidos con caucho?<\/h3>\r\n<p data-sourcepos=\"5:1-5:1210\">Los anillos de extracci\u00f3n con caucho son componentes especializados que se utilizan en diversas m\u00e1quinas industriales, especialmente en equipos de conversi\u00f3n y procesamiento de materiales en banda, como papel, pel\u00edcula, papel de aluminio y textiles. Estos anillos suelen constar de un n\u00facleo met\u00e1lico (a menudo de acero o aluminio) al que se adhiere una capa de caucho o poliuretano. Su funci\u00f3n principal es mantener la separaci\u00f3n entre las tiras de material cortadas mientras se rebobinan en n\u00facleos o bobinas individuales. La capa exterior de caucho o poliuretano proporciona una superficie de alta fricci\u00f3n que sujeta el material, evitando el enrollado irregular y asegurando un bobinado firme y uniforme. El aspecto de &quot;extractor&quot; se refiere a su funci\u00f3n de separar eficazmente las bandas cortadas, evitando que se adhieran entre s\u00ed o interfieran con el proceso de rebobinado. Los anillos de extracci\u00f3n con caucho son cruciales para lograr rollos de material de alta calidad y con un bobinado preciso en operaciones de conversi\u00f3n de alta velocidad. A veces tambi\u00e9n se los denomina \u201canillos esparcidores de caucho\u201d, \u201canillos separadores de uretano\u201d, \u201canillos separadores de banda\u201d, \u201canillos separadores de cortadora\u201d, \u201canillos separadores de rebobinadora\u201d o \u201canillos de fricci\u00f3n de caucho\u201d, seg\u00fan la aplicaci\u00f3n y la industria espec\u00edficas.<\/p>\r\n<h3 data-sourcepos=\"7:1-7:57\">Usos y aplicaciones de los anillos de extracci\u00f3n unidos con caucho<\/h3>\r\n<p data-sourcepos=\"9:1-9:114\">Los anillos de extracci\u00f3n unidos con caucho son componentes esenciales en una variedad de maquinarias de procesamiento y conversi\u00f3n de bandas:<\/p>\r\n<ul data-sourcepos=\"11:1-18:0\">\r\n<li data-sourcepos=\"11:1-11:201\"><strong>Rebobinadoras cortadoras:<\/strong> Se utiliza en los ejes de rebobinado de las rebobinadoras cortadoras para separar las bandas cortadas de papel, pel\u00edcula, papel de aluminio o textiles, lo que garantiza que cada rollo se enrolle de manera limpia y firme sin telescoparse.<\/li>\r\n<li data-sourcepos=\"12:1-12:170\"><strong>M\u00e1quinas de conversi\u00f3n:<\/strong> Se emplea en diversos equipos de conversi\u00f3n para materiales como etiquetas, cintas y envases flexibles para mantener la separaci\u00f3n de la banda durante el procesamiento.<\/li>\r\n<li data-sourcepos=\"13:1-13:139\"><strong>Procesamiento de textiles:<\/strong> Se utiliza en maquinaria que corta y rebobina tejidos o no tejidos para evitar que las tiras cortadas se adhieran entre s\u00ed.<\/li>\r\n<li data-sourcepos=\"14:1-14:144\"><strong>Manipulaci\u00f3n de pel\u00edculas y l\u00e1minas:<\/strong> Fundamental para manipular y rebobinar pel\u00edculas y l\u00e1minas delgadas y a menudo propensas a la est\u00e1tica, garantizando un bobinado suave y uniforme.<\/li>\r\n<li data-sourcepos=\"15:1-15:125\"><strong>Fabricaci\u00f3n de cintas adhesivas:<\/strong> Se utiliza para separar los carriles de corte de las cintas adhesivas a medida que se enrollan en n\u00facleos individuales.<\/li>\r\n<li data-sourcepos=\"16:1-16:94\"><strong>Conversi\u00f3n de stock de etiquetas:<\/strong> Asegura la separaci\u00f3n adecuada de m\u00faltiples bandas de etiquetas despu\u00e9s del corte.<\/li>\r\n<li data-sourcepos=\"17:1-18:0\"><strong>Manejo especializado de bandas:<\/strong> Se utiliza en maquinaria personalizada para manipular diversos materiales en banda donde se requiere una separaci\u00f3n precisa durante el bobinado o desenrollado.<\/li>\r\n<\/ul>\r\n<p data-sourcepos=\"19:1-19:308\">Las dimensiones espec\u00edficas (di\u00e1metro interior, di\u00e1metro exterior, ancho), el tipo y la dureza del caucho o poliuretano y el dise\u00f1o de los anillos de extracci\u00f3n de caucho adheridos se eligen en funci\u00f3n del material que se procesa, el ancho de corte, la velocidad de bobinado y la calidad deseada de los rollos terminados.<\/p>\r\n<h3 data-sourcepos=\"21:1-21:53\">Materiales comunes para anillos de extracci\u00f3n unidos con caucho<\/h3>\r\n<p data-sourcepos=\"23:1-23:196\">Los anillos de extracci\u00f3n con caucho suelen estar compuestos de dos tipos de materiales principales: el n\u00facleo y la capa exterior adherida. La selecci\u00f3n de estos materiales es crucial para el rendimiento y la durabilidad:<\/p>\r\n<ul data-sourcepos=\"25:1-33:0\">\r\n<li data-sourcepos=\"25:1-28:0\">\r\n<p data-sourcepos=\"25:3-25:21\"><strong>Materiales b\u00e1sicos:<\/strong><\/p>\r\n<ul data-sourcepos=\"26:5-28:0\">\r\n<li data-sourcepos=\"26:5-26:124\"><strong>Acero (varios grados):<\/strong> Proporciona alta resistencia y rigidez, asegurando que el anillo mantenga su forma bajo presi\u00f3n.<\/li>\r\n<li data-sourcepos=\"27:5-28:0\"><strong>Aluminio:<\/strong> Ofrece una opci\u00f3n m\u00e1s liviana, que puede ser beneficiosa en aplicaciones de alta velocidad para reducir la inercia.<\/li>\r\n<\/ul>\r\n<\/li>\r\n<li data-sourcepos=\"29:1-33:0\">\r\n<p data-sourcepos=\"29:3-29:35\"><strong>Materiales de la capa exterior adherida:<\/strong><\/p>\r\n<ul data-sourcepos=\"30:5-33:0\">\r\n<li data-sourcepos=\"30:5-30:162\"><strong>Caucho natural:<\/strong> Ofrece buena fricci\u00f3n y flexibilidad, ideal para diversas aplicaciones generales de separaci\u00f3n de bandas. Se pueden especificar diferentes niveles de dureza.<\/li>\r\n<li data-sourcepos=\"31:5-31:185\"><strong>Caucho sint\u00e9tico (por ejemplo, nitrilo, neopreno):<\/strong> Proporciona una mayor resistencia a los aceites, productos qu\u00edmicos y la abrasi\u00f3n en comparaci\u00f3n con el caucho natural, adecuado para entornos m\u00e1s exigentes.<\/li>\r\n<li data-sourcepos=\"32:5-33:0\"><strong>Poliuretano:<\/strong> Ofrece una excelente resistencia a la abrasi\u00f3n, alta capacidad de carga y una amplia gama de opciones de dureza, lo que lo convierte en una opci\u00f3n popular para aplicaciones de alta velocidad y trabajo pesado.<\/li>\r\n<\/ul>\r\n<\/li>\r\n<\/ul>\r\n<p data-sourcepos=\"34:1-34:359\">El proceso de uni\u00f3n entre el n\u00facleo y la capa exterior es fundamental para evitar la delaminaci\u00f3n bajo las tensiones de operaci\u00f3n. Esto suele implicar la uni\u00f3n qu\u00edmica o la vulcanizaci\u00f3n. La dureza del caucho o poliuretano (medida en Shore A o D) es una especificaci\u00f3n clave, ya que determina el agarre y la fuerza de separaci\u00f3n aplicada a la banda.<\/p>\r\n<h3 data-sourcepos=\"36:1-36:62\">Formas y caracter\u00edsticas comunes de los anillos de extracci\u00f3n unidos con caucho<\/h3>\r\n<p data-sourcepos=\"38:1-38:127\">Los anillos decapantes unidos con caucho generalmente tienen forma de anillo, pero las variaciones en el dise\u00f1o y las caracter\u00edsticas optimizan su rendimiento:<\/p>\r\n<ul data-sourcepos=\"40:1-47:0\">\r\n<li data-sourcepos=\"40:1-40:137\"><strong>Anillos est\u00e1ndar (superficie exterior plana):<\/strong> El tipo m\u00e1s com\u00fan, con una superficie exterior plana y cil\u00edndrica de caucho o poliuretano adherido.<\/li>\r\n<li data-sourcepos=\"41:1-41:185\"><strong>Superficie exterior contorneada:<\/strong> Algunos anillos pueden tener una superficie exterior ligeramente convexa u otra contorneada para optimizar el contacto con la red o para proporcionar caracter\u00edsticas de separaci\u00f3n espec\u00edficas.<\/li>\r\n<li data-sourcepos=\"42:1-42:154\"><strong>Superficie exterior ranurada:<\/strong> Las ranuras en la superficie de caucho o poliuretano pueden ayudar a canalizar el aire o reducir el \u00e1rea de contacto de la superficie en ciertas aplicaciones.<\/li>\r\n<li data-sourcepos=\"43:1-43:162\"><strong>Chaveteros o muescas:<\/strong> El n\u00facleo de metal puede presentar ranuras o muescas en el di\u00e1metro interior para garantizar una alineaci\u00f3n adecuada y evitar deslizamiento en el eje de rebobinado.<\/li>\r\n<li data-sourcepos=\"44:1-44:164\"><strong>Dimensiones espec\u00edficas:<\/strong> El di\u00e1metro interior, el di\u00e1metro exterior y el ancho se fabrican con precisi\u00f3n para adaptarse al eje de rebobinado y acomodar la separaci\u00f3n de banda requerida.<\/li>\r\n<li data-sourcepos=\"45:1-45:133\"><strong>Codificaci\u00f3n de colores:<\/strong> A veces, los anillos peladores est\u00e1n codificados por colores para indicar diferentes tama\u00f1os o niveles de dureza para una f\u00e1cil identificaci\u00f3n.<\/li>\r\n<li data-sourcepos=\"46:1-47:0\"><strong>Anillos partidos:<\/strong> Algunos dise\u00f1os pueden presentar una divisi\u00f3n en el anillo para facilitar la instalaci\u00f3n y extracci\u00f3n del eje.<\/li>\r\n<\/ul>\r\n<p data-sourcepos=\"48:1-48:277\">La selecci\u00f3n de la forma y las caracter\u00edsticas depende de la maquinaria espec\u00edfica, el material procesado y las caracter\u00edsticas de bobinado deseadas. Los anillos deben ser dimensionalmente precisos y tener una superficie de uni\u00f3n consistente y duradera para garantizar un rendimiento fiable a largo plazo.<\/p>\r\n<p>Si no encuentra la cuchilla que busca, tambi\u00e9n podemos personalizarla. \u00a1Consulte nuestras <span style=\"color: #ff9900;\">&quot;<a style=\"color: #ff9900;\" href=\"https:\/\/maxtormetal.com\/es\/custom-blades\/\" target=\"_blank\" rel=\"noopener\"><em><strong>Cuchillas Personalizadas<\/strong><\/em><\/a>&quot;<\/span> para saber c\u00f3mo!\u00a0<span style=\"color: #ff9900;\"><em><strong><a style=\"color: #ff9900;\" href=\"https:\/\/maxtormetal.com\/es\/contact\/\" target=\"_blank\" rel=\"noopener\">\u00a1Bienvenido a consultar!<\/a><\/strong><\/em><\/span><\/p>\r\n<h4><span style=\"color: #ff9900;\"><a style=\"color: #ff9900;\" href=\"https:\/\/maxtormetal.com\/es\/brochures\/\" target=\"_blank\" rel=\"noopener\"><strong><em>Abrir Folletos<\/em><\/strong><\/a><\/span><\/h4>\r\n<ul><\/ul>\r\n<hr \/>\r\n<h2>\u00bfPor Qu\u00e9 Elegir METAL?<\/h2>\r\n<ol>\r\n<li>\r\n<h3><strong> Servicio de Importaci\u00f3n Integral y sin Complicaciones<\/strong><\/h3>\r\n<\/li>\r\n<\/ol>\r\n<p>Disfrute de la comodidad de una importaci\u00f3n sin interrupciones. Desde el transporte hasta el despacho de aduanas, manejamos todo el proceso. Solo tiene que pagar el IVA y esperar la llegada de sus productos.<\/p>\r\n<ol start=\"2\">\r\n<li>\r\n<h3><strong> Precios Competitivos<\/strong><\/h3>\r\n<\/li>\r\n<\/ol>\r\n<p>Hemos visto nuestras cuchillas destacarse en innumerables aplicaciones y estamos listos para cualquier proyecto que nos presente. Espere precisi\u00f3n, durabilidad y precios competitivos inigualables.<\/p>\r\n<ol start=\"3\">\r\n<li>\r\n<h3><strong> ODM y OEM Disponibles<\/strong><\/h3>\r\n<\/li>\r\n<\/ol>\r\n<p>Ya sea que nos proporcione dibujos, bocetos o muestras, podemos dise\u00f1ar y fabricar para usted. Tambi\u00e9n tenemos la experiencia para ayudar a modificar dise\u00f1os y especificaciones existentes para mejorar casi cualquier aplicaci\u00f3n de herramientas industriales. Por favor, contacte a nuestro equipo de ventas dedicado para discutir sus requisitos espec\u00edficos.<\/p>\r\n<ol start=\"4\">\r\n<li>\r\n<h3><strong> Control de Calidad Riguroso<\/strong><\/h3>\r\n<\/li>\r\n<\/ol>\r\n<p>Se realiza una serie de pruebas e inspecciones para controlar la calidad, incluyendo la inspecci\u00f3n del primer art\u00edculo, la inspecci\u00f3n de material entrante y materiales certificados, la inspecci\u00f3n de calidad en proceso, y la inspecci\u00f3n de calidad final.<\/p>\r\n<ol start=\"5\">\r\n<li>\r\n<h3><strong> Adquisici\u00f3n Flexible, Cooperaci\u00f3n Ilimitada<\/strong><\/h3>\r\n<\/li>\r\n<\/ol>\r\n<p>Ya sea usted un importador, distribuidor, mayorista o usuario final, le damos la bienvenida. Benef\u00edciese de MOQ m\u00ednimos, consultas sin complicaciones y mayor libertad de compra.<\/p>\r\n<ol start=\"6\">\r\n<li>\r\n<h3><strong> Monitoreo en Tiempo Real del Progreso de Producci\u00f3n<\/strong><\/h3>\r\n<\/li>\r\n<\/ol>\r\n<p>Consid\u00e9renos su monitor exclusivo. Le proporcionaremos actualizaciones regulares sobre cada etapa crucial de su l\u00ednea de producci\u00f3n. No importa la distancia, tendr\u00e1 informaci\u00f3n en tiempo real sobre el progreso de su producto.<\/p>\r\n<p>&nbsp;<\/p>\r\n<!-- \/wp:list -->","protected":false},"excerpt":{"rendered":"<p>What do Rubber Bonded Stripper Rings Mean? &#8220;Rubber Bonded Stripper Rings&#8221; are specialized components used in various industrial machinery, particularly in converting and processing equipment for web-based materials like paper, film, foil, and textiles. These rings typically consist of a metal core (often steel or aluminum) onto which a layer of rubber or polyurethane is [&hellip;]<\/p>","protected":false},"featured_media":3151,"template":"","meta":[],"product_cat":[107,98],"product_tag":[845,843,395,394,844],"yoast_head":"<!-- This site is optimized with the Yoast SEO Premium plugin v23.6 (Yoast SEO v23.6) - https:\/\/yoast.com\/wordpress\/plugins\/seo\/ -->\n<title>Rubber Bonded Stripper Rings - Metal Industrial, Industrial Blade Manufacturer, Cutting Knives and blades, Machine Knives and blades supplier, Custom Blades solution<\/title>\n<meta name=\"description\" content=\"Discover high-quality Rubber Bonded Stripper Rings for efficient web separation on slitter rewinders and converting machines. Prevent telescoping and ensure quality winding with our durable rings!\" \/>\n<meta name=\"robots\" content=\"index, follow, max-snippet:-1, max-image-preview:large, max-video-preview:-1\" \/>\n<link rel=\"canonical\" href=\"https:\/\/maxtormetal.com\/es\/producto\/extractor-anillo-cuchilla\/\" \/>\n<meta property=\"og:locale\" content=\"es_ES\" \/>\n<meta property=\"og:type\" content=\"article\" \/>\n<meta property=\"og:title\" content=\"Rubber Bonded Stripper Rings\" \/>\n<meta property=\"og:description\" content=\"Discover high-quality Rubber Bonded Stripper Rings for efficient web separation on slitter rewinders and converting machines. Prevent telescoping and ensure quality winding with our durable rings!\" \/>\n<meta property=\"og:url\" content=\"https:\/\/maxtormetal.com\/es\/producto\/extractor-anillo-cuchilla\/\" \/>\n<meta property=\"og:site_name\" content=\"Metal Industrial, Industrial Blade Manufacturer, Cutting Knives and blades, Machine Knives and blades supplier, Custom Blades solution\" \/>\n<meta property=\"article:publisher\" content=\"https:\/\/www.facebook.com\/mengli.tang.3\" \/>\n<meta property=\"article:modified_time\" content=\"2025-06-01T07:00:33+00:00\" \/>\n<meta property=\"og:image\" content=\"https:\/\/maxtormetal.com\/wp-content\/uploads\/2023\/10\/Stripper-Ring-blade-main1.jpg\" \/>\n\t<meta property=\"og:image:width\" content=\"800\" \/>\n\t<meta property=\"og:image:height\" content=\"800\" \/>\n\t<meta property=\"og:image:type\" content=\"image\/jpeg\" \/>\n<meta name=\"twitter:card\" content=\"summary_large_image\" \/>\n<meta name=\"twitter:site\" content=\"@MengliT13570\" \/>\n<script type=\"application\/ld+json\" class=\"yoast-schema-graph\">{\"@context\":\"https:\/\/schema.org\",\"@graph\":[{\"@type\":[\"WebPage\",\"ItemPage\"],\"@id\":\"https:\/\/maxtormetal.com\/product\/rubber-bonded-stripper-rings\/\",\"url\":\"https:\/\/maxtormetal.com\/product\/rubber-bonded-stripper-rings\/\",\"name\":\"Rubber Bonded Stripper Rings - Metal Industrial, Industrial Blade Manufacturer, Cutting Knives and blades, Machine Knives and blades supplier, Custom Blades solution\",\"isPartOf\":{\"@id\":\"https:\/\/maxtormetal.com\/fr\/#website\"},\"primaryImageOfPage\":{\"@id\":\"https:\/\/maxtormetal.com\/product\/rubber-bonded-stripper-rings\/#primaryimage\"},\"image\":{\"@id\":\"https:\/\/maxtormetal.com\/product\/rubber-bonded-stripper-rings\/#primaryimage\"},\"thumbnailUrl\":\"https:\/\/maxtormetal.com\/wp-content\/uploads\/2023\/10\/Stripper-Ring-blade-main1.jpg\",\"datePublished\":\"2023-10-07T02:25:58+00:00\",\"dateModified\":\"2025-06-01T07:00:33+00:00\",\"description\":\"Discover high-quality Rubber Bonded Stripper Rings for efficient web separation on slitter rewinders and converting machines. Prevent telescoping and ensure quality winding with our durable rings!\",\"breadcrumb\":{\"@id\":\"https:\/\/maxtormetal.com\/product\/rubber-bonded-stripper-rings\/#breadcrumb\"},\"inLanguage\":\"es\",\"potentialAction\":[{\"@type\":\"ReadAction\",\"target\":[\"https:\/\/maxtormetal.com\/product\/rubber-bonded-stripper-rings\/\"]}]},{\"@type\":\"ImageObject\",\"inLanguage\":\"es\",\"@id\":\"https:\/\/maxtormetal.com\/product\/rubber-bonded-stripper-rings\/#primaryimage\",\"url\":\"https:\/\/maxtormetal.com\/wp-content\/uploads\/2023\/10\/Stripper-Ring-blade-main1.jpg\",\"contentUrl\":\"https:\/\/maxtormetal.com\/wp-content\/uploads\/2023\/10\/Stripper-Ring-blade-main1.jpg\",\"width\":800,\"height\":800,\"caption\":\"Rubber Bonded Stripper Rings\"},{\"@type\":\"BreadcrumbList\",\"@id\":\"https:\/\/maxtormetal.com\/product\/rubber-bonded-stripper-rings\/#breadcrumb\",\"itemListElement\":[{\"@type\":\"ListItem\",\"position\":1,\"name\":\"Home\",\"item\":\"https:\/\/maxtormetal.com\/\"},{\"@type\":\"ListItem\",\"position\":2,\"name\":\"Products\",\"item\":\"https:\/\/maxtormetal.com\/products\/\"},{\"@type\":\"ListItem\",\"position\":3,\"name\":\"Rubber Bonded Stripper Rings\"}]},{\"@type\":\"WebSite\",\"@id\":\"https:\/\/maxtormetal.com\/fr\/#website\",\"url\":\"https:\/\/maxtormetal.com\/fr\/\",\"name\":\"Metal Industrial, Industrial Blade Manufacturer, Cutting Knives and blades, Machine Knives and blades supplier, Custom Blades solution\",\"description\":\"Mechanical blades and knives supplier for all machines made by China\",\"publisher\":{\"@id\":\"https:\/\/maxtormetal.com\/fr\/#organization\"},\"potentialAction\":[{\"@type\":\"SearchAction\",\"target\":{\"@type\":\"EntryPoint\",\"urlTemplate\":\"https:\/\/maxtormetal.com\/fr\/?s={search_term_string}\"},\"query-input\":{\"@type\":\"PropertyValueSpecification\",\"valueRequired\":true,\"valueName\":\"search_term_string\"}}],\"inLanguage\":\"es\"},{\"@type\":[\"Organization\",\"Place\"],\"@id\":\"https:\/\/maxtormetal.com\/fr\/#organization\",\"name\":\"Nanjing Metal Industrial CO., Limited\",\"alternateName\":\"Metal Industrial\",\"url\":\"https:\/\/maxtormetal.com\/fr\/\",\"logo\":{\"@id\":\"https:\/\/maxtormetal.com\/product\/rubber-bonded-stripper-rings\/#local-main-organization-logo\"},\"image\":{\"@id\":\"https:\/\/maxtormetal.com\/product\/rubber-bonded-stripper-rings\/#local-main-organization-logo\"},\"sameAs\":[\"https:\/\/www.facebook.com\/mengli.tang.3\",\"https:\/\/x.com\/MengliT13570\",\"https:\/\/www.linkedin.com\/in\/metalindustrial\/\"],\"description\":\"NanjingMetal is specialized in manufacturing and supplying industrial blades and knives, and its main business is to provide customers with customized industrial blades to meet their specific needs. With an experienced design and production team, we utilize the supply chain advantage in China to provide customers with competitive high quality industrial blades and knives.\",\"legalName\":\"Nanjing Metal Industrial CO., Limited\",\"foundingDate\":\"2006-02-18\",\"numberOfEmployees\":{\"@type\":\"QuantitativeValue\",\"minValue\":\"11\",\"maxValue\":\"50\"},\"telephone\":[],\"openingHoursSpecification\":[{\"@type\":\"OpeningHoursSpecification\",\"dayOfWeek\":[\"Monday\",\"Tuesday\",\"Wednesday\",\"Thursday\",\"Friday\",\"Saturday\",\"Sunday\"],\"opens\":\"09:00\",\"closes\":\"17:00\"}]},{\"@type\":\"ImageObject\",\"inLanguage\":\"es\",\"@id\":\"https:\/\/maxtormetal.com\/product\/rubber-bonded-stripper-rings\/#local-main-organization-logo\",\"url\":\"https:\/\/maxtormetal.com\/wp-content\/uploads\/2023\/08\/cropped-cropped-logo-\u526f\u672c-\u526f\u672c-e1693303172756-1.png\",\"contentUrl\":\"https:\/\/maxtormetal.com\/wp-content\/uploads\/2023\/08\/cropped-cropped-logo-\u526f\u672c-\u526f\u672c-e1693303172756-1.png\",\"width\":441,\"height\":132,\"caption\":\"Nanjing Metal Industrial CO., Limited\"}]}<\/script>\n<!-- \/ Yoast SEO Premium plugin. -->","yoast_head_json":{"title":"Rubber Bonded Stripper Rings - Metal Industrial, Industrial Blade Manufacturer, Cutting Knives and blades, Machine Knives and blades supplier, Custom Blades solution","description":"Discover high-quality Rubber Bonded Stripper Rings for efficient web separation on slitter rewinders and converting machines. Prevent telescoping and ensure quality winding with our durable rings!","robots":{"index":"index","follow":"follow","max-snippet":"max-snippet:-1","max-image-preview":"max-image-preview:large","max-video-preview":"max-video-preview:-1"},"canonical":"https:\/\/maxtormetal.com\/es\/producto\/extractor-anillo-cuchilla\/","og_locale":"es_ES","og_type":"article","og_title":"Rubber Bonded Stripper Rings","og_description":"Discover high-quality Rubber Bonded Stripper Rings for efficient web separation on slitter rewinders and converting machines. Prevent telescoping and ensure quality winding with our durable rings!","og_url":"https:\/\/maxtormetal.com\/es\/producto\/extractor-anillo-cuchilla\/","og_site_name":"Metal Industrial, Industrial Blade Manufacturer, Cutting Knives and blades, Machine Knives and blades supplier, Custom Blades solution","article_publisher":"https:\/\/www.facebook.com\/mengli.tang.3","article_modified_time":"2025-06-01T07:00:33+00:00","og_image":[{"width":800,"height":800,"url":"https:\/\/maxtormetal.com\/wp-content\/uploads\/2023\/10\/Stripper-Ring-blade-main1.jpg","type":"image\/jpeg"}],"twitter_card":"summary_large_image","twitter_site":"@MengliT13570","schema":{"@context":"https:\/\/schema.org","@graph":[{"@type":["WebPage","ItemPage"],"@id":"https:\/\/maxtormetal.com\/product\/rubber-bonded-stripper-rings\/","url":"https:\/\/maxtormetal.com\/product\/rubber-bonded-stripper-rings\/","name":"Rubber Bonded Stripper Rings - Metal Industrial, Industrial Blade Manufacturer, Cutting Knives and blades, Machine Knives and blades supplier, Custom Blades solution","isPartOf":{"@id":"https:\/\/maxtormetal.com\/fr\/#website"},"primaryImageOfPage":{"@id":"https:\/\/maxtormetal.com\/product\/rubber-bonded-stripper-rings\/#primaryimage"},"image":{"@id":"https:\/\/maxtormetal.com\/product\/rubber-bonded-stripper-rings\/#primaryimage"},"thumbnailUrl":"https:\/\/maxtormetal.com\/wp-content\/uploads\/2023\/10\/Stripper-Ring-blade-main1.jpg","datePublished":"2023-10-07T02:25:58+00:00","dateModified":"2025-06-01T07:00:33+00:00","description":"Discover high-quality Rubber Bonded Stripper Rings for efficient web separation on slitter rewinders and converting machines. Prevent telescoping and ensure quality winding with our durable rings!","breadcrumb":{"@id":"https:\/\/maxtormetal.com\/product\/rubber-bonded-stripper-rings\/#breadcrumb"},"inLanguage":"es","potentialAction":[{"@type":"ReadAction","target":["https:\/\/maxtormetal.com\/product\/rubber-bonded-stripper-rings\/"]}]},{"@type":"ImageObject","inLanguage":"es","@id":"https:\/\/maxtormetal.com\/product\/rubber-bonded-stripper-rings\/#primaryimage","url":"https:\/\/maxtormetal.com\/wp-content\/uploads\/2023\/10\/Stripper-Ring-blade-main1.jpg","contentUrl":"https:\/\/maxtormetal.com\/wp-content\/uploads\/2023\/10\/Stripper-Ring-blade-main1.jpg","width":800,"height":800,"caption":"Rubber Bonded Stripper Rings"},{"@type":"BreadcrumbList","@id":"https:\/\/maxtormetal.com\/product\/rubber-bonded-stripper-rings\/#breadcrumb","itemListElement":[{"@type":"ListItem","position":1,"name":"Home","item":"https:\/\/maxtormetal.com\/"},{"@type":"ListItem","position":2,"name":"Products","item":"https:\/\/maxtormetal.com\/products\/"},{"@type":"ListItem","position":3,"name":"Rubber Bonded Stripper Rings"}]},{"@type":"WebSite","@id":"https:\/\/maxtormetal.com\/fr\/#website","url":"https:\/\/maxtormetal.com\/fr\/","name":"Metal Industrial, Industrial Blade Manufacturer, Cutting Knives and blades, Machine Knives and blades supplier, Custom Blades solution","description":"Mechanical blades and knives supplier for all machines made by China","publisher":{"@id":"https:\/\/maxtormetal.com\/fr\/#organization"},"potentialAction":[{"@type":"SearchAction","target":{"@type":"EntryPoint","urlTemplate":"https:\/\/maxtormetal.com\/fr\/?s={search_term_string}"},"query-input":{"@type":"PropertyValueSpecification","valueRequired":true,"valueName":"search_term_string"}}],"inLanguage":"es"},{"@type":["Organization","Place"],"@id":"https:\/\/maxtormetal.com\/fr\/#organization","name":"Nanjing Metal Industrial CO., Limited","alternateName":"Metal Industrial","url":"https:\/\/maxtormetal.com\/fr\/","logo":{"@id":"https:\/\/maxtormetal.com\/product\/rubber-bonded-stripper-rings\/#local-main-organization-logo"},"image":{"@id":"https:\/\/maxtormetal.com\/product\/rubber-bonded-stripper-rings\/#local-main-organization-logo"},"sameAs":["https:\/\/www.facebook.com\/mengli.tang.3","https:\/\/x.com\/MengliT13570","https:\/\/www.linkedin.com\/in\/metalindustrial\/"],"description":"NanjingMetal is specialized in manufacturing and supplying industrial blades and knives, and its main business is to provide customers with customized industrial blades to meet their specific needs. With an experienced design and production team, we utilize the supply chain advantage in China to provide customers with competitive high quality industrial blades and knives.","legalName":"Nanjing Metal Industrial CO., Limited","foundingDate":"2006-02-18","numberOfEmployees":{"@type":"QuantitativeValue","minValue":"11","maxValue":"50"},"telephone":[],"openingHoursSpecification":[{"@type":"OpeningHoursSpecification","dayOfWeek":["Monday","Tuesday","Wednesday","Thursday","Friday","Saturday","Sunday"],"opens":"09:00","closes":"17:00"}]},{"@type":"ImageObject","inLanguage":"es","@id":"https:\/\/maxtormetal.com\/product\/rubber-bonded-stripper-rings\/#local-main-organization-logo","url":"https:\/\/maxtormetal.com\/wp-content\/uploads\/2023\/08\/cropped-cropped-logo-\u526f\u672c-\u526f\u672c-e1693303172756-1.png","contentUrl":"https:\/\/maxtormetal.com\/wp-content\/uploads\/2023\/08\/cropped-cropped-logo-\u526f\u672c-\u526f\u672c-e1693303172756-1.png","width":441,"height":132,"caption":"Nanjing Metal Industrial CO., Limited"}]}},"_links":{"self":[{"href":"https:\/\/maxtormetal.com\/es\/wp-json\/wp\/v2\/product\/3146"}],"collection":[{"href":"https:\/\/maxtormetal.com\/es\/wp-json\/wp\/v2\/product"}],"about":[{"href":"https:\/\/maxtormetal.com\/es\/wp-json\/wp\/v2\/types\/product"}],"wp:featuredmedia":[{"embeddable":true,"href":"https:\/\/maxtormetal.com\/es\/wp-json\/wp\/v2\/media\/3151"}],"wp:attachment":[{"href":"https:\/\/maxtormetal.com\/es\/wp-json\/wp\/v2\/media?parent=3146"}],"wp:term":[{"taxonomy":"product_cat","embeddable":true,"href":"https:\/\/maxtormetal.com\/es\/wp-json\/wp\/v2\/product_cat?post=3146"},{"taxonomy":"product_tag","embeddable":true,"href":"https:\/\/maxtormetal.com\/es\/wp-json\/wp\/v2\/product_tag?post=3146"}],"curies":[{"name":"wp","href":"https:\/\/api.w.org\/{rel}","templated":true}]}}