{"id":3160,"date":"2023-10-07T10:31:32","date_gmt":"2023-10-07T02:31:32","guid":{"rendered":"https:\/\/maxtormetal.com\/?post_type=product&#038;p=3160"},"modified":"2025-05-31T23:49:11","modified_gmt":"2025-05-31T15:49:11","slug":"cuchillas-de-cizalla-de-corte-lateral","status":"publish","type":"product","link":"https:\/\/maxtormetal.com\/es\/producto\/cuchillas-de-cizalla-de-corte-lateral\/","title":{"rendered":"Cuchillas de Cizalla para Recorte Lateral"},"content":{"rendered":"<h3 data-sourcepos=\"3:1-3:44\">\u00bfQu\u00e9 significan las cuchillas de tijera de corte lateral?<\/h3>\r\n<p data-sourcepos=\"5:1-5:1096\">Las cuchillas de corte lateral son herramientas de corte especializadas que se utilizan en aplicaciones industriales, especialmente en l\u00edneas de metalurgia y procesamiento continuo, como las laminadoras en fr\u00edo. Su funci\u00f3n principal es recortar los bordes (laterales) de las l\u00e1minas o bobinas de metal a medida que avanzan por la l\u00ednea de producci\u00f3n. Este proceso, conocido como recorte lateral o recorte de bordes, garantiza un ancho uniforme y elimina cualquier imperfecci\u00f3n o irregularidad en los bordes del metal. Las cuchillas de corte lateral suelen trabajar en pares, ubicadas a ambos lados del flujo de material. Est\u00e1n dise\u00f1adas para un funcionamiento continuo a alta velocidad y deben mantener un corte preciso y limpio durante per\u00edodos prolongados. La forma y el material de las cuchillas de corte lateral son fundamentales para lograr bordes precisos y sin rebabas, esenciales para los procesos posteriores. Estas cuchillas tambi\u00e9n se conocen como cuchillas de recorte de bordes, recortadoras laterales, cortadoras de bordes de tiras, cuchillas de muesca (si tambi\u00e9n realizan muescas para soldadura) o cuchillas de corte lateral (aunque el enfoque est\u00e1 en el borde en lugar de en varias tiras).<\/p>\r\n<h3 data-sourcepos=\"7:1-7:55\">Usos y aplicaciones de las cuchillas de corte lateral<\/h3>\r\n<p data-sourcepos=\"9:1-9:87\">Las cuchillas de corte lateral son cruciales en diversas industrias de procesamiento continuo:<\/p>\r\n<ul data-sourcepos=\"11:1-18:0\">\r\n<li data-sourcepos=\"11:1-11:158\"><strong>Laminadores en fr\u00edo:<\/strong> Se utiliza para recortar los bordes de las bobinas de acero u otros metales despu\u00e9s del proceso de laminado, garantizando un ancho uniforme para el procesamiento posterior.<\/li>\r\n<li data-sourcepos=\"12:1-12:129\"><strong>L\u00edneas de corte:<\/strong> Se utiliza para recortar los bordes de las bobinas de metal antes o despu\u00e9s de la operaci\u00f3n principal de corte, obteniendo as\u00ed tiras m\u00e1s estrechas.<\/li>\r\n<li data-sourcepos=\"13:1-13:138\"><strong>L\u00edneas de procesamiento de bobinas:<\/strong> Integrado en l\u00edneas de procesamiento de bobinas met\u00e1licas para diversas aplicaciones, proporcionando un acondicionamiento preciso de los bordes.<\/li>\r\n<li data-sourcepos=\"14:1-14:128\"><strong>Fabricaci\u00f3n de tubos y tuber\u00edas:<\/strong> Se utiliza para recortar los bordes de las tiras de metal antes de que se les d\u00e9 forma y se suelden para formar tubos o tuber\u00edas.<\/li>\r\n<li data-sourcepos=\"15:1-15:139\"><strong>Industria automotriz:<\/strong> Se utiliza en la producci\u00f3n de paneles de carrocer\u00eda y otros componentes met\u00e1licos donde se requiere una calidad de borde precisa.<\/li>\r\n<li data-sourcepos=\"16:1-16:131\"><strong>Fabricaci\u00f3n de electrodom\u00e9sticos:<\/strong> Se utiliza en la producci\u00f3n de l\u00e1minas met\u00e1licas para electrodom\u00e9sticos, garantizando dimensiones precisas y bordes limpios.<\/li>\r\n<li data-sourcepos=\"17:1-18:0\"><strong>Industria del embalaje Metal:<\/strong> Para el procesamiento de l\u00e1minas de metal utilizadas en la fabricaci\u00f3n de latas y otros envases met\u00e1licos.<\/li>\r\n<\/ul>\r\n<p data-sourcepos=\"19:1-19:192\">En algunas l\u00edneas de soldadura continua, las cuchillas de corte lateral tambi\u00e9n pueden realizar una funci\u00f3n de muescado para preparar los bordes de las l\u00e1minas de metal para la soldadura, lo que garantiza una soldadura fuerte y precisa.<\/p>\r\n<h3 data-sourcepos=\"21:1-21:51\">Materiales comunes para cuchillas de tijeras de corte lateral<\/h3>\r\n<p data-sourcepos=\"23:1-23:272\">Los materiales utilizados para fabricar las cuchillas de corte lateral se seleccionan por su alta dureza, excepcional resistencia al desgaste para soportar un funcionamiento continuo a alta velocidad y el contacto con metal, y tenacidad para evitar astillamientos o grietas. Los materiales comunes incluyen:<\/p>\r\n<ul data-sourcepos=\"25:1-29:0\">\r\n<li data-sourcepos=\"25:1-25:136\"><strong>Acero con Alto Contenido de Carbono:<\/strong> Ofrece buena dureza y puede someterse a tratamiento t\u00e9rmico para aumentar su durabilidad, por lo que resulta adecuado para algunas aplicaciones con metales m\u00e1s blandos.<\/li>\r\n<li data-sourcepos=\"26:1-26:213\"><strong>Aceros para herramientas (por ejemplo, D2, M2, A2, SKD-11, Cr12MoV):<\/strong> Proporcionan un equilibrio superior entre dureza, tenacidad y resistencia al desgaste, lo que las hace adecuadas para una amplia gama de tipos de metales y entornos de alta producci\u00f3n.<\/li>\r\n<li data-sourcepos=\"27:1-27:193\"><strong>Acero de alta velocidad (HSS) (por ejemplo, M2, M4, SKH-51):<\/strong> Ofrece una excelente dureza y resistencia al desgaste, especialmente a temperaturas de funcionamiento elevadas, lo que la hace adecuada para aplicaciones exigentes y de alta velocidad.<\/li>\r\n<li data-sourcepos=\"28:1-29:0\"><strong>Carburo de tungsteno:<\/strong> Ofrece el m\u00e1ximo nivel de dureza y resistencia al desgaste, ideal para el procesamiento de metales abrasivos y para prolongar la vida \u00fatil de las cuchillas, reduciendo el tiempo de inactividad en operaciones continuas. Se utiliza frecuentemente como inserto o en los bordes soldados de cuerpos de acero.<\/li>\r\n<\/ul>\r\n<p data-sourcepos=\"30:1-30:371\">El tratamiento t\u00e9rmico para lograr la dureza y el temple \u00f3ptimos es un paso fundamental en el proceso de fabricaci\u00f3n de las cuchillas de corte lateral. Se pueden aplicar recubrimientos, como nitruro de cromo (CrN) o carbono tipo diamante (DLC), para mejorar a\u00fan m\u00e1s la dureza superficial, reducir la fricci\u00f3n y aumentar la resistencia al desgaste, especialmente al procesar metales de alta resistencia o abrasivos.<\/p>\r\n<h3 data-sourcepos=\"32:1-32:47\">Formas comunes de cuchillas de tijeras de corte lateral<\/h3>\r\n<p data-sourcepos=\"34:1-34:143\">Las cuchillas de corte lateral suelen dise\u00f1arse como cuchillas rectas, pero su geometr\u00eda espec\u00edfica puede variar para optimizar el proceso de corte:<\/p>\r\n<ul data-sourcepos=\"36:1-41:0\">\r\n<li data-sourcepos=\"36:1-36:136\"><strong>Hojas rectas:<\/strong> El dise\u00f1o m\u00e1s com\u00fan consiste en un filo lineal que corta contra una contracuchilla u otra cuchilla recta.<\/li>\r\n<li data-sourcepos=\"37:1-37:203\"><strong>Hojas con borde biselado:<\/strong> El filo de corte est\u00e1 inclinado para proporcionar un corte m\u00e1s limpio y reducir la fuerza de corte necesaria. El \u00e1ngulo del bisel depende del tipo y el grosor del metal que se procesa.<\/li>\r\n<li data-sourcepos=\"38:1-38:102\"><strong>Cuchillas de filo cuadrado:<\/strong> Cuchillas con un filo de 90 grados, que se utilizan a menudo en configuraciones de corte espec\u00edficas.<\/li>\r\n<li data-sourcepos=\"39:1-39:189\"><strong>Hojas de entallado:<\/strong> Algunas cuchillas de corte lateral pueden incorporar muescas o recortes con forma a lo largo del filo para realizar simult\u00e1neamente el recorte y el entallado del borde para la preparaci\u00f3n de la soldadura.<\/li>\r\n<li data-sourcepos=\"40:1-41:0\"><strong>Cuchillas Segmentadas:<\/strong> En algunos casos, la cuchilla de corte lateral puede estar compuesta por varios segmentos que se pueden reemplazar individualmente, lo que reduce los costos de mantenimiento.<\/li>\r\n<\/ul>\r\n<p data-sourcepos=\"42:1-42:377\">El montaje de las cuchillas de corte lateral es fundamental para la estabilidad y la alineaci\u00f3n precisa. Suelen presentar superficies mecanizadas con precisi\u00f3n y orificios para pernos que garantizan una fijaci\u00f3n segura a las carcasas de corte en la l\u00ednea de procesamiento. La longitud y el grosor totales de las cuchillas se determinan seg\u00fan el ancho del material que se procesa y el dise\u00f1o del mecanismo de corte.<\/p>\r\n<p>Si no encuentra la cuchilla de corte que busca, tambi\u00e9n podemos personalizarla. Consulte nuestra \u201c<span style=\"color: #ff9900;\"><a style=\"color: #ff9900;\" href=\"https:\/\/maxtormetal.com\/es\/custom-blades\/\" target=\"_blank\" rel=\"noopener\"><em><strong>Cuchillas Personalizadas<\/strong><\/em><\/a>&quot;<\/span>\u00a0para saber c\u00f3mo!<span style=\"color: #ff9900;\">\u00a0<em><strong><a style=\"color: #ff9900;\" href=\"https:\/\/maxtormetal.com\/es\/contact\/\" target=\"_blank\" rel=\"noopener\">\u00a1Bienvenido a consultar!<\/a><\/strong><\/em><\/span><\/p>\r\n<h4><span style=\"color: #ff9900;\"><a style=\"color: #ff9900;\" href=\"https:\/\/maxtormetal.com\/es\/brochures\/\" target=\"_blank\" rel=\"noopener\"><strong><em>Abrir Folletos<\/em><\/strong><\/a><\/span><\/h4>\r\n<hr \/>\r\n<h2>\u00bfPor Qu\u00e9 Elegir METAL?<\/h2>\r\n<ol>\r\n<li>\r\n<h3><strong> Servicio de Importaci\u00f3n Integral y sin Complicaciones<\/strong><\/h3>\r\n<\/li>\r\n<\/ol>\r\n<p>Disfrute de la comodidad de una importaci\u00f3n sin interrupciones. Desde el transporte hasta el despacho de aduanas, manejamos todo el proceso. Solo tiene que pagar el IVA y esperar la llegada de sus productos.<\/p>\r\n<ol start=\"2\">\r\n<li>\r\n<h3><strong> Precios Competitivos<\/strong><\/h3>\r\n<\/li>\r\n<\/ol>\r\n<p>Hemos visto nuestras cuchillas destacarse en innumerables aplicaciones y estamos listos para cualquier proyecto que nos presente. Espere precisi\u00f3n, durabilidad y precios competitivos inigualables.<\/p>\r\n<ol start=\"3\">\r\n<li>\r\n<h3><strong> ODM y OEM Disponibles<\/strong><\/h3>\r\n<\/li>\r\n<\/ol>\r\n<p>Ya sea que nos proporcione dibujos, bocetos o muestras, podemos dise\u00f1ar y fabricar para usted. Tambi\u00e9n tenemos la experiencia para ayudar a modificar dise\u00f1os y especificaciones existentes para mejorar casi cualquier aplicaci\u00f3n de herramientas industriales. Por favor, contacte a nuestro equipo de ventas dedicado para discutir sus requisitos espec\u00edficos.<\/p>\r\n<ol start=\"4\">\r\n<li>\r\n<h3><strong> Control de Calidad Riguroso<\/strong><\/h3>\r\n<\/li>\r\n<\/ol>\r\n<p>Se realiza una serie de pruebas e inspecciones para controlar la calidad, incluyendo la inspecci\u00f3n del primer art\u00edculo, la inspecci\u00f3n de material entrante y materiales certificados, la inspecci\u00f3n de calidad en proceso, y la inspecci\u00f3n de calidad final.<\/p>\r\n<ol start=\"5\">\r\n<li>\r\n<h3><strong> Adquisici\u00f3n Flexible, Cooperaci\u00f3n Ilimitada<\/strong><\/h3>\r\n<\/li>\r\n<\/ol>\r\n<p>Ya sea usted un importador, distribuidor, mayorista o usuario final, le damos la bienvenida. Benef\u00edciese de MOQ m\u00ednimos, consultas sin complicaciones y mayor libertad de compra.<\/p>\r\n<ol start=\"6\">\r\n<li>\r\n<h3><strong> Monitoreo en Tiempo Real del Progreso de Producci\u00f3n<\/strong><\/h3>\r\n<\/li>\r\n<\/ol>\r\n<p>Consid\u00e9renos su monitor exclusivo. Le proporcionaremos actualizaciones regulares sobre cada etapa crucial de su l\u00ednea de producci\u00f3n. No importa la distancia, tendr\u00e1 informaci\u00f3n en tiempo real sobre el progreso de su producto.<\/p>\r\n<p>&nbsp;<\/p>","protected":false},"excerpt":{"rendered":"<p>What do Side Clipping Shear Blades Mean? &#8220;Side Clipping Shear Blades&#8221; are specialized cutting tools used in industrial applications, particularly in metalworking and continuous processing lines like cold rolling mills. Their primary function is to trim the edges (sides) of metal sheets or coils as they move through the production line. This process, known as [&hellip;]<\/p>","protected":false},"featured_media":3165,"template":"","meta":[],"product_cat":[110,114,98,113],"product_tag":[391],"yoast_head":"<!-- This site is optimized with the Yoast SEO Premium plugin v23.6 (Yoast SEO v23.6) - https:\/\/yoast.com\/wordpress\/plugins\/seo\/ -->\n<title>Side clipping shear blades - Metal Industrial, Industrial Blade Manufacturer, Cutting Knives and blades, Machine Knives and blades supplier, Custom Blades solution<\/title>\n<meta name=\"description\" content=\"Discover high-precision Side Clipping Shear Blades for clean and accurate edge trimming of metal coils and sheets. Ensure consistent width and quality edges in your continuous processing lines!\" \/>\n<meta name=\"robots\" content=\"index, follow, max-snippet:-1, max-image-preview:large, max-video-preview:-1\" \/>\n<link rel=\"canonical\" href=\"https:\/\/maxtormetal.com\/es\/producto\/cuchillas-de-cizalla-de-corte-lateral\/\" \/>\n<meta property=\"og:locale\" content=\"es_ES\" \/>\n<meta property=\"og:type\" content=\"article\" \/>\n<meta property=\"og:title\" content=\"Side clipping shear blades\" \/>\n<meta property=\"og:description\" content=\"Discover high-precision Side Clipping Shear Blades for clean and accurate edge trimming of metal coils and sheets. Ensure consistent width and quality edges in your continuous processing lines!\" \/>\n<meta property=\"og:url\" content=\"https:\/\/maxtormetal.com\/es\/producto\/cuchillas-de-cizalla-de-corte-lateral\/\" \/>\n<meta property=\"og:site_name\" content=\"Metal Industrial, Industrial Blade Manufacturer, Cutting Knives and blades, Machine Knives and blades supplier, Custom Blades solution\" \/>\n<meta property=\"article:publisher\" content=\"https:\/\/www.facebook.com\/mengli.tang.3\" \/>\n<meta property=\"article:modified_time\" content=\"2025-05-31T15:49:11+00:00\" \/>\n<meta property=\"og:image\" content=\"https:\/\/maxtormetal.com\/wp-content\/uploads\/2023\/10\/Thick-metal-plate-shearing-blades-main1.jpg\" \/>\n\t<meta property=\"og:image:width\" content=\"800\" \/>\n\t<meta property=\"og:image:height\" content=\"800\" \/>\n\t<meta property=\"og:image:type\" content=\"image\/jpeg\" \/>\n<meta name=\"twitter:card\" content=\"summary_large_image\" \/>\n<meta name=\"twitter:site\" content=\"@MengliT13570\" \/>\n<script type=\"application\/ld+json\" class=\"yoast-schema-graph\">{\"@context\":\"https:\/\/schema.org\",\"@graph\":[{\"@type\":[\"WebPage\",\"ItemPage\"],\"@id\":\"https:\/\/maxtormetal.com\/product\/side-clipping-shear-blades\/\",\"url\":\"https:\/\/maxtormetal.com\/product\/side-clipping-shear-blades\/\",\"name\":\"Side clipping shear blades - Metal Industrial, Industrial Blade Manufacturer, Cutting Knives and blades, Machine Knives and blades supplier, Custom Blades solution\",\"isPartOf\":{\"@id\":\"https:\/\/maxtormetal.com\/fr\/#website\"},\"primaryImageOfPage\":{\"@id\":\"https:\/\/maxtormetal.com\/product\/side-clipping-shear-blades\/#primaryimage\"},\"image\":{\"@id\":\"https:\/\/maxtormetal.com\/product\/side-clipping-shear-blades\/#primaryimage\"},\"thumbnailUrl\":\"https:\/\/maxtormetal.com\/wp-content\/uploads\/2023\/10\/Thick-metal-plate-shearing-blades-main1.jpg\",\"datePublished\":\"2023-10-07T02:31:32+00:00\",\"dateModified\":\"2025-05-31T15:49:11+00:00\",\"description\":\"Discover high-precision Side Clipping Shear Blades for clean and accurate edge trimming of metal coils and sheets. Ensure consistent width and quality edges in your continuous processing lines!\",\"breadcrumb\":{\"@id\":\"https:\/\/maxtormetal.com\/product\/side-clipping-shear-blades\/#breadcrumb\"},\"inLanguage\":\"es\",\"potentialAction\":[{\"@type\":\"ReadAction\",\"target\":[\"https:\/\/maxtormetal.com\/product\/side-clipping-shear-blades\/\"]}]},{\"@type\":\"ImageObject\",\"inLanguage\":\"es\",\"@id\":\"https:\/\/maxtormetal.com\/product\/side-clipping-shear-blades\/#primaryimage\",\"url\":\"https:\/\/maxtormetal.com\/wp-content\/uploads\/2023\/10\/Thick-metal-plate-shearing-blades-main1.jpg\",\"contentUrl\":\"https:\/\/maxtormetal.com\/wp-content\/uploads\/2023\/10\/Thick-metal-plate-shearing-blades-main1.jpg\",\"width\":800,\"height\":800,\"caption\":\"Side Clipping Shear Blades\"},{\"@type\":\"BreadcrumbList\",\"@id\":\"https:\/\/maxtormetal.com\/product\/side-clipping-shear-blades\/#breadcrumb\",\"itemListElement\":[{\"@type\":\"ListItem\",\"position\":1,\"name\":\"Home\",\"item\":\"https:\/\/maxtormetal.com\/\"},{\"@type\":\"ListItem\",\"position\":2,\"name\":\"Products\",\"item\":\"https:\/\/maxtormetal.com\/products\/\"},{\"@type\":\"ListItem\",\"position\":3,\"name\":\"Side clipping shear blades\"}]},{\"@type\":\"WebSite\",\"@id\":\"https:\/\/maxtormetal.com\/fr\/#website\",\"url\":\"https:\/\/maxtormetal.com\/fr\/\",\"name\":\"Metal Industrial, Industrial Blade Manufacturer, Cutting Knives and blades, Machine Knives and blades supplier, Custom Blades solution\",\"description\":\"Mechanical blades and knives supplier for all machines made by China\",\"publisher\":{\"@id\":\"https:\/\/maxtormetal.com\/fr\/#organization\"},\"potentialAction\":[{\"@type\":\"SearchAction\",\"target\":{\"@type\":\"EntryPoint\",\"urlTemplate\":\"https:\/\/maxtormetal.com\/fr\/?s={search_term_string}\"},\"query-input\":{\"@type\":\"PropertyValueSpecification\",\"valueRequired\":true,\"valueName\":\"search_term_string\"}}],\"inLanguage\":\"es\"},{\"@type\":[\"Organization\",\"Place\"],\"@id\":\"https:\/\/maxtormetal.com\/fr\/#organization\",\"name\":\"Nanjing Metal Industrial CO., Limited\",\"alternateName\":\"Metal Industrial\",\"url\":\"https:\/\/maxtormetal.com\/fr\/\",\"logo\":{\"@id\":\"https:\/\/maxtormetal.com\/product\/side-clipping-shear-blades\/#local-main-organization-logo\"},\"image\":{\"@id\":\"https:\/\/maxtormetal.com\/product\/side-clipping-shear-blades\/#local-main-organization-logo\"},\"sameAs\":[\"https:\/\/www.facebook.com\/mengli.tang.3\",\"https:\/\/x.com\/MengliT13570\",\"https:\/\/www.linkedin.com\/in\/metalindustrial\/\"],\"description\":\"NanjingMetal is specialized in manufacturing and supplying industrial blades and knives, and its main business is to provide customers with customized industrial blades to meet their specific needs. With an experienced design and production team, we utilize the supply chain advantage in China to provide customers with competitive high quality industrial blades and knives.\",\"legalName\":\"Nanjing Metal Industrial CO., Limited\",\"foundingDate\":\"2006-02-18\",\"numberOfEmployees\":{\"@type\":\"QuantitativeValue\",\"minValue\":\"11\",\"maxValue\":\"50\"},\"telephone\":[],\"openingHoursSpecification\":[{\"@type\":\"OpeningHoursSpecification\",\"dayOfWeek\":[\"Monday\",\"Tuesday\",\"Wednesday\",\"Thursday\",\"Friday\",\"Saturday\",\"Sunday\"],\"opens\":\"09:00\",\"closes\":\"17:00\"}]},{\"@type\":\"ImageObject\",\"inLanguage\":\"es\",\"@id\":\"https:\/\/maxtormetal.com\/product\/side-clipping-shear-blades\/#local-main-organization-logo\",\"url\":\"https:\/\/maxtormetal.com\/wp-content\/uploads\/2023\/08\/cropped-cropped-logo-\u526f\u672c-\u526f\u672c-e1693303172756-1.png\",\"contentUrl\":\"https:\/\/maxtormetal.com\/wp-content\/uploads\/2023\/08\/cropped-cropped-logo-\u526f\u672c-\u526f\u672c-e1693303172756-1.png\",\"width\":441,\"height\":132,\"caption\":\"Nanjing Metal Industrial CO., Limited\"}]}<\/script>\n<!-- \/ Yoast SEO Premium plugin. -->","yoast_head_json":{"title":"Side clipping shear blades - Metal Industrial, Industrial Blade Manufacturer, Cutting Knives and blades, Machine Knives and blades supplier, Custom Blades solution","description":"Discover high-precision Side Clipping Shear Blades for clean and accurate edge trimming of metal coils and sheets. Ensure consistent width and quality edges in your continuous processing lines!","robots":{"index":"index","follow":"follow","max-snippet":"max-snippet:-1","max-image-preview":"max-image-preview:large","max-video-preview":"max-video-preview:-1"},"canonical":"https:\/\/maxtormetal.com\/es\/producto\/cuchillas-de-cizalla-de-corte-lateral\/","og_locale":"es_ES","og_type":"article","og_title":"Side clipping shear blades","og_description":"Discover high-precision Side Clipping Shear Blades for clean and accurate edge trimming of metal coils and sheets. Ensure consistent width and quality edges in your continuous processing lines!","og_url":"https:\/\/maxtormetal.com\/es\/producto\/cuchillas-de-cizalla-de-corte-lateral\/","og_site_name":"Metal Industrial, Industrial Blade Manufacturer, Cutting Knives and blades, Machine Knives and blades supplier, Custom Blades solution","article_publisher":"https:\/\/www.facebook.com\/mengli.tang.3","article_modified_time":"2025-05-31T15:49:11+00:00","og_image":[{"width":800,"height":800,"url":"https:\/\/maxtormetal.com\/wp-content\/uploads\/2023\/10\/Thick-metal-plate-shearing-blades-main1.jpg","type":"image\/jpeg"}],"twitter_card":"summary_large_image","twitter_site":"@MengliT13570","schema":{"@context":"https:\/\/schema.org","@graph":[{"@type":["WebPage","ItemPage"],"@id":"https:\/\/maxtormetal.com\/product\/side-clipping-shear-blades\/","url":"https:\/\/maxtormetal.com\/product\/side-clipping-shear-blades\/","name":"Side clipping shear blades - Metal Industrial, Industrial Blade Manufacturer, Cutting Knives and blades, Machine Knives and blades supplier, Custom Blades solution","isPartOf":{"@id":"https:\/\/maxtormetal.com\/fr\/#website"},"primaryImageOfPage":{"@id":"https:\/\/maxtormetal.com\/product\/side-clipping-shear-blades\/#primaryimage"},"image":{"@id":"https:\/\/maxtormetal.com\/product\/side-clipping-shear-blades\/#primaryimage"},"thumbnailUrl":"https:\/\/maxtormetal.com\/wp-content\/uploads\/2023\/10\/Thick-metal-plate-shearing-blades-main1.jpg","datePublished":"2023-10-07T02:31:32+00:00","dateModified":"2025-05-31T15:49:11+00:00","description":"Discover high-precision Side Clipping Shear Blades for clean and accurate edge trimming of metal coils and sheets. Ensure consistent width and quality edges in your continuous processing lines!","breadcrumb":{"@id":"https:\/\/maxtormetal.com\/product\/side-clipping-shear-blades\/#breadcrumb"},"inLanguage":"es","potentialAction":[{"@type":"ReadAction","target":["https:\/\/maxtormetal.com\/product\/side-clipping-shear-blades\/"]}]},{"@type":"ImageObject","inLanguage":"es","@id":"https:\/\/maxtormetal.com\/product\/side-clipping-shear-blades\/#primaryimage","url":"https:\/\/maxtormetal.com\/wp-content\/uploads\/2023\/10\/Thick-metal-plate-shearing-blades-main1.jpg","contentUrl":"https:\/\/maxtormetal.com\/wp-content\/uploads\/2023\/10\/Thick-metal-plate-shearing-blades-main1.jpg","width":800,"height":800,"caption":"Side Clipping Shear Blades"},{"@type":"BreadcrumbList","@id":"https:\/\/maxtormetal.com\/product\/side-clipping-shear-blades\/#breadcrumb","itemListElement":[{"@type":"ListItem","position":1,"name":"Home","item":"https:\/\/maxtormetal.com\/"},{"@type":"ListItem","position":2,"name":"Products","item":"https:\/\/maxtormetal.com\/products\/"},{"@type":"ListItem","position":3,"name":"Side clipping shear blades"}]},{"@type":"WebSite","@id":"https:\/\/maxtormetal.com\/fr\/#website","url":"https:\/\/maxtormetal.com\/fr\/","name":"Metal Industrial, Industrial Blade Manufacturer, Cutting Knives and blades, Machine Knives and blades supplier, Custom Blades solution","description":"Mechanical blades and knives supplier for all machines made by China","publisher":{"@id":"https:\/\/maxtormetal.com\/fr\/#organization"},"potentialAction":[{"@type":"SearchAction","target":{"@type":"EntryPoint","urlTemplate":"https:\/\/maxtormetal.com\/fr\/?s={search_term_string}"},"query-input":{"@type":"PropertyValueSpecification","valueRequired":true,"valueName":"search_term_string"}}],"inLanguage":"es"},{"@type":["Organization","Place"],"@id":"https:\/\/maxtormetal.com\/fr\/#organization","name":"Nanjing Metal Industrial CO., Limited","alternateName":"Metal Industrial","url":"https:\/\/maxtormetal.com\/fr\/","logo":{"@id":"https:\/\/maxtormetal.com\/product\/side-clipping-shear-blades\/#local-main-organization-logo"},"image":{"@id":"https:\/\/maxtormetal.com\/product\/side-clipping-shear-blades\/#local-main-organization-logo"},"sameAs":["https:\/\/www.facebook.com\/mengli.tang.3","https:\/\/x.com\/MengliT13570","https:\/\/www.linkedin.com\/in\/metalindustrial\/"],"description":"NanjingMetal is specialized in manufacturing and supplying industrial blades and knives, and its main business is to provide customers with customized industrial blades to meet their specific needs. With an experienced design and production team, we utilize the supply chain advantage in China to provide customers with competitive high quality industrial blades and knives.","legalName":"Nanjing Metal Industrial CO., Limited","foundingDate":"2006-02-18","numberOfEmployees":{"@type":"QuantitativeValue","minValue":"11","maxValue":"50"},"telephone":[],"openingHoursSpecification":[{"@type":"OpeningHoursSpecification","dayOfWeek":["Monday","Tuesday","Wednesday","Thursday","Friday","Saturday","Sunday"],"opens":"09:00","closes":"17:00"}]},{"@type":"ImageObject","inLanguage":"es","@id":"https:\/\/maxtormetal.com\/product\/side-clipping-shear-blades\/#local-main-organization-logo","url":"https:\/\/maxtormetal.com\/wp-content\/uploads\/2023\/08\/cropped-cropped-logo-\u526f\u672c-\u526f\u672c-e1693303172756-1.png","contentUrl":"https:\/\/maxtormetal.com\/wp-content\/uploads\/2023\/08\/cropped-cropped-logo-\u526f\u672c-\u526f\u672c-e1693303172756-1.png","width":441,"height":132,"caption":"Nanjing Metal Industrial CO., Limited"}]}},"_links":{"self":[{"href":"https:\/\/maxtormetal.com\/es\/wp-json\/wp\/v2\/product\/3160"}],"collection":[{"href":"https:\/\/maxtormetal.com\/es\/wp-json\/wp\/v2\/product"}],"about":[{"href":"https:\/\/maxtormetal.com\/es\/wp-json\/wp\/v2\/types\/product"}],"wp:featuredmedia":[{"embeddable":true,"href":"https:\/\/maxtormetal.com\/es\/wp-json\/wp\/v2\/media\/3165"}],"wp:attachment":[{"href":"https:\/\/maxtormetal.com\/es\/wp-json\/wp\/v2\/media?parent=3160"}],"wp:term":[{"taxonomy":"product_cat","embeddable":true,"href":"https:\/\/maxtormetal.com\/es\/wp-json\/wp\/v2\/product_cat?post=3160"},{"taxonomy":"product_tag","embeddable":true,"href":"https:\/\/maxtormetal.com\/es\/wp-json\/wp\/v2\/product_tag?post=3160"}],"curies":[{"name":"wp","href":"https:\/\/api.w.org\/{rel}","templated":true}]}}