{"id":3190,"date":"2023-10-07T10:48:40","date_gmt":"2023-10-07T02:48:40","guid":{"rendered":"https:\/\/maxtormetal.com\/?post_type=product&#038;p=3190"},"modified":"2025-05-29T13:35:20","modified_gmt":"2025-05-29T05:35:20","slug":"cuchilla-granuladora-de-plastico","status":"publish","type":"product","link":"https:\/\/maxtormetal.com\/es\/producto\/cuchilla-granuladora-de-plastico\/","title":{"rendered":"Cuchilla de Peletizadora de Pl\u00e1stico"},"content":{"rendered":"<h2 data-sourcepos=\"1:1-1:43\">What does Plastic Pelletizer Knife Mean?<\/h2>\r\n<p data-sourcepos=\"3:1-3:592\">A plastic pelletizer knife, also known as a granulator knife or pelletizing blade, is a precision cutting tool used in a plastic pelletizing machine. These machines convert larger pieces of plastic, such as extruded strands or processed flakes, into small, uniform pellets or granules. A plastic pelletizer knife works in conjunction with other knives (often stationary ones called stator knives) to shear the plastic material to the desired pellet size and shape. The term &#8220;plastic pelletizer knife&#8221; typically refers to the rotating blades on the rotor of the pelletizer.<\/p>\r\n<h2 data-sourcepos=\"5:1-5:53\">Uses and Applications of Plastic Pelletizer Knives<\/h2>\r\n<p data-sourcepos=\"7:1-7:162\">Plastic pelletizer knives are crucial in both the production of virgin plastic resins and the recycling of plastic materials. Their main applications include:<\/p>\r\n<ul data-sourcepos=\"9:1-15:0\">\r\n<li data-sourcepos=\"9:1-9:193\"><strong>Producci\u00f3n de resina virgen:<\/strong> Cutting continuous strands of molten plastic as they exit an extruder die into uniform pellets, which serve as the raw material for plastic product manufacturing.<\/li>\r\n<li data-sourcepos=\"10:1-10:172\"><strong>Reciclaje de pl\u00e1stico:<\/strong> Reducing washed and processed plastic flakes or shredded materials into consistent pellets that can be reintroduced into the manufacturing process.<\/li>\r\n<li data-sourcepos=\"11:1-11:130\"><strong>Composici\u00f3n:<\/strong> Cutting extruded strands of plastic compounds (mixtures of resin with additives, colorants, etc.) into pellets.<\/li>\r\n<li data-sourcepos=\"12:1-12:138\"><strong>Producci\u00f3n de masterbatch:<\/strong> Creating pellets of concentrated color or additive mixtures for easy and accurate blending with base resins.<\/li>\r\n<li data-sourcepos=\"13:1-13:209\"><strong>Underwater Pelletizing:<\/strong> Specialized plastic pelletizer knives are used in underwater pelletizing systems to cut molten plastic directly as it exits the die underwater, resulting in spherical pellets.<\/li>\r\n<li data-sourcepos=\"14:1-15:0\"><strong>Laboratory and Pilot Plants:<\/strong> Small-scale pelletizing for research and development of new plastic formulations.<\/li>\r\n<\/ul>\r\n<h2 data-sourcepos=\"16:1-16:49\">Common Materials for Plastic Pelletizer Knives<\/h2>\r\n<p data-sourcepos=\"18:1-18:234\">The materials used for plastic pelletizer knives must be highly wear-resistant to withstand the continuous cutting of various plastic types, which can sometimes include abrasive fillers or reinforcements. Common materials include:<\/p>\r\n<ul data-sourcepos=\"20:1-24:0\">\r\n<li data-sourcepos=\"20:1-20:221\"><strong>Acero para herramientas (por ejemplo, D2, A8, M2):<\/strong> Offers a good balance of hardness, toughness, and wear resistance, suitable for processing a wide range of plastics. D2 steel is particularly popular for its excellent wear properties.<\/li>\r\n<li data-sourcepos=\"21:1-21:172\"><strong>Acero de alta velocidad (HSS) (por ejemplo, M2, M42):<\/strong> Provides good wear resistance and can maintain sharpness at higher operating speeds, suitable for high-throughput pelletizing.<\/li>\r\n<li data-sourcepos=\"22:1-22:318\"><strong>Cuchillos con punta de carburo:<\/strong> Feature tungsten carbide inserts brazed onto a steel body at the cutting edge. Carbide offers exceptional hardness and wear resistance, making these knives ideal for processing abrasive plastics, filled polymers, and fiberglass-reinforced materials, significantly extending their lifespan.<\/li>\r\n<li data-sourcepos=\"23:1-24:0\"><strong>Aceros en polvo Metallurgy (p. ej., CPM M4, CPM 10V):<\/strong> Ofrecen una resistencia al desgaste y una tenacidad superiores en comparaci\u00f3n con los aceros para herramientas convencionales debido a su microestructura uniforme, lo que los hace adecuados para aplicaciones de peletizaci\u00f3n exigentes.<\/li>\r\n<\/ul>\r\n<p data-sourcepos=\"25:1-25:389\">The hardness of plastic pelletizer knives typically ranges from HRC 52 to 65, depending on the material and the specific plastic being processed. Proper heat treatment is essential to achieve the optimal balance of hardness and toughness. Coatings such as titanium nitride (TiN) or chromium can be applied to enhance surface hardness, reduce friction, and improve corrosion resistance.<\/p>\r\n<h2 data-sourcepos=\"27:1-27:41\">Common Plastic Pelletizer Knife Shapes<\/h2>\r\n<p data-sourcepos=\"29:1-29:168\">Plastic pelletizer knives are typically mounted on a rotating rotor and work in conjunction with stationary stator knives. Common shapes and configurations include:<\/p>\r\n<ul data-sourcepos=\"31:1-36:0\">\r\n<li data-sourcepos=\"31:1-31:234\"><strong>Cuchillos rectos:<\/strong> These are the most common type, featuring a straight cutting edge that shears against the stator knives. They come in various lengths and thicknesses depending on the pelletizer size and throughput requirements.<\/li>\r\n<li data-sourcepos=\"32:1-32:187\"><strong>Slanted or Helical Knives:<\/strong> These knives are angled or spirally arranged on the rotor to provide a scissor-like cutting action, which can improve cutting efficiency and reduce noise.<\/li>\r\n<li data-sourcepos=\"33:1-33:147\"><strong>V-Shaped Knives:<\/strong> Some rotor knives have a V-shaped cutting edge to create specific pellet shapes or improve the cutting of certain materials.<\/li>\r\n<li data-sourcepos=\"34:1-34:170\"><strong>Notched Knives:<\/strong> These knives have notches along the cutting edge, which can help to break the plastic strands more effectively or create specific pellet dimensions.<\/li>\r\n<li data-sourcepos=\"35:1-36:0\"><strong>Fly Knives (for Die-Face Pelletizers):<\/strong> These are smaller rotating knives mounted directly on the die face in die-face pelletizing systems. They have a radial or slightly angled cutting edge to cut the molten plastic as it exits the die holes.<\/li>\r\n<\/ul>\r\n<p data-sourcepos=\"37:1-37:687\">The working principle involves the rotating plastic pelletizer knives on the rotor passing closely by the stationary stator knives. The narrow gap between these knives creates a shearing action that cuts the continuous strands of plastic into pellets. In die-face pelletizing, the fly knives rotate rapidly across the die face, cutting the emerging molten plastic. The size and shape of the pellets are determined by the speed of rotation, the feed rate of the plastic, the number of knives, and the geometry of the cutting edges. Precise alignment and sharp edges are crucial for producing uniform, clean-cut pellets and maximizing the lifespan of the plastic pelletizer knives.<\/p>\r\n<p>Si no encuentra la cuchilla que busca, tambi\u00e9n podemos personalizarla. \u00a1Consulte nuestras <span style=\"color: #ff9900;\">&quot;<a style=\"color: #ff9900;\" href=\"https:\/\/maxtormetal.com\/es\/custom-blades\/\" target=\"_blank\" rel=\"noopener\"><em><strong>Cuchillas Personalizadas<\/strong><\/em><\/a>&quot;<\/span> para saber c\u00f3mo!\u00a0<span style=\"color: #ff9900;\"><em><strong><a style=\"color: #ff9900;\" href=\"https:\/\/maxtormetal.com\/es\/contact\/\" target=\"_blank\" rel=\"noopener\">\u00a1Bienvenido a consultar!<\/a><\/strong><\/em><\/span><\/p>\r\n<h4><a href=\"https:\/\/maxtormetal.com\/es\/brochures\/\" target=\"_blank\" rel=\"noopener\"><strong><em><span style=\"color: #ff9900;\">Abrir Folletos<\/span><\/em><\/strong><\/a><\/h4>\r\n<hr \/>\r\n<h2>\u00bfPor Qu\u00e9 Elegir METAL?<\/h2>\r\n<ol>\r\n<li>\r\n<h3><strong> Servicio de Importaci\u00f3n Integral y sin Complicaciones<\/strong><\/h3>\r\n<\/li>\r\n<\/ol>\r\n<p>Disfrute de la comodidad de una importaci\u00f3n sin interrupciones. Desde el transporte hasta el despacho de aduanas, manejamos todo el proceso. Solo tiene que pagar el IVA y esperar la llegada de sus productos.<\/p>\r\n<ol start=\"2\">\r\n<li>\r\n<h3><strong> Precios Competitivos<\/strong><\/h3>\r\n<\/li>\r\n<\/ol>\r\n<p>Hemos visto nuestras cuchillas destacarse en innumerables aplicaciones y estamos listos para cualquier proyecto que nos presente. Espere precisi\u00f3n, durabilidad y precios competitivos inigualables.<\/p>\r\n<ol start=\"3\">\r\n<li>\r\n<h3><strong> ODM y OEM Disponibles<\/strong><\/h3>\r\n<\/li>\r\n<\/ol>\r\n<p>Ya sea que nos proporcione dibujos, bocetos o muestras, podemos dise\u00f1ar y fabricar para usted. Tambi\u00e9n tenemos la experiencia para ayudar a modificar dise\u00f1os y especificaciones existentes para mejorar casi cualquier aplicaci\u00f3n de herramientas industriales. Por favor, contacte a nuestro equipo de ventas dedicado para discutir sus requisitos espec\u00edficos.<\/p>\r\n<ol start=\"4\">\r\n<li>\r\n<h3><strong> Control de Calidad Riguroso<\/strong><\/h3>\r\n<\/li>\r\n<\/ol>\r\n<p>Se realiza una serie de pruebas e inspecciones para controlar la calidad, incluyendo la inspecci\u00f3n del primer art\u00edculo, la inspecci\u00f3n de material entrante y materiales certificados, la inspecci\u00f3n de calidad en proceso, y la inspecci\u00f3n de calidad final.<\/p>\r\n<ol start=\"5\">\r\n<li>\r\n<h3><strong> Adquisici\u00f3n Flexible, Cooperaci\u00f3n Ilimitada<\/strong><\/h3>\r\n<\/li>\r\n<\/ol>\r\n<p>Ya sea usted un importador, distribuidor, mayorista o usuario final, le damos la bienvenida. Benef\u00edciese de MOQ m\u00ednimos, consultas sin complicaciones y mayor libertad de compra.<\/p>\r\n<ol start=\"6\">\r\n<li>\r\n<h3><strong> Monitoreo en Tiempo Real del Progreso de Producci\u00f3n<\/strong><\/h3>\r\n<\/li>\r\n<\/ol>\r\n<p>Consid\u00e9renos su monitor exclusivo. Le proporcionaremos actualizaciones regulares sobre cada etapa crucial de su l\u00ednea de producci\u00f3n. No importa la distancia, tendr\u00e1 informaci\u00f3n en tiempo real sobre el progreso de su producto.<\/p>\r\n<hr \/>\r\n<p><iframe loading=\"lazy\" title=\"Cuchillas de corte de peletizadora de pl\u00e1stico, cuchillas de peletizaci\u00f3n para m\u00e1quina trituradora de pl\u00e1stico\" width=\"800\" height=\"600\" src=\"https:\/\/www.youtube.com\/embed\/bxHYxlCiqI0?feature=oembed&#038;enablejsapi=1&#038;origin=https:\/\/maxtormetal.com\" frameborder=\"0\" allow=\"accelerometer; autoplay; clipboard-write; encrypted-media; gyroscope; picture-in-picture; web-share\" referrerpolicy=\"strict-origin-when-cross-origin\" allowfullscreen><\/iframe><\/p>","protected":false},"excerpt":{"rendered":"<p>What does Plastic Pelletizer Knife Mean? A plastic pelletizer knife, also known as a granulator knife or pelletizing blade, is a precision cutting tool used in a plastic pelletizing machine. These machines convert larger pieces of plastic, such as extruded strands or processed flakes, into small, uniform pellets or granules. A plastic pelletizer knife works [&hellip;]<\/p>","protected":false},"featured_media":3195,"template":"","meta":[],"product_cat":[114,101,102,104],"product_tag":[385],"yoast_head":"<!-- This site is optimized with the Yoast SEO Premium plugin v23.6 (Yoast SEO v23.6) - https:\/\/yoast.com\/wordpress\/plugins\/seo\/ -->\n<title>Plastic Pelletizer Knife<\/title>\n<meta name=\"description\" content=\"Explore our high-quality plastic pelletizer knives and granulator blades for efficient plastic pellet production in recycling manufacturing.\" \/>\n<meta name=\"robots\" content=\"index, follow, max-snippet:-1, max-image-preview:large, max-video-preview:-1\" \/>\n<link rel=\"canonical\" href=\"https:\/\/maxtormetal.com\/es\/producto\/cuchilla-granuladora-de-plastico\/\" \/>\n<meta property=\"og:locale\" content=\"es_ES\" \/>\n<meta property=\"og:type\" content=\"article\" \/>\n<meta property=\"og:title\" content=\"Plastic Pelletizer Knife\" \/>\n<meta property=\"og:description\" content=\"Explore our high-quality plastic pelletizer knives and granulator blades for efficient plastic pellet production in recycling manufacturing.\" \/>\n<meta property=\"og:url\" content=\"https:\/\/maxtormetal.com\/es\/producto\/cuchilla-granuladora-de-plastico\/\" \/>\n<meta property=\"og:site_name\" content=\"Metal Industrial, Industrial Blade Manufacturer, Cutting Knives and blades, Machine Knives and blades supplier, Custom Blades solution\" \/>\n<meta property=\"article:publisher\" content=\"https:\/\/www.facebook.com\/mengli.tang.3\" \/>\n<meta property=\"article:modified_time\" content=\"2025-05-29T05:35:20+00:00\" \/>\n<meta property=\"og:image\" content=\"https:\/\/maxtormetal.com\/wp-content\/uploads\/2023\/10\/Plastic-pelletizer-knife-main1.jpg\" \/>\n\t<meta property=\"og:image:width\" content=\"800\" \/>\n\t<meta property=\"og:image:height\" content=\"800\" \/>\n\t<meta property=\"og:image:type\" content=\"image\/jpeg\" \/>\n<meta name=\"twitter:card\" content=\"summary_large_image\" \/>\n<meta name=\"twitter:site\" content=\"@MengliT13570\" \/>\n<script type=\"application\/ld+json\" class=\"yoast-schema-graph\">{\"@context\":\"https:\/\/schema.org\",\"@graph\":[{\"@type\":[\"WebPage\",\"ItemPage\"],\"@id\":\"https:\/\/maxtormetal.com\/product\/plastic-pelletizer-knife\/\",\"url\":\"https:\/\/maxtormetal.com\/product\/plastic-pelletizer-knife\/\",\"name\":\"Plastic Pelletizer Knife\",\"isPartOf\":{\"@id\":\"https:\/\/maxtormetal.com\/fr\/#website\"},\"primaryImageOfPage\":{\"@id\":\"https:\/\/maxtormetal.com\/product\/plastic-pelletizer-knife\/#primaryimage\"},\"image\":{\"@id\":\"https:\/\/maxtormetal.com\/product\/plastic-pelletizer-knife\/#primaryimage\"},\"thumbnailUrl\":\"https:\/\/maxtormetal.com\/wp-content\/uploads\/2023\/10\/Plastic-pelletizer-knife-main1.jpg\",\"datePublished\":\"2023-10-07T02:48:40+00:00\",\"dateModified\":\"2025-05-29T05:35:20+00:00\",\"description\":\"Explore our high-quality plastic pelletizer knives and granulator blades for efficient plastic pellet production in recycling manufacturing.\",\"breadcrumb\":{\"@id\":\"https:\/\/maxtormetal.com\/product\/plastic-pelletizer-knife\/#breadcrumb\"},\"inLanguage\":\"es\",\"potentialAction\":[{\"@type\":\"ReadAction\",\"target\":[\"https:\/\/maxtormetal.com\/product\/plastic-pelletizer-knife\/\"]}]},{\"@type\":\"ImageObject\",\"inLanguage\":\"es\",\"@id\":\"https:\/\/maxtormetal.com\/product\/plastic-pelletizer-knife\/#primaryimage\",\"url\":\"https:\/\/maxtormetal.com\/wp-content\/uploads\/2023\/10\/Plastic-pelletizer-knife-main1.jpg\",\"contentUrl\":\"https:\/\/maxtormetal.com\/wp-content\/uploads\/2023\/10\/Plastic-pelletizer-knife-main1.jpg\",\"width\":800,\"height\":800,\"caption\":\"pelletizing blades\"},{\"@type\":\"BreadcrumbList\",\"@id\":\"https:\/\/maxtormetal.com\/product\/plastic-pelletizer-knife\/#breadcrumb\",\"itemListElement\":[{\"@type\":\"ListItem\",\"position\":1,\"name\":\"Home\",\"item\":\"https:\/\/maxtormetal.com\/\"},{\"@type\":\"ListItem\",\"position\":2,\"name\":\"Products\",\"item\":\"https:\/\/maxtormetal.com\/products\/\"},{\"@type\":\"ListItem\",\"position\":3,\"name\":\"Plastic Pelletizer Knife\"}]},{\"@type\":\"WebSite\",\"@id\":\"https:\/\/maxtormetal.com\/fr\/#website\",\"url\":\"https:\/\/maxtormetal.com\/fr\/\",\"name\":\"Metal Industrial, Industrial Blade Manufacturer, Cutting Knives and blades, Machine Knives and blades supplier, Custom Blades solution\",\"description\":\"Mechanical blades and knives supplier for all machines made by China\",\"publisher\":{\"@id\":\"https:\/\/maxtormetal.com\/fr\/#organization\"},\"potentialAction\":[{\"@type\":\"SearchAction\",\"target\":{\"@type\":\"EntryPoint\",\"urlTemplate\":\"https:\/\/maxtormetal.com\/fr\/?s={search_term_string}\"},\"query-input\":{\"@type\":\"PropertyValueSpecification\",\"valueRequired\":true,\"valueName\":\"search_term_string\"}}],\"inLanguage\":\"es\"},{\"@type\":[\"Organization\",\"Place\"],\"@id\":\"https:\/\/maxtormetal.com\/fr\/#organization\",\"name\":\"Nanjing Metal Industrial CO., Limited\",\"alternateName\":\"Metal Industrial\",\"url\":\"https:\/\/maxtormetal.com\/fr\/\",\"logo\":{\"@id\":\"https:\/\/maxtormetal.com\/product\/plastic-pelletizer-knife\/#local-main-organization-logo\"},\"image\":{\"@id\":\"https:\/\/maxtormetal.com\/product\/plastic-pelletizer-knife\/#local-main-organization-logo\"},\"sameAs\":[\"https:\/\/www.facebook.com\/mengli.tang.3\",\"https:\/\/x.com\/MengliT13570\",\"https:\/\/www.linkedin.com\/in\/metalindustrial\/\"],\"description\":\"NanjingMetal is specialized in manufacturing and supplying industrial blades and knives, and its main business is to provide customers with customized industrial blades to meet their specific needs. With an experienced design and production team, we utilize the supply chain advantage in China to provide customers with competitive high quality industrial blades and knives.\",\"legalName\":\"Nanjing Metal Industrial CO., Limited\",\"foundingDate\":\"2006-02-18\",\"numberOfEmployees\":{\"@type\":\"QuantitativeValue\",\"minValue\":\"11\",\"maxValue\":\"50\"},\"telephone\":[],\"openingHoursSpecification\":[{\"@type\":\"OpeningHoursSpecification\",\"dayOfWeek\":[\"Monday\",\"Tuesday\",\"Wednesday\",\"Thursday\",\"Friday\",\"Saturday\",\"Sunday\"],\"opens\":\"09:00\",\"closes\":\"17:00\"}]},{\"@type\":\"ImageObject\",\"inLanguage\":\"es\",\"@id\":\"https:\/\/maxtormetal.com\/product\/plastic-pelletizer-knife\/#local-main-organization-logo\",\"url\":\"https:\/\/maxtormetal.com\/wp-content\/uploads\/2023\/08\/cropped-cropped-logo-\u526f\u672c-\u526f\u672c-e1693303172756-1.png\",\"contentUrl\":\"https:\/\/maxtormetal.com\/wp-content\/uploads\/2023\/08\/cropped-cropped-logo-\u526f\u672c-\u526f\u672c-e1693303172756-1.png\",\"width\":441,\"height\":132,\"caption\":\"Nanjing Metal Industrial CO., Limited\"}]}<\/script>\n<!-- \/ Yoast SEO Premium plugin. -->","yoast_head_json":{"title":"Plastic Pelletizer Knife","description":"Explore our high-quality plastic pelletizer knives and granulator blades for efficient plastic pellet production in recycling manufacturing.","robots":{"index":"index","follow":"follow","max-snippet":"max-snippet:-1","max-image-preview":"max-image-preview:large","max-video-preview":"max-video-preview:-1"},"canonical":"https:\/\/maxtormetal.com\/es\/producto\/cuchilla-granuladora-de-plastico\/","og_locale":"es_ES","og_type":"article","og_title":"Plastic Pelletizer Knife","og_description":"Explore our high-quality plastic pelletizer knives and granulator blades for efficient plastic pellet production in recycling manufacturing.","og_url":"https:\/\/maxtormetal.com\/es\/producto\/cuchilla-granuladora-de-plastico\/","og_site_name":"Metal Industrial, Industrial Blade Manufacturer, Cutting Knives and blades, Machine Knives and blades supplier, Custom Blades solution","article_publisher":"https:\/\/www.facebook.com\/mengli.tang.3","article_modified_time":"2025-05-29T05:35:20+00:00","og_image":[{"width":800,"height":800,"url":"https:\/\/maxtormetal.com\/wp-content\/uploads\/2023\/10\/Plastic-pelletizer-knife-main1.jpg","type":"image\/jpeg"}],"twitter_card":"summary_large_image","twitter_site":"@MengliT13570","schema":{"@context":"https:\/\/schema.org","@graph":[{"@type":["WebPage","ItemPage"],"@id":"https:\/\/maxtormetal.com\/product\/plastic-pelletizer-knife\/","url":"https:\/\/maxtormetal.com\/product\/plastic-pelletizer-knife\/","name":"Plastic Pelletizer Knife","isPartOf":{"@id":"https:\/\/maxtormetal.com\/fr\/#website"},"primaryImageOfPage":{"@id":"https:\/\/maxtormetal.com\/product\/plastic-pelletizer-knife\/#primaryimage"},"image":{"@id":"https:\/\/maxtormetal.com\/product\/plastic-pelletizer-knife\/#primaryimage"},"thumbnailUrl":"https:\/\/maxtormetal.com\/wp-content\/uploads\/2023\/10\/Plastic-pelletizer-knife-main1.jpg","datePublished":"2023-10-07T02:48:40+00:00","dateModified":"2025-05-29T05:35:20+00:00","description":"Explore our high-quality plastic pelletizer knives and granulator blades for efficient plastic pellet production in recycling manufacturing.","breadcrumb":{"@id":"https:\/\/maxtormetal.com\/product\/plastic-pelletizer-knife\/#breadcrumb"},"inLanguage":"es","potentialAction":[{"@type":"ReadAction","target":["https:\/\/maxtormetal.com\/product\/plastic-pelletizer-knife\/"]}]},{"@type":"ImageObject","inLanguage":"es","@id":"https:\/\/maxtormetal.com\/product\/plastic-pelletizer-knife\/#primaryimage","url":"https:\/\/maxtormetal.com\/wp-content\/uploads\/2023\/10\/Plastic-pelletizer-knife-main1.jpg","contentUrl":"https:\/\/maxtormetal.com\/wp-content\/uploads\/2023\/10\/Plastic-pelletizer-knife-main1.jpg","width":800,"height":800,"caption":"pelletizing blades"},{"@type":"BreadcrumbList","@id":"https:\/\/maxtormetal.com\/product\/plastic-pelletizer-knife\/#breadcrumb","itemListElement":[{"@type":"ListItem","position":1,"name":"Home","item":"https:\/\/maxtormetal.com\/"},{"@type":"ListItem","position":2,"name":"Products","item":"https:\/\/maxtormetal.com\/products\/"},{"@type":"ListItem","position":3,"name":"Plastic Pelletizer Knife"}]},{"@type":"WebSite","@id":"https:\/\/maxtormetal.com\/fr\/#website","url":"https:\/\/maxtormetal.com\/fr\/","name":"Metal Industrial, Industrial Blade Manufacturer, Cutting Knives and blades, Machine Knives and blades supplier, Custom Blades solution","description":"Mechanical blades and knives supplier for all machines made by China","publisher":{"@id":"https:\/\/maxtormetal.com\/fr\/#organization"},"potentialAction":[{"@type":"SearchAction","target":{"@type":"EntryPoint","urlTemplate":"https:\/\/maxtormetal.com\/fr\/?s={search_term_string}"},"query-input":{"@type":"PropertyValueSpecification","valueRequired":true,"valueName":"search_term_string"}}],"inLanguage":"es"},{"@type":["Organization","Place"],"@id":"https:\/\/maxtormetal.com\/fr\/#organization","name":"Nanjing Metal Industrial CO., Limited","alternateName":"Metal Industrial","url":"https:\/\/maxtormetal.com\/fr\/","logo":{"@id":"https:\/\/maxtormetal.com\/product\/plastic-pelletizer-knife\/#local-main-organization-logo"},"image":{"@id":"https:\/\/maxtormetal.com\/product\/plastic-pelletizer-knife\/#local-main-organization-logo"},"sameAs":["https:\/\/www.facebook.com\/mengli.tang.3","https:\/\/x.com\/MengliT13570","https:\/\/www.linkedin.com\/in\/metalindustrial\/"],"description":"NanjingMetal is specialized in manufacturing and supplying industrial blades and knives, and its main business is to provide customers with customized industrial blades to meet their specific needs. With an experienced design and production team, we utilize the supply chain advantage in China to provide customers with competitive high quality industrial blades and knives.","legalName":"Nanjing Metal Industrial CO., Limited","foundingDate":"2006-02-18","numberOfEmployees":{"@type":"QuantitativeValue","minValue":"11","maxValue":"50"},"telephone":[],"openingHoursSpecification":[{"@type":"OpeningHoursSpecification","dayOfWeek":["Monday","Tuesday","Wednesday","Thursday","Friday","Saturday","Sunday"],"opens":"09:00","closes":"17:00"}]},{"@type":"ImageObject","inLanguage":"es","@id":"https:\/\/maxtormetal.com\/product\/plastic-pelletizer-knife\/#local-main-organization-logo","url":"https:\/\/maxtormetal.com\/wp-content\/uploads\/2023\/08\/cropped-cropped-logo-\u526f\u672c-\u526f\u672c-e1693303172756-1.png","contentUrl":"https:\/\/maxtormetal.com\/wp-content\/uploads\/2023\/08\/cropped-cropped-logo-\u526f\u672c-\u526f\u672c-e1693303172756-1.png","width":441,"height":132,"caption":"Nanjing Metal Industrial CO., Limited"}]}},"_links":{"self":[{"href":"https:\/\/maxtormetal.com\/es\/wp-json\/wp\/v2\/product\/3190"}],"collection":[{"href":"https:\/\/maxtormetal.com\/es\/wp-json\/wp\/v2\/product"}],"about":[{"href":"https:\/\/maxtormetal.com\/es\/wp-json\/wp\/v2\/types\/product"}],"wp:featuredmedia":[{"embeddable":true,"href":"https:\/\/maxtormetal.com\/es\/wp-json\/wp\/v2\/media\/3195"}],"wp:attachment":[{"href":"https:\/\/maxtormetal.com\/es\/wp-json\/wp\/v2\/media?parent=3190"}],"wp:term":[{"taxonomy":"product_cat","embeddable":true,"href":"https:\/\/maxtormetal.com\/es\/wp-json\/wp\/v2\/product_cat?post=3190"},{"taxonomy":"product_tag","embeddable":true,"href":"https:\/\/maxtormetal.com\/es\/wp-json\/wp\/v2\/product_tag?post=3190"}],"curies":[{"name":"wp","href":"https:\/\/api.w.org\/{rel}","templated":true}]}}