{"id":3203,"date":"2023-10-07T10:56:10","date_gmt":"2023-10-07T02:56:10","guid":{"rendered":"https:\/\/maxtormetal.com\/?post_type=product&#038;p=3203"},"modified":"2025-06-01T16:34:30","modified_gmt":"2025-06-01T08:34:30","slug":"cuchillas-de-afeitar-ranuradas","status":"publish","type":"product","link":"https:\/\/maxtormetal.com\/es\/producto\/cuchillas-de-afeitar-ranuradas\/","title":{"rendered":"Cuchillas de Afeitar Ranuradas"},"content":{"rendered":"<h3 data-sourcepos=\"3:1-3:38\">\u00bfQu\u00e9 significan las hojas de afeitar ranuradas?<\/h3>\r\n<p data-sourcepos=\"5:1-5:1113\">Las hojas de afeitar ranuradas son un tipo de cuchilla de corte industrial que se caracteriza por su perfil delgado, filo extremadamente afilado y una o m\u00e1s ranuras alargadas (a menudo en forma de ri\u00f1\u00f3n u ovaladas) a lo largo de su cuerpo. Estas ranuras est\u00e1n dise\u00f1adas principalmente para un montaje seguro y preciso en soportes o maquinaria especializada, lo que permite un posicionamiento preciso y evita la rotaci\u00f3n o el deslizamiento durante operaciones de corte a alta velocidad. Si bien comparten las caracter\u00edsticas de afilado de las hojas de afeitar tradicionales, las hojas de afeitar ranuradas est\u00e1n dise\u00f1adas para aplicaciones industriales exigentes, en particular el corte de materiales delgados como pel\u00edculas, l\u00e1minas, cintas, etiquetas y textiles. Un material com\u00fan y altamente efectivo para estas hojas es el carburo de tungsteno, que proporciona una dureza y resistencia al desgaste excepcionales para una mayor vida \u00fatil del corte. Las hojas de afeitar ranuradas tambi\u00e9n se denominan a veces &quot;hojas de ranura en forma de ri\u00f1\u00f3n&quot;, &quot;cuchillas de corte con ranura ovalada&quot;, &quot;hojas de afeitar de corte de carburo&quot;, &quot;hojas de corte de pel\u00edcula fina&quot; o &quot;hojas de corte de precisi\u00f3n&quot;, seg\u00fan la aplicaci\u00f3n espec\u00edfica y el material que se est\u00e9 cortando.<\/p>\r\n<h3 data-sourcepos=\"7:1-7:49\">Usos y aplicaciones de las hojas de afeitar ranuradas<\/h3>\r\n<p data-sourcepos=\"9:1-9:110\">Las hojas de afeitar ranuradas se utilizan ampliamente en industrias que requieren un corte preciso de materiales delgados y flexibles:<\/p>\r\n<ul data-sourcepos=\"11:1-19:0\">\r\n<li data-sourcepos=\"11:1-11:174\"><strong>Conversi\u00f3n de pel\u00edculas y l\u00e1minas:<\/strong> Corte con precisi\u00f3n pel\u00edculas de pl\u00e1stico (por ejemplo, pel\u00edculas de embalaje, BOPP, PET), l\u00e1minas de aluminio y laminados en anchos estrechos para diversas aplicaciones.<\/li>\r\n<li data-sourcepos=\"12:1-12:151\"><strong>Fabricaci\u00f3n de cintas adhesivas:<\/strong> Corte de rollos anchos de cintas adhesivas, incluidas cintas sensibles a la presi\u00f3n y cintas especiales, en anchos espec\u00edficos.<\/li>\r\n<li data-sourcepos=\"13:1-13:129\"><strong>Fabricaci\u00f3n de etiquetas y r\u00f3tulos:<\/strong> Corte a alta velocidad de etiquetas y materiales de r\u00f3tulos en etiquetas individuales o en m\u00faltiples carriles.<\/li>\r\n<li data-sourcepos=\"14:1-14:144\"><strong>Industria Textil:<\/strong> Corte de tejidos ligeros, no tejidos y textiles t\u00e9cnicos en tiras estrechas para diversos procesos de fabricaci\u00f3n.<\/li>\r\n<li data-sourcepos=\"15:1-15:129\"><strong>Fabricaci\u00f3n de dispositivos m\u00e9dicos:<\/strong> Corte de pel\u00edculas delgadas y materiales especializados utilizados en envases y componentes de dispositivos m\u00e9dicos.<\/li>\r\n<li data-sourcepos=\"16:1-16:106\"><strong>Industria del Embalaje:<\/strong> Corte de pel\u00edculas de embalaje flexibles para envolver productos individuales o fabricar bolsas.<\/li>\r\n<li data-sourcepos=\"17:1-17:109\"><strong>Fabricaci\u00f3n de bater\u00edas:<\/strong> Corte de precisi\u00f3n de pel\u00edculas y l\u00e1minas separadoras delgadas utilizadas en la producci\u00f3n de bater\u00edas.<\/li>\r\n<li data-sourcepos=\"18:1-19:0\"><strong>Impresi\u00f3n y gr\u00e1ficos:<\/strong> Corte de papel, pel\u00edcula y vinilo en procesos de acabado.<\/li>\r\n<\/ul>\r\n<p data-sourcepos=\"20:1-20:194\">El uso de hojas de afeitar ranuradas, especialmente las fabricadas con carburo de tungsteno, garantiza cortes limpios y sin rebabas a altas velocidades, lo que contribuye a aumentar la productividad y reducir el desperdicio de material.<\/p>\r\n<h3 data-sourcepos=\"22:1-22:45\">Materiales comunes para hojas de afeitar ranuradas<\/h3>\r\n<p data-sourcepos=\"24:1-24:166\">Si bien se pueden utilizar diversos materiales, las hojas de afeitar ranuradas para cortes industriales exigentes, en particular de pel\u00edculas y l\u00e1minas delgadas, generalmente se fabrican a partir de:<\/p>\r\n<ul data-sourcepos=\"26:1-27:0\">\r\n<li data-sourcepos=\"26:1-27:0\"><strong>Carburo de tungsteno (WC):<\/strong> Este material es muy popular debido a su excepcional dureza (significativamente superior a la del acero), excelente resistencia al desgaste y capacidad para mantener un filo extremadamente afilado durante largos periodos. Las hojas de carburo de tungsteno son ideales para el corte a alta velocidad y el procesamiento de materiales abrasivos, ofreciendo una larga vida \u00fatil y un rendimiento de corte constante.<\/li>\r\n<\/ul>\r\n<p data-sourcepos=\"28:1-28:79\">Otros materiales que se pueden utilizar dependiendo de la aplicaci\u00f3n espec\u00edfica incluyen:<\/p>\r\n<ul data-sourcepos=\"30:1-32:0\">\r\n<li data-sourcepos=\"30:1-30:158\"><strong>Acero inoxidable (varios grados):<\/strong> Ofrece buena resistencia a la corrosi\u00f3n y se puede afilar hasta obtener un borde fino, adecuado para algunas tareas de corte menos exigentes.<\/li>\r\n<li data-sourcepos=\"31:1-32:0\"><strong>Acero con Alto Contenido de Carbono:<\/strong> Puede alcanzar un alto filo, pero puede carecer de la resistencia al desgaste del carburo de tungsteno para uso industrial continuo y ser m\u00e1s susceptible a la corrosi\u00f3n. Se utiliza a menudo con recubrimientos.<\/li>\r\n<\/ul>\r\n<p data-sourcepos=\"33:1-33:283\">La elecci\u00f3n del material depende de factores como el tipo y el grosor del material a cortar, la velocidad de corte requerida, la vida \u00fatil deseada de la cuchilla y el costo. El carburo de tungsteno suele ser el preferido por su excelente rendimiento en entornos de alta producci\u00f3n.<\/p>\r\n<h3 data-sourcepos=\"35:1-35:54\">Formas y caracter\u00edsticas comunes de las hojas de afeitar ranuradas<\/h3>\r\n<p data-sourcepos=\"37:1-37:184\">Las hojas de afeitar ranuradas se caracterizan principalmente por su forma delgada, rectangular o trapezoidal y la presencia de una o m\u00e1s ranuras de montaje. Las formas y caracter\u00edsticas comunes incluyen:<\/p>\r\n<ul data-sourcepos=\"39:1-46:0\">\r\n<li data-sourcepos=\"39:1-39:149\"><strong>Cuchillas rectangulares con ranuras:<\/strong> Un cuerpo de hoja rectangular simple con una o m\u00e1s ranuras alargadas (generalmente en forma de ri\u00f1\u00f3n u ovaladas) para su montaje.<\/li>\r\n<li data-sourcepos=\"40:1-40:138\"><strong>Cuchillas trapezoidales con ranuras:<\/strong> Un cuerpo de hoja trapezoidal, que ofrece un \u00e1ngulo de corte ligeramente diferente, tambi\u00e9n cuenta con ranuras de montaje.<\/li>\r\n<li data-sourcepos=\"41:1-41:196\"><strong>Ranuras individuales o m\u00faltiples:<\/strong> Las cuchillas pueden tener una o varias ranuras, seg\u00fan la estabilidad de montaje requerida y el dise\u00f1o del portacuchillas. Las ranuras m\u00faltiples proporcionan una fijaci\u00f3n m\u00e1s segura.<\/li>\r\n<li data-sourcepos=\"42:1-42:181\"><strong>Bordes rectificados de precisi\u00f3n:<\/strong> El filo est\u00e1 meticulosamente afilado hasta alcanzar un \u00e1ngulo extremadamente agudo para garantizar un corte limpio y preciso de materiales delgados sin desgarrarlos ni engancharlos.<\/li>\r\n<li data-sourcepos=\"43:1-43:142\"><strong>Varios \u00e1ngulos de borde:<\/strong> Se puede variar el \u00e1ngulo del filo para optimizar el rendimiento de distintos tipos de pel\u00edculas, l\u00e1minas y cintas.<\/li>\r\n<li data-sourcepos=\"44:1-44:134\"><strong>Superficies pulidas:<\/strong> Las superficies de las hojas suelen estar muy pulidas para reducir la fricci\u00f3n y evitar la acumulaci\u00f3n de material durante el corte.<\/li>\r\n<li data-sourcepos=\"45:1-46:0\"><strong>Tolerancias:<\/strong> <strong>Cuchillas de Afeitar Ranuradas<\/strong> Se fabrican con tolerancias muy estrictas para garantizar un rendimiento constante y anchos de corte precisos.<\/li>\r\n<\/ul>\r\n<p data-sourcepos=\"47:1-47:238\">Las dimensiones (largo, ancho, grosor), as\u00ed como el tama\u00f1o y la ubicaci\u00f3n de las ranuras, son cruciales y est\u00e1n dise\u00f1adas para adaptarse a la maquinaria de corte industrial espec\u00edfica. El perfil delgado de la cuchilla minimiza el desplazamiento del material durante el corte.<\/p>\r\n<p>Si no encuentra la cuchilla que busca, tambi\u00e9n podemos personalizarla. \u00a1Consulte nuestras <span style=\"color: #ff9900;\">&quot;<a style=\"color: #ff9900;\" href=\"https:\/\/maxtormetal.com\/es\/custom-blades\/\" target=\"_blank\" rel=\"noopener\"><em><strong>Cuchillas Personalizadas<\/strong><\/em><\/a>&quot;<\/span> para saber c\u00f3mo!\u00a0<span style=\"color: #ff9900;\"><em><strong><a style=\"color: #ff9900;\" href=\"https:\/\/maxtormetal.com\/es\/contact\/\" target=\"_blank\" rel=\"noopener\">\u00a1Bienvenido a consultar!<\/a><\/strong><\/em><\/span><\/p>\r\n<h4><span style=\"color: #ff9900;\"><a style=\"color: #ff9900;\" href=\"https:\/\/maxtormetal.com\/es\/brochures\/\" target=\"_blank\" rel=\"noopener\"><strong><em>Abrir Folletos<\/em><\/strong><\/a><\/span><\/h4>\r\n<hr \/>\r\n<h2>\u00bfPor Qu\u00e9 Elegir METAL?<\/h2>\r\n<ol>\r\n<li>\r\n<h3><strong> Servicio de Importaci\u00f3n Integral y sin Complicaciones<\/strong><\/h3>\r\n<\/li>\r\n<\/ol>\r\n<p>Disfrute de la comodidad de una importaci\u00f3n sin interrupciones. Desde el transporte hasta el despacho de aduanas, manejamos todo el proceso. Solo tiene que pagar el IVA y esperar la llegada de sus productos.<\/p>\r\n<ol start=\"2\">\r\n<li>\r\n<h3><strong> Precios Competitivos<\/strong><\/h3>\r\n<\/li>\r\n<\/ol>\r\n<p>Hemos visto nuestras cuchillas destacarse en innumerables aplicaciones y estamos listos para cualquier proyecto que nos presente. Espere precisi\u00f3n, durabilidad y precios competitivos inigualables.<\/p>\r\n<ol start=\"3\">\r\n<li>\r\n<h3><strong> ODM y OEM Disponibles<\/strong><\/h3>\r\n<\/li>\r\n<\/ol>\r\n<p>Ya sea que nos proporcione dibujos, bocetos o muestras, podemos dise\u00f1ar y fabricar para usted. Tambi\u00e9n tenemos la experiencia para ayudar a modificar dise\u00f1os y especificaciones existentes para mejorar casi cualquier aplicaci\u00f3n de herramientas industriales. Por favor, contacte a nuestro equipo de ventas dedicado para discutir sus requisitos espec\u00edficos.<\/p>\r\n<ol start=\"4\">\r\n<li>\r\n<h3><strong> Control de Calidad Riguroso<\/strong><\/h3>\r\n<\/li>\r\n<\/ol>\r\n<p>Se realiza una serie de pruebas e inspecciones para controlar la calidad, incluyendo la inspecci\u00f3n del primer art\u00edculo, la inspecci\u00f3n de material entrante y materiales certificados, la inspecci\u00f3n de calidad en proceso, y la inspecci\u00f3n de calidad final.<\/p>\r\n<ol start=\"5\">\r\n<li>\r\n<h3><strong> Adquisici\u00f3n Flexible, Cooperaci\u00f3n Ilimitada<\/strong><\/h3>\r\n<\/li>\r\n<\/ol>\r\n<p>Ya sea usted un importador, distribuidor, mayorista o usuario final, le damos la bienvenida. Benef\u00edciese de MOQ m\u00ednimos, consultas sin complicaciones y mayor libertad de compra.<\/p>\r\n<ol start=\"6\">\r\n<li>\r\n<h3><strong> Monitoreo en Tiempo Real del Progreso de Producci\u00f3n<\/strong><\/h3>\r\n<\/li>\r\n<\/ol>\r\n<p>Consid\u00e9renos su monitor exclusivo. Le proporcionaremos actualizaciones regulares sobre cada etapa crucial de su l\u00ednea de producci\u00f3n. No importa la distancia, tendr\u00e1 informaci\u00f3n en tiempo real sobre el progreso de su producto.<\/p>\r\n<hr \/>\r\n<p><iframe loading=\"lazy\" title=\"Cuchillas afiladas de doble filo con orificio para la cintura, cinta de pel\u00edcula de carburo de tungsteno de acero con alto contenido de carbono\" width=\"800\" height=\"600\" src=\"https:\/\/www.youtube.com\/embed\/btFGfYgF-Oc?feature=oembed&#038;enablejsapi=1&#038;origin=https:\/\/maxtormetal.com\" frameborder=\"0\" allow=\"accelerometer; autoplay; clipboard-write; encrypted-media; gyroscope; picture-in-picture; web-share\" referrerpolicy=\"strict-origin-when-cross-origin\" allowfullscreen><\/iframe><\/p>","protected":false},"excerpt":{"rendered":"<p>What do Slotted Razor Blades Mean? &#8220;Slotted Razor Blades&#8221; are a type of industrial cutting blade characterized by their thin profile, extremely sharp cutting edge, and the presence of one or more elongated slots (often kidney-shaped or oval) along their body. These slots are primarily designed for secure and precise mounting onto specialized holders or [&hellip;]<\/p>","protected":false},"featured_media":3205,"template":"","meta":[],"product_cat":[114,101,113,104],"product_tag":[382],"yoast_head":"<!-- This site is optimized with the Yoast SEO Premium plugin v23.6 (Yoast SEO v23.6) - https:\/\/yoast.com\/wordpress\/plugins\/seo\/ -->\n<title>Slotted Razor Blades - Metal Industrial, Industrial Blade Manufacturer, Cutting Knives and blades, Machine Knives and blades supplier, Custom Blades solution<\/title>\n<meta name=\"description\" content=\"Discover high-precision Slotted Razor Blades, often made from tungsten carbide, for clean and accurate slitting of films, foils, tapes, and labels. Ensure optimal performance and long life!\" \/>\n<meta name=\"robots\" content=\"index, follow, max-snippet:-1, max-image-preview:large, max-video-preview:-1\" \/>\n<link rel=\"canonical\" href=\"https:\/\/maxtormetal.com\/es\/producto\/cuchillas-de-afeitar-ranuradas\/\" \/>\n<meta property=\"og:locale\" content=\"es_ES\" \/>\n<meta property=\"og:type\" content=\"article\" \/>\n<meta property=\"og:title\" content=\"Slotted Razor Blades\" \/>\n<meta property=\"og:description\" content=\"Discover high-precision Slotted Razor Blades, often made from tungsten carbide, for clean and accurate slitting of films, foils, tapes, and labels. Ensure optimal performance and long life!\" \/>\n<meta property=\"og:url\" content=\"https:\/\/maxtormetal.com\/es\/producto\/cuchillas-de-afeitar-ranuradas\/\" \/>\n<meta property=\"og:site_name\" content=\"Metal Industrial, Industrial Blade Manufacturer, Cutting Knives and blades, Machine Knives and blades supplier, Custom Blades solution\" \/>\n<meta property=\"article:publisher\" content=\"https:\/\/www.facebook.com\/mengli.tang.3\" \/>\n<meta property=\"article:modified_time\" content=\"2025-06-01T08:34:30+00:00\" \/>\n<meta property=\"og:image\" content=\"https:\/\/maxtormetal.com\/wp-content\/uploads\/2023\/10\/Waist-holes-razor-blade-main1.jpg\" \/>\n\t<meta property=\"og:image:width\" content=\"800\" \/>\n\t<meta property=\"og:image:height\" content=\"800\" \/>\n\t<meta property=\"og:image:type\" content=\"image\/jpeg\" \/>\n<meta name=\"twitter:card\" content=\"summary_large_image\" \/>\n<meta name=\"twitter:site\" content=\"@MengliT13570\" \/>\n<script type=\"application\/ld+json\" class=\"yoast-schema-graph\">{\"@context\":\"https:\/\/schema.org\",\"@graph\":[{\"@type\":[\"WebPage\",\"ItemPage\"],\"@id\":\"https:\/\/maxtormetal.com\/product\/slotted-razor-blades\/\",\"url\":\"https:\/\/maxtormetal.com\/product\/slotted-razor-blades\/\",\"name\":\"Slotted Razor Blades - Metal Industrial, Industrial Blade Manufacturer, Cutting Knives and blades, Machine Knives and blades supplier, Custom Blades solution\",\"isPartOf\":{\"@id\":\"https:\/\/maxtormetal.com\/fr\/#website\"},\"primaryImageOfPage\":{\"@id\":\"https:\/\/maxtormetal.com\/product\/slotted-razor-blades\/#primaryimage\"},\"image\":{\"@id\":\"https:\/\/maxtormetal.com\/product\/slotted-razor-blades\/#primaryimage\"},\"thumbnailUrl\":\"https:\/\/maxtormetal.com\/wp-content\/uploads\/2023\/10\/Waist-holes-razor-blade-main1.jpg\",\"datePublished\":\"2023-10-07T02:56:10+00:00\",\"dateModified\":\"2025-06-01T08:34:30+00:00\",\"description\":\"Discover high-precision Slotted Razor Blades, often made from tungsten carbide, for clean and accurate slitting of films, foils, tapes, and labels. Ensure optimal performance and long life!\",\"breadcrumb\":{\"@id\":\"https:\/\/maxtormetal.com\/product\/slotted-razor-blades\/#breadcrumb\"},\"inLanguage\":\"es\",\"potentialAction\":[{\"@type\":\"ReadAction\",\"target\":[\"https:\/\/maxtormetal.com\/product\/slotted-razor-blades\/\"]}]},{\"@type\":\"ImageObject\",\"inLanguage\":\"es\",\"@id\":\"https:\/\/maxtormetal.com\/product\/slotted-razor-blades\/#primaryimage\",\"url\":\"https:\/\/maxtormetal.com\/wp-content\/uploads\/2023\/10\/Waist-holes-razor-blade-main1.jpg\",\"contentUrl\":\"https:\/\/maxtormetal.com\/wp-content\/uploads\/2023\/10\/Waist-holes-razor-blade-main1.jpg\",\"width\":800,\"height\":800,\"caption\":\"Slotted Razor Blades\"},{\"@type\":\"BreadcrumbList\",\"@id\":\"https:\/\/maxtormetal.com\/product\/slotted-razor-blades\/#breadcrumb\",\"itemListElement\":[{\"@type\":\"ListItem\",\"position\":1,\"name\":\"Home\",\"item\":\"https:\/\/maxtormetal.com\/\"},{\"@type\":\"ListItem\",\"position\":2,\"name\":\"Products\",\"item\":\"https:\/\/maxtormetal.com\/products\/\"},{\"@type\":\"ListItem\",\"position\":3,\"name\":\"Slotted Razor Blades\"}]},{\"@type\":\"WebSite\",\"@id\":\"https:\/\/maxtormetal.com\/fr\/#website\",\"url\":\"https:\/\/maxtormetal.com\/fr\/\",\"name\":\"Metal Industrial, Industrial Blade Manufacturer, Cutting Knives and blades, Machine Knives and blades supplier, Custom Blades solution\",\"description\":\"Mechanical blades and knives supplier for all machines made by China\",\"publisher\":{\"@id\":\"https:\/\/maxtormetal.com\/fr\/#organization\"},\"potentialAction\":[{\"@type\":\"SearchAction\",\"target\":{\"@type\":\"EntryPoint\",\"urlTemplate\":\"https:\/\/maxtormetal.com\/fr\/?s={search_term_string}\"},\"query-input\":{\"@type\":\"PropertyValueSpecification\",\"valueRequired\":true,\"valueName\":\"search_term_string\"}}],\"inLanguage\":\"es\"},{\"@type\":[\"Organization\",\"Place\"],\"@id\":\"https:\/\/maxtormetal.com\/fr\/#organization\",\"name\":\"Nanjing Metal Industrial CO., Limited\",\"alternateName\":\"Metal Industrial\",\"url\":\"https:\/\/maxtormetal.com\/fr\/\",\"logo\":{\"@id\":\"https:\/\/maxtormetal.com\/product\/slotted-razor-blades\/#local-main-organization-logo\"},\"image\":{\"@id\":\"https:\/\/maxtormetal.com\/product\/slotted-razor-blades\/#local-main-organization-logo\"},\"sameAs\":[\"https:\/\/www.facebook.com\/mengli.tang.3\",\"https:\/\/x.com\/MengliT13570\",\"https:\/\/www.linkedin.com\/in\/metalindustrial\/\"],\"description\":\"NanjingMetal is specialized in manufacturing and supplying industrial blades and knives, and its main business is to provide customers with customized industrial blades to meet their specific needs. With an experienced design and production team, we utilize the supply chain advantage in China to provide customers with competitive high quality industrial blades and knives.\",\"legalName\":\"Nanjing Metal Industrial CO., Limited\",\"foundingDate\":\"2006-02-18\",\"numberOfEmployees\":{\"@type\":\"QuantitativeValue\",\"minValue\":\"11\",\"maxValue\":\"50\"},\"telephone\":[],\"openingHoursSpecification\":[{\"@type\":\"OpeningHoursSpecification\",\"dayOfWeek\":[\"Monday\",\"Tuesday\",\"Wednesday\",\"Thursday\",\"Friday\",\"Saturday\",\"Sunday\"],\"opens\":\"09:00\",\"closes\":\"17:00\"}]},{\"@type\":\"ImageObject\",\"inLanguage\":\"es\",\"@id\":\"https:\/\/maxtormetal.com\/product\/slotted-razor-blades\/#local-main-organization-logo\",\"url\":\"https:\/\/maxtormetal.com\/wp-content\/uploads\/2023\/08\/cropped-cropped-logo-\u526f\u672c-\u526f\u672c-e1693303172756-1.png\",\"contentUrl\":\"https:\/\/maxtormetal.com\/wp-content\/uploads\/2023\/08\/cropped-cropped-logo-\u526f\u672c-\u526f\u672c-e1693303172756-1.png\",\"width\":441,\"height\":132,\"caption\":\"Nanjing Metal Industrial CO., Limited\"}]}<\/script>\n<!-- \/ Yoast SEO Premium plugin. -->","yoast_head_json":{"title":"Slotted Razor Blades - Metal Industrial, Industrial Blade Manufacturer, Cutting Knives and blades, Machine Knives and blades supplier, Custom Blades solution","description":"Discover high-precision Slotted Razor Blades, often made from tungsten carbide, for clean and accurate slitting of films, foils, tapes, and labels. Ensure optimal performance and long life!","robots":{"index":"index","follow":"follow","max-snippet":"max-snippet:-1","max-image-preview":"max-image-preview:large","max-video-preview":"max-video-preview:-1"},"canonical":"https:\/\/maxtormetal.com\/es\/producto\/cuchillas-de-afeitar-ranuradas\/","og_locale":"es_ES","og_type":"article","og_title":"Slotted Razor Blades","og_description":"Discover high-precision Slotted Razor Blades, often made from tungsten carbide, for clean and accurate slitting of films, foils, tapes, and labels. Ensure optimal performance and long life!","og_url":"https:\/\/maxtormetal.com\/es\/producto\/cuchillas-de-afeitar-ranuradas\/","og_site_name":"Metal Industrial, Industrial Blade Manufacturer, Cutting Knives and blades, Machine Knives and blades supplier, Custom Blades solution","article_publisher":"https:\/\/www.facebook.com\/mengli.tang.3","article_modified_time":"2025-06-01T08:34:30+00:00","og_image":[{"width":800,"height":800,"url":"https:\/\/maxtormetal.com\/wp-content\/uploads\/2023\/10\/Waist-holes-razor-blade-main1.jpg","type":"image\/jpeg"}],"twitter_card":"summary_large_image","twitter_site":"@MengliT13570","schema":{"@context":"https:\/\/schema.org","@graph":[{"@type":["WebPage","ItemPage"],"@id":"https:\/\/maxtormetal.com\/product\/slotted-razor-blades\/","url":"https:\/\/maxtormetal.com\/product\/slotted-razor-blades\/","name":"Slotted Razor Blades - Metal Industrial, Industrial Blade Manufacturer, Cutting Knives and blades, Machine Knives and blades supplier, Custom Blades solution","isPartOf":{"@id":"https:\/\/maxtormetal.com\/fr\/#website"},"primaryImageOfPage":{"@id":"https:\/\/maxtormetal.com\/product\/slotted-razor-blades\/#primaryimage"},"image":{"@id":"https:\/\/maxtormetal.com\/product\/slotted-razor-blades\/#primaryimage"},"thumbnailUrl":"https:\/\/maxtormetal.com\/wp-content\/uploads\/2023\/10\/Waist-holes-razor-blade-main1.jpg","datePublished":"2023-10-07T02:56:10+00:00","dateModified":"2025-06-01T08:34:30+00:00","description":"Discover high-precision Slotted Razor Blades, often made from tungsten carbide, for clean and accurate slitting of films, foils, tapes, and labels. Ensure optimal performance and long life!","breadcrumb":{"@id":"https:\/\/maxtormetal.com\/product\/slotted-razor-blades\/#breadcrumb"},"inLanguage":"es","potentialAction":[{"@type":"ReadAction","target":["https:\/\/maxtormetal.com\/product\/slotted-razor-blades\/"]}]},{"@type":"ImageObject","inLanguage":"es","@id":"https:\/\/maxtormetal.com\/product\/slotted-razor-blades\/#primaryimage","url":"https:\/\/maxtormetal.com\/wp-content\/uploads\/2023\/10\/Waist-holes-razor-blade-main1.jpg","contentUrl":"https:\/\/maxtormetal.com\/wp-content\/uploads\/2023\/10\/Waist-holes-razor-blade-main1.jpg","width":800,"height":800,"caption":"Slotted Razor Blades"},{"@type":"BreadcrumbList","@id":"https:\/\/maxtormetal.com\/product\/slotted-razor-blades\/#breadcrumb","itemListElement":[{"@type":"ListItem","position":1,"name":"Home","item":"https:\/\/maxtormetal.com\/"},{"@type":"ListItem","position":2,"name":"Products","item":"https:\/\/maxtormetal.com\/products\/"},{"@type":"ListItem","position":3,"name":"Slotted Razor Blades"}]},{"@type":"WebSite","@id":"https:\/\/maxtormetal.com\/fr\/#website","url":"https:\/\/maxtormetal.com\/fr\/","name":"Metal Industrial, Industrial Blade Manufacturer, Cutting Knives and blades, Machine Knives and blades supplier, Custom Blades solution","description":"Mechanical blades and knives supplier for all machines made by China","publisher":{"@id":"https:\/\/maxtormetal.com\/fr\/#organization"},"potentialAction":[{"@type":"SearchAction","target":{"@type":"EntryPoint","urlTemplate":"https:\/\/maxtormetal.com\/fr\/?s={search_term_string}"},"query-input":{"@type":"PropertyValueSpecification","valueRequired":true,"valueName":"search_term_string"}}],"inLanguage":"es"},{"@type":["Organization","Place"],"@id":"https:\/\/maxtormetal.com\/fr\/#organization","name":"Nanjing Metal Industrial CO., Limited","alternateName":"Metal Industrial","url":"https:\/\/maxtormetal.com\/fr\/","logo":{"@id":"https:\/\/maxtormetal.com\/product\/slotted-razor-blades\/#local-main-organization-logo"},"image":{"@id":"https:\/\/maxtormetal.com\/product\/slotted-razor-blades\/#local-main-organization-logo"},"sameAs":["https:\/\/www.facebook.com\/mengli.tang.3","https:\/\/x.com\/MengliT13570","https:\/\/www.linkedin.com\/in\/metalindustrial\/"],"description":"NanjingMetal is specialized in manufacturing and supplying industrial blades and knives, and its main business is to provide customers with customized industrial blades to meet their specific needs. With an experienced design and production team, we utilize the supply chain advantage in China to provide customers with competitive high quality industrial blades and knives.","legalName":"Nanjing Metal Industrial CO., Limited","foundingDate":"2006-02-18","numberOfEmployees":{"@type":"QuantitativeValue","minValue":"11","maxValue":"50"},"telephone":[],"openingHoursSpecification":[{"@type":"OpeningHoursSpecification","dayOfWeek":["Monday","Tuesday","Wednesday","Thursday","Friday","Saturday","Sunday"],"opens":"09:00","closes":"17:00"}]},{"@type":"ImageObject","inLanguage":"es","@id":"https:\/\/maxtormetal.com\/product\/slotted-razor-blades\/#local-main-organization-logo","url":"https:\/\/maxtormetal.com\/wp-content\/uploads\/2023\/08\/cropped-cropped-logo-\u526f\u672c-\u526f\u672c-e1693303172756-1.png","contentUrl":"https:\/\/maxtormetal.com\/wp-content\/uploads\/2023\/08\/cropped-cropped-logo-\u526f\u672c-\u526f\u672c-e1693303172756-1.png","width":441,"height":132,"caption":"Nanjing Metal Industrial CO., Limited"}]}},"_links":{"self":[{"href":"https:\/\/maxtormetal.com\/es\/wp-json\/wp\/v2\/product\/3203"}],"collection":[{"href":"https:\/\/maxtormetal.com\/es\/wp-json\/wp\/v2\/product"}],"about":[{"href":"https:\/\/maxtormetal.com\/es\/wp-json\/wp\/v2\/types\/product"}],"wp:featuredmedia":[{"embeddable":true,"href":"https:\/\/maxtormetal.com\/es\/wp-json\/wp\/v2\/media\/3205"}],"wp:attachment":[{"href":"https:\/\/maxtormetal.com\/es\/wp-json\/wp\/v2\/media?parent=3203"}],"wp:term":[{"taxonomy":"product_cat","embeddable":true,"href":"https:\/\/maxtormetal.com\/es\/wp-json\/wp\/v2\/product_cat?post=3203"},{"taxonomy":"product_tag","embeddable":true,"href":"https:\/\/maxtormetal.com\/es\/wp-json\/wp\/v2\/product_tag?post=3203"}],"curies":[{"name":"wp","href":"https:\/\/api.w.org\/{rel}","templated":true}]}}