{"id":3206,"date":"2023-10-07T10:58:32","date_gmt":"2023-10-07T02:58:32","guid":{"rendered":"https:\/\/maxtormetal.com\/?post_type=product&#038;p=3206"},"modified":"2025-05-22T22:28:38","modified_gmt":"2025-05-22T14:28:38","slug":"cuchilla-de-corte-redonda-decagonal","status":"publish","type":"product","link":"https:\/\/maxtormetal.com\/es\/producto\/cuchilla-de-corte-redonda-decagonal\/","title":{"rendered":"Cuchilla de Corte Redonda Decagonal"},"content":{"rendered":"<h3 data-sourcepos=\"3:1-3:46\">\u00bfQu\u00e9 significan las hojas de corte redondas dec\u00e1gono?<\/h3>\r\n<p data-sourcepos=\"5:1-5:1059\">El t\u00e9rmino &quot;hoja de corte redonda dec\u00e1gono&quot; se refiere a un tipo especializado de hoja de corte circular, caracterizada por un borde exterior decagonal (de 10 lados). Este dise\u00f1o \u00fanico y multifac\u00e9tico ofrece diversas ventajas sobre las hojas circulares tradicionales con bordes lisos y continuos. Los diez filos de corte distintivos de una hoja de corte redonda dec\u00e1gono ofrecen un mejor agarre del material, una mayor eficiencia de corte al concentrar la fuerza en puntos de contacto m\u00e1s peque\u00f1os y cortes potencialmente m\u00e1s limpios al iniciar y propagar desgarros o separaciones con mayor eficacia. Estas hojas se utilizan habitualmente en maquinaria de corte automatizada de diversas industrias. Su significado espec\u00edfico destaca la combinaci\u00f3n de una forma general circular con una periferia de corte de diez lados, optimizada para tareas espec\u00edficas de procesamiento de materiales. Las hojas de corte redondas dec\u00e1gono tambi\u00e9n se denominan &quot;hojas rotativas de 10 lados&quot;, &quot;discos de corte poligonales&quot;, &quot;cuchillas circulares multifac\u00e9ticas&quot; o &quot;cortadores rotativos decagonales&quot;, seg\u00fan la aplicaci\u00f3n y el sector.<\/p>\r\n<h3 data-sourcepos=\"7:1-7:57\">Usos y aplicaciones de las hojas de corte redondas dec\u00e1gono<\/h3>\r\n<p data-sourcepos=\"9:1-9:202\">Las cuchillas de corte redondas Decagon se emplean en diversas aplicaciones de corte industrial, donde su exclusivo dise\u00f1o de diez caras ofrece ventajas de rendimiento. Sus principales usos y escenarios de aplicaci\u00f3n incluyen:<\/p>\r\n<ul data-sourcepos=\"11:1-18:0\">\r\n<li data-sourcepos=\"11:1-11:250\"><strong>Industria textil y de la confecci\u00f3n:<\/strong> Se utiliza en m\u00e1quinas de corte automatizadas para cortar eficientemente m\u00faltiples capas de tela, proporcionando un buen equilibrio entre potencia de corte y bordes limpios. El borde decagonal ayuda a evitar que el material se desplace durante el corte.<\/li>\r\n<li data-sourcepos=\"12:1-12:186\"><strong>Fabricaci\u00f3n de art\u00edculos de cuero:<\/strong> Se utiliza para cortar cuero en diversas formas para bolsos, zapatos y tapicer\u00eda. Sus bordes definidos facilitan el corte en cuero resistente.<\/li>\r\n<li data-sourcepos=\"13:1-13:187\"><strong>Procesamiento de espuma y caucho:<\/strong> Se utiliza para cortar l\u00e1minas y rollos de espuma, caucho y materiales flexibles similares. Su filo multifac\u00e9tico reduce la fricci\u00f3n y mejora la eficiencia de corte.<\/li>\r\n<li data-sourcepos=\"14:1-14:213\"><strong>Industria del Embalaje:<\/strong> Se utiliza en m\u00e1quinas de corte longitudinal para procesar pel\u00edculas, l\u00e1minas y materiales de embalaje flexibles. Su forma decagonal ofrece un corte inicial m\u00e1s limpio y reduce los enganches del material.<\/li>\r\n<li data-sourcepos=\"15:1-15:184\"><strong>Industria del papel y la conversi\u00f3n:<\/strong> Se utiliza para cortar papel, telas no tejidas y otros materiales en banda. El corte segmentado mejora la calidad del corte y reduce el polvo.<\/li>\r\n<li data-sourcepos=\"16:1-16:212\"><strong>Fabricaci\u00f3n de alfombras y pisos:<\/strong> Se utilizan en m\u00e1quinas de corte para dar forma y dimensionar alfombras, tapetes y otros materiales para pisos. El dise\u00f1o robusto de las cuchillas de corte redondas Decagon permite trabajar con fibras resistentes.<\/li>\r\n<li data-sourcepos=\"17:1-18:0\"><strong>Fabricaci\u00f3n de interiores de autom\u00f3viles:<\/strong> Se utiliza para cortar diversos materiales utilizados en interiores de autom\u00f3viles, como telas, cuero y espuma, a menudo en configuraciones de varias capas.<\/li>\r\n<\/ul>\r\n<p data-sourcepos=\"19:1-19:197\">El di\u00e1metro espec\u00edfico, el grosor, el material y el bisel del borde de la hoja de corte redonda Decagon est\u00e1n determinados por el material que se corta, la velocidad de la maquinaria y la calidad de corte requerida.<\/p>\r\n<h3 data-sourcepos=\"21:1-21:53\">Materiales comunes para hojas de corte redondas dec\u00e1gono<\/h3>\r\n<p data-sourcepos=\"23:1-23:209\">Los materiales utilizados para fabricar las cuchillas de corte redondas Decagon se seleccionan por su filo, resistencia al desgaste y capacidad para soportar las tensiones del corte rotatorio a alta velocidad. Los materiales comunes incluyen:<\/p>\r\n<ul data-sourcepos=\"25:1-31:0\">\r\n<li data-sourcepos=\"25:1-25:136\"><strong>Acero con Alto Contenido de Carbono:<\/strong> Ofrece una buena nitidez y es una opci\u00f3n rentable para algunas aplicaciones, particularmente con materiales m\u00e1s blandos.<\/li>\r\n<li data-sourcepos=\"26:1-26:267\"><strong>Aceros para herramientas (por ejemplo, D2, M2, A2):<\/strong> Estos aceros ofrecen un equilibrio superior de dureza, tenacidad y resistencia al desgaste, lo que los hace ideales para operaciones de corte industriales exigentes. Las hojas de corte redondas Decagon, fabricadas con acero para herramientas, mantienen el filo durante m\u00e1s tiempo.<\/li>\r\n<li data-sourcepos=\"27:1-27:196\"><strong>Aceros con alto contenido de carbono y alto contenido de cromo:<\/strong> Estos aceros ofrecen una excelente resistencia al desgaste, crucial para procesar materiales abrasivos y garantizar una larga vida \u00fatil de las hojas de corte redondas Decagon.<\/li>\r\n<li data-sourcepos=\"28:1-28:259\"><strong>Aceros para la industria de la pulpa 1TP1 (aceros PM):<\/strong> Estos aceros avanzados ofrecen una homogeneidad superior y pueden adaptarse para brindar combinaciones espec\u00edficas de alta dureza, tenacidad y resistencia al desgaste, lo que da como resultado hojas de corte redondas Decagon de alto rendimiento.<\/li>\r\n<li data-sourcepos=\"29:1-29:221\"><strong>Carburo s\u00f3lido:<\/strong> Para aplicaciones muy exigentes que involucran materiales duros o abrasivos y altas velocidades de corte, las hojas de corte redondas Decagon hechas de carburo s\u00f3lido ofrecen una resistencia al desgaste y una longevidad excepcionales.<\/li>\r\n<li data-sourcepos=\"30:1-31:0\"><strong>Punta de carburo:<\/strong> En algunos casos, una hoja con cuerpo de acero puede tener puntas de carburo en los bordes de corte decagonales para una mayor resistencia al desgaste en los puntos de corte principales.<\/li>\r\n<\/ul>\r\n<p data-sourcepos=\"32:1-32:293\">La selecci\u00f3n del material adecuado para las cuchillas de corte redondas Decagon depende del material a cortar, la velocidad de operaci\u00f3n, la precisi\u00f3n requerida y la vida \u00fatil deseada. El tratamiento t\u00e9rmico tambi\u00e9n es fundamental para lograr la dureza y tenacidad \u00f3ptimas para el material seleccionado.<\/p>\r\n<h3 data-sourcepos=\"34:1-34:62\">Formas y caracter\u00edsticas comunes de las hojas de corte redondas dec\u00e1gono<\/h3>\r\n<p data-sourcepos=\"36:1-36:169\">La caracter\u00edstica distintiva es el filo decagonal en un cuerpo de hoja circular. Adem\u00e1s, las variaciones en el dise\u00f1o pueden optimizar el rendimiento para aplicaciones espec\u00edficas:<\/p>\r\n<ul data-sourcepos=\"38:1-44:0\">\r\n<li data-sourcepos=\"38:1-38:109\"><strong>Hojas dec\u00e1gono planas:<\/strong> El dise\u00f1o m\u00e1s com\u00fan, con una secci\u00f3n transversal plana y una periferia decagonal aguda.<\/li>\r\n<li data-sourcepos=\"39:1-39:189\"><strong>Hojas dec\u00e1gono biseladas:<\/strong> Los filos de corte se pueden biselar en varios \u00e1ngulos para optimizar el corte en diferentes materiales y espesores. Se pueden utilizar biseles simples o dobles.<\/li>\r\n<li data-sourcepos=\"40:1-40:200\"><strong>Hojas dec\u00e1gono festoneadas o dentadas:<\/strong> Los diez lados pueden presentar festones o estr\u00edas para mejorar a\u00fan m\u00e1s el agarre y el corte de ciertos materiales, particularmente los fibrosos o resbaladizos.<\/li>\r\n<li data-sourcepos=\"41:1-41:163\"><strong>Varios di\u00e1metros y espesores:<\/strong> Las hojas de corte redondas Decagon se fabrican en una variedad de tama\u00f1os para adaptarse a diferentes m\u00e1quinas y requisitos de corte.<\/li>\r\n<li data-sourcepos=\"42:1-42:163\"><strong>Configuraciones del orificio central:<\/strong> El orificio central para el montaje en la m\u00e1quina puede variar en tama\u00f1o y forma (por ejemplo, orificio liso, con chaveta) dependiendo del dise\u00f1o de la m\u00e1quina.<\/li>\r\n<li data-sourcepos=\"43:1-44:0\"><strong>Con o sin recubrimientos:<\/strong> Se pueden aplicar recubrimientos como nitruro de titanio (TiN) o nitruro de cromo (CrN) a las hojas para aumentar la dureza de la superficie, reducir la fricci\u00f3n y prolongar la vida \u00fatil de las hojas.<\/li>\r\n<\/ul>\r\n<p data-sourcepos=\"45:1-45:307\">La forma y las caracter\u00edsticas espec\u00edficas de la cuchilla de corte redonda Decagon est\u00e1n cuidadosamente dise\u00f1adas para ofrecer un rendimiento de corte \u00f3ptimo y una larga vida \u00fatil para la aplicaci\u00f3n prevista. Sus diez filos de corte distintivos son la clave, ofreciendo una din\u00e1mica de corte \u00fanica en comparaci\u00f3n con las cuchillas circulares lisas.<\/p>\r\n<p>Si no encuentra la cuchilla que busca, tambi\u00e9n podemos personalizarla. \u00a1Consulte nuestras <span style=\"color: #ff9900;\">&quot;<a style=\"color: #ff9900;\" href=\"https:\/\/maxtormetal.com\/es\/custom-blades\/\" target=\"_blank\" rel=\"noopener\"><em><strong>Cuchillas Personalizadas<\/strong><\/em><\/a>&quot;<\/span> para saber c\u00f3mo!\u00a0<span style=\"color: #ff9900;\"><em><strong><a style=\"color: #ff9900;\" href=\"https:\/\/maxtormetal.com\/es\/contact\/\" target=\"_blank\" rel=\"noopener\">\u00a1Bienvenido a consultar!<\/a><\/strong><\/em><\/span><\/p>\r\n<h4><a href=\"https:\/\/maxtormetal.com\/es\/brochures\/\" target=\"_blank\" rel=\"noopener\"><strong><em><span style=\"color: #ff9900;\">Abrir Folletos<\/span><\/em><\/strong><\/a><\/h4>\r\n<hr \/>\r\n<h2>\u00bfPor Qu\u00e9 Elegir METAL?<\/h2>\r\n<ol>\r\n<li>\r\n<h3><strong> Servicio de Importaci\u00f3n Integral y sin Complicaciones<\/strong><\/h3>\r\n<\/li>\r\n<\/ol>\r\n<p>Disfrute de la comodidad de una importaci\u00f3n sin interrupciones. Desde el transporte hasta el despacho de aduanas, manejamos todo el proceso. Solo tiene que pagar el IVA y esperar la llegada de sus productos.<\/p>\r\n<ol start=\"2\">\r\n<li>\r\n<h3><strong> Precios Competitivos<\/strong><\/h3>\r\n<\/li>\r\n<\/ol>\r\n<p>Hemos visto nuestras cuchillas destacarse en innumerables aplicaciones y estamos listos para cualquier proyecto que nos presente. Espere precisi\u00f3n, durabilidad y precios competitivos inigualables.<\/p>\r\n<ol start=\"3\">\r\n<li>\r\n<h3><strong> ODM y OEM Disponibles<\/strong><\/h3>\r\n<\/li>\r\n<\/ol>\r\n<p>Ya sea que nos proporcione dibujos, bocetos o muestras, podemos dise\u00f1ar y fabricar para usted. Tambi\u00e9n tenemos la experiencia para ayudar a modificar dise\u00f1os y especificaciones existentes para mejorar casi cualquier aplicaci\u00f3n de herramientas industriales. Por favor, contacte a nuestro equipo de ventas dedicado para discutir sus requisitos espec\u00edficos.<\/p>\r\n<ol start=\"4\">\r\n<li>\r\n<h3><strong> Control de Calidad Riguroso<\/strong><\/h3>\r\n<\/li>\r\n<\/ol>\r\n<p>Se realiza una serie de pruebas e inspecciones para controlar la calidad, incluyendo la inspecci\u00f3n del primer art\u00edculo, la inspecci\u00f3n de material entrante y materiales certificados, la inspecci\u00f3n de calidad en proceso, y la inspecci\u00f3n de calidad final.<\/p>\r\n<ol start=\"5\">\r\n<li>\r\n<h3><strong> Adquisici\u00f3n Flexible, Cooperaci\u00f3n Ilimitada<\/strong><\/h3>\r\n<\/li>\r\n<\/ol>\r\n<p>Ya sea usted un importador, distribuidor, mayorista o usuario final, le damos la bienvenida. Benef\u00edciese de MOQ m\u00ednimos, consultas sin complicaciones y mayor libertad de compra.<\/p>\r\n<ol start=\"6\">\r\n<li>\r\n<h3><strong> Monitoreo en Tiempo Real del Progreso de Producci\u00f3n<\/strong><\/h3>\r\n<\/li>\r\n<\/ol>\r\n<p>Consid\u00e9renos su monitor exclusivo. Le proporcionaremos actualizaciones regulares sobre cada etapa crucial de su l\u00ednea de producci\u00f3n. No importa la distancia, tendr\u00e1 informaci\u00f3n en tiempo real sobre el progreso de su producto.<\/p>\r\n<hr \/>\r\n<p><iframe loading=\"lazy\" title=\"Hoja de sierra circular de metal duro Cuchillas para cortar dec\u00e1gono\" width=\"800\" height=\"600\" src=\"https:\/\/www.youtube.com\/embed\/-rIYf8HOQRM?feature=oembed&#038;enablejsapi=1&#038;origin=https:\/\/maxtormetal.com\" frameborder=\"0\" allow=\"accelerometer; autoplay; clipboard-write; encrypted-media; gyroscope; picture-in-picture; web-share\" referrerpolicy=\"strict-origin-when-cross-origin\" allowfullscreen><\/iframe><\/p>","protected":false},"excerpt":{"rendered":"<p>What do Decagon Round Cutting Blades Mean? The term &#8220;Decagon Round Cutting Blade&#8221; refers to a specialized type of circular cutting blade characterized by a decagonal (10-sided) outer edge. This unique multi-faceted design is engineered to provide several advantages over traditional circular blades with continuous smooth edges. The ten distinct cutting edges of a Decagon [&hellip;]<\/p>","protected":false},"featured_media":3209,"template":"","meta":[],"product_cat":[114,101,113,104],"product_tag":[381],"yoast_head":"<!-- This site is optimized with the Yoast SEO Premium plugin v23.6 (Yoast SEO v23.6) - https:\/\/yoast.com\/wordpress\/plugins\/seo\/ -->\n<title>Decagon Round Cutting Blade - Metal Industrial, Industrial Blade Manufacturer, Cutting Knives and blades, Machine Knives and blades supplier, Custom Blades solution<\/title>\n<meta name=\"description\" content=\"Discover high-performance Decagon Round Cutting Blade for efficient and clean cutting of textiles, leather, foam, and more.\" \/>\n<meta name=\"robots\" content=\"index, follow, max-snippet:-1, max-image-preview:large, max-video-preview:-1\" \/>\n<link rel=\"canonical\" href=\"https:\/\/maxtormetal.com\/es\/producto\/cuchilla-de-corte-redonda-decagonal\/\" \/>\n<meta property=\"og:locale\" content=\"es_ES\" \/>\n<meta property=\"og:type\" content=\"article\" \/>\n<meta property=\"og:title\" content=\"Decagon Round Cutting Blade\" \/>\n<meta property=\"og:description\" content=\"Discover high-performance Decagon Round Cutting Blade for efficient and clean cutting of textiles, leather, foam, and more.\" \/>\n<meta property=\"og:url\" content=\"https:\/\/maxtormetal.com\/es\/producto\/cuchilla-de-corte-redonda-decagonal\/\" \/>\n<meta property=\"og:site_name\" content=\"Metal Industrial, Industrial Blade Manufacturer, Cutting Knives and blades, Machine Knives and blades supplier, Custom Blades solution\" \/>\n<meta property=\"article:publisher\" content=\"https:\/\/www.facebook.com\/mengli.tang.3\" \/>\n<meta property=\"article:modified_time\" content=\"2025-05-22T14:28:38+00:00\" \/>\n<meta property=\"og:image\" content=\"https:\/\/maxtormetal.com\/wp-content\/uploads\/2023\/10\/Decagon-round-cutting-blade-main1.jpg\" \/>\n\t<meta property=\"og:image:width\" content=\"750\" \/>\n\t<meta property=\"og:image:height\" content=\"750\" \/>\n\t<meta property=\"og:image:type\" content=\"image\/jpeg\" \/>\n<meta name=\"twitter:card\" content=\"summary_large_image\" \/>\n<meta name=\"twitter:site\" content=\"@MengliT13570\" \/>\n<script type=\"application\/ld+json\" class=\"yoast-schema-graph\">{\"@context\":\"https:\/\/schema.org\",\"@graph\":[{\"@type\":[\"WebPage\",\"ItemPage\"],\"@id\":\"https:\/\/maxtormetal.com\/product\/decagon-round-cutting-blade\/\",\"url\":\"https:\/\/maxtormetal.com\/product\/decagon-round-cutting-blade\/\",\"name\":\"Decagon Round Cutting Blade - Metal Industrial, Industrial Blade Manufacturer, Cutting Knives and blades, Machine Knives and blades supplier, Custom Blades solution\",\"isPartOf\":{\"@id\":\"https:\/\/maxtormetal.com\/fr\/#website\"},\"primaryImageOfPage\":{\"@id\":\"https:\/\/maxtormetal.com\/product\/decagon-round-cutting-blade\/#primaryimage\"},\"image\":{\"@id\":\"https:\/\/maxtormetal.com\/product\/decagon-round-cutting-blade\/#primaryimage\"},\"thumbnailUrl\":\"https:\/\/maxtormetal.com\/wp-content\/uploads\/2023\/10\/Decagon-round-cutting-blade-main1.jpg\",\"datePublished\":\"2023-10-07T02:58:32+00:00\",\"dateModified\":\"2025-05-22T14:28:38+00:00\",\"description\":\"Discover high-performance Decagon Round Cutting Blade for efficient and clean cutting of textiles, leather, foam, and more.\",\"breadcrumb\":{\"@id\":\"https:\/\/maxtormetal.com\/product\/decagon-round-cutting-blade\/#breadcrumb\"},\"inLanguage\":\"es\",\"potentialAction\":[{\"@type\":\"ReadAction\",\"target\":[\"https:\/\/maxtormetal.com\/product\/decagon-round-cutting-blade\/\"]}]},{\"@type\":\"ImageObject\",\"inLanguage\":\"es\",\"@id\":\"https:\/\/maxtormetal.com\/product\/decagon-round-cutting-blade\/#primaryimage\",\"url\":\"https:\/\/maxtormetal.com\/wp-content\/uploads\/2023\/10\/Decagon-round-cutting-blade-main1.jpg\",\"contentUrl\":\"https:\/\/maxtormetal.com\/wp-content\/uploads\/2023\/10\/Decagon-round-cutting-blade-main1.jpg\",\"width\":750,\"height\":750},{\"@type\":\"BreadcrumbList\",\"@id\":\"https:\/\/maxtormetal.com\/product\/decagon-round-cutting-blade\/#breadcrumb\",\"itemListElement\":[{\"@type\":\"ListItem\",\"position\":1,\"name\":\"Home\",\"item\":\"https:\/\/maxtormetal.com\/\"},{\"@type\":\"ListItem\",\"position\":2,\"name\":\"Products\",\"item\":\"https:\/\/maxtormetal.com\/products\/\"},{\"@type\":\"ListItem\",\"position\":3,\"name\":\"Decagon Round Cutting Blade\"}]},{\"@type\":\"WebSite\",\"@id\":\"https:\/\/maxtormetal.com\/fr\/#website\",\"url\":\"https:\/\/maxtormetal.com\/fr\/\",\"name\":\"Metal Industrial, Industrial Blade Manufacturer, Cutting Knives and blades, Machine Knives and blades supplier, Custom Blades solution\",\"description\":\"Mechanical blades and knives supplier for all machines made by China\",\"publisher\":{\"@id\":\"https:\/\/maxtormetal.com\/fr\/#organization\"},\"potentialAction\":[{\"@type\":\"SearchAction\",\"target\":{\"@type\":\"EntryPoint\",\"urlTemplate\":\"https:\/\/maxtormetal.com\/fr\/?s={search_term_string}\"},\"query-input\":{\"@type\":\"PropertyValueSpecification\",\"valueRequired\":true,\"valueName\":\"search_term_string\"}}],\"inLanguage\":\"es\"},{\"@type\":[\"Organization\",\"Place\"],\"@id\":\"https:\/\/maxtormetal.com\/fr\/#organization\",\"name\":\"Nanjing Metal Industrial CO., Limited\",\"alternateName\":\"Metal Industrial\",\"url\":\"https:\/\/maxtormetal.com\/fr\/\",\"logo\":{\"@id\":\"https:\/\/maxtormetal.com\/product\/decagon-round-cutting-blade\/#local-main-organization-logo\"},\"image\":{\"@id\":\"https:\/\/maxtormetal.com\/product\/decagon-round-cutting-blade\/#local-main-organization-logo\"},\"sameAs\":[\"https:\/\/www.facebook.com\/mengli.tang.3\",\"https:\/\/x.com\/MengliT13570\",\"https:\/\/www.linkedin.com\/in\/metalindustrial\/\"],\"description\":\"NanjingMetal is specialized in manufacturing and supplying industrial blades and knives, and its main business is to provide customers with customized industrial blades to meet their specific needs. With an experienced design and production team, we utilize the supply chain advantage in China to provide customers with competitive high quality industrial blades and knives.\",\"legalName\":\"Nanjing Metal Industrial CO., Limited\",\"foundingDate\":\"2006-02-18\",\"numberOfEmployees\":{\"@type\":\"QuantitativeValue\",\"minValue\":\"11\",\"maxValue\":\"50\"},\"telephone\":[],\"openingHoursSpecification\":[{\"@type\":\"OpeningHoursSpecification\",\"dayOfWeek\":[\"Monday\",\"Tuesday\",\"Wednesday\",\"Thursday\",\"Friday\",\"Saturday\",\"Sunday\"],\"opens\":\"09:00\",\"closes\":\"17:00\"}]},{\"@type\":\"ImageObject\",\"inLanguage\":\"es\",\"@id\":\"https:\/\/maxtormetal.com\/product\/decagon-round-cutting-blade\/#local-main-organization-logo\",\"url\":\"https:\/\/maxtormetal.com\/wp-content\/uploads\/2023\/08\/cropped-cropped-logo-\u526f\u672c-\u526f\u672c-e1693303172756-1.png\",\"contentUrl\":\"https:\/\/maxtormetal.com\/wp-content\/uploads\/2023\/08\/cropped-cropped-logo-\u526f\u672c-\u526f\u672c-e1693303172756-1.png\",\"width\":441,\"height\":132,\"caption\":\"Nanjing Metal Industrial CO., Limited\"}]}<\/script>\n<!-- \/ Yoast SEO Premium plugin. -->","yoast_head_json":{"title":"Decagon Round Cutting Blade - Metal Industrial, Industrial Blade Manufacturer, Cutting Knives and blades, Machine Knives and blades supplier, Custom Blades solution","description":"Discover high-performance Decagon Round Cutting Blade for efficient and clean cutting of textiles, leather, foam, and more.","robots":{"index":"index","follow":"follow","max-snippet":"max-snippet:-1","max-image-preview":"max-image-preview:large","max-video-preview":"max-video-preview:-1"},"canonical":"https:\/\/maxtormetal.com\/es\/producto\/cuchilla-de-corte-redonda-decagonal\/","og_locale":"es_ES","og_type":"article","og_title":"Decagon Round Cutting Blade","og_description":"Discover high-performance Decagon Round Cutting Blade for efficient and clean cutting of textiles, leather, foam, and more.","og_url":"https:\/\/maxtormetal.com\/es\/producto\/cuchilla-de-corte-redonda-decagonal\/","og_site_name":"Metal Industrial, Industrial Blade Manufacturer, Cutting Knives and blades, Machine Knives and blades supplier, Custom Blades solution","article_publisher":"https:\/\/www.facebook.com\/mengli.tang.3","article_modified_time":"2025-05-22T14:28:38+00:00","og_image":[{"width":750,"height":750,"url":"https:\/\/maxtormetal.com\/wp-content\/uploads\/2023\/10\/Decagon-round-cutting-blade-main1.jpg","type":"image\/jpeg"}],"twitter_card":"summary_large_image","twitter_site":"@MengliT13570","schema":{"@context":"https:\/\/schema.org","@graph":[{"@type":["WebPage","ItemPage"],"@id":"https:\/\/maxtormetal.com\/product\/decagon-round-cutting-blade\/","url":"https:\/\/maxtormetal.com\/product\/decagon-round-cutting-blade\/","name":"Decagon Round Cutting Blade - Metal Industrial, Industrial Blade Manufacturer, Cutting Knives and blades, Machine Knives and blades supplier, Custom Blades solution","isPartOf":{"@id":"https:\/\/maxtormetal.com\/fr\/#website"},"primaryImageOfPage":{"@id":"https:\/\/maxtormetal.com\/product\/decagon-round-cutting-blade\/#primaryimage"},"image":{"@id":"https:\/\/maxtormetal.com\/product\/decagon-round-cutting-blade\/#primaryimage"},"thumbnailUrl":"https:\/\/maxtormetal.com\/wp-content\/uploads\/2023\/10\/Decagon-round-cutting-blade-main1.jpg","datePublished":"2023-10-07T02:58:32+00:00","dateModified":"2025-05-22T14:28:38+00:00","description":"Discover high-performance Decagon Round Cutting Blade for efficient and clean cutting of textiles, leather, foam, and more.","breadcrumb":{"@id":"https:\/\/maxtormetal.com\/product\/decagon-round-cutting-blade\/#breadcrumb"},"inLanguage":"es","potentialAction":[{"@type":"ReadAction","target":["https:\/\/maxtormetal.com\/product\/decagon-round-cutting-blade\/"]}]},{"@type":"ImageObject","inLanguage":"es","@id":"https:\/\/maxtormetal.com\/product\/decagon-round-cutting-blade\/#primaryimage","url":"https:\/\/maxtormetal.com\/wp-content\/uploads\/2023\/10\/Decagon-round-cutting-blade-main1.jpg","contentUrl":"https:\/\/maxtormetal.com\/wp-content\/uploads\/2023\/10\/Decagon-round-cutting-blade-main1.jpg","width":750,"height":750},{"@type":"BreadcrumbList","@id":"https:\/\/maxtormetal.com\/product\/decagon-round-cutting-blade\/#breadcrumb","itemListElement":[{"@type":"ListItem","position":1,"name":"Home","item":"https:\/\/maxtormetal.com\/"},{"@type":"ListItem","position":2,"name":"Products","item":"https:\/\/maxtormetal.com\/products\/"},{"@type":"ListItem","position":3,"name":"Decagon Round Cutting Blade"}]},{"@type":"WebSite","@id":"https:\/\/maxtormetal.com\/fr\/#website","url":"https:\/\/maxtormetal.com\/fr\/","name":"Metal Industrial, Industrial Blade Manufacturer, Cutting Knives and blades, Machine Knives and blades supplier, Custom Blades solution","description":"Mechanical blades and knives supplier for all machines made by China","publisher":{"@id":"https:\/\/maxtormetal.com\/fr\/#organization"},"potentialAction":[{"@type":"SearchAction","target":{"@type":"EntryPoint","urlTemplate":"https:\/\/maxtormetal.com\/fr\/?s={search_term_string}"},"query-input":{"@type":"PropertyValueSpecification","valueRequired":true,"valueName":"search_term_string"}}],"inLanguage":"es"},{"@type":["Organization","Place"],"@id":"https:\/\/maxtormetal.com\/fr\/#organization","name":"Nanjing Metal Industrial CO., Limited","alternateName":"Metal Industrial","url":"https:\/\/maxtormetal.com\/fr\/","logo":{"@id":"https:\/\/maxtormetal.com\/product\/decagon-round-cutting-blade\/#local-main-organization-logo"},"image":{"@id":"https:\/\/maxtormetal.com\/product\/decagon-round-cutting-blade\/#local-main-organization-logo"},"sameAs":["https:\/\/www.facebook.com\/mengli.tang.3","https:\/\/x.com\/MengliT13570","https:\/\/www.linkedin.com\/in\/metalindustrial\/"],"description":"NanjingMetal is specialized in manufacturing and supplying industrial blades and knives, and its main business is to provide customers with customized industrial blades to meet their specific needs. With an experienced design and production team, we utilize the supply chain advantage in China to provide customers with competitive high quality industrial blades and knives.","legalName":"Nanjing Metal Industrial CO., Limited","foundingDate":"2006-02-18","numberOfEmployees":{"@type":"QuantitativeValue","minValue":"11","maxValue":"50"},"telephone":[],"openingHoursSpecification":[{"@type":"OpeningHoursSpecification","dayOfWeek":["Monday","Tuesday","Wednesday","Thursday","Friday","Saturday","Sunday"],"opens":"09:00","closes":"17:00"}]},{"@type":"ImageObject","inLanguage":"es","@id":"https:\/\/maxtormetal.com\/product\/decagon-round-cutting-blade\/#local-main-organization-logo","url":"https:\/\/maxtormetal.com\/wp-content\/uploads\/2023\/08\/cropped-cropped-logo-\u526f\u672c-\u526f\u672c-e1693303172756-1.png","contentUrl":"https:\/\/maxtormetal.com\/wp-content\/uploads\/2023\/08\/cropped-cropped-logo-\u526f\u672c-\u526f\u672c-e1693303172756-1.png","width":441,"height":132,"caption":"Nanjing Metal Industrial CO., Limited"}]}},"_links":{"self":[{"href":"https:\/\/maxtormetal.com\/es\/wp-json\/wp\/v2\/product\/3206"}],"collection":[{"href":"https:\/\/maxtormetal.com\/es\/wp-json\/wp\/v2\/product"}],"about":[{"href":"https:\/\/maxtormetal.com\/es\/wp-json\/wp\/v2\/types\/product"}],"wp:featuredmedia":[{"embeddable":true,"href":"https:\/\/maxtormetal.com\/es\/wp-json\/wp\/v2\/media\/3209"}],"wp:attachment":[{"href":"https:\/\/maxtormetal.com\/es\/wp-json\/wp\/v2\/media?parent=3206"}],"wp:term":[{"taxonomy":"product_cat","embeddable":true,"href":"https:\/\/maxtormetal.com\/es\/wp-json\/wp\/v2\/product_cat?post=3206"},{"taxonomy":"product_tag","embeddable":true,"href":"https:\/\/maxtormetal.com\/es\/wp-json\/wp\/v2\/product_tag?post=3206"}],"curies":[{"name":"wp","href":"https:\/\/api.w.org\/{rel}","templated":true}]}}