{"id":3219,"date":"2023-10-07T11:08:58","date_gmt":"2023-10-07T03:08:58","guid":{"rendered":"https:\/\/maxtormetal.com\/?post_type=product&#038;p=3219"},"modified":"2025-05-22T22:04:50","modified_gmt":"2025-05-22T14:04:50","slug":"cuchillo-de-manualidades","status":"publish","type":"product","link":"https:\/\/maxtormetal.com\/es\/producto\/cuchillo-de-manualidades\/","title":{"rendered":"Cuchilla para C\u00fater"},"content":{"rendered":"<h3 data-sourcepos=\"3:1-3:30\">\u00bfQu\u00e9 significan los cuchillos artesanales?<\/h3>\r\n<p data-sourcepos=\"5:1-5:818\">El t\u00e9rmino &quot;cuchillo de artesan\u00eda&quot; se refiere a una herramienta de corte manual vers\u00e1til dise\u00f1ada para trabajos de precisi\u00f3n en diversas aplicaciones art\u00edsticas, artesanales y de ocio. A diferencia de las cuchillas industriales de alta resistencia, los cuchillos de artesan\u00eda suelen tener un mango ligero y hojas intercambiables y muy afiladas de diversas formas y tama\u00f1os para permitir cortes, rayados, recortes y detalles intrincados en una amplia gama de materiales. El dise\u00f1o de los cuchillos de artesan\u00eda prioriza la maniobrabilidad, el control y la precisi\u00f3n para tareas que requieren una manipulaci\u00f3n fina. Su significado espec\u00edfico suele implicar una herramienta para trabajos de detalle, no dise\u00f1ada para cargas de corte pesadas. Los cuchillos de artesan\u00eda tambi\u00e9n se conocen como &quot;cuchillos de aficionado&quot;, &quot;cuchillos de modelismo&quot;, &quot;cuchillos de precisi\u00f3n&quot;, &quot;cuchillos de arte&quot; o &quot;cuchillos de artesan\u00eda multiusos&quot;, seg\u00fan la aplicaci\u00f3n y la marca.<\/p>\r\n<h3 data-sourcepos=\"7:1-7:41\">Usos y aplicaciones de los cuchillos artesanales<\/h3>\r\n<p data-sourcepos=\"9:1-9:250\">Los cutters son herramientas esenciales para multitud de tareas creativas y de precisi\u00f3n en diversas aficiones y profesiones. Su versatilidad reside en la gama de hojas intercambiables disponibles. Sus principales usos y aplicaciones incluyen:<\/p>\r\n<ul data-sourcepos=\"11:1-21:0\">\r\n<li data-sourcepos=\"11:1-11:203\"><strong>Fabricaci\u00f3n de modelos:<\/strong> Se utiliza para cortar y recortar pl\u00e1stico, madera de balsa, cart\u00f3n pluma y otros materiales para crear modelos y miniaturas intrincados. Las diferentes formas de la hoja permiten diversos cortes y \u00e1ngulos.<\/li>\r\n<li data-sourcepos=\"12:1-12:184\"><strong>Manualidades con papel:<\/strong> Imprescindible para scrapbooking, tarjetas, origami y corte de papel. Su cuchilla afilada permite cortes precisos en papeles de diversos gramajes y grosores.<\/li>\r\n<li data-sourcepos=\"13:1-13:115\"><strong>Dise\u00f1o Gr\u00e1fico e Ilustraci\u00f3n:<\/strong> Se utiliza para cortar pel\u00edculas de enmascarar, plantillas y recortar ilustraciones con precisi\u00f3n.<\/li>\r\n<li data-sourcepos=\"14:1-14:171\"><strong>Trabajo del cuero:<\/strong> Se utiliza para cortar y desbastar cuero en diversos proyectos. Disponemos de cuchillas especializadas para diferentes grosores de cuero y estilos de corte.<\/li>\r\n<li data-sourcepos=\"15:1-15:161\"><strong>Artes textiles y costura:<\/strong> Se utilizan para cortar patrones, recortar costuras y realizar otras manipulaciones detalladas de telas. Los cortadores rotativos son una herramienta relacionada, pero distinta.<\/li>\r\n<li data-sourcepos=\"16:1-16:162\"><strong>Tallado de madera (trabajo ligero):<\/strong> Se puede utilizar un cuchillo de arte m\u00e1s peque\u00f1o para realizar tallados detallados en maderas m\u00e1s blandas o para realizar ajustes finos en proyectos de carpinter\u00eda m\u00e1s grandes.<\/li>\r\n<li data-sourcepos=\"17:1-17:97\"><strong>Corte de vinilo:<\/strong> Se utiliza para quitar calcoman\u00edas de vinilo y cortar dise\u00f1os intrincados en l\u00e1minas de vinilo.<\/li>\r\n<li data-sourcepos=\"18:1-18:117\"><strong>Fabricaci\u00f3n de joyas:<\/strong> Se utiliza para tareas como cortar metales blandos, dar forma a modelos de cera y otros trabajos de detalles finos.<\/li>\r\n<li data-sourcepos=\"19:1-19:88\"><strong>Taxidermia y preparaci\u00f3n de espec\u00edmenes:<\/strong> Se utiliza para la eliminaci\u00f3n y recorte de tejidos delicados.<\/li>\r\n<li data-sourcepos=\"20:1-21:0\"><strong>Utilidad general:<\/strong> Para diversas tareas dom\u00e9sticas y de taller que requieren una hoja afilada y precisa, como abrir paquetes limpiamente o recortar art\u00edculos peque\u00f1os.<\/li>\r\n<\/ul>\r\n<p data-sourcepos=\"22:1-22:167\">La tarea espec\u00edfica determina el tipo de hoja utilizada en el cuchillo artesanal, que va desde hojas de punta fina para cortes intrincados hasta hojas m\u00e1s anchas para marcar y recortar.<\/p>\r\n<h3 data-sourcepos=\"24:1-24:37\">Materiales comunes para cuchillos artesanales<\/h3>\r\n<p data-sourcepos=\"26:1-26:180\">Los materiales utilizados en las navajas artesanales se centran en lograr un equilibrio entre filo, durabilidad para tareas ligeras y facilidad de manejo. Entre los materiales m\u00e1s comunes se incluyen:<\/p>\r\n<ul data-sourcepos=\"28:1-33:0\">\r\n<li data-sourcepos=\"28:1-28:244\"><strong>Acero con alto contenido de carbono (para cuchillas):<\/strong> Se utiliza a menudo en hojas de c\u00fateres artesanales debido a su capacidad para mantener un filo muy afilado, esencial para cortes de precisi\u00f3n. Las hojas pueden reemplazarse debido a su riesgo de desafilarse o romperse bajo tensi\u00f3n.<\/li>\r\n<li data-sourcepos=\"29:1-29:232\"><strong>Acero inoxidable (para cuchillas y mangos):<\/strong> Ofrece buena resistencia a la corrosi\u00f3n y se utiliza tanto en hojas como en mangos. Las hojas de acero inoxidable tambi\u00e9n pueden ser muy afiladas y suelen ser las preferidas por su durabilidad y bajo mantenimiento.<\/li>\r\n<li data-sourcepos=\"30:1-30:284\"><strong>Aluminio o aleaciones ligeras (para mangos):<\/strong> Se utilizan com\u00fanmente en mangos de esp\u00e1tulas para proporcionar un agarre c\u00f3modo sin a\u00f1adir peso excesivo, lo que mejora la maniobrabilidad y reduce la fatiga de la mano durante trabajos de detalle. Suelen presentar superficies texturizadas o dise\u00f1os ergon\u00f3micos.<\/li>\r\n<li data-sourcepos=\"31:1-31:158\"><strong>Materiales pl\u00e1sticos o compuestos (para mangos):<\/strong> Se utiliza para mangos livianos y a menudo rentables, a veces con forma ergon\u00f3mica o agarres antideslizantes.<\/li>\r\n<li data-sourcepos=\"32:1-33:0\"><strong>Aleaciones especiales (para hojas espec\u00edficas):<\/strong> Ciertas hojas de cuchillos artesanales especializados para aplicaciones \u00fanicas (por ejemplo, artesan\u00edas quir\u00fargicas o avanzadas) pueden estar hechas de aleaciones espec\u00edficas para proporcionar propiedades particulares, como mayor dureza o flexibilidad.<\/li>\r\n<\/ul>\r\n<p data-sourcepos=\"34:1-34:150\">En la selecci\u00f3n de materiales para cuchillos artesanales el enfoque est\u00e1 en la experiencia del usuario, priorizando el control y la precisi\u00f3n sobre la capacidad de corte pesado.<\/p>\r\n<p>Si no encuentra la cuchilla que busca, tambi\u00e9n podemos personalizarla. \u00a1Consulte nuestras <span style=\"color: #ff9900;\">&quot;<a style=\"color: #ff9900;\" href=\"https:\/\/maxtormetal.com\/es\/custom-blades\/\" target=\"_blank\" rel=\"noopener\"><em><strong>Cuchillas Personalizadas<\/strong><\/em><\/a>&quot;<\/span> para saber c\u00f3mo!\u00a0<span style=\"color: #ff9900;\"><em><strong><a style=\"color: #ff9900;\" href=\"https:\/\/maxtormetal.com\/es\/contact\/\" target=\"_blank\" rel=\"noopener\">\u00a1Bienvenido a consultar!<\/a><\/strong><\/em><\/span><\/p>\r\n<h4><a href=\"https:\/\/maxtormetal.com\/es\/brochures\/\" target=\"_blank\" rel=\"noopener\"><strong><em><span style=\"color: #ff9900;\">Abrir Folletos<\/span><\/em><\/strong><\/a><\/h4>\r\n<hr \/>\r\n<h2>\u00bfPor Qu\u00e9 Elegir METAL?<\/h2>\r\n<ol>\r\n<li>\r\n<h3><strong> Servicio de Importaci\u00f3n Integral y sin Complicaciones<\/strong><\/h3>\r\n<\/li>\r\n<\/ol>\r\n<p>Disfrute de la comodidad de una importaci\u00f3n sin interrupciones. Desde el transporte hasta el despacho de aduanas, manejamos todo el proceso. Solo tiene que pagar el IVA y esperar la llegada de sus productos.<\/p>\r\n<ol start=\"2\">\r\n<li>\r\n<h3><strong> Precios Competitivos<\/strong><\/h3>\r\n<\/li>\r\n<\/ol>\r\n<p>Hemos visto nuestras cuchillas destacarse en innumerables aplicaciones y estamos listos para cualquier proyecto que nos presente. Espere precisi\u00f3n, durabilidad y precios competitivos inigualables.<\/p>\r\n<ol start=\"3\">\r\n<li>\r\n<h3><strong> ODM y OEM Disponibles<\/strong><\/h3>\r\n<\/li>\r\n<\/ol>\r\n<p>Ya sea que nos proporcione dibujos, bocetos o muestras, podemos dise\u00f1ar y fabricar para usted. Tambi\u00e9n tenemos la experiencia para ayudar a modificar dise\u00f1os y especificaciones existentes para mejorar casi cualquier aplicaci\u00f3n de herramientas industriales. Por favor, contacte a nuestro equipo de ventas dedicado para discutir sus requisitos espec\u00edficos.<\/p>\r\n<ol start=\"4\">\r\n<li>\r\n<h3><strong> Control de Calidad Riguroso<\/strong><\/h3>\r\n<\/li>\r\n<\/ol>\r\n<p>Se realiza una serie de pruebas e inspecciones para controlar la calidad, incluyendo la inspecci\u00f3n del primer art\u00edculo, la inspecci\u00f3n de material entrante y materiales certificados, la inspecci\u00f3n de calidad en proceso, y la inspecci\u00f3n de calidad final.<\/p>\r\n<ol start=\"5\">\r\n<li>\r\n<h3><strong> Adquisici\u00f3n Flexible, Cooperaci\u00f3n Ilimitada<\/strong><\/h3>\r\n<\/li>\r\n<\/ol>\r\n<p>Ya sea usted un importador, distribuidor, mayorista o usuario final, le damos la bienvenida. Benef\u00edciese de MOQ m\u00ednimos, consultas sin complicaciones y mayor libertad de compra.<\/p>\r\n<ol start=\"6\">\r\n<li>\r\n<h3><strong> Monitoreo en Tiempo Real del Progreso de Producci\u00f3n<\/strong><\/h3>\r\n<\/li>\r\n<\/ol>\r\n<p>Consid\u00e9renos su monitor exclusivo. Le proporcionaremos actualizaciones regulares sobre cada etapa crucial de su l\u00ednea de producci\u00f3n. No importa la distancia, tendr\u00e1 informaci\u00f3n en tiempo real sobre el progreso de su producto.<\/p>\r\n<hr \/>\r\n<p><iframe loading=\"lazy\" title=\"Cuchillos Arte Cuchilla Retr\u00e1ctil Box Cutter\" width=\"800\" height=\"600\" src=\"https:\/\/www.youtube.com\/embed\/zLKPirgfiJA?feature=oembed&#038;enablejsapi=1&#038;origin=https:\/\/maxtormetal.com\" frameborder=\"0\" allow=\"accelerometer; autoplay; clipboard-write; encrypted-media; gyroscope; picture-in-picture; web-share\" referrerpolicy=\"strict-origin-when-cross-origin\" allowfullscreen><\/iframe><\/p>","protected":false},"excerpt":{"rendered":"<p>What do Craft Knives Mean? The term &#8220;Craft Knife&#8221; refers to a versatile hand-held cutting tool designed for precision work in various arts, crafts, and hobby applications. Unlike heavy-duty industrial blades, Craft Knives typically feature a lightweight handle and interchangeable, very sharp blades of various shapes and sizes to allow for intricate cutting, scoring, trimming, [&hellip;]<\/p>","protected":false},"featured_media":3224,"template":"","meta":[],"product_cat":[114,101,104,108],"product_tag":[379],"yoast_head":"<!-- This site is optimized with the Yoast SEO Premium plugin v23.6 (Yoast SEO v23.6) - https:\/\/yoast.com\/wordpress\/plugins\/seo\/ -->\n<title>Craft Knife - Metal Industrial, Industrial Blade Manufacturer, Cutting Knives and blades, Machine Knives and blades supplier, Custom Blades solution<\/title>\n<meta name=\"description\" content=\"Discover our range of high-quality Craft Knives for precision cutting in arts, crafts, and hobbies. Explore various blades for all your detailed work!\" \/>\n<meta name=\"robots\" content=\"index, follow, max-snippet:-1, max-image-preview:large, max-video-preview:-1\" \/>\n<link rel=\"canonical\" href=\"https:\/\/maxtormetal.com\/es\/producto\/cuchillo-de-manualidades\/\" \/>\n<meta property=\"og:locale\" content=\"es_ES\" \/>\n<meta property=\"og:type\" content=\"article\" \/>\n<meta property=\"og:title\" content=\"Craft Knife\" \/>\n<meta property=\"og:description\" content=\"Discover our range of high-quality Craft Knives for precision cutting in arts, crafts, and hobbies. Explore various blades for all your detailed work!\" \/>\n<meta property=\"og:url\" content=\"https:\/\/maxtormetal.com\/es\/producto\/cuchillo-de-manualidades\/\" \/>\n<meta property=\"og:site_name\" content=\"Metal Industrial, Industrial Blade Manufacturer, Cutting Knives and blades, Machine Knives and blades supplier, Custom Blades solution\" \/>\n<meta property=\"article:publisher\" content=\"https:\/\/www.facebook.com\/mengli.tang.3\" \/>\n<meta property=\"article:modified_time\" content=\"2025-05-22T14:04:50+00:00\" \/>\n<meta property=\"og:image\" content=\"https:\/\/maxtormetal.com\/wp-content\/uploads\/2023\/10\/Craft-knife-main1.jpg\" \/>\n\t<meta property=\"og:image:width\" content=\"800\" \/>\n\t<meta property=\"og:image:height\" content=\"800\" \/>\n\t<meta property=\"og:image:type\" content=\"image\/jpeg\" \/>\n<meta name=\"twitter:card\" content=\"summary_large_image\" \/>\n<meta name=\"twitter:site\" content=\"@MengliT13570\" \/>\n<script type=\"application\/ld+json\" class=\"yoast-schema-graph\">{\"@context\":\"https:\/\/schema.org\",\"@graph\":[{\"@type\":[\"WebPage\",\"ItemPage\"],\"@id\":\"https:\/\/maxtormetal.com\/product\/craft-knife\/\",\"url\":\"https:\/\/maxtormetal.com\/product\/craft-knife\/\",\"name\":\"Craft Knife - Metal Industrial, Industrial Blade Manufacturer, Cutting Knives and blades, Machine Knives and blades supplier, Custom Blades solution\",\"isPartOf\":{\"@id\":\"https:\/\/maxtormetal.com\/fr\/#website\"},\"primaryImageOfPage\":{\"@id\":\"https:\/\/maxtormetal.com\/product\/craft-knife\/#primaryimage\"},\"image\":{\"@id\":\"https:\/\/maxtormetal.com\/product\/craft-knife\/#primaryimage\"},\"thumbnailUrl\":\"https:\/\/maxtormetal.com\/wp-content\/uploads\/2023\/10\/Craft-knife-main1.jpg\",\"datePublished\":\"2023-10-07T03:08:58+00:00\",\"dateModified\":\"2025-05-22T14:04:50+00:00\",\"description\":\"Discover our range of high-quality Craft Knives for precision cutting in arts, crafts, and hobbies. Explore various blades for all your detailed work!\",\"breadcrumb\":{\"@id\":\"https:\/\/maxtormetal.com\/product\/craft-knife\/#breadcrumb\"},\"inLanguage\":\"es\",\"potentialAction\":[{\"@type\":\"ReadAction\",\"target\":[\"https:\/\/maxtormetal.com\/product\/craft-knife\/\"]}]},{\"@type\":\"ImageObject\",\"inLanguage\":\"es\",\"@id\":\"https:\/\/maxtormetal.com\/product\/craft-knife\/#primaryimage\",\"url\":\"https:\/\/maxtormetal.com\/wp-content\/uploads\/2023\/10\/Craft-knife-main1.jpg\",\"contentUrl\":\"https:\/\/maxtormetal.com\/wp-content\/uploads\/2023\/10\/Craft-knife-main1.jpg\",\"width\":800,\"height\":800},{\"@type\":\"BreadcrumbList\",\"@id\":\"https:\/\/maxtormetal.com\/product\/craft-knife\/#breadcrumb\",\"itemListElement\":[{\"@type\":\"ListItem\",\"position\":1,\"name\":\"Home\",\"item\":\"https:\/\/maxtormetal.com\/\"},{\"@type\":\"ListItem\",\"position\":2,\"name\":\"Products\",\"item\":\"https:\/\/maxtormetal.com\/products\/\"},{\"@type\":\"ListItem\",\"position\":3,\"name\":\"Craft Knife\"}]},{\"@type\":\"WebSite\",\"@id\":\"https:\/\/maxtormetal.com\/fr\/#website\",\"url\":\"https:\/\/maxtormetal.com\/fr\/\",\"name\":\"Metal Industrial, Industrial Blade Manufacturer, Cutting Knives and blades, Machine Knives and blades supplier, Custom Blades solution\",\"description\":\"Mechanical blades and knives supplier for all machines made by China\",\"publisher\":{\"@id\":\"https:\/\/maxtormetal.com\/fr\/#organization\"},\"potentialAction\":[{\"@type\":\"SearchAction\",\"target\":{\"@type\":\"EntryPoint\",\"urlTemplate\":\"https:\/\/maxtormetal.com\/fr\/?s={search_term_string}\"},\"query-input\":{\"@type\":\"PropertyValueSpecification\",\"valueRequired\":true,\"valueName\":\"search_term_string\"}}],\"inLanguage\":\"es\"},{\"@type\":[\"Organization\",\"Place\"],\"@id\":\"https:\/\/maxtormetal.com\/fr\/#organization\",\"name\":\"Nanjing Metal Industrial CO., Limited\",\"alternateName\":\"Metal Industrial\",\"url\":\"https:\/\/maxtormetal.com\/fr\/\",\"logo\":{\"@id\":\"https:\/\/maxtormetal.com\/product\/craft-knife\/#local-main-organization-logo\"},\"image\":{\"@id\":\"https:\/\/maxtormetal.com\/product\/craft-knife\/#local-main-organization-logo\"},\"sameAs\":[\"https:\/\/www.facebook.com\/mengli.tang.3\",\"https:\/\/x.com\/MengliT13570\",\"https:\/\/www.linkedin.com\/in\/metalindustrial\/\"],\"description\":\"NanjingMetal is specialized in manufacturing and supplying industrial blades and knives, and its main business is to provide customers with customized industrial blades to meet their specific needs. With an experienced design and production team, we utilize the supply chain advantage in China to provide customers with competitive high quality industrial blades and knives.\",\"legalName\":\"Nanjing Metal Industrial CO., Limited\",\"foundingDate\":\"2006-02-18\",\"numberOfEmployees\":{\"@type\":\"QuantitativeValue\",\"minValue\":\"11\",\"maxValue\":\"50\"},\"telephone\":[],\"openingHoursSpecification\":[{\"@type\":\"OpeningHoursSpecification\",\"dayOfWeek\":[\"Monday\",\"Tuesday\",\"Wednesday\",\"Thursday\",\"Friday\",\"Saturday\",\"Sunday\"],\"opens\":\"09:00\",\"closes\":\"17:00\"}]},{\"@type\":\"ImageObject\",\"inLanguage\":\"es\",\"@id\":\"https:\/\/maxtormetal.com\/product\/craft-knife\/#local-main-organization-logo\",\"url\":\"https:\/\/maxtormetal.com\/wp-content\/uploads\/2023\/08\/cropped-cropped-logo-\u526f\u672c-\u526f\u672c-e1693303172756-1.png\",\"contentUrl\":\"https:\/\/maxtormetal.com\/wp-content\/uploads\/2023\/08\/cropped-cropped-logo-\u526f\u672c-\u526f\u672c-e1693303172756-1.png\",\"width\":441,\"height\":132,\"caption\":\"Nanjing Metal Industrial CO., Limited\"}]}<\/script>\n<!-- \/ Yoast SEO Premium plugin. -->","yoast_head_json":{"title":"Craft Knife - Metal Industrial, Industrial Blade Manufacturer, Cutting Knives and blades, Machine Knives and blades supplier, Custom Blades solution","description":"Discover our range of high-quality Craft Knives for precision cutting in arts, crafts, and hobbies. Explore various blades for all your detailed work!","robots":{"index":"index","follow":"follow","max-snippet":"max-snippet:-1","max-image-preview":"max-image-preview:large","max-video-preview":"max-video-preview:-1"},"canonical":"https:\/\/maxtormetal.com\/es\/producto\/cuchillo-de-manualidades\/","og_locale":"es_ES","og_type":"article","og_title":"Craft Knife","og_description":"Discover our range of high-quality Craft Knives for precision cutting in arts, crafts, and hobbies. Explore various blades for all your detailed work!","og_url":"https:\/\/maxtormetal.com\/es\/producto\/cuchillo-de-manualidades\/","og_site_name":"Metal Industrial, Industrial Blade Manufacturer, Cutting Knives and blades, Machine Knives and blades supplier, Custom Blades solution","article_publisher":"https:\/\/www.facebook.com\/mengli.tang.3","article_modified_time":"2025-05-22T14:04:50+00:00","og_image":[{"width":800,"height":800,"url":"https:\/\/maxtormetal.com\/wp-content\/uploads\/2023\/10\/Craft-knife-main1.jpg","type":"image\/jpeg"}],"twitter_card":"summary_large_image","twitter_site":"@MengliT13570","schema":{"@context":"https:\/\/schema.org","@graph":[{"@type":["WebPage","ItemPage"],"@id":"https:\/\/maxtormetal.com\/product\/craft-knife\/","url":"https:\/\/maxtormetal.com\/product\/craft-knife\/","name":"Craft Knife - Metal Industrial, Industrial Blade Manufacturer, Cutting Knives and blades, Machine Knives and blades supplier, Custom Blades solution","isPartOf":{"@id":"https:\/\/maxtormetal.com\/fr\/#website"},"primaryImageOfPage":{"@id":"https:\/\/maxtormetal.com\/product\/craft-knife\/#primaryimage"},"image":{"@id":"https:\/\/maxtormetal.com\/product\/craft-knife\/#primaryimage"},"thumbnailUrl":"https:\/\/maxtormetal.com\/wp-content\/uploads\/2023\/10\/Craft-knife-main1.jpg","datePublished":"2023-10-07T03:08:58+00:00","dateModified":"2025-05-22T14:04:50+00:00","description":"Discover our range of high-quality Craft Knives for precision cutting in arts, crafts, and hobbies. Explore various blades for all your detailed work!","breadcrumb":{"@id":"https:\/\/maxtormetal.com\/product\/craft-knife\/#breadcrumb"},"inLanguage":"es","potentialAction":[{"@type":"ReadAction","target":["https:\/\/maxtormetal.com\/product\/craft-knife\/"]}]},{"@type":"ImageObject","inLanguage":"es","@id":"https:\/\/maxtormetal.com\/product\/craft-knife\/#primaryimage","url":"https:\/\/maxtormetal.com\/wp-content\/uploads\/2023\/10\/Craft-knife-main1.jpg","contentUrl":"https:\/\/maxtormetal.com\/wp-content\/uploads\/2023\/10\/Craft-knife-main1.jpg","width":800,"height":800},{"@type":"BreadcrumbList","@id":"https:\/\/maxtormetal.com\/product\/craft-knife\/#breadcrumb","itemListElement":[{"@type":"ListItem","position":1,"name":"Home","item":"https:\/\/maxtormetal.com\/"},{"@type":"ListItem","position":2,"name":"Products","item":"https:\/\/maxtormetal.com\/products\/"},{"@type":"ListItem","position":3,"name":"Craft Knife"}]},{"@type":"WebSite","@id":"https:\/\/maxtormetal.com\/fr\/#website","url":"https:\/\/maxtormetal.com\/fr\/","name":"Metal Industrial, Industrial Blade Manufacturer, Cutting Knives and blades, Machine Knives and blades supplier, Custom Blades solution","description":"Mechanical blades and knives supplier for all machines made by China","publisher":{"@id":"https:\/\/maxtormetal.com\/fr\/#organization"},"potentialAction":[{"@type":"SearchAction","target":{"@type":"EntryPoint","urlTemplate":"https:\/\/maxtormetal.com\/fr\/?s={search_term_string}"},"query-input":{"@type":"PropertyValueSpecification","valueRequired":true,"valueName":"search_term_string"}}],"inLanguage":"es"},{"@type":["Organization","Place"],"@id":"https:\/\/maxtormetal.com\/fr\/#organization","name":"Nanjing Metal Industrial CO., Limited","alternateName":"Metal Industrial","url":"https:\/\/maxtormetal.com\/fr\/","logo":{"@id":"https:\/\/maxtormetal.com\/product\/craft-knife\/#local-main-organization-logo"},"image":{"@id":"https:\/\/maxtormetal.com\/product\/craft-knife\/#local-main-organization-logo"},"sameAs":["https:\/\/www.facebook.com\/mengli.tang.3","https:\/\/x.com\/MengliT13570","https:\/\/www.linkedin.com\/in\/metalindustrial\/"],"description":"NanjingMetal is specialized in manufacturing and supplying industrial blades and knives, and its main business is to provide customers with customized industrial blades to meet their specific needs. With an experienced design and production team, we utilize the supply chain advantage in China to provide customers with competitive high quality industrial blades and knives.","legalName":"Nanjing Metal Industrial CO., Limited","foundingDate":"2006-02-18","numberOfEmployees":{"@type":"QuantitativeValue","minValue":"11","maxValue":"50"},"telephone":[],"openingHoursSpecification":[{"@type":"OpeningHoursSpecification","dayOfWeek":["Monday","Tuesday","Wednesday","Thursday","Friday","Saturday","Sunday"],"opens":"09:00","closes":"17:00"}]},{"@type":"ImageObject","inLanguage":"es","@id":"https:\/\/maxtormetal.com\/product\/craft-knife\/#local-main-organization-logo","url":"https:\/\/maxtormetal.com\/wp-content\/uploads\/2023\/08\/cropped-cropped-logo-\u526f\u672c-\u526f\u672c-e1693303172756-1.png","contentUrl":"https:\/\/maxtormetal.com\/wp-content\/uploads\/2023\/08\/cropped-cropped-logo-\u526f\u672c-\u526f\u672c-e1693303172756-1.png","width":441,"height":132,"caption":"Nanjing Metal Industrial CO., Limited"}]}},"_links":{"self":[{"href":"https:\/\/maxtormetal.com\/es\/wp-json\/wp\/v2\/product\/3219"}],"collection":[{"href":"https:\/\/maxtormetal.com\/es\/wp-json\/wp\/v2\/product"}],"about":[{"href":"https:\/\/maxtormetal.com\/es\/wp-json\/wp\/v2\/types\/product"}],"wp:featuredmedia":[{"embeddable":true,"href":"https:\/\/maxtormetal.com\/es\/wp-json\/wp\/v2\/media\/3224"}],"wp:attachment":[{"href":"https:\/\/maxtormetal.com\/es\/wp-json\/wp\/v2\/media?parent=3219"}],"wp:term":[{"taxonomy":"product_cat","embeddable":true,"href":"https:\/\/maxtormetal.com\/es\/wp-json\/wp\/v2\/product_cat?post=3219"},{"taxonomy":"product_tag","embeddable":true,"href":"https:\/\/maxtormetal.com\/es\/wp-json\/wp\/v2\/product_tag?post=3219"}],"curies":[{"name":"wp","href":"https:\/\/api.w.org\/{rel}","templated":true}]}}