{"id":2813,"date":"2023-09-15T11:29:21","date_gmt":"2023-09-15T03:29:21","guid":{"rendered":"https:\/\/maxtormetal.com\/?page_id=2813"},"modified":"2023-09-15T11:51:15","modified_gmt":"2023-09-15T03:51:15","slug":"privacy-policy","status":"publish","type":"page","link":"https:\/\/maxtormetal.com\/fr\/privacy-policy\/","title":{"rendered":"Politique de Confidentialit\u00e9"},"content":{"rendered":"<div data-elementor-type=\"wp-page\" data-elementor-id=\"2813\" class=\"elementor elementor-2813\" data-elementor-post-type=\"page\">\n\t\t\t\t\t\t\t<div class=\"elementor-element elementor-element-32daa32 e-flex e-con-boxed e-con\" data-id=\"32daa32\" data-element_type=\"container\" data-settings=\"{&quot;content_width&quot;:&quot;boxed&quot;}\">\n\t\t\t\t\t<div class=\"e-con-inner\">\n\t\t<div class=\"elementor-element elementor-element-e48b954 e-con-full e-flex e-con\" data-id=\"e48b954\" data-element_type=\"container\" data-settings=\"{&quot;content_width&quot;:&quot;full&quot;}\">\n\t\t\t\t<div class=\"elementor-element elementor-element-55303f3 elementor-widget elementor-widget-heading\" data-id=\"55303f3\" data-element_type=\"widget\" data-widget_type=\"heading.default\">\n\t\t\t\t<div class=\"elementor-widget-container\">\n\t\t\t<style>\/*! elementor - v3.15.0 - 20-08-2023 *\/\n.elementor-heading-title{padding:0;margin:0;line-height:1}.elementor-widget-heading .elementor-heading-title[class*=elementor-size-]>a{color:inherit;font-size:inherit;line-height:inherit}.elementor-widget-heading .elementor-heading-title.elementor-size-small{font-size:15px}.elementor-widget-heading .elementor-heading-title.elementor-size-medium{font-size:19px}.elementor-widget-heading .elementor-heading-title.elementor-size-large{font-size:29px}.elementor-widget-heading .elementor-heading-title.elementor-size-xl{font-size:39px}.elementor-widget-heading .elementor-heading-title.elementor-size-xxl{font-size:59px}<\/style><h1 class=\"elementor-heading-title elementor-size-default\">Politique de Confidentialit\u00e9<\/h1>\t\t<\/div>\n\t\t\t\t<\/div>\n\t\t\t\t<div class=\"elementor-element elementor-element-7a003cc elementor-widget elementor-widget-woocommerce-breadcrumb\" data-id=\"7a003cc\" data-element_type=\"widget\" data-widget_type=\"woocommerce-breadcrumb.default\">\n\t\t\t\t<div class=\"elementor-widget-container\">\n\t\t\t<link rel=\"stylesheet\" href=\"https:\/\/maxtormetal.com\/wp-content\/plugins\/elementor-pro\/assets\/css\/widget-woocommerce.min.css\"><nav class=\"woocommerce-breadcrumb\" aria-label=\"Breadcrumb\" data-no-translation=\"\" data-trp-gettext=\"\">Accueil<\/nav>\t\t<\/div>\n\t\t\t\t<\/div>\n\t\t\t\t<\/div>\n\t\t<div class=\"elementor-element elementor-element-cd8f90f e-con-full e-flex e-con\" data-id=\"cd8f90f\" data-element_type=\"container\" data-settings=\"{&quot;content_width&quot;:&quot;full&quot;}\">\n\t\t\t\t<div class=\"elementor-element elementor-element-0f987a9 elementor-widget elementor-widget-text-editor\" data-id=\"0f987a9\" data-element_type=\"widget\" data-widget_type=\"text-editor.default\">\n\t\t\t\t<div class=\"elementor-widget-container\">\n\t\t\t<style>\/*! elementor - v3.15.0 - 20-08-2023 *\/\n.elementor-widget-text-editor.elementor-drop-cap-view-stacked .elementor-drop-cap{background-color:#69727d;color:#fff}.elementor-widget-text-editor.elementor-drop-cap-view-framed .elementor-drop-cap{color:#69727d;border:3px solid;background-color:transparent}.elementor-widget-text-editor:not(.elementor-drop-cap-view-default) .elementor-drop-cap{margin-top:8px}.elementor-widget-text-editor:not(.elementor-drop-cap-view-default) .elementor-drop-cap-letter{width:1em;height:1em}.elementor-widget-text-editor .elementor-drop-cap{float:left;text-align:center;line-height:1;font-size:50px}.elementor-widget-text-editor .elementor-drop-cap-letter{display:inline-block}<\/style>\t\t\t\t<h4>Collecte et utilisation de donn\u00e9es personnelles appartenant aux clients, fournisseurs et autres sous-traitants<\/h4><p>Nous attirons votre attention sur le fait que nous collecterons et utiliserons les donn\u00e9es personnelles que vous nous fournissez car cela est n\u00e9cessaire pour conclure avec vous et ex\u00e9cuter un \u00e9ventuel accord. Cela s&#039;applique aussi bien \u00e0 nos clients (potentiels) qu&#039;aux parties aupr\u00e8s desquelles nous achetons des biens et\/ou des services.<\/p><p>Si vous \u00eates un de nos clients (potentiels), nous utiliserons vos donn\u00e9es pour pouvoir vous envoyer une offre, pour pouvoir d\u00e9terminer \u00e0 quelles sp\u00e9cifications ou souhaits certains biens ou services doivent satisfaire, afin de pouvoir livrer des marchandises ou r\u00e9aliser les activit\u00e9s pour vous, afin de pouvoir vous facturer et de pouvoir communiquer avec vous rapidement et efficacement concernant les aspects de mise en \u0153uvre de l&#039;accord.<\/p><p>Si vous \u00eates un fournisseur (potentiel) ou un autre entrepreneur, vos donn\u00e9es personnelles sont \u00e9galement n\u00e9cessaires \u00e0 la conclusion et \u00e0 l&#039;ex\u00e9cution du contrat. En cas d&#039;achat, cela est n\u00e9cessaire pour pouvoir vous informer des sp\u00e9cifications ou des souhaits que certains biens ou services devraient satisfaire \u00e0 notre avis, pour pouvoir envoyer une demande d&#039;offre ou pour passer une commande chez vous, pour \u00eatre \u00eatre en mesure de payer vos factures et de pouvoir communiquer avec vous rapidement et efficacement concernant d&#039;autres aspects de l&#039;accord.<\/p><p>Vous n&#039;\u00eates pas oblig\u00e9 de nous fournir vos donn\u00e9es personnelles. Si vous ne nous fournissez pas de donn\u00e9es personnelles ou si vous nous fournissez des donn\u00e9es personnelles insuffisantes, il se peut que nous ne puissions pas mener \u00e0 bien les activit\u00e9s susmentionn\u00e9es.<\/p><h4>\u00a0<\/h4><h4>Marketing direct aupr\u00e8s des clients<\/h4><p>Si vous nous avez donn\u00e9 votre accord, nous stockerons et utiliserons les donn\u00e9es personnelles que vous avez fournies afin de pouvoir \u00e0 l&#039;avenir vous informer personnellement par e-mail de nos produits et services existants et nouveaux et \u00e9ventuellement vous faire une offre \u00e0 cet \u00e9gard. Chaque fois que nous vous envoyons un e-mail marketing, vous avez la possibilit\u00e9 de nous informer que vous ne souhaitez plus recevoir de tels e-mails. Voir \u00e0 ce propos le lien de d\u00e9sinscription pr\u00e9sent en bas de chaque mailing.<\/p><p>\u00a0<\/p><h4>Dur\u00e9e de conservation des donn\u00e9es personnelles appartenant aux clients, fournisseurs et autres sous-traitants<\/h4><p>Si vous nous avez demand\u00e9 une offre mais que vous n&#039;\u00eates pas devenu client chez nous, nous supprimerons vos donn\u00e9es au plus tard un an apr\u00e8s notre dernier contact. Nous supprimerons \u00e9galement vos donn\u00e9es personnelles au maximum un an apr\u00e8s notre dernier contact si nous avons re\u00e7u une offre de votre part mais que nous ne sommes pas devenus votre client. Si vous \u00eates devenu notre client ou si nous sommes devenus votre client, nous conserverons vos donn\u00e9es personnelles pendant une dur\u00e9e de sept ans apr\u00e8s la fin de l&#039;exercice au cours duquel l&#039;accord avec vous a \u00e9t\u00e9 ex\u00e9cut\u00e9. La p\u00e9riode de sept ans correspond \u00e0 la dur\u00e9e pendant laquelle nous sommes tenus de conserver nos registres pour l&#039;Administration Fiscale et Douani\u00e8re. Nous supprimerons vos donn\u00e9es personnelles apr\u00e8s la fin de cette p\u00e9riode.<\/p><p>\u00a0<\/p><h4>Collecte et utilisation de donn\u00e9es personnelles appartenant \u00e0 des clients professionnels (autres que les clients, fournisseurs et autres sous-traitants)<\/h4><p>Nous attirons votre attention sur le fait que nous collecterons et utiliserons les donn\u00e9es personnelles que vous nous fournissez parce que vous y avez consenti ou parce que cela est n\u00e9cessaire pour d\u00e9fendre nos int\u00e9r\u00eats l\u00e9gitimes. Nous traitons les donn\u00e9es suivantes : nom, adresse et coordonn\u00e9es. Si vous \u00eates une de nos relations commerciales, nous utiliserons vos donn\u00e9es pour pouvoir vous contacter \u00e0 des fins qui sont dans l&#039;int\u00e9r\u00eat de notre entreprise. Cela inclut par exemple la discussion d&#039;une \u00e9ventuelle collaboration, la fourniture et l&#039;obtention d&#039;informations et la maintenance de notre r\u00e9seau. Vous n&#039;\u00eates pas oblig\u00e9 de nous fournir vos donn\u00e9es personnelles. Si vous ne nous fournissez pas de donn\u00e9es personnelles ou si vous nous fournissez des donn\u00e9es personnelles insuffisantes, il se peut que nous ne puissions pas mener \u00e0 bien les activit\u00e9s susmentionn\u00e9es.<\/p><p>\u00a0<\/p><h4>Marketing direct aupr\u00e8s des clients professionnels<\/h4><p>Si vous nous avez donn\u00e9 votre accord, nous stockerons et utiliserons les donn\u00e9es personnelles que vous avez fournies afin de pouvoir \u00e0 l&#039;avenir vous informer personnellement par e-mail de nos produits et services existants et nouveaux et \u00e9ventuellement vous faire une offre \u00e0 cet \u00e9gard. Chaque fois que nous vous envoyons un e-mail marketing, vous avez la possibilit\u00e9 de nous informer que vous ne souhaitez plus recevoir de tels e-mails. Voir \u00e0 ce propos le lien de d\u00e9sinscription pr\u00e9sent en bas de chaque mailing.<\/p><p>\u00a0<\/p><h4>Dur\u00e9e de conservation des donn\u00e9es personnelles appartenant aux relations commerciales<\/h4><p>Les donn\u00e9es personnelles appartenant aux relations commerciales seront supprim\u00e9es un an apr\u00e8s notre dernier contact.<\/p><p>\u00a0<\/p><h4>Biscuits<\/h4><p>Les cookies sont de petits fichiers texte qui sont plac\u00e9s sur votre ordinateur, tablette ou smartphone lors de la visite de notre site Internet. Dans ces fichiers texte, des informations sont stock\u00e9es et seront ensuite \u00e0 nouveau reconnues par le site Web lors d&#039;une visite ult\u00e9rieure.<\/p><p>Notre site Web utilise des cookies de suivi si vous y avez consenti. Nous le faisons pour collecter des informations sur votre comportement sur Internet afin de pouvoir vous pr\u00e9senter des offres cibl\u00e9es de produits ou de services. Vous avez le droit de retirer votre consentement \u00e0 tout moment. Vos donn\u00e9es sont conserv\u00e9es pendant un an maximum. Nous pla\u00e7ons \u00e9galement des cookies fonctionnels. Nous le faisons afin de faciliter l\u2019utilisation de notre site Web. Cela inclut des questions telles que le maintien des produits dans votre panier ou la m\u00e9morisation de vos informations de connexion lors de votre visite.<\/p><p>Les cookies analytiques nous permettent de voir quelles pages sont visit\u00e9es et quelles sections de notre site Web re\u00e7oivent des clics. Nous utilisons Google Analytics \u00e0 cette fin. Les informations ainsi collect\u00e9es par Google sont anonymis\u00e9es autant que possible.<\/p><p>\u00a0<\/p><h4>Votre consentement<\/h4><p>En utilisant notre site, vous acceptez notre politique de confidentialit\u00e9.<\/p>\t\t\t\t\t\t<\/div>\n\t\t\t\t<\/div>\n\t\t\t\t<\/div>\n\t\t\t\t\t<\/div>\n\t\t\t\t<\/div>\n\t\t\t\t\t\t\t<\/div>","protected":false},"excerpt":{"rendered":"<p>Privacy Policy Collection and use of personal data belonging to customers, suppliers and other contractors We would like to draw your attention to the fact that we will collect and use the personal data you provide to us because this is necessary to conclude with you and perform a possible agreement. This applies to both [&hellip;]<\/p>","protected":false},"author":1,"featured_media":0,"parent":0,"menu_order":0,"comment_status":"closed","ping_status":"closed","template":"","meta":{"footnotes":""},"yoast_head":"<!-- This site is optimized with the Yoast SEO Premium plugin v23.6 (Yoast SEO v23.6) - https:\/\/yoast.com\/wordpress\/plugins\/seo\/ -->\n<title>Privacy Policy - Metal Industrial, Industrial Blade Manufacturer, Cutting Knives and blades, Machine Knives and blades supplier, Custom Blades solution<\/title>\n<meta name=\"robots\" content=\"index, follow, max-snippet:-1, max-image-preview:large, max-video-preview:-1\" \/>\n<link rel=\"canonical\" href=\"https:\/\/maxtormetal.com\/fr\/privacy-policy\/\" \/>\n<meta property=\"og:locale\" content=\"fr_FR\" \/>\n<meta property=\"og:type\" content=\"article\" \/>\n<meta property=\"og:title\" content=\"Privacy Policy\" \/>\n<meta property=\"og:description\" content=\"Privacy Policy Collection and use of personal data belonging to customers, suppliers and other contractors We would like to draw your attention to the fact that we will collect and use the personal data you provide to us because this is necessary to conclude with you and perform a possible agreement. This applies to both [&hellip;]\" \/>\n<meta property=\"og:url\" content=\"https:\/\/maxtormetal.com\/fr\/privacy-policy\/\" \/>\n<meta property=\"og:site_name\" content=\"Metal Industrial, Industrial Blade Manufacturer, Cutting Knives and blades, Machine Knives and blades supplier, Custom Blades solution\" \/>\n<meta property=\"article:publisher\" content=\"https:\/\/www.facebook.com\/mengli.tang.3\" \/>\n<meta property=\"article:modified_time\" content=\"2023-09-15T03:51:15+00:00\" \/>\n<meta property=\"og:image\" content=\"https:\/\/maxtormetal.com\/wp-content\/uploads\/2023\/08\/logo-\u526f\u672c-\u526f\u672c.png\" \/>\n\t<meta property=\"og:image:width\" content=\"730\" \/>\n\t<meta property=\"og:image:height\" content=\"477\" \/>\n\t<meta property=\"og:image:type\" content=\"image\/png\" \/>\n<meta name=\"twitter:card\" content=\"summary_large_image\" \/>\n<meta name=\"twitter:site\" content=\"@MengliT13570\" \/>\n<script type=\"application\/ld+json\" class=\"yoast-schema-graph\">{\"@context\":\"https:\/\/schema.org\",\"@graph\":[{\"@type\":[\"Article\",\"BlogPosting\"],\"@id\":\"https:\/\/maxtormetal.com\/es\/privacy-policy\/#article\",\"isPartOf\":{\"@id\":\"https:\/\/maxtormetal.com\/es\/privacy-policy\/\"},\"author\":{\"name\":\"Tommy\",\"@id\":\"https:\/\/maxtormetal.com\/fr\/#\/schema\/person\/94f8f44e6d04f5d162dc94aeca3da13a\"},\"headline\":\"Privacy Policy\",\"datePublished\":\"2023-09-15T03:29:21+00:00\",\"dateModified\":\"2023-09-15T03:51:15+00:00\",\"mainEntityOfPage\":{\"@id\":\"https:\/\/maxtormetal.com\/es\/privacy-policy\/\"},\"wordCount\":974,\"publisher\":{\"@id\":\"https:\/\/maxtormetal.com\/fr\/#organization\"},\"inLanguage\":\"fr-FR\"},{\"@type\":\"WebPage\",\"@id\":\"https:\/\/maxtormetal.com\/es\/privacy-policy\/\",\"url\":\"https:\/\/maxtormetal.com\/es\/privacy-policy\/\",\"name\":\"Privacy Policy - Metal Industrial, Industrial Blade Manufacturer, Cutting Knives and blades, Machine Knives and blades supplier, Custom Blades solution\",\"isPartOf\":{\"@id\":\"https:\/\/maxtormetal.com\/fr\/#website\"},\"datePublished\":\"2023-09-15T03:29:21+00:00\",\"dateModified\":\"2023-09-15T03:51:15+00:00\",\"breadcrumb\":{\"@id\":\"https:\/\/maxtormetal.com\/es\/privacy-policy\/#breadcrumb\"},\"inLanguage\":\"fr-FR\",\"potentialAction\":[{\"@type\":\"ReadAction\",\"target\":[\"https:\/\/maxtormetal.com\/es\/privacy-policy\/\"]}]},{\"@type\":\"BreadcrumbList\",\"@id\":\"https:\/\/maxtormetal.com\/es\/privacy-policy\/#breadcrumb\",\"itemListElement\":[{\"@type\":\"ListItem\",\"position\":1,\"name\":\"Home\",\"item\":\"https:\/\/maxtormetal.com\/\"},{\"@type\":\"ListItem\",\"position\":2,\"name\":\"Privacy Policy\"}]},{\"@type\":\"WebSite\",\"@id\":\"https:\/\/maxtormetal.com\/fr\/#website\",\"url\":\"https:\/\/maxtormetal.com\/fr\/\",\"name\":\"Metal Industrial, Industrial Blade Manufacturer, Cutting Knives and blades, Machine Knives and blades supplier, Custom Blades solution\",\"description\":\"Mechanical blades and knives supplier for all machines made by China\",\"publisher\":{\"@id\":\"https:\/\/maxtormetal.com\/fr\/#organization\"},\"potentialAction\":[{\"@type\":\"SearchAction\",\"target\":{\"@type\":\"EntryPoint\",\"urlTemplate\":\"https:\/\/maxtormetal.com\/fr\/?s={search_term_string}\"},\"query-input\":{\"@type\":\"PropertyValueSpecification\",\"valueRequired\":true,\"valueName\":\"search_term_string\"}}],\"inLanguage\":\"fr-FR\"},{\"@type\":[\"Organization\",\"Place\"],\"@id\":\"https:\/\/maxtormetal.com\/fr\/#organization\",\"name\":\"Nanjing Metal Industrial CO., Limited\",\"alternateName\":\"Metal Industrial\",\"url\":\"https:\/\/maxtormetal.com\/fr\/\",\"logo\":{\"@id\":\"https:\/\/maxtormetal.com\/es\/privacy-policy\/#local-main-organization-logo\"},\"image\":{\"@id\":\"https:\/\/maxtormetal.com\/es\/privacy-policy\/#local-main-organization-logo\"},\"sameAs\":[\"https:\/\/www.facebook.com\/mengli.tang.3\",\"https:\/\/x.com\/MengliT13570\",\"https:\/\/www.linkedin.com\/in\/metalindustrial\/\"],\"description\":\"NanjingMetal is specialized in manufacturing and supplying industrial blades and knives, and its main business is to provide customers with customized industrial blades to meet their specific needs. With an experienced design and production team, we utilize the supply chain advantage in China to provide customers with competitive high quality industrial blades and knives.\",\"legalName\":\"Nanjing Metal Industrial CO., Limited\",\"foundingDate\":\"2006-02-18\",\"numberOfEmployees\":{\"@type\":\"QuantitativeValue\",\"minValue\":\"11\",\"maxValue\":\"50\"},\"telephone\":[],\"openingHoursSpecification\":[{\"@type\":\"OpeningHoursSpecification\",\"dayOfWeek\":[\"Monday\",\"Tuesday\",\"Wednesday\",\"Thursday\",\"Friday\",\"Saturday\",\"Sunday\"],\"opens\":\"09:00\",\"closes\":\"17:00\"}]},{\"@type\":\"Person\",\"@id\":\"https:\/\/maxtormetal.com\/fr\/#\/schema\/person\/94f8f44e6d04f5d162dc94aeca3da13a\",\"name\":\"Tommy\",\"image\":{\"@type\":\"ImageObject\",\"inLanguage\":\"fr-FR\",\"@id\":\"https:\/\/maxtormetal.com\/fr\/#\/schema\/person\/image\/\",\"url\":\"https:\/\/maxtormetal.com\/wp-content\/uploads\/2023\/08\/cropped-logo-\u526f\u672c-\u526f\u672c-1.png\",\"contentUrl\":\"https:\/\/maxtormetal.com\/wp-content\/uploads\/2023\/08\/cropped-logo-\u526f\u672c-\u526f\u672c-1.png\",\"caption\":\"Tommy\"},\"description\":\"With over 13 years of experience in industrial blade manufacturing, production management, and process optimization. Whether it's customized solutions or technical support, I am committed to delivering top-tier service. If you require mechanical blade solutions and a reliable partner, I am your ideal choice. Feel free to reach out anytime\u2014let's collaborate to elevate your business to new heights.\",\"sameAs\":[\"http:\/\/maxtormetal.com\",\"https:\/\/www.facebook.com\/mengli.tang.3\",\"https:\/\/www.linkedin.com\/in\/metalindustrial\/\",\"https:\/\/www.youtube.com\/@Metal-Tommy\"],\"url\":\"https:\/\/maxtormetal.com\/fr\/author\/maxtormetal-com\/\"},{\"@type\":\"ImageObject\",\"inLanguage\":\"fr-FR\",\"@id\":\"https:\/\/maxtormetal.com\/es\/privacy-policy\/#local-main-organization-logo\",\"url\":\"https:\/\/maxtormetal.com\/wp-content\/uploads\/2023\/08\/cropped-cropped-logo-\u526f\u672c-\u526f\u672c-e1693303172756-1.png\",\"contentUrl\":\"https:\/\/maxtormetal.com\/wp-content\/uploads\/2023\/08\/cropped-cropped-logo-\u526f\u672c-\u526f\u672c-e1693303172756-1.png\",\"width\":441,\"height\":132,\"caption\":\"Nanjing Metal Industrial CO., Limited\"}]}<\/script>\n<!-- \/ Yoast SEO Premium plugin. -->","yoast_head_json":{"title":"Privacy Policy - Metal Industrial, Industrial Blade Manufacturer, Cutting Knives and blades, Machine Knives and blades supplier, Custom Blades solution","robots":{"index":"index","follow":"follow","max-snippet":"max-snippet:-1","max-image-preview":"max-image-preview:large","max-video-preview":"max-video-preview:-1"},"canonical":"https:\/\/maxtormetal.com\/fr\/privacy-policy\/","og_locale":"fr_FR","og_type":"article","og_title":"Privacy Policy","og_description":"Privacy Policy Collection and use of personal data belonging to customers, suppliers and other contractors We would like to draw your attention to the fact that we will collect and use the personal data you provide to us because this is necessary to conclude with you and perform a possible agreement. This applies to both [&hellip;]","og_url":"https:\/\/maxtormetal.com\/fr\/privacy-policy\/","og_site_name":"Metal Industrial, Industrial Blade Manufacturer, Cutting Knives and blades, Machine Knives and blades supplier, Custom Blades solution","article_publisher":"https:\/\/www.facebook.com\/mengli.tang.3","article_modified_time":"2023-09-15T03:51:15+00:00","og_image":[{"width":730,"height":477,"url":"https:\/\/maxtormetal.com\/wp-content\/uploads\/2023\/08\/logo-\u526f\u672c-\u526f\u672c.png","type":"image\/png"}],"twitter_card":"summary_large_image","twitter_site":"@MengliT13570","schema":{"@context":"https:\/\/schema.org","@graph":[{"@type":["Article","BlogPosting"],"@id":"https:\/\/maxtormetal.com\/es\/privacy-policy\/#article","isPartOf":{"@id":"https:\/\/maxtormetal.com\/es\/privacy-policy\/"},"author":{"name":"Tommy","@id":"https:\/\/maxtormetal.com\/fr\/#\/schema\/person\/94f8f44e6d04f5d162dc94aeca3da13a"},"headline":"Privacy Policy","datePublished":"2023-09-15T03:29:21+00:00","dateModified":"2023-09-15T03:51:15+00:00","mainEntityOfPage":{"@id":"https:\/\/maxtormetal.com\/es\/privacy-policy\/"},"wordCount":974,"publisher":{"@id":"https:\/\/maxtormetal.com\/fr\/#organization"},"inLanguage":"fr-FR"},{"@type":"WebPage","@id":"https:\/\/maxtormetal.com\/es\/privacy-policy\/","url":"https:\/\/maxtormetal.com\/es\/privacy-policy\/","name":"Privacy Policy - Metal Industrial, Industrial Blade Manufacturer, Cutting Knives and blades, Machine Knives and blades supplier, Custom Blades solution","isPartOf":{"@id":"https:\/\/maxtormetal.com\/fr\/#website"},"datePublished":"2023-09-15T03:29:21+00:00","dateModified":"2023-09-15T03:51:15+00:00","breadcrumb":{"@id":"https:\/\/maxtormetal.com\/es\/privacy-policy\/#breadcrumb"},"inLanguage":"fr-FR","potentialAction":[{"@type":"ReadAction","target":["https:\/\/maxtormetal.com\/es\/privacy-policy\/"]}]},{"@type":"BreadcrumbList","@id":"https:\/\/maxtormetal.com\/es\/privacy-policy\/#breadcrumb","itemListElement":[{"@type":"ListItem","position":1,"name":"Home","item":"https:\/\/maxtormetal.com\/"},{"@type":"ListItem","position":2,"name":"Privacy Policy"}]},{"@type":"WebSite","@id":"https:\/\/maxtormetal.com\/fr\/#website","url":"https:\/\/maxtormetal.com\/fr\/","name":"Metal Industrial, Industrial Blade Manufacturer, Cutting Knives and blades, Machine Knives and blades supplier, Custom Blades solution","description":"Mechanical blades and knives supplier for all machines made by China","publisher":{"@id":"https:\/\/maxtormetal.com\/fr\/#organization"},"potentialAction":[{"@type":"SearchAction","target":{"@type":"EntryPoint","urlTemplate":"https:\/\/maxtormetal.com\/fr\/?s={search_term_string}"},"query-input":{"@type":"PropertyValueSpecification","valueRequired":true,"valueName":"search_term_string"}}],"inLanguage":"fr-FR"},{"@type":["Organization","Place"],"@id":"https:\/\/maxtormetal.com\/fr\/#organization","name":"Nanjing Metal Industrial CO., Limited","alternateName":"Metal Industrial","url":"https:\/\/maxtormetal.com\/fr\/","logo":{"@id":"https:\/\/maxtormetal.com\/es\/privacy-policy\/#local-main-organization-logo"},"image":{"@id":"https:\/\/maxtormetal.com\/es\/privacy-policy\/#local-main-organization-logo"},"sameAs":["https:\/\/www.facebook.com\/mengli.tang.3","https:\/\/x.com\/MengliT13570","https:\/\/www.linkedin.com\/in\/metalindustrial\/"],"description":"NanjingMetal is specialized in manufacturing and supplying industrial blades and knives, and its main business is to provide customers with customized industrial blades to meet their specific needs. With an experienced design and production team, we utilize the supply chain advantage in China to provide customers with competitive high quality industrial blades and knives.","legalName":"Nanjing Metal Industrial CO., Limited","foundingDate":"2006-02-18","numberOfEmployees":{"@type":"QuantitativeValue","minValue":"11","maxValue":"50"},"telephone":[],"openingHoursSpecification":[{"@type":"OpeningHoursSpecification","dayOfWeek":["Monday","Tuesday","Wednesday","Thursday","Friday","Saturday","Sunday"],"opens":"09:00","closes":"17:00"}]},{"@type":"Person","@id":"https:\/\/maxtormetal.com\/fr\/#\/schema\/person\/94f8f44e6d04f5d162dc94aeca3da13a","name":"Tommy","image":{"@type":"ImageObject","inLanguage":"fr-FR","@id":"https:\/\/maxtormetal.com\/fr\/#\/schema\/person\/image\/","url":"https:\/\/maxtormetal.com\/wp-content\/uploads\/2023\/08\/cropped-logo-\u526f\u672c-\u526f\u672c-1.png","contentUrl":"https:\/\/maxtormetal.com\/wp-content\/uploads\/2023\/08\/cropped-logo-\u526f\u672c-\u526f\u672c-1.png","caption":"Tommy"},"description":"With over 13 years of experience in industrial blade manufacturing, production management, and process optimization. Whether it's customized solutions or technical support, I am committed to delivering top-tier service. If you require mechanical blade solutions and a reliable partner, I am your ideal choice. Feel free to reach out anytime\u2014let's collaborate to elevate your business to new heights.","sameAs":["http:\/\/maxtormetal.com","https:\/\/www.facebook.com\/mengli.tang.3","https:\/\/www.linkedin.com\/in\/metalindustrial\/","https:\/\/www.youtube.com\/@Metal-Tommy"],"url":"https:\/\/maxtormetal.com\/fr\/author\/maxtormetal-com\/"},{"@type":"ImageObject","inLanguage":"fr-FR","@id":"https:\/\/maxtormetal.com\/es\/privacy-policy\/#local-main-organization-logo","url":"https:\/\/maxtormetal.com\/wp-content\/uploads\/2023\/08\/cropped-cropped-logo-\u526f\u672c-\u526f\u672c-e1693303172756-1.png","contentUrl":"https:\/\/maxtormetal.com\/wp-content\/uploads\/2023\/08\/cropped-cropped-logo-\u526f\u672c-\u526f\u672c-e1693303172756-1.png","width":441,"height":132,"caption":"Nanjing Metal Industrial CO., Limited"}]}},"_links":{"self":[{"href":"https:\/\/maxtormetal.com\/fr\/wp-json\/wp\/v2\/pages\/2813"}],"collection":[{"href":"https:\/\/maxtormetal.com\/fr\/wp-json\/wp\/v2\/pages"}],"about":[{"href":"https:\/\/maxtormetal.com\/fr\/wp-json\/wp\/v2\/types\/page"}],"author":[{"embeddable":true,"href":"https:\/\/maxtormetal.com\/fr\/wp-json\/wp\/v2\/users\/1"}],"replies":[{"embeddable":true,"href":"https:\/\/maxtormetal.com\/fr\/wp-json\/wp\/v2\/comments?post=2813"}],"version-history":[{"count":0,"href":"https:\/\/maxtormetal.com\/fr\/wp-json\/wp\/v2\/pages\/2813\/revisions"}],"wp:attachment":[{"href":"https:\/\/maxtormetal.com\/fr\/wp-json\/wp\/v2\/media?parent=2813"}],"curies":[{"name":"wp","href":"https:\/\/api.w.org\/{rel}","templated":true}]}}