{"id":3010,"date":"2023-10-06T16:49:30","date_gmt":"2023-10-06T08:49:30","guid":{"rendered":"https:\/\/maxtormetal.com\/?post_type=product&#038;p=3010"},"modified":"2025-05-06T18:53:44","modified_gmt":"2025-05-06T10:53:44","slug":"lames-pour-transformation-de-poisson","status":"publish","type":"product","link":"https:\/\/maxtormetal.com\/fr\/produit\/lames-pour-transformation-de-poisson\/","title":{"rendered":"Lames pour la Transformation du Poisson"},"content":{"rendered":"<h2 data-sourcepos=\"1:1-1:41\">Que signifient les lames de traitement du poisson\u00a0?<\/h2>\r\n<p data-sourcepos=\"3:1-3:518\">Les lames de transformation du poisson, aussi appel\u00e9es couteaux \u00e0 poisson ou couteaux de p\u00eache, sont des outils de coupe sp\u00e9cialis\u00e9s con\u00e7us pour l&#039;industrie de la transformation du poisson. Ces lames sont con\u00e7ues pour couper, fileter, \u00e9visc\u00e9rer, peler et traiter efficacement et avec pr\u00e9cision divers types de poissons et de fruits de mer. Le terme \u00ab\u00a0lames de transformation du poisson\u00a0\u00bb englobe une large gamme de couteaux aux formes, tailles et flexibilit\u00e9s sp\u00e9cifiques, adapt\u00e9s aux diff\u00e9rentes t\u00e2ches de pr\u00e9paration du poisson pour la consommation ou la transformation ult\u00e9rieure.<\/p>\r\n<h2 data-sourcepos=\"5:1-5:50\">Utilisations et applications des lames de traitement du poisson<\/h2>\r\n<p data-sourcepos=\"7:1-7:179\"><strong>Lames pour la Transformation du Poisson<\/strong> Ce sont des outils indispensables dans les installations commerciales et industrielles de transformation du poisson, ainsi que dans les exploitations \u00e0 plus petite \u00e9chelle. Leurs principales applications comprennent\u00a0:<\/p>\r\n<ul data-sourcepos=\"9:1-17:0\">\r\n<li data-sourcepos=\"9:1-9:127\"><strong>Filetage :<\/strong> S\u00e9parer la chair du poisson des ar\u00eates avec un minimum de d\u00e9chets, en utilisant des couteaux \u00e0 fileter flexibles et tranchants.<\/li>\r\n<li data-sourcepos=\"10:1-10:138\"><strong>\u00c9visc\u00e9ration et \u00e9visc\u00e9ration :<\/strong> Retrait des organes internes du poisson \u00e0 l&#039;aide de couteaux sp\u00e9cialis\u00e9s \u00e0 pointes pointues et \u00e0 manches ergonomiques.<\/li>\r\n<li data-sourcepos=\"11:1-11:101\"><strong>D\u00e9pe\u00e7age :<\/strong> Retirer la peau des filets de poisson \u00e0 l&#039;aide de couteaux \u00e0 d\u00e9pecer \u00e0 lames fines et flexibles.<\/li>\r\n<li data-sourcepos=\"12:1-12:104\"><strong>Suppression de la t\u00eate et de la queue :<\/strong> Couper la t\u00eate et la queue du poisson \u00e0 l&#039;aide de lames robustes et tranchantes.<\/li>\r\n<li data-sourcepos=\"13:1-13:121\"><strong>Portionnage et d\u00e9coupage en steaks :<\/strong> D\u00e9coupe de filets de poisson ou de poissons entiers en portions uniformes ou en steaks pour l&#039;emballage et la vente.<\/li>\r\n<li data-sourcepos=\"14:1-14:76\"><strong>Garniture:<\/strong> Enlever les nageoires, les \u00e9cailles et autres parties ind\u00e9sirables du poisson.<\/li>\r\n<li data-sourcepos=\"15:1-15:73\"><strong>D\u00e9sossage :<\/strong> Retirer les ar\u00eates et autres petites ar\u00eates des filets de poisson.<\/li>\r\n<li data-sourcepos=\"16:1-17:0\"><strong>Transformation des coquillages :<\/strong> Des couteaux sp\u00e9cialis\u00e9s sont utilis\u00e9s pour ouvrir les hu\u00eetres, les palourdes et autres crustac\u00e9s, ainsi que pour extraire la chair des crabes et des homards.<\/li>\r\n<\/ul>\r\n<h2 data-sourcepos=\"18:1-18:46\">Mat\u00e9riaux courants pour les lames de traitement du poisson<\/h2>\r\n<p data-sourcepos=\"20:1-20:231\">Les mat\u00e9riaux utilis\u00e9s pour <strong>Lames pour la Transformation du Poisson<\/strong> Doivent \u00eatre de qualit\u00e9 alimentaire, r\u00e9sistants \u00e0 la corrosion (en raison d&#039;une exposition constante \u00e0 l&#039;eau et aux liquides de poisson) et conserver un tranchant optimal pour une coupe efficace. Les mat\u00e9riaux courants incluent\u00a0:<\/p>\r\n<ul data-sourcepos=\"22:1-23:0\">\r\n<li data-sourcepos=\"22:1-23:0\"><strong>Acier inoxydable (par exemple, s\u00e9ries 420, 440, AUS-8, VG-10)\u00a0:<\/strong> L&#039;acier inoxydable est le mat\u00e9riau le plus courant en raison de son excellente r\u00e9sistance \u00e0 la corrosion, de sa facilit\u00e9 de nettoyage et de st\u00e9rilisation, et de sa capacit\u00e9 \u00e0 \u00eatre aff\u00fbt\u00e9 avec pr\u00e9cision. Les diff\u00e9rentes nuances offrent diff\u00e9rents niveaux de duret\u00e9, de tenue du tranchant et de flexibilit\u00e9. Les aciers inoxydables \u00e0 haute teneur en carbone offrent souvent un meilleur \u00e9quilibre entre tranchant et durabilit\u00e9.<\/li>\r\n<\/ul>\r\n<p data-sourcepos=\"24:1-24:326\">Les lames sont souvent tremp\u00e9es et revenues pour obtenir l&#039;\u00e9quilibre souhait\u00e9 entre duret\u00e9 et flexibilit\u00e9, selon l&#039;application sp\u00e9cifique. Par exemple, les couteaux \u00e0 fileter requi\u00e8rent de la flexibilit\u00e9, tandis que les couteaux \u00e0 \u00e9t\u00eater n\u00e9cessitent davantage de rigidit\u00e9. La finition de surface est g\u00e9n\u00e9ralement lisse pour faciliter le nettoyage et pr\u00e9venir la prolif\u00e9ration bact\u00e9rienne.<\/p>\r\n<h2 data-sourcepos=\"26:1-26:38\">Formes courantes de lames pour le traitement du poisson<\/h2>\r\n<p data-sourcepos=\"28:1-28:100\">Les lames de traitement du poisson sont disponibles dans une vari\u00e9t\u00e9 de formes et de tailles, chacune con\u00e7ue pour une t\u00e2che sp\u00e9cifique\u00a0:<\/p>\r\n<ul data-sourcepos=\"30:1-39:0\">\r\n<li data-sourcepos=\"30:1-30:198\"><strong>Couteaux \u00e0 fileter :<\/strong> Lames g\u00e9n\u00e9ralement longues, fines et flexibles, \u00e0 bout pointu, permettant une man\u0153uvre pr\u00e9cise autour des ar\u00eates pour s\u00e9parer le filet. Leur longueur peut varier de 15 \u00e0 28 cm, voire plus.<\/li>\r\n<li data-sourcepos=\"31:1-31:148\"><strong>Couteaux \u00e0 d\u00e9sosser :<\/strong> Plus rigides que les couteaux \u00e0 filet, souvent dot\u00e9s d&#039;une lame \u00e9troite et incurv\u00e9e et d&#039;une pointe pointue, con\u00e7us pour retirer les os et parer la viande.<\/li>\r\n<li data-sourcepos=\"32:1-32:128\"><strong>Couteaux \u00e0 d\u00e9pecer :<\/strong> Lames fines et flexibles avec un bord l\u00e9g\u00e8rement relev\u00e9 ou d\u00e9cal\u00e9 pour s\u00e9parer facilement la peau de la chair.<\/li>\r\n<li data-sourcepos=\"33:1-33:138\"><strong>Couteaux de t\u00eate :<\/strong> Lames robustes, souvent plus courtes, avec une colonne vert\u00e9brale solide, con\u00e7ues pour couper les os et retirer la t\u00eate et la queue.<\/li>\r\n<li data-sourcepos=\"34:1-34:168\"><strong>Couteaux \u00e0 \u00e9visc\u00e9rer :<\/strong> Peut avoir diff\u00e9rentes formes, souvent avec une pointe pointue et parfois une lame courb\u00e9e pour faciliter l&#039;ouverture de la cavit\u00e9 du poisson et le retrait des organes internes.<\/li>\r\n<li data-sourcepos=\"35:1-35:115\"><strong>Couteaux \u00e0 steak :<\/strong> Lames robustes, souvent avec un bord dentel\u00e9 ou droit, pour couper le poisson en steaks uniformes.<\/li>\r\n<li data-sourcepos=\"36:1-36:107\"><strong>Couteaux \u00e0 hu\u00eetres :<\/strong> Lames courtes et \u00e9paisses avec une pointe solide et pointue con\u00e7ue pour ouvrir les coquilles d&#039;hu\u00eetres.<\/li>\r\n<li data-sourcepos=\"37:1-37:106\"><strong>Couteaux \u00e0 palourdes :<\/strong> Lames plus fines que les couteaux \u00e0 hu\u00eetres, souvent avec une pointe \u00e9mouss\u00e9e pour ins\u00e9rer entre les coquilles de palourdes.<\/li>\r\n<li data-sourcepos=\"38:1-39:0\"><strong>D\u00e9veineuses de crevettes :<\/strong> Petits outils sp\u00e9cialis\u00e9s avec une pointe ac\u00e9r\u00e9e pour retirer la veine des crevettes.<\/li>\r\n<\/ul>\r\n<p data-sourcepos=\"40:1-40:508\">Le principe de fonctionnement repose sur le tranchant de la lame de transformation du poisson qui tranche les tissus avec un minimum de d\u00e9chirures et de dommages. La forme sp\u00e9cifique et la flexibilit\u00e9 de la lame permettent \u00e0 l&#039;utilisateur de suivre les contours du poisson, de contourner les ar\u00eates et d&#039;effectuer des t\u00e2ches sp\u00e9cifiques avec efficacit\u00e9. Des poign\u00e9es ergonomiques sont \u00e9galement essentielles pour r\u00e9duire la fatigue lors d&#039;une utilisation prolong\u00e9e dans les environnements de transformation. Un aff\u00fbtage et un entretien appropri\u00e9s sont essentiels pour garantir l&#039;efficacit\u00e9 et la s\u00e9curit\u00e9 des lames.<\/p>\r\n<p>\"\u00a0<span style=\"color: #ff9900;\"><em><strong><a style=\"color: #ff9900;\" href=\"https:\/\/maxtormetal.com\/fr\/contact\/\" target=\"_blank\" rel=\"noopener\">N'h\u00e9sitez pas \u00e0 nous contacter !<\/a><\/strong><\/em><\/span><\/p>\r\n<p>Si vous ne trouvez pas la lame de cisaillement que vous recherchez, nous pouvons \u00e9galement la personnaliser, consultez notre <span style=\"color: #ff9900;\">\u00ab<a style=\"color: #ff9900;\" href=\"https:\/\/maxtormetal.com\/fr\/custom-blades\/\" target=\"_blank\" rel=\"noopener\"><em><strong>Lames Sur Mesure<\/strong><\/em><\/a>&quot;<\/span> pour apprendre comment!<\/p>\r\n<h4><a href=\"https:\/\/maxtormetal.com\/fr\/brochures\/\" target=\"_blank\" rel=\"noopener\"><strong><em><span style=\"color: #ff9900;\">Ouvrir les Brochures<\/span><\/em><\/strong><\/a><\/h4>\r\n<hr \/>\r\n<h2>Pourquoi Choisir METAL ?<\/h2>\r\n<ol>\r\n<li><strong> Service d'Importation Centralis\u00e9 et Sans Tracas<\/strong><\/li>\r\n<\/ol>\r\n<p>Profitez de la commodit\u00e9 d'une importation fluide. Du transport au d\u00e9douanement, nous g\u00e9rons l'ensemble du processus. Il vous suffit de payer la TVA et d'attendre l'arriv\u00e9e de vos marchandises.<\/p>\r\n<ol start=\"2\">\r\n<li><strong> Prix Comp\u00e9titifs<\/strong><\/li>\r\n<\/ol>\r\n<p>Nous avons vu nos lames exceller dans d'innombrables applications et sommes pr\u00eats pour tout projet que vous nous confierez. Attendez-vous \u00e0 la pr\u00e9cision, \u00e0 la durabilit\u00e9 et \u00e0 des prix comp\u00e9titifs in\u00e9gal\u00e9s.<\/p>\r\n<ol start=\"3\">\r\n<li><strong> ODM &amp; OEM Disponibles<\/strong><\/li>\r\n<\/ol>\r\n<p>Que vous fournissiez des dessins, des croquis ou des \u00e9chantillons, nous pouvons concevoir et fabriquer pour vous. Nous avons \u00e9galement la capacit\u00e9 d'aider \u00e0 modifier les conceptions et sp\u00e9cifications existantes pour am\u00e9liorer presque toutes les applications d'outillage industriel. Veuillez contacter notre \u00e9quipe de vente d\u00e9di\u00e9e pour discuter de vos besoins sp\u00e9cifiques.<\/p>\r\n<ol start=\"4\">\r\n<li><strong> Contr\u00f4le Qualit\u00e9 Rigoureux<\/strong><\/li>\r\n<\/ol>\r\n<p>Une s\u00e9rie de tests et d'inspections sont effectu\u00e9s pour contr\u00f4ler la qualit\u00e9, incluant l'inspection du premier article, l'inspection des mat\u00e9riaux entrants et les mat\u00e9riaux certifi\u00e9s, l'inspection qualit\u00e9 en cours de production, et l'inspection qualit\u00e9 finale.<\/p>\r\n<ol start=\"5\">\r\n<li><strong> Approvisionnement Flexible, Coop\u00e9ration Illimit\u00e9e<\/strong><\/li>\r\n<\/ol>\r\n<p>Que vous soyez un importateur, un distributeur, un grossiste ou un utilisateur final, nous vous accueillons. B\u00e9n\u00e9ficiez de faibles quantit\u00e9s minimales de commande (MOQ), de demandes sans tracas et d'une plus grande libert\u00e9 d'achat.<\/p>\r\n<ol start=\"6\">\r\n<li><strong> Suivi en Temps R\u00e9el de l'Avancement de la Production<\/strong><\/li>\r\n<\/ol>\r\n<p>Consid\u00e9rez-nous comme votre moniteur exclusif. Nous vous fournirons r\u00e9guli\u00e8rement des mises \u00e0 jour sur chaque \u00e9tape cruciale de votre cha\u00eene de production. Quelle que soit la distance, vous aurez un aper\u00e7u en temps r\u00e9el de l'avancement de votre produit.<\/p>\r\n<hr \/>\r\n<p><iframe loading=\"lazy\" title=\"Lame de coupe pour machine \u00e0 trancher la viande ronde\" width=\"800\" height=\"600\" src=\"https:\/\/www.youtube.com\/embed\/iAiDz_CtDrE?feature=oembed&#038;enablejsapi=1&#038;origin=https:\/\/maxtormetal.com\" frameborder=\"0\" allow=\"accelerometer; autoplay; clipboard-write; encrypted-media; gyroscope; picture-in-picture; web-share\" referrerpolicy=\"strict-origin-when-cross-origin\" allowfullscreen><\/iframe><\/p>","protected":false},"excerpt":{"rendered":"<p>Que signifie \u00ab lames de transformation du poisson \u00bb ? Les lames de transformation du poisson, \u00e9galement appel\u00e9es couteaux \u00e0 poisson ou couteaux de p\u00eache, sont des outils de coupe sp\u00e9cialis\u00e9s con\u00e7us pour l&#039;industrie de la transformation du poisson. Ces lames sont con\u00e7ues pour couper, fileter, vider, \u00e9cailler et traiter efficacement et pr\u00e9cis\u00e9ment diff\u00e9rents types de poissons et de fruits de mer. Le terme \u00ab transformation du poisson \u00bb [\u2026]<\/p>","protected":false},"featured_media":3014,"template":"","meta":[],"product_cat":[107,105,109],"product_tag":[431],"yoast_head":"<!-- This site is optimized with the Yoast SEO Premium plugin v23.6 (Yoast SEO v23.6) - https:\/\/yoast.com\/wordpress\/plugins\/seo\/ -->\n<title>Fish Processing Blades<\/title>\n<meta name=\"description\" content=\"Explore our range of high-quality fish processing blades and fish cutting knives for commercial and industrial use. Find durable fillet knives and more.\" \/>\n<meta name=\"robots\" content=\"index, follow, max-snippet:-1, max-image-preview:large, max-video-preview:-1\" \/>\n<link rel=\"canonical\" href=\"https:\/\/maxtormetal.com\/fr\/produit\/lames-pour-transformation-de-poisson\/\" \/>\n<meta property=\"og:locale\" content=\"fr_FR\" \/>\n<meta property=\"og:type\" content=\"article\" \/>\n<meta property=\"og:title\" content=\"Fish Processing Blades\" \/>\n<meta property=\"og:description\" content=\"Explore our range of high-quality fish processing blades and fish cutting knives for commercial and industrial use. Find durable fillet knives and more.\" \/>\n<meta property=\"og:url\" content=\"https:\/\/maxtormetal.com\/fr\/produit\/lames-pour-transformation-de-poisson\/\" \/>\n<meta property=\"og:site_name\" content=\"Metal Industrial, Industrial Blade Manufacturer, Cutting Knives and blades, Machine Knives and blades supplier, Custom Blades solution\" \/>\n<meta property=\"article:publisher\" content=\"https:\/\/www.facebook.com\/mengli.tang.3\" \/>\n<meta property=\"article:modified_time\" content=\"2025-05-06T10:53:44+00:00\" \/>\n<meta property=\"og:image\" content=\"https:\/\/maxtormetal.com\/wp-content\/uploads\/2023\/10\/Fish-processing-blades-main1.jpg\" \/>\n\t<meta property=\"og:image:width\" content=\"800\" \/>\n\t<meta property=\"og:image:height\" content=\"800\" \/>\n\t<meta property=\"og:image:type\" content=\"image\/jpeg\" \/>\n<meta name=\"twitter:card\" content=\"summary_large_image\" \/>\n<meta name=\"twitter:site\" content=\"@MengliT13570\" \/>\n<script type=\"application\/ld+json\" class=\"yoast-schema-graph\">{\"@context\":\"https:\/\/schema.org\",\"@graph\":[{\"@type\":[\"WebPage\",\"ItemPage\"],\"@id\":\"https:\/\/maxtormetal.com\/product\/fish-processing-blades\/\",\"url\":\"https:\/\/maxtormetal.com\/product\/fish-processing-blades\/\",\"name\":\"Fish Processing Blades\",\"isPartOf\":{\"@id\":\"https:\/\/maxtormetal.com\/fr\/#website\"},\"primaryImageOfPage\":{\"@id\":\"https:\/\/maxtormetal.com\/product\/fish-processing-blades\/#primaryimage\"},\"image\":{\"@id\":\"https:\/\/maxtormetal.com\/product\/fish-processing-blades\/#primaryimage\"},\"thumbnailUrl\":\"https:\/\/maxtormetal.com\/wp-content\/uploads\/2023\/10\/Fish-processing-blades-main1.jpg\",\"datePublished\":\"2023-10-06T08:49:30+00:00\",\"dateModified\":\"2025-05-06T10:53:44+00:00\",\"description\":\"Explore our range of high-quality fish processing blades and fish cutting knives for commercial and industrial use. Find durable fillet knives and more.\",\"breadcrumb\":{\"@id\":\"https:\/\/maxtormetal.com\/product\/fish-processing-blades\/#breadcrumb\"},\"inLanguage\":\"fr-FR\",\"potentialAction\":[{\"@type\":\"ReadAction\",\"target\":[\"https:\/\/maxtormetal.com\/product\/fish-processing-blades\/\"]}]},{\"@type\":\"ImageObject\",\"inLanguage\":\"fr-FR\",\"@id\":\"https:\/\/maxtormetal.com\/product\/fish-processing-blades\/#primaryimage\",\"url\":\"https:\/\/maxtormetal.com\/wp-content\/uploads\/2023\/10\/Fish-processing-blades-main1.jpg\",\"contentUrl\":\"https:\/\/maxtormetal.com\/wp-content\/uploads\/2023\/10\/Fish-processing-blades-main1.jpg\",\"width\":800,\"height\":800},{\"@type\":\"BreadcrumbList\",\"@id\":\"https:\/\/maxtormetal.com\/product\/fish-processing-blades\/#breadcrumb\",\"itemListElement\":[{\"@type\":\"ListItem\",\"position\":1,\"name\":\"Home\",\"item\":\"https:\/\/maxtormetal.com\/\"},{\"@type\":\"ListItem\",\"position\":2,\"name\":\"Products\",\"item\":\"https:\/\/maxtormetal.com\/products\/\"},{\"@type\":\"ListItem\",\"position\":3,\"name\":\"Fish Processing Blades\"}]},{\"@type\":\"WebSite\",\"@id\":\"https:\/\/maxtormetal.com\/fr\/#website\",\"url\":\"https:\/\/maxtormetal.com\/fr\/\",\"name\":\"Metal Industrial, Industrial Blade Manufacturer, Cutting Knives and blades, Machine Knives and blades supplier, Custom Blades solution\",\"description\":\"Mechanical blades and knives supplier for all machines made by China\",\"publisher\":{\"@id\":\"https:\/\/maxtormetal.com\/fr\/#organization\"},\"potentialAction\":[{\"@type\":\"SearchAction\",\"target\":{\"@type\":\"EntryPoint\",\"urlTemplate\":\"https:\/\/maxtormetal.com\/fr\/?s={search_term_string}\"},\"query-input\":{\"@type\":\"PropertyValueSpecification\",\"valueRequired\":true,\"valueName\":\"search_term_string\"}}],\"inLanguage\":\"fr-FR\"},{\"@type\":[\"Organization\",\"Place\"],\"@id\":\"https:\/\/maxtormetal.com\/fr\/#organization\",\"name\":\"Nanjing Metal Industrial CO., Limited\",\"alternateName\":\"Metal Industrial\",\"url\":\"https:\/\/maxtormetal.com\/fr\/\",\"logo\":{\"@id\":\"https:\/\/maxtormetal.com\/product\/fish-processing-blades\/#local-main-organization-logo\"},\"image\":{\"@id\":\"https:\/\/maxtormetal.com\/product\/fish-processing-blades\/#local-main-organization-logo\"},\"sameAs\":[\"https:\/\/www.facebook.com\/mengli.tang.3\",\"https:\/\/x.com\/MengliT13570\",\"https:\/\/www.linkedin.com\/in\/metalindustrial\/\"],\"description\":\"NanjingMetal is specialized in manufacturing and supplying industrial blades and knives, and its main business is to provide customers with customized industrial blades to meet their specific needs. With an experienced design and production team, we utilize the supply chain advantage in China to provide customers with competitive high quality industrial blades and knives.\",\"legalName\":\"Nanjing Metal Industrial CO., Limited\",\"foundingDate\":\"2006-02-18\",\"numberOfEmployees\":{\"@type\":\"QuantitativeValue\",\"minValue\":\"11\",\"maxValue\":\"50\"},\"telephone\":[],\"openingHoursSpecification\":[{\"@type\":\"OpeningHoursSpecification\",\"dayOfWeek\":[\"Monday\",\"Tuesday\",\"Wednesday\",\"Thursday\",\"Friday\",\"Saturday\",\"Sunday\"],\"opens\":\"09:00\",\"closes\":\"17:00\"}]},{\"@type\":\"ImageObject\",\"inLanguage\":\"fr-FR\",\"@id\":\"https:\/\/maxtormetal.com\/product\/fish-processing-blades\/#local-main-organization-logo\",\"url\":\"https:\/\/maxtormetal.com\/wp-content\/uploads\/2023\/08\/cropped-cropped-logo-\u526f\u672c-\u526f\u672c-e1693303172756-1.png\",\"contentUrl\":\"https:\/\/maxtormetal.com\/wp-content\/uploads\/2023\/08\/cropped-cropped-logo-\u526f\u672c-\u526f\u672c-e1693303172756-1.png\",\"width\":441,\"height\":132,\"caption\":\"Nanjing Metal Industrial CO., Limited\"}]}<\/script>\n<!-- \/ Yoast SEO Premium plugin. -->","yoast_head_json":{"title":"Fish Processing Blades","description":"Explore our range of high-quality fish processing blades and fish cutting knives for commercial and industrial use. Find durable fillet knives and more.","robots":{"index":"index","follow":"follow","max-snippet":"max-snippet:-1","max-image-preview":"max-image-preview:large","max-video-preview":"max-video-preview:-1"},"canonical":"https:\/\/maxtormetal.com\/fr\/produit\/lames-pour-transformation-de-poisson\/","og_locale":"fr_FR","og_type":"article","og_title":"Fish Processing Blades","og_description":"Explore our range of high-quality fish processing blades and fish cutting knives for commercial and industrial use. Find durable fillet knives and more.","og_url":"https:\/\/maxtormetal.com\/fr\/produit\/lames-pour-transformation-de-poisson\/","og_site_name":"Metal Industrial, Industrial Blade Manufacturer, Cutting Knives and blades, Machine Knives and blades supplier, Custom Blades solution","article_publisher":"https:\/\/www.facebook.com\/mengli.tang.3","article_modified_time":"2025-05-06T10:53:44+00:00","og_image":[{"width":800,"height":800,"url":"https:\/\/maxtormetal.com\/wp-content\/uploads\/2023\/10\/Fish-processing-blades-main1.jpg","type":"image\/jpeg"}],"twitter_card":"summary_large_image","twitter_site":"@MengliT13570","schema":{"@context":"https:\/\/schema.org","@graph":[{"@type":["WebPage","ItemPage"],"@id":"https:\/\/maxtormetal.com\/product\/fish-processing-blades\/","url":"https:\/\/maxtormetal.com\/product\/fish-processing-blades\/","name":"Fish Processing Blades","isPartOf":{"@id":"https:\/\/maxtormetal.com\/fr\/#website"},"primaryImageOfPage":{"@id":"https:\/\/maxtormetal.com\/product\/fish-processing-blades\/#primaryimage"},"image":{"@id":"https:\/\/maxtormetal.com\/product\/fish-processing-blades\/#primaryimage"},"thumbnailUrl":"https:\/\/maxtormetal.com\/wp-content\/uploads\/2023\/10\/Fish-processing-blades-main1.jpg","datePublished":"2023-10-06T08:49:30+00:00","dateModified":"2025-05-06T10:53:44+00:00","description":"Explore our range of high-quality fish processing blades and fish cutting knives for commercial and industrial use. Find durable fillet knives and more.","breadcrumb":{"@id":"https:\/\/maxtormetal.com\/product\/fish-processing-blades\/#breadcrumb"},"inLanguage":"fr-FR","potentialAction":[{"@type":"ReadAction","target":["https:\/\/maxtormetal.com\/product\/fish-processing-blades\/"]}]},{"@type":"ImageObject","inLanguage":"fr-FR","@id":"https:\/\/maxtormetal.com\/product\/fish-processing-blades\/#primaryimage","url":"https:\/\/maxtormetal.com\/wp-content\/uploads\/2023\/10\/Fish-processing-blades-main1.jpg","contentUrl":"https:\/\/maxtormetal.com\/wp-content\/uploads\/2023\/10\/Fish-processing-blades-main1.jpg","width":800,"height":800},{"@type":"BreadcrumbList","@id":"https:\/\/maxtormetal.com\/product\/fish-processing-blades\/#breadcrumb","itemListElement":[{"@type":"ListItem","position":1,"name":"Home","item":"https:\/\/maxtormetal.com\/"},{"@type":"ListItem","position":2,"name":"Products","item":"https:\/\/maxtormetal.com\/products\/"},{"@type":"ListItem","position":3,"name":"Fish Processing Blades"}]},{"@type":"WebSite","@id":"https:\/\/maxtormetal.com\/fr\/#website","url":"https:\/\/maxtormetal.com\/fr\/","name":"Metal Industrial, Industrial Blade Manufacturer, Cutting Knives and blades, Machine Knives and blades supplier, Custom Blades solution","description":"Mechanical blades and knives supplier for all machines made by China","publisher":{"@id":"https:\/\/maxtormetal.com\/fr\/#organization"},"potentialAction":[{"@type":"SearchAction","target":{"@type":"EntryPoint","urlTemplate":"https:\/\/maxtormetal.com\/fr\/?s={search_term_string}"},"query-input":{"@type":"PropertyValueSpecification","valueRequired":true,"valueName":"search_term_string"}}],"inLanguage":"fr-FR"},{"@type":["Organization","Place"],"@id":"https:\/\/maxtormetal.com\/fr\/#organization","name":"Nanjing Metal Industrial CO., Limited","alternateName":"Metal Industrial","url":"https:\/\/maxtormetal.com\/fr\/","logo":{"@id":"https:\/\/maxtormetal.com\/product\/fish-processing-blades\/#local-main-organization-logo"},"image":{"@id":"https:\/\/maxtormetal.com\/product\/fish-processing-blades\/#local-main-organization-logo"},"sameAs":["https:\/\/www.facebook.com\/mengli.tang.3","https:\/\/x.com\/MengliT13570","https:\/\/www.linkedin.com\/in\/metalindustrial\/"],"description":"NanjingMetal is specialized in manufacturing and supplying industrial blades and knives, and its main business is to provide customers with customized industrial blades to meet their specific needs. With an experienced design and production team, we utilize the supply chain advantage in China to provide customers with competitive high quality industrial blades and knives.","legalName":"Nanjing Metal Industrial CO., Limited","foundingDate":"2006-02-18","numberOfEmployees":{"@type":"QuantitativeValue","minValue":"11","maxValue":"50"},"telephone":[],"openingHoursSpecification":[{"@type":"OpeningHoursSpecification","dayOfWeek":["Monday","Tuesday","Wednesday","Thursday","Friday","Saturday","Sunday"],"opens":"09:00","closes":"17:00"}]},{"@type":"ImageObject","inLanguage":"fr-FR","@id":"https:\/\/maxtormetal.com\/product\/fish-processing-blades\/#local-main-organization-logo","url":"https:\/\/maxtormetal.com\/wp-content\/uploads\/2023\/08\/cropped-cropped-logo-\u526f\u672c-\u526f\u672c-e1693303172756-1.png","contentUrl":"https:\/\/maxtormetal.com\/wp-content\/uploads\/2023\/08\/cropped-cropped-logo-\u526f\u672c-\u526f\u672c-e1693303172756-1.png","width":441,"height":132,"caption":"Nanjing Metal Industrial CO., Limited"}]}},"_links":{"self":[{"href":"https:\/\/maxtormetal.com\/fr\/wp-json\/wp\/v2\/product\/3010"}],"collection":[{"href":"https:\/\/maxtormetal.com\/fr\/wp-json\/wp\/v2\/product"}],"about":[{"href":"https:\/\/maxtormetal.com\/fr\/wp-json\/wp\/v2\/types\/product"}],"wp:featuredmedia":[{"embeddable":true,"href":"https:\/\/maxtormetal.com\/fr\/wp-json\/wp\/v2\/media\/3014"}],"wp:attachment":[{"href":"https:\/\/maxtormetal.com\/fr\/wp-json\/wp\/v2\/media?parent=3010"}],"wp:term":[{"taxonomy":"product_cat","embeddable":true,"href":"https:\/\/maxtormetal.com\/fr\/wp-json\/wp\/v2\/product_cat?post=3010"},{"taxonomy":"product_tag","embeddable":true,"href":"https:\/\/maxtormetal.com\/fr\/wp-json\/wp\/v2\/product_tag?post=3010"}],"curies":[{"name":"wp","href":"https:\/\/api.w.org\/{rel}","templated":true}]}}