{"id":3073,"date":"2023-10-07T09:34:50","date_gmt":"2023-10-07T01:34:50","guid":{"rendered":"https:\/\/maxtormetal.com\/?post_type=product&#038;p=3073"},"modified":"2025-05-06T19:48:56","modified_gmt":"2025-05-06T11:48:56","slug":"lames-pour-machines-d-emballage","status":"publish","type":"product","link":"https:\/\/maxtormetal.com\/fr\/produit\/lames-pour-machines-d-emballage\/","title":{"rendered":"Couteaux pour Machines d'Emballage"},"content":{"rendered":"<h2 data-sourcepos=\"1:1-1:43\">Que signifient les couteaux des machines d&#039;emballage ?<\/h2>\r\n<p data-sourcepos=\"3:1-3:556\">Les couteaux pour machines d&#039;emballage, \u00e9galement appel\u00e9s lames d&#039;emballage ou couteaux de formage, remplissage et scellage, sont des outils de coupe sp\u00e9cialis\u00e9s int\u00e9gr\u00e9s \u00e0 divers types de machines d&#039;emballage. Ces couteaux assurent un large \u00e9ventail de fonctions de d\u00e9coupe et de scellage essentielles au formage, au remplissage et \u00e0 la fermeture d&#039;emballages contenant divers produits, des produits alimentaires et pharmaceutiques aux produits industriels. Le terme \u00ab\u00a0couteaux pour machines d&#039;emballage\u00a0\u00bb englobe une large cat\u00e9gorie de lames con\u00e7ues pour des t\u00e2ches sp\u00e9cifiques du processus d&#039;emballage, garantissant un emballage efficace et s\u00e9curis\u00e9.<\/p>\r\n<h2 data-sourcepos=\"5:1-5:52\">Utilisations et applications des couteaux pour machines d&#039;emballage<\/h2>\r\n<p data-sourcepos=\"7:1-7:142\">Les couteaux des machines d&#039;emballage sont indispensables \u00e0 de nombreux processus d&#039;emballage automatis\u00e9s dans divers secteurs. Leurs principales applications comprennent\u00a0:<\/p>\r\n<ul data-sourcepos=\"9:1-18:0\">\r\n<li data-sourcepos=\"9:1-9:171\"><strong>Machines de formage, de remplissage et de scellage (FFS) :<\/strong> D\u00e9coupe et scellage de films d&#039;emballage souples pour la cr\u00e9ation de sachets, sacs et sachets. Machines FFS horizontales et verticales incluses.<\/li>\r\n<li data-sourcepos=\"10:1-10:133\"><strong>Machines d&#039;emballage sous film :<\/strong> Couper et sceller les extr\u00e9mit\u00e9s des produits emball\u00e9s comme les barres chocolat\u00e9es, les produits de boulangerie et les portions individuelles.<\/li>\r\n<li data-sourcepos=\"11:1-11:128\"><strong>Machines d&#039;emballage de sachets :<\/strong> D\u00e9coupe et fermeture de petits sachets ou sachets contenant des poudres, des liquides ou des produits granulaires.<\/li>\r\n<li data-sourcepos=\"12:1-12:134\"><strong>Machines d&#039;emballage sous blister :<\/strong> D\u00e9coupe des alv\u00e9oles form\u00e9es \u00e0 partir de la bande et parfois perforation ou rayure de l&#039;emballage.<\/li>\r\n<li data-sourcepos=\"13:1-13:134\"><strong>Machines \u00e0 cartonner :<\/strong> D\u00e9coupe et rainurage de flans de carton pour former des cartons et parfois d\u00e9coupe et scellement de sacs int\u00e9rieurs ou de doublures.<\/li>\r\n<li data-sourcepos=\"14:1-14:90\"><strong>Machines d&#039;\u00e9tiquetage :<\/strong> D\u00e9coupe d&#039;\u00e9tiquettes \u00e0 partir d&#039;un rouleau continu ou perforation de papier d&#039;\u00e9tiquettes.<\/li>\r\n<li data-sourcepos=\"15:1-15:99\"><strong>Machines d&#039;emballage sous film r\u00e9tractable :<\/strong> D\u00e9coupe du film r\u00e9tractable apr\u00e8s qu&#039;il ait \u00e9t\u00e9 enroul\u00e9 autour d&#039;un produit.<\/li>\r\n<li data-sourcepos=\"16:1-16:91\"><strong>Ensacheuses :<\/strong> D\u00e9coupe des sacs remplis \u00e0 partir d&#039;un rouleau continu de mat\u00e9riau d&#039;ensachage.<\/li>\r\n<li data-sourcepos=\"17:1-18:0\"><strong>Machines d&#039;emballage sous vide :<\/strong> D\u00e9coupe de l&#039;exc\u00e9dent de film apr\u00e8s mise sous vide d&#039;un produit.<\/li>\r\n<\/ul>\r\n<h2 data-sourcepos=\"19:1-19:48\">Mat\u00e9riaux courants pour les couteaux des machines d&#039;emballage<\/h2>\r\n<p data-sourcepos=\"21:1-21:296\">Les mat\u00e9riaux utilis\u00e9s pour les couteaux des machines d&#039;emballage doivent \u00eatre de qualit\u00e9 alimentaire, le cas \u00e9ch\u00e9ant, r\u00e9sistants \u00e0 la corrosion (notamment pour les emballages alimentaires et pharmaceutiques) et conserver un tranchant tranchant et durable pour des coupes nettes et fiables \u00e0 grande vitesse. Les mat\u00e9riaux courants comprennent\u00a0:<\/p>\r\n<ul data-sourcepos=\"23:1-27:0\">\r\n<li data-sourcepos=\"23:1-23:308\"><strong>Acier inoxydable (par exemple, s\u00e9ries 304, 420, 440) :<\/strong> L&#039;acier inoxydable est largement utilis\u00e9 pour son excellente r\u00e9sistance \u00e0 la corrosion, sa facilit\u00e9 de nettoyage et sa facilit\u00e9 d&#039;aff\u00fbtage. Diff\u00e9rentes nuances offrent diff\u00e9rents niveaux de duret\u00e9 et de r\u00e9sistance \u00e0 l&#039;usure. Pour le contact alimentaire direct, l&#039;acier inoxydable 304 est un choix courant.<\/li>\r\n<li data-sourcepos=\"24:1-24:165\"><strong>Acier Rapide (HSS)<\/strong> Offre une meilleure r\u00e9sistance \u00e0 l&#039;usure et peut maintenir la nettet\u00e9 \u00e0 des vitesses de fonctionnement plus \u00e9lev\u00e9es, adapt\u00e9 aux applications d&#039;emballage exigeantes.<\/li>\r\n<li data-sourcepos=\"25:1-25:186\"><strong>Acier \u00e0 outils alli\u00e9 (par exemple, D2, A2) :<\/strong> Offre un bon \u00e9quilibre entre duret\u00e9, t\u00e9nacit\u00e9 et r\u00e9sistance \u00e0 l&#039;usure, id\u00e9al pour le traitement de mat\u00e9riaux d&#039;emballage abrasifs ou pour la production \u00e0 grand volume.<\/li>\r\n<li data-sourcepos=\"26:1-27:0\"><strong>Lames \u00e0 pointe en carbure :<\/strong> Dot\u00e9 d&#039;inserts en carbure de tungst\u00e8ne sur le tranchant, offrant une duret\u00e9 et une r\u00e9sistance \u00e0 l&#039;usure exceptionnelles pour couper des films d&#039;emballage r\u00e9sistants ou abrasifs et prolonger consid\u00e9rablement la dur\u00e9e de vie de la lame.<\/li>\r\n<\/ul>\r\n<p data-sourcepos=\"28:1-28:296\">Les lames sont souvent aff\u00fbt\u00e9es avec pr\u00e9cision et peuvent subir des processus de trempe et de revenu pour obtenir un \u00e9quilibre optimal entre tranchant et durabilit\u00e9. Des rev\u00eatements de surface comme le nitrure de titane (TiN) peuvent \u00eatre appliqu\u00e9s pour am\u00e9liorer la duret\u00e9 de surface, r\u00e9duire les frottements et am\u00e9liorer la r\u00e9sistance \u00e0 l&#039;usure et \u00e0 la corrosion.<\/p>\r\n<h2 data-sourcepos=\"30:1-30:40\">Formes courantes des lames d&#039;emballage<\/h2>\r\n<p data-sourcepos=\"32:1-32:175\">Les couteaux des machines d&#039;emballage sont disponibles dans une gamme vari\u00e9e de formes et de configurations de bords adapt\u00e9es \u00e0 des m\u00e9canismes de coupe et de scellage sp\u00e9cifiques au sein de diff\u00e9rentes machines d&#039;emballage :<\/p>\r\n<ul data-sourcepos=\"34:1-43:0\">\r\n<li data-sourcepos=\"34:1-34:144\"><strong>Couteaux \u00e0 coupe droite :<\/strong> Lames longues et droites utilis\u00e9es pour effectuer des coupes transversales sur le mat\u00e9riau d&#039;emballage afin de s\u00e9parer les emballages individuels.<\/li>\r\n<li data-sourcepos=\"35:1-35:105\"><strong>Couteaux de coupe rotatifs :<\/strong> Lames circulaires ou en forme de disque qui tournent pour couper le film d&#039;emballage en mouvement.<\/li>\r\n<li data-sourcepos=\"36:1-36:131\"><strong>Former des couteaux d&#039;\u00e9paule :<\/strong> Lames profil\u00e9es utilis\u00e9es dans les machines FFS pour couper et fa\u00e7onner le film lorsqu&#039;il passe sur l&#039;\u00e9paulement de formage.<\/li>\r\n<li data-sourcepos=\"37:1-37:149\"><strong>Couteaux \u00e0 sceller (sertisseurs) :<\/strong> Ils ont souvent des bords dentel\u00e9s ou profil\u00e9s et peuvent \u00eatre chauff\u00e9s pour cr\u00e9er un joint thermique tout en coupant simultan\u00e9ment le film.<\/li>\r\n<li data-sourcepos=\"38:1-38:110\"><strong>Couteaux \u00e0 encoche d\u00e9chirable :<\/strong> Petites lames profil\u00e9es qui cr\u00e9ent des encoches de d\u00e9chirure dans les emballages flexibles pour une ouverture facile.<\/li>\r\n<li data-sourcepos=\"39:1-39:133\"><strong>Couteaux perforants :<\/strong> Lames avec des dents ou des bords sp\u00e9cialement con\u00e7us pour cr\u00e9er des lignes de perforations pour faciliter le d\u00e9chirement ou la ventilation.<\/li>\r\n<li data-sourcepos=\"40:1-40:102\"><strong>Couteaux \u00e0 refendre :<\/strong> Lames circulaires ou droites utilis\u00e9es pour fendre le mat\u00e9riau d&#039;emballage longitudinalement.<\/li>\r\n<li data-sourcepos=\"41:1-41:145\"><strong>Lames de d\u00e9coupe :<\/strong> Lames de forme personnalis\u00e9e utilis\u00e9es pour couper des contours sp\u00e9cifiques dans les mat\u00e9riaux d&#039;emballage, comme pour les plaquettes thermoform\u00e9es ou les sachets profil\u00e9s.<\/li>\r\n<li data-sourcepos=\"42:1-43:0\"><strong>Couteaux \u00e0 guillotine :<\/strong> Lames droites utilis\u00e9es dans une action de type guillotine pour couper des piles de mat\u00e9riaux d&#039;emballage ou des feuilles individuelles.<\/li>\r\n<\/ul>\r\n<p data-sourcepos=\"44:1-44:594\">Le principe de fonctionnement d\u00e9pend du type de machine d&#039;emballage et de la fonction du couteau. Les couteaux de coupe cisaillent g\u00e9n\u00e9ralement le mat\u00e9riau contre une enclume fixe ou une autre lame mobile. Les couteaux de scellage utilisent la chaleur et la pression pour fusionner les couches de film tout en coupant l&#039;exc\u00e9dent de mat\u00e9riau. Les couteaux rotatifs assurent une coupe continue. La pr\u00e9cision de la forme de la lame, le tranchant du tranchant, la pression appliqu\u00e9e et la synchronisation avec le mouvement de la machine sont essentiels pour obtenir des coupes nettes et pr\u00e9cises et des soudures solides lors du processus d&#039;emballage.<\/p>\r\n<p>\"\u00a0<span style=\"color: #ff9900;\"><em><strong><a style=\"color: #ff9900;\" href=\"https:\/\/maxtormetal.com\/fr\/contact\/\" target=\"_blank\" rel=\"noopener\">N'h\u00e9sitez pas \u00e0 nous contacter !<\/a><\/strong><\/em><\/span><\/p>\r\n<p>Si vous ne trouvez pas la lame de cisaillement que vous recherchez, nous pouvons \u00e9galement la personnaliser, consultez notre <span style=\"color: #ff9900;\">\u00ab<a style=\"color: #ff9900;\" href=\"https:\/\/maxtormetal.com\/fr\/custom-blades\/\" target=\"_blank\" rel=\"noopener\"><em><strong>Lames Sur Mesure<\/strong><\/em><\/a>&quot;<\/span> pour apprendre comment!<\/p>\r\n<h4><a href=\"https:\/\/maxtormetal.com\/fr\/brochures\/\" target=\"_blank\" rel=\"noopener\"><strong><em><span style=\"color: #ff9900;\">Ouvrir les Brochures<\/span><\/em><\/strong><\/a><\/h4>\r\n<hr \/>\r\n<h2>Pourquoi Choisir METAL ?<\/h2>\r\n<ol>\r\n<li><strong> Service d'Importation Centralis\u00e9 et Sans Tracas<\/strong><\/li>\r\n<\/ol>\r\n<p>Profitez de la commodit\u00e9 d'une importation fluide. Du transport au d\u00e9douanement, nous g\u00e9rons l'ensemble du processus. Il vous suffit de payer la TVA et d'attendre l'arriv\u00e9e de vos marchandises.<\/p>\r\n<ol start=\"2\">\r\n<li><strong> Prix Comp\u00e9titifs<\/strong><\/li>\r\n<\/ol>\r\n<p>Nous avons vu nos lames exceller dans d'innombrables applications et sommes pr\u00eats pour tout projet que vous nous confierez. Attendez-vous \u00e0 la pr\u00e9cision, \u00e0 la durabilit\u00e9 et \u00e0 des prix comp\u00e9titifs in\u00e9gal\u00e9s.<\/p>\r\n<ol start=\"3\">\r\n<li><strong> ODM &amp; OEM Disponibles<\/strong><\/li>\r\n<\/ol>\r\n<p>Que vous fournissiez des dessins, des croquis ou des \u00e9chantillons, nous pouvons concevoir et fabriquer pour vous. Nous avons \u00e9galement la capacit\u00e9 d'aider \u00e0 modifier les conceptions et sp\u00e9cifications existantes pour am\u00e9liorer presque toutes les applications d'outillage industriel. Veuillez contacter notre \u00e9quipe de vente d\u00e9di\u00e9e pour discuter de vos besoins sp\u00e9cifiques.<\/p>\r\n<ol start=\"4\">\r\n<li><strong> Contr\u00f4le Qualit\u00e9 Rigoureux<\/strong><\/li>\r\n<\/ol>\r\n<p>Une s\u00e9rie de tests et d'inspections sont effectu\u00e9s pour contr\u00f4ler la qualit\u00e9, incluant l'inspection du premier article, l'inspection des mat\u00e9riaux entrants et les mat\u00e9riaux certifi\u00e9s, l'inspection qualit\u00e9 en cours de production, et l'inspection qualit\u00e9 finale.<\/p>\r\n<ol start=\"5\">\r\n<li><strong> Approvisionnement Flexible, Coop\u00e9ration Illimit\u00e9e<\/strong><\/li>\r\n<\/ol>\r\n<p>Que vous soyez un importateur, un distributeur, un grossiste ou un utilisateur final, nous vous accueillons. B\u00e9n\u00e9ficiez de faibles quantit\u00e9s minimales de commande (MOQ), de demandes sans tracas et d'une plus grande libert\u00e9 d'achat.<\/p>\r\n<ol start=\"6\">\r\n<li><strong> Suivi en Temps R\u00e9el de l'Avancement de la Production<\/strong><\/li>\r\n<\/ol>\r\n<p>Consid\u00e9rez-nous comme votre moniteur exclusif. Nous vous fournirons r\u00e9guli\u00e8rement des mises \u00e0 jour sur chaque \u00e9tape cruciale de votre cha\u00eene de production. Quelle que soit la distance, vous aurez un aper\u00e7u en temps r\u00e9el de l'avancement de votre produit.<\/p>\r\n<hr \/>\r\n<p><iframe loading=\"lazy\" title=\"Lame de machine d&#039;emballage en forme de T Outil de coupe Lame de scie\" width=\"800\" height=\"600\" src=\"https:\/\/www.youtube.com\/embed\/wOuLacXQE6g?feature=oembed&#038;enablejsapi=1&#038;origin=https:\/\/maxtormetal.com\" frameborder=\"0\" allow=\"accelerometer; autoplay; clipboard-write; encrypted-media; gyroscope; picture-in-picture; web-share\" referrerpolicy=\"strict-origin-when-cross-origin\" allowfullscreen><\/iframe><\/p>","protected":false},"excerpt":{"rendered":"<p>What do Packaging Machine Knives Mean? Packaging machine knives, also known as packaging blades or form fill seal knives, are specialized cutting tools integrated into various types of packaging machinery. These knives perform a wide range of cutting and sealing functions essential for forming, filling, and sealing packages containing diverse products, from food and pharmaceuticals [&hellip;]<\/p>","protected":false},"featured_media":3078,"template":"","meta":[],"product_cat":[114,100,108,109],"product_tag":[416],"yoast_head":"<!-- This site is optimized with the Yoast SEO Premium plugin v23.6 (Yoast SEO v23.6) - https:\/\/yoast.com\/wordpress\/plugins\/seo\/ -->\n<title>Packaging Machine Knives<\/title>\n<meta name=\"description\" content=\"Discover high-quality packaging machine knives designed for efficiency and precision. Ideal for various applications in packaging and manufacturing\" \/>\n<meta name=\"robots\" content=\"index, follow, max-snippet:-1, max-image-preview:large, max-video-preview:-1\" \/>\n<link rel=\"canonical\" href=\"https:\/\/maxtormetal.com\/fr\/produit\/lames-pour-machines-d-emballage\/\" \/>\n<meta property=\"og:locale\" content=\"fr_FR\" \/>\n<meta property=\"og:type\" content=\"article\" \/>\n<meta property=\"og:title\" content=\"Packaging Machine Knives\" \/>\n<meta property=\"og:description\" content=\"Discover high-quality packaging machine knives designed for efficiency and precision. Ideal for various applications in packaging and manufacturing\" \/>\n<meta property=\"og:url\" content=\"https:\/\/maxtormetal.com\/fr\/produit\/lames-pour-machines-d-emballage\/\" \/>\n<meta property=\"og:site_name\" content=\"Metal Industrial, Industrial Blade Manufacturer, Cutting Knives and blades, Machine Knives and blades supplier, Custom Blades solution\" \/>\n<meta property=\"article:publisher\" content=\"https:\/\/www.facebook.com\/mengli.tang.3\" \/>\n<meta property=\"article:modified_time\" content=\"2025-05-06T11:48:56+00:00\" \/>\n<meta property=\"og:image\" content=\"https:\/\/maxtormetal.com\/wp-content\/uploads\/2023\/10\/packing-machine-knives-main11.jpg\" \/>\n\t<meta property=\"og:image:width\" content=\"800\" \/>\n\t<meta property=\"og:image:height\" content=\"800\" \/>\n\t<meta property=\"og:image:type\" content=\"image\/jpeg\" \/>\n<meta name=\"twitter:card\" content=\"summary_large_image\" \/>\n<meta name=\"twitter:site\" content=\"@MengliT13570\" \/>\n<script type=\"application\/ld+json\" class=\"yoast-schema-graph\">{\"@context\":\"https:\/\/schema.org\",\"@graph\":[{\"@type\":[\"WebPage\",\"ItemPage\"],\"@id\":\"https:\/\/maxtormetal.com\/product\/packaging-machine-knives\/\",\"url\":\"https:\/\/maxtormetal.com\/product\/packaging-machine-knives\/\",\"name\":\"Packaging Machine Knives\",\"isPartOf\":{\"@id\":\"https:\/\/maxtormetal.com\/fr\/#website\"},\"primaryImageOfPage\":{\"@id\":\"https:\/\/maxtormetal.com\/product\/packaging-machine-knives\/#primaryimage\"},\"image\":{\"@id\":\"https:\/\/maxtormetal.com\/product\/packaging-machine-knives\/#primaryimage\"},\"thumbnailUrl\":\"https:\/\/maxtormetal.com\/wp-content\/uploads\/2023\/10\/packing-machine-knives-main11.jpg\",\"datePublished\":\"2023-10-07T01:34:50+00:00\",\"dateModified\":\"2025-05-06T11:48:56+00:00\",\"description\":\"Discover high-quality packaging machine knives designed for efficiency and precision. Ideal for various applications in packaging and manufacturing\",\"breadcrumb\":{\"@id\":\"https:\/\/maxtormetal.com\/product\/packaging-machine-knives\/#breadcrumb\"},\"inLanguage\":\"fr-FR\",\"potentialAction\":[{\"@type\":\"ReadAction\",\"target\":[\"https:\/\/maxtormetal.com\/product\/packaging-machine-knives\/\"]}]},{\"@type\":\"ImageObject\",\"inLanguage\":\"fr-FR\",\"@id\":\"https:\/\/maxtormetal.com\/product\/packaging-machine-knives\/#primaryimage\",\"url\":\"https:\/\/maxtormetal.com\/wp-content\/uploads\/2023\/10\/packing-machine-knives-main11.jpg\",\"contentUrl\":\"https:\/\/maxtormetal.com\/wp-content\/uploads\/2023\/10\/packing-machine-knives-main11.jpg\",\"width\":800,\"height\":800},{\"@type\":\"BreadcrumbList\",\"@id\":\"https:\/\/maxtormetal.com\/product\/packaging-machine-knives\/#breadcrumb\",\"itemListElement\":[{\"@type\":\"ListItem\",\"position\":1,\"name\":\"Home\",\"item\":\"https:\/\/maxtormetal.com\/\"},{\"@type\":\"ListItem\",\"position\":2,\"name\":\"Products\",\"item\":\"https:\/\/maxtormetal.com\/products\/\"},{\"@type\":\"ListItem\",\"position\":3,\"name\":\"Packaging Machine Knives\"}]},{\"@type\":\"WebSite\",\"@id\":\"https:\/\/maxtormetal.com\/fr\/#website\",\"url\":\"https:\/\/maxtormetal.com\/fr\/\",\"name\":\"Metal Industrial, Industrial Blade Manufacturer, Cutting Knives and blades, Machine Knives and blades supplier, Custom Blades solution\",\"description\":\"Mechanical blades and knives supplier for all machines made by China\",\"publisher\":{\"@id\":\"https:\/\/maxtormetal.com\/fr\/#organization\"},\"potentialAction\":[{\"@type\":\"SearchAction\",\"target\":{\"@type\":\"EntryPoint\",\"urlTemplate\":\"https:\/\/maxtormetal.com\/fr\/?s={search_term_string}\"},\"query-input\":{\"@type\":\"PropertyValueSpecification\",\"valueRequired\":true,\"valueName\":\"search_term_string\"}}],\"inLanguage\":\"fr-FR\"},{\"@type\":[\"Organization\",\"Place\"],\"@id\":\"https:\/\/maxtormetal.com\/fr\/#organization\",\"name\":\"Nanjing Metal Industrial CO., Limited\",\"alternateName\":\"Metal Industrial\",\"url\":\"https:\/\/maxtormetal.com\/fr\/\",\"logo\":{\"@id\":\"https:\/\/maxtormetal.com\/product\/packaging-machine-knives\/#local-main-organization-logo\"},\"image\":{\"@id\":\"https:\/\/maxtormetal.com\/product\/packaging-machine-knives\/#local-main-organization-logo\"},\"sameAs\":[\"https:\/\/www.facebook.com\/mengli.tang.3\",\"https:\/\/x.com\/MengliT13570\",\"https:\/\/www.linkedin.com\/in\/metalindustrial\/\"],\"description\":\"NanjingMetal is specialized in manufacturing and supplying industrial blades and knives, and its main business is to provide customers with customized industrial blades to meet their specific needs. With an experienced design and production team, we utilize the supply chain advantage in China to provide customers with competitive high quality industrial blades and knives.\",\"legalName\":\"Nanjing Metal Industrial CO., Limited\",\"foundingDate\":\"2006-02-18\",\"numberOfEmployees\":{\"@type\":\"QuantitativeValue\",\"minValue\":\"11\",\"maxValue\":\"50\"},\"telephone\":[],\"openingHoursSpecification\":[{\"@type\":\"OpeningHoursSpecification\",\"dayOfWeek\":[\"Monday\",\"Tuesday\",\"Wednesday\",\"Thursday\",\"Friday\",\"Saturday\",\"Sunday\"],\"opens\":\"09:00\",\"closes\":\"17:00\"}]},{\"@type\":\"ImageObject\",\"inLanguage\":\"fr-FR\",\"@id\":\"https:\/\/maxtormetal.com\/product\/packaging-machine-knives\/#local-main-organization-logo\",\"url\":\"https:\/\/maxtormetal.com\/wp-content\/uploads\/2023\/08\/cropped-cropped-logo-\u526f\u672c-\u526f\u672c-e1693303172756-1.png\",\"contentUrl\":\"https:\/\/maxtormetal.com\/wp-content\/uploads\/2023\/08\/cropped-cropped-logo-\u526f\u672c-\u526f\u672c-e1693303172756-1.png\",\"width\":441,\"height\":132,\"caption\":\"Nanjing Metal Industrial CO., Limited\"}]}<\/script>\n<!-- \/ Yoast SEO Premium plugin. -->","yoast_head_json":{"title":"Packaging Machine Knives","description":"Discover high-quality packaging machine knives designed for efficiency and precision. Ideal for various applications in packaging and manufacturing","robots":{"index":"index","follow":"follow","max-snippet":"max-snippet:-1","max-image-preview":"max-image-preview:large","max-video-preview":"max-video-preview:-1"},"canonical":"https:\/\/maxtormetal.com\/fr\/produit\/lames-pour-machines-d-emballage\/","og_locale":"fr_FR","og_type":"article","og_title":"Packaging Machine Knives","og_description":"Discover high-quality packaging machine knives designed for efficiency and precision. Ideal for various applications in packaging and manufacturing","og_url":"https:\/\/maxtormetal.com\/fr\/produit\/lames-pour-machines-d-emballage\/","og_site_name":"Metal Industrial, Industrial Blade Manufacturer, Cutting Knives and blades, Machine Knives and blades supplier, Custom Blades solution","article_publisher":"https:\/\/www.facebook.com\/mengli.tang.3","article_modified_time":"2025-05-06T11:48:56+00:00","og_image":[{"width":800,"height":800,"url":"https:\/\/maxtormetal.com\/wp-content\/uploads\/2023\/10\/packing-machine-knives-main11.jpg","type":"image\/jpeg"}],"twitter_card":"summary_large_image","twitter_site":"@MengliT13570","schema":{"@context":"https:\/\/schema.org","@graph":[{"@type":["WebPage","ItemPage"],"@id":"https:\/\/maxtormetal.com\/product\/packaging-machine-knives\/","url":"https:\/\/maxtormetal.com\/product\/packaging-machine-knives\/","name":"Packaging Machine Knives","isPartOf":{"@id":"https:\/\/maxtormetal.com\/fr\/#website"},"primaryImageOfPage":{"@id":"https:\/\/maxtormetal.com\/product\/packaging-machine-knives\/#primaryimage"},"image":{"@id":"https:\/\/maxtormetal.com\/product\/packaging-machine-knives\/#primaryimage"},"thumbnailUrl":"https:\/\/maxtormetal.com\/wp-content\/uploads\/2023\/10\/packing-machine-knives-main11.jpg","datePublished":"2023-10-07T01:34:50+00:00","dateModified":"2025-05-06T11:48:56+00:00","description":"Discover high-quality packaging machine knives designed for efficiency and precision. Ideal for various applications in packaging and manufacturing","breadcrumb":{"@id":"https:\/\/maxtormetal.com\/product\/packaging-machine-knives\/#breadcrumb"},"inLanguage":"fr-FR","potentialAction":[{"@type":"ReadAction","target":["https:\/\/maxtormetal.com\/product\/packaging-machine-knives\/"]}]},{"@type":"ImageObject","inLanguage":"fr-FR","@id":"https:\/\/maxtormetal.com\/product\/packaging-machine-knives\/#primaryimage","url":"https:\/\/maxtormetal.com\/wp-content\/uploads\/2023\/10\/packing-machine-knives-main11.jpg","contentUrl":"https:\/\/maxtormetal.com\/wp-content\/uploads\/2023\/10\/packing-machine-knives-main11.jpg","width":800,"height":800},{"@type":"BreadcrumbList","@id":"https:\/\/maxtormetal.com\/product\/packaging-machine-knives\/#breadcrumb","itemListElement":[{"@type":"ListItem","position":1,"name":"Home","item":"https:\/\/maxtormetal.com\/"},{"@type":"ListItem","position":2,"name":"Products","item":"https:\/\/maxtormetal.com\/products\/"},{"@type":"ListItem","position":3,"name":"Packaging Machine Knives"}]},{"@type":"WebSite","@id":"https:\/\/maxtormetal.com\/fr\/#website","url":"https:\/\/maxtormetal.com\/fr\/","name":"Metal Industrial, Industrial Blade Manufacturer, Cutting Knives and blades, Machine Knives and blades supplier, Custom Blades solution","description":"Mechanical blades and knives supplier for all machines made by China","publisher":{"@id":"https:\/\/maxtormetal.com\/fr\/#organization"},"potentialAction":[{"@type":"SearchAction","target":{"@type":"EntryPoint","urlTemplate":"https:\/\/maxtormetal.com\/fr\/?s={search_term_string}"},"query-input":{"@type":"PropertyValueSpecification","valueRequired":true,"valueName":"search_term_string"}}],"inLanguage":"fr-FR"},{"@type":["Organization","Place"],"@id":"https:\/\/maxtormetal.com\/fr\/#organization","name":"Nanjing Metal Industrial CO., Limited","alternateName":"Metal Industrial","url":"https:\/\/maxtormetal.com\/fr\/","logo":{"@id":"https:\/\/maxtormetal.com\/product\/packaging-machine-knives\/#local-main-organization-logo"},"image":{"@id":"https:\/\/maxtormetal.com\/product\/packaging-machine-knives\/#local-main-organization-logo"},"sameAs":["https:\/\/www.facebook.com\/mengli.tang.3","https:\/\/x.com\/MengliT13570","https:\/\/www.linkedin.com\/in\/metalindustrial\/"],"description":"NanjingMetal is specialized in manufacturing and supplying industrial blades and knives, and its main business is to provide customers with customized industrial blades to meet their specific needs. With an experienced design and production team, we utilize the supply chain advantage in China to provide customers with competitive high quality industrial blades and knives.","legalName":"Nanjing Metal Industrial CO., Limited","foundingDate":"2006-02-18","numberOfEmployees":{"@type":"QuantitativeValue","minValue":"11","maxValue":"50"},"telephone":[],"openingHoursSpecification":[{"@type":"OpeningHoursSpecification","dayOfWeek":["Monday","Tuesday","Wednesday","Thursday","Friday","Saturday","Sunday"],"opens":"09:00","closes":"17:00"}]},{"@type":"ImageObject","inLanguage":"fr-FR","@id":"https:\/\/maxtormetal.com\/product\/packaging-machine-knives\/#local-main-organization-logo","url":"https:\/\/maxtormetal.com\/wp-content\/uploads\/2023\/08\/cropped-cropped-logo-\u526f\u672c-\u526f\u672c-e1693303172756-1.png","contentUrl":"https:\/\/maxtormetal.com\/wp-content\/uploads\/2023\/08\/cropped-cropped-logo-\u526f\u672c-\u526f\u672c-e1693303172756-1.png","width":441,"height":132,"caption":"Nanjing Metal Industrial CO., Limited"}]}},"_links":{"self":[{"href":"https:\/\/maxtormetal.com\/fr\/wp-json\/wp\/v2\/product\/3073"}],"collection":[{"href":"https:\/\/maxtormetal.com\/fr\/wp-json\/wp\/v2\/product"}],"about":[{"href":"https:\/\/maxtormetal.com\/fr\/wp-json\/wp\/v2\/types\/product"}],"wp:featuredmedia":[{"embeddable":true,"href":"https:\/\/maxtormetal.com\/fr\/wp-json\/wp\/v2\/media\/3078"}],"wp:attachment":[{"href":"https:\/\/maxtormetal.com\/fr\/wp-json\/wp\/v2\/media?parent=3073"}],"wp:term":[{"taxonomy":"product_cat","embeddable":true,"href":"https:\/\/maxtormetal.com\/fr\/wp-json\/wp\/v2\/product_cat?post=3073"},{"taxonomy":"product_tag","embeddable":true,"href":"https:\/\/maxtormetal.com\/fr\/wp-json\/wp\/v2\/product_tag?post=3073"}],"curies":[{"name":"wp","href":"https:\/\/api.w.org\/{rel}","templated":true}]}}