{"id":3160,"date":"2023-10-07T10:31:32","date_gmt":"2023-10-07T02:31:32","guid":{"rendered":"https:\/\/maxtormetal.com\/?post_type=product&#038;p=3160"},"modified":"2025-05-31T23:49:11","modified_gmt":"2025-05-31T15:49:11","slug":"lames-de-cisaillement-lateral","status":"publish","type":"product","link":"https:\/\/maxtormetal.com\/fr\/produit\/lames-de-cisaillement-lateral\/","title":{"rendered":"Lames de Cisaille \u00e0 Rogner Lat\u00e9rale"},"content":{"rendered":"<h3 data-sourcepos=\"3:1-3:44\">Que signifient les lames de cisaille \u00e0 coupe lat\u00e9rale\u00a0?<\/h3>\r\n<p data-sourcepos=\"5:1-5:1096\">Les lames de cisaille \u00e0 rognage lat\u00e9ral sont des outils de coupe sp\u00e9cialis\u00e9s utilis\u00e9s dans les applications industrielles, notamment sur les lignes de travail des m\u00e9taux et de traitement en continu, comme les laminoirs \u00e0 froid. Leur fonction principale est de rogner les bords (c\u00f4t\u00e9s) des t\u00f4les ou des bobines lors de leur passage sur la ligne de production. Ce proc\u00e9d\u00e9, appel\u00e9 rognage lat\u00e9ral ou rognage des bords, garantit une largeur constante et \u00e9limine les imperfections ou irr\u00e9gularit\u00e9s des bords du m\u00e9tal. Les lames de cisaille \u00e0 rognage lat\u00e9ral fonctionnent g\u00e9n\u00e9ralement par paires, plac\u00e9es de chaque c\u00f4t\u00e9 du flux de mati\u00e8re. Con\u00e7ues pour un fonctionnement continu \u00e0 grande vitesse, elles doivent assurer une coupe pr\u00e9cise et nette sur de longues p\u00e9riodes. La forme et le mat\u00e9riau des lames de cisaille \u00e0 rognage lat\u00e9ral sont essentiels pour obtenir des bords pr\u00e9cis et sans bavures, indispensables aux processus en aval. Ces lames sont \u00e9galement appel\u00e9es \u00ab\u00a0lames \u00e0 rogner les bords\u00a0\u00bb, \u00ab\u00a0lames \u00e0 rogner les bords\u00a0\u00bb, \u00ab\u00a0lames \u00e0 entailler les bords de bande\u00a0\u00bb, \u00ab\u00a0lames \u00e0 entailler les bords\u00a0\u00bb (si elles effectuent \u00e9galement l&#039;entaille pour le soudage) ou \u00ab\u00a0lames \u00e0 refendre les bords\u00a0\u00bb (bien que l&#039;accent soit mis sur le bord plut\u00f4t que sur plusieurs bandes).<\/p>\r\n<h3 data-sourcepos=\"7:1-7:55\">Utilisations et applications des lames de cisaille \u00e0 coupe lat\u00e9rale<\/h3>\r\n<p data-sourcepos=\"9:1-9:87\">Les lames de cisaillement \u00e0 coupe lat\u00e9rale sont essentielles dans diverses industries de traitement continu\u00a0:<\/p>\r\n<ul data-sourcepos=\"11:1-18:0\">\r\n<li data-sourcepos=\"11:1-11:158\"><strong>Laminoirs \u00e0 froid :<\/strong> Utilis\u00e9 pour couper les bords des bobines d&#039;acier ou d&#039;autres m\u00e9taux apr\u00e8s le processus de laminage, garantissant une largeur constante pour le traitement ult\u00e9rieur.<\/li>\r\n<li data-sourcepos=\"12:1-12:129\"><strong>Lignes de refendage :<\/strong> Utilis\u00e9 pour couper les bords des bobines m\u00e9talliques avant ou apr\u00e8s l&#039;op\u00e9ration de refendage principale en bandes plus \u00e9troites.<\/li>\r\n<li data-sourcepos=\"13:1-13:138\"><strong>Lignes de traitement de bobines :<\/strong> Int\u00e9gr\u00e9 dans des lignes qui traitent des bobines m\u00e9talliques pour diverses applications, offrant un conditionnement pr\u00e9cis des bords.<\/li>\r\n<li data-sourcepos=\"14:1-14:128\"><strong>Fabrication de tubes et de tuyaux :<\/strong> Utilis\u00e9 pour couper les bords des bandes m\u00e9talliques avant qu&#039;elles ne soient form\u00e9es et soud\u00e9es en tubes ou tuyaux.<\/li>\r\n<li data-sourcepos=\"15:1-15:139\"><strong>Industrie automobile :<\/strong> Utilis\u00e9 dans la production de panneaux de carrosserie et d&#039;autres composants m\u00e9talliques o\u00f9 une qualit\u00e9 de bord pr\u00e9cise est requise.<\/li>\r\n<li data-sourcepos=\"16:1-16:131\"><strong>Fabrication d&#039;appareils \u00e9lectrom\u00e9nagers :<\/strong> Utilis\u00e9 dans la production de t\u00f4les pour appareils \u00e9lectrom\u00e9nagers, garantissant des dimensions pr\u00e9cises et des bords nets.<\/li>\r\n<li data-sourcepos=\"17:1-18:0\"><strong>Metal Industrie de l&#039;emballage :<\/strong> Pour le traitement des t\u00f4les utilis\u00e9es dans la fabrication de canettes et autres emballages m\u00e9talliques.<\/li>\r\n<\/ul>\r\n<p data-sourcepos=\"19:1-19:192\">Dans certaines lignes de soudage en continu, les lames de cisaillement \u00e0 d\u00e9coupage lat\u00e9ral peuvent \u00e9galement assurer une fonction d&#039;encochage pour pr\u00e9parer les bords des t\u00f4les pour le soudage, garantissant ainsi une soudure solide et pr\u00e9cise.<\/p>\r\n<h3 data-sourcepos=\"21:1-21:51\">Mat\u00e9riaux courants pour les lames de cisailles \u00e0 coupe lat\u00e9rale<\/h3>\r\n<p data-sourcepos=\"23:1-23:272\">Les mat\u00e9riaux utilis\u00e9s pour la fabrication des lames de cisailles \u00e0 coupe lat\u00e9rale sont s\u00e9lectionn\u00e9s pour leur grande duret\u00e9, leur r\u00e9sistance exceptionnelle \u00e0 l&#039;usure, permettant de supporter un fonctionnement continu \u00e0 grande vitesse et le contact avec le m\u00e9tal, et leur robustesse, \u00e9vitant l&#039;\u00e9caillage et les fissures. Parmi les mat\u00e9riaux courants, on trouve\u00a0:<\/p>\r\n<ul data-sourcepos=\"25:1-29:0\">\r\n<li data-sourcepos=\"25:1-25:136\"><strong>Acier \u00e0 Haute Teneur en Carbone :<\/strong> Offre une bonne duret\u00e9 et peut \u00eatre trait\u00e9 thermiquement pour plus de durabilit\u00e9, adapt\u00e9 \u00e0 certaines applications avec des m\u00e9taux plus tendres.<\/li>\r\n<li data-sourcepos=\"26:1-26:213\"><strong>Aciers \u00e0 outils (par exemple, D2, M2, A2, SKD-11, Cr12MoV)\u00a0:<\/strong> Ils offrent un \u00e9quilibre sup\u00e9rieur entre duret\u00e9, t\u00e9nacit\u00e9 et r\u00e9sistance \u00e0 l&#039;usure, ce qui les rend adapt\u00e9s \u00e0 une large gamme de types de m\u00e9taux et d&#039;environnements de production \u00e9lev\u00e9e.<\/li>\r\n<li data-sourcepos=\"27:1-27:193\"><strong>Acier rapide (HSS) (par exemple, M2, M4, SKH-51) :<\/strong> Offre une excellente duret\u00e9 et r\u00e9sistance \u00e0 l&#039;usure, en particulier \u00e0 des temp\u00e9ratures de fonctionnement plus \u00e9lev\u00e9es, adapt\u00e9 aux applications exigeantes \u00e0 grande vitesse.<\/li>\r\n<li data-sourcepos=\"28:1-29:0\"><strong>Carbure de Tungst\u00e8ne :<\/strong> Offre un niveau de duret\u00e9 et de r\u00e9sistance \u00e0 l&#039;usure optimal, id\u00e9al pour l&#039;usinage des m\u00e9taux abrasifs et pour prolonger la dur\u00e9e de vie des lames, r\u00e9duisant ainsi les temps d&#039;arr\u00eat en fonctionnement continu. Souvent utilis\u00e9 comme inserts ou bords soud\u00e9s sur les corps en acier.<\/li>\r\n<\/ul>\r\n<p data-sourcepos=\"30:1-30:371\">Le traitement thermique visant \u00e0 obtenir une duret\u00e9 et un revenu optimaux est une \u00e9tape cruciale de la fabrication des lames de cisailles \u00e0 coupe lat\u00e9rale. Des rev\u00eatements, tels que le nitrure de chrome (CrN) ou le carbone amorphe (DLC), peuvent \u00eatre appliqu\u00e9s pour am\u00e9liorer la duret\u00e9 de surface, r\u00e9duire les frottements et augmenter la r\u00e9sistance \u00e0 l&#039;usure, notamment lors de l&#039;usinage de m\u00e9taux tr\u00e8s r\u00e9sistants ou abrasifs.<\/p>\r\n<h3 data-sourcepos=\"32:1-32:47\">Formes courantes de lames de cisailles \u00e0 coupe lat\u00e9rale<\/h3>\r\n<p data-sourcepos=\"34:1-34:143\">Les lames de cisaille \u00e0 coupe lat\u00e9rale sont g\u00e9n\u00e9ralement con\u00e7ues comme des lames droites, mais leur g\u00e9om\u00e9trie sp\u00e9cifique peut varier pour optimiser le processus de coupe :<\/p>\r\n<ul data-sourcepos=\"36:1-41:0\">\r\n<li data-sourcepos=\"36:1-36:136\"><strong>Lames droites\u00a0:<\/strong> La conception la plus courante, avec un tranchant lin\u00e9aire qui cisaille une contre-lame ou une autre lame droite.<\/li>\r\n<li data-sourcepos=\"37:1-37:203\"><strong>Lames \u00e0 bord biseaut\u00e9 :<\/strong> Le tranchant est inclin\u00e9 pour un cisaillement plus net et une r\u00e9duction de l&#039;effort de coupe. L&#039;angle de biseau est sp\u00e9cifique au type et \u00e0 l&#039;\u00e9paisseur du m\u00e9tal trait\u00e9.<\/li>\r\n<li data-sourcepos=\"38:1-38:102\"><strong>Lames \u00e0 bord carr\u00e9 :<\/strong> Lames avec un bord \u00e0 90 degr\u00e9s, souvent utilis\u00e9es dans des configurations de coupe sp\u00e9cifiques.<\/li>\r\n<li data-sourcepos=\"39:1-39:189\"><strong>Lames d&#039;encochage :<\/strong> Certaines lames de coupe lat\u00e9rales peuvent comporter des encoches ou des d\u00e9coupes profil\u00e9es le long du bord de coupe pour effectuer simultan\u00e9ment une coupe des bords et une encoche pour la pr\u00e9paration du soudage.<\/li>\r\n<li data-sourcepos=\"40:1-41:0\"><strong>Lames Segment\u00e9es :<\/strong> Dans certains cas, la lame de coupe lat\u00e9rale peut \u00eatre compos\u00e9e de plusieurs segments qui peuvent \u00eatre remplac\u00e9s individuellement, r\u00e9duisant ainsi les co\u00fbts de maintenance.<\/li>\r\n<\/ul>\r\n<p data-sourcepos=\"42:1-42:377\">Le montage des lames de cisaille \u00e0 coupe lat\u00e9rale est crucial pour la stabilit\u00e9 et un alignement pr\u00e9cis. Elles pr\u00e9sentent g\u00e9n\u00e9ralement des surfaces usin\u00e9es avec pr\u00e9cision et des trous de boulonnage pour une fixation s\u00fbre aux carters de la cisaille sur la ligne de traitement. La longueur et l&#039;\u00e9paisseur totales des lames sont d\u00e9termin\u00e9es par la largeur du mat\u00e9riau trait\u00e9 et la conception du m\u00e9canisme de cisaillement.<\/p>\r\n<p>Si vous ne trouvez pas la lame de cisaillement que vous cherchez, nous pouvons \u00e9galement la personnaliser. Consultez notre \u00ab\u00a0<span style=\"color: #ff9900;\"><a style=\"color: #ff9900;\" href=\"https:\/\/maxtormetal.com\/fr\/custom-blades\/\" target=\"_blank\" rel=\"noopener\"><em><strong>Lames Sur Mesure<\/strong><\/em><\/a>&quot;<\/span>\u00a0pour savoir comment !<span style=\"color: #ff9900;\">\u00a0<em><strong><a style=\"color: #ff9900;\" href=\"https:\/\/maxtormetal.com\/fr\/contact\/\" target=\"_blank\" rel=\"noopener\">N'h\u00e9sitez pas \u00e0 nous contacter !<\/a><\/strong><\/em><\/span><\/p>\r\n<h4><span style=\"color: #ff9900;\"><a style=\"color: #ff9900;\" href=\"https:\/\/maxtormetal.com\/fr\/brochures\/\" target=\"_blank\" rel=\"noopener\"><strong><em>Ouvrir les Brochures<\/em><\/strong><\/a><\/span><\/h4>\r\n<hr \/>\r\n<h2>Pourquoi Choisir METAL ?<\/h2>\r\n<ol>\r\n<li>\r\n<h3><strong> Service d'Importation Centralis\u00e9 et Sans Tracas<\/strong><\/h3>\r\n<\/li>\r\n<\/ol>\r\n<p>Profitez de la commodit\u00e9 d'une importation fluide. Du transport au d\u00e9douanement, nous g\u00e9rons l'ensemble du processus. Il vous suffit de payer la TVA et d'attendre l'arriv\u00e9e de vos marchandises.<\/p>\r\n<ol start=\"2\">\r\n<li>\r\n<h3><strong> Prix Comp\u00e9titifs<\/strong><\/h3>\r\n<\/li>\r\n<\/ol>\r\n<p>Nous avons vu nos lames exceller dans d'innombrables applications et sommes pr\u00eats pour tout projet que vous nous confierez. Attendez-vous \u00e0 la pr\u00e9cision, \u00e0 la durabilit\u00e9 et \u00e0 des prix comp\u00e9titifs in\u00e9gal\u00e9s.<\/p>\r\n<ol start=\"3\">\r\n<li>\r\n<h3><strong> ODM &amp; OEM Disponibles<\/strong><\/h3>\r\n<\/li>\r\n<\/ol>\r\n<p>Que vous fournissiez des dessins, des croquis ou des \u00e9chantillons, nous pouvons concevoir et fabriquer pour vous. Nous avons \u00e9galement la capacit\u00e9 d'aider \u00e0 modifier les conceptions et sp\u00e9cifications existantes pour am\u00e9liorer presque toutes les applications d'outillage industriel. Veuillez contacter notre \u00e9quipe de vente d\u00e9di\u00e9e pour discuter de vos besoins sp\u00e9cifiques.<\/p>\r\n<ol start=\"4\">\r\n<li>\r\n<h3><strong> Contr\u00f4le Qualit\u00e9 Rigoureux<\/strong><\/h3>\r\n<\/li>\r\n<\/ol>\r\n<p>Une s\u00e9rie de tests et d'inspections sont effectu\u00e9s pour contr\u00f4ler la qualit\u00e9, incluant l'inspection du premier article, l'inspection des mat\u00e9riaux entrants et les mat\u00e9riaux certifi\u00e9s, l'inspection qualit\u00e9 en cours de production, et l'inspection qualit\u00e9 finale.<\/p>\r\n<ol start=\"5\">\r\n<li>\r\n<h3><strong> Approvisionnement Flexible, Coop\u00e9ration Illimit\u00e9e<\/strong><\/h3>\r\n<\/li>\r\n<\/ol>\r\n<p>Que vous soyez un importateur, un distributeur, un grossiste ou un utilisateur final, nous vous accueillons. B\u00e9n\u00e9ficiez de faibles quantit\u00e9s minimales de commande (MOQ), de demandes sans tracas et d'une plus grande libert\u00e9 d'achat.<\/p>\r\n<ol start=\"6\">\r\n<li>\r\n<h3><strong> Suivi en Temps R\u00e9el de l'Avancement de la Production<\/strong><\/h3>\r\n<\/li>\r\n<\/ol>\r\n<p>Consid\u00e9rez-nous comme votre moniteur exclusif. Nous vous fournirons r\u00e9guli\u00e8rement des mises \u00e0 jour sur chaque \u00e9tape cruciale de votre cha\u00eene de production. Quelle que soit la distance, vous aurez un aper\u00e7u en temps r\u00e9el de l'avancement de votre produit.<\/p>\r\n<p>&nbsp;<\/p>","protected":false},"excerpt":{"rendered":"<p>What do Side Clipping Shear Blades Mean? &#8220;Side Clipping Shear Blades&#8221; are specialized cutting tools used in industrial applications, particularly in metalworking and continuous processing lines like cold rolling mills. Their primary function is to trim the edges (sides) of metal sheets or coils as they move through the production line. This process, known as [&hellip;]<\/p>","protected":false},"featured_media":3165,"template":"","meta":[],"product_cat":[110,114,98,113],"product_tag":[391],"yoast_head":"<!-- This site is optimized with the Yoast SEO Premium plugin v23.6 (Yoast SEO v23.6) - https:\/\/yoast.com\/wordpress\/plugins\/seo\/ -->\n<title>Side clipping shear blades - Metal Industrial, Industrial Blade Manufacturer, Cutting Knives and blades, Machine Knives and blades supplier, Custom Blades solution<\/title>\n<meta name=\"description\" content=\"Discover high-precision Side Clipping Shear Blades for clean and accurate edge trimming of metal coils and sheets. Ensure consistent width and quality edges in your continuous processing lines!\" \/>\n<meta name=\"robots\" content=\"index, follow, max-snippet:-1, max-image-preview:large, max-video-preview:-1\" \/>\n<link rel=\"canonical\" href=\"https:\/\/maxtormetal.com\/fr\/produit\/lames-de-cisaillement-lateral\/\" \/>\n<meta property=\"og:locale\" content=\"fr_FR\" \/>\n<meta property=\"og:type\" content=\"article\" \/>\n<meta property=\"og:title\" content=\"Side clipping shear blades\" \/>\n<meta property=\"og:description\" content=\"Discover high-precision Side Clipping Shear Blades for clean and accurate edge trimming of metal coils and sheets. Ensure consistent width and quality edges in your continuous processing lines!\" \/>\n<meta property=\"og:url\" content=\"https:\/\/maxtormetal.com\/fr\/produit\/lames-de-cisaillement-lateral\/\" \/>\n<meta property=\"og:site_name\" content=\"Metal Industrial, Industrial Blade Manufacturer, Cutting Knives and blades, Machine Knives and blades supplier, Custom Blades solution\" \/>\n<meta property=\"article:publisher\" content=\"https:\/\/www.facebook.com\/mengli.tang.3\" \/>\n<meta property=\"article:modified_time\" content=\"2025-05-31T15:49:11+00:00\" \/>\n<meta property=\"og:image\" content=\"https:\/\/maxtormetal.com\/wp-content\/uploads\/2023\/10\/Thick-metal-plate-shearing-blades-main1.jpg\" \/>\n\t<meta property=\"og:image:width\" content=\"800\" \/>\n\t<meta property=\"og:image:height\" content=\"800\" \/>\n\t<meta property=\"og:image:type\" content=\"image\/jpeg\" \/>\n<meta name=\"twitter:card\" content=\"summary_large_image\" \/>\n<meta name=\"twitter:site\" content=\"@MengliT13570\" \/>\n<script type=\"application\/ld+json\" class=\"yoast-schema-graph\">{\"@context\":\"https:\/\/schema.org\",\"@graph\":[{\"@type\":[\"WebPage\",\"ItemPage\"],\"@id\":\"https:\/\/maxtormetal.com\/product\/side-clipping-shear-blades\/\",\"url\":\"https:\/\/maxtormetal.com\/product\/side-clipping-shear-blades\/\",\"name\":\"Side clipping shear blades - Metal Industrial, Industrial Blade Manufacturer, Cutting Knives and blades, Machine Knives and blades supplier, Custom Blades solution\",\"isPartOf\":{\"@id\":\"https:\/\/maxtormetal.com\/fr\/#website\"},\"primaryImageOfPage\":{\"@id\":\"https:\/\/maxtormetal.com\/product\/side-clipping-shear-blades\/#primaryimage\"},\"image\":{\"@id\":\"https:\/\/maxtormetal.com\/product\/side-clipping-shear-blades\/#primaryimage\"},\"thumbnailUrl\":\"https:\/\/maxtormetal.com\/wp-content\/uploads\/2023\/10\/Thick-metal-plate-shearing-blades-main1.jpg\",\"datePublished\":\"2023-10-07T02:31:32+00:00\",\"dateModified\":\"2025-05-31T15:49:11+00:00\",\"description\":\"Discover high-precision Side Clipping Shear Blades for clean and accurate edge trimming of metal coils and sheets. Ensure consistent width and quality edges in your continuous processing lines!\",\"breadcrumb\":{\"@id\":\"https:\/\/maxtormetal.com\/product\/side-clipping-shear-blades\/#breadcrumb\"},\"inLanguage\":\"fr-FR\",\"potentialAction\":[{\"@type\":\"ReadAction\",\"target\":[\"https:\/\/maxtormetal.com\/product\/side-clipping-shear-blades\/\"]}]},{\"@type\":\"ImageObject\",\"inLanguage\":\"fr-FR\",\"@id\":\"https:\/\/maxtormetal.com\/product\/side-clipping-shear-blades\/#primaryimage\",\"url\":\"https:\/\/maxtormetal.com\/wp-content\/uploads\/2023\/10\/Thick-metal-plate-shearing-blades-main1.jpg\",\"contentUrl\":\"https:\/\/maxtormetal.com\/wp-content\/uploads\/2023\/10\/Thick-metal-plate-shearing-blades-main1.jpg\",\"width\":800,\"height\":800,\"caption\":\"Side Clipping Shear Blades\"},{\"@type\":\"BreadcrumbList\",\"@id\":\"https:\/\/maxtormetal.com\/product\/side-clipping-shear-blades\/#breadcrumb\",\"itemListElement\":[{\"@type\":\"ListItem\",\"position\":1,\"name\":\"Home\",\"item\":\"https:\/\/maxtormetal.com\/\"},{\"@type\":\"ListItem\",\"position\":2,\"name\":\"Products\",\"item\":\"https:\/\/maxtormetal.com\/products\/\"},{\"@type\":\"ListItem\",\"position\":3,\"name\":\"Side clipping shear blades\"}]},{\"@type\":\"WebSite\",\"@id\":\"https:\/\/maxtormetal.com\/fr\/#website\",\"url\":\"https:\/\/maxtormetal.com\/fr\/\",\"name\":\"Metal Industrial, Industrial Blade Manufacturer, Cutting Knives and blades, Machine Knives and blades supplier, Custom Blades solution\",\"description\":\"Mechanical blades and knives supplier for all machines made by China\",\"publisher\":{\"@id\":\"https:\/\/maxtormetal.com\/fr\/#organization\"},\"potentialAction\":[{\"@type\":\"SearchAction\",\"target\":{\"@type\":\"EntryPoint\",\"urlTemplate\":\"https:\/\/maxtormetal.com\/fr\/?s={search_term_string}\"},\"query-input\":{\"@type\":\"PropertyValueSpecification\",\"valueRequired\":true,\"valueName\":\"search_term_string\"}}],\"inLanguage\":\"fr-FR\"},{\"@type\":[\"Organization\",\"Place\"],\"@id\":\"https:\/\/maxtormetal.com\/fr\/#organization\",\"name\":\"Nanjing Metal Industrial CO., Limited\",\"alternateName\":\"Metal Industrial\",\"url\":\"https:\/\/maxtormetal.com\/fr\/\",\"logo\":{\"@id\":\"https:\/\/maxtormetal.com\/product\/side-clipping-shear-blades\/#local-main-organization-logo\"},\"image\":{\"@id\":\"https:\/\/maxtormetal.com\/product\/side-clipping-shear-blades\/#local-main-organization-logo\"},\"sameAs\":[\"https:\/\/www.facebook.com\/mengli.tang.3\",\"https:\/\/x.com\/MengliT13570\",\"https:\/\/www.linkedin.com\/in\/metalindustrial\/\"],\"description\":\"NanjingMetal is specialized in manufacturing and supplying industrial blades and knives, and its main business is to provide customers with customized industrial blades to meet their specific needs. With an experienced design and production team, we utilize the supply chain advantage in China to provide customers with competitive high quality industrial blades and knives.\",\"legalName\":\"Nanjing Metal Industrial CO., Limited\",\"foundingDate\":\"2006-02-18\",\"numberOfEmployees\":{\"@type\":\"QuantitativeValue\",\"minValue\":\"11\",\"maxValue\":\"50\"},\"telephone\":[],\"openingHoursSpecification\":[{\"@type\":\"OpeningHoursSpecification\",\"dayOfWeek\":[\"Monday\",\"Tuesday\",\"Wednesday\",\"Thursday\",\"Friday\",\"Saturday\",\"Sunday\"],\"opens\":\"09:00\",\"closes\":\"17:00\"}]},{\"@type\":\"ImageObject\",\"inLanguage\":\"fr-FR\",\"@id\":\"https:\/\/maxtormetal.com\/product\/side-clipping-shear-blades\/#local-main-organization-logo\",\"url\":\"https:\/\/maxtormetal.com\/wp-content\/uploads\/2023\/08\/cropped-cropped-logo-\u526f\u672c-\u526f\u672c-e1693303172756-1.png\",\"contentUrl\":\"https:\/\/maxtormetal.com\/wp-content\/uploads\/2023\/08\/cropped-cropped-logo-\u526f\u672c-\u526f\u672c-e1693303172756-1.png\",\"width\":441,\"height\":132,\"caption\":\"Nanjing Metal Industrial CO., Limited\"}]}<\/script>\n<!-- \/ Yoast SEO Premium plugin. -->","yoast_head_json":{"title":"Side clipping shear blades - Metal Industrial, Industrial Blade Manufacturer, Cutting Knives and blades, Machine Knives and blades supplier, Custom Blades solution","description":"Discover high-precision Side Clipping Shear Blades for clean and accurate edge trimming of metal coils and sheets. Ensure consistent width and quality edges in your continuous processing lines!","robots":{"index":"index","follow":"follow","max-snippet":"max-snippet:-1","max-image-preview":"max-image-preview:large","max-video-preview":"max-video-preview:-1"},"canonical":"https:\/\/maxtormetal.com\/fr\/produit\/lames-de-cisaillement-lateral\/","og_locale":"fr_FR","og_type":"article","og_title":"Side clipping shear blades","og_description":"Discover high-precision Side Clipping Shear Blades for clean and accurate edge trimming of metal coils and sheets. Ensure consistent width and quality edges in your continuous processing lines!","og_url":"https:\/\/maxtormetal.com\/fr\/produit\/lames-de-cisaillement-lateral\/","og_site_name":"Metal Industrial, Industrial Blade Manufacturer, Cutting Knives and blades, Machine Knives and blades supplier, Custom Blades solution","article_publisher":"https:\/\/www.facebook.com\/mengli.tang.3","article_modified_time":"2025-05-31T15:49:11+00:00","og_image":[{"width":800,"height":800,"url":"https:\/\/maxtormetal.com\/wp-content\/uploads\/2023\/10\/Thick-metal-plate-shearing-blades-main1.jpg","type":"image\/jpeg"}],"twitter_card":"summary_large_image","twitter_site":"@MengliT13570","schema":{"@context":"https:\/\/schema.org","@graph":[{"@type":["WebPage","ItemPage"],"@id":"https:\/\/maxtormetal.com\/product\/side-clipping-shear-blades\/","url":"https:\/\/maxtormetal.com\/product\/side-clipping-shear-blades\/","name":"Side clipping shear blades - Metal Industrial, Industrial Blade Manufacturer, Cutting Knives and blades, Machine Knives and blades supplier, Custom Blades solution","isPartOf":{"@id":"https:\/\/maxtormetal.com\/fr\/#website"},"primaryImageOfPage":{"@id":"https:\/\/maxtormetal.com\/product\/side-clipping-shear-blades\/#primaryimage"},"image":{"@id":"https:\/\/maxtormetal.com\/product\/side-clipping-shear-blades\/#primaryimage"},"thumbnailUrl":"https:\/\/maxtormetal.com\/wp-content\/uploads\/2023\/10\/Thick-metal-plate-shearing-blades-main1.jpg","datePublished":"2023-10-07T02:31:32+00:00","dateModified":"2025-05-31T15:49:11+00:00","description":"Discover high-precision Side Clipping Shear Blades for clean and accurate edge trimming of metal coils and sheets. Ensure consistent width and quality edges in your continuous processing lines!","breadcrumb":{"@id":"https:\/\/maxtormetal.com\/product\/side-clipping-shear-blades\/#breadcrumb"},"inLanguage":"fr-FR","potentialAction":[{"@type":"ReadAction","target":["https:\/\/maxtormetal.com\/product\/side-clipping-shear-blades\/"]}]},{"@type":"ImageObject","inLanguage":"fr-FR","@id":"https:\/\/maxtormetal.com\/product\/side-clipping-shear-blades\/#primaryimage","url":"https:\/\/maxtormetal.com\/wp-content\/uploads\/2023\/10\/Thick-metal-plate-shearing-blades-main1.jpg","contentUrl":"https:\/\/maxtormetal.com\/wp-content\/uploads\/2023\/10\/Thick-metal-plate-shearing-blades-main1.jpg","width":800,"height":800,"caption":"Side Clipping Shear Blades"},{"@type":"BreadcrumbList","@id":"https:\/\/maxtormetal.com\/product\/side-clipping-shear-blades\/#breadcrumb","itemListElement":[{"@type":"ListItem","position":1,"name":"Home","item":"https:\/\/maxtormetal.com\/"},{"@type":"ListItem","position":2,"name":"Products","item":"https:\/\/maxtormetal.com\/products\/"},{"@type":"ListItem","position":3,"name":"Side clipping shear blades"}]},{"@type":"WebSite","@id":"https:\/\/maxtormetal.com\/fr\/#website","url":"https:\/\/maxtormetal.com\/fr\/","name":"Metal Industrial, Industrial Blade Manufacturer, Cutting Knives and blades, Machine Knives and blades supplier, Custom Blades solution","description":"Mechanical blades and knives supplier for all machines made by China","publisher":{"@id":"https:\/\/maxtormetal.com\/fr\/#organization"},"potentialAction":[{"@type":"SearchAction","target":{"@type":"EntryPoint","urlTemplate":"https:\/\/maxtormetal.com\/fr\/?s={search_term_string}"},"query-input":{"@type":"PropertyValueSpecification","valueRequired":true,"valueName":"search_term_string"}}],"inLanguage":"fr-FR"},{"@type":["Organization","Place"],"@id":"https:\/\/maxtormetal.com\/fr\/#organization","name":"Nanjing Metal Industrial CO., Limited","alternateName":"Metal Industrial","url":"https:\/\/maxtormetal.com\/fr\/","logo":{"@id":"https:\/\/maxtormetal.com\/product\/side-clipping-shear-blades\/#local-main-organization-logo"},"image":{"@id":"https:\/\/maxtormetal.com\/product\/side-clipping-shear-blades\/#local-main-organization-logo"},"sameAs":["https:\/\/www.facebook.com\/mengli.tang.3","https:\/\/x.com\/MengliT13570","https:\/\/www.linkedin.com\/in\/metalindustrial\/"],"description":"NanjingMetal is specialized in manufacturing and supplying industrial blades and knives, and its main business is to provide customers with customized industrial blades to meet their specific needs. With an experienced design and production team, we utilize the supply chain advantage in China to provide customers with competitive high quality industrial blades and knives.","legalName":"Nanjing Metal Industrial CO., Limited","foundingDate":"2006-02-18","numberOfEmployees":{"@type":"QuantitativeValue","minValue":"11","maxValue":"50"},"telephone":[],"openingHoursSpecification":[{"@type":"OpeningHoursSpecification","dayOfWeek":["Monday","Tuesday","Wednesday","Thursday","Friday","Saturday","Sunday"],"opens":"09:00","closes":"17:00"}]},{"@type":"ImageObject","inLanguage":"fr-FR","@id":"https:\/\/maxtormetal.com\/product\/side-clipping-shear-blades\/#local-main-organization-logo","url":"https:\/\/maxtormetal.com\/wp-content\/uploads\/2023\/08\/cropped-cropped-logo-\u526f\u672c-\u526f\u672c-e1693303172756-1.png","contentUrl":"https:\/\/maxtormetal.com\/wp-content\/uploads\/2023\/08\/cropped-cropped-logo-\u526f\u672c-\u526f\u672c-e1693303172756-1.png","width":441,"height":132,"caption":"Nanjing Metal Industrial CO., Limited"}]}},"_links":{"self":[{"href":"https:\/\/maxtormetal.com\/fr\/wp-json\/wp\/v2\/product\/3160"}],"collection":[{"href":"https:\/\/maxtormetal.com\/fr\/wp-json\/wp\/v2\/product"}],"about":[{"href":"https:\/\/maxtormetal.com\/fr\/wp-json\/wp\/v2\/types\/product"}],"wp:featuredmedia":[{"embeddable":true,"href":"https:\/\/maxtormetal.com\/fr\/wp-json\/wp\/v2\/media\/3165"}],"wp:attachment":[{"href":"https:\/\/maxtormetal.com\/fr\/wp-json\/wp\/v2\/media?parent=3160"}],"wp:term":[{"taxonomy":"product_cat","embeddable":true,"href":"https:\/\/maxtormetal.com\/fr\/wp-json\/wp\/v2\/product_cat?post=3160"},{"taxonomy":"product_tag","embeddable":true,"href":"https:\/\/maxtormetal.com\/fr\/wp-json\/wp\/v2\/product_tag?post=3160"}],"curies":[{"name":"wp","href":"https:\/\/api.w.org\/{rel}","templated":true}]}}