{"id":3190,"date":"2023-10-07T10:48:40","date_gmt":"2023-10-07T02:48:40","guid":{"rendered":"https:\/\/maxtormetal.com\/?post_type=product&#038;p=3190"},"modified":"2025-05-29T13:35:20","modified_gmt":"2025-05-29T05:35:20","slug":"couteau-granulateur-plastique","status":"publish","type":"product","link":"https:\/\/maxtormetal.com\/fr\/produit\/couteau-granulateur-plastique\/","title":{"rendered":"Couteau de Granulateur Plastique"},"content":{"rendered":"<h2 data-sourcepos=\"1:1-1:43\">Que signifie couteau \u00e0 granuler en plastique ?<\/h2>\r\n<p data-sourcepos=\"3:1-3:592\">Un couteau de granulation de plastique, \u00e9galement appel\u00e9 couteau granulateur ou lame de granulation, est un outil de coupe de pr\u00e9cision utilis\u00e9 dans une machine de granulation de plastique. Ces machines transforment de gros morceaux de plastique, tels que des brins extrud\u00e9s ou des paillettes trait\u00e9es, en petites granul\u00e9s ou granules uniformes. Un couteau de granulation de plastique fonctionne en conjonction avec d&#039;autres couteaux (souvent fixes, appel\u00e9s couteaux stator) pour cisailler le plastique \u00e0 la taille et \u00e0 la forme souhait\u00e9es. Le terme \u00ab\u00a0couteau de granulation de plastique\u00a0\u00bb d\u00e9signe g\u00e9n\u00e9ralement les lames rotatives du rotor de la granulation.<\/p>\r\n<h2 data-sourcepos=\"5:1-5:53\">Utilisations et applications des couteaux de granulation en plastique<\/h2>\r\n<p data-sourcepos=\"7:1-7:162\">Les couteaux de granulation de plastique sont essentiels \u00e0 la production de r\u00e9sines plastiques vierges et au recyclage des mati\u00e8res plastiques. Leurs principales applications comprennent\u00a0:<\/p>\r\n<ul data-sourcepos=\"9:1-15:0\">\r\n<li data-sourcepos=\"9:1-9:193\"><strong>Production de r\u00e9sine vierge :<\/strong> D\u00e9coupe de brins continus de plastique fondu \u00e0 leur sortie d&#039;une matrice d&#039;extrudeuse en granul\u00e9s uniformes, qui servent de mati\u00e8re premi\u00e8re pour la fabrication de produits en plastique.<\/li>\r\n<li data-sourcepos=\"10:1-10:172\"><strong>Recyclage du plastique :<\/strong> R\u00e9duction des flocons de plastique lav\u00e9s et trait\u00e9s ou des mat\u00e9riaux d\u00e9chiquet\u00e9s en granul\u00e9s homog\u00e8nes qui peuvent \u00eatre r\u00e9introduits dans le processus de fabrication.<\/li>\r\n<li data-sourcepos=\"11:1-11:130\"><strong>Composition :<\/strong> D\u00e9coupe de brins extrud\u00e9s de compos\u00e9s plastiques (m\u00e9langes de r\u00e9sine avec additifs, colorants, etc.) en granul\u00e9s.<\/li>\r\n<li data-sourcepos=\"12:1-12:138\"><strong>Production de m\u00e9langes ma\u00eetres :<\/strong> Cr\u00e9ation de granul\u00e9s de couleurs concentr\u00e9es ou de m\u00e9langes d&#039;additifs pour un m\u00e9lange facile et pr\u00e9cis avec des r\u00e9sines de base.<\/li>\r\n<li data-sourcepos=\"13:1-13:209\"><strong>Granulation sous-marine :<\/strong> Des couteaux de granulation de plastique sp\u00e9cialis\u00e9s sont utilis\u00e9s dans les syst\u00e8mes de granulation sous-marins pour couper le plastique fondu directement \u00e0 sa sortie de la matrice sous l&#039;eau, ce qui donne des granul\u00e9s sph\u00e9riques.<\/li>\r\n<li data-sourcepos=\"14:1-15:0\"><strong>Laboratoire et usines pilotes :<\/strong> Granulation \u00e0 petite \u00e9chelle pour la recherche et le d\u00e9veloppement de nouvelles formulations plastiques.<\/li>\r\n<\/ul>\r\n<h2 data-sourcepos=\"16:1-16:49\">Mat\u00e9riaux courants pour les couteaux de granulateurs en plastique<\/h2>\r\n<p data-sourcepos=\"18:1-18:234\">Les mat\u00e9riaux utilis\u00e9s pour les couteaux des granulateurs de plastique doivent \u00eatre tr\u00e8s r\u00e9sistants \u00e0 l&#039;usure pour supporter la d\u00e9coupe continue de divers types de plastique, qui peuvent parfois contenir des charges ou des renforts abrasifs. Parmi les mat\u00e9riaux courants, on trouve\u00a0:<\/p>\r\n<ul data-sourcepos=\"20:1-24:0\">\r\n<li data-sourcepos=\"20:1-20:221\"><strong>Acier \u00e0 outils (par exemple, D2, A8, M2) :<\/strong> Offre un bon \u00e9quilibre entre duret\u00e9, t\u00e9nacit\u00e9 et r\u00e9sistance \u00e0 l&#039;usure, et convient \u00e0 la transformation d&#039;une large gamme de plastiques. L&#039;acier D2 est particuli\u00e8rement appr\u00e9ci\u00e9 pour ses excellentes propri\u00e9t\u00e9s d&#039;usure.<\/li>\r\n<li data-sourcepos=\"21:1-21:172\"><strong>Acier rapide (HSS) (par exemple, M2, M42) :<\/strong> Offre une bonne r\u00e9sistance \u00e0 l&#039;usure et peut maintenir la nettet\u00e9 \u00e0 des vitesses de fonctionnement plus \u00e9lev\u00e9es, adapt\u00e9 \u00e0 la granulation \u00e0 haut d\u00e9bit.<\/li>\r\n<li data-sourcepos=\"22:1-22:318\"><strong>Couteaux \u00e0 pointe en carbure :<\/strong> Dot\u00e9s d&#039;inserts en carbure de tungst\u00e8ne bras\u00e9s sur un corps en acier au niveau du tranchant, ces couteaux offrent une duret\u00e9 et une r\u00e9sistance \u00e0 l&#039;usure exceptionnelles, ce qui les rend id\u00e9aux pour le traitement des plastiques abrasifs, des polym\u00e8res charg\u00e9s et des mat\u00e9riaux renforc\u00e9s de fibre de verre, prolongeant ainsi consid\u00e9rablement leur dur\u00e9e de vie.<\/li>\r\n<li data-sourcepos=\"23:1-24:0\"><strong>Aciers en poudre Metallurgy (par exemple, CPM M4, CPM 10V) :<\/strong> Ils offrent une r\u00e9sistance \u00e0 l&#039;usure et une t\u00e9nacit\u00e9 sup\u00e9rieures \u00e0 celles des aciers \u00e0 outils conventionnels en raison de leur microstructure uniforme, ce qui les rend adapt\u00e9s aux applications de granulation exigeantes.<\/li>\r\n<\/ul>\r\n<p data-sourcepos=\"25:1-25:389\">La duret\u00e9 des couteaux de granulation de plastique varie g\u00e9n\u00e9ralement de 52 \u00e0 65 HRC, selon le mat\u00e9riau et le plastique trait\u00e9. Un traitement thermique appropri\u00e9 est essentiel pour obtenir un \u00e9quilibre optimal entre duret\u00e9 et t\u00e9nacit\u00e9. Des rev\u00eatements tels que le nitrure de titane (TiN) ou le chrome peuvent \u00eatre appliqu\u00e9s pour am\u00e9liorer la duret\u00e9 de surface, r\u00e9duire les frottements et am\u00e9liorer la r\u00e9sistance \u00e0 la corrosion.<\/p>\r\n<h2 data-sourcepos=\"27:1-27:41\">Formes courantes de couteaux de granulateurs en plastique<\/h2>\r\n<p data-sourcepos=\"29:1-29:168\">Les couteaux de granulation de plastique sont g\u00e9n\u00e9ralement mont\u00e9s sur un rotor rotatif et fonctionnent conjointement avec des couteaux de stator fixes. Les formes et configurations courantes incluent\u00a0:<\/p>\r\n<ul data-sourcepos=\"31:1-36:0\">\r\n<li data-sourcepos=\"31:1-31:234\"><strong>Couteaux droits :<\/strong> Ce sont les plus courants, dot\u00e9s d&#039;un tranchant droit qui cisaille les couteaux du stator. Ils sont disponibles en diff\u00e9rentes longueurs et \u00e9paisseurs selon la taille de la granuleuse et les exigences de d\u00e9bit.<\/li>\r\n<li data-sourcepos=\"32:1-32:187\"><strong>Couteaux inclin\u00e9s ou h\u00e9lico\u00efdaux :<\/strong> Ces couteaux sont dispos\u00e9s en angle ou en spirale sur le rotor pour fournir une action de coupe semblable \u00e0 celle des ciseaux, ce qui peut am\u00e9liorer l&#039;efficacit\u00e9 de la coupe et r\u00e9duire le bruit.<\/li>\r\n<li data-sourcepos=\"33:1-33:147\"><strong>Couteaux en forme de V :<\/strong> Certains couteaux de rotor ont un tranchant en forme de V pour cr\u00e9er des formes de granul\u00e9s sp\u00e9cifiques ou am\u00e9liorer la coupe de certains mat\u00e9riaux.<\/li>\r\n<li data-sourcepos=\"34:1-34:170\"><strong>Couteaux crant\u00e9s :<\/strong> Ces couteaux ont des encoches le long du tranchant, ce qui peut aider \u00e0 briser les brins de plastique plus efficacement ou \u00e0 cr\u00e9er des dimensions de granul\u00e9s sp\u00e9cifiques.<\/li>\r\n<li data-sourcepos=\"35:1-36:0\"><strong>Couteaux \u00e0 mouches (pour granulateurs \u00e0 matrice) :<\/strong> Il s&#039;agit de petits couteaux rotatifs mont\u00e9s directement sur la face de la matrice dans les syst\u00e8mes de granulation. Leur tranchant est radial ou l\u00e9g\u00e8rement inclin\u00e9 pour couper le plastique fondu \u00e0 sa sortie des orifices de la matrice.<\/li>\r\n<\/ul>\r\n<p data-sourcepos=\"37:1-37:687\">Le principe de fonctionnement repose sur le passage des couteaux rotatifs du granulateur de plastique, situ\u00e9s sur le rotor, \u00e0 proximit\u00e9 des couteaux fixes du stator. L&#039;espace \u00e9troit entre ces couteaux cr\u00e9e un cisaillement qui d\u00e9coupe les brins continus de plastique en granul\u00e9s. Lors de la granulation en face de la matrice, les couteaux volants tournent rapidement sur la face de la matrice, coupant le plastique fondu qui en sort. La taille et la forme des granul\u00e9s sont d\u00e9termin\u00e9es par la vitesse de rotation, le d\u00e9bit d&#039;alimentation en plastique, le nombre de couteaux et la g\u00e9om\u00e9trie des ar\u00eates de coupe. Un alignement pr\u00e9cis et des ar\u00eates vives sont essentiels pour produire des granul\u00e9s uniformes et nets et maximiser la dur\u00e9e de vie des couteaux du granulateur de plastique.<\/p>\r\n<p>Si vous ne trouvez pas la lame que vous recherchez, nous pouvons \u00e9galement la personnaliser. Consultez notre section <span style=\"color: #ff9900;\">\u00ab<a style=\"color: #ff9900;\" href=\"https:\/\/maxtormetal.com\/fr\/custom-blades\/\" target=\"_blank\" rel=\"noopener\"><em><strong>Lames Sur Mesure<\/strong><\/em><\/a>&quot;<\/span> pour savoir comment !\u00a0<span style=\"color: #ff9900;\"><em><strong><a style=\"color: #ff9900;\" href=\"https:\/\/maxtormetal.com\/fr\/contact\/\" target=\"_blank\" rel=\"noopener\">N'h\u00e9sitez pas \u00e0 nous contacter !<\/a><\/strong><\/em><\/span><\/p>\r\n<h4><a href=\"https:\/\/maxtormetal.com\/fr\/brochures\/\" target=\"_blank\" rel=\"noopener\"><strong><em><span style=\"color: #ff9900;\">Ouvrir les Brochures<\/span><\/em><\/strong><\/a><\/h4>\r\n<hr \/>\r\n<h2>Pourquoi Choisir METAL ?<\/h2>\r\n<ol>\r\n<li>\r\n<h3><strong> Service d'Importation Centralis\u00e9 et Sans Tracas<\/strong><\/h3>\r\n<\/li>\r\n<\/ol>\r\n<p>Profitez de la commodit\u00e9 d'une importation fluide. Du transport au d\u00e9douanement, nous g\u00e9rons l'ensemble du processus. Il vous suffit de payer la TVA et d'attendre l'arriv\u00e9e de vos marchandises.<\/p>\r\n<ol start=\"2\">\r\n<li>\r\n<h3><strong> Prix Comp\u00e9titifs<\/strong><\/h3>\r\n<\/li>\r\n<\/ol>\r\n<p>Nous avons vu nos lames exceller dans d'innombrables applications et sommes pr\u00eats pour tout projet que vous nous confierez. Attendez-vous \u00e0 la pr\u00e9cision, \u00e0 la durabilit\u00e9 et \u00e0 des prix comp\u00e9titifs in\u00e9gal\u00e9s.<\/p>\r\n<ol start=\"3\">\r\n<li>\r\n<h3><strong> ODM &amp; OEM Disponibles<\/strong><\/h3>\r\n<\/li>\r\n<\/ol>\r\n<p>Que vous fournissiez des dessins, des croquis ou des \u00e9chantillons, nous pouvons concevoir et fabriquer pour vous. Nous avons \u00e9galement la capacit\u00e9 d'aider \u00e0 modifier les conceptions et sp\u00e9cifications existantes pour am\u00e9liorer presque toutes les applications d'outillage industriel. Veuillez contacter notre \u00e9quipe de vente d\u00e9di\u00e9e pour discuter de vos besoins sp\u00e9cifiques.<\/p>\r\n<ol start=\"4\">\r\n<li>\r\n<h3><strong> Contr\u00f4le Qualit\u00e9 Rigoureux<\/strong><\/h3>\r\n<\/li>\r\n<\/ol>\r\n<p>Une s\u00e9rie de tests et d'inspections sont effectu\u00e9s pour contr\u00f4ler la qualit\u00e9, incluant l'inspection du premier article, l'inspection des mat\u00e9riaux entrants et les mat\u00e9riaux certifi\u00e9s, l'inspection qualit\u00e9 en cours de production, et l'inspection qualit\u00e9 finale.<\/p>\r\n<ol start=\"5\">\r\n<li>\r\n<h3><strong> Approvisionnement Flexible, Coop\u00e9ration Illimit\u00e9e<\/strong><\/h3>\r\n<\/li>\r\n<\/ol>\r\n<p>Que vous soyez un importateur, un distributeur, un grossiste ou un utilisateur final, nous vous accueillons. B\u00e9n\u00e9ficiez de faibles quantit\u00e9s minimales de commande (MOQ), de demandes sans tracas et d'une plus grande libert\u00e9 d'achat.<\/p>\r\n<ol start=\"6\">\r\n<li>\r\n<h3><strong> Suivi en Temps R\u00e9el de l'Avancement de la Production<\/strong><\/h3>\r\n<\/li>\r\n<\/ol>\r\n<p>Consid\u00e9rez-nous comme votre moniteur exclusif. Nous vous fournirons r\u00e9guli\u00e8rement des mises \u00e0 jour sur chaque \u00e9tape cruciale de votre cha\u00eene de production. Quelle que soit la distance, vous aurez un aper\u00e7u en temps r\u00e9el de l'avancement de votre produit.<\/p>\r\n<hr \/>\r\n<p><iframe loading=\"lazy\" title=\"Lames de coupe de granulateur en plastique, lames de granulation pour machine de broyeur de plastique\" width=\"800\" height=\"600\" src=\"https:\/\/www.youtube.com\/embed\/bxHYxlCiqI0?feature=oembed&#038;enablejsapi=1&#038;origin=https:\/\/maxtormetal.com\" frameborder=\"0\" allow=\"accelerometer; autoplay; clipboard-write; encrypted-media; gyroscope; picture-in-picture; web-share\" referrerpolicy=\"strict-origin-when-cross-origin\" allowfullscreen><\/iframe><\/p>","protected":false},"excerpt":{"rendered":"<p>What does Plastic Pelletizer Knife Mean? A plastic pelletizer knife, also known as a granulator knife or pelletizing blade, is a precision cutting tool used in a plastic pelletizing machine. These machines convert larger pieces of plastic, such as extruded strands or processed flakes, into small, uniform pellets or granules. A plastic pelletizer knife works [&hellip;]<\/p>","protected":false},"featured_media":3195,"template":"","meta":[],"product_cat":[114,101,102,104],"product_tag":[385],"yoast_head":"<!-- This site is optimized with the Yoast SEO Premium plugin v23.6 (Yoast SEO v23.6) - https:\/\/yoast.com\/wordpress\/plugins\/seo\/ -->\n<title>Plastic Pelletizer Knife<\/title>\n<meta name=\"description\" content=\"Explore our high-quality plastic pelletizer knives and granulator blades for efficient plastic pellet production in recycling manufacturing.\" \/>\n<meta name=\"robots\" content=\"index, follow, max-snippet:-1, max-image-preview:large, max-video-preview:-1\" \/>\n<link rel=\"canonical\" href=\"https:\/\/maxtormetal.com\/fr\/produit\/couteau-granulateur-plastique\/\" \/>\n<meta property=\"og:locale\" content=\"fr_FR\" \/>\n<meta property=\"og:type\" content=\"article\" \/>\n<meta property=\"og:title\" content=\"Plastic Pelletizer Knife\" \/>\n<meta property=\"og:description\" content=\"Explore our high-quality plastic pelletizer knives and granulator blades for efficient plastic pellet production in recycling manufacturing.\" \/>\n<meta property=\"og:url\" content=\"https:\/\/maxtormetal.com\/fr\/produit\/couteau-granulateur-plastique\/\" \/>\n<meta property=\"og:site_name\" content=\"Metal Industrial, Industrial Blade Manufacturer, Cutting Knives and blades, Machine Knives and blades supplier, Custom Blades solution\" \/>\n<meta property=\"article:publisher\" content=\"https:\/\/www.facebook.com\/mengli.tang.3\" \/>\n<meta property=\"article:modified_time\" content=\"2025-05-29T05:35:20+00:00\" \/>\n<meta property=\"og:image\" content=\"https:\/\/maxtormetal.com\/wp-content\/uploads\/2023\/10\/Plastic-pelletizer-knife-main1.jpg\" \/>\n\t<meta property=\"og:image:width\" content=\"800\" \/>\n\t<meta property=\"og:image:height\" content=\"800\" \/>\n\t<meta property=\"og:image:type\" content=\"image\/jpeg\" \/>\n<meta name=\"twitter:card\" content=\"summary_large_image\" \/>\n<meta name=\"twitter:site\" content=\"@MengliT13570\" \/>\n<script type=\"application\/ld+json\" class=\"yoast-schema-graph\">{\"@context\":\"https:\/\/schema.org\",\"@graph\":[{\"@type\":[\"WebPage\",\"ItemPage\"],\"@id\":\"https:\/\/maxtormetal.com\/product\/plastic-pelletizer-knife\/\",\"url\":\"https:\/\/maxtormetal.com\/product\/plastic-pelletizer-knife\/\",\"name\":\"Plastic Pelletizer Knife\",\"isPartOf\":{\"@id\":\"https:\/\/maxtormetal.com\/fr\/#website\"},\"primaryImageOfPage\":{\"@id\":\"https:\/\/maxtormetal.com\/product\/plastic-pelletizer-knife\/#primaryimage\"},\"image\":{\"@id\":\"https:\/\/maxtormetal.com\/product\/plastic-pelletizer-knife\/#primaryimage\"},\"thumbnailUrl\":\"https:\/\/maxtormetal.com\/wp-content\/uploads\/2023\/10\/Plastic-pelletizer-knife-main1.jpg\",\"datePublished\":\"2023-10-07T02:48:40+00:00\",\"dateModified\":\"2025-05-29T05:35:20+00:00\",\"description\":\"Explore our high-quality plastic pelletizer knives and granulator blades for efficient plastic pellet production in recycling manufacturing.\",\"breadcrumb\":{\"@id\":\"https:\/\/maxtormetal.com\/product\/plastic-pelletizer-knife\/#breadcrumb\"},\"inLanguage\":\"fr-FR\",\"potentialAction\":[{\"@type\":\"ReadAction\",\"target\":[\"https:\/\/maxtormetal.com\/product\/plastic-pelletizer-knife\/\"]}]},{\"@type\":\"ImageObject\",\"inLanguage\":\"fr-FR\",\"@id\":\"https:\/\/maxtormetal.com\/product\/plastic-pelletizer-knife\/#primaryimage\",\"url\":\"https:\/\/maxtormetal.com\/wp-content\/uploads\/2023\/10\/Plastic-pelletizer-knife-main1.jpg\",\"contentUrl\":\"https:\/\/maxtormetal.com\/wp-content\/uploads\/2023\/10\/Plastic-pelletizer-knife-main1.jpg\",\"width\":800,\"height\":800,\"caption\":\"pelletizing blades\"},{\"@type\":\"BreadcrumbList\",\"@id\":\"https:\/\/maxtormetal.com\/product\/plastic-pelletizer-knife\/#breadcrumb\",\"itemListElement\":[{\"@type\":\"ListItem\",\"position\":1,\"name\":\"Home\",\"item\":\"https:\/\/maxtormetal.com\/\"},{\"@type\":\"ListItem\",\"position\":2,\"name\":\"Products\",\"item\":\"https:\/\/maxtormetal.com\/products\/\"},{\"@type\":\"ListItem\",\"position\":3,\"name\":\"Plastic Pelletizer Knife\"}]},{\"@type\":\"WebSite\",\"@id\":\"https:\/\/maxtormetal.com\/fr\/#website\",\"url\":\"https:\/\/maxtormetal.com\/fr\/\",\"name\":\"Metal Industrial, Industrial Blade Manufacturer, Cutting Knives and blades, Machine Knives and blades supplier, Custom Blades solution\",\"description\":\"Mechanical blades and knives supplier for all machines made by China\",\"publisher\":{\"@id\":\"https:\/\/maxtormetal.com\/fr\/#organization\"},\"potentialAction\":[{\"@type\":\"SearchAction\",\"target\":{\"@type\":\"EntryPoint\",\"urlTemplate\":\"https:\/\/maxtormetal.com\/fr\/?s={search_term_string}\"},\"query-input\":{\"@type\":\"PropertyValueSpecification\",\"valueRequired\":true,\"valueName\":\"search_term_string\"}}],\"inLanguage\":\"fr-FR\"},{\"@type\":[\"Organization\",\"Place\"],\"@id\":\"https:\/\/maxtormetal.com\/fr\/#organization\",\"name\":\"Nanjing Metal Industrial CO., Limited\",\"alternateName\":\"Metal Industrial\",\"url\":\"https:\/\/maxtormetal.com\/fr\/\",\"logo\":{\"@id\":\"https:\/\/maxtormetal.com\/product\/plastic-pelletizer-knife\/#local-main-organization-logo\"},\"image\":{\"@id\":\"https:\/\/maxtormetal.com\/product\/plastic-pelletizer-knife\/#local-main-organization-logo\"},\"sameAs\":[\"https:\/\/www.facebook.com\/mengli.tang.3\",\"https:\/\/x.com\/MengliT13570\",\"https:\/\/www.linkedin.com\/in\/metalindustrial\/\"],\"description\":\"NanjingMetal is specialized in manufacturing and supplying industrial blades and knives, and its main business is to provide customers with customized industrial blades to meet their specific needs. With an experienced design and production team, we utilize the supply chain advantage in China to provide customers with competitive high quality industrial blades and knives.\",\"legalName\":\"Nanjing Metal Industrial CO., Limited\",\"foundingDate\":\"2006-02-18\",\"numberOfEmployees\":{\"@type\":\"QuantitativeValue\",\"minValue\":\"11\",\"maxValue\":\"50\"},\"telephone\":[],\"openingHoursSpecification\":[{\"@type\":\"OpeningHoursSpecification\",\"dayOfWeek\":[\"Monday\",\"Tuesday\",\"Wednesday\",\"Thursday\",\"Friday\",\"Saturday\",\"Sunday\"],\"opens\":\"09:00\",\"closes\":\"17:00\"}]},{\"@type\":\"ImageObject\",\"inLanguage\":\"fr-FR\",\"@id\":\"https:\/\/maxtormetal.com\/product\/plastic-pelletizer-knife\/#local-main-organization-logo\",\"url\":\"https:\/\/maxtormetal.com\/wp-content\/uploads\/2023\/08\/cropped-cropped-logo-\u526f\u672c-\u526f\u672c-e1693303172756-1.png\",\"contentUrl\":\"https:\/\/maxtormetal.com\/wp-content\/uploads\/2023\/08\/cropped-cropped-logo-\u526f\u672c-\u526f\u672c-e1693303172756-1.png\",\"width\":441,\"height\":132,\"caption\":\"Nanjing Metal Industrial CO., Limited\"}]}<\/script>\n<!-- \/ Yoast SEO Premium plugin. -->","yoast_head_json":{"title":"Plastic Pelletizer Knife","description":"Explore our high-quality plastic pelletizer knives and granulator blades for efficient plastic pellet production in recycling manufacturing.","robots":{"index":"index","follow":"follow","max-snippet":"max-snippet:-1","max-image-preview":"max-image-preview:large","max-video-preview":"max-video-preview:-1"},"canonical":"https:\/\/maxtormetal.com\/fr\/produit\/couteau-granulateur-plastique\/","og_locale":"fr_FR","og_type":"article","og_title":"Plastic Pelletizer Knife","og_description":"Explore our high-quality plastic pelletizer knives and granulator blades for efficient plastic pellet production in recycling manufacturing.","og_url":"https:\/\/maxtormetal.com\/fr\/produit\/couteau-granulateur-plastique\/","og_site_name":"Metal Industrial, Industrial Blade Manufacturer, Cutting Knives and blades, Machine Knives and blades supplier, Custom Blades solution","article_publisher":"https:\/\/www.facebook.com\/mengli.tang.3","article_modified_time":"2025-05-29T05:35:20+00:00","og_image":[{"width":800,"height":800,"url":"https:\/\/maxtormetal.com\/wp-content\/uploads\/2023\/10\/Plastic-pelletizer-knife-main1.jpg","type":"image\/jpeg"}],"twitter_card":"summary_large_image","twitter_site":"@MengliT13570","schema":{"@context":"https:\/\/schema.org","@graph":[{"@type":["WebPage","ItemPage"],"@id":"https:\/\/maxtormetal.com\/product\/plastic-pelletizer-knife\/","url":"https:\/\/maxtormetal.com\/product\/plastic-pelletizer-knife\/","name":"Plastic Pelletizer Knife","isPartOf":{"@id":"https:\/\/maxtormetal.com\/fr\/#website"},"primaryImageOfPage":{"@id":"https:\/\/maxtormetal.com\/product\/plastic-pelletizer-knife\/#primaryimage"},"image":{"@id":"https:\/\/maxtormetal.com\/product\/plastic-pelletizer-knife\/#primaryimage"},"thumbnailUrl":"https:\/\/maxtormetal.com\/wp-content\/uploads\/2023\/10\/Plastic-pelletizer-knife-main1.jpg","datePublished":"2023-10-07T02:48:40+00:00","dateModified":"2025-05-29T05:35:20+00:00","description":"Explore our high-quality plastic pelletizer knives and granulator blades for efficient plastic pellet production in recycling manufacturing.","breadcrumb":{"@id":"https:\/\/maxtormetal.com\/product\/plastic-pelletizer-knife\/#breadcrumb"},"inLanguage":"fr-FR","potentialAction":[{"@type":"ReadAction","target":["https:\/\/maxtormetal.com\/product\/plastic-pelletizer-knife\/"]}]},{"@type":"ImageObject","inLanguage":"fr-FR","@id":"https:\/\/maxtormetal.com\/product\/plastic-pelletizer-knife\/#primaryimage","url":"https:\/\/maxtormetal.com\/wp-content\/uploads\/2023\/10\/Plastic-pelletizer-knife-main1.jpg","contentUrl":"https:\/\/maxtormetal.com\/wp-content\/uploads\/2023\/10\/Plastic-pelletizer-knife-main1.jpg","width":800,"height":800,"caption":"pelletizing blades"},{"@type":"BreadcrumbList","@id":"https:\/\/maxtormetal.com\/product\/plastic-pelletizer-knife\/#breadcrumb","itemListElement":[{"@type":"ListItem","position":1,"name":"Home","item":"https:\/\/maxtormetal.com\/"},{"@type":"ListItem","position":2,"name":"Products","item":"https:\/\/maxtormetal.com\/products\/"},{"@type":"ListItem","position":3,"name":"Plastic Pelletizer Knife"}]},{"@type":"WebSite","@id":"https:\/\/maxtormetal.com\/fr\/#website","url":"https:\/\/maxtormetal.com\/fr\/","name":"Metal Industrial, Industrial Blade Manufacturer, Cutting Knives and blades, Machine Knives and blades supplier, Custom Blades solution","description":"Mechanical blades and knives supplier for all machines made by China","publisher":{"@id":"https:\/\/maxtormetal.com\/fr\/#organization"},"potentialAction":[{"@type":"SearchAction","target":{"@type":"EntryPoint","urlTemplate":"https:\/\/maxtormetal.com\/fr\/?s={search_term_string}"},"query-input":{"@type":"PropertyValueSpecification","valueRequired":true,"valueName":"search_term_string"}}],"inLanguage":"fr-FR"},{"@type":["Organization","Place"],"@id":"https:\/\/maxtormetal.com\/fr\/#organization","name":"Nanjing Metal Industrial CO., Limited","alternateName":"Metal Industrial","url":"https:\/\/maxtormetal.com\/fr\/","logo":{"@id":"https:\/\/maxtormetal.com\/product\/plastic-pelletizer-knife\/#local-main-organization-logo"},"image":{"@id":"https:\/\/maxtormetal.com\/product\/plastic-pelletizer-knife\/#local-main-organization-logo"},"sameAs":["https:\/\/www.facebook.com\/mengli.tang.3","https:\/\/x.com\/MengliT13570","https:\/\/www.linkedin.com\/in\/metalindustrial\/"],"description":"NanjingMetal is specialized in manufacturing and supplying industrial blades and knives, and its main business is to provide customers with customized industrial blades to meet their specific needs. With an experienced design and production team, we utilize the supply chain advantage in China to provide customers with competitive high quality industrial blades and knives.","legalName":"Nanjing Metal Industrial CO., Limited","foundingDate":"2006-02-18","numberOfEmployees":{"@type":"QuantitativeValue","minValue":"11","maxValue":"50"},"telephone":[],"openingHoursSpecification":[{"@type":"OpeningHoursSpecification","dayOfWeek":["Monday","Tuesday","Wednesday","Thursday","Friday","Saturday","Sunday"],"opens":"09:00","closes":"17:00"}]},{"@type":"ImageObject","inLanguage":"fr-FR","@id":"https:\/\/maxtormetal.com\/product\/plastic-pelletizer-knife\/#local-main-organization-logo","url":"https:\/\/maxtormetal.com\/wp-content\/uploads\/2023\/08\/cropped-cropped-logo-\u526f\u672c-\u526f\u672c-e1693303172756-1.png","contentUrl":"https:\/\/maxtormetal.com\/wp-content\/uploads\/2023\/08\/cropped-cropped-logo-\u526f\u672c-\u526f\u672c-e1693303172756-1.png","width":441,"height":132,"caption":"Nanjing Metal Industrial CO., Limited"}]}},"_links":{"self":[{"href":"https:\/\/maxtormetal.com\/fr\/wp-json\/wp\/v2\/product\/3190"}],"collection":[{"href":"https:\/\/maxtormetal.com\/fr\/wp-json\/wp\/v2\/product"}],"about":[{"href":"https:\/\/maxtormetal.com\/fr\/wp-json\/wp\/v2\/types\/product"}],"wp:featuredmedia":[{"embeddable":true,"href":"https:\/\/maxtormetal.com\/fr\/wp-json\/wp\/v2\/media\/3195"}],"wp:attachment":[{"href":"https:\/\/maxtormetal.com\/fr\/wp-json\/wp\/v2\/media?parent=3190"}],"wp:term":[{"taxonomy":"product_cat","embeddable":true,"href":"https:\/\/maxtormetal.com\/fr\/wp-json\/wp\/v2\/product_cat?post=3190"},{"taxonomy":"product_tag","embeddable":true,"href":"https:\/\/maxtormetal.com\/fr\/wp-json\/wp\/v2\/product_tag?post=3190"}],"curies":[{"name":"wp","href":"https:\/\/api.w.org\/{rel}","templated":true}]}}