{"id":2813,"date":"2023-09-15T11:29:21","date_gmt":"2023-09-15T03:29:21","guid":{"rendered":"https:\/\/maxtormetal.com\/?page_id=2813"},"modified":"2023-09-15T11:51:15","modified_gmt":"2023-09-15T03:51:15","slug":"privacy-policy","status":"publish","type":"page","link":"https:\/\/maxtormetal.com\/it\/privacy-policy\/","title":{"rendered":"Informativa sulla Privacy"},"content":{"rendered":"<div data-elementor-type=\"wp-page\" data-elementor-id=\"2813\" class=\"elementor elementor-2813\" data-elementor-post-type=\"page\">\n\t\t\t\t\t\t\t<div class=\"elementor-element elementor-element-32daa32 e-flex e-con-boxed e-con\" data-id=\"32daa32\" data-element_type=\"container\" data-settings=\"{&quot;content_width&quot;:&quot;boxed&quot;}\">\n\t\t\t\t\t<div class=\"e-con-inner\">\n\t\t<div class=\"elementor-element elementor-element-e48b954 e-con-full e-flex e-con\" data-id=\"e48b954\" data-element_type=\"container\" data-settings=\"{&quot;content_width&quot;:&quot;full&quot;}\">\n\t\t\t\t<div class=\"elementor-element elementor-element-55303f3 elementor-widget elementor-widget-heading\" data-id=\"55303f3\" data-element_type=\"widget\" data-widget_type=\"heading.default\">\n\t\t\t\t<div class=\"elementor-widget-container\">\n\t\t\t<style>\/*! elementor - v3.15.0 - 20-08-2023 *\/\n.elementor-heading-title{padding:0;margin:0;line-height:1}.elementor-widget-heading .elementor-heading-title[class*=elementor-size-]>a{color:inherit;font-size:inherit;line-height:inherit}.elementor-widget-heading .elementor-heading-title.elementor-size-small{font-size:15px}.elementor-widget-heading .elementor-heading-title.elementor-size-medium{font-size:19px}.elementor-widget-heading .elementor-heading-title.elementor-size-large{font-size:29px}.elementor-widget-heading .elementor-heading-title.elementor-size-xl{font-size:39px}.elementor-widget-heading .elementor-heading-title.elementor-size-xxl{font-size:59px}<\/style><h1 class=\"elementor-heading-title elementor-size-default\">Informativa sulla Privacy<\/h1>\t\t<\/div>\n\t\t\t\t<\/div>\n\t\t\t\t<div class=\"elementor-element elementor-element-7a003cc elementor-widget elementor-widget-woocommerce-breadcrumb\" data-id=\"7a003cc\" data-element_type=\"widget\" data-widget_type=\"woocommerce-breadcrumb.default\">\n\t\t\t\t<div class=\"elementor-widget-container\">\n\t\t\t<link rel=\"stylesheet\" href=\"https:\/\/maxtormetal.com\/wp-content\/plugins\/elementor-pro\/assets\/css\/widget-woocommerce.min.css\"><nav class=\"woocommerce-breadcrumb\" aria-label=\"Breadcrumb\" data-no-translation=\"\" data-trp-gettext=\"\">Home<\/nav>\t\t<\/div>\n\t\t\t\t<\/div>\n\t\t\t\t<\/div>\n\t\t<div class=\"elementor-element elementor-element-cd8f90f e-con-full e-flex e-con\" data-id=\"cd8f90f\" data-element_type=\"container\" data-settings=\"{&quot;content_width&quot;:&quot;full&quot;}\">\n\t\t\t\t<div class=\"elementor-element elementor-element-0f987a9 elementor-widget elementor-widget-text-editor\" data-id=\"0f987a9\" data-element_type=\"widget\" data-widget_type=\"text-editor.default\">\n\t\t\t\t<div class=\"elementor-widget-container\">\n\t\t\t<style>\/*! elementor - v3.15.0 - 20-08-2023 *\/\n.elementor-widget-text-editor.elementor-drop-cap-view-stacked .elementor-drop-cap{background-color:#69727d;color:#fff}.elementor-widget-text-editor.elementor-drop-cap-view-framed .elementor-drop-cap{color:#69727d;border:3px solid;background-color:transparent}.elementor-widget-text-editor:not(.elementor-drop-cap-view-default) .elementor-drop-cap{margin-top:8px}.elementor-widget-text-editor:not(.elementor-drop-cap-view-default) .elementor-drop-cap-letter{width:1em;height:1em}.elementor-widget-text-editor .elementor-drop-cap{float:left;text-align:center;line-height:1;font-size:50px}.elementor-widget-text-editor .elementor-drop-cap-letter{display:inline-block}<\/style>\t\t\t\t<h4>Raccolta e utilizzo dei dati personali appartenenti a clienti, fornitori e altri appaltatori<\/h4><p>Desideriamo attirare la vostra attenzione sul fatto che raccoglieremo e utilizzeremo i dati personali che ci fornite perch\u00e9 ci\u00f2 \u00e8 necessario per concludere con voi ed eseguire un eventuale contratto. Ci\u00f2 vale sia per i nostri (potenziali) clienti che per i soggetti dai quali acquistiamo beni e\/o servizi.<\/p><p>Se sei un nostro (potenziale) cliente, utilizzeremo i tuoi dati per poterti inviare un&#039;offerta, per poter determinare quali specifiche o desideri devono soddisfare determinati beni o servizi, per poter consegnare beni o svolgere le attivit\u00e0 per voi, al fine di potervi fatturare e poter comunicare con voi in modo rapido ed efficiente riguardo agli aspetti attuativi dell&#039;accordo.<\/p><p>Se sei un (potenziale) fornitore o un altro contraente, i tuoi dati personali sono necessari anche per la conclusione e l&#039;esecuzione del contratto. In caso di acquisto, ci\u00f2 \u00e8 necessario per potervi informare quali specifiche o desideri determinati beni o servizi dovrebbero soddisfare secondo noi, per poter inviare una richiesta di offerta o per effettuare un ordine presso di voi, per essere in grado di pagare le vostre fatture e di comunicare con voi in modo rapido ed efficiente riguardo ad altri aspetti dell&#039;accordo.<\/p><p>Non sei obbligato a fornirci i tuoi dati personali. Se non ci fornisci dati personali o ci fornisci dati personali insufficienti, potrebbe non essere in grado di svolgere le attivit\u00e0 sopra menzionate.<\/p><h4>\u00a0<\/h4><h4>Marketing diretto ai clienti<\/h4><p>Se ci hai concesso il tuo consenso, memorizzeremo e utilizzeremo i dati personali che ci hai fornito per poterti informare personalmente via e-mail in futuro sui nostri prodotti e servizi esistenti e nuovi ed eventualmente farti un&#039;offerta in questo contesto. Ogni volta che ti inviamo un&#039;e-mail di marketing, hai la possibilit\u00e0 di informarci che non desideri pi\u00f9 ricevere tali e-mail. Vedi a questo proposito il link di opt-out in fondo ad ogni mailing.<\/p><p>\u00a0<\/p><h4>Periodo di conservazione dei dati personali appartenenti a clienti, fornitori e altri appaltatori<\/h4><p>Se ci hai richiesto un&#039;offerta, ma non sei diventato nostro cliente, cancelleremo i tuoi dati al massimo un anno dopo il nostro ultimo contatto. Inoltre, rimuoveremo i tuoi dati personali al massimo un anno dopo il nostro ultimo contatto se abbiamo ricevuto un&#039;offerta da te ma non siamo diventati tuoi clienti. Se sei diventato nostro cliente o noi siamo diventati tuoi clienti, conserveremo i tuoi dati personali per un periodo di sette anni dopo la fine dell&#039;anno finanziario in cui \u00e8 stato stipulato il contratto con te. Il periodo di sette anni corrisponde al periodo durante il quale siamo obbligati a conservare i nostri registri per l&#039;Amministrazione fiscale e doganale. Rimuoveremo i tuoi dati personali al termine di questo periodo.<\/p><p>\u00a0<\/p><h4>Raccolta e utilizzo dei dati personali appartenenti a clienti commerciali (diversi da clienti, fornitori e altri appaltatori)<\/h4><p>Desideriamo attirare la vostra attenzione sul fatto che raccoglieremo e utilizzeremo i dati personali che ci fornite perch\u00e9 avete acconsentito o perch\u00e9 ci\u00f2 \u00e8 necessario per tutelare i nostri interessi legittimi. Trattiamo i seguenti dati: nome, indirizzo e dettagli di contatto. Se sei un nostro rapporto commerciale, utilizzeremo i tuoi dati per poterti contattare per scopi che sono nell&#039;interesse della nostra attivit\u00e0. Ci\u00f2 include ad esempio la discussione di una possibile collaborazione, la fornitura e l&#039;ottenimento di informazioni e la manutenzione della nostra rete. Non sei obbligato a fornirci i tuoi dati personali. Se non ci fornisci dati personali o ci fornisci dati personali insufficienti, potrebbe non essere in grado di svolgere le attivit\u00e0 sopra menzionate.<\/p><p>\u00a0<\/p><h4>Marketing diretto per clienti aziendali<\/h4><p>Se ci hai concesso il tuo consenso, memorizzeremo e utilizzeremo i dati personali che ci hai fornito per poterti informare personalmente via e-mail in futuro sui nostri prodotti e servizi esistenti e nuovi ed eventualmente farti un&#039;offerta in questo contesto. Ogni volta che ti inviamo un&#039;e-mail di marketing, hai la possibilit\u00e0 di informarci che non desideri pi\u00f9 ricevere tali e-mail. Vedi a questo proposito il link di opt-out in fondo ad ogni mailing.<\/p><p>\u00a0<\/p><h4>Periodo di conservazione dei dati personali inerenti ai rapporti commerciali<\/h4><p>I dati personali appartenenti ai rapporti commerciali verranno rimossi un anno dopo il nostro ultimo contatto.<\/p><p>\u00a0<\/p><h4>Biscotti<\/h4><p>I cookie sono piccoli file di testo che vengono inseriti sul tuo computer, tablet o smartphone durante la visita al nostro sito web. In questi file di testo vengono memorizzate informazioni che vengono poi riconosciute nuovamente dal sito web alla visita successiva.<\/p><p>Il nostro sito web utilizza cookie di tracciamento se hai acconsentito a ci\u00f2. Lo facciamo per raccogliere informazioni sul tuo comportamento su Internet in modo da poterti presentare offerte mirate di prodotti o servizi. Hai il diritto di revocare il tuo consenso in qualsiasi momento. I tuoi dati sono conservati per massimo un anno. Inseriamo anche cookie funzionali. Lo facciamo per rendere pi\u00f9 semplice l\u2019utilizzo del nostro sito web. Ci\u00f2 include questioni come conservare i prodotti nel carrello o ricordare i dati di accesso durante la visita.<\/p><p>I cookie analitici ci permettono di vedere quali pagine vengono visitate e quali sezioni del nostro sito ricevono clic. Utilizziamo Google Analytics per questo scopo. Le informazioni raccolte da Google in questo modo vengono rese anonime quanto pi\u00f9 possibile.<\/p><p>\u00a0<\/p><h4>Il tuo consenso<\/h4><p>Utilizzando il nostro sito, acconsenti alla nostra politica sulla privacy.<\/p>\t\t\t\t\t\t<\/div>\n\t\t\t\t<\/div>\n\t\t\t\t<\/div>\n\t\t\t\t\t<\/div>\n\t\t\t\t<\/div>\n\t\t\t\t\t\t\t<\/div>","protected":false},"excerpt":{"rendered":"<p>Privacy Policy Collection and use of personal data belonging to customers, suppliers and other contractors We would like to draw your attention to the fact that we will collect and use the personal data you provide to us because this is necessary to conclude with you and perform a possible agreement. This applies to both [&hellip;]<\/p>","protected":false},"author":1,"featured_media":0,"parent":0,"menu_order":0,"comment_status":"closed","ping_status":"closed","template":"","meta":{"footnotes":""},"yoast_head":"<!-- This site is optimized with the Yoast SEO Premium plugin v23.6 (Yoast SEO v23.6) - https:\/\/yoast.com\/wordpress\/plugins\/seo\/ -->\n<title>Privacy Policy - Metal Industrial, Industrial Blade Manufacturer, Cutting Knives and blades, Machine Knives and blades supplier, Custom Blades solution<\/title>\n<meta name=\"robots\" content=\"index, follow, max-snippet:-1, max-image-preview:large, max-video-preview:-1\" \/>\n<link rel=\"canonical\" href=\"https:\/\/maxtormetal.com\/it\/privacy-policy\/\" \/>\n<meta property=\"og:locale\" content=\"it_IT\" \/>\n<meta property=\"og:type\" content=\"article\" \/>\n<meta property=\"og:title\" content=\"Privacy Policy\" \/>\n<meta property=\"og:description\" content=\"Privacy Policy Collection and use of personal data belonging to customers, suppliers and other contractors We would like to draw your attention to the fact that we will collect and use the personal data you provide to us because this is necessary to conclude with you and perform a possible agreement. This applies to both [&hellip;]\" \/>\n<meta property=\"og:url\" content=\"https:\/\/maxtormetal.com\/it\/privacy-policy\/\" \/>\n<meta property=\"og:site_name\" content=\"Metal Industrial, Industrial Blade Manufacturer, Cutting Knives and blades, Machine Knives and blades supplier, Custom Blades solution\" \/>\n<meta property=\"article:publisher\" content=\"https:\/\/www.facebook.com\/mengli.tang.3\" \/>\n<meta property=\"article:modified_time\" content=\"2023-09-15T03:51:15+00:00\" \/>\n<meta property=\"og:image\" content=\"https:\/\/maxtormetal.com\/wp-content\/uploads\/2023\/08\/logo-\u526f\u672c-\u526f\u672c.png\" \/>\n\t<meta property=\"og:image:width\" content=\"730\" \/>\n\t<meta property=\"og:image:height\" content=\"477\" \/>\n\t<meta property=\"og:image:type\" content=\"image\/png\" \/>\n<meta name=\"twitter:card\" content=\"summary_large_image\" \/>\n<meta name=\"twitter:site\" content=\"@MengliT13570\" \/>\n<script type=\"application\/ld+json\" class=\"yoast-schema-graph\">{\"@context\":\"https:\/\/schema.org\",\"@graph\":[{\"@type\":[\"Article\",\"BlogPosting\"],\"@id\":\"https:\/\/maxtormetal.com\/es\/privacy-policy\/#article\",\"isPartOf\":{\"@id\":\"https:\/\/maxtormetal.com\/es\/privacy-policy\/\"},\"author\":{\"name\":\"Tommy\",\"@id\":\"https:\/\/maxtormetal.com\/fr\/#\/schema\/person\/94f8f44e6d04f5d162dc94aeca3da13a\"},\"headline\":\"Privacy Policy\",\"datePublished\":\"2023-09-15T03:29:21+00:00\",\"dateModified\":\"2023-09-15T03:51:15+00:00\",\"mainEntityOfPage\":{\"@id\":\"https:\/\/maxtormetal.com\/es\/privacy-policy\/\"},\"wordCount\":974,\"publisher\":{\"@id\":\"https:\/\/maxtormetal.com\/fr\/#organization\"},\"inLanguage\":\"it-IT\"},{\"@type\":\"WebPage\",\"@id\":\"https:\/\/maxtormetal.com\/es\/privacy-policy\/\",\"url\":\"https:\/\/maxtormetal.com\/es\/privacy-policy\/\",\"name\":\"Privacy Policy - Metal Industrial, Industrial Blade Manufacturer, Cutting Knives and blades, Machine Knives and blades supplier, Custom Blades solution\",\"isPartOf\":{\"@id\":\"https:\/\/maxtormetal.com\/fr\/#website\"},\"datePublished\":\"2023-09-15T03:29:21+00:00\",\"dateModified\":\"2023-09-15T03:51:15+00:00\",\"breadcrumb\":{\"@id\":\"https:\/\/maxtormetal.com\/es\/privacy-policy\/#breadcrumb\"},\"inLanguage\":\"it-IT\",\"potentialAction\":[{\"@type\":\"ReadAction\",\"target\":[\"https:\/\/maxtormetal.com\/es\/privacy-policy\/\"]}]},{\"@type\":\"BreadcrumbList\",\"@id\":\"https:\/\/maxtormetal.com\/es\/privacy-policy\/#breadcrumb\",\"itemListElement\":[{\"@type\":\"ListItem\",\"position\":1,\"name\":\"Home\",\"item\":\"https:\/\/maxtormetal.com\/\"},{\"@type\":\"ListItem\",\"position\":2,\"name\":\"Privacy Policy\"}]},{\"@type\":\"WebSite\",\"@id\":\"https:\/\/maxtormetal.com\/fr\/#website\",\"url\":\"https:\/\/maxtormetal.com\/fr\/\",\"name\":\"Metal Industrial, Industrial Blade Manufacturer, Cutting Knives and blades, Machine Knives and blades supplier, Custom Blades solution\",\"description\":\"Mechanical blades and knives supplier for all machines made by China\",\"publisher\":{\"@id\":\"https:\/\/maxtormetal.com\/fr\/#organization\"},\"potentialAction\":[{\"@type\":\"SearchAction\",\"target\":{\"@type\":\"EntryPoint\",\"urlTemplate\":\"https:\/\/maxtormetal.com\/fr\/?s={search_term_string}\"},\"query-input\":{\"@type\":\"PropertyValueSpecification\",\"valueRequired\":true,\"valueName\":\"search_term_string\"}}],\"inLanguage\":\"it-IT\"},{\"@type\":[\"Organization\",\"Place\"],\"@id\":\"https:\/\/maxtormetal.com\/fr\/#organization\",\"name\":\"Nanjing Metal Industrial CO., Limited\",\"alternateName\":\"Metal Industrial\",\"url\":\"https:\/\/maxtormetal.com\/fr\/\",\"logo\":{\"@id\":\"https:\/\/maxtormetal.com\/es\/privacy-policy\/#local-main-organization-logo\"},\"image\":{\"@id\":\"https:\/\/maxtormetal.com\/es\/privacy-policy\/#local-main-organization-logo\"},\"sameAs\":[\"https:\/\/www.facebook.com\/mengli.tang.3\",\"https:\/\/x.com\/MengliT13570\",\"https:\/\/www.linkedin.com\/in\/metalindustrial\/\"],\"description\":\"NanjingMetal is specialized in manufacturing and supplying industrial blades and knives, and its main business is to provide customers with customized industrial blades to meet their specific needs. With an experienced design and production team, we utilize the supply chain advantage in China to provide customers with competitive high quality industrial blades and knives.\",\"legalName\":\"Nanjing Metal Industrial CO., Limited\",\"foundingDate\":\"2006-02-18\",\"numberOfEmployees\":{\"@type\":\"QuantitativeValue\",\"minValue\":\"11\",\"maxValue\":\"50\"},\"telephone\":[],\"openingHoursSpecification\":[{\"@type\":\"OpeningHoursSpecification\",\"dayOfWeek\":[\"Monday\",\"Tuesday\",\"Wednesday\",\"Thursday\",\"Friday\",\"Saturday\",\"Sunday\"],\"opens\":\"09:00\",\"closes\":\"17:00\"}]},{\"@type\":\"Person\",\"@id\":\"https:\/\/maxtormetal.com\/fr\/#\/schema\/person\/94f8f44e6d04f5d162dc94aeca3da13a\",\"name\":\"Tommy\",\"image\":{\"@type\":\"ImageObject\",\"inLanguage\":\"it-IT\",\"@id\":\"https:\/\/maxtormetal.com\/fr\/#\/schema\/person\/image\/\",\"url\":\"https:\/\/maxtormetal.com\/wp-content\/uploads\/2023\/08\/cropped-logo-\u526f\u672c-\u526f\u672c-1.png\",\"contentUrl\":\"https:\/\/maxtormetal.com\/wp-content\/uploads\/2023\/08\/cropped-logo-\u526f\u672c-\u526f\u672c-1.png\",\"caption\":\"Tommy\"},\"description\":\"With over 13 years of experience in industrial blade manufacturing, production management, and process optimization. Whether it's customized solutions or technical support, I am committed to delivering top-tier service. If you require mechanical blade solutions and a reliable partner, I am your ideal choice. Feel free to reach out anytime\u2014let's collaborate to elevate your business to new heights.\",\"sameAs\":[\"http:\/\/maxtormetal.com\",\"https:\/\/www.facebook.com\/mengli.tang.3\",\"https:\/\/www.linkedin.com\/in\/metalindustrial\/\",\"https:\/\/www.youtube.com\/@Metal-Tommy\"],\"url\":\"https:\/\/maxtormetal.com\/it\/author\/maxtormetal-com\/\"},{\"@type\":\"ImageObject\",\"inLanguage\":\"it-IT\",\"@id\":\"https:\/\/maxtormetal.com\/es\/privacy-policy\/#local-main-organization-logo\",\"url\":\"https:\/\/maxtormetal.com\/wp-content\/uploads\/2023\/08\/cropped-cropped-logo-\u526f\u672c-\u526f\u672c-e1693303172756-1.png\",\"contentUrl\":\"https:\/\/maxtormetal.com\/wp-content\/uploads\/2023\/08\/cropped-cropped-logo-\u526f\u672c-\u526f\u672c-e1693303172756-1.png\",\"width\":441,\"height\":132,\"caption\":\"Nanjing Metal Industrial CO., Limited\"}]}<\/script>\n<!-- \/ Yoast SEO Premium plugin. -->","yoast_head_json":{"title":"Privacy Policy - Metal Industrial, Industrial Blade Manufacturer, Cutting Knives and blades, Machine Knives and blades supplier, Custom Blades solution","robots":{"index":"index","follow":"follow","max-snippet":"max-snippet:-1","max-image-preview":"max-image-preview:large","max-video-preview":"max-video-preview:-1"},"canonical":"https:\/\/maxtormetal.com\/it\/privacy-policy\/","og_locale":"it_IT","og_type":"article","og_title":"Privacy Policy","og_description":"Privacy Policy Collection and use of personal data belonging to customers, suppliers and other contractors We would like to draw your attention to the fact that we will collect and use the personal data you provide to us because this is necessary to conclude with you and perform a possible agreement. This applies to both [&hellip;]","og_url":"https:\/\/maxtormetal.com\/it\/privacy-policy\/","og_site_name":"Metal Industrial, Industrial Blade Manufacturer, Cutting Knives and blades, Machine Knives and blades supplier, Custom Blades solution","article_publisher":"https:\/\/www.facebook.com\/mengli.tang.3","article_modified_time":"2023-09-15T03:51:15+00:00","og_image":[{"width":730,"height":477,"url":"https:\/\/maxtormetal.com\/wp-content\/uploads\/2023\/08\/logo-\u526f\u672c-\u526f\u672c.png","type":"image\/png"}],"twitter_card":"summary_large_image","twitter_site":"@MengliT13570","schema":{"@context":"https:\/\/schema.org","@graph":[{"@type":["Article","BlogPosting"],"@id":"https:\/\/maxtormetal.com\/es\/privacy-policy\/#article","isPartOf":{"@id":"https:\/\/maxtormetal.com\/es\/privacy-policy\/"},"author":{"name":"Tommy","@id":"https:\/\/maxtormetal.com\/fr\/#\/schema\/person\/94f8f44e6d04f5d162dc94aeca3da13a"},"headline":"Privacy Policy","datePublished":"2023-09-15T03:29:21+00:00","dateModified":"2023-09-15T03:51:15+00:00","mainEntityOfPage":{"@id":"https:\/\/maxtormetal.com\/es\/privacy-policy\/"},"wordCount":974,"publisher":{"@id":"https:\/\/maxtormetal.com\/fr\/#organization"},"inLanguage":"it-IT"},{"@type":"WebPage","@id":"https:\/\/maxtormetal.com\/es\/privacy-policy\/","url":"https:\/\/maxtormetal.com\/es\/privacy-policy\/","name":"Privacy Policy - Metal Industrial, Industrial Blade Manufacturer, Cutting Knives and blades, Machine Knives and blades supplier, Custom Blades solution","isPartOf":{"@id":"https:\/\/maxtormetal.com\/fr\/#website"},"datePublished":"2023-09-15T03:29:21+00:00","dateModified":"2023-09-15T03:51:15+00:00","breadcrumb":{"@id":"https:\/\/maxtormetal.com\/es\/privacy-policy\/#breadcrumb"},"inLanguage":"it-IT","potentialAction":[{"@type":"ReadAction","target":["https:\/\/maxtormetal.com\/es\/privacy-policy\/"]}]},{"@type":"BreadcrumbList","@id":"https:\/\/maxtormetal.com\/es\/privacy-policy\/#breadcrumb","itemListElement":[{"@type":"ListItem","position":1,"name":"Home","item":"https:\/\/maxtormetal.com\/"},{"@type":"ListItem","position":2,"name":"Privacy Policy"}]},{"@type":"WebSite","@id":"https:\/\/maxtormetal.com\/fr\/#website","url":"https:\/\/maxtormetal.com\/fr\/","name":"Metal Industrial, Industrial Blade Manufacturer, Cutting Knives and blades, Machine Knives and blades supplier, Custom Blades solution","description":"Mechanical blades and knives supplier for all machines made by China","publisher":{"@id":"https:\/\/maxtormetal.com\/fr\/#organization"},"potentialAction":[{"@type":"SearchAction","target":{"@type":"EntryPoint","urlTemplate":"https:\/\/maxtormetal.com\/fr\/?s={search_term_string}"},"query-input":{"@type":"PropertyValueSpecification","valueRequired":true,"valueName":"search_term_string"}}],"inLanguage":"it-IT"},{"@type":["Organization","Place"],"@id":"https:\/\/maxtormetal.com\/fr\/#organization","name":"Nanjing Metal Industrial CO., Limited","alternateName":"Metal Industrial","url":"https:\/\/maxtormetal.com\/fr\/","logo":{"@id":"https:\/\/maxtormetal.com\/es\/privacy-policy\/#local-main-organization-logo"},"image":{"@id":"https:\/\/maxtormetal.com\/es\/privacy-policy\/#local-main-organization-logo"},"sameAs":["https:\/\/www.facebook.com\/mengli.tang.3","https:\/\/x.com\/MengliT13570","https:\/\/www.linkedin.com\/in\/metalindustrial\/"],"description":"NanjingMetal is specialized in manufacturing and supplying industrial blades and knives, and its main business is to provide customers with customized industrial blades to meet their specific needs. With an experienced design and production team, we utilize the supply chain advantage in China to provide customers with competitive high quality industrial blades and knives.","legalName":"Nanjing Metal Industrial CO., Limited","foundingDate":"2006-02-18","numberOfEmployees":{"@type":"QuantitativeValue","minValue":"11","maxValue":"50"},"telephone":[],"openingHoursSpecification":[{"@type":"OpeningHoursSpecification","dayOfWeek":["Monday","Tuesday","Wednesday","Thursday","Friday","Saturday","Sunday"],"opens":"09:00","closes":"17:00"}]},{"@type":"Person","@id":"https:\/\/maxtormetal.com\/fr\/#\/schema\/person\/94f8f44e6d04f5d162dc94aeca3da13a","name":"Tommy","image":{"@type":"ImageObject","inLanguage":"it-IT","@id":"https:\/\/maxtormetal.com\/fr\/#\/schema\/person\/image\/","url":"https:\/\/maxtormetal.com\/wp-content\/uploads\/2023\/08\/cropped-logo-\u526f\u672c-\u526f\u672c-1.png","contentUrl":"https:\/\/maxtormetal.com\/wp-content\/uploads\/2023\/08\/cropped-logo-\u526f\u672c-\u526f\u672c-1.png","caption":"Tommy"},"description":"With over 13 years of experience in industrial blade manufacturing, production management, and process optimization. Whether it's customized solutions or technical support, I am committed to delivering top-tier service. If you require mechanical blade solutions and a reliable partner, I am your ideal choice. Feel free to reach out anytime\u2014let's collaborate to elevate your business to new heights.","sameAs":["http:\/\/maxtormetal.com","https:\/\/www.facebook.com\/mengli.tang.3","https:\/\/www.linkedin.com\/in\/metalindustrial\/","https:\/\/www.youtube.com\/@Metal-Tommy"],"url":"https:\/\/maxtormetal.com\/it\/author\/maxtormetal-com\/"},{"@type":"ImageObject","inLanguage":"it-IT","@id":"https:\/\/maxtormetal.com\/es\/privacy-policy\/#local-main-organization-logo","url":"https:\/\/maxtormetal.com\/wp-content\/uploads\/2023\/08\/cropped-cropped-logo-\u526f\u672c-\u526f\u672c-e1693303172756-1.png","contentUrl":"https:\/\/maxtormetal.com\/wp-content\/uploads\/2023\/08\/cropped-cropped-logo-\u526f\u672c-\u526f\u672c-e1693303172756-1.png","width":441,"height":132,"caption":"Nanjing Metal Industrial CO., Limited"}]}},"_links":{"self":[{"href":"https:\/\/maxtormetal.com\/it\/wp-json\/wp\/v2\/pages\/2813"}],"collection":[{"href":"https:\/\/maxtormetal.com\/it\/wp-json\/wp\/v2\/pages"}],"about":[{"href":"https:\/\/maxtormetal.com\/it\/wp-json\/wp\/v2\/types\/page"}],"author":[{"embeddable":true,"href":"https:\/\/maxtormetal.com\/it\/wp-json\/wp\/v2\/users\/1"}],"replies":[{"embeddable":true,"href":"https:\/\/maxtormetal.com\/it\/wp-json\/wp\/v2\/comments?post=2813"}],"version-history":[{"count":0,"href":"https:\/\/maxtormetal.com\/it\/wp-json\/wp\/v2\/pages\/2813\/revisions"}],"wp:attachment":[{"href":"https:\/\/maxtormetal.com\/it\/wp-json\/wp\/v2\/media?parent=2813"}],"curies":[{"name":"wp","href":"https:\/\/api.w.org\/{rel}","templated":true}]}}