{"id":2993,"date":"2023-10-05T22:02:44","date_gmt":"2023-10-05T14:02:44","guid":{"rendered":"https:\/\/maxtormetal.com\/?post_type=product&#038;p=2993"},"modified":"2025-05-08T12:09:50","modified_gmt":"2025-05-08T04:09:50","slug":"lame-per-tagliatrice","status":"publish","type":"product","link":"https:\/\/maxtormetal.com\/it\/prodotto\/lame-per-tagliatrice\/","title":{"rendered":"Lame per Tagliacarte"},"content":{"rendered":"<h2 data-sourcepos=\"1:1-1:33\">Cosa significano i coltelli da taglio?<\/h2>\r\n<p data-sourcepos=\"3:1-3:598\">I coltelli da taglio, noti anche come coltelli da taglio o coltelli trasversali, sono lame da taglio industriali utilizzate nelle macchine tagliatrici. Queste macchine sono progettate per tagliare grandi rotoli di materiale, pi\u00f9 comunemente carta, ma anche cartone, tessuti non tessuti, pellicole, fogli, etichette, nastri, tessuti, materiali da imballaggio, tappeti, gomma e persino metalli sottili, in fogli precisi di lunghezze predeterminate. I coltelli da taglio sono fondamentali per ottenere tagli precisi e puliti nelle operazioni di converting ad alto volume. Il termine &quot;coltelli da taglio&quot; si riferisce direttamente ai coltelli utilizzati nelle macchine tagliatrici.<\/p>\r\n<h2 data-sourcepos=\"5:1-5:42\">Usi e applicazioni dei coltelli da taglio<\/h2>\r\n<p data-sourcepos=\"7:1-7:139\">I coltelli da taglio sono indispensabili in diversi settori per trasformare materiali laminati in fogli. Le loro principali applicazioni includono:<\/p>\r\n<ul data-sourcepos=\"9:1-17:0\">\r\n<li data-sourcepos=\"9:1-9:206\"><strong>Industria Cartaria:<\/strong> Taglio di grandi rotoli di carta in fogli per la stampa, la scrittura e altri usi finali. Questo include diverse qualit\u00e0 di carta come carta per fotocopie, carta di sicurezza, carte speciali e cartone.<\/li>\r\n<li data-sourcepos=\"10:1-10:133\"><strong>Industria della stampa:<\/strong> Ritaglio dei rotoli stampati in fogli singoli per ulteriori lavorazioni come rilegatura, fascicolazione e imballaggio.<\/li>\r\n<li data-sourcepos=\"11:1-11:181\"><strong>Industria dell'Imballaggio:<\/strong> Taglio di rotoli di cartone, cartone ondulato, pellicola e lamina in fogli o fogli singoli per la produzione di scatole e cartoni, nonch\u00e9 per applicazioni di confezionamento.<\/li>\r\n<li data-sourcepos=\"12:1-12:136\"><strong>Industria Tessile:<\/strong> Taglio di rotoli di tessuto e materiali non tessuti in fogli per la produzione di indumenti o altri prodotti tessili.<\/li>\r\n<li data-sourcepos=\"13:1-13:94\"><strong>Produzione di etichette:<\/strong> Taglio di rotoli di etichette in fogli per ottenere etichette singole o set di etichette.<\/li>\r\n<li data-sourcepos=\"14:1-14:157\"><strong>Industrie di conversione:<\/strong> Taglio di un&#039;ampia gamma di materiali laminati, come pellicole, fogli, nastri e altri materiali flessibili, in fogli di dimensioni specifiche.<\/li>\r\n<li data-sourcepos=\"15:1-15:84\"><strong>Produzione di tappeti:<\/strong> Taglio dei rotoli di moquette in singoli pezzi o piastrelle.<\/li>\r\n<li data-sourcepos=\"16:1-17:0\"><strong>Altre lavorazioni dei materiali:<\/strong> Rotoli di fogli di gomma, materiali isolanti e altri materiali industriali.<\/li>\r\n<\/ul>\r\n<h2 data-sourcepos=\"18:1-18:38\">Materiali comuni per coltelli da taglio<\/h2>\r\n<p data-sourcepos=\"20:1-20:242\">I materiali utilizzati per i coltelli da taglio devono essere di alta qualit\u00e0 per garantire tagli netti, lunga durata della lama e resistenza all&#039;usura, soprattutto quando si lavorano diversi tipi di materiali, alcuni dei quali possono essere abrasivi. I materiali pi\u00f9 comuni includono:<\/p>\r\n<ul data-sourcepos=\"22:1-26:0\">\r\n<li data-sourcepos=\"22:1-22:188\"><strong>Acciaio per utensili (ad esempio, D2, A2, O1):<\/strong> Offre un buon equilibrio tra durezza, tenacit\u00e0 e resistenza all&#039;usura, adatto a molte applicazioni di fogli, in particolare per carta e materiali simili.<\/li>\r\n<li data-sourcepos=\"23:1-23:220\"><strong>Acciaio rapido (HSS) (ad esempio, M2, M4):<\/strong> Offre un&#039;eccellente resistenza all&#039;usura e la capacit\u00e0 di mantenere un bordo affilato anche ad alte velocit\u00e0 di taglio, adatto per volumi pi\u00f9 elevati e per alcuni materiali rivestiti o leggermente abrasivi.<\/li>\r\n<li data-sourcepos=\"24:1-24:215\"><strong>Acciai da fusione a polvere Metallurgy (PM) (ad esempio, ASP, CPM 10V):<\/strong> Offrono una resistenza all&#039;usura e una tenacit\u00e0 superiori rispetto agli acciai per utensili convenzionali, prolungando la durata della lama, in particolare durante la lavorazione di materiali pi\u00f9 impegnativi.<\/li>\r\n<li data-sourcepos=\"25:1-26:0\"><strong>Intarsi in metallo duro o metallo duro pieno:<\/strong> Offre durezza e resistenza all&#039;usura eccezionali, ideali per volumi di produzione molto elevati e per la lavorazione di materiali abrasivi come carte patinate o alcuni materiali sintetici. Il carburo prolunga significativamente la durata della lama e riduce i tempi di fermo per l&#039;affilatura.<\/li>\r\n<\/ul>\r\n<p data-sourcepos=\"27:1-27:265\">I coltelli da taglio sono realizzati con tolleranze estremamente ridotte per garantire un taglio preciso e uniforme. Sono spesso rettificati con precisione con angoli di smusso specifici e finiture superficiali ottimizzate per il materiale da tagliare, per ridurre al minimo la polvere e garantire bordi puliti.<\/p>\r\n<h2 data-sourcepos=\"29:1-29:30\">Forme comuni dei coltelli da taglio<\/h2>\r\n<p data-sourcepos=\"31:1-31:171\">I coltelli della taglierina sono principalmente lame dritte, ma esistono variazioni nel loro design e nei profili dei bordi a seconda della macchina taglierina e del materiale in lavorazione:<\/p>\r\n<ul data-sourcepos=\"33:1-40:0\">\r\n<li data-sourcepos=\"33:1-33:187\"><strong>Coltelli dritti:<\/strong> Lame lunghe e lineari con bordo affilato. Sono il tipo pi\u00f9 comune e possono avere diverse configurazioni di bisello (singolo o doppio) a seconda dell&#039;applicazione.<\/li>\r\n<li data-sourcepos=\"34:1-34:117\"><strong>Coltelli a taglio trasversale:<\/strong> Progettati specificamente per il taglio trasversale di materiali. Possono essere fissi o rotanti.<\/li>\r\n<li data-sourcepos=\"35:1-35:131\"><strong>Coltelli fissi (coltelli da letto):<\/strong> Lame fisse contro le quali il nastro in movimento viene tagliato da una lama rotante o da una lama superiore mobile.<\/li>\r\n<li data-sourcepos=\"36:1-36:139\"><strong>Coltelli rotanti (coltelli volanti):<\/strong> Lame che ruotano e si muovono momentaneamente con il materiale per effettuare un taglio netto senza fermare il nastro.<\/li>\r\n<li data-sourcepos=\"37:1-37:101\"><strong>Coltelli seghettati:<\/strong> Lame con bordo dentato, utilizzate per materiali specifici o per avviare uno strappo.<\/li>\r\n<li data-sourcepos=\"38:1-38:157\"><strong>Coltelli intarsiati:<\/strong> Lame realizzate con un materiale di base e un tagliente costituito da un materiale pi\u00f9 duro e resistente all&#039;usura (come il carburo o l&#039;HSS) intarsiato al suo interno.<\/li>\r\n<li data-sourcepos=\"39:1-40:0\"><strong>Coltelli solidi:<\/strong> Lame realizzate interamente con un unico materiale, come acciaio al carburo solido o acciaio prodotto con metallurgia delle polveri, per la massima resistenza all&#039;usura.<\/li>\r\n<\/ul>\r\n<p data-sourcepos=\"41:1-41:644\">Il principio di funzionamento delle lame per la sfogliatura prevede un&#039;azione di taglio precisa. In molte macchine per la sfogliatura, una lama rotante (lama volante) si muove in sincronia con il nastro di materiale, eseguendo un taglio netto contro una lama fissa. La precisione della lunghezza di taglio \u00e8 determinata dalla precisa sincronizzazione di tempi e velocit\u00e0 tra la lama e il nastro. L&#039;affilatura e la corretta angolazione delle lame per la sfogliatura sono fondamentali per un taglio pulito e privo di polvere e per prevenire strappi o danni al materiale. Una corretta manutenzione, inclusa l&#039;affilatura regolare, \u00e8 essenziale per mantenere la qualit\u00e0 del taglio e prolungare la durata delle lame per la sfogliatura.<\/p>\r\n<p>\"\u00a0<span style=\"color: #ff9900;\"><em><strong><a style=\"color: #ff9900;\" href=\"https:\/\/maxtormetal.com\/it\/contact\/\" target=\"_blank\" rel=\"noopener\">Benvenuti a richiedere informazioni!<\/a><\/strong><\/em><\/span><\/p>\r\n<p>Se non trovi la lama che stai cercando, possiamo anche personalizzarla. Guarda il nostro &quot;<span style=\"color: #ff9900;\"><a style=\"color: #ff9900;\" href=\"https:\/\/maxtormetal.com\/it\/custom-blades\/\" target=\"_blank\" rel=\"noopener\"><em><strong>Lame Personalizzate<\/strong><\/em><\/a><\/span>\u201d!<\/p>\r\n<h4><span style=\"color: #ff9900;\"><a style=\"color: #ff9900;\" href=\"https:\/\/maxtormetal.com\/it\/brochures\/\" target=\"_blank\" rel=\"noopener\"><strong><em>Apri Brochure<\/em><\/strong><\/a><\/span><\/h4>\r\n<hr \/>\r\n<h2>Perch\u00e9 Scegliere METAL?<\/h2>\r\n<ol>\r\n<li><strong> Servizio di Importazione Completo e Senza Problemi<\/strong><\/li>\r\n<\/ol>\r\n<p>Goditi la comodit\u00e0 di un'importazione senza intoppi. Dal trasporto allo sdoganamento, gestiamo l'intero processo. Tutto ci\u00f2 che devi fare \u00e8 pagare l'IVA e attendere l'arrivo della merce.<\/p>\r\n<ol start=\"2\">\r\n<li><strong> Prezzi Competitivi<\/strong><\/li>\r\n<\/ol>\r\n<p>Abbiamo visto le nostre lame eccellere in innumerevoli applicazioni e siamo pronti per qualsiasi progetto tu ci proponga. Aspettati precisione, durata e prezzi competitivi ineguagliabili.<\/p>\r\n<ol start=\"3\">\r\n<li><strong> ODM &amp; OEM Disponibili<\/strong><\/li>\r\n<\/ol>\r\n<p>Sia che tu fornisca disegni, schizzi o campioni, possiamo progettare e produrre per te. Abbiamo anche l'esperienza per assistere nella modifica di design e specifiche esistenti per migliorare quasi ogni applicazione di utensili industriali. Contatta il nostro team di vendita dedicato per discutere le tue esigenze specifiche.<\/p>\r\n<ol start=\"4\">\r\n<li><strong> Controllo Qualit\u00e0 Rigoroso<\/strong><\/li>\r\n<\/ol>\r\n<p>Vengono eseguite una serie di test e ispezioni per controllare la qualit\u00e0, tra cui l'ispezione del primo articolo, l'ispezione del materiale in ingresso e dei materiali certificati, l'ispezione di qualit\u00e0 in-process e l'ispezione di qualit\u00e0 finale.<\/p>\r\n<ol start=\"5\">\r\n<li><strong> Approvvigionamento Flessibile, Cooperazione Illimitata<\/strong><\/li>\r\n<\/ol>\r\n<p>Che tu sia un importatore, distributore, grossista o utente finale, ti diamo il benvenuto. Approfitta di MOQ minimi, richieste senza problemi e maggiore libert\u00e0 di acquisto.<\/p>\r\n<ol start=\"6\">\r\n<li><strong> Monitoraggio in Tempo Reale del Progresso di Produzione<\/strong><\/li>\r\n<\/ol>\r\n<p>Consideraci il tuo monitor esclusivo. Forniremo aggiornamenti regolari su ogni fase cruciale della tua linea di produzione. Indipendentemente dalla distanza, avrai una visione in tempo reale dello stato di avanzamento del tuo prodotto.<\/p>\r\n<hr \/>\r\n<p><iframe loading=\"lazy\" title=\"Lame per Macchine Cesoie\" width=\"800\" height=\"600\" src=\"https:\/\/www.youtube.com\/embed\/w_9zRVhFtGk?feature=oembed&#038;enablejsapi=1&#038;origin=https:\/\/maxtormetal.com\" frameborder=\"0\" allow=\"accelerometer; autoplay; clipboard-write; encrypted-media; gyroscope; picture-in-picture; web-share\" referrerpolicy=\"strict-origin-when-cross-origin\" allowfullscreen><\/iframe><\/p>","protected":false},"excerpt":{"rendered":"<p>What do Sheeter Knives Mean? Sheeter knives, also known as cut-off knives or cross-cutting knives, are industrial cutting blades used in sheeter machines. These machines are designed to cut large rolls of material, most commonly paper, but also including board, non-woven fabrics, film, foil, labels, tape, textiles, packaging materials, carpet, rubber, and even thin metals, [&hellip;]<\/p>","protected":false},"featured_media":2996,"template":"","meta":[],"product_cat":[99,108],"product_tag":[439],"yoast_head":"<!-- This site is optimized with the Yoast SEO Premium plugin v23.6 (Yoast SEO v23.6) - https:\/\/yoast.com\/wordpress\/plugins\/seo\/ -->\n<title>Sheeter Knives - Metal Industrial, Industrial Blade Manufacturer, Cutting Knives and blades, Machine Knives and blades supplier, Custom Blades solution<\/title>\n<meta name=\"description\" content=\"Explore our high-quality sheeter knives and paper sheeter blades for precise cutting of paper, film, and more. Find durable rotary sheeter blades, carbide blades, and custom sheeter knives for your converting needs.\" \/>\n<meta name=\"robots\" content=\"index, follow, max-snippet:-1, max-image-preview:large, max-video-preview:-1\" \/>\n<link rel=\"canonical\" href=\"https:\/\/maxtormetal.com\/it\/prodotto\/lame-per-tagliatrice\/\" \/>\n<meta property=\"og:locale\" content=\"it_IT\" \/>\n<meta property=\"og:type\" content=\"article\" \/>\n<meta property=\"og:title\" content=\"Sheeter Knives\" \/>\n<meta property=\"og:description\" content=\"Explore our high-quality sheeter knives and paper sheeter blades for precise cutting of paper, film, and more. Find durable rotary sheeter blades, carbide blades, and custom sheeter knives for your converting needs.\" \/>\n<meta property=\"og:url\" content=\"https:\/\/maxtormetal.com\/it\/prodotto\/lame-per-tagliatrice\/\" \/>\n<meta property=\"og:site_name\" content=\"Metal Industrial, Industrial Blade Manufacturer, Cutting Knives and blades, Machine Knives and blades supplier, Custom Blades solution\" \/>\n<meta property=\"article:publisher\" content=\"https:\/\/www.facebook.com\/mengli.tang.3\" \/>\n<meta property=\"article:modified_time\" content=\"2025-05-08T04:09:50+00:00\" \/>\n<meta property=\"og:image\" content=\"https:\/\/maxtormetal.com\/wp-content\/uploads\/2023\/10\/Sheeter-knives-main1.jpg\" \/>\n\t<meta property=\"og:image:width\" content=\"800\" \/>\n\t<meta property=\"og:image:height\" content=\"800\" \/>\n\t<meta property=\"og:image:type\" content=\"image\/jpeg\" \/>\n<meta name=\"twitter:card\" content=\"summary_large_image\" \/>\n<meta name=\"twitter:site\" content=\"@MengliT13570\" \/>\n<script type=\"application\/ld+json\" class=\"yoast-schema-graph\">{\"@context\":\"https:\/\/schema.org\",\"@graph\":[{\"@type\":[\"WebPage\",\"ItemPage\"],\"@id\":\"https:\/\/maxtormetal.com\/product\/sheeter-knives\/\",\"url\":\"https:\/\/maxtormetal.com\/product\/sheeter-knives\/\",\"name\":\"Sheeter Knives - Metal Industrial, Industrial Blade Manufacturer, Cutting Knives and blades, Machine Knives and blades supplier, Custom Blades solution\",\"isPartOf\":{\"@id\":\"https:\/\/maxtormetal.com\/fr\/#website\"},\"primaryImageOfPage\":{\"@id\":\"https:\/\/maxtormetal.com\/product\/sheeter-knives\/#primaryimage\"},\"image\":{\"@id\":\"https:\/\/maxtormetal.com\/product\/sheeter-knives\/#primaryimage\"},\"thumbnailUrl\":\"https:\/\/maxtormetal.com\/wp-content\/uploads\/2023\/10\/Sheeter-knives-main1.jpg\",\"datePublished\":\"2023-10-05T14:02:44+00:00\",\"dateModified\":\"2025-05-08T04:09:50+00:00\",\"description\":\"Explore our high-quality sheeter knives and paper sheeter blades for precise cutting of paper, film, and more. Find durable rotary sheeter blades, carbide blades, and custom sheeter knives for your converting needs.\",\"breadcrumb\":{\"@id\":\"https:\/\/maxtormetal.com\/product\/sheeter-knives\/#breadcrumb\"},\"inLanguage\":\"it-IT\",\"potentialAction\":[{\"@type\":\"ReadAction\",\"target\":[\"https:\/\/maxtormetal.com\/product\/sheeter-knives\/\"]}]},{\"@type\":\"ImageObject\",\"inLanguage\":\"it-IT\",\"@id\":\"https:\/\/maxtormetal.com\/product\/sheeter-knives\/#primaryimage\",\"url\":\"https:\/\/maxtormetal.com\/wp-content\/uploads\/2023\/10\/Sheeter-knives-main1.jpg\",\"contentUrl\":\"https:\/\/maxtormetal.com\/wp-content\/uploads\/2023\/10\/Sheeter-knives-main1.jpg\",\"width\":800,\"height\":800,\"caption\":\"sheeter-knives\"},{\"@type\":\"BreadcrumbList\",\"@id\":\"https:\/\/maxtormetal.com\/product\/sheeter-knives\/#breadcrumb\",\"itemListElement\":[{\"@type\":\"ListItem\",\"position\":1,\"name\":\"Home\",\"item\":\"https:\/\/maxtormetal.com\/\"},{\"@type\":\"ListItem\",\"position\":2,\"name\":\"Products\",\"item\":\"https:\/\/maxtormetal.com\/products\/\"},{\"@type\":\"ListItem\",\"position\":3,\"name\":\"Sheeter Knives\"}]},{\"@type\":\"WebSite\",\"@id\":\"https:\/\/maxtormetal.com\/fr\/#website\",\"url\":\"https:\/\/maxtormetal.com\/fr\/\",\"name\":\"Metal Industrial, Industrial Blade Manufacturer, Cutting Knives and blades, Machine Knives and blades supplier, Custom Blades solution\",\"description\":\"Mechanical blades and knives supplier for all machines made by China\",\"publisher\":{\"@id\":\"https:\/\/maxtormetal.com\/fr\/#organization\"},\"potentialAction\":[{\"@type\":\"SearchAction\",\"target\":{\"@type\":\"EntryPoint\",\"urlTemplate\":\"https:\/\/maxtormetal.com\/fr\/?s={search_term_string}\"},\"query-input\":{\"@type\":\"PropertyValueSpecification\",\"valueRequired\":true,\"valueName\":\"search_term_string\"}}],\"inLanguage\":\"it-IT\"},{\"@type\":[\"Organization\",\"Place\"],\"@id\":\"https:\/\/maxtormetal.com\/fr\/#organization\",\"name\":\"Nanjing Metal Industrial CO., Limited\",\"alternateName\":\"Metal Industrial\",\"url\":\"https:\/\/maxtormetal.com\/fr\/\",\"logo\":{\"@id\":\"https:\/\/maxtormetal.com\/product\/sheeter-knives\/#local-main-organization-logo\"},\"image\":{\"@id\":\"https:\/\/maxtormetal.com\/product\/sheeter-knives\/#local-main-organization-logo\"},\"sameAs\":[\"https:\/\/www.facebook.com\/mengli.tang.3\",\"https:\/\/x.com\/MengliT13570\",\"https:\/\/www.linkedin.com\/in\/metalindustrial\/\"],\"description\":\"NanjingMetal is specialized in manufacturing and supplying industrial blades and knives, and its main business is to provide customers with customized industrial blades to meet their specific needs. With an experienced design and production team, we utilize the supply chain advantage in China to provide customers with competitive high quality industrial blades and knives.\",\"legalName\":\"Nanjing Metal Industrial CO., Limited\",\"foundingDate\":\"2006-02-18\",\"numberOfEmployees\":{\"@type\":\"QuantitativeValue\",\"minValue\":\"11\",\"maxValue\":\"50\"},\"telephone\":[],\"openingHoursSpecification\":[{\"@type\":\"OpeningHoursSpecification\",\"dayOfWeek\":[\"Monday\",\"Tuesday\",\"Wednesday\",\"Thursday\",\"Friday\",\"Saturday\",\"Sunday\"],\"opens\":\"09:00\",\"closes\":\"17:00\"}]},{\"@type\":\"ImageObject\",\"inLanguage\":\"it-IT\",\"@id\":\"https:\/\/maxtormetal.com\/product\/sheeter-knives\/#local-main-organization-logo\",\"url\":\"https:\/\/maxtormetal.com\/wp-content\/uploads\/2023\/08\/cropped-cropped-logo-\u526f\u672c-\u526f\u672c-e1693303172756-1.png\",\"contentUrl\":\"https:\/\/maxtormetal.com\/wp-content\/uploads\/2023\/08\/cropped-cropped-logo-\u526f\u672c-\u526f\u672c-e1693303172756-1.png\",\"width\":441,\"height\":132,\"caption\":\"Nanjing Metal Industrial CO., Limited\"}]}<\/script>\n<!-- \/ Yoast SEO Premium plugin. -->","yoast_head_json":{"title":"Sheeter Knives - Metal Industrial, Industrial Blade Manufacturer, Cutting Knives and blades, Machine Knives and blades supplier, Custom Blades solution","description":"Explore our high-quality sheeter knives and paper sheeter blades for precise cutting of paper, film, and more. Find durable rotary sheeter blades, carbide blades, and custom sheeter knives for your converting needs.","robots":{"index":"index","follow":"follow","max-snippet":"max-snippet:-1","max-image-preview":"max-image-preview:large","max-video-preview":"max-video-preview:-1"},"canonical":"https:\/\/maxtormetal.com\/it\/prodotto\/lame-per-tagliatrice\/","og_locale":"it_IT","og_type":"article","og_title":"Sheeter Knives","og_description":"Explore our high-quality sheeter knives and paper sheeter blades for precise cutting of paper, film, and more. Find durable rotary sheeter blades, carbide blades, and custom sheeter knives for your converting needs.","og_url":"https:\/\/maxtormetal.com\/it\/prodotto\/lame-per-tagliatrice\/","og_site_name":"Metal Industrial, Industrial Blade Manufacturer, Cutting Knives and blades, Machine Knives and blades supplier, Custom Blades solution","article_publisher":"https:\/\/www.facebook.com\/mengli.tang.3","article_modified_time":"2025-05-08T04:09:50+00:00","og_image":[{"width":800,"height":800,"url":"https:\/\/maxtormetal.com\/wp-content\/uploads\/2023\/10\/Sheeter-knives-main1.jpg","type":"image\/jpeg"}],"twitter_card":"summary_large_image","twitter_site":"@MengliT13570","schema":{"@context":"https:\/\/schema.org","@graph":[{"@type":["WebPage","ItemPage"],"@id":"https:\/\/maxtormetal.com\/product\/sheeter-knives\/","url":"https:\/\/maxtormetal.com\/product\/sheeter-knives\/","name":"Sheeter Knives - Metal Industrial, Industrial Blade Manufacturer, Cutting Knives and blades, Machine Knives and blades supplier, Custom Blades solution","isPartOf":{"@id":"https:\/\/maxtormetal.com\/fr\/#website"},"primaryImageOfPage":{"@id":"https:\/\/maxtormetal.com\/product\/sheeter-knives\/#primaryimage"},"image":{"@id":"https:\/\/maxtormetal.com\/product\/sheeter-knives\/#primaryimage"},"thumbnailUrl":"https:\/\/maxtormetal.com\/wp-content\/uploads\/2023\/10\/Sheeter-knives-main1.jpg","datePublished":"2023-10-05T14:02:44+00:00","dateModified":"2025-05-08T04:09:50+00:00","description":"Explore our high-quality sheeter knives and paper sheeter blades for precise cutting of paper, film, and more. Find durable rotary sheeter blades, carbide blades, and custom sheeter knives for your converting needs.","breadcrumb":{"@id":"https:\/\/maxtormetal.com\/product\/sheeter-knives\/#breadcrumb"},"inLanguage":"it-IT","potentialAction":[{"@type":"ReadAction","target":["https:\/\/maxtormetal.com\/product\/sheeter-knives\/"]}]},{"@type":"ImageObject","inLanguage":"it-IT","@id":"https:\/\/maxtormetal.com\/product\/sheeter-knives\/#primaryimage","url":"https:\/\/maxtormetal.com\/wp-content\/uploads\/2023\/10\/Sheeter-knives-main1.jpg","contentUrl":"https:\/\/maxtormetal.com\/wp-content\/uploads\/2023\/10\/Sheeter-knives-main1.jpg","width":800,"height":800,"caption":"sheeter-knives"},{"@type":"BreadcrumbList","@id":"https:\/\/maxtormetal.com\/product\/sheeter-knives\/#breadcrumb","itemListElement":[{"@type":"ListItem","position":1,"name":"Home","item":"https:\/\/maxtormetal.com\/"},{"@type":"ListItem","position":2,"name":"Products","item":"https:\/\/maxtormetal.com\/products\/"},{"@type":"ListItem","position":3,"name":"Sheeter Knives"}]},{"@type":"WebSite","@id":"https:\/\/maxtormetal.com\/fr\/#website","url":"https:\/\/maxtormetal.com\/fr\/","name":"Metal Industrial, Industrial Blade Manufacturer, Cutting Knives and blades, Machine Knives and blades supplier, Custom Blades solution","description":"Mechanical blades and knives supplier for all machines made by China","publisher":{"@id":"https:\/\/maxtormetal.com\/fr\/#organization"},"potentialAction":[{"@type":"SearchAction","target":{"@type":"EntryPoint","urlTemplate":"https:\/\/maxtormetal.com\/fr\/?s={search_term_string}"},"query-input":{"@type":"PropertyValueSpecification","valueRequired":true,"valueName":"search_term_string"}}],"inLanguage":"it-IT"},{"@type":["Organization","Place"],"@id":"https:\/\/maxtormetal.com\/fr\/#organization","name":"Nanjing Metal Industrial CO., Limited","alternateName":"Metal Industrial","url":"https:\/\/maxtormetal.com\/fr\/","logo":{"@id":"https:\/\/maxtormetal.com\/product\/sheeter-knives\/#local-main-organization-logo"},"image":{"@id":"https:\/\/maxtormetal.com\/product\/sheeter-knives\/#local-main-organization-logo"},"sameAs":["https:\/\/www.facebook.com\/mengli.tang.3","https:\/\/x.com\/MengliT13570","https:\/\/www.linkedin.com\/in\/metalindustrial\/"],"description":"NanjingMetal is specialized in manufacturing and supplying industrial blades and knives, and its main business is to provide customers with customized industrial blades to meet their specific needs. With an experienced design and production team, we utilize the supply chain advantage in China to provide customers with competitive high quality industrial blades and knives.","legalName":"Nanjing Metal Industrial CO., Limited","foundingDate":"2006-02-18","numberOfEmployees":{"@type":"QuantitativeValue","minValue":"11","maxValue":"50"},"telephone":[],"openingHoursSpecification":[{"@type":"OpeningHoursSpecification","dayOfWeek":["Monday","Tuesday","Wednesday","Thursday","Friday","Saturday","Sunday"],"opens":"09:00","closes":"17:00"}]},{"@type":"ImageObject","inLanguage":"it-IT","@id":"https:\/\/maxtormetal.com\/product\/sheeter-knives\/#local-main-organization-logo","url":"https:\/\/maxtormetal.com\/wp-content\/uploads\/2023\/08\/cropped-cropped-logo-\u526f\u672c-\u526f\u672c-e1693303172756-1.png","contentUrl":"https:\/\/maxtormetal.com\/wp-content\/uploads\/2023\/08\/cropped-cropped-logo-\u526f\u672c-\u526f\u672c-e1693303172756-1.png","width":441,"height":132,"caption":"Nanjing Metal Industrial CO., Limited"}]}},"_links":{"self":[{"href":"https:\/\/maxtormetal.com\/it\/wp-json\/wp\/v2\/product\/2993"}],"collection":[{"href":"https:\/\/maxtormetal.com\/it\/wp-json\/wp\/v2\/product"}],"about":[{"href":"https:\/\/maxtormetal.com\/it\/wp-json\/wp\/v2\/types\/product"}],"wp:featuredmedia":[{"embeddable":true,"href":"https:\/\/maxtormetal.com\/it\/wp-json\/wp\/v2\/media\/2996"}],"wp:attachment":[{"href":"https:\/\/maxtormetal.com\/it\/wp-json\/wp\/v2\/media?parent=2993"}],"wp:term":[{"taxonomy":"product_cat","embeddable":true,"href":"https:\/\/maxtormetal.com\/it\/wp-json\/wp\/v2\/product_cat?post=2993"},{"taxonomy":"product_tag","embeddable":true,"href":"https:\/\/maxtormetal.com\/it\/wp-json\/wp\/v2\/product_tag?post=2993"}],"curies":[{"name":"wp","href":"https:\/\/api.w.org\/{rel}","templated":true}]}}