{"id":3009,"date":"2023-10-06T16:45:36","date_gmt":"2023-10-06T08:45:36","guid":{"rendered":"https:\/\/maxtormetal.com\/?post_type=product&#038;p=3009"},"modified":"2025-05-06T18:28:54","modified_gmt":"2025-05-06T10:28:54","slug":"lame-per-affettatrici-di-pane","status":"publish","type":"product","link":"https:\/\/maxtormetal.com\/it\/prodotto\/lame-per-affettatrici-di-pane\/","title":{"rendered":"Lame per Affettatrici per Pane"},"content":{"rendered":"<h2 data-sourcepos=\"1:1-1:38\">Cosa significano le lame delle affettatrici per il pane?<\/h2>\r\n<p data-sourcepos=\"3:1-3:469\">Le lame per affettare il pane, note anche come lame per tagliare il pane o coltelli per affettare i prodotti da forno, sono utensili da taglio specializzati progettati per l&#039;uso nelle macchine affettatrici per il pane. Queste macchine vengono utilizzate in panifici, supermercati e stabilimenti di lavorazione alimentare per tagliare in modo efficiente e uniforme le pagnotte di pane in spessori uniformi. Le lame per affettare il pane sono in genere seghettate per tagliare efficacemente le diverse consistenze del pane, dalla mollica morbida alla crosta.<\/p>\r\n<h2 data-sourcepos=\"5:1-5:47\">Usi e applicazioni delle lame per affettare il pane<\/h2>\r\n<p data-sourcepos=\"7:1-7:121\"><strong>Lame per Affettatrici per Pane<\/strong> Sono essenziali per la lavorazione commerciale e industriale del pane. Le loro principali applicazioni includono:<\/p>\r\n<ul data-sourcepos=\"9:1-14:0\">\r\n<li data-sourcepos=\"9:1-9:132\"><strong>Panetterie:<\/strong> Taglio di pagnotte appena sfornate di vari tipi di pane (ad esempio pane per tramezzini, baguette, pane a lievitazione naturale) per la vendita al dettaglio.<\/li>\r\n<li data-sourcepos=\"10:1-10:74\"><strong>Negozi di alimentari:<\/strong> Forniamo pane preaffettato per la comodit\u00e0 del cliente.<\/li>\r\n<li data-sourcepos=\"11:1-11:130\"><strong>Impianti di lavorazione alimentare:<\/strong> Affettare il pane per la produzione di panini, toast e altre applicazioni nel settore della ristorazione.<\/li>\r\n<li data-sourcepos=\"12:1-12:107\"><strong>Cucine commerciali:<\/strong> Grandi volumi di affettatura del pane per ristoranti, mense e servizi di catering.<\/li>\r\n<li data-sourcepos=\"13:1-14:0\"><strong>Produzione di briciole di pane:<\/strong> Per creare il pangrattato \u00e8 possibile utilizzare alcune lame specifiche per affettare il pane.<\/li>\r\n<\/ul>\r\n<h2 data-sourcepos=\"15:1-15:43\">Materiali comuni per le lame delle affettatrici per il pane<\/h2>\r\n<p data-sourcepos=\"17:1-17:194\">I materiali utilizzati per le lame delle affettatrici per il pane devono essere di qualit\u00e0 alimentare, resistenti alla corrosione e in grado di mantenere un filo affilato e durevole per un taglio uniforme. I materiali pi\u00f9 comuni includono:<\/p>\r\n<ul data-sourcepos=\"19:1-21:0\">\r\n<li data-sourcepos=\"19:1-19:250\"><strong>Acciaio inossidabile (ad esempio, serie 420, 440):<\/strong> L&#039;acciaio inossidabile \u00e8 il materiale pi\u00f9 comune grazie alla sua eccellente resistenza alla corrosione, alla facilit\u00e0 di pulizia e alla facilit\u00e0 di affilatura. Le diverse qualit\u00e0 offrono diversi livelli di durezza e tenuta del filo.<\/li>\r\n<li data-sourcepos=\"20:1-21:0\"><strong>Acciaio inossidabile ad alto tenore di carbonio:<\/strong> Alcune lame per affettare il pane sono realizzate in acciaio inossidabile ad alto tenore di carbonio, che pu\u00f2 garantire una migliore tenuta del filo rispetto all&#039;acciaio inossidabile standard, mantenendo comunque una buona resistenza alla corrosione.<\/li>\r\n<\/ul>\r\n<p data-sourcepos=\"22:1-22:206\">Le lame sono spesso temprate e rinvenute per raggiungere l&#039;equilibrio desiderato tra durezza e tenacit\u00e0. La finitura superficiale \u00e8 in genere liscia per ridurre al minimo l&#039;attrito e impedire che il pane si attacchi alla lama.<\/p>\r\n<h2 data-sourcepos=\"24:1-24:35\">Forme comuni delle lame per affettare il pane<\/h2>\r\n<p data-sourcepos=\"26:1-26:167\">Le lame delle affettatrici per il pane sono quasi universalmente seghettate per tagliare efficacemente la morbida parte interna e la crosta soda del pane. Le forme e le configurazioni pi\u00f9 comuni includono:<\/p>\r\n<ul data-sourcepos=\"28:1-32:0\">\r\n<li data-sourcepos=\"28:1-28:245\"><strong>Lame dritte seghettate:<\/strong> Lame lunghe e dritte con bordo seghettato. Sono comuni nelle affettatrici a ghigliottina. La dimensione e la forma della dentellatura (ad esempio, appuntita, smerlata) possono variare a seconda del tipo di pane da affettare.<\/li>\r\n<li data-sourcepos=\"29:1-29:163\"><strong>Lame seghettate a bande:<\/strong> Fasce continue ad anello con bordi seghettati, utilizzate nelle affettatrici ad alta velocit\u00e0. La fascia si muove continuamente attraverso la pagnotta.<\/li>\r\n<li data-sourcepos=\"30:1-30:161\"><strong>Lame circolari seghettate:<\/strong> Lame circolari a disco con bordo seghettato, utilizzate in alcuni tipi di affettatrici per il pane, in particolare per affettare panini o focaccine.<\/li>\r\n<li data-sourcepos=\"31:1-32:0\"><strong>Lame seghettate alternative:<\/strong> Lame che si muovono avanti e indietro con un bordo seghettato, spesso presenti nelle affettatrici per il pane pi\u00f9 piccole o pi\u00f9 vecchie.<\/li>\r\n<\/ul>\r\n<p data-sourcepos=\"33:1-33:492\">Il principio di funzionamento prevede che il bordo affilato e seghettato della lama dell&#039;affettatrice per pane crei piccoli punti di pressione che avviano il taglio del pane. Le dentellature aiutano ad afferrare la superficie del pane e a segarlo, riducendone la rottura e lo sbriciolamento. Nelle affettatrici a nastro, il movimento continuo della fascia seghettata garantisce un taglio efficiente di pi\u00f9 pagnotte. La spaziatura e la profondit\u00e0 delle dentellature sono attentamente progettate per garantire un taglio netto e preciso su diverse consistenze di pane.<\/p>\r\n<p>\"\u00a0<span style=\"color: #ff9900;\"><em><strong><a style=\"color: #ff9900;\" href=\"https:\/\/maxtormetal.com\/it\/contact\/\" target=\"_blank\" rel=\"noopener\">Benvenuti a richiedere informazioni!<\/a><\/strong><\/em><\/span><\/p>\r\n<p>Se non trovi la lama di taglio che stai cercando, possiamo anche personalizzarla, vedi il nostro \u201c<span style=\"color: #ff9900;\"><a style=\"color: #ff9900;\" href=\"https:\/\/maxtormetal.com\/it\/custom-blades\/\" target=\"_blank\" rel=\"noopener\"><em><strong>Lame Personalizzate<\/strong><\/em><\/a><\/span>\u201d!<\/p>\r\n<h4><span style=\"color: #ff9900;\"><a style=\"color: #ff9900;\" href=\"https:\/\/maxtormetal.com\/it\/brochures\/\" target=\"_blank\" rel=\"noopener\"><strong><em>Apri Brochure<\/em><\/strong><\/a><\/span><\/h4>\r\n<hr \/>\r\n<h2>Perch\u00e9 Scegliere METAL?<\/h2>\r\n<ol>\r\n<li><strong> Servizio di Importazione Completo e Senza Problemi<\/strong><\/li>\r\n<\/ol>\r\n<p>Goditi la comodit\u00e0 di un'importazione senza intoppi. Dal trasporto allo sdoganamento, gestiamo l'intero processo. Tutto ci\u00f2 che devi fare \u00e8 pagare l'IVA e attendere l'arrivo della merce.<\/p>\r\n<ol start=\"2\">\r\n<li><strong> Prezzi Competitivi<\/strong><\/li>\r\n<\/ol>\r\n<p>Abbiamo visto le nostre lame eccellere in innumerevoli applicazioni e siamo pronti per qualsiasi progetto tu ci proponga. Aspettati precisione, durata e prezzi competitivi ineguagliabili.<\/p>\r\n<ol start=\"3\">\r\n<li><strong> ODM &amp; OEM Disponibili<\/strong><\/li>\r\n<\/ol>\r\n<p>Sia che tu fornisca disegni, schizzi o campioni, possiamo progettare e produrre per te. Abbiamo anche l'esperienza per assistere nella modifica di design e specifiche esistenti per migliorare quasi ogni applicazione di utensili industriali. Contatta il nostro team di vendita dedicato per discutere le tue esigenze specifiche.<\/p>\r\n<ol start=\"4\">\r\n<li><strong> Controllo Qualit\u00e0 Rigoroso<\/strong><\/li>\r\n<\/ol>\r\n<p>Vengono eseguite una serie di test e ispezioni per controllare la qualit\u00e0, tra cui l'ispezione del primo articolo, l'ispezione del materiale in ingresso e dei materiali certificati, l'ispezione di qualit\u00e0 in-process e l'ispezione di qualit\u00e0 finale.<\/p>\r\n<ol start=\"5\">\r\n<li><strong> Approvvigionamento Flessibile, Cooperazione Illimitata<\/strong><\/li>\r\n<\/ol>\r\n<p>Che tu sia un importatore, distributore, grossista o utente finale, ti diamo il benvenuto. Approfitta di MOQ minimi, richieste senza problemi e maggiore libert\u00e0 di acquisto.<\/p>\r\n<ol start=\"6\">\r\n<li><strong> Monitoraggio in Tempo Reale del Progresso di Produzione<\/strong><\/li>\r\n<\/ol>\r\n<p>Consideraci il tuo monitor esclusivo. Forniremo aggiornamenti regolari su ogni fase cruciale della tua linea di produzione. Indipendentemente dalla distanza, avrai una visione in tempo reale dello stato di avanzamento del tuo prodotto.<\/p>\r\n<hr \/>\r\n<h2>Dimensioni specifiche comuni:<\/h2>\r\n<p><img loading=\"lazy\" decoding=\"async\" class=\"aligncenter wp-image-5537\" src=\"https:\/\/maxtormetal.com\/wp-content\/uploads\/2023\/10\/Bread-Slicer-Blade-Specification-Sheet11.jpg\" alt=\"\" width=\"803\" height=\"347\" srcset=\"https:\/\/maxtormetal.com\/wp-content\/uploads\/2023\/10\/Bread-Slicer-Blade-Specification-Sheet11.jpg 750w, https:\/\/maxtormetal.com\/wp-content\/uploads\/2023\/10\/Bread-Slicer-Blade-Specification-Sheet11-300x130.jpg 300w, https:\/\/maxtormetal.com\/wp-content\/uploads\/2023\/10\/Bread-Slicer-Blade-Specification-Sheet11-18x8.jpg 18w, https:\/\/maxtormetal.com\/wp-content\/uploads\/2023\/10\/Bread-Slicer-Blade-Specification-Sheet11-600x259.jpg 600w\" sizes=\"(max-width: 803px) 100vw, 803px\" \/><img loading=\"lazy\" decoding=\"async\" class=\"aligncenter wp-image-5535 size-full\" src=\"https:\/\/maxtormetal.com\/wp-content\/uploads\/2023\/10\/Bread-Slicer-Blade0011.jpg\" alt=\"\" width=\"800\" height=\"800\" srcset=\"https:\/\/maxtormetal.com\/wp-content\/uploads\/2023\/10\/Bread-Slicer-Blade0011.jpg 800w, https:\/\/maxtormetal.com\/wp-content\/uploads\/2023\/10\/Bread-Slicer-Blade0011-300x300.jpg 300w, https:\/\/maxtormetal.com\/wp-content\/uploads\/2023\/10\/Bread-Slicer-Blade0011-150x150.jpg 150w, https:\/\/maxtormetal.com\/wp-content\/uploads\/2023\/10\/Bread-Slicer-Blade0011-768x768.jpg 768w, https:\/\/maxtormetal.com\/wp-content\/uploads\/2023\/10\/Bread-Slicer-Blade0011-12x12.jpg 12w, https:\/\/maxtormetal.com\/wp-content\/uploads\/2023\/10\/Bread-Slicer-Blade0011-600x600.jpg 600w, https:\/\/maxtormetal.com\/wp-content\/uploads\/2023\/10\/Bread-Slicer-Blade0011-100x100.jpg 100w\" sizes=\"(max-width: 800px) 100vw, 800px\" \/><img loading=\"lazy\" decoding=\"async\" class=\"aligncenter wp-image-5534 size-full\" src=\"https:\/\/maxtormetal.com\/wp-content\/uploads\/2023\/10\/Bread-Slicer-Blade0031.jpg\" alt=\"\" width=\"800\" height=\"800\" srcset=\"https:\/\/maxtormetal.com\/wp-content\/uploads\/2023\/10\/Bread-Slicer-Blade0031.jpg 800w, https:\/\/maxtormetal.com\/wp-content\/uploads\/2023\/10\/Bread-Slicer-Blade0031-300x300.jpg 300w, https:\/\/maxtormetal.com\/wp-content\/uploads\/2023\/10\/Bread-Slicer-Blade0031-150x150.jpg 150w, https:\/\/maxtormetal.com\/wp-content\/uploads\/2023\/10\/Bread-Slicer-Blade0031-768x768.jpg 768w, https:\/\/maxtormetal.com\/wp-content\/uploads\/2023\/10\/Bread-Slicer-Blade0031-12x12.jpg 12w, https:\/\/maxtormetal.com\/wp-content\/uploads\/2023\/10\/Bread-Slicer-Blade0031-600x600.jpg 600w, https:\/\/maxtormetal.com\/wp-content\/uploads\/2023\/10\/Bread-Slicer-Blade0031-100x100.jpg 100w\" sizes=\"(max-width: 800px) 100vw, 800px\" \/><img loading=\"lazy\" decoding=\"async\" class=\"aligncenter wp-image-5532 size-full\" src=\"https:\/\/maxtormetal.com\/wp-content\/uploads\/2023\/10\/Bread-slicer-blade1.jpg\" alt=\"\" width=\"800\" height=\"800\" srcset=\"https:\/\/maxtormetal.com\/wp-content\/uploads\/2023\/10\/Bread-slicer-blade1.jpg 800w, https:\/\/maxtormetal.com\/wp-content\/uploads\/2023\/10\/Bread-slicer-blade1-300x300.jpg 300w, https:\/\/maxtormetal.com\/wp-content\/uploads\/2023\/10\/Bread-slicer-blade1-150x150.jpg 150w, https:\/\/maxtormetal.com\/wp-content\/uploads\/2023\/10\/Bread-slicer-blade1-768x768.jpg 768w, https:\/\/maxtormetal.com\/wp-content\/uploads\/2023\/10\/Bread-slicer-blade1-12x12.jpg 12w, https:\/\/maxtormetal.com\/wp-content\/uploads\/2023\/10\/Bread-slicer-blade1-600x600.jpg 600w, https:\/\/maxtormetal.com\/wp-content\/uploads\/2023\/10\/Bread-slicer-blade1-100x100.jpg 100w\" sizes=\"(max-width: 800px) 100vw, 800px\" \/> <img loading=\"lazy\" decoding=\"async\" class=\"aligncenter wp-image-5533 size-full\" src=\"https:\/\/maxtormetal.com\/wp-content\/uploads\/2023\/10\/Bread-slicer-blade11.jpg\" alt=\"\" width=\"800\" height=\"800\" srcset=\"https:\/\/maxtormetal.com\/wp-content\/uploads\/2023\/10\/Bread-slicer-blade11.jpg 800w, https:\/\/maxtormetal.com\/wp-content\/uploads\/2023\/10\/Bread-slicer-blade11-300x300.jpg 300w, https:\/\/maxtormetal.com\/wp-content\/uploads\/2023\/10\/Bread-slicer-blade11-150x150.jpg 150w, https:\/\/maxtormetal.com\/wp-content\/uploads\/2023\/10\/Bread-slicer-blade11-768x768.jpg 768w, https:\/\/maxtormetal.com\/wp-content\/uploads\/2023\/10\/Bread-slicer-blade11-12x12.jpg 12w, https:\/\/maxtormetal.com\/wp-content\/uploads\/2023\/10\/Bread-slicer-blade11-600x600.jpg 600w, https:\/\/maxtormetal.com\/wp-content\/uploads\/2023\/10\/Bread-slicer-blade11-100x100.jpg 100w\" sizes=\"(max-width: 800px) 100vw, 800px\" \/> \u00a0\u00a0\u00a0<\/p>","protected":false},"excerpt":{"rendered":"<p>What do Bread Slicer Blades Mean? Bread slicer blades, also known as bread cutting blades or bakery slicer knives, are specialized cutting tools designed for use in bread slicing machines. These machines are used in bakeries, grocery stores, and food processing facilities to efficiently and uniformly slice loaves of bread into consistent thicknesses. Bread slicer [&hellip;]<\/p>","protected":false},"featured_media":2958,"template":"","meta":[],"product_cat":[105,108,109],"product_tag":[432],"yoast_head":"<!-- This site is optimized with the Yoast SEO Premium plugin v23.6 (Yoast SEO v23.6) - https:\/\/yoast.com\/wordpress\/plugins\/seo\/ -->\n<title>Bread Slicer Blades<\/title>\n<meta name=\"description\" content=\"Discover our high-tech bread slicer blades, crafted for bakeries and industrial machines, ensuring precision and durability in every cut.\" \/>\n<meta name=\"robots\" content=\"index, follow, max-snippet:-1, max-image-preview:large, max-video-preview:-1\" \/>\n<link rel=\"canonical\" href=\"https:\/\/maxtormetal.com\/it\/prodotto\/lame-per-affettatrici-di-pane\/\" \/>\n<meta property=\"og:locale\" content=\"it_IT\" \/>\n<meta property=\"og:type\" content=\"article\" \/>\n<meta property=\"og:title\" content=\"Bread Slicer Blades\" \/>\n<meta property=\"og:description\" content=\"Discover our high-tech bread slicer blades, crafted for bakeries and industrial machines, ensuring precision and durability in every cut.\" \/>\n<meta property=\"og:url\" content=\"https:\/\/maxtormetal.com\/it\/prodotto\/lame-per-affettatrici-di-pane\/\" \/>\n<meta property=\"og:site_name\" content=\"Metal Industrial, Industrial Blade Manufacturer, Cutting Knives and blades, Machine Knives and blades supplier, Custom Blades solution\" \/>\n<meta property=\"article:publisher\" content=\"https:\/\/www.facebook.com\/mengli.tang.3\" \/>\n<meta property=\"article:modified_time\" content=\"2025-05-06T10:28:54+00:00\" \/>\n<meta property=\"og:image\" content=\"https:\/\/maxtormetal.com\/wp-content\/uploads\/2023\/10\/Bread-slicer-blades-main1.jpg\" \/>\n\t<meta property=\"og:image:width\" content=\"800\" \/>\n\t<meta property=\"og:image:height\" content=\"800\" \/>\n\t<meta property=\"og:image:type\" content=\"image\/jpeg\" \/>\n<meta name=\"twitter:card\" content=\"summary_large_image\" \/>\n<meta name=\"twitter:site\" content=\"@MengliT13570\" \/>\n<script type=\"application\/ld+json\" class=\"yoast-schema-graph\">{\"@context\":\"https:\/\/schema.org\",\"@graph\":[{\"@type\":[\"WebPage\",\"ItemPage\"],\"@id\":\"https:\/\/maxtormetal.com\/product\/bread-slicer-blades\/\",\"url\":\"https:\/\/maxtormetal.com\/product\/bread-slicer-blades\/\",\"name\":\"Bread Slicer Blades\",\"isPartOf\":{\"@id\":\"https:\/\/maxtormetal.com\/fr\/#website\"},\"primaryImageOfPage\":{\"@id\":\"https:\/\/maxtormetal.com\/product\/bread-slicer-blades\/#primaryimage\"},\"image\":{\"@id\":\"https:\/\/maxtormetal.com\/product\/bread-slicer-blades\/#primaryimage\"},\"thumbnailUrl\":\"https:\/\/maxtormetal.com\/wp-content\/uploads\/2023\/10\/Bread-slicer-blades-main1.jpg\",\"datePublished\":\"2023-10-06T08:45:36+00:00\",\"dateModified\":\"2025-05-06T10:28:54+00:00\",\"description\":\"Discover our high-tech bread slicer blades, crafted for bakeries and industrial machines, ensuring precision and durability in every cut.\",\"breadcrumb\":{\"@id\":\"https:\/\/maxtormetal.com\/product\/bread-slicer-blades\/#breadcrumb\"},\"inLanguage\":\"it-IT\",\"potentialAction\":[{\"@type\":\"ReadAction\",\"target\":[\"https:\/\/maxtormetal.com\/product\/bread-slicer-blades\/\"]}]},{\"@type\":\"ImageObject\",\"inLanguage\":\"it-IT\",\"@id\":\"https:\/\/maxtormetal.com\/product\/bread-slicer-blades\/#primaryimage\",\"url\":\"https:\/\/maxtormetal.com\/wp-content\/uploads\/2023\/10\/Bread-slicer-blades-main1.jpg\",\"contentUrl\":\"https:\/\/maxtormetal.com\/wp-content\/uploads\/2023\/10\/Bread-slicer-blades-main1.jpg\",\"width\":800,\"height\":800,\"caption\":\"bread-slicer-blades-main\"},{\"@type\":\"BreadcrumbList\",\"@id\":\"https:\/\/maxtormetal.com\/product\/bread-slicer-blades\/#breadcrumb\",\"itemListElement\":[{\"@type\":\"ListItem\",\"position\":1,\"name\":\"Home\",\"item\":\"https:\/\/maxtormetal.com\/\"},{\"@type\":\"ListItem\",\"position\":2,\"name\":\"Products\",\"item\":\"https:\/\/maxtormetal.com\/products\/\"},{\"@type\":\"ListItem\",\"position\":3,\"name\":\"Bread Slicer Blades\"}]},{\"@type\":\"WebSite\",\"@id\":\"https:\/\/maxtormetal.com\/fr\/#website\",\"url\":\"https:\/\/maxtormetal.com\/fr\/\",\"name\":\"Metal Industrial, Industrial Blade Manufacturer, Cutting Knives and blades, Machine Knives and blades supplier, Custom Blades solution\",\"description\":\"Mechanical blades and knives supplier for all machines made by China\",\"publisher\":{\"@id\":\"https:\/\/maxtormetal.com\/fr\/#organization\"},\"potentialAction\":[{\"@type\":\"SearchAction\",\"target\":{\"@type\":\"EntryPoint\",\"urlTemplate\":\"https:\/\/maxtormetal.com\/fr\/?s={search_term_string}\"},\"query-input\":{\"@type\":\"PropertyValueSpecification\",\"valueRequired\":true,\"valueName\":\"search_term_string\"}}],\"inLanguage\":\"it-IT\"},{\"@type\":[\"Organization\",\"Place\"],\"@id\":\"https:\/\/maxtormetal.com\/fr\/#organization\",\"name\":\"Nanjing Metal Industrial CO., Limited\",\"alternateName\":\"Metal Industrial\",\"url\":\"https:\/\/maxtormetal.com\/fr\/\",\"logo\":{\"@id\":\"https:\/\/maxtormetal.com\/product\/bread-slicer-blades\/#local-main-organization-logo\"},\"image\":{\"@id\":\"https:\/\/maxtormetal.com\/product\/bread-slicer-blades\/#local-main-organization-logo\"},\"sameAs\":[\"https:\/\/www.facebook.com\/mengli.tang.3\",\"https:\/\/x.com\/MengliT13570\",\"https:\/\/www.linkedin.com\/in\/metalindustrial\/\"],\"description\":\"NanjingMetal is specialized in manufacturing and supplying industrial blades and knives, and its main business is to provide customers with customized industrial blades to meet their specific needs. With an experienced design and production team, we utilize the supply chain advantage in China to provide customers with competitive high quality industrial blades and knives.\",\"legalName\":\"Nanjing Metal Industrial CO., Limited\",\"foundingDate\":\"2006-02-18\",\"numberOfEmployees\":{\"@type\":\"QuantitativeValue\",\"minValue\":\"11\",\"maxValue\":\"50\"},\"telephone\":[],\"openingHoursSpecification\":[{\"@type\":\"OpeningHoursSpecification\",\"dayOfWeek\":[\"Monday\",\"Tuesday\",\"Wednesday\",\"Thursday\",\"Friday\",\"Saturday\",\"Sunday\"],\"opens\":\"09:00\",\"closes\":\"17:00\"}]},{\"@type\":\"ImageObject\",\"inLanguage\":\"it-IT\",\"@id\":\"https:\/\/maxtormetal.com\/product\/bread-slicer-blades\/#local-main-organization-logo\",\"url\":\"https:\/\/maxtormetal.com\/wp-content\/uploads\/2023\/08\/cropped-cropped-logo-\u526f\u672c-\u526f\u672c-e1693303172756-1.png\",\"contentUrl\":\"https:\/\/maxtormetal.com\/wp-content\/uploads\/2023\/08\/cropped-cropped-logo-\u526f\u672c-\u526f\u672c-e1693303172756-1.png\",\"width\":441,\"height\":132,\"caption\":\"Nanjing Metal Industrial CO., Limited\"}]}<\/script>\n<!-- \/ Yoast SEO Premium plugin. -->","yoast_head_json":{"title":"Bread Slicer Blades","description":"Discover our high-tech bread slicer blades, crafted for bakeries and industrial machines, ensuring precision and durability in every cut.","robots":{"index":"index","follow":"follow","max-snippet":"max-snippet:-1","max-image-preview":"max-image-preview:large","max-video-preview":"max-video-preview:-1"},"canonical":"https:\/\/maxtormetal.com\/it\/prodotto\/lame-per-affettatrici-di-pane\/","og_locale":"it_IT","og_type":"article","og_title":"Bread Slicer Blades","og_description":"Discover our high-tech bread slicer blades, crafted for bakeries and industrial machines, ensuring precision and durability in every cut.","og_url":"https:\/\/maxtormetal.com\/it\/prodotto\/lame-per-affettatrici-di-pane\/","og_site_name":"Metal Industrial, Industrial Blade Manufacturer, Cutting Knives and blades, Machine Knives and blades supplier, Custom Blades solution","article_publisher":"https:\/\/www.facebook.com\/mengli.tang.3","article_modified_time":"2025-05-06T10:28:54+00:00","og_image":[{"width":800,"height":800,"url":"https:\/\/maxtormetal.com\/wp-content\/uploads\/2023\/10\/Bread-slicer-blades-main1.jpg","type":"image\/jpeg"}],"twitter_card":"summary_large_image","twitter_site":"@MengliT13570","schema":{"@context":"https:\/\/schema.org","@graph":[{"@type":["WebPage","ItemPage"],"@id":"https:\/\/maxtormetal.com\/product\/bread-slicer-blades\/","url":"https:\/\/maxtormetal.com\/product\/bread-slicer-blades\/","name":"Bread Slicer Blades","isPartOf":{"@id":"https:\/\/maxtormetal.com\/fr\/#website"},"primaryImageOfPage":{"@id":"https:\/\/maxtormetal.com\/product\/bread-slicer-blades\/#primaryimage"},"image":{"@id":"https:\/\/maxtormetal.com\/product\/bread-slicer-blades\/#primaryimage"},"thumbnailUrl":"https:\/\/maxtormetal.com\/wp-content\/uploads\/2023\/10\/Bread-slicer-blades-main1.jpg","datePublished":"2023-10-06T08:45:36+00:00","dateModified":"2025-05-06T10:28:54+00:00","description":"Discover our high-tech bread slicer blades, crafted for bakeries and industrial machines, ensuring precision and durability in every cut.","breadcrumb":{"@id":"https:\/\/maxtormetal.com\/product\/bread-slicer-blades\/#breadcrumb"},"inLanguage":"it-IT","potentialAction":[{"@type":"ReadAction","target":["https:\/\/maxtormetal.com\/product\/bread-slicer-blades\/"]}]},{"@type":"ImageObject","inLanguage":"it-IT","@id":"https:\/\/maxtormetal.com\/product\/bread-slicer-blades\/#primaryimage","url":"https:\/\/maxtormetal.com\/wp-content\/uploads\/2023\/10\/Bread-slicer-blades-main1.jpg","contentUrl":"https:\/\/maxtormetal.com\/wp-content\/uploads\/2023\/10\/Bread-slicer-blades-main1.jpg","width":800,"height":800,"caption":"bread-slicer-blades-main"},{"@type":"BreadcrumbList","@id":"https:\/\/maxtormetal.com\/product\/bread-slicer-blades\/#breadcrumb","itemListElement":[{"@type":"ListItem","position":1,"name":"Home","item":"https:\/\/maxtormetal.com\/"},{"@type":"ListItem","position":2,"name":"Products","item":"https:\/\/maxtormetal.com\/products\/"},{"@type":"ListItem","position":3,"name":"Bread Slicer Blades"}]},{"@type":"WebSite","@id":"https:\/\/maxtormetal.com\/fr\/#website","url":"https:\/\/maxtormetal.com\/fr\/","name":"Metal Industrial, Industrial Blade Manufacturer, Cutting Knives and blades, Machine Knives and blades supplier, Custom Blades solution","description":"Mechanical blades and knives supplier for all machines made by China","publisher":{"@id":"https:\/\/maxtormetal.com\/fr\/#organization"},"potentialAction":[{"@type":"SearchAction","target":{"@type":"EntryPoint","urlTemplate":"https:\/\/maxtormetal.com\/fr\/?s={search_term_string}"},"query-input":{"@type":"PropertyValueSpecification","valueRequired":true,"valueName":"search_term_string"}}],"inLanguage":"it-IT"},{"@type":["Organization","Place"],"@id":"https:\/\/maxtormetal.com\/fr\/#organization","name":"Nanjing Metal Industrial CO., Limited","alternateName":"Metal Industrial","url":"https:\/\/maxtormetal.com\/fr\/","logo":{"@id":"https:\/\/maxtormetal.com\/product\/bread-slicer-blades\/#local-main-organization-logo"},"image":{"@id":"https:\/\/maxtormetal.com\/product\/bread-slicer-blades\/#local-main-organization-logo"},"sameAs":["https:\/\/www.facebook.com\/mengli.tang.3","https:\/\/x.com\/MengliT13570","https:\/\/www.linkedin.com\/in\/metalindustrial\/"],"description":"NanjingMetal is specialized in manufacturing and supplying industrial blades and knives, and its main business is to provide customers with customized industrial blades to meet their specific needs. With an experienced design and production team, we utilize the supply chain advantage in China to provide customers with competitive high quality industrial blades and knives.","legalName":"Nanjing Metal Industrial CO., Limited","foundingDate":"2006-02-18","numberOfEmployees":{"@type":"QuantitativeValue","minValue":"11","maxValue":"50"},"telephone":[],"openingHoursSpecification":[{"@type":"OpeningHoursSpecification","dayOfWeek":["Monday","Tuesday","Wednesday","Thursday","Friday","Saturday","Sunday"],"opens":"09:00","closes":"17:00"}]},{"@type":"ImageObject","inLanguage":"it-IT","@id":"https:\/\/maxtormetal.com\/product\/bread-slicer-blades\/#local-main-organization-logo","url":"https:\/\/maxtormetal.com\/wp-content\/uploads\/2023\/08\/cropped-cropped-logo-\u526f\u672c-\u526f\u672c-e1693303172756-1.png","contentUrl":"https:\/\/maxtormetal.com\/wp-content\/uploads\/2023\/08\/cropped-cropped-logo-\u526f\u672c-\u526f\u672c-e1693303172756-1.png","width":441,"height":132,"caption":"Nanjing Metal Industrial CO., Limited"}]}},"_links":{"self":[{"href":"https:\/\/maxtormetal.com\/it\/wp-json\/wp\/v2\/product\/3009"}],"collection":[{"href":"https:\/\/maxtormetal.com\/it\/wp-json\/wp\/v2\/product"}],"about":[{"href":"https:\/\/maxtormetal.com\/it\/wp-json\/wp\/v2\/types\/product"}],"wp:featuredmedia":[{"embeddable":true,"href":"https:\/\/maxtormetal.com\/it\/wp-json\/wp\/v2\/media\/2958"}],"wp:attachment":[{"href":"https:\/\/maxtormetal.com\/it\/wp-json\/wp\/v2\/media?parent=3009"}],"wp:term":[{"taxonomy":"product_cat","embeddable":true,"href":"https:\/\/maxtormetal.com\/it\/wp-json\/wp\/v2\/product_cat?post=3009"},{"taxonomy":"product_tag","embeddable":true,"href":"https:\/\/maxtormetal.com\/it\/wp-json\/wp\/v2\/product_tag?post=3009"}],"curies":[{"name":"wp","href":"https:\/\/api.w.org\/{rel}","templated":true}]}}