{"id":3010,"date":"2023-10-06T16:49:30","date_gmt":"2023-10-06T08:49:30","guid":{"rendered":"https:\/\/maxtormetal.com\/?post_type=product&#038;p=3010"},"modified":"2025-05-06T18:53:44","modified_gmt":"2025-05-06T10:53:44","slug":"lame-per-lavorazione-pesce","status":"publish","type":"product","link":"https:\/\/maxtormetal.com\/it\/prodotto\/lame-per-lavorazione-pesce\/","title":{"rendered":"Lame per la Lavorazione del Pesce"},"content":{"rendered":"<h2 data-sourcepos=\"1:1-1:41\">Cosa significano le lame per la lavorazione del pesce?<\/h2>\r\n<p data-sourcepos=\"3:1-3:518\">Le lame per la lavorazione del pesce, note anche come coltelli da taglio o coltelli da pesca, sono utensili da taglio specializzati progettati per l&#039;uso nell&#039;industria ittica. Queste lame sono progettate per tagliare, sfilettare, eviscerare, spellare e lavorare in modo efficiente e preciso vari tipi di pesce e frutti di mare. Il termine &quot;lame per la lavorazione del pesce&quot; comprende un&#039;ampia gamma di coltelli con forme, dimensioni e flessibilit\u00e0 specifiche, studiati appositamente per le diverse attivit\u00e0 di preparazione del pesce per il consumo o per l&#039;ulteriore lavorazione.<\/p>\r\n<h2 data-sourcepos=\"5:1-5:50\">Usi e applicazioni delle lame per la lavorazione del pesce<\/h2>\r\n<p data-sourcepos=\"7:1-7:179\"><strong>Lame per la Lavorazione del Pesce<\/strong> Sono strumenti indispensabili negli impianti di lavorazione del pesce commerciali e industriali, nonch\u00e9 nelle attivit\u00e0 su piccola scala. Le loro principali applicazioni includono:<\/p>\r\n<ul data-sourcepos=\"9:1-17:0\">\r\n<li data-sourcepos=\"9:1-9:127\"><strong>Filettatura:<\/strong> Separare la polpa del pesce dalle lische riducendo al minimo gli sprechi, utilizzando coltelli da sfilettatura flessibili e affilati.<\/li>\r\n<li data-sourcepos=\"10:1-10:138\"><strong>Eviscerazione ed eviscerazione:<\/strong> Rimozione degli organi interni del pesce mediante l&#039;utilizzo di coltelli speciali con punte affilate e manici ergonomici.<\/li>\r\n<li data-sourcepos=\"11:1-11:101\"><strong>Scuoiatura:<\/strong> Rimuovere la pelle dai filetti di pesce utilizzando coltelli spelafili con lame sottili e flessibili.<\/li>\r\n<li data-sourcepos=\"12:1-12:104\"><strong>Rimozione di testa e coda:<\/strong> Tagliare la testa e la coda del pesce utilizzando lame robuste e affilate.<\/li>\r\n<li data-sourcepos=\"13:1-13:121\"><strong>Porzioni e bistecca:<\/strong> Tagliare i filetti di pesce o il pesce intero in porzioni uniformi o in bistecche per il confezionamento e la vendita.<\/li>\r\n<li data-sourcepos=\"14:1-14:76\"><strong>Rifinitura:<\/strong> Rimozione di pinne, squame e altre parti indesiderate del pesce.<\/li>\r\n<li data-sourcepos=\"15:1-15:73\"><strong>Disosso:<\/strong> Rimozione delle lische e di altre piccole lische dai filetti di pesce.<\/li>\r\n<li data-sourcepos=\"16:1-17:0\"><strong>Lavorazione dei molluschi:<\/strong> Per aprire ostriche, vongole e altri molluschi, nonch\u00e9 per estrarre la carne da granchi e aragoste, si utilizzano coltelli appositi.<\/li>\r\n<\/ul>\r\n<h2 data-sourcepos=\"18:1-18:46\">Materiali comuni per le lame per la lavorazione del pesce<\/h2>\r\n<p data-sourcepos=\"20:1-20:231\">I materiali utilizzati per <strong>Lame per la Lavorazione del Pesce<\/strong> Devono essere di qualit\u00e0 alimentare, resistenti alla corrosione (a causa della costante esposizione all&#039;acqua e ai liquidi di pesce) e in grado di mantenere un filo affilato per un taglio efficiente. I materiali pi\u00f9 comuni includono:<\/p>\r\n<ul data-sourcepos=\"22:1-23:0\">\r\n<li data-sourcepos=\"22:1-23:0\"><strong>Acciaio inossidabile (ad esempio, serie 420, 440, AUS-8, VG-10):<\/strong> L&#039;acciaio inossidabile \u00e8 il materiale pi\u00f9 comune grazie alla sua eccellente resistenza alla corrosione, alla facilit\u00e0 di pulizia e sterilizzazione e alla capacit\u00e0 di essere affilato con un filo sottile. Le diverse qualit\u00e0 offrono diversi livelli di durezza, tenuta del filo e flessibilit\u00e0. Gli acciai inossidabili ad alto tenore di carbonio offrono spesso un migliore equilibrio tra affilatura e durata.<\/li>\r\n<\/ul>\r\n<p data-sourcepos=\"24:1-24:326\">Le lame sono spesso temprate e rinvenute per raggiungere l&#039;equilibrio desiderato tra durezza e flessibilit\u00e0, a seconda dell&#039;applicazione specifica. Ad esempio, i coltelli per filettare richiedono flessibilit\u00e0, mentre i coltelli per intestatura necessitano di maggiore rigidit\u00e0. La finitura superficiale \u00e8 in genere liscia per facilitare la pulizia e prevenire la formazione di batteri.<\/p>\r\n<h2 data-sourcepos=\"26:1-26:38\">Forme comuni delle lame per la lavorazione del pesce<\/h2>\r\n<p data-sourcepos=\"28:1-28:100\">Le lame per la lavorazione del pesce sono disponibili in diverse forme e dimensioni, ciascuna progettata per un compito specifico:<\/p>\r\n<ul data-sourcepos=\"30:1-39:0\">\r\n<li data-sourcepos=\"30:1-30:198\"><strong>Coltelli per filettare:<\/strong> Lame tipicamente lunghe, sottili e flessibili, con una punta appuntita, che consentono una manovra precisa attorno alle lische per separare il filetto. La lunghezza pu\u00f2 variare da 15 a 28 cm o pi\u00f9.<\/li>\r\n<li data-sourcepos=\"31:1-31:148\"><strong>Coltelli per disossare:<\/strong> Pi\u00f9 rigidi dei coltelli da filetto, spesso dotati di una lama stretta e curva e di una punta appuntita, sono progettati per rimuovere le ossa e rifinire la carne.<\/li>\r\n<li data-sourcepos=\"32:1-32:128\"><strong>Coltelli per scuoiare:<\/strong> Lame sottili e flessibili con un bordo leggermente rialzato o sfalsato per separare facilmente la pelle dalla polpa.<\/li>\r\n<li data-sourcepos=\"33:1-33:138\"><strong>Coltelli da taglio:<\/strong> Lame robuste, spesso corte, dotate di una spina dorsale robusta, progettate per tagliare le ossa e rimuovere la testa e la coda.<\/li>\r\n<li data-sourcepos=\"34:1-34:168\"><strong>Coltelli per eviscerare:<\/strong> Pu\u00f2 avere forme diverse, spesso con la punta appuntita e talvolta una lama curva per facilitare l&#039;apertura della cavit\u00e0 del pesce e l&#039;estrazione degli organi interni.<\/li>\r\n<li data-sourcepos=\"35:1-35:115\"><strong>Coltelli da bistecca:<\/strong> Lame robuste, spesso con bordo seghettato o dritto, per tagliare il pesce in bistecche uniformi.<\/li>\r\n<li data-sourcepos=\"36:1-36:107\"><strong>Coltelli per ostriche:<\/strong> Lame corte e spesse con una punta robusta e appuntita, studiate per aprire a forza i gusci delle ostriche.<\/li>\r\n<li data-sourcepos=\"37:1-37:106\"><strong>Coltelli a vongole:<\/strong> Lame pi\u00f9 sottili rispetto ai coltelli per ostriche, spesso con una punta smussata da inserire tra le conchiglie.<\/li>\r\n<li data-sourcepos=\"38:1-39:0\"><strong>Sventratori di gamberi:<\/strong> Piccoli utensili specializzati con una punta affilata per rimuovere la vena dai gamberetti.<\/li>\r\n<\/ul>\r\n<p data-sourcepos=\"40:1-40:508\">Il principio di funzionamento prevede che il bordo affilato della lama per la lavorazione del pesce recida i tessuti del pesce con il minimo rischio di strappi o danni. La forma specifica e la flessibilit\u00e0 della lama consentono all&#039;utente di seguire i contorni del pesce, di muoversi intorno alle lische e di svolgere compiti specifici in modo efficiente. Anche le impugnature ergonomiche sono fondamentali per ridurre l&#039;affaticamento durante l&#039;uso prolungato negli ambienti di lavorazione. Affilatura e manutenzione adeguate sono essenziali per garantire che le lame rimangano efficaci e sicure.<\/p>\r\n<p>\"\u00a0<span style=\"color: #ff9900;\"><em><strong><a style=\"color: #ff9900;\" href=\"https:\/\/maxtormetal.com\/it\/contact\/\" target=\"_blank\" rel=\"noopener\">Benvenuti a richiedere informazioni!<\/a><\/strong><\/em><\/span><\/p>\r\n<p>Se non trovi la lama di taglio che stai cercando, possiamo anche personalizzarla, vedi il nostro <span style=\"color: #ff9900;\">\u201c<a style=\"color: #ff9900;\" href=\"https:\/\/maxtormetal.com\/it\/custom-blades\/\" target=\"_blank\" rel=\"noopener\"><em><strong>Lame Personalizzate<\/strong><\/em><\/a>\u201d<\/span> per scoprire come fare!<\/p>\r\n<h4><a href=\"https:\/\/maxtormetal.com\/it\/brochures\/\" target=\"_blank\" rel=\"noopener\"><strong><em><span style=\"color: #ff9900;\">Apri Brochure<\/span><\/em><\/strong><\/a><\/h4>\r\n<hr \/>\r\n<h2>Perch\u00e9 Scegliere METAL?<\/h2>\r\n<ol>\r\n<li><strong> Servizio di Importazione Completo e Senza Problemi<\/strong><\/li>\r\n<\/ol>\r\n<p>Goditi la comodit\u00e0 di un'importazione senza intoppi. Dal trasporto allo sdoganamento, gestiamo l'intero processo. Tutto ci\u00f2 che devi fare \u00e8 pagare l'IVA e attendere l'arrivo della merce.<\/p>\r\n<ol start=\"2\">\r\n<li><strong> Prezzi Competitivi<\/strong><\/li>\r\n<\/ol>\r\n<p>Abbiamo visto le nostre lame eccellere in innumerevoli applicazioni e siamo pronti per qualsiasi progetto tu ci proponga. Aspettati precisione, durata e prezzi competitivi ineguagliabili.<\/p>\r\n<ol start=\"3\">\r\n<li><strong> ODM &amp; OEM Disponibili<\/strong><\/li>\r\n<\/ol>\r\n<p>Sia che tu fornisca disegni, schizzi o campioni, possiamo progettare e produrre per te. Abbiamo anche l'esperienza per assistere nella modifica di design e specifiche esistenti per migliorare quasi ogni applicazione di utensili industriali. Contatta il nostro team di vendita dedicato per discutere le tue esigenze specifiche.<\/p>\r\n<ol start=\"4\">\r\n<li><strong> Controllo Qualit\u00e0 Rigoroso<\/strong><\/li>\r\n<\/ol>\r\n<p>Vengono eseguite una serie di test e ispezioni per controllare la qualit\u00e0, tra cui l'ispezione del primo articolo, l'ispezione del materiale in ingresso e dei materiali certificati, l'ispezione di qualit\u00e0 in-process e l'ispezione di qualit\u00e0 finale.<\/p>\r\n<ol start=\"5\">\r\n<li><strong> Approvvigionamento Flessibile, Cooperazione Illimitata<\/strong><\/li>\r\n<\/ol>\r\n<p>Che tu sia un importatore, distributore, grossista o utente finale, ti diamo il benvenuto. Approfitta di MOQ minimi, richieste senza problemi e maggiore libert\u00e0 di acquisto.<\/p>\r\n<ol start=\"6\">\r\n<li><strong> Monitoraggio in Tempo Reale del Progresso di Produzione<\/strong><\/li>\r\n<\/ol>\r\n<p>Consideraci il tuo monitor esclusivo. Forniremo aggiornamenti regolari su ogni fase cruciale della tua linea di produzione. Indipendentemente dalla distanza, avrai una visione in tempo reale dello stato di avanzamento del tuo prodotto.<\/p>\r\n<hr \/>\r\n<p><iframe loading=\"lazy\" title=\"Macchina affettatrice per carne rotonda Lama di taglio\" width=\"800\" height=\"600\" src=\"https:\/\/www.youtube.com\/embed\/iAiDz_CtDrE?feature=oembed&#038;enablejsapi=1&#038;origin=https:\/\/maxtormetal.com\" frameborder=\"0\" allow=\"accelerometer; autoplay; clipboard-write; encrypted-media; gyroscope; picture-in-picture; web-share\" referrerpolicy=\"strict-origin-when-cross-origin\" allowfullscreen><\/iframe><\/p>","protected":false},"excerpt":{"rendered":"<p>What do Fish Processing Blades Mean? Fish processing blades, also known as fish cutting knives or fishery knives, are specialized cutting tools designed for use in the fish processing industry. These blades are engineered to efficiently and precisely cut, fillet, gut, skin, and otherwise process various types of fish and seafood. The term &#8220;fish processing [&hellip;]<\/p>","protected":false},"featured_media":3014,"template":"","meta":[],"product_cat":[107,105,109],"product_tag":[431],"yoast_head":"<!-- This site is optimized with the Yoast SEO Premium plugin v23.6 (Yoast SEO v23.6) - https:\/\/yoast.com\/wordpress\/plugins\/seo\/ -->\n<title>Fish Processing Blades<\/title>\n<meta name=\"description\" content=\"Explore our range of high-quality fish processing blades and fish cutting knives for commercial and industrial use. Find durable fillet knives and more.\" \/>\n<meta name=\"robots\" content=\"index, follow, max-snippet:-1, max-image-preview:large, max-video-preview:-1\" \/>\n<link rel=\"canonical\" href=\"https:\/\/maxtormetal.com\/it\/prodotto\/lame-per-lavorazione-pesce\/\" \/>\n<meta property=\"og:locale\" content=\"it_IT\" \/>\n<meta property=\"og:type\" content=\"article\" \/>\n<meta property=\"og:title\" content=\"Fish Processing Blades\" \/>\n<meta property=\"og:description\" content=\"Explore our range of high-quality fish processing blades and fish cutting knives for commercial and industrial use. Find durable fillet knives and more.\" \/>\n<meta property=\"og:url\" content=\"https:\/\/maxtormetal.com\/it\/prodotto\/lame-per-lavorazione-pesce\/\" \/>\n<meta property=\"og:site_name\" content=\"Metal Industrial, Industrial Blade Manufacturer, Cutting Knives and blades, Machine Knives and blades supplier, Custom Blades solution\" \/>\n<meta property=\"article:publisher\" content=\"https:\/\/www.facebook.com\/mengli.tang.3\" \/>\n<meta property=\"article:modified_time\" content=\"2025-05-06T10:53:44+00:00\" \/>\n<meta property=\"og:image\" content=\"https:\/\/maxtormetal.com\/wp-content\/uploads\/2023\/10\/Fish-processing-blades-main1.jpg\" \/>\n\t<meta property=\"og:image:width\" content=\"800\" \/>\n\t<meta property=\"og:image:height\" content=\"800\" \/>\n\t<meta property=\"og:image:type\" content=\"image\/jpeg\" \/>\n<meta name=\"twitter:card\" content=\"summary_large_image\" \/>\n<meta name=\"twitter:site\" content=\"@MengliT13570\" \/>\n<script type=\"application\/ld+json\" class=\"yoast-schema-graph\">{\"@context\":\"https:\/\/schema.org\",\"@graph\":[{\"@type\":[\"WebPage\",\"ItemPage\"],\"@id\":\"https:\/\/maxtormetal.com\/product\/fish-processing-blades\/\",\"url\":\"https:\/\/maxtormetal.com\/product\/fish-processing-blades\/\",\"name\":\"Fish Processing Blades\",\"isPartOf\":{\"@id\":\"https:\/\/maxtormetal.com\/fr\/#website\"},\"primaryImageOfPage\":{\"@id\":\"https:\/\/maxtormetal.com\/product\/fish-processing-blades\/#primaryimage\"},\"image\":{\"@id\":\"https:\/\/maxtormetal.com\/product\/fish-processing-blades\/#primaryimage\"},\"thumbnailUrl\":\"https:\/\/maxtormetal.com\/wp-content\/uploads\/2023\/10\/Fish-processing-blades-main1.jpg\",\"datePublished\":\"2023-10-06T08:49:30+00:00\",\"dateModified\":\"2025-05-06T10:53:44+00:00\",\"description\":\"Explore our range of high-quality fish processing blades and fish cutting knives for commercial and industrial use. Find durable fillet knives and more.\",\"breadcrumb\":{\"@id\":\"https:\/\/maxtormetal.com\/product\/fish-processing-blades\/#breadcrumb\"},\"inLanguage\":\"it-IT\",\"potentialAction\":[{\"@type\":\"ReadAction\",\"target\":[\"https:\/\/maxtormetal.com\/product\/fish-processing-blades\/\"]}]},{\"@type\":\"ImageObject\",\"inLanguage\":\"it-IT\",\"@id\":\"https:\/\/maxtormetal.com\/product\/fish-processing-blades\/#primaryimage\",\"url\":\"https:\/\/maxtormetal.com\/wp-content\/uploads\/2023\/10\/Fish-processing-blades-main1.jpg\",\"contentUrl\":\"https:\/\/maxtormetal.com\/wp-content\/uploads\/2023\/10\/Fish-processing-blades-main1.jpg\",\"width\":800,\"height\":800},{\"@type\":\"BreadcrumbList\",\"@id\":\"https:\/\/maxtormetal.com\/product\/fish-processing-blades\/#breadcrumb\",\"itemListElement\":[{\"@type\":\"ListItem\",\"position\":1,\"name\":\"Home\",\"item\":\"https:\/\/maxtormetal.com\/\"},{\"@type\":\"ListItem\",\"position\":2,\"name\":\"Products\",\"item\":\"https:\/\/maxtormetal.com\/products\/\"},{\"@type\":\"ListItem\",\"position\":3,\"name\":\"Fish Processing Blades\"}]},{\"@type\":\"WebSite\",\"@id\":\"https:\/\/maxtormetal.com\/fr\/#website\",\"url\":\"https:\/\/maxtormetal.com\/fr\/\",\"name\":\"Metal Industrial, Industrial Blade Manufacturer, Cutting Knives and blades, Machine Knives and blades supplier, Custom Blades solution\",\"description\":\"Mechanical blades and knives supplier for all machines made by China\",\"publisher\":{\"@id\":\"https:\/\/maxtormetal.com\/fr\/#organization\"},\"potentialAction\":[{\"@type\":\"SearchAction\",\"target\":{\"@type\":\"EntryPoint\",\"urlTemplate\":\"https:\/\/maxtormetal.com\/fr\/?s={search_term_string}\"},\"query-input\":{\"@type\":\"PropertyValueSpecification\",\"valueRequired\":true,\"valueName\":\"search_term_string\"}}],\"inLanguage\":\"it-IT\"},{\"@type\":[\"Organization\",\"Place\"],\"@id\":\"https:\/\/maxtormetal.com\/fr\/#organization\",\"name\":\"Nanjing Metal Industrial CO., Limited\",\"alternateName\":\"Metal Industrial\",\"url\":\"https:\/\/maxtormetal.com\/fr\/\",\"logo\":{\"@id\":\"https:\/\/maxtormetal.com\/product\/fish-processing-blades\/#local-main-organization-logo\"},\"image\":{\"@id\":\"https:\/\/maxtormetal.com\/product\/fish-processing-blades\/#local-main-organization-logo\"},\"sameAs\":[\"https:\/\/www.facebook.com\/mengli.tang.3\",\"https:\/\/x.com\/MengliT13570\",\"https:\/\/www.linkedin.com\/in\/metalindustrial\/\"],\"description\":\"NanjingMetal is specialized in manufacturing and supplying industrial blades and knives, and its main business is to provide customers with customized industrial blades to meet their specific needs. With an experienced design and production team, we utilize the supply chain advantage in China to provide customers with competitive high quality industrial blades and knives.\",\"legalName\":\"Nanjing Metal Industrial CO., Limited\",\"foundingDate\":\"2006-02-18\",\"numberOfEmployees\":{\"@type\":\"QuantitativeValue\",\"minValue\":\"11\",\"maxValue\":\"50\"},\"telephone\":[],\"openingHoursSpecification\":[{\"@type\":\"OpeningHoursSpecification\",\"dayOfWeek\":[\"Monday\",\"Tuesday\",\"Wednesday\",\"Thursday\",\"Friday\",\"Saturday\",\"Sunday\"],\"opens\":\"09:00\",\"closes\":\"17:00\"}]},{\"@type\":\"ImageObject\",\"inLanguage\":\"it-IT\",\"@id\":\"https:\/\/maxtormetal.com\/product\/fish-processing-blades\/#local-main-organization-logo\",\"url\":\"https:\/\/maxtormetal.com\/wp-content\/uploads\/2023\/08\/cropped-cropped-logo-\u526f\u672c-\u526f\u672c-e1693303172756-1.png\",\"contentUrl\":\"https:\/\/maxtormetal.com\/wp-content\/uploads\/2023\/08\/cropped-cropped-logo-\u526f\u672c-\u526f\u672c-e1693303172756-1.png\",\"width\":441,\"height\":132,\"caption\":\"Nanjing Metal Industrial CO., Limited\"}]}<\/script>\n<!-- \/ Yoast SEO Premium plugin. -->","yoast_head_json":{"title":"Fish Processing Blades","description":"Explore our range of high-quality fish processing blades and fish cutting knives for commercial and industrial use. Find durable fillet knives and more.","robots":{"index":"index","follow":"follow","max-snippet":"max-snippet:-1","max-image-preview":"max-image-preview:large","max-video-preview":"max-video-preview:-1"},"canonical":"https:\/\/maxtormetal.com\/it\/prodotto\/lame-per-lavorazione-pesce\/","og_locale":"it_IT","og_type":"article","og_title":"Fish Processing Blades","og_description":"Explore our range of high-quality fish processing blades and fish cutting knives for commercial and industrial use. Find durable fillet knives and more.","og_url":"https:\/\/maxtormetal.com\/it\/prodotto\/lame-per-lavorazione-pesce\/","og_site_name":"Metal Industrial, Industrial Blade Manufacturer, Cutting Knives and blades, Machine Knives and blades supplier, Custom Blades solution","article_publisher":"https:\/\/www.facebook.com\/mengli.tang.3","article_modified_time":"2025-05-06T10:53:44+00:00","og_image":[{"width":800,"height":800,"url":"https:\/\/maxtormetal.com\/wp-content\/uploads\/2023\/10\/Fish-processing-blades-main1.jpg","type":"image\/jpeg"}],"twitter_card":"summary_large_image","twitter_site":"@MengliT13570","schema":{"@context":"https:\/\/schema.org","@graph":[{"@type":["WebPage","ItemPage"],"@id":"https:\/\/maxtormetal.com\/product\/fish-processing-blades\/","url":"https:\/\/maxtormetal.com\/product\/fish-processing-blades\/","name":"Fish Processing Blades","isPartOf":{"@id":"https:\/\/maxtormetal.com\/fr\/#website"},"primaryImageOfPage":{"@id":"https:\/\/maxtormetal.com\/product\/fish-processing-blades\/#primaryimage"},"image":{"@id":"https:\/\/maxtormetal.com\/product\/fish-processing-blades\/#primaryimage"},"thumbnailUrl":"https:\/\/maxtormetal.com\/wp-content\/uploads\/2023\/10\/Fish-processing-blades-main1.jpg","datePublished":"2023-10-06T08:49:30+00:00","dateModified":"2025-05-06T10:53:44+00:00","description":"Explore our range of high-quality fish processing blades and fish cutting knives for commercial and industrial use. Find durable fillet knives and more.","breadcrumb":{"@id":"https:\/\/maxtormetal.com\/product\/fish-processing-blades\/#breadcrumb"},"inLanguage":"it-IT","potentialAction":[{"@type":"ReadAction","target":["https:\/\/maxtormetal.com\/product\/fish-processing-blades\/"]}]},{"@type":"ImageObject","inLanguage":"it-IT","@id":"https:\/\/maxtormetal.com\/product\/fish-processing-blades\/#primaryimage","url":"https:\/\/maxtormetal.com\/wp-content\/uploads\/2023\/10\/Fish-processing-blades-main1.jpg","contentUrl":"https:\/\/maxtormetal.com\/wp-content\/uploads\/2023\/10\/Fish-processing-blades-main1.jpg","width":800,"height":800},{"@type":"BreadcrumbList","@id":"https:\/\/maxtormetal.com\/product\/fish-processing-blades\/#breadcrumb","itemListElement":[{"@type":"ListItem","position":1,"name":"Home","item":"https:\/\/maxtormetal.com\/"},{"@type":"ListItem","position":2,"name":"Products","item":"https:\/\/maxtormetal.com\/products\/"},{"@type":"ListItem","position":3,"name":"Fish Processing Blades"}]},{"@type":"WebSite","@id":"https:\/\/maxtormetal.com\/fr\/#website","url":"https:\/\/maxtormetal.com\/fr\/","name":"Metal Industrial, Industrial Blade Manufacturer, Cutting Knives and blades, Machine Knives and blades supplier, Custom Blades solution","description":"Mechanical blades and knives supplier for all machines made by China","publisher":{"@id":"https:\/\/maxtormetal.com\/fr\/#organization"},"potentialAction":[{"@type":"SearchAction","target":{"@type":"EntryPoint","urlTemplate":"https:\/\/maxtormetal.com\/fr\/?s={search_term_string}"},"query-input":{"@type":"PropertyValueSpecification","valueRequired":true,"valueName":"search_term_string"}}],"inLanguage":"it-IT"},{"@type":["Organization","Place"],"@id":"https:\/\/maxtormetal.com\/fr\/#organization","name":"Nanjing Metal Industrial CO., Limited","alternateName":"Metal Industrial","url":"https:\/\/maxtormetal.com\/fr\/","logo":{"@id":"https:\/\/maxtormetal.com\/product\/fish-processing-blades\/#local-main-organization-logo"},"image":{"@id":"https:\/\/maxtormetal.com\/product\/fish-processing-blades\/#local-main-organization-logo"},"sameAs":["https:\/\/www.facebook.com\/mengli.tang.3","https:\/\/x.com\/MengliT13570","https:\/\/www.linkedin.com\/in\/metalindustrial\/"],"description":"NanjingMetal is specialized in manufacturing and supplying industrial blades and knives, and its main business is to provide customers with customized industrial blades to meet their specific needs. With an experienced design and production team, we utilize the supply chain advantage in China to provide customers with competitive high quality industrial blades and knives.","legalName":"Nanjing Metal Industrial CO., Limited","foundingDate":"2006-02-18","numberOfEmployees":{"@type":"QuantitativeValue","minValue":"11","maxValue":"50"},"telephone":[],"openingHoursSpecification":[{"@type":"OpeningHoursSpecification","dayOfWeek":["Monday","Tuesday","Wednesday","Thursday","Friday","Saturday","Sunday"],"opens":"09:00","closes":"17:00"}]},{"@type":"ImageObject","inLanguage":"it-IT","@id":"https:\/\/maxtormetal.com\/product\/fish-processing-blades\/#local-main-organization-logo","url":"https:\/\/maxtormetal.com\/wp-content\/uploads\/2023\/08\/cropped-cropped-logo-\u526f\u672c-\u526f\u672c-e1693303172756-1.png","contentUrl":"https:\/\/maxtormetal.com\/wp-content\/uploads\/2023\/08\/cropped-cropped-logo-\u526f\u672c-\u526f\u672c-e1693303172756-1.png","width":441,"height":132,"caption":"Nanjing Metal Industrial CO., Limited"}]}},"_links":{"self":[{"href":"https:\/\/maxtormetal.com\/it\/wp-json\/wp\/v2\/product\/3010"}],"collection":[{"href":"https:\/\/maxtormetal.com\/it\/wp-json\/wp\/v2\/product"}],"about":[{"href":"https:\/\/maxtormetal.com\/it\/wp-json\/wp\/v2\/types\/product"}],"wp:featuredmedia":[{"embeddable":true,"href":"https:\/\/maxtormetal.com\/it\/wp-json\/wp\/v2\/media\/3014"}],"wp:attachment":[{"href":"https:\/\/maxtormetal.com\/it\/wp-json\/wp\/v2\/media?parent=3010"}],"wp:term":[{"taxonomy":"product_cat","embeddable":true,"href":"https:\/\/maxtormetal.com\/it\/wp-json\/wp\/v2\/product_cat?post=3010"},{"taxonomy":"product_tag","embeddable":true,"href":"https:\/\/maxtormetal.com\/it\/wp-json\/wp\/v2\/product_tag?post=3010"}],"curies":[{"name":"wp","href":"https:\/\/api.w.org\/{rel}","templated":true}]}}