{"id":3024,"date":"2023-10-06T17:01:29","date_gmt":"2023-10-06T09:01:29","guid":{"rendered":"https:\/\/maxtormetal.com\/?post_type=product&#038;p=3024"},"modified":"2025-05-22T21:49:19","modified_gmt":"2025-05-22T13:49:19","slug":"lame-per-lavorazione-pollame","status":"publish","type":"product","link":"https:\/\/maxtormetal.com\/it\/prodotto\/lame-per-lavorazione-pollame\/","title":{"rendered":"Lame per la Lavorazione del Pollo"},"content":{"rendered":"<h3 data-sourcepos=\"3:1-3:43\">Cosa significano le lame per la lavorazione del pollo?<\/h3>\r\n<p data-sourcepos=\"5:1-5:974\">Il termine &quot;Lame per la Lavorazione del Pollo&quot; si riferisce a una categoria specializzata di lame da taglio industriali progettate specificamente per l&#039;uso in macchinari per la lavorazione del pollo. Queste lame sono progettate per svolgere diverse attivit\u00e0 di taglio, affettatura e porzionamento in modo efficiente e igienico all&#039;interno di impianti di lavorazione del pollo ad alto volume. Il design delle lame per la lavorazione del pollo privilegia l&#039;affilatura per tagli puliti, la durata per resistere all&#039;uso continuo e materiali che soddisfano rigorosi standard di sicurezza alimentare per prevenire la contaminazione. Il significato specifico spesso implica lame in grado di gestire diverse parti del pollo, da pollame intero a singoli pezzi, con precisione e velocit\u00e0. Lama per la Lavorazione del Pollo<strong>S<\/strong> sono talvolta chiamate anche &quot;lame per la lavorazione del pollame&quot;, &quot;coltelli per il taglio del pollo (in contesto industriale)&quot;, &quot;lame per la macellazione del pollame&quot; o &quot;lame per il porzionamento del pollo&quot;, a seconda dell&#039;applicazione specifica all&#039;interno della linea di lavorazione.<\/p>\r\n<h3 data-sourcepos=\"7:1-7:54\">Usi e applicazioni delle lame per la lavorazione del pollo<\/h3>\r\n<p data-sourcepos=\"9:1-9:278\">Le lame per la lavorazione del pollo sono strumenti essenziali nei moderni impianti di lavorazione del pollame, in grado di svolgere un&#039;ampia gamma di operazioni di taglio automatizzate e semiautomatiche. Il loro design specifico si adatta alle diverse fasi della linea di lavorazione. I principali utilizzi e scenari applicativi includono:<\/p>\r\n<ul data-sourcepos=\"11:1-18:0\">\r\n<li data-sourcepos=\"11:1-11:188\"><strong>Macellazione ed eviscerazione:<\/strong> Le robuste lame per la lavorazione del pollame vengono utilizzate nei sistemi automatizzati per le fasi iniziali di taglio e separazione, tra cui il taglio del collo e l&#039;apertura della valvola.<\/li>\r\n<li data-sourcepos=\"12:1-12:180\"><strong>Porzioni di pollame intero:<\/strong> Per tagliare polli interi in varie parti, come petti, cosce, sovracosce e ali, con precisione e uniformit\u00e0, si utilizzano lame speciali.<\/li>\r\n<li data-sourcepos=\"13:1-13:180\"><strong>Disosso:<\/strong> Le lame per la lavorazione del pollo dalla forma intricata vengono utilizzate nei processi di disosso automatici e manuali per separare in modo efficiente la carne dalle ossa, riducendo al minimo gli sprechi.<\/li>\r\n<li data-sourcepos=\"14:1-14:163\"><strong>Filettatura e affettatura:<\/strong> Per creare filetti, strisce e altri tagli specifici di carne di pollo destinati alla vendita al dettaglio o all&#039;ulteriore lavorazione si utilizzano lame affilate e precise.<\/li>\r\n<li data-sourcepos=\"15:1-15:144\"><strong>Rifinitura:<\/strong> Per eliminare il grasso in eccesso, la pelle o le imperfezioni dalle parti del pollo si utilizzano lame pi\u00f9 piccole e maneggevoli per la lavorazione del pollame.<\/li>\r\n<li data-sourcepos=\"16:1-16:109\"><strong>Scuoiatura:<\/strong> Le lame specializzate sono progettate per rimuovere in modo efficiente la pelle dalle varie parti del pollo.<\/li>\r\n<li data-sourcepos=\"17:1-18:0\"><strong>Ulteriore elaborazione:<\/strong> Le lame vengono utilizzate nelle macchine che tagliano a dadini, macinano o altrimenti lavorano ulteriormente la carne di pollo per ottenere prodotti come nuggets o salsicce.<\/li>\r\n<\/ul>\r\n<p data-sourcepos=\"19:1-19:214\">Il design specifico, le dimensioni e il materiale della lama per la lavorazione del pollo sono determinati dal compito specifico che deve svolgere, dalla velocit\u00e0 della linea di lavorazione e dagli standard igienici dell&#039;industria alimentare.<\/p>\r\n<h3 data-sourcepos=\"21:1-21:50\">Materiali comuni per le lame per la lavorazione del pollo<\/h3>\r\n<p data-sourcepos=\"23:1-23:221\">I materiali utilizzati nella produzione delle lame per la lavorazione del pollo sono fondamentali per garantire affilatura, durata, resistenza alla corrosione e conformit\u00e0 alle rigorose normative sulla sicurezza alimentare. Tra i materiali pi\u00f9 comuni figurano:<\/p>\r\n<ul data-sourcepos=\"25:1-29:0\">\r\n<li data-sourcepos=\"25:1-25:349\"><strong>Acciaio inossidabile di alta qualit\u00e0:<\/strong> Questo \u00e8 il materiale pi\u00f9 comune grazie alla sua eccellente resistenza alla corrosione, alla possibilit\u00e0 di essere affilato con un filo sottile e alla conformit\u00e0 agli standard di qualit\u00e0 alimentare (ad esempio, serie 304, 420, 440). Diversi gradi offrono diversi livelli di durezza e tenuta del filo per applicazioni specifiche delle lame per la lavorazione del pollame.<\/li>\r\n<li data-sourcepos=\"26:1-26:227\"><strong>Acciaio inossidabile martensitico:<\/strong> Alcuni tipi di acciaio inossidabile martensitico possono essere trattati termicamente per ottenere un&#039;elevata durezza e un&#039;eccellente tenuta del filo, rendendoli adatti alle impegnative attivit\u00e0 di taglio nella lavorazione del pollo.<\/li>\r\n<li data-sourcepos=\"27:1-27:235\"><strong>Materiali ceramici:<\/strong> In alcune applicazioni specializzate, le lame in ceramica per la lavorazione del pollo possono essere utilizzate per la loro estrema durezza, resistenza all&#039;usura e inerzia, impedendo qualsiasi contaminazione metallica del pollo lavorato.<\/li>\r\n<li data-sourcepos=\"28:1-29:0\"><strong>Acciaio Inossidabile Rivestito:<\/strong> Per migliorare la resistenza all&#039;usura e ridurre l&#039;attrito, alcune lame in acciaio inossidabile utilizzate per la lavorazione del pollame possono essere dotate di rivestimenti come il nitruro di titanio o altri materiali adatti agli alimenti.<\/li>\r\n<\/ul>\r\n<p data-sourcepos=\"30:1-30:289\">La scelta del materiale pi\u00f9 adatto per le lame destinate alla lavorazione del pollame dipende dal tipo di taglio, dal volume di lavorazione, dalle procedure di pulizia e igienizzazione e dal rapporto costi-benefici complessivo. La certificazione di qualit\u00e0 alimentare \u00e8 un requisito fondamentale per tutti i materiali utilizzati.<\/p>\r\n<h3 data-sourcepos=\"32:1-32:46\">Forme comuni delle lame per la lavorazione del pollo<\/h3>\r\n<p data-sourcepos=\"34:1-34:181\">Le lame per la lavorazione del pollo sono disponibili in un&#039;ampia variet\u00e0 di forme e dimensioni, ciascuna ottimizzata per specifiche azioni di taglio all&#039;interno della linea di lavorazione del pollo. Alcune forme comuni includono:<\/p>\r\n<ul data-sourcepos=\"36:1-43:0\">\r\n<li data-sourcepos=\"36:1-36:185\"><strong>Lame circolari:<\/strong> Utilizzato in macchine da taglio rotanti per porzionare pollame intero o affettare carne. Sono disponibili diversi diametri e profili dei denti per diverse esigenze di taglio.<\/li>\r\n<li data-sourcepos=\"37:1-37:172\"><strong>Lame dritte:<\/strong> Utilizzata in macchine da taglio lineari per operazioni come sfilettatura, rifilatura e porzionatura. Lunghezza e spessore della lama variano a seconda dell&#039;applicazione.<\/li>\r\n<li data-sourcepos=\"38:1-38:171\"><strong>Lame Curve:<\/strong> Progettato per azioni di taglio specifiche, come la disossatura o la scuoiatura, consente di seguire i contorni e di separare efficacemente la carne dalle ossa o dalla pelle.<\/li>\r\n<li data-sourcepos=\"39:1-39:98\"><strong>Lame a V:<\/strong> Utilizzato per realizzare tagli a V netti e precisi, spesso nelle applicazioni di porzionamento.<\/li>\r\n<li data-sourcepos=\"40:1-40:152\"><strong>Lame dentellate o dentellate:<\/strong> Utilizzato per afferrare e tagliare efficacemente la pelle e la cartilagine, spesso nelle fasi di porzionamento o di taglio iniziale.<\/li>\r\n<li data-sourcepos=\"41:1-41:142\"><strong>Lame fustellatrici:<\/strong> Lame di forma personalizzata utilizzate nelle macchine per stampaggio o fustellatura per creare forme o porzioni specifiche di carne di pollo.<\/li>\r\n<li data-sourcepos=\"42:1-43:0\"><strong>Lame specializzate per disossamento:<\/strong> Lame dalla forma intricata, progettate per muoversi nella struttura ossea e separare efficacemente la carne riducendo al minimo gli sprechi.<\/li>\r\n<\/ul>\r\n<p data-sourcepos=\"44:1-44:266\">La forma specifica della lama per la lavorazione del pollo \u00e8 determinata dal macchinario automatizzato in cui viene utilizzata e dalla precisione di taglio richiesta per la specifica fase di lavorazione del pollo. Anche l&#039;igiene e la facilit\u00e0 di pulizia sono importanti considerazioni progettuali.<\/p>\r\n<p>Se non trovi la lama che cerchi, possiamo anche personalizzarla. Visita la nostra sezione <span style=\"color: #ff9900;\">\u201c<a style=\"color: #ff9900;\" href=\"https:\/\/maxtormetal.com\/it\/custom-blades\/\" target=\"_blank\" rel=\"noopener\"><em><strong>Lame Personalizzate<\/strong><\/em><\/a>\u201d<\/span> per scoprire come!\u00a0<span style=\"color: #ff9900;\"><em><strong><a style=\"color: #ff9900;\" href=\"https:\/\/maxtormetal.com\/it\/contact\/\" target=\"_blank\" rel=\"noopener\">Benvenuti a richiedere informazioni!<\/a><\/strong><\/em><\/span><\/p>\r\n<h4><a href=\"https:\/\/maxtormetal.com\/it\/brochures\/\" target=\"_blank\" rel=\"noopener\"><strong><em><span style=\"color: #ff9900;\">Apri Brochure<\/span><\/em><\/strong><\/a><\/h4>\r\n<hr \/>\r\n<h2>Perch\u00e9 Scegliere METAL?<\/h2>\r\n<ol>\r\n<li>\r\n<h3><strong> Servizio di Importazione Completo e Senza Problemi<\/strong><\/h3>\r\n<\/li>\r\n<\/ol>\r\n<p>Goditi la comodit\u00e0 di un'importazione senza intoppi. Dal trasporto allo sdoganamento, gestiamo l'intero processo. Tutto ci\u00f2 che devi fare \u00e8 pagare l'IVA e attendere l'arrivo della merce.<\/p>\r\n<ol start=\"2\">\r\n<li>\r\n<h3><strong> Prezzi Competitivi<\/strong><\/h3>\r\n<\/li>\r\n<\/ol>\r\n<p>Abbiamo visto le nostre lame eccellere in innumerevoli applicazioni e siamo pronti per qualsiasi progetto tu ci proponga. Aspettati precisione, durata e prezzi competitivi ineguagliabili.<\/p>\r\n<ol start=\"3\">\r\n<li>\r\n<h3><strong> ODM &amp; OEM Disponibili<\/strong><\/h3>\r\n<\/li>\r\n<\/ol>\r\n<p>Sia che tu fornisca disegni, schizzi o campioni, possiamo progettare e produrre per te. Abbiamo anche l'esperienza per assistere nella modifica di design e specifiche esistenti per migliorare quasi ogni applicazione di utensili industriali. Contatta il nostro team di vendita dedicato per discutere le tue esigenze specifiche.<\/p>\r\n<ol start=\"4\">\r\n<li>\r\n<h3><strong> Controllo Qualit\u00e0 Rigoroso<\/strong><\/h3>\r\n<\/li>\r\n<\/ol>\r\n<p>Vengono eseguite una serie di test e ispezioni per controllare la qualit\u00e0, tra cui l'ispezione del primo articolo, l'ispezione del materiale in ingresso e dei materiali certificati, l'ispezione di qualit\u00e0 in-process e l'ispezione di qualit\u00e0 finale.<\/p>\r\n<ol start=\"5\">\r\n<li>\r\n<h3><strong> Approvvigionamento Flessibile, Cooperazione Illimitata<\/strong><\/h3>\r\n<\/li>\r\n<\/ol>\r\n<p>Che tu sia un importatore, distributore, grossista o utente finale, ti diamo il benvenuto. Approfitta di MOQ minimi, richieste senza problemi e maggiore libert\u00e0 di acquisto.<\/p>\r\n<ol start=\"6\">\r\n<li>\r\n<h3><strong> Monitoraggio in Tempo Reale del Progresso di Produzione<\/strong><\/h3>\r\n<\/li>\r\n<\/ol>\r\n<p>Consideraci il tuo monitor esclusivo. Forniremo aggiornamenti regolari su ogni fase cruciale della tua linea di produzione. Indipendentemente dalla distanza, avrai una visione in tempo reale dello stato di avanzamento del tuo prodotto.<\/p>\r\n<hr \/>\r\n<p><iframe loading=\"lazy\" title=\"Lama per affettatrice di verdure per macchina spaccatrice di alimenti con materiale in acciaio inox\" width=\"800\" height=\"600\" src=\"https:\/\/www.youtube.com\/embed\/18ZhKuoGCNA?feature=oembed&#038;enablejsapi=1&#038;origin=https:\/\/maxtormetal.com\" frameborder=\"0\" allow=\"accelerometer; autoplay; clipboard-write; encrypted-media; gyroscope; picture-in-picture; web-share\" referrerpolicy=\"strict-origin-when-cross-origin\" allowfullscreen><\/iframe><\/p>","protected":false},"excerpt":{"rendered":"<p>What do Chicken Processing Blades Mean? The term &#8220;Chicken Processing Blades&#8221; refers to a specialized category of industrial cutting blades designed specifically for use in machinery involved in the processing of chickens. These blades are engineered to perform various cutting, slicing, and portioning tasks efficiently and hygienically within high-volume chicken processing plants. The design of [&hellip;]<\/p>","protected":false},"featured_media":3027,"template":"","meta":[],"product_cat":[110,114,105,109],"product_tag":[428,427],"yoast_head":"<!-- This site is optimized with the Yoast SEO Premium plugin v23.6 (Yoast SEO v23.6) - https:\/\/yoast.com\/wordpress\/plugins\/seo\/ -->\n<title>Chicken Processing Blades - Metal Industrial, Industrial Blade Manufacturer, Cutting Knives and blades, Machine Knives and blades supplier, Custom Blades solution<\/title>\n<meta name=\"description\" content=\"Discover high-quality Chicken Processing Blades designed for efficient and hygienic poultry processing. Explore our range of food-grade blades.\" \/>\n<meta name=\"robots\" content=\"index, follow, max-snippet:-1, max-image-preview:large, max-video-preview:-1\" \/>\n<link rel=\"canonical\" href=\"https:\/\/maxtormetal.com\/it\/prodotto\/lame-per-lavorazione-pollame\/\" \/>\n<meta property=\"og:locale\" content=\"it_IT\" \/>\n<meta property=\"og:type\" content=\"article\" \/>\n<meta property=\"og:title\" content=\"Chicken Processing Blades\" \/>\n<meta property=\"og:description\" content=\"Discover high-quality Chicken Processing Blades designed for efficient and hygienic poultry processing. Explore our range of food-grade blades.\" \/>\n<meta property=\"og:url\" content=\"https:\/\/maxtormetal.com\/it\/prodotto\/lame-per-lavorazione-pollame\/\" \/>\n<meta property=\"og:site_name\" content=\"Metal Industrial, Industrial Blade Manufacturer, Cutting Knives and blades, Machine Knives and blades supplier, Custom Blades solution\" \/>\n<meta property=\"article:publisher\" content=\"https:\/\/www.facebook.com\/mengli.tang.3\" \/>\n<meta property=\"article:modified_time\" content=\"2025-05-22T13:49:19+00:00\" \/>\n<meta property=\"og:image\" content=\"https:\/\/maxtormetal.com\/wp-content\/uploads\/2023\/10\/Chicken-processing-blades-main1.jpg\" \/>\n\t<meta property=\"og:image:width\" content=\"800\" \/>\n\t<meta property=\"og:image:height\" content=\"800\" \/>\n\t<meta property=\"og:image:type\" content=\"image\/jpeg\" \/>\n<meta name=\"twitter:card\" content=\"summary_large_image\" \/>\n<meta name=\"twitter:site\" content=\"@MengliT13570\" \/>\n<script type=\"application\/ld+json\" class=\"yoast-schema-graph\">{\"@context\":\"https:\/\/schema.org\",\"@graph\":[{\"@type\":[\"WebPage\",\"ItemPage\"],\"@id\":\"https:\/\/maxtormetal.com\/product\/chicken-processing-blades\/\",\"url\":\"https:\/\/maxtormetal.com\/product\/chicken-processing-blades\/\",\"name\":\"Chicken Processing Blades - Metal Industrial, Industrial Blade Manufacturer, Cutting Knives and blades, Machine Knives and blades supplier, Custom Blades solution\",\"isPartOf\":{\"@id\":\"https:\/\/maxtormetal.com\/fr\/#website\"},\"primaryImageOfPage\":{\"@id\":\"https:\/\/maxtormetal.com\/product\/chicken-processing-blades\/#primaryimage\"},\"image\":{\"@id\":\"https:\/\/maxtormetal.com\/product\/chicken-processing-blades\/#primaryimage\"},\"thumbnailUrl\":\"https:\/\/maxtormetal.com\/wp-content\/uploads\/2023\/10\/Chicken-processing-blades-main1.jpg\",\"datePublished\":\"2023-10-06T09:01:29+00:00\",\"dateModified\":\"2025-05-22T13:49:19+00:00\",\"description\":\"Discover high-quality Chicken Processing Blades designed for efficient and hygienic poultry processing. Explore our range of food-grade blades.\",\"breadcrumb\":{\"@id\":\"https:\/\/maxtormetal.com\/product\/chicken-processing-blades\/#breadcrumb\"},\"inLanguage\":\"it-IT\",\"potentialAction\":[{\"@type\":\"ReadAction\",\"target\":[\"https:\/\/maxtormetal.com\/product\/chicken-processing-blades\/\"]}]},{\"@type\":\"ImageObject\",\"inLanguage\":\"it-IT\",\"@id\":\"https:\/\/maxtormetal.com\/product\/chicken-processing-blades\/#primaryimage\",\"url\":\"https:\/\/maxtormetal.com\/wp-content\/uploads\/2023\/10\/Chicken-processing-blades-main1.jpg\",\"contentUrl\":\"https:\/\/maxtormetal.com\/wp-content\/uploads\/2023\/10\/Chicken-processing-blades-main1.jpg\",\"width\":800,\"height\":800},{\"@type\":\"BreadcrumbList\",\"@id\":\"https:\/\/maxtormetal.com\/product\/chicken-processing-blades\/#breadcrumb\",\"itemListElement\":[{\"@type\":\"ListItem\",\"position\":1,\"name\":\"Home\",\"item\":\"https:\/\/maxtormetal.com\/\"},{\"@type\":\"ListItem\",\"position\":2,\"name\":\"Products\",\"item\":\"https:\/\/maxtormetal.com\/products\/\"},{\"@type\":\"ListItem\",\"position\":3,\"name\":\"Chicken Processing Blades\"}]},{\"@type\":\"WebSite\",\"@id\":\"https:\/\/maxtormetal.com\/fr\/#website\",\"url\":\"https:\/\/maxtormetal.com\/fr\/\",\"name\":\"Metal Industrial, Industrial Blade Manufacturer, Cutting Knives and blades, Machine Knives and blades supplier, Custom Blades solution\",\"description\":\"Mechanical blades and knives supplier for all machines made by China\",\"publisher\":{\"@id\":\"https:\/\/maxtormetal.com\/fr\/#organization\"},\"potentialAction\":[{\"@type\":\"SearchAction\",\"target\":{\"@type\":\"EntryPoint\",\"urlTemplate\":\"https:\/\/maxtormetal.com\/fr\/?s={search_term_string}\"},\"query-input\":{\"@type\":\"PropertyValueSpecification\",\"valueRequired\":true,\"valueName\":\"search_term_string\"}}],\"inLanguage\":\"it-IT\"},{\"@type\":[\"Organization\",\"Place\"],\"@id\":\"https:\/\/maxtormetal.com\/fr\/#organization\",\"name\":\"Nanjing Metal Industrial CO., Limited\",\"alternateName\":\"Metal Industrial\",\"url\":\"https:\/\/maxtormetal.com\/fr\/\",\"logo\":{\"@id\":\"https:\/\/maxtormetal.com\/product\/chicken-processing-blades\/#local-main-organization-logo\"},\"image\":{\"@id\":\"https:\/\/maxtormetal.com\/product\/chicken-processing-blades\/#local-main-organization-logo\"},\"sameAs\":[\"https:\/\/www.facebook.com\/mengli.tang.3\",\"https:\/\/x.com\/MengliT13570\",\"https:\/\/www.linkedin.com\/in\/metalindustrial\/\"],\"description\":\"NanjingMetal is specialized in manufacturing and supplying industrial blades and knives, and its main business is to provide customers with customized industrial blades to meet their specific needs. With an experienced design and production team, we utilize the supply chain advantage in China to provide customers with competitive high quality industrial blades and knives.\",\"legalName\":\"Nanjing Metal Industrial CO., Limited\",\"foundingDate\":\"2006-02-18\",\"numberOfEmployees\":{\"@type\":\"QuantitativeValue\",\"minValue\":\"11\",\"maxValue\":\"50\"},\"telephone\":[],\"openingHoursSpecification\":[{\"@type\":\"OpeningHoursSpecification\",\"dayOfWeek\":[\"Monday\",\"Tuesday\",\"Wednesday\",\"Thursday\",\"Friday\",\"Saturday\",\"Sunday\"],\"opens\":\"09:00\",\"closes\":\"17:00\"}]},{\"@type\":\"ImageObject\",\"inLanguage\":\"it-IT\",\"@id\":\"https:\/\/maxtormetal.com\/product\/chicken-processing-blades\/#local-main-organization-logo\",\"url\":\"https:\/\/maxtormetal.com\/wp-content\/uploads\/2023\/08\/cropped-cropped-logo-\u526f\u672c-\u526f\u672c-e1693303172756-1.png\",\"contentUrl\":\"https:\/\/maxtormetal.com\/wp-content\/uploads\/2023\/08\/cropped-cropped-logo-\u526f\u672c-\u526f\u672c-e1693303172756-1.png\",\"width\":441,\"height\":132,\"caption\":\"Nanjing Metal Industrial CO., Limited\"}]}<\/script>\n<!-- \/ Yoast SEO Premium plugin. -->","yoast_head_json":{"title":"Chicken Processing Blades - Metal Industrial, Industrial Blade Manufacturer, Cutting Knives and blades, Machine Knives and blades supplier, Custom Blades solution","description":"Discover high-quality Chicken Processing Blades designed for efficient and hygienic poultry processing. Explore our range of food-grade blades.","robots":{"index":"index","follow":"follow","max-snippet":"max-snippet:-1","max-image-preview":"max-image-preview:large","max-video-preview":"max-video-preview:-1"},"canonical":"https:\/\/maxtormetal.com\/it\/prodotto\/lame-per-lavorazione-pollame\/","og_locale":"it_IT","og_type":"article","og_title":"Chicken Processing Blades","og_description":"Discover high-quality Chicken Processing Blades designed for efficient and hygienic poultry processing. Explore our range of food-grade blades.","og_url":"https:\/\/maxtormetal.com\/it\/prodotto\/lame-per-lavorazione-pollame\/","og_site_name":"Metal Industrial, Industrial Blade Manufacturer, Cutting Knives and blades, Machine Knives and blades supplier, Custom Blades solution","article_publisher":"https:\/\/www.facebook.com\/mengli.tang.3","article_modified_time":"2025-05-22T13:49:19+00:00","og_image":[{"width":800,"height":800,"url":"https:\/\/maxtormetal.com\/wp-content\/uploads\/2023\/10\/Chicken-processing-blades-main1.jpg","type":"image\/jpeg"}],"twitter_card":"summary_large_image","twitter_site":"@MengliT13570","schema":{"@context":"https:\/\/schema.org","@graph":[{"@type":["WebPage","ItemPage"],"@id":"https:\/\/maxtormetal.com\/product\/chicken-processing-blades\/","url":"https:\/\/maxtormetal.com\/product\/chicken-processing-blades\/","name":"Chicken Processing Blades - Metal Industrial, Industrial Blade Manufacturer, Cutting Knives and blades, Machine Knives and blades supplier, Custom Blades solution","isPartOf":{"@id":"https:\/\/maxtormetal.com\/fr\/#website"},"primaryImageOfPage":{"@id":"https:\/\/maxtormetal.com\/product\/chicken-processing-blades\/#primaryimage"},"image":{"@id":"https:\/\/maxtormetal.com\/product\/chicken-processing-blades\/#primaryimage"},"thumbnailUrl":"https:\/\/maxtormetal.com\/wp-content\/uploads\/2023\/10\/Chicken-processing-blades-main1.jpg","datePublished":"2023-10-06T09:01:29+00:00","dateModified":"2025-05-22T13:49:19+00:00","description":"Discover high-quality Chicken Processing Blades designed for efficient and hygienic poultry processing. Explore our range of food-grade blades.","breadcrumb":{"@id":"https:\/\/maxtormetal.com\/product\/chicken-processing-blades\/#breadcrumb"},"inLanguage":"it-IT","potentialAction":[{"@type":"ReadAction","target":["https:\/\/maxtormetal.com\/product\/chicken-processing-blades\/"]}]},{"@type":"ImageObject","inLanguage":"it-IT","@id":"https:\/\/maxtormetal.com\/product\/chicken-processing-blades\/#primaryimage","url":"https:\/\/maxtormetal.com\/wp-content\/uploads\/2023\/10\/Chicken-processing-blades-main1.jpg","contentUrl":"https:\/\/maxtormetal.com\/wp-content\/uploads\/2023\/10\/Chicken-processing-blades-main1.jpg","width":800,"height":800},{"@type":"BreadcrumbList","@id":"https:\/\/maxtormetal.com\/product\/chicken-processing-blades\/#breadcrumb","itemListElement":[{"@type":"ListItem","position":1,"name":"Home","item":"https:\/\/maxtormetal.com\/"},{"@type":"ListItem","position":2,"name":"Products","item":"https:\/\/maxtormetal.com\/products\/"},{"@type":"ListItem","position":3,"name":"Chicken Processing Blades"}]},{"@type":"WebSite","@id":"https:\/\/maxtormetal.com\/fr\/#website","url":"https:\/\/maxtormetal.com\/fr\/","name":"Metal Industrial, Industrial Blade Manufacturer, Cutting Knives and blades, Machine Knives and blades supplier, Custom Blades solution","description":"Mechanical blades and knives supplier for all machines made by China","publisher":{"@id":"https:\/\/maxtormetal.com\/fr\/#organization"},"potentialAction":[{"@type":"SearchAction","target":{"@type":"EntryPoint","urlTemplate":"https:\/\/maxtormetal.com\/fr\/?s={search_term_string}"},"query-input":{"@type":"PropertyValueSpecification","valueRequired":true,"valueName":"search_term_string"}}],"inLanguage":"it-IT"},{"@type":["Organization","Place"],"@id":"https:\/\/maxtormetal.com\/fr\/#organization","name":"Nanjing Metal Industrial CO., Limited","alternateName":"Metal Industrial","url":"https:\/\/maxtormetal.com\/fr\/","logo":{"@id":"https:\/\/maxtormetal.com\/product\/chicken-processing-blades\/#local-main-organization-logo"},"image":{"@id":"https:\/\/maxtormetal.com\/product\/chicken-processing-blades\/#local-main-organization-logo"},"sameAs":["https:\/\/www.facebook.com\/mengli.tang.3","https:\/\/x.com\/MengliT13570","https:\/\/www.linkedin.com\/in\/metalindustrial\/"],"description":"NanjingMetal is specialized in manufacturing and supplying industrial blades and knives, and its main business is to provide customers with customized industrial blades to meet their specific needs. With an experienced design and production team, we utilize the supply chain advantage in China to provide customers with competitive high quality industrial blades and knives.","legalName":"Nanjing Metal Industrial CO., Limited","foundingDate":"2006-02-18","numberOfEmployees":{"@type":"QuantitativeValue","minValue":"11","maxValue":"50"},"telephone":[],"openingHoursSpecification":[{"@type":"OpeningHoursSpecification","dayOfWeek":["Monday","Tuesday","Wednesday","Thursday","Friday","Saturday","Sunday"],"opens":"09:00","closes":"17:00"}]},{"@type":"ImageObject","inLanguage":"it-IT","@id":"https:\/\/maxtormetal.com\/product\/chicken-processing-blades\/#local-main-organization-logo","url":"https:\/\/maxtormetal.com\/wp-content\/uploads\/2023\/08\/cropped-cropped-logo-\u526f\u672c-\u526f\u672c-e1693303172756-1.png","contentUrl":"https:\/\/maxtormetal.com\/wp-content\/uploads\/2023\/08\/cropped-cropped-logo-\u526f\u672c-\u526f\u672c-e1693303172756-1.png","width":441,"height":132,"caption":"Nanjing Metal Industrial CO., Limited"}]}},"_links":{"self":[{"href":"https:\/\/maxtormetal.com\/it\/wp-json\/wp\/v2\/product\/3024"}],"collection":[{"href":"https:\/\/maxtormetal.com\/it\/wp-json\/wp\/v2\/product"}],"about":[{"href":"https:\/\/maxtormetal.com\/it\/wp-json\/wp\/v2\/types\/product"}],"wp:featuredmedia":[{"embeddable":true,"href":"https:\/\/maxtormetal.com\/it\/wp-json\/wp\/v2\/media\/3027"}],"wp:attachment":[{"href":"https:\/\/maxtormetal.com\/it\/wp-json\/wp\/v2\/media?parent=3024"}],"wp:term":[{"taxonomy":"product_cat","embeddable":true,"href":"https:\/\/maxtormetal.com\/it\/wp-json\/wp\/v2\/product_cat?post=3024"},{"taxonomy":"product_tag","embeddable":true,"href":"https:\/\/maxtormetal.com\/it\/wp-json\/wp\/v2\/product_tag?post=3024"}],"curies":[{"name":"wp","href":"https:\/\/api.w.org\/{rel}","templated":true}]}}