{"id":3036,"date":"2023-10-06T17:12:01","date_gmt":"2023-10-06T09:12:01","guid":{"rendered":"https:\/\/maxtormetal.com\/?post_type=product&#038;p=3036"},"modified":"2025-05-29T10:21:33","modified_gmt":"2025-05-29T02:21:33","slug":"lama-da-taglio-per-tritacarne","status":"publish","type":"product","link":"https:\/\/maxtormetal.com\/it\/prodotto\/lama-da-taglio-per-tritacarne\/","title":{"rendered":"Lama Tritacarne"},"content":{"rendered":"<h3 data-sourcepos=\"3:1-3:45\">Cosa significano le lame da taglio del tritacarne?<\/h3>\r\n<p data-sourcepos=\"5:1-5:1098\">Il termine &quot;lama da taglio per tritacarne&quot; si riferisce a un componente fondamentale all&#039;interno di un tritacarne, responsabile del taglio e della frantumazione iniziale della carne prima che venga spinta attraverso la piastra di macinazione per produrre carne macinata. Tipicamente a forma di stella o di croce con bordi affilati, la lama da taglio per tritacarne ruota insieme alla coclea del tritacarne, lavorando in sinergia con la piastra di macinazione per macinare i pezzi di carne fino a ottenere una consistenza macinata uniforme. L&#039;efficienza e la qualit\u00e0 della macinatura dipendono fortemente dall&#039;affilatura e dal design di questa lama. L&#039;uso regolare pu\u00f2 smussare la lama, rendendo necessaria l&#039;affilatura o la sostituzione per mantenere prestazioni ottimali. Le lame da taglio per tritacarne sono essenziali sia per i tritacarne commerciali che per quelli domestici, consentendo la preparazione di carne macinata di manzo, maiale, pollame e altre carni per varie applicazioni culinarie. Queste lame sono talvolta chiamate anche &quot;coltelli per tritacarne&quot;, &quot;lame per tritacarne&quot;, &quot;coltelli a coclea (per tritacarne)&quot;, &quot;lame per tritacarne&quot; o &quot;lame trasversali per tritacarne&quot;, a seconda del design specifico e della terminologia regionale.<\/p>\r\n<h3 data-sourcepos=\"7:1-7:56\">Usi e applicazioni delle lame da taglio per tritacarne<\/h3>\r\n<p data-sourcepos=\"9:1-9:224\">Le lame da taglio per tritacarne sono parte integrante del funzionamento di qualsiasi tritacarne, svolgendo la funzione principale di sminuzzare la carne muscolare intera in pezzi pi\u00f9 piccoli da macinare. I principali usi e scenari applicativi includono:<\/p>\r\n<ul data-sourcepos=\"11:1-18:0\">\r\n<li data-sourcepos=\"11:1-11:182\"><strong>Macinare la carne cruda:<\/strong> Utilizzato per macinare vari tipi di carne cruda, come manzo, maiale, agnello, pollo e tacchino, per preparare hamburger, salsicce, polpette e altri piatti a base di carne macinata.<\/li>\r\n<li data-sourcepos=\"12:1-12:97\"><strong>Macinazione della carne cotta:<\/strong> Pu\u00f2 essere utilizzato per macinare carni cotte da utilizzare come ripieni, creme spalmabili o cibo per animali.<\/li>\r\n<li data-sourcepos=\"13:1-13:229\"><strong>Lavorazione di verdure e altri alimenti:<\/strong> In alcuni tritacarne versatili, la lama da taglio del tritacarne pu\u00f2 anche aiutare a lavorare determinate verdure o altri alimenti, anche se spesso si preferiscono accessori specializzati.<\/li>\r\n<li data-sourcepos=\"14:1-14:169\"><strong>Lavorazione commerciale della carne:<\/strong> Utilizzato nei tritacarne ad alto volume presenti nelle macellerie, nei supermercati e negli stabilimenti di confezionamento della carne per la produzione di grandi quantit\u00e0 di carne macinata.<\/li>\r\n<li data-sourcepos=\"15:1-15:129\"><strong>Preparazione del cibo in casa:<\/strong> Indispensabile per i cuochi casalinghi che macinano la carne in casa per garantirne freschezza, controllo qualit\u00e0 e personalizzazione.<\/li>\r\n<li data-sourcepos=\"16:1-16:124\"><strong>Preparazione delle salsicce:<\/strong> Da utilizzare insieme ai tubi di insacco per macinare la carne fino a ottenere la consistenza desiderata per il ripieno delle salsicce.<\/li>\r\n<li data-sourcepos=\"17:1-18:0\"><strong>Produzione di alimenti per animali domestici (piccola scala):<\/strong> I produttori domestici o su piccola scala di cibo crudo o cotto per animali domestici spesso utilizzano tritacarne con lame da taglio specifiche.<\/li>\r\n<\/ul>\r\n<p data-sourcepos=\"19:1-19:179\">Le dimensioni e il design della lama da taglio del tritacarne devono essere compatibili con il modello specifico di tritacarne utilizzato, per garantire il corretto funzionamento e le giuste prestazioni di macinazione.<\/p>\r\n<h3 data-sourcepos=\"21:1-21:52\">Materiali comuni per le lame da taglio del tritacarne<\/h3>\r\n<p data-sourcepos=\"23:1-23:316\">I materiali utilizzati nella produzione delle lame per tritacarne sono selezionati per la loro affilatura, la durevolezza necessaria per resistere al processo di macinazione (incluso il potenziale contatto con piccole ossa o cartilagini) e la resistenza alla corrosione, necessaria per resistere a ripetuti lavaggi e al contatto con la carne. I materiali pi\u00f9 comuni includono:<\/p>\r\n<ul data-sourcepos=\"25:1-28:0\">\r\n<li data-sourcepos=\"25:1-25:249\"><strong>Acciaio al carbonio:<\/strong> Pu\u00f2 essere temprato per ottenere un bordo molto affilato, rendendolo efficace per macinare la carne. Tuttavia, \u00e8 soggetto a ruggine e richiede un&#039;attenta manutenzione, spesso richiedendo di asciugarlo subito dopo il lavaggio e occasionalmente oliarlo.<\/li>\r\n<li data-sourcepos=\"26:1-26:301\"><strong>Acciaio inossidabile (vari gradi, ad esempio 304, 420, 440):<\/strong> Il materiale pi\u00f9 comune grazie alla sua eccellente resistenza alla corrosione, durevolezza e capacit\u00e0 di mantenere un filo affilato. Diverse qualit\u00e0 offrono diversi livelli di durezza e resistenza all&#039;usura. L&#039;acciaio inossidabile per uso alimentare \u00e8 essenziale per la sicurezza.<\/li>\r\n<li data-sourcepos=\"27:1-28:0\"><strong>Acciaio per utensili:<\/strong> Offre elevata durezza e resistenza all&#039;usura, ideale per applicazioni di rettifica gravose e per un utilizzo prolungato in ambito commerciale. Gli acciai inossidabili per utensili combinano durevolezza e resistenza alla corrosione.<\/li>\r\n<\/ul>\r\n<p data-sourcepos=\"29:1-29:220\">La scelta del materiale spesso bilancia costo, affilatura, durata e requisiti di manutenzione. L&#039;acciaio inossidabile \u00e8 generalmente preferito per la sua combinazione di prestazioni e facilit\u00e0 di manutenzione nelle applicazioni di lavorazione alimentare.<\/p>\r\n<h3 data-sourcepos=\"31:1-31:48\">Forme comuni delle lame da taglio del tritacarne<\/h3>\r\n<p data-sourcepos=\"33:1-33:230\">Le lame per tritacarne sono principalmente a forma di stella o a croce, con variazioni nel numero di punte, nell&#039;angolazione e nell&#039;affilatura dei taglienti per ottimizzare le prestazioni di macinazione. Forme e caratteristiche comuni includono:<\/p>\r\n<ul data-sourcepos=\"35:1-41:0\">\r\n<li data-sourcepos=\"35:1-35:107\"><strong>Lame a 2 punte (a doppia faccia):<\/strong> Una forma a croce di base, spesso presente nei grinder pi\u00f9 piccoli o meno potenti.<\/li>\r\n<li data-sourcepos=\"36:1-36:120\"><strong>Lame a 4 punte (a forma di stella):<\/strong> Il tipo pi\u00f9 comune, che garantisce un buon equilibrio tra efficienza di taglio e produttivit\u00e0.<\/li>\r\n<li data-sourcepos=\"37:1-37:139\"><strong>Lame con ali curve o angolate:<\/strong> Progetti volti a migliorare l&#039;alimentazione della carne nel tritacarne e ad aumentare l&#039;azione di taglio.<\/li>\r\n<li data-sourcepos=\"38:1-38:159\"><strong>Lame con diverse forme del foro centrale:<\/strong> Il foro centrale corrisponde alla forma dell&#039;albero della coclea del macinino (ad esempio quadrato, con chiavetta) per garantire una rotazione corretta.<\/li>\r\n<li data-sourcepos=\"39:1-39:109\"><strong>Lame con spessore variabile:<\/strong> Lo spessore pu\u00f2 influire sulla durabilit\u00e0 e sulla capacit\u00e0 di gestire carni pi\u00f9 dure.<\/li>\r\n<li data-sourcepos=\"40:1-41:0\"><strong>Lame per dimensioni specifiche del macinino:<\/strong> Le lame sono dimensionate per adattarsi a modelli specifici di smerigliatrice, con diametri del foro centrale e dimensioni complessive corrispondenti.<\/li>\r\n<\/ul>\r\n<p data-sourcepos=\"42:1-42:314\">La scelta della forma e delle dimensioni corrette della lama per tritacarne \u00e8 fondamentale per la compatibilit\u00e0 con il tritacarne e per ottenere i risultati di macinatura desiderati. L&#039;utilizzo di una lama smussata o non idonea pu\u00f2 causare sbavature della carne anzich\u00e9 una macinatura pulita, compromettendo la qualit\u00e0 e le prestazioni del tritacarne.<\/p>\r\n<p>Se non trovi la lama che stai cercando, possiamo anche personalizzarla. Guarda il nostro &quot;<span style=\"color: #ff9900;\"><a style=\"color: #ff9900;\" href=\"https:\/\/maxtormetal.com\/it\/custom-blades\/\" target=\"_blank\" rel=\"noopener\"><em><strong>Lame Personalizzate<\/strong><\/em><\/a><\/span>&quot;per scoprire come! Benvenuti a\u00a0<em><strong><a href=\"https:\/\/maxtormetal.com\/it\/contact\/\" target=\"_blank\" rel=\"noopener\"><span style=\"color: #ff9900;\">Benvenuti a richiedere informazioni!<\/span><\/a><\/strong><\/em><\/p>\r\n<h4><span style=\"color: #ff9900;\"><a style=\"color: #ff9900;\" href=\"https:\/\/maxtormetal.com\/it\/brochures\/\" target=\"_blank\" rel=\"noopener\"><strong><em>Apri Brochure<\/em><\/strong><\/a><\/span><\/h4>\r\n<hr \/>\r\n<h2>Perch\u00e9 Scegliere METAL?<\/h2>\r\n<ol>\r\n<li>\r\n<h3><strong> Servizio di Importazione Completo e Senza Problemi<\/strong><\/h3>\r\n<\/li>\r\n<\/ol>\r\n<p>Goditi la comodit\u00e0 di un'importazione senza intoppi. Dal trasporto allo sdoganamento, gestiamo l'intero processo. Tutto ci\u00f2 che devi fare \u00e8 pagare l'IVA e attendere l'arrivo della merce.<\/p>\r\n<ol start=\"2\">\r\n<li>\r\n<h3><strong> Prezzi Competitivi<\/strong><\/h3>\r\n<\/li>\r\n<\/ol>\r\n<p>Abbiamo visto le nostre lame eccellere in innumerevoli applicazioni e siamo pronti per qualsiasi progetto tu ci proponga. Aspettati precisione, durata e prezzi competitivi ineguagliabili.<\/p>\r\n<ol start=\"3\">\r\n<li>\r\n<h3><strong> ODM &amp; OEM Disponibili<\/strong><\/h3>\r\n<\/li>\r\n<\/ol>\r\n<p>Sia che tu fornisca disegni, schizzi o campioni, possiamo progettare e produrre per te. Abbiamo anche l'esperienza per assistere nella modifica di design e specifiche esistenti per migliorare quasi ogni applicazione di utensili industriali. Contatta il nostro team di vendita dedicato per discutere le tue esigenze specifiche.<\/p>\r\n<ol start=\"4\">\r\n<li>\r\n<h3><strong> Controllo Qualit\u00e0 Rigoroso<\/strong><\/h3>\r\n<\/li>\r\n<\/ol>\r\n<p>Vengono eseguite una serie di test e ispezioni per controllare la qualit\u00e0, tra cui l'ispezione del primo articolo, l'ispezione del materiale in ingresso e dei materiali certificati, l'ispezione di qualit\u00e0 in-process e l'ispezione di qualit\u00e0 finale.<\/p>\r\n<ol start=\"5\">\r\n<li>\r\n<h3><strong> Approvvigionamento Flessibile, Cooperazione Illimitata<\/strong><\/h3>\r\n<\/li>\r\n<\/ol>\r\n<p>Che tu sia un importatore, distributore, grossista o utente finale, ti diamo il benvenuto. Approfitta di MOQ minimi, richieste senza problemi e maggiore libert\u00e0 di acquisto.<\/p>\r\n<ol start=\"6\">\r\n<li>\r\n<h3><strong> Monitoraggio in Tempo Reale del Progresso di Produzione<\/strong><\/h3>\r\n<\/li>\r\n<\/ol>\r\n<p>Consideraci il tuo monitor esclusivo. Forniremo aggiornamenti regolari su ogni fase cruciale della tua linea di produzione. Indipendentemente dalla distanza, avrai una visione in tempo reale dello stato di avanzamento del tuo prodotto.<\/p>\r\n<hr \/>\r\n<p><iframe loading=\"lazy\" title=\"Macchina affettatrice per carne rotonda Lama di taglio\" width=\"800\" height=\"600\" src=\"https:\/\/www.youtube.com\/embed\/iAiDz_CtDrE?feature=oembed&#038;enablejsapi=1&#038;origin=https:\/\/maxtormetal.com\" frameborder=\"0\" allow=\"accelerometer; autoplay; clipboard-write; encrypted-media; gyroscope; picture-in-picture; web-share\" referrerpolicy=\"strict-origin-when-cross-origin\" allowfullscreen><\/iframe><\/p>","protected":false},"excerpt":{"rendered":"<p>What do Meat Grinder Cutting Blades Mean? The term &#8220;Meat Grinder Cutting Blade&#8221; refers to a crucial component within a meat grinder machine responsible for the initial cutting and crushing of meat before it is forced through the grinder plate to produce ground meat. Typically star-shaped or cross-shaped with sharp edges, the Meat Grinder Cutting [&hellip;]<\/p>","protected":false},"featured_media":3037,"template":"","meta":[],"product_cat":[107,110,114,105,109],"product_tag":[815,814,423,813,816],"yoast_head":"<!-- This site is optimized with the Yoast SEO Premium plugin v23.6 (Yoast SEO v23.6) - https:\/\/yoast.com\/wordpress\/plugins\/seo\/ -->\n<title>Meat Grinder Cutting Blade - Metal Industrial, Industrial Blade Manufacturer, Cutting Knives and blades, Machine Knives and blades supplier, Custom Blades solution<\/title>\n<meta name=\"description\" content=\"Find high-quality Meat Grinder Cutting Blades for efficient grinding of beef, pork, poultry, and more. Durable and food-grade knives for home and commercial use. Shop now!\" \/>\n<meta name=\"robots\" content=\"index, follow, max-snippet:-1, max-image-preview:large, max-video-preview:-1\" \/>\n<link rel=\"canonical\" href=\"https:\/\/maxtormetal.com\/it\/prodotto\/lama-da-taglio-per-tritacarne\/\" \/>\n<meta property=\"og:locale\" content=\"it_IT\" \/>\n<meta property=\"og:type\" content=\"article\" \/>\n<meta property=\"og:title\" content=\"Meat Grinder Cutting Blade\" \/>\n<meta property=\"og:description\" content=\"Find high-quality Meat Grinder Cutting Blades for efficient grinding of beef, pork, poultry, and more. Durable and food-grade knives for home and commercial use. Shop now!\" \/>\n<meta property=\"og:url\" content=\"https:\/\/maxtormetal.com\/it\/prodotto\/lama-da-taglio-per-tritacarne\/\" \/>\n<meta property=\"og:site_name\" content=\"Metal Industrial, Industrial Blade Manufacturer, Cutting Knives and blades, Machine Knives and blades supplier, Custom Blades solution\" \/>\n<meta property=\"article:publisher\" content=\"https:\/\/www.facebook.com\/mengli.tang.3\" \/>\n<meta property=\"article:modified_time\" content=\"2025-05-29T02:21:33+00:00\" \/>\n<meta property=\"og:image\" content=\"https:\/\/maxtormetal.com\/wp-content\/uploads\/2023\/10\/Meat-Grinder-Cutting-Blade-detail11.jpg\" \/>\n\t<meta property=\"og:image:width\" content=\"800\" \/>\n\t<meta property=\"og:image:height\" content=\"800\" \/>\n\t<meta property=\"og:image:type\" content=\"image\/jpeg\" \/>\n<meta name=\"twitter:card\" content=\"summary_large_image\" \/>\n<meta name=\"twitter:site\" content=\"@MengliT13570\" \/>\n<script type=\"application\/ld+json\" class=\"yoast-schema-graph\">{\"@context\":\"https:\/\/schema.org\",\"@graph\":[{\"@type\":[\"WebPage\",\"ItemPage\"],\"@id\":\"https:\/\/maxtormetal.com\/product\/meat-grinder-cutting-blade\/\",\"url\":\"https:\/\/maxtormetal.com\/product\/meat-grinder-cutting-blade\/\",\"name\":\"Meat Grinder Cutting Blade - Metal Industrial, Industrial Blade Manufacturer, Cutting Knives and blades, Machine Knives and blades supplier, Custom Blades solution\",\"isPartOf\":{\"@id\":\"https:\/\/maxtormetal.com\/fr\/#website\"},\"primaryImageOfPage\":{\"@id\":\"https:\/\/maxtormetal.com\/product\/meat-grinder-cutting-blade\/#primaryimage\"},\"image\":{\"@id\":\"https:\/\/maxtormetal.com\/product\/meat-grinder-cutting-blade\/#primaryimage\"},\"thumbnailUrl\":\"https:\/\/maxtormetal.com\/wp-content\/uploads\/2023\/10\/Meat-Grinder-Cutting-Blade-detail11.jpg\",\"datePublished\":\"2023-10-06T09:12:01+00:00\",\"dateModified\":\"2025-05-29T02:21:33+00:00\",\"description\":\"Find high-quality Meat Grinder Cutting Blades for efficient grinding of beef, pork, poultry, and more. Durable and food-grade knives for home and commercial use. Shop now!\",\"breadcrumb\":{\"@id\":\"https:\/\/maxtormetal.com\/product\/meat-grinder-cutting-blade\/#breadcrumb\"},\"inLanguage\":\"it-IT\",\"potentialAction\":[{\"@type\":\"ReadAction\",\"target\":[\"https:\/\/maxtormetal.com\/product\/meat-grinder-cutting-blade\/\"]}]},{\"@type\":\"ImageObject\",\"inLanguage\":\"it-IT\",\"@id\":\"https:\/\/maxtormetal.com\/product\/meat-grinder-cutting-blade\/#primaryimage\",\"url\":\"https:\/\/maxtormetal.com\/wp-content\/uploads\/2023\/10\/Meat-Grinder-Cutting-Blade-detail11.jpg\",\"contentUrl\":\"https:\/\/maxtormetal.com\/wp-content\/uploads\/2023\/10\/Meat-Grinder-Cutting-Blade-detail11.jpg\",\"width\":800,\"height\":800},{\"@type\":\"BreadcrumbList\",\"@id\":\"https:\/\/maxtormetal.com\/product\/meat-grinder-cutting-blade\/#breadcrumb\",\"itemListElement\":[{\"@type\":\"ListItem\",\"position\":1,\"name\":\"Home\",\"item\":\"https:\/\/maxtormetal.com\/\"},{\"@type\":\"ListItem\",\"position\":2,\"name\":\"Products\",\"item\":\"https:\/\/maxtormetal.com\/products\/\"},{\"@type\":\"ListItem\",\"position\":3,\"name\":\"Meat Grinder Cutting Blade\"}]},{\"@type\":\"WebSite\",\"@id\":\"https:\/\/maxtormetal.com\/fr\/#website\",\"url\":\"https:\/\/maxtormetal.com\/fr\/\",\"name\":\"Metal Industrial, Industrial Blade Manufacturer, Cutting Knives and blades, Machine Knives and blades supplier, Custom Blades solution\",\"description\":\"Mechanical blades and knives supplier for all machines made by China\",\"publisher\":{\"@id\":\"https:\/\/maxtormetal.com\/fr\/#organization\"},\"potentialAction\":[{\"@type\":\"SearchAction\",\"target\":{\"@type\":\"EntryPoint\",\"urlTemplate\":\"https:\/\/maxtormetal.com\/fr\/?s={search_term_string}\"},\"query-input\":{\"@type\":\"PropertyValueSpecification\",\"valueRequired\":true,\"valueName\":\"search_term_string\"}}],\"inLanguage\":\"it-IT\"},{\"@type\":[\"Organization\",\"Place\"],\"@id\":\"https:\/\/maxtormetal.com\/fr\/#organization\",\"name\":\"Nanjing Metal Industrial CO., Limited\",\"alternateName\":\"Metal Industrial\",\"url\":\"https:\/\/maxtormetal.com\/fr\/\",\"logo\":{\"@id\":\"https:\/\/maxtormetal.com\/product\/meat-grinder-cutting-blade\/#local-main-organization-logo\"},\"image\":{\"@id\":\"https:\/\/maxtormetal.com\/product\/meat-grinder-cutting-blade\/#local-main-organization-logo\"},\"sameAs\":[\"https:\/\/www.facebook.com\/mengli.tang.3\",\"https:\/\/x.com\/MengliT13570\",\"https:\/\/www.linkedin.com\/in\/metalindustrial\/\"],\"description\":\"NanjingMetal is specialized in manufacturing and supplying industrial blades and knives, and its main business is to provide customers with customized industrial blades to meet their specific needs. With an experienced design and production team, we utilize the supply chain advantage in China to provide customers with competitive high quality industrial blades and knives.\",\"legalName\":\"Nanjing Metal Industrial CO., Limited\",\"foundingDate\":\"2006-02-18\",\"numberOfEmployees\":{\"@type\":\"QuantitativeValue\",\"minValue\":\"11\",\"maxValue\":\"50\"},\"telephone\":[],\"openingHoursSpecification\":[{\"@type\":\"OpeningHoursSpecification\",\"dayOfWeek\":[\"Monday\",\"Tuesday\",\"Wednesday\",\"Thursday\",\"Friday\",\"Saturday\",\"Sunday\"],\"opens\":\"09:00\",\"closes\":\"17:00\"}]},{\"@type\":\"ImageObject\",\"inLanguage\":\"it-IT\",\"@id\":\"https:\/\/maxtormetal.com\/product\/meat-grinder-cutting-blade\/#local-main-organization-logo\",\"url\":\"https:\/\/maxtormetal.com\/wp-content\/uploads\/2023\/08\/cropped-cropped-logo-\u526f\u672c-\u526f\u672c-e1693303172756-1.png\",\"contentUrl\":\"https:\/\/maxtormetal.com\/wp-content\/uploads\/2023\/08\/cropped-cropped-logo-\u526f\u672c-\u526f\u672c-e1693303172756-1.png\",\"width\":441,\"height\":132,\"caption\":\"Nanjing Metal Industrial CO., Limited\"}]}<\/script>\n<!-- \/ Yoast SEO Premium plugin. -->","yoast_head_json":{"title":"Meat Grinder Cutting Blade - Metal Industrial, Industrial Blade Manufacturer, Cutting Knives and blades, Machine Knives and blades supplier, Custom Blades solution","description":"Find high-quality Meat Grinder Cutting Blades for efficient grinding of beef, pork, poultry, and more. Durable and food-grade knives for home and commercial use. Shop now!","robots":{"index":"index","follow":"follow","max-snippet":"max-snippet:-1","max-image-preview":"max-image-preview:large","max-video-preview":"max-video-preview:-1"},"canonical":"https:\/\/maxtormetal.com\/it\/prodotto\/lama-da-taglio-per-tritacarne\/","og_locale":"it_IT","og_type":"article","og_title":"Meat Grinder Cutting Blade","og_description":"Find high-quality Meat Grinder Cutting Blades for efficient grinding of beef, pork, poultry, and more. Durable and food-grade knives for home and commercial use. Shop now!","og_url":"https:\/\/maxtormetal.com\/it\/prodotto\/lama-da-taglio-per-tritacarne\/","og_site_name":"Metal Industrial, Industrial Blade Manufacturer, Cutting Knives and blades, Machine Knives and blades supplier, Custom Blades solution","article_publisher":"https:\/\/www.facebook.com\/mengli.tang.3","article_modified_time":"2025-05-29T02:21:33+00:00","og_image":[{"width":800,"height":800,"url":"https:\/\/maxtormetal.com\/wp-content\/uploads\/2023\/10\/Meat-Grinder-Cutting-Blade-detail11.jpg","type":"image\/jpeg"}],"twitter_card":"summary_large_image","twitter_site":"@MengliT13570","schema":{"@context":"https:\/\/schema.org","@graph":[{"@type":["WebPage","ItemPage"],"@id":"https:\/\/maxtormetal.com\/product\/meat-grinder-cutting-blade\/","url":"https:\/\/maxtormetal.com\/product\/meat-grinder-cutting-blade\/","name":"Meat Grinder Cutting Blade - Metal Industrial, Industrial Blade Manufacturer, Cutting Knives and blades, Machine Knives and blades supplier, Custom Blades solution","isPartOf":{"@id":"https:\/\/maxtormetal.com\/fr\/#website"},"primaryImageOfPage":{"@id":"https:\/\/maxtormetal.com\/product\/meat-grinder-cutting-blade\/#primaryimage"},"image":{"@id":"https:\/\/maxtormetal.com\/product\/meat-grinder-cutting-blade\/#primaryimage"},"thumbnailUrl":"https:\/\/maxtormetal.com\/wp-content\/uploads\/2023\/10\/Meat-Grinder-Cutting-Blade-detail11.jpg","datePublished":"2023-10-06T09:12:01+00:00","dateModified":"2025-05-29T02:21:33+00:00","description":"Find high-quality Meat Grinder Cutting Blades for efficient grinding of beef, pork, poultry, and more. Durable and food-grade knives for home and commercial use. Shop now!","breadcrumb":{"@id":"https:\/\/maxtormetal.com\/product\/meat-grinder-cutting-blade\/#breadcrumb"},"inLanguage":"it-IT","potentialAction":[{"@type":"ReadAction","target":["https:\/\/maxtormetal.com\/product\/meat-grinder-cutting-blade\/"]}]},{"@type":"ImageObject","inLanguage":"it-IT","@id":"https:\/\/maxtormetal.com\/product\/meat-grinder-cutting-blade\/#primaryimage","url":"https:\/\/maxtormetal.com\/wp-content\/uploads\/2023\/10\/Meat-Grinder-Cutting-Blade-detail11.jpg","contentUrl":"https:\/\/maxtormetal.com\/wp-content\/uploads\/2023\/10\/Meat-Grinder-Cutting-Blade-detail11.jpg","width":800,"height":800},{"@type":"BreadcrumbList","@id":"https:\/\/maxtormetal.com\/product\/meat-grinder-cutting-blade\/#breadcrumb","itemListElement":[{"@type":"ListItem","position":1,"name":"Home","item":"https:\/\/maxtormetal.com\/"},{"@type":"ListItem","position":2,"name":"Products","item":"https:\/\/maxtormetal.com\/products\/"},{"@type":"ListItem","position":3,"name":"Meat Grinder Cutting Blade"}]},{"@type":"WebSite","@id":"https:\/\/maxtormetal.com\/fr\/#website","url":"https:\/\/maxtormetal.com\/fr\/","name":"Metal Industrial, Industrial Blade Manufacturer, Cutting Knives and blades, Machine Knives and blades supplier, Custom Blades solution","description":"Mechanical blades and knives supplier for all machines made by China","publisher":{"@id":"https:\/\/maxtormetal.com\/fr\/#organization"},"potentialAction":[{"@type":"SearchAction","target":{"@type":"EntryPoint","urlTemplate":"https:\/\/maxtormetal.com\/fr\/?s={search_term_string}"},"query-input":{"@type":"PropertyValueSpecification","valueRequired":true,"valueName":"search_term_string"}}],"inLanguage":"it-IT"},{"@type":["Organization","Place"],"@id":"https:\/\/maxtormetal.com\/fr\/#organization","name":"Nanjing Metal Industrial CO., Limited","alternateName":"Metal Industrial","url":"https:\/\/maxtormetal.com\/fr\/","logo":{"@id":"https:\/\/maxtormetal.com\/product\/meat-grinder-cutting-blade\/#local-main-organization-logo"},"image":{"@id":"https:\/\/maxtormetal.com\/product\/meat-grinder-cutting-blade\/#local-main-organization-logo"},"sameAs":["https:\/\/www.facebook.com\/mengli.tang.3","https:\/\/x.com\/MengliT13570","https:\/\/www.linkedin.com\/in\/metalindustrial\/"],"description":"NanjingMetal is specialized in manufacturing and supplying industrial blades and knives, and its main business is to provide customers with customized industrial blades to meet their specific needs. With an experienced design and production team, we utilize the supply chain advantage in China to provide customers with competitive high quality industrial blades and knives.","legalName":"Nanjing Metal Industrial CO., Limited","foundingDate":"2006-02-18","numberOfEmployees":{"@type":"QuantitativeValue","minValue":"11","maxValue":"50"},"telephone":[],"openingHoursSpecification":[{"@type":"OpeningHoursSpecification","dayOfWeek":["Monday","Tuesday","Wednesday","Thursday","Friday","Saturday","Sunday"],"opens":"09:00","closes":"17:00"}]},{"@type":"ImageObject","inLanguage":"it-IT","@id":"https:\/\/maxtormetal.com\/product\/meat-grinder-cutting-blade\/#local-main-organization-logo","url":"https:\/\/maxtormetal.com\/wp-content\/uploads\/2023\/08\/cropped-cropped-logo-\u526f\u672c-\u526f\u672c-e1693303172756-1.png","contentUrl":"https:\/\/maxtormetal.com\/wp-content\/uploads\/2023\/08\/cropped-cropped-logo-\u526f\u672c-\u526f\u672c-e1693303172756-1.png","width":441,"height":132,"caption":"Nanjing Metal Industrial CO., Limited"}]}},"_links":{"self":[{"href":"https:\/\/maxtormetal.com\/it\/wp-json\/wp\/v2\/product\/3036"}],"collection":[{"href":"https:\/\/maxtormetal.com\/it\/wp-json\/wp\/v2\/product"}],"about":[{"href":"https:\/\/maxtormetal.com\/it\/wp-json\/wp\/v2\/types\/product"}],"wp:featuredmedia":[{"embeddable":true,"href":"https:\/\/maxtormetal.com\/it\/wp-json\/wp\/v2\/media\/3037"}],"wp:attachment":[{"href":"https:\/\/maxtormetal.com\/it\/wp-json\/wp\/v2\/media?parent=3036"}],"wp:term":[{"taxonomy":"product_cat","embeddable":true,"href":"https:\/\/maxtormetal.com\/it\/wp-json\/wp\/v2\/product_cat?post=3036"},{"taxonomy":"product_tag","embeddable":true,"href":"https:\/\/maxtormetal.com\/it\/wp-json\/wp\/v2\/product_tag?post=3036"}],"curies":[{"name":"wp","href":"https:\/\/api.w.org\/{rel}","templated":true}]}}