{"id":3051,"date":"2023-10-06T17:22:19","date_gmt":"2023-10-06T09:22:19","guid":{"rendered":"https:\/\/maxtormetal.com\/?post_type=product&#038;p=3051"},"modified":"2025-05-06T18:48:44","modified_gmt":"2025-05-06T10:48:44","slug":"lame-per-taglierine-a-tre-coltelli","status":"publish","type":"product","link":"https:\/\/maxtormetal.com\/it\/prodotto\/lame-per-taglierine-a-tre-coltelli\/","title":{"rendered":"Lame per Rifilatrici a 3 Coltelli"},"content":{"rendered":"<h2 data-sourcepos=\"1:1-1:41\">Cosa significano le lame del tagliabordi a 3 lame?<\/h2>\r\n<p data-sourcepos=\"3:1-3:595\">Le lame per taglierina a tre lame, note anche come lame per taglierine a tre lame, sono set di lame di precisione utilizzate in una macchina taglierina a tre lame. Queste macchine sono essenziali nei settori della stampa e della legatoria per rifilare simultaneamente tre lati (bordo anteriore, testa e coda) di una pila di prodotti stampati come libri, riviste, brochure e cataloghi, fino alle dimensioni finali perfette. Un set di lame per taglierina a tre lame include in genere una lama anteriore (bordo anteriore) e due lame laterali (testa e coda) che lavorano in modo coordinato per ottenere un taglio preciso ed efficiente.<\/p>\r\n<h2 data-sourcepos=\"5:1-5:50\">Usi e applicazioni delle lame per tagliabordi a 3 coltelli<\/h2>\r\n<p data-sourcepos=\"7:1-7:144\">Le lame a 3 lame sono fondamentali per la finitura dei materiali stampati in ambienti di produzione ad alto volume. Le loro principali applicazioni includono:<\/p>\r\n<ul data-sourcepos=\"9:1-14:0\">\r\n<li data-sourcepos=\"9:1-9:142\"><strong>Rilegatura:<\/strong> Rifilatura dei bordi dei blocchi di libri dopo la cucitura o la rilegatura a colla, per creare bordi puliti e uniformi su cui incollare la copertina.<\/li>\r\n<li data-sourcepos=\"10:1-10:174\"><strong>Produzione di riviste e brochure:<\/strong> Rifilatura finale di riviste, brochure e cataloghi dopo la stampa e la piegatura, per ottenere le dimensioni corrette e una finitura professionale.<\/li>\r\n<li data-sourcepos=\"11:1-11:153\"><strong>Produzione di libri con copertina morbida e copertina rigida:<\/strong> Garantire le dimensioni precise sia per i libri con copertina morbida che per quelli con copertina rigida prima che siano pronti per la distribuzione.<\/li>\r\n<li data-sourcepos=\"12:1-12:102\"><strong>Stampa commerciale:<\/strong> Rifilatura di vari prodotti stampati come opuscoli, riviste e directory.<\/li>\r\n<li data-sourcepos=\"13:1-14:0\"><strong>Sistemi di finitura in linea:<\/strong> Integrazione in linee di stampa e rilegatura automatizzate per un rifilo perfetto dei prodotti finiti.<\/li>\r\n<\/ul>\r\n<h2 data-sourcepos=\"15:1-15:46\">Materiali comuni per le lame dei trimmer a 3 coltelli<\/h2>\r\n<p data-sourcepos=\"17:1-17:225\">I materiali utilizzati per le lame dei taglierini a 3 lame devono essere di alta qualit\u00e0 per garantire tagli netti, lunga durata e resistenza all&#039;usura, soprattutto quando si lavora con diversi tipi di carta e rivestimenti. I materiali pi\u00f9 comuni includono:<\/p>\r\n<ul data-sourcepos=\"19:1-22:0\">\r\n<li data-sourcepos=\"19:1-19:170\"><strong>Acciaio rapido (HSS) (ad esempio, M2, M42):<\/strong> Offre un&#039;ottima resistenza all&#039;usura e riesce a mantenere un bordo affilato anche ad alte velocit\u00e0 di taglio, adatto a un&#039;ampia gamma di tipi di carta.<\/li>\r\n<li data-sourcepos=\"20:1-20:267\"><strong>Acciaio per utensili legato (ad esempio, D2, A2):<\/strong> Offre un&#039;eccellente resistenza all&#039;usura ed \u00e8 ideale per la lavorazione di carta spessa, supporti patinati e produzioni ad alto volume, garantendo una qualit\u00e0 di taglio costante per periodi prolungati. L&#039;acciaio D2 \u00e8 particolarmente apprezzato per la sua durevolezza.<\/li>\r\n<li data-sourcepos=\"21:1-22:0\"><strong>Lame con punta in carburo:<\/strong> Dotati di inserti in carburo di tungsteno sul tagliente, offrono durezza e resistenza all&#039;usura eccezionali. Sono utilizzati per volumi di produzione molto elevati e per la lavorazione di carta abrasiva o materiali con rivestimenti che possono smussare rapidamente le lame in acciaio. Le punte in carburo prolungano significativamente la durata della lama e riducono i tempi di fermo per l&#039;affilatura.<\/li>\r\n<\/ul>\r\n<p data-sourcepos=\"23:1-23:244\">Le lame sono rettificate con precisione e spesso temprate per raggiungere l&#039;equilibrio ottimale tra affilatura e durata. La finitura superficiale \u00e8 fondamentale per ridurre al minimo l&#039;attrito e garantire tagli netti senza strappare o rovinare i bordi della carta.<\/p>\r\n<h2 data-sourcepos=\"25:1-25:38\">Forme comuni delle lame per rifilatrici per libri<\/h2>\r\n<p data-sourcepos=\"27:1-27:149\">Un set di lame per rifinitore a 3 coltelli \u00e8 in genere composto da tre lame con forme e smussi specifici, ottimizzati per le rispettive attivit\u00e0 di rifinitura:<\/p>\r\n<ul data-sourcepos=\"29:1-33:0\">\r\n<li data-sourcepos=\"29:1-29:252\"><strong>Lama anteriore (bordo anteriore):<\/strong> Questa lama ha solitamente un tagliente dritto ed \u00e8 responsabile del taglio principale del bordo aperto del blocco libro o del prodotto stampato. L&#039;angolo di smusso \u00e8 fondamentale per un taglio netto e pulito, senza tirare o strappare la carta.<\/li>\r\n<li data-sourcepos=\"30:1-30:273\"><strong>Lame laterali (testa e coda):<\/strong> Queste due lame rifilano i bordi superiore e inferiore del blocco libro. Sono spesso pi\u00f9 corte della lama anteriore e sono sincronizzate per muoversi simultaneamente. La loro forma e la loro smussatura sono progettate per tagli precisi e puliti su questi bordi rilegati.<\/li>\r\n<li data-sourcepos=\"31:1-31:79\"><strong>Lame solide:<\/strong> Il tagliente \u00e8 parte integrante del materiale della lama.<\/li>\r\n<li data-sourcepos=\"32:1-33:0\"><strong>Lame intarsiate:<\/strong> Presentano una striscia di materiale ad alte prestazioni (come HSS o carburo) inserita in un corpo lama pi\u00f9 morbido, offrendo un equilibrio tra rapporto costi-benefici e prestazioni.<\/li>\r\n<\/ul>\r\n<p data-sourcepos=\"34:1-34:646\">Il principio di funzionamento delle lame del taglierino a 3 lame prevede il movimento sincronizzato delle tre lame per rifilare i tre lati aperti di una pila di prodotti stampati in un unico ciclo. La pila viene posizionata con precisione, quindi la lama anteriore si muove orizzontalmente per rifilare il bordo anteriore, mentre le due lame laterali si muovono verticalmente per rifilare la testa e la coda. La precisione del taglio dipende dall&#039;affilatura e dall&#039;allineamento delle lame, nonch\u00e9 dal preciso funzionamento meccanico della taglierina. L&#039;affilatura regolare e la corretta manutenzione delle lame del taglierino a 3 lame sono essenziali per mantenere la qualit\u00e0 del taglio e prolungarne la durata.<\/p>\r\n<p>\"\u00a0<span style=\"color: #ff9900;\"><em><strong><a style=\"color: #ff9900;\" href=\"https:\/\/maxtormetal.com\/it\/contact\/\" target=\"_blank\" rel=\"noopener\">Benvenuti a richiedere informazioni!<\/a><\/strong><\/em><\/span><\/p>\r\n<p>Se non trovi la lama di taglio che stai cercando, possiamo anche personalizzarla, vedi il nostro <span style=\"color: #ff9900;\">\u201c<a style=\"color: #ff9900;\" href=\"https:\/\/maxtormetal.com\/it\/custom-blades\/\" target=\"_blank\" rel=\"noopener\"><em><strong>Lame Personalizzate<\/strong><\/em><\/a>\u201d<\/span> per scoprire come fare!<\/p>\r\n<h4><a href=\"https:\/\/maxtormetal.com\/it\/brochures\/\" target=\"_blank\" rel=\"noopener\"><strong><em><span style=\"color: #ff9900;\">Apri Brochure<\/span><\/em><\/strong><\/a><\/h4>\r\n<hr \/><hr \/>\r\n<h2>Perch\u00e9 Scegliere METAL?<\/h2>\r\n<ol>\r\n<li><strong> Servizio di Importazione Completo e Senza Problemi<\/strong><\/li>\r\n<\/ol>\r\n<p>Goditi la comodit\u00e0 di un'importazione senza intoppi. Dal trasporto allo sdoganamento, gestiamo l'intero processo. Tutto ci\u00f2 che devi fare \u00e8 pagare l'IVA e attendere l'arrivo della merce.<\/p>\r\n<ol start=\"2\">\r\n<li><strong> Prezzi Competitivi<\/strong><\/li>\r\n<\/ol>\r\n<p>Abbiamo visto le nostre lame eccellere in innumerevoli applicazioni e siamo pronti per qualsiasi progetto tu ci proponga. Aspettati precisione, durata e prezzi competitivi ineguagliabili.<\/p>\r\n<ol start=\"3\">\r\n<li><strong> ODM &amp; OEM Disponibili<\/strong><\/li>\r\n<\/ol>\r\n<p>Sia che tu fornisca disegni, schizzi o campioni, possiamo progettare e produrre per te. Abbiamo anche l'esperienza per assistere nella modifica di design e specifiche esistenti per migliorare quasi ogni applicazione di utensili industriali. Contatta il nostro team di vendita dedicato per discutere le tue esigenze specifiche.<\/p>\r\n<ol start=\"4\">\r\n<li><strong> Controllo Qualit\u00e0 Rigoroso<\/strong><\/li>\r\n<\/ol>\r\n<p>Vengono eseguite una serie di test e ispezioni per controllare la qualit\u00e0, tra cui l'ispezione del primo articolo, l'ispezione del materiale in ingresso e dei materiali certificati, l'ispezione di qualit\u00e0 in-process e l'ispezione di qualit\u00e0 finale.<\/p>\r\n<ol start=\"5\">\r\n<li><strong> Approvvigionamento Flessibile, Cooperazione Illimitata<\/strong><\/li>\r\n<\/ol>\r\n<p>Che tu sia un importatore, distributore, grossista o utente finale, ti diamo il benvenuto. Approfitta di MOQ minimi, richieste senza problemi e maggiore libert\u00e0 di acquisto.<\/p>\r\n<ol start=\"6\">\r\n<li><strong> Monitoraggio in Tempo Reale del Progresso di Produzione<\/strong><\/li>\r\n<\/ol>\r\n<p>Consideraci il tuo monitor esclusivo. Forniremo aggiornamenti regolari su ogni fase cruciale della tua linea di produzione. Indipendentemente dalla distanza, avrai una visione in tempo reale dello stato di avanzamento del tuo prodotto.<\/p>\r\n<hr \/>\r\n<p><iframe loading=\"lazy\" title=\"Lama per taglierina a tre lati per la macchina per il taglio della carta\" width=\"800\" height=\"600\" src=\"https:\/\/www.youtube.com\/embed\/YLQELEjeeLs?feature=oembed&#038;enablejsapi=1&#038;origin=https:\/\/maxtormetal.com\" frameborder=\"0\" allow=\"accelerometer; autoplay; clipboard-write; encrypted-media; gyroscope; picture-in-picture; web-share\" referrerpolicy=\"strict-origin-when-cross-origin\" allowfullscreen><\/iframe><\/p>","protected":false},"excerpt":{"rendered":"<p>What do 3-Knife Trimmer Blades Mean? 3-knife trimmer blades, also known as three-knife cutter blades, are sets of precision cutting knives used in a three-knife trimmer machine. These machines are essential in the printing and bookbinding industries for simultaneously trimming three sides (fore-edge, head, and tail) of a stack of printed products like books, magazines, [&hellip;]<\/p>","protected":false},"featured_media":3055,"template":"","meta":[],"product_cat":[100,108],"product_tag":[420],"yoast_head":"<!-- This site is optimized with the Yoast SEO Premium plugin v23.6 (Yoast SEO v23.6) - https:\/\/yoast.com\/wordpress\/plugins\/seo\/ -->\n<title>3-knife Trimmer Blades - Metal Industrial, Industrial Blade Manufacturer, Cutting Knives and blades, Machine Knives and blades supplier, Custom Blades solution<\/title>\n<meta name=\"description\" content=\"Explore our high-quality 3-knife trimmer blades and three-knife cutter blades for precise book and magazine trimming.Find durable book trimmer blades.\" \/>\n<meta name=\"robots\" content=\"index, follow, max-snippet:-1, max-image-preview:large, max-video-preview:-1\" \/>\n<link rel=\"canonical\" href=\"https:\/\/maxtormetal.com\/it\/prodotto\/lame-per-taglierine-a-tre-coltelli\/\" \/>\n<meta property=\"og:locale\" content=\"it_IT\" \/>\n<meta property=\"og:type\" content=\"article\" \/>\n<meta property=\"og:title\" content=\"3-knife Trimmer Blades\" \/>\n<meta property=\"og:description\" content=\"Explore our high-quality 3-knife trimmer blades and three-knife cutter blades for precise book and magazine trimming.Find durable book trimmer blades.\" \/>\n<meta property=\"og:url\" content=\"https:\/\/maxtormetal.com\/it\/prodotto\/lame-per-taglierine-a-tre-coltelli\/\" \/>\n<meta property=\"og:site_name\" content=\"Metal Industrial, Industrial Blade Manufacturer, Cutting Knives and blades, Machine Knives and blades supplier, Custom Blades solution\" \/>\n<meta property=\"article:publisher\" content=\"https:\/\/www.facebook.com\/mengli.tang.3\" \/>\n<meta property=\"article:modified_time\" content=\"2025-05-06T10:48:44+00:00\" \/>\n<meta property=\"og:image\" content=\"https:\/\/maxtormetal.com\/wp-content\/uploads\/2023\/10\/3-knife-trimmer-blades-main1.jpg\" \/>\n\t<meta property=\"og:image:width\" content=\"800\" \/>\n\t<meta property=\"og:image:height\" content=\"800\" \/>\n\t<meta property=\"og:image:type\" content=\"image\/jpeg\" \/>\n<meta name=\"twitter:card\" content=\"summary_large_image\" \/>\n<meta name=\"twitter:site\" content=\"@MengliT13570\" \/>\n<script type=\"application\/ld+json\" class=\"yoast-schema-graph\">{\"@context\":\"https:\/\/schema.org\",\"@graph\":[{\"@type\":[\"WebPage\",\"ItemPage\"],\"@id\":\"https:\/\/maxtormetal.com\/product\/3-knife-trimmer-blades\/\",\"url\":\"https:\/\/maxtormetal.com\/product\/3-knife-trimmer-blades\/\",\"name\":\"3-knife Trimmer Blades - Metal Industrial, Industrial Blade Manufacturer, Cutting Knives and blades, Machine Knives and blades supplier, Custom Blades solution\",\"isPartOf\":{\"@id\":\"https:\/\/maxtormetal.com\/fr\/#website\"},\"primaryImageOfPage\":{\"@id\":\"https:\/\/maxtormetal.com\/product\/3-knife-trimmer-blades\/#primaryimage\"},\"image\":{\"@id\":\"https:\/\/maxtormetal.com\/product\/3-knife-trimmer-blades\/#primaryimage\"},\"thumbnailUrl\":\"https:\/\/maxtormetal.com\/wp-content\/uploads\/2023\/10\/3-knife-trimmer-blades-main1.jpg\",\"datePublished\":\"2023-10-06T09:22:19+00:00\",\"dateModified\":\"2025-05-06T10:48:44+00:00\",\"description\":\"Explore our high-quality 3-knife trimmer blades and three-knife cutter blades for precise book and magazine trimming.Find durable book trimmer blades.\",\"breadcrumb\":{\"@id\":\"https:\/\/maxtormetal.com\/product\/3-knife-trimmer-blades\/#breadcrumb\"},\"inLanguage\":\"it-IT\",\"potentialAction\":[{\"@type\":\"ReadAction\",\"target\":[\"https:\/\/maxtormetal.com\/product\/3-knife-trimmer-blades\/\"]}]},{\"@type\":\"ImageObject\",\"inLanguage\":\"it-IT\",\"@id\":\"https:\/\/maxtormetal.com\/product\/3-knife-trimmer-blades\/#primaryimage\",\"url\":\"https:\/\/maxtormetal.com\/wp-content\/uploads\/2023\/10\/3-knife-trimmer-blades-main1.jpg\",\"contentUrl\":\"https:\/\/maxtormetal.com\/wp-content\/uploads\/2023\/10\/3-knife-trimmer-blades-main1.jpg\",\"width\":800,\"height\":800},{\"@type\":\"BreadcrumbList\",\"@id\":\"https:\/\/maxtormetal.com\/product\/3-knife-trimmer-blades\/#breadcrumb\",\"itemListElement\":[{\"@type\":\"ListItem\",\"position\":1,\"name\":\"Home\",\"item\":\"https:\/\/maxtormetal.com\/\"},{\"@type\":\"ListItem\",\"position\":2,\"name\":\"Products\",\"item\":\"https:\/\/maxtormetal.com\/products\/\"},{\"@type\":\"ListItem\",\"position\":3,\"name\":\"3-knife Trimmer Blades\"}]},{\"@type\":\"WebSite\",\"@id\":\"https:\/\/maxtormetal.com\/fr\/#website\",\"url\":\"https:\/\/maxtormetal.com\/fr\/\",\"name\":\"Metal Industrial, Industrial Blade Manufacturer, Cutting Knives and blades, Machine Knives and blades supplier, Custom Blades solution\",\"description\":\"Mechanical blades and knives supplier for all machines made by China\",\"publisher\":{\"@id\":\"https:\/\/maxtormetal.com\/fr\/#organization\"},\"potentialAction\":[{\"@type\":\"SearchAction\",\"target\":{\"@type\":\"EntryPoint\",\"urlTemplate\":\"https:\/\/maxtormetal.com\/fr\/?s={search_term_string}\"},\"query-input\":{\"@type\":\"PropertyValueSpecification\",\"valueRequired\":true,\"valueName\":\"search_term_string\"}}],\"inLanguage\":\"it-IT\"},{\"@type\":[\"Organization\",\"Place\"],\"@id\":\"https:\/\/maxtormetal.com\/fr\/#organization\",\"name\":\"Nanjing Metal Industrial CO., Limited\",\"alternateName\":\"Metal Industrial\",\"url\":\"https:\/\/maxtormetal.com\/fr\/\",\"logo\":{\"@id\":\"https:\/\/maxtormetal.com\/product\/3-knife-trimmer-blades\/#local-main-organization-logo\"},\"image\":{\"@id\":\"https:\/\/maxtormetal.com\/product\/3-knife-trimmer-blades\/#local-main-organization-logo\"},\"sameAs\":[\"https:\/\/www.facebook.com\/mengli.tang.3\",\"https:\/\/x.com\/MengliT13570\",\"https:\/\/www.linkedin.com\/in\/metalindustrial\/\"],\"description\":\"NanjingMetal is specialized in manufacturing and supplying industrial blades and knives, and its main business is to provide customers with customized industrial blades to meet their specific needs. With an experienced design and production team, we utilize the supply chain advantage in China to provide customers with competitive high quality industrial blades and knives.\",\"legalName\":\"Nanjing Metal Industrial CO., Limited\",\"foundingDate\":\"2006-02-18\",\"numberOfEmployees\":{\"@type\":\"QuantitativeValue\",\"minValue\":\"11\",\"maxValue\":\"50\"},\"telephone\":[],\"openingHoursSpecification\":[{\"@type\":\"OpeningHoursSpecification\",\"dayOfWeek\":[\"Monday\",\"Tuesday\",\"Wednesday\",\"Thursday\",\"Friday\",\"Saturday\",\"Sunday\"],\"opens\":\"09:00\",\"closes\":\"17:00\"}]},{\"@type\":\"ImageObject\",\"inLanguage\":\"it-IT\",\"@id\":\"https:\/\/maxtormetal.com\/product\/3-knife-trimmer-blades\/#local-main-organization-logo\",\"url\":\"https:\/\/maxtormetal.com\/wp-content\/uploads\/2023\/08\/cropped-cropped-logo-\u526f\u672c-\u526f\u672c-e1693303172756-1.png\",\"contentUrl\":\"https:\/\/maxtormetal.com\/wp-content\/uploads\/2023\/08\/cropped-cropped-logo-\u526f\u672c-\u526f\u672c-e1693303172756-1.png\",\"width\":441,\"height\":132,\"caption\":\"Nanjing Metal Industrial CO., Limited\"}]}<\/script>\n<!-- \/ Yoast SEO Premium plugin. -->","yoast_head_json":{"title":"3-knife Trimmer Blades - Metal Industrial, Industrial Blade Manufacturer, Cutting Knives and blades, Machine Knives and blades supplier, Custom Blades solution","description":"Explore our high-quality 3-knife trimmer blades and three-knife cutter blades for precise book and magazine trimming.Find durable book trimmer blades.","robots":{"index":"index","follow":"follow","max-snippet":"max-snippet:-1","max-image-preview":"max-image-preview:large","max-video-preview":"max-video-preview:-1"},"canonical":"https:\/\/maxtormetal.com\/it\/prodotto\/lame-per-taglierine-a-tre-coltelli\/","og_locale":"it_IT","og_type":"article","og_title":"3-knife Trimmer Blades","og_description":"Explore our high-quality 3-knife trimmer blades and three-knife cutter blades for precise book and magazine trimming.Find durable book trimmer blades.","og_url":"https:\/\/maxtormetal.com\/it\/prodotto\/lame-per-taglierine-a-tre-coltelli\/","og_site_name":"Metal Industrial, Industrial Blade Manufacturer, Cutting Knives and blades, Machine Knives and blades supplier, Custom Blades solution","article_publisher":"https:\/\/www.facebook.com\/mengli.tang.3","article_modified_time":"2025-05-06T10:48:44+00:00","og_image":[{"width":800,"height":800,"url":"https:\/\/maxtormetal.com\/wp-content\/uploads\/2023\/10\/3-knife-trimmer-blades-main1.jpg","type":"image\/jpeg"}],"twitter_card":"summary_large_image","twitter_site":"@MengliT13570","schema":{"@context":"https:\/\/schema.org","@graph":[{"@type":["WebPage","ItemPage"],"@id":"https:\/\/maxtormetal.com\/product\/3-knife-trimmer-blades\/","url":"https:\/\/maxtormetal.com\/product\/3-knife-trimmer-blades\/","name":"3-knife Trimmer Blades - Metal Industrial, Industrial Blade Manufacturer, Cutting Knives and blades, Machine Knives and blades supplier, Custom Blades solution","isPartOf":{"@id":"https:\/\/maxtormetal.com\/fr\/#website"},"primaryImageOfPage":{"@id":"https:\/\/maxtormetal.com\/product\/3-knife-trimmer-blades\/#primaryimage"},"image":{"@id":"https:\/\/maxtormetal.com\/product\/3-knife-trimmer-blades\/#primaryimage"},"thumbnailUrl":"https:\/\/maxtormetal.com\/wp-content\/uploads\/2023\/10\/3-knife-trimmer-blades-main1.jpg","datePublished":"2023-10-06T09:22:19+00:00","dateModified":"2025-05-06T10:48:44+00:00","description":"Explore our high-quality 3-knife trimmer blades and three-knife cutter blades for precise book and magazine trimming.Find durable book trimmer blades.","breadcrumb":{"@id":"https:\/\/maxtormetal.com\/product\/3-knife-trimmer-blades\/#breadcrumb"},"inLanguage":"it-IT","potentialAction":[{"@type":"ReadAction","target":["https:\/\/maxtormetal.com\/product\/3-knife-trimmer-blades\/"]}]},{"@type":"ImageObject","inLanguage":"it-IT","@id":"https:\/\/maxtormetal.com\/product\/3-knife-trimmer-blades\/#primaryimage","url":"https:\/\/maxtormetal.com\/wp-content\/uploads\/2023\/10\/3-knife-trimmer-blades-main1.jpg","contentUrl":"https:\/\/maxtormetal.com\/wp-content\/uploads\/2023\/10\/3-knife-trimmer-blades-main1.jpg","width":800,"height":800},{"@type":"BreadcrumbList","@id":"https:\/\/maxtormetal.com\/product\/3-knife-trimmer-blades\/#breadcrumb","itemListElement":[{"@type":"ListItem","position":1,"name":"Home","item":"https:\/\/maxtormetal.com\/"},{"@type":"ListItem","position":2,"name":"Products","item":"https:\/\/maxtormetal.com\/products\/"},{"@type":"ListItem","position":3,"name":"3-knife Trimmer Blades"}]},{"@type":"WebSite","@id":"https:\/\/maxtormetal.com\/fr\/#website","url":"https:\/\/maxtormetal.com\/fr\/","name":"Metal Industrial, Industrial Blade Manufacturer, Cutting Knives and blades, Machine Knives and blades supplier, Custom Blades solution","description":"Mechanical blades and knives supplier for all machines made by China","publisher":{"@id":"https:\/\/maxtormetal.com\/fr\/#organization"},"potentialAction":[{"@type":"SearchAction","target":{"@type":"EntryPoint","urlTemplate":"https:\/\/maxtormetal.com\/fr\/?s={search_term_string}"},"query-input":{"@type":"PropertyValueSpecification","valueRequired":true,"valueName":"search_term_string"}}],"inLanguage":"it-IT"},{"@type":["Organization","Place"],"@id":"https:\/\/maxtormetal.com\/fr\/#organization","name":"Nanjing Metal Industrial CO., Limited","alternateName":"Metal Industrial","url":"https:\/\/maxtormetal.com\/fr\/","logo":{"@id":"https:\/\/maxtormetal.com\/product\/3-knife-trimmer-blades\/#local-main-organization-logo"},"image":{"@id":"https:\/\/maxtormetal.com\/product\/3-knife-trimmer-blades\/#local-main-organization-logo"},"sameAs":["https:\/\/www.facebook.com\/mengli.tang.3","https:\/\/x.com\/MengliT13570","https:\/\/www.linkedin.com\/in\/metalindustrial\/"],"description":"NanjingMetal is specialized in manufacturing and supplying industrial blades and knives, and its main business is to provide customers with customized industrial blades to meet their specific needs. With an experienced design and production team, we utilize the supply chain advantage in China to provide customers with competitive high quality industrial blades and knives.","legalName":"Nanjing Metal Industrial CO., Limited","foundingDate":"2006-02-18","numberOfEmployees":{"@type":"QuantitativeValue","minValue":"11","maxValue":"50"},"telephone":[],"openingHoursSpecification":[{"@type":"OpeningHoursSpecification","dayOfWeek":["Monday","Tuesday","Wednesday","Thursday","Friday","Saturday","Sunday"],"opens":"09:00","closes":"17:00"}]},{"@type":"ImageObject","inLanguage":"it-IT","@id":"https:\/\/maxtormetal.com\/product\/3-knife-trimmer-blades\/#local-main-organization-logo","url":"https:\/\/maxtormetal.com\/wp-content\/uploads\/2023\/08\/cropped-cropped-logo-\u526f\u672c-\u526f\u672c-e1693303172756-1.png","contentUrl":"https:\/\/maxtormetal.com\/wp-content\/uploads\/2023\/08\/cropped-cropped-logo-\u526f\u672c-\u526f\u672c-e1693303172756-1.png","width":441,"height":132,"caption":"Nanjing Metal Industrial CO., Limited"}]}},"_links":{"self":[{"href":"https:\/\/maxtormetal.com\/it\/wp-json\/wp\/v2\/product\/3051"}],"collection":[{"href":"https:\/\/maxtormetal.com\/it\/wp-json\/wp\/v2\/product"}],"about":[{"href":"https:\/\/maxtormetal.com\/it\/wp-json\/wp\/v2\/types\/product"}],"wp:featuredmedia":[{"embeddable":true,"href":"https:\/\/maxtormetal.com\/it\/wp-json\/wp\/v2\/media\/3055"}],"wp:attachment":[{"href":"https:\/\/maxtormetal.com\/it\/wp-json\/wp\/v2\/media?parent=3051"}],"wp:term":[{"taxonomy":"product_cat","embeddable":true,"href":"https:\/\/maxtormetal.com\/it\/wp-json\/wp\/v2\/product_cat?post=3051"},{"taxonomy":"product_tag","embeddable":true,"href":"https:\/\/maxtormetal.com\/it\/wp-json\/wp\/v2\/product_tag?post=3051"}],"curies":[{"name":"wp","href":"https:\/\/api.w.org\/{rel}","templated":true}]}}