{"id":3073,"date":"2023-10-07T09:34:50","date_gmt":"2023-10-07T01:34:50","guid":{"rendered":"https:\/\/maxtormetal.com\/?post_type=product&#038;p=3073"},"modified":"2025-05-06T19:48:56","modified_gmt":"2025-05-06T11:48:56","slug":"lame-per-macchine-imballatrici","status":"publish","type":"product","link":"https:\/\/maxtormetal.com\/it\/prodotto\/lame-per-macchine-imballatrici\/","title":{"rendered":"Coltelli per Macchine Imballatrici"},"content":{"rendered":"<h2 data-sourcepos=\"1:1-1:43\">Cosa significano i coltelli delle macchine confezionatrici?<\/h2>\r\n<p data-sourcepos=\"3:1-3:556\">I coltelli per macchine confezionatrici, noti anche come lame per imballaggio o coltelli per form fill seal, sono utensili da taglio specializzati integrati in vari tipi di macchinari per l&#039;imballaggio. Questi coltelli svolgono un&#039;ampia gamma di funzioni di taglio e sigillatura, essenziali per la formatura, il riempimento e la sigillatura di confezioni contenenti prodotti diversi, dagli alimenti e prodotti farmaceutici ai beni industriali. Il termine &quot;coltelli per macchine confezionatrici&quot; comprende un&#039;ampia categoria di lame progettate per compiti specifici all&#039;interno del processo di confezionamento, garantendo un imballaggio efficiente e sicuro.<\/p>\r\n<h2 data-sourcepos=\"5:1-5:52\">Usi e applicazioni dei coltelli per macchine confezionatrici<\/h2>\r\n<p data-sourcepos=\"7:1-7:142\">I coltelli per macchine confezionatrici sono parte integrante di numerosi processi di confezionamento automatizzati in diversi settori. Le loro principali applicazioni includono:<\/p>\r\n<ul data-sourcepos=\"9:1-18:0\">\r\n<li data-sourcepos=\"9:1-9:171\"><strong>Macchine Form Fill Seal (FFS):<\/strong> Taglio e sigillatura di film flessibili per la creazione di buste, sacchetti e bustine. Sono incluse macchine FFS orizzontali e verticali.<\/li>\r\n<li data-sourcepos=\"10:1-10:133\"><strong>Macchine confezionatrici flow-pack:<\/strong> Tagliare e sigillare le estremit\u00e0 di prodotti confezionati come barrette di cioccolato, prodotti da forno e porzioni individuali.<\/li>\r\n<li data-sourcepos=\"11:1-11:128\"><strong>Macchine per il confezionamento in bustine:<\/strong> Taglio e sigillatura di piccole buste o sacchetti contenenti polveri, liquidi o prodotti granulari.<\/li>\r\n<li data-sourcepos=\"12:1-12:134\"><strong>Macchine per il confezionamento in blister:<\/strong> Tagliare le cavit\u00e0 dei blister formate dal nastro e talvolta perforare o segnare la confezione.<\/li>\r\n<li data-sourcepos=\"13:1-13:134\"><strong>Macchine astucciatrici:<\/strong> Taglio e cordonatura di fogli di cartone per formare scatole di cartone e talvolta taglio e sigillatura di sacchetti o fodere interne.<\/li>\r\n<li data-sourcepos=\"14:1-14:90\"><strong>Macchine etichettatrici:<\/strong> Taglio delle etichette da un rotolo continuo o perforazione di etichette.<\/li>\r\n<li data-sourcepos=\"15:1-15:99\"><strong>Macchine avvolgitrici termoretraibili:<\/strong> Taglio della pellicola termoretraibile dopo averla avvolta attorno al prodotto.<\/li>\r\n<li data-sourcepos=\"16:1-16:91\"><strong>Macchine insacchettatrici:<\/strong> Taglio dei sacchetti riempiti da un rotolo continuo di materiale di insaccamento.<\/li>\r\n<li data-sourcepos=\"17:1-18:0\"><strong>Macchine per il confezionamento sottovuoto:<\/strong> Taglio della pellicola in eccesso dopo aver sigillato sottovuoto un prodotto.<\/li>\r\n<\/ul>\r\n<h2 data-sourcepos=\"19:1-19:48\">Materiali comuni per coltelli per macchine confezionatrici<\/h2>\r\n<p data-sourcepos=\"21:1-21:296\">I materiali utilizzati per i coltelli delle macchine confezionatrici devono essere di qualit\u00e0 alimentare, ove applicabile, resistenti alla corrosione (in particolare per il confezionamento di alimenti e prodotti farmaceutici) e in grado di mantenere un filo affilato e resistente per garantire tagli puliti e affidabili ad alta velocit\u00e0. I materiali pi\u00f9 comuni includono:<\/p>\r\n<ul data-sourcepos=\"23:1-27:0\">\r\n<li data-sourcepos=\"23:1-23:308\"><strong>Acciaio inossidabile (ad esempio, serie 304, 420, 440):<\/strong> L&#039;acciaio inossidabile \u00e8 ampiamente utilizzato grazie alla sua eccellente resistenza alla corrosione, alla facilit\u00e0 di pulizia e alla facilit\u00e0 di affilatura. Diverse qualit\u00e0 offrono diversi livelli di durezza e resistenza all&#039;usura. Per il contatto diretto con gli alimenti, l&#039;acciaio inossidabile 304 \u00e8 una scelta comune.<\/li>\r\n<li data-sourcepos=\"24:1-24:165\"><strong>Acciaio Rapido (HSS)<\/strong> Offre una maggiore resistenza all&#039;usura e pu\u00f2 mantenere l&#039;affilatura anche a velocit\u00e0 operative pi\u00f9 elevate, adatta per applicazioni di imballaggio impegnative.<\/li>\r\n<li data-sourcepos=\"25:1-25:186\"><strong>Acciaio per utensili legato (ad esempio, D2, A2):<\/strong> Offre un buon equilibrio tra durezza, tenacit\u00e0 e resistenza all&#039;usura, ideale per la lavorazione di materiali di imballaggio abrasivi o per produzioni ad alto volume.<\/li>\r\n<li data-sourcepos=\"26:1-27:0\"><strong>Lame con punta in carburo:<\/strong> Dotate di inserti in carburo di tungsteno sul tagliente, offrono eccezionale durezza e resistenza all&#039;usura per il taglio di pellicole da imballaggio resistenti o abrasive e prolungano significativamente la durata della lama.<\/li>\r\n<\/ul>\r\n<p data-sourcepos=\"28:1-28:296\">Le lame sono spesso rettificate con precisione e possono essere sottoposte a processi di tempra e rinvenimento per raggiungere l&#039;equilibrio ottimale tra affilatura e durata. Rivestimenti superficiali come il nitruro di titanio (TiN) possono essere applicati per migliorare la durezza superficiale, ridurre l&#039;attrito e migliorare la resistenza all&#039;usura e alla corrosione.<\/p>\r\n<h2 data-sourcepos=\"30:1-30:40\">Forme comuni delle lame per imballaggio<\/h2>\r\n<p data-sourcepos=\"32:1-32:175\">I coltelli per macchine confezionatrici sono disponibili in una vasta gamma di forme e configurazioni dei bordi, studiate appositamente per specifici meccanismi di taglio e sigillatura all&#039;interno di diverse macchine confezionatrici:<\/p>\r\n<ul data-sourcepos=\"34:1-43:0\">\r\n<li data-sourcepos=\"34:1-34:144\"><strong>Coltelli da taglio dritti:<\/strong> Lame lunghe e dritte utilizzate per effettuare tagli trasversali nel materiale di imballaggio e separare le singole confezioni.<\/li>\r\n<li data-sourcepos=\"35:1-35:105\"><strong>Coltelli da taglio rotanti:<\/strong> Lame circolari o a disco che ruotano per tagliare la pellicola di imballaggio in movimento.<\/li>\r\n<li data-sourcepos=\"36:1-36:131\"><strong>Coltelli da spalla per formatura:<\/strong> Lame sagomate utilizzate nelle macchine FFS per tagliare e modellare la pellicola mentre passa sulla spalla di formatura.<\/li>\r\n<li data-sourcepos=\"37:1-37:149\"><strong>Coltelli sigillanti (pinzatrici):<\/strong> Spesso presentano bordi seghettati o profilati e possono essere riscaldati per creare una saldatura termica e contemporaneamente tagliare la pellicola.<\/li>\r\n<li data-sourcepos=\"38:1-38:110\"><strong>Coltelli a strappo:<\/strong> Piccole lame sagomate che creano tacche di strappo negli imballaggi flessibili, facilitandone l&#039;apertura.<\/li>\r\n<li data-sourcepos=\"39:1-39:133\"><strong>Coltelli perforatori:<\/strong> Lame con denti o bordi appositamente progettati per creare linee di perforazione che facilitano lo strappo o la ventilazione.<\/li>\r\n<li data-sourcepos=\"40:1-40:102\"><strong>Coltelli da taglio:<\/strong> Lame circolari o dritte utilizzate per tagliare longitudinalmente il materiale di imballaggio.<\/li>\r\n<li data-sourcepos=\"41:1-41:145\"><strong>Lame fustellatrici:<\/strong> Lame di forma personalizzata utilizzate per tagliare contorni specifici nei materiali di imballaggio, ad esempio per blister o buste sagomate.<\/li>\r\n<li data-sourcepos=\"42:1-43:0\"><strong>Coltelli a ghigliottina:<\/strong> Lame dritte utilizzate con un movimento simile a quello della ghigliottina per tagliare pile di materiale di imballaggio o fogli singoli.<\/li>\r\n<\/ul>\r\n<p data-sourcepos=\"44:1-44:594\">Il principio di funzionamento dipende dal tipo specifico di macchina confezionatrice e dalla funzione del coltello. I coltelli da taglio in genere tagliano il materiale contro un&#039;incudine fissa o un&#039;altra lama in movimento. I coltelli saldanti utilizzano calore e pressione per fondere insieme gli strati di film e tagliare il materiale in eccesso. I coltelli rotanti forniscono un&#039;azione di taglio continua. La precisione della forma della lama, l&#039;affilatura del filo, la pressione applicata e la sincronizzazione con il movimento della macchina sono tutti elementi fondamentali per ottenere tagli puliti e precisi e saldature resistenti nel processo di confezionamento.<\/p>\r\n<p>\"\u00a0<span style=\"color: #ff9900;\"><em><strong><a style=\"color: #ff9900;\" href=\"https:\/\/maxtormetal.com\/it\/contact\/\" target=\"_blank\" rel=\"noopener\">Benvenuti a richiedere informazioni!<\/a><\/strong><\/em><\/span><\/p>\r\n<p>Se non trovi la lama di taglio che stai cercando, possiamo anche personalizzarla, vedi il nostro <span style=\"color: #ff9900;\">\u201c<a style=\"color: #ff9900;\" href=\"https:\/\/maxtormetal.com\/it\/custom-blades\/\" target=\"_blank\" rel=\"noopener\"><em><strong>Lame Personalizzate<\/strong><\/em><\/a>\u201d<\/span> per scoprire come fare!<\/p>\r\n<h4><a href=\"https:\/\/maxtormetal.com\/it\/brochures\/\" target=\"_blank\" rel=\"noopener\"><strong><em><span style=\"color: #ff9900;\">Apri Brochure<\/span><\/em><\/strong><\/a><\/h4>\r\n<hr \/>\r\n<h2>Perch\u00e9 Scegliere METAL?<\/h2>\r\n<ol>\r\n<li><strong> Servizio di Importazione Completo e Senza Problemi<\/strong><\/li>\r\n<\/ol>\r\n<p>Goditi la comodit\u00e0 di un'importazione senza intoppi. Dal trasporto allo sdoganamento, gestiamo l'intero processo. Tutto ci\u00f2 che devi fare \u00e8 pagare l'IVA e attendere l'arrivo della merce.<\/p>\r\n<ol start=\"2\">\r\n<li><strong> Prezzi Competitivi<\/strong><\/li>\r\n<\/ol>\r\n<p>Abbiamo visto le nostre lame eccellere in innumerevoli applicazioni e siamo pronti per qualsiasi progetto tu ci proponga. Aspettati precisione, durata e prezzi competitivi ineguagliabili.<\/p>\r\n<ol start=\"3\">\r\n<li><strong> ODM &amp; OEM Disponibili<\/strong><\/li>\r\n<\/ol>\r\n<p>Sia che tu fornisca disegni, schizzi o campioni, possiamo progettare e produrre per te. Abbiamo anche l'esperienza per assistere nella modifica di design e specifiche esistenti per migliorare quasi ogni applicazione di utensili industriali. Contatta il nostro team di vendita dedicato per discutere le tue esigenze specifiche.<\/p>\r\n<ol start=\"4\">\r\n<li><strong> Controllo Qualit\u00e0 Rigoroso<\/strong><\/li>\r\n<\/ol>\r\n<p>Vengono eseguite una serie di test e ispezioni per controllare la qualit\u00e0, tra cui l'ispezione del primo articolo, l'ispezione del materiale in ingresso e dei materiali certificati, l'ispezione di qualit\u00e0 in-process e l'ispezione di qualit\u00e0 finale.<\/p>\r\n<ol start=\"5\">\r\n<li><strong> Approvvigionamento Flessibile, Cooperazione Illimitata<\/strong><\/li>\r\n<\/ol>\r\n<p>Che tu sia un importatore, distributore, grossista o utente finale, ti diamo il benvenuto. Approfitta di MOQ minimi, richieste senza problemi e maggiore libert\u00e0 di acquisto.<\/p>\r\n<ol start=\"6\">\r\n<li><strong> Monitoraggio in Tempo Reale del Progresso di Produzione<\/strong><\/li>\r\n<\/ol>\r\n<p>Consideraci il tuo monitor esclusivo. Forniremo aggiornamenti regolari su ogni fase cruciale della tua linea di produzione. Indipendentemente dalla distanza, avrai una visione in tempo reale dello stato di avanzamento del tuo prodotto.<\/p>\r\n<hr \/>\r\n<p><iframe loading=\"lazy\" title=\"Lama per macchina da imballaggio a forma di T Lama per sega per utensili da taglio\" width=\"800\" height=\"600\" src=\"https:\/\/www.youtube.com\/embed\/wOuLacXQE6g?feature=oembed&#038;enablejsapi=1&#038;origin=https:\/\/maxtormetal.com\" frameborder=\"0\" allow=\"accelerometer; autoplay; clipboard-write; encrypted-media; gyroscope; picture-in-picture; web-share\" referrerpolicy=\"strict-origin-when-cross-origin\" allowfullscreen><\/iframe><\/p>","protected":false},"excerpt":{"rendered":"<p>What do Packaging Machine Knives Mean? Packaging machine knives, also known as packaging blades or form fill seal knives, are specialized cutting tools integrated into various types of packaging machinery. These knives perform a wide range of cutting and sealing functions essential for forming, filling, and sealing packages containing diverse products, from food and pharmaceuticals [&hellip;]<\/p>","protected":false},"featured_media":3078,"template":"","meta":[],"product_cat":[114,100,108,109],"product_tag":[416],"yoast_head":"<!-- This site is optimized with the Yoast SEO Premium plugin v23.6 (Yoast SEO v23.6) - https:\/\/yoast.com\/wordpress\/plugins\/seo\/ -->\n<title>Packaging Machine Knives<\/title>\n<meta name=\"description\" content=\"Discover high-quality packaging machine knives designed for efficiency and precision. Ideal for various applications in packaging and manufacturing\" \/>\n<meta name=\"robots\" content=\"index, follow, max-snippet:-1, max-image-preview:large, max-video-preview:-1\" \/>\n<link rel=\"canonical\" href=\"https:\/\/maxtormetal.com\/it\/prodotto\/lame-per-macchine-imballatrici\/\" \/>\n<meta property=\"og:locale\" content=\"it_IT\" \/>\n<meta property=\"og:type\" content=\"article\" \/>\n<meta property=\"og:title\" content=\"Packaging Machine Knives\" \/>\n<meta property=\"og:description\" content=\"Discover high-quality packaging machine knives designed for efficiency and precision. Ideal for various applications in packaging and manufacturing\" \/>\n<meta property=\"og:url\" content=\"https:\/\/maxtormetal.com\/it\/prodotto\/lame-per-macchine-imballatrici\/\" \/>\n<meta property=\"og:site_name\" content=\"Maxtor Metal | Custom Industrial Blade Manufacturer &amp; Supplier\" \/>\n<meta property=\"article:publisher\" content=\"https:\/\/www.facebook.com\/maxtormetalindustrial\" \/>\n<meta property=\"article:modified_time\" content=\"2025-05-06T11:48:56+00:00\" \/>\n<meta property=\"og:image\" content=\"https:\/\/maxtormetal.com\/wp-content\/uploads\/2023\/10\/packing-machine-knives-main11.jpg\" \/>\n\t<meta property=\"og:image:width\" content=\"800\" \/>\n\t<meta property=\"og:image:height\" content=\"800\" \/>\n\t<meta property=\"og:image:type\" content=\"image\/jpeg\" \/>\n<meta name=\"twitter:card\" content=\"summary_large_image\" \/>\n<script type=\"application\/ld+json\" class=\"yoast-schema-graph\">{\"@context\":\"https:\/\/schema.org\",\"@graph\":[{\"@type\":[\"WebPage\",\"ItemPage\"],\"@id\":\"https:\/\/maxtormetal.com\/product\/packaging-machine-knives\/\",\"url\":\"https:\/\/maxtormetal.com\/product\/packaging-machine-knives\/\",\"name\":\"Packaging Machine Knives\",\"isPartOf\":{\"@id\":\"https:\/\/maxtormetal.com\/fr\/#website\"},\"primaryImageOfPage\":{\"@id\":\"https:\/\/maxtormetal.com\/product\/packaging-machine-knives\/#primaryimage\"},\"image\":{\"@id\":\"https:\/\/maxtormetal.com\/product\/packaging-machine-knives\/#primaryimage\"},\"thumbnailUrl\":\"https:\/\/maxtormetal.com\/wp-content\/uploads\/2023\/10\/packing-machine-knives-main11.jpg\",\"datePublished\":\"2023-10-07T01:34:50+00:00\",\"dateModified\":\"2025-05-06T11:48:56+00:00\",\"description\":\"Discover high-quality packaging machine knives designed for efficiency and precision. Ideal for various applications in packaging and manufacturing\",\"breadcrumb\":{\"@id\":\"https:\/\/maxtormetal.com\/product\/packaging-machine-knives\/#breadcrumb\"},\"inLanguage\":\"it-IT\",\"potentialAction\":[{\"@type\":\"ReadAction\",\"target\":[\"https:\/\/maxtormetal.com\/product\/packaging-machine-knives\/\"]}]},{\"@type\":\"ImageObject\",\"inLanguage\":\"it-IT\",\"@id\":\"https:\/\/maxtormetal.com\/product\/packaging-machine-knives\/#primaryimage\",\"url\":\"https:\/\/maxtormetal.com\/wp-content\/uploads\/2023\/10\/packing-machine-knives-main11.jpg\",\"contentUrl\":\"https:\/\/maxtormetal.com\/wp-content\/uploads\/2023\/10\/packing-machine-knives-main11.jpg\",\"width\":800,\"height\":800},{\"@type\":\"BreadcrumbList\",\"@id\":\"https:\/\/maxtormetal.com\/product\/packaging-machine-knives\/#breadcrumb\",\"itemListElement\":[{\"@type\":\"ListItem\",\"position\":1,\"name\":\"Home\",\"item\":\"https:\/\/maxtormetal.com\/\"},{\"@type\":\"ListItem\",\"position\":2,\"name\":\"Products\",\"item\":\"https:\/\/maxtormetal.com\/products\/\"},{\"@type\":\"ListItem\",\"position\":3,\"name\":\"Packaging Machine Knives\"}]},{\"@type\":\"WebSite\",\"@id\":\"https:\/\/maxtormetal.com\/fr\/#website\",\"url\":\"https:\/\/maxtormetal.com\/fr\/\",\"name\":\"Maxtor Metal | Custom Industrial Blade Manufacturer &amp; Supplier\",\"description\":\"Mechanical blades and knives supplier for all machines made by China\",\"publisher\":{\"@id\":\"https:\/\/maxtormetal.com\/fr\/#organization\"},\"potentialAction\":[{\"@type\":\"SearchAction\",\"target\":{\"@type\":\"EntryPoint\",\"urlTemplate\":\"https:\/\/maxtormetal.com\/fr\/?s={search_term_string}\"},\"query-input\":{\"@type\":\"PropertyValueSpecification\",\"valueRequired\":true,\"valueName\":\"search_term_string\"}}],\"inLanguage\":\"it-IT\"},{\"@type\":[\"Organization\",\"Place\"],\"@id\":\"https:\/\/maxtormetal.com\/fr\/#organization\",\"name\":\"Maxtor Metal\",\"alternateName\":\"Metal Industrial\",\"url\":\"https:\/\/maxtormetal.com\/fr\/\",\"logo\":{\"@id\":\"https:\/\/maxtormetal.com\/product\/packaging-machine-knives\/#local-main-organization-logo\"},\"image\":{\"@id\":\"https:\/\/maxtormetal.com\/product\/packaging-machine-knives\/#local-main-organization-logo\"},\"sameAs\":[\"https:\/\/www.facebook.com\/maxtormetalindustrial\",\"https:\/\/www.linkedin.com\/in\/metalindustrial\/\"],\"description\":\"Maxtor Metal (formerly known as Metal Industrial) is a custom industrial blade manufacturer based in Nanjing, China. Established in 2006 under Nanjing Metal Industrial CO., Limited, we specialize in manufacturing industrial machine blades, machine knives, and providing regrinding services for clients in over 80 countries worldwide.\",\"legalName\":\"Nanjing Metal Industrial CO., Limited\",\"foundingDate\":\"2006-02-18\",\"numberOfEmployees\":{\"@type\":\"QuantitativeValue\",\"minValue\":\"11\",\"maxValue\":\"50\"},\"address\":{\"@id\":\"https:\/\/maxtormetal.com\/product\/packaging-machine-knives\/#local-main-place-address\"},\"telephone\":[],\"openingHoursSpecification\":[{\"@type\":\"OpeningHoursSpecification\",\"dayOfWeek\":[\"Monday\",\"Tuesday\",\"Wednesday\",\"Thursday\",\"Friday\",\"Saturday\",\"Sunday\"],\"opens\":\"09:00\",\"closes\":\"17:00\"}],\"email\":\"sales@maxtormetal.com\",\"areaServed\":\"Worldwide\",\"globalLocationNumber\":\"+86-158-6180-3357\"},{\"@type\":\"PostalAddress\",\"@id\":\"https:\/\/maxtormetal.com\/product\/packaging-machine-knives\/#local-main-place-address\",\"streetAddress\":\"Mingjue Industrial Park, Lishui\",\"addressLocality\":\"Nanjing\",\"postalCode\":\"211223\",\"addressRegion\":\"Jiangsu\",\"addressCountry\":\"CN\"},{\"@type\":\"ImageObject\",\"inLanguage\":\"it-IT\",\"@id\":\"https:\/\/maxtormetal.com\/product\/packaging-machine-knives\/#local-main-organization-logo\",\"url\":\"https:\/\/maxtormetal.com\/wp-content\/uploads\/2023\/08\/cropped-cropped-logo-\u526f\u672c-\u526f\u672c-e1693303172756-1.png\",\"contentUrl\":\"https:\/\/maxtormetal.com\/wp-content\/uploads\/2023\/08\/cropped-cropped-logo-\u526f\u672c-\u526f\u672c-e1693303172756-1.png\",\"width\":441,\"height\":132,\"caption\":\"Maxtor Metal\"}]}<\/script>\n<meta name=\"geo.placename\" content=\"Nanjing\" \/>\n<meta name=\"geo.region\" content=\"Cina\" \/>\n<!-- \/ Yoast SEO Premium plugin. -->","yoast_head_json":{"title":"Packaging Machine Knives","description":"Discover high-quality packaging machine knives designed for efficiency and precision. Ideal for various applications in packaging and manufacturing","robots":{"index":"index","follow":"follow","max-snippet":"max-snippet:-1","max-image-preview":"max-image-preview:large","max-video-preview":"max-video-preview:-1"},"canonical":"https:\/\/maxtormetal.com\/it\/prodotto\/lame-per-macchine-imballatrici\/","og_locale":"it_IT","og_type":"article","og_title":"Packaging Machine Knives","og_description":"Discover high-quality packaging machine knives designed for efficiency and precision. Ideal for various applications in packaging and manufacturing","og_url":"https:\/\/maxtormetal.com\/it\/prodotto\/lame-per-macchine-imballatrici\/","og_site_name":"Maxtor Metal | Custom Industrial Blade Manufacturer &amp; Supplier","article_publisher":"https:\/\/www.facebook.com\/maxtormetalindustrial","article_modified_time":"2025-05-06T11:48:56+00:00","og_image":[{"width":800,"height":800,"url":"https:\/\/maxtormetal.com\/wp-content\/uploads\/2023\/10\/packing-machine-knives-main11.jpg","type":"image\/jpeg"}],"twitter_card":"summary_large_image","schema":{"@context":"https:\/\/schema.org","@graph":[{"@type":["WebPage","ItemPage"],"@id":"https:\/\/maxtormetal.com\/product\/packaging-machine-knives\/","url":"https:\/\/maxtormetal.com\/product\/packaging-machine-knives\/","name":"Packaging Machine Knives","isPartOf":{"@id":"https:\/\/maxtormetal.com\/fr\/#website"},"primaryImageOfPage":{"@id":"https:\/\/maxtormetal.com\/product\/packaging-machine-knives\/#primaryimage"},"image":{"@id":"https:\/\/maxtormetal.com\/product\/packaging-machine-knives\/#primaryimage"},"thumbnailUrl":"https:\/\/maxtormetal.com\/wp-content\/uploads\/2023\/10\/packing-machine-knives-main11.jpg","datePublished":"2023-10-07T01:34:50+00:00","dateModified":"2025-05-06T11:48:56+00:00","description":"Discover high-quality packaging machine knives designed for efficiency and precision. Ideal for various applications in packaging and manufacturing","breadcrumb":{"@id":"https:\/\/maxtormetal.com\/product\/packaging-machine-knives\/#breadcrumb"},"inLanguage":"it-IT","potentialAction":[{"@type":"ReadAction","target":["https:\/\/maxtormetal.com\/product\/packaging-machine-knives\/"]}]},{"@type":"ImageObject","inLanguage":"it-IT","@id":"https:\/\/maxtormetal.com\/product\/packaging-machine-knives\/#primaryimage","url":"https:\/\/maxtormetal.com\/wp-content\/uploads\/2023\/10\/packing-machine-knives-main11.jpg","contentUrl":"https:\/\/maxtormetal.com\/wp-content\/uploads\/2023\/10\/packing-machine-knives-main11.jpg","width":800,"height":800},{"@type":"BreadcrumbList","@id":"https:\/\/maxtormetal.com\/product\/packaging-machine-knives\/#breadcrumb","itemListElement":[{"@type":"ListItem","position":1,"name":"Home","item":"https:\/\/maxtormetal.com\/"},{"@type":"ListItem","position":2,"name":"Products","item":"https:\/\/maxtormetal.com\/products\/"},{"@type":"ListItem","position":3,"name":"Packaging Machine Knives"}]},{"@type":"WebSite","@id":"https:\/\/maxtormetal.com\/fr\/#website","url":"https:\/\/maxtormetal.com\/fr\/","name":"Maxtor Metal | Custom Industrial Blade Manufacturer &amp; Supplier","description":"Mechanical blades and knives supplier for all machines made by China","publisher":{"@id":"https:\/\/maxtormetal.com\/fr\/#organization"},"potentialAction":[{"@type":"SearchAction","target":{"@type":"EntryPoint","urlTemplate":"https:\/\/maxtormetal.com\/fr\/?s={search_term_string}"},"query-input":{"@type":"PropertyValueSpecification","valueRequired":true,"valueName":"search_term_string"}}],"inLanguage":"it-IT"},{"@type":["Organization","Place"],"@id":"https:\/\/maxtormetal.com\/fr\/#organization","name":"Maxtor Metal","alternateName":"Metal Industrial","url":"https:\/\/maxtormetal.com\/fr\/","logo":{"@id":"https:\/\/maxtormetal.com\/product\/packaging-machine-knives\/#local-main-organization-logo"},"image":{"@id":"https:\/\/maxtormetal.com\/product\/packaging-machine-knives\/#local-main-organization-logo"},"sameAs":["https:\/\/www.facebook.com\/maxtormetalindustrial","https:\/\/www.linkedin.com\/in\/metalindustrial\/"],"description":"Maxtor Metal (formerly known as Metal Industrial) is a custom industrial blade manufacturer based in Nanjing, China. Established in 2006 under Nanjing Metal Industrial CO., Limited, we specialize in manufacturing industrial machine blades, machine knives, and providing regrinding services for clients in over 80 countries worldwide.","legalName":"Nanjing Metal Industrial CO., Limited","foundingDate":"2006-02-18","numberOfEmployees":{"@type":"QuantitativeValue","minValue":"11","maxValue":"50"},"address":{"@id":"https:\/\/maxtormetal.com\/product\/packaging-machine-knives\/#local-main-place-address"},"telephone":[],"openingHoursSpecification":[{"@type":"OpeningHoursSpecification","dayOfWeek":["Monday","Tuesday","Wednesday","Thursday","Friday","Saturday","Sunday"],"opens":"09:00","closes":"17:00"}],"email":"sales@maxtormetal.com","areaServed":"Worldwide","globalLocationNumber":"+86-158-6180-3357"},{"@type":"PostalAddress","@id":"https:\/\/maxtormetal.com\/product\/packaging-machine-knives\/#local-main-place-address","streetAddress":"Mingjue Industrial Park, Lishui","addressLocality":"Nanjing","postalCode":"211223","addressRegion":"Jiangsu","addressCountry":"CN"},{"@type":"ImageObject","inLanguage":"it-IT","@id":"https:\/\/maxtormetal.com\/product\/packaging-machine-knives\/#local-main-organization-logo","url":"https:\/\/maxtormetal.com\/wp-content\/uploads\/2023\/08\/cropped-cropped-logo-\u526f\u672c-\u526f\u672c-e1693303172756-1.png","contentUrl":"https:\/\/maxtormetal.com\/wp-content\/uploads\/2023\/08\/cropped-cropped-logo-\u526f\u672c-\u526f\u672c-e1693303172756-1.png","width":441,"height":132,"caption":"Maxtor Metal"}]},"geo.placename":"Nanjing","geo.region":"Cina"},"_links":{"self":[{"href":"https:\/\/maxtormetal.com\/it\/wp-json\/wp\/v2\/product\/3073"}],"collection":[{"href":"https:\/\/maxtormetal.com\/it\/wp-json\/wp\/v2\/product"}],"about":[{"href":"https:\/\/maxtormetal.com\/it\/wp-json\/wp\/v2\/types\/product"}],"wp:featuredmedia":[{"embeddable":true,"href":"https:\/\/maxtormetal.com\/it\/wp-json\/wp\/v2\/media\/3078"}],"wp:attachment":[{"href":"https:\/\/maxtormetal.com\/it\/wp-json\/wp\/v2\/media?parent=3073"}],"wp:term":[{"taxonomy":"product_cat","embeddable":true,"href":"https:\/\/maxtormetal.com\/it\/wp-json\/wp\/v2\/product_cat?post=3073"},{"taxonomy":"product_tag","embeddable":true,"href":"https:\/\/maxtormetal.com\/it\/wp-json\/wp\/v2\/product_tag?post=3073"}],"curies":[{"name":"wp","href":"https:\/\/api.w.org\/{rel}","templated":true}]}}