{"id":3104,"date":"2023-10-07T09:54:30","date_gmt":"2023-10-07T01:54:30","guid":{"rendered":"https:\/\/maxtormetal.com\/?post_type=product&#038;p=3104"},"modified":"2025-05-29T11:21:32","modified_gmt":"2025-05-29T03:21:32","slug":"rullo-per-maschera-medica-n95","status":"publish","type":"product","link":"https:\/\/maxtormetal.com\/it\/prodotto\/rullo-per-maschera-medica-n95\/","title":{"rendered":"Rullo per Maschere Mediche N95"},"content":{"rendered":"<h3 data-sourcepos=\"3:1-3:42\">Cosa significano i rulli per mascherine mediche N95?<\/h3>\r\n<p data-sourcepos=\"5:1-5:1254\">Il termine &quot;rullo per mascherina medica N95&quot; si riferisce probabilmente a un componente cilindrico o a una lama a rullo utilizzata nella produzione automatizzata di mascherine mediche N95. Data la complessit\u00e0 della produzione delle mascherine N95, che prevede pi\u00f9 strati di tessuto non tessuto (incluso il cruciale strato meltblown), la sagomatura precisa, la sigillatura e la creazione di pieghe o plissettature, un rullo in questo contesto potrebbe svolgere diverse funzioni. Se si tratta di una lama a rullo per mascherina medica N95, si tratterebbe di un utensile da taglio rotante utilizzato per tagliare o rifinire gli strati di tessuto in dimensioni specifiche o per creare caratteristiche come le fessure per i passanti auricolari o per modellare il corpo della mascherina. In alternativa, &quot;rullo&quot; potrebbe riferirsi a un rullo di formatura che aiuta a creare la forma tridimensionale della mascherina, inclusa l&#039;area del ponte nasale e il contorno complessivo progettato per una tenuta facciale ottimale. La parte &quot;mascherina medica N95&quot; del nome specifica che questo rullo o lama \u00e8 progettato per i precisi requisiti di produzione di mascherine che soddisfano lo standard di filtrazione N95 e i criteri di qualit\u00e0 medica. A seconda della sua funzione specifica, una lama rotante per mascherine mediche N95 potrebbe anche essere chiamata &quot;fustellatrice rotativa per mascherine N95&quot;, &quot;rullo per il taglio di tessuti meltblown&quot;, &quot;lama rotante per la modellatura delle mascherine&quot; o &quot;rullo per la formatura delle mascherine N95&quot;.<\/p>\r\n<h3 data-sourcepos=\"7:1-7:79\">Usi e applicazioni dei rulli per mascherine mediche N95 (Roller Blade)<\/h3>\r\n<p data-sourcepos=\"9:1-9:174\">Se il \u201crullo per mascherina medica N95\u201d \u00e8 una lama, il suo utilizzo e le sue applicazioni all\u2019interno del processo di produzione della mascherina N95 sarebbero fondamentali per modellare e dimensionare i componenti della mascherina:<\/p>\r\n<ul data-sourcepos=\"11:1-18:0\">\r\n<li data-sourcepos=\"11:1-11:191\"><strong>Taglio del tessuto meltblown:<\/strong> Taglio preciso dello strato meltblown, essenziale per l&#039;efficienza di filtrazione della maschera N95, nelle larghezze richieste per l&#039;integrazione nella struttura della maschera.<\/li>\r\n<li data-sourcepos=\"12:1-12:129\"><strong>Rifinitura degli strati esterni e interni:<\/strong> Taglio degli strati esterni in spunbond e degli strati interni di comfort in base alle dimensioni specifiche della mascherina.<\/li>\r\n<li data-sourcepos=\"13:1-13:146\"><strong>Creazione di slot per passanti auricolari o fasce per capelli:<\/strong> Tagliare con precisione le fessure o le perforazioni in cui i lacci auricolari o le fasce per la testa verranno fissati al corpo della mascherina.<\/li>\r\n<li data-sourcepos=\"14:1-14:151\"><strong>Modellare il corpo della maschera:<\/strong> Fustellatura rotativa della forma complessiva della mascherina dal tessuto a strati, compresi i contorni attorno al naso e al mento.<\/li>\r\n<li data-sourcepos=\"15:1-15:204\"><strong>Creazione di pieghe o plissettature:<\/strong> Se il rullo ha un profilo specifico, pu\u00f2 essere utilizzato insieme ad altri rulli per creare pieghe o plissettature che consentono alla maschera di espandersi e adattarsi al viso.<\/li>\r\n<li data-sourcepos=\"16:1-16:133\"><strong>Preparazione per la rifinitura e la sigillatura dei bordi:<\/strong> Garantire bordi puliti e precisi per i successivi processi di saldatura o sigillatura a ultrasuoni.<\/li>\r\n<li data-sourcepos=\"17:1-18:0\"><strong>Taglio del filo del ponte nasale (se integrato):<\/strong> In alcuni modelli, potrebbe essere necessario utilizzare una lama rotante per tagliare il filo metallico del ponte nasale alla lunghezza corretta prima di inserirlo nella maschera.<\/li>\r\n<\/ul>\r\n<p data-sourcepos=\"19:1-19:219\">La precisione e la durata del <strong>Mascherina medica N95 con rullo<\/strong> sono fondamentali per mantenere la qualit\u00e0 e l&#039;efficienza di filtrazione della maschera N95 finale, soprattutto nelle linee di produzione automatizzate ad alta velocit\u00e0.<\/p>\r\n<h3 data-sourcepos=\"21:1-21:55\">Materiali comuni per le lame rotanti per mascherine mediche N95<\/h3>\r\n<p data-sourcepos=\"23:1-23:262\">Considerata la necessit\u00e0 di precisione, durata e i requisiti igienici richiesti dalla produzione di dispositivi medici, le lame rotanti per mascherine mediche N95 sarebbero probabilmente realizzate con materiali di alta qualit\u00e0, in grado di mantenere un filo affilato e resistere all&#039;usura. Tra i materiali pi\u00f9 comuni troviamo:<\/p>\r\n<ul data-sourcepos=\"25:1-29:0\">\r\n<li data-sourcepos=\"25:1-25:164\"><strong>Acciaio ad Alto Tenore di Carbonio:<\/strong> Pu\u00f2 essere affilato fino a ottenere un bordo molto affilato, adatto al taglio di tessuti non tessuti. Potrebbe richiedere rivestimenti per una maggiore resistenza all&#039;usura e alla corrosione.<\/li>\r\n<li data-sourcepos=\"26:1-26:181\"><strong>Acciai per utensili (ad esempio, D2, M2):<\/strong> Offre un equilibrio superiore tra durezza, tenacit\u00e0 e resistenza all&#039;usura, ideale per produzioni ad alto volume e strati di tessuto potenzialmente pi\u00f9 abrasivi.<\/li>\r\n<li data-sourcepos=\"27:1-27:222\"><strong>Acciaio inossidabile (vari gradi, ad esempio 440C):<\/strong> Offre un&#039;eccellente resistenza alla corrosione e pu\u00f2 essere temprato per ottenere un tagliente affilato e durevole, essenziale per mantenere l&#039;igiene nella produzione di prodotti medicali.<\/li>\r\n<li data-sourcepos=\"28:1-29:0\"><strong>Carburo solido:<\/strong> Offre durezza e resistenza all&#039;usura eccezionali, adatto per tagli ad altissima velocit\u00e0 e per mantenere un bordo preciso anche durante lunghe tirature di produzione.<\/li>\r\n<\/ul>\r\n<p data-sourcepos=\"30:1-30:206\">Rivestimenti come il nitruro di titanio (TiN) o il nitruro di cromo (CrN) possono essere applicati per migliorare ulteriormente la durezza della lama, ridurre l&#039;attrito e prolungarne la durata, garantendo prestazioni di taglio costanti.<\/p>\r\n<h3 data-sourcepos=\"32:1-32:51\">Forme comuni delle lame rotanti per mascherine mediche N95<\/h3>\r\n<p data-sourcepos=\"34:1-34:221\">In quanto utensili da taglio rotanti circolari, le lame a rullo per mascherine mediche N95 hanno in genere una forma circolare, ma il profilo del bordo e qualsiasi caratteristica aggiuntiva sono adattati alla loro specifica funzione di taglio o modellatura:<\/p>\r\n<ul data-sourcepos=\"36:1-41:0\">\r\n<li data-sourcepos=\"36:1-36:178\"><strong>Lame circolari con bordi affilati:<\/strong> Per tagliare i vari strati di tessuto in larghezza. Il bordo pu\u00f2 essere a smusso singolo o doppio a seconda del materiale e del taglio desiderato.<\/li>\r\n<li data-sourcepos=\"37:1-37:238\"><strong>Fustellatrici rotative con profili specifici:<\/strong> Per ritagliare la forma complessiva della maschera, queste lame avrebbero un bordo esterno sagomato che si adatta al design della maschera, includendo potenzialmente caratteristiche per modellare il ponte nasale o fessure per i passanti auricolari.<\/li>\r\n<li data-sourcepos=\"38:1-38:127\"><strong>Rulli perforatori:<\/strong> Se si creano linee di strappo o punti di attacco, la lama del roller potrebbe presentare piccoli denti o sporgenze.<\/li>\r\n<li data-sourcepos=\"39:1-39:147\"><strong>Rulli di punteggio:<\/strong> Per creare linee di piega, il rullo potrebbe avere un profilo arrotondato o a lama di coltello per incidere il tessuto senza tagliarlo.<\/li>\r\n<li data-sourcepos=\"40:1-41:0\"><strong>Rulli a incudine (utilizzati in combinazione):<\/strong> Questi rulli lisci sostengono il tessuto contro la lama di taglio, garantendo un taglio netto.<\/li>\r\n<\/ul>\r\n<p data-sourcepos=\"42:1-42:189\">La precisione del diametro della lama, dello spessore e l&#039;accuratezza del profilo del suo bordo sono fondamentali per la produzione costante di mascherine mediche N95 che soddisfano rigorosi standard qualitativi.<\/p>\r\n<p>Se non trovi la lama che cerchi, possiamo anche personalizzarla. Visita la nostra sezione <span style=\"color: #ff9900;\">\u201c<a style=\"color: #ff9900;\" href=\"https:\/\/maxtormetal.com\/it\/custom-blades\/\" target=\"_blank\" rel=\"noopener\"><em><strong>Lame Personalizzate<\/strong><\/em><\/a>\u201d<\/span> per scoprire come!\u00a0<span style=\"color: #ff9900;\"><em><strong><a style=\"color: #ff9900;\" href=\"https:\/\/maxtormetal.com\/it\/contact\/\" target=\"_blank\" rel=\"noopener\">Benvenuti a richiedere informazioni!<\/a><\/strong><\/em><\/span><\/p>\r\n<h4><a href=\"https:\/\/maxtormetal.com\/it\/brochures\/\" target=\"_blank\" rel=\"noopener\"><strong><em><span style=\"color: #ff9900;\">Apri Brochure<\/span><\/em><\/strong><\/a><\/h4>\r\n<hr \/>\r\n<h2>Perch\u00e9 Scegliere METAL?<\/h2>\r\n<ol>\r\n<li>\r\n<h3><strong> Servizio di Importazione Completo e Senza Problemi<\/strong><\/h3>\r\n<\/li>\r\n<\/ol>\r\n<p>Goditi la comodit\u00e0 di un'importazione senza intoppi. Dal trasporto allo sdoganamento, gestiamo l'intero processo. Tutto ci\u00f2 che devi fare \u00e8 pagare l'IVA e attendere l'arrivo della merce.<\/p>\r\n<ol start=\"2\">\r\n<li>\r\n<h3><strong> Prezzi Competitivi<\/strong><\/h3>\r\n<\/li>\r\n<\/ol>\r\n<p>Abbiamo visto le nostre lame eccellere in innumerevoli applicazioni e siamo pronti per qualsiasi progetto tu ci proponga. Aspettati precisione, durata e prezzi competitivi ineguagliabili.<\/p>\r\n<ol start=\"3\">\r\n<li>\r\n<h3><strong> ODM &amp; OEM Disponibili<\/strong><\/h3>\r\n<\/li>\r\n<\/ol>\r\n<p>Sia che tu fornisca disegni, schizzi o campioni, possiamo progettare e produrre per te. Abbiamo anche l'esperienza per assistere nella modifica di design e specifiche esistenti per migliorare quasi ogni applicazione di utensili industriali. Contatta il nostro team di vendita dedicato per discutere le tue esigenze specifiche.<\/p>\r\n<ol start=\"4\">\r\n<li>\r\n<h3><strong> Controllo Qualit\u00e0 Rigoroso<\/strong><\/h3>\r\n<\/li>\r\n<\/ol>\r\n<p>Vengono eseguite una serie di test e ispezioni per controllare la qualit\u00e0, tra cui l'ispezione del primo articolo, l'ispezione del materiale in ingresso e dei materiali certificati, l'ispezione di qualit\u00e0 in-process e l'ispezione di qualit\u00e0 finale.<\/p>\r\n<ol start=\"5\">\r\n<li>\r\n<h3><strong> Approvvigionamento Flessibile, Cooperazione Illimitata<\/strong><\/h3>\r\n<\/li>\r\n<\/ol>\r\n<p>Che tu sia un importatore, distributore, grossista o utente finale, ti diamo il benvenuto. Approfitta di MOQ minimi, richieste senza problemi e maggiore libert\u00e0 di acquisto.<\/p>\r\n<ol start=\"6\">\r\n<li>\r\n<h3><strong> Monitoraggio in Tempo Reale del Progresso di Produzione<\/strong><\/h3>\r\n<\/li>\r\n<\/ol>\r\n<p>Consideraci il tuo monitor esclusivo. Forniremo aggiornamenti regolari su ogni fase cruciale della tua linea di produzione. Indipendentemente dalla distanza, avrai una visione in tempo reale dello stato di avanzamento del tuo prodotto.<\/p>\r\n<p>&nbsp;<\/p>","protected":false},"excerpt":{"rendered":"<p>What do N95 Medical Mask Rollers Mean? The term &#8220;N95 Medical Mask Roller&#8221; likely refers to a cylindrical component or a roller blade used within the automated production of N95 medical masks. Given the complexity of N95 mask manufacturing, which involves multiple layers of nonwoven fabrics (including the crucial meltblown layer), precise shaping, sealing, and [&hellip;]<\/p>","protected":false},"featured_media":3108,"template":"","meta":[],"product_cat":[114,112,106,111],"product_tag":[833,405,834,406,832,835],"yoast_head":"<!-- This site is optimized with the Yoast SEO Premium plugin v23.6 (Yoast SEO v23.6) - https:\/\/yoast.com\/wordpress\/plugins\/seo\/ -->\n<title>N95 Medical Mask Roller - Metal Industrial, Industrial Blade Manufacturer, Cutting Knives and blades, Machine Knives and blades supplier, Custom Blades solution<\/title>\n<meta name=\"description\" content=\"Discover high-precision N95 Medical Mask Roller Blades for accurate cutting and shaping of mask materials, including meltblown fabric.\" \/>\n<meta name=\"robots\" content=\"index, follow, max-snippet:-1, max-image-preview:large, max-video-preview:-1\" \/>\n<link rel=\"canonical\" href=\"https:\/\/maxtormetal.com\/it\/prodotto\/rullo-per-maschera-medica-n95\/\" \/>\n<meta property=\"og:locale\" content=\"it_IT\" \/>\n<meta property=\"og:type\" content=\"article\" \/>\n<meta property=\"og:title\" content=\"N95 Medical Mask Roller\" \/>\n<meta property=\"og:description\" content=\"Discover high-precision N95 Medical Mask Roller Blades for accurate cutting and shaping of mask materials, including meltblown fabric.\" \/>\n<meta property=\"og:url\" content=\"https:\/\/maxtormetal.com\/it\/prodotto\/rullo-per-maschera-medica-n95\/\" \/>\n<meta property=\"og:site_name\" content=\"Metal Industrial, Industrial Blade Manufacturer, Cutting Knives and blades, Machine Knives and blades supplier, Custom Blades solution\" \/>\n<meta property=\"article:publisher\" content=\"https:\/\/www.facebook.com\/mengli.tang.3\" \/>\n<meta property=\"article:modified_time\" content=\"2025-05-29T03:21:32+00:00\" \/>\n<meta property=\"og:image\" content=\"https:\/\/maxtormetal.com\/wp-content\/uploads\/2023\/10\/N95-Medical-Mask-Blade-main11.jpg\" \/>\n\t<meta property=\"og:image:width\" content=\"800\" \/>\n\t<meta property=\"og:image:height\" content=\"800\" \/>\n\t<meta property=\"og:image:type\" content=\"image\/jpeg\" \/>\n<meta name=\"twitter:card\" content=\"summary_large_image\" \/>\n<meta name=\"twitter:site\" content=\"@MengliT13570\" \/>\n<script type=\"application\/ld+json\" class=\"yoast-schema-graph\">{\"@context\":\"https:\/\/schema.org\",\"@graph\":[{\"@type\":[\"WebPage\",\"ItemPage\"],\"@id\":\"https:\/\/maxtormetal.com\/product\/n95-medical-mask-roller\/\",\"url\":\"https:\/\/maxtormetal.com\/product\/n95-medical-mask-roller\/\",\"name\":\"N95 Medical Mask Roller - Metal Industrial, Industrial Blade Manufacturer, Cutting Knives and blades, Machine Knives and blades supplier, Custom Blades solution\",\"isPartOf\":{\"@id\":\"https:\/\/maxtormetal.com\/fr\/#website\"},\"primaryImageOfPage\":{\"@id\":\"https:\/\/maxtormetal.com\/product\/n95-medical-mask-roller\/#primaryimage\"},\"image\":{\"@id\":\"https:\/\/maxtormetal.com\/product\/n95-medical-mask-roller\/#primaryimage\"},\"thumbnailUrl\":\"https:\/\/maxtormetal.com\/wp-content\/uploads\/2023\/10\/N95-Medical-Mask-Blade-main11.jpg\",\"datePublished\":\"2023-10-07T01:54:30+00:00\",\"dateModified\":\"2025-05-29T03:21:32+00:00\",\"description\":\"Discover high-precision N95 Medical Mask Roller Blades for accurate cutting and shaping of mask materials, including meltblown fabric.\",\"breadcrumb\":{\"@id\":\"https:\/\/maxtormetal.com\/product\/n95-medical-mask-roller\/#breadcrumb\"},\"inLanguage\":\"it-IT\",\"potentialAction\":[{\"@type\":\"ReadAction\",\"target\":[\"https:\/\/maxtormetal.com\/product\/n95-medical-mask-roller\/\"]}]},{\"@type\":\"ImageObject\",\"inLanguage\":\"it-IT\",\"@id\":\"https:\/\/maxtormetal.com\/product\/n95-medical-mask-roller\/#primaryimage\",\"url\":\"https:\/\/maxtormetal.com\/wp-content\/uploads\/2023\/10\/N95-Medical-Mask-Blade-main11.jpg\",\"contentUrl\":\"https:\/\/maxtormetal.com\/wp-content\/uploads\/2023\/10\/N95-Medical-Mask-Blade-main11.jpg\",\"width\":800,\"height\":800},{\"@type\":\"BreadcrumbList\",\"@id\":\"https:\/\/maxtormetal.com\/product\/n95-medical-mask-roller\/#breadcrumb\",\"itemListElement\":[{\"@type\":\"ListItem\",\"position\":1,\"name\":\"Home\",\"item\":\"https:\/\/maxtormetal.com\/\"},{\"@type\":\"ListItem\",\"position\":2,\"name\":\"Products\",\"item\":\"https:\/\/maxtormetal.com\/products\/\"},{\"@type\":\"ListItem\",\"position\":3,\"name\":\"N95 Medical Mask Roller\"}]},{\"@type\":\"WebSite\",\"@id\":\"https:\/\/maxtormetal.com\/fr\/#website\",\"url\":\"https:\/\/maxtormetal.com\/fr\/\",\"name\":\"Metal Industrial, Industrial Blade Manufacturer, Cutting Knives and blades, Machine Knives and blades supplier, Custom Blades solution\",\"description\":\"Mechanical blades and knives supplier for all machines made by China\",\"publisher\":{\"@id\":\"https:\/\/maxtormetal.com\/fr\/#organization\"},\"potentialAction\":[{\"@type\":\"SearchAction\",\"target\":{\"@type\":\"EntryPoint\",\"urlTemplate\":\"https:\/\/maxtormetal.com\/fr\/?s={search_term_string}\"},\"query-input\":{\"@type\":\"PropertyValueSpecification\",\"valueRequired\":true,\"valueName\":\"search_term_string\"}}],\"inLanguage\":\"it-IT\"},{\"@type\":[\"Organization\",\"Place\"],\"@id\":\"https:\/\/maxtormetal.com\/fr\/#organization\",\"name\":\"Nanjing Metal Industrial CO., Limited\",\"alternateName\":\"Metal Industrial\",\"url\":\"https:\/\/maxtormetal.com\/fr\/\",\"logo\":{\"@id\":\"https:\/\/maxtormetal.com\/product\/n95-medical-mask-roller\/#local-main-organization-logo\"},\"image\":{\"@id\":\"https:\/\/maxtormetal.com\/product\/n95-medical-mask-roller\/#local-main-organization-logo\"},\"sameAs\":[\"https:\/\/www.facebook.com\/mengli.tang.3\",\"https:\/\/x.com\/MengliT13570\",\"https:\/\/www.linkedin.com\/in\/metalindustrial\/\"],\"description\":\"NanjingMetal is specialized in manufacturing and supplying industrial blades and knives, and its main business is to provide customers with customized industrial blades to meet their specific needs. With an experienced design and production team, we utilize the supply chain advantage in China to provide customers with competitive high quality industrial blades and knives.\",\"legalName\":\"Nanjing Metal Industrial CO., Limited\",\"foundingDate\":\"2006-02-18\",\"numberOfEmployees\":{\"@type\":\"QuantitativeValue\",\"minValue\":\"11\",\"maxValue\":\"50\"},\"telephone\":[],\"openingHoursSpecification\":[{\"@type\":\"OpeningHoursSpecification\",\"dayOfWeek\":[\"Monday\",\"Tuesday\",\"Wednesday\",\"Thursday\",\"Friday\",\"Saturday\",\"Sunday\"],\"opens\":\"09:00\",\"closes\":\"17:00\"}]},{\"@type\":\"ImageObject\",\"inLanguage\":\"it-IT\",\"@id\":\"https:\/\/maxtormetal.com\/product\/n95-medical-mask-roller\/#local-main-organization-logo\",\"url\":\"https:\/\/maxtormetal.com\/wp-content\/uploads\/2023\/08\/cropped-cropped-logo-\u526f\u672c-\u526f\u672c-e1693303172756-1.png\",\"contentUrl\":\"https:\/\/maxtormetal.com\/wp-content\/uploads\/2023\/08\/cropped-cropped-logo-\u526f\u672c-\u526f\u672c-e1693303172756-1.png\",\"width\":441,\"height\":132,\"caption\":\"Nanjing Metal Industrial CO., Limited\"}]}<\/script>\n<!-- \/ Yoast SEO Premium plugin. -->","yoast_head_json":{"title":"N95 Medical Mask Roller - Metal Industrial, Industrial Blade Manufacturer, Cutting Knives and blades, Machine Knives and blades supplier, Custom Blades solution","description":"Discover high-precision N95 Medical Mask Roller Blades for accurate cutting and shaping of mask materials, including meltblown fabric.","robots":{"index":"index","follow":"follow","max-snippet":"max-snippet:-1","max-image-preview":"max-image-preview:large","max-video-preview":"max-video-preview:-1"},"canonical":"https:\/\/maxtormetal.com\/it\/prodotto\/rullo-per-maschera-medica-n95\/","og_locale":"it_IT","og_type":"article","og_title":"N95 Medical Mask Roller","og_description":"Discover high-precision N95 Medical Mask Roller Blades for accurate cutting and shaping of mask materials, including meltblown fabric.","og_url":"https:\/\/maxtormetal.com\/it\/prodotto\/rullo-per-maschera-medica-n95\/","og_site_name":"Metal Industrial, Industrial Blade Manufacturer, Cutting Knives and blades, Machine Knives and blades supplier, Custom Blades solution","article_publisher":"https:\/\/www.facebook.com\/mengli.tang.3","article_modified_time":"2025-05-29T03:21:32+00:00","og_image":[{"width":800,"height":800,"url":"https:\/\/maxtormetal.com\/wp-content\/uploads\/2023\/10\/N95-Medical-Mask-Blade-main11.jpg","type":"image\/jpeg"}],"twitter_card":"summary_large_image","twitter_site":"@MengliT13570","schema":{"@context":"https:\/\/schema.org","@graph":[{"@type":["WebPage","ItemPage"],"@id":"https:\/\/maxtormetal.com\/product\/n95-medical-mask-roller\/","url":"https:\/\/maxtormetal.com\/product\/n95-medical-mask-roller\/","name":"N95 Medical Mask Roller - Metal Industrial, Industrial Blade Manufacturer, Cutting Knives and blades, Machine Knives and blades supplier, Custom Blades solution","isPartOf":{"@id":"https:\/\/maxtormetal.com\/fr\/#website"},"primaryImageOfPage":{"@id":"https:\/\/maxtormetal.com\/product\/n95-medical-mask-roller\/#primaryimage"},"image":{"@id":"https:\/\/maxtormetal.com\/product\/n95-medical-mask-roller\/#primaryimage"},"thumbnailUrl":"https:\/\/maxtormetal.com\/wp-content\/uploads\/2023\/10\/N95-Medical-Mask-Blade-main11.jpg","datePublished":"2023-10-07T01:54:30+00:00","dateModified":"2025-05-29T03:21:32+00:00","description":"Discover high-precision N95 Medical Mask Roller Blades for accurate cutting and shaping of mask materials, including meltblown fabric.","breadcrumb":{"@id":"https:\/\/maxtormetal.com\/product\/n95-medical-mask-roller\/#breadcrumb"},"inLanguage":"it-IT","potentialAction":[{"@type":"ReadAction","target":["https:\/\/maxtormetal.com\/product\/n95-medical-mask-roller\/"]}]},{"@type":"ImageObject","inLanguage":"it-IT","@id":"https:\/\/maxtormetal.com\/product\/n95-medical-mask-roller\/#primaryimage","url":"https:\/\/maxtormetal.com\/wp-content\/uploads\/2023\/10\/N95-Medical-Mask-Blade-main11.jpg","contentUrl":"https:\/\/maxtormetal.com\/wp-content\/uploads\/2023\/10\/N95-Medical-Mask-Blade-main11.jpg","width":800,"height":800},{"@type":"BreadcrumbList","@id":"https:\/\/maxtormetal.com\/product\/n95-medical-mask-roller\/#breadcrumb","itemListElement":[{"@type":"ListItem","position":1,"name":"Home","item":"https:\/\/maxtormetal.com\/"},{"@type":"ListItem","position":2,"name":"Products","item":"https:\/\/maxtormetal.com\/products\/"},{"@type":"ListItem","position":3,"name":"N95 Medical Mask Roller"}]},{"@type":"WebSite","@id":"https:\/\/maxtormetal.com\/fr\/#website","url":"https:\/\/maxtormetal.com\/fr\/","name":"Metal Industrial, Industrial Blade Manufacturer, Cutting Knives and blades, Machine Knives and blades supplier, Custom Blades solution","description":"Mechanical blades and knives supplier for all machines made by China","publisher":{"@id":"https:\/\/maxtormetal.com\/fr\/#organization"},"potentialAction":[{"@type":"SearchAction","target":{"@type":"EntryPoint","urlTemplate":"https:\/\/maxtormetal.com\/fr\/?s={search_term_string}"},"query-input":{"@type":"PropertyValueSpecification","valueRequired":true,"valueName":"search_term_string"}}],"inLanguage":"it-IT"},{"@type":["Organization","Place"],"@id":"https:\/\/maxtormetal.com\/fr\/#organization","name":"Nanjing Metal Industrial CO., Limited","alternateName":"Metal Industrial","url":"https:\/\/maxtormetal.com\/fr\/","logo":{"@id":"https:\/\/maxtormetal.com\/product\/n95-medical-mask-roller\/#local-main-organization-logo"},"image":{"@id":"https:\/\/maxtormetal.com\/product\/n95-medical-mask-roller\/#local-main-organization-logo"},"sameAs":["https:\/\/www.facebook.com\/mengli.tang.3","https:\/\/x.com\/MengliT13570","https:\/\/www.linkedin.com\/in\/metalindustrial\/"],"description":"NanjingMetal is specialized in manufacturing and supplying industrial blades and knives, and its main business is to provide customers with customized industrial blades to meet their specific needs. With an experienced design and production team, we utilize the supply chain advantage in China to provide customers with competitive high quality industrial blades and knives.","legalName":"Nanjing Metal Industrial CO., Limited","foundingDate":"2006-02-18","numberOfEmployees":{"@type":"QuantitativeValue","minValue":"11","maxValue":"50"},"telephone":[],"openingHoursSpecification":[{"@type":"OpeningHoursSpecification","dayOfWeek":["Monday","Tuesday","Wednesday","Thursday","Friday","Saturday","Sunday"],"opens":"09:00","closes":"17:00"}]},{"@type":"ImageObject","inLanguage":"it-IT","@id":"https:\/\/maxtormetal.com\/product\/n95-medical-mask-roller\/#local-main-organization-logo","url":"https:\/\/maxtormetal.com\/wp-content\/uploads\/2023\/08\/cropped-cropped-logo-\u526f\u672c-\u526f\u672c-e1693303172756-1.png","contentUrl":"https:\/\/maxtormetal.com\/wp-content\/uploads\/2023\/08\/cropped-cropped-logo-\u526f\u672c-\u526f\u672c-e1693303172756-1.png","width":441,"height":132,"caption":"Nanjing Metal Industrial CO., Limited"}]}},"_links":{"self":[{"href":"https:\/\/maxtormetal.com\/it\/wp-json\/wp\/v2\/product\/3104"}],"collection":[{"href":"https:\/\/maxtormetal.com\/it\/wp-json\/wp\/v2\/product"}],"about":[{"href":"https:\/\/maxtormetal.com\/it\/wp-json\/wp\/v2\/types\/product"}],"wp:featuredmedia":[{"embeddable":true,"href":"https:\/\/maxtormetal.com\/it\/wp-json\/wp\/v2\/media\/3108"}],"wp:attachment":[{"href":"https:\/\/maxtormetal.com\/it\/wp-json\/wp\/v2\/media?parent=3104"}],"wp:term":[{"taxonomy":"product_cat","embeddable":true,"href":"https:\/\/maxtormetal.com\/it\/wp-json\/wp\/v2\/product_cat?post=3104"},{"taxonomy":"product_tag","embeddable":true,"href":"https:\/\/maxtormetal.com\/it\/wp-json\/wp\/v2\/product_tag?post=3104"}],"curies":[{"name":"wp","href":"https:\/\/api.w.org\/{rel}","templated":true}]}}