{"id":3206,"date":"2023-10-07T10:58:32","date_gmt":"2023-10-07T02:58:32","guid":{"rendered":"https:\/\/maxtormetal.com\/?post_type=product&#038;p=3206"},"modified":"2025-05-22T22:28:38","modified_gmt":"2025-05-22T14:28:38","slug":"lama-da-taglio-rotonda-decagonale","status":"publish","type":"product","link":"https:\/\/maxtormetal.com\/it\/prodotto\/lama-da-taglio-rotonda-decagonale\/","title":{"rendered":"Lama da Taglio Rotonda Decagonale"},"content":{"rendered":"<h3 data-sourcepos=\"3:1-3:46\">Cosa significano le lame da taglio rotonde Decagon?<\/h3>\r\n<p data-sourcepos=\"5:1-5:1059\">Il termine &quot;Lama da Taglio Circolare Decagonale&quot; si riferisce a un tipo specializzato di lama da taglio circolare caratterizzata da un bordo esterno decagonale (a 10 lati). Questo esclusivo design multisfaccettato \u00e8 progettato per offrire diversi vantaggi rispetto alle tradizionali lame circolari con bordi lisci e continui. I dieci taglienti distinti di una Lama da Taglio Circolare Decagonale possono offrire una presa migliore sul materiale da tagliare, una maggiore efficienza di taglio concentrando la forza su punti di contatto pi\u00f9 piccoli e tagli potenzialmente pi\u00f9 puliti innescando e propagando strappi o separazioni in modo pi\u00f9 efficace. Queste lame sono tipicamente utilizzate in macchinari da taglio automatizzati in vari settori. Il significato specifico evidenzia la combinazione di una forma complessiva circolare con un perimetro di taglio a dieci lati, ottimizzato per specifiche attivit\u00e0 di lavorazione dei materiali. Le Lame da Taglio Circolari Decagonali sono talvolta chiamate anche &quot;lame rotanti a 10 lati&quot;, &quot;dischi da taglio poligonali&quot;, &quot;lame circolari multisfaccettate&quot; o &quot;frese rotanti decagonali&quot;, a seconda dell&#039;applicazione e del settore.<\/p>\r\n<h3 data-sourcepos=\"7:1-7:57\">Usi e applicazioni delle lame da taglio rotonde Decagon<\/h3>\r\n<p data-sourcepos=\"9:1-9:202\">Le lame da taglio tonde Decagon sono impiegate in una variet\u00e0 di applicazioni di taglio industriale, dove il loro esclusivo design a dieci lati offre vantaggi in termini di prestazioni. Tra i principali utilizzi e scenari applicativi figurano:<\/p>\r\n<ul data-sourcepos=\"11:1-18:0\">\r\n<li data-sourcepos=\"11:1-11:250\"><strong>Industria tessile e dell&#039;abbigliamento:<\/strong> Utilizzato nelle macchine da taglio automatiche per tagliare in modo efficiente pi\u00f9 strati di tessuto, offrendo un buon equilibrio tra potenza di taglio e bordi puliti. Il bordo decagonale pu\u00f2 aiutare a prevenire lo spostamento del materiale durante il taglio.<\/li>\r\n<li data-sourcepos=\"12:1-12:186\"><strong>Produzione di articoli in pelle:<\/strong> Utilizzato per tagliare il cuoio in varie forme per borse, scarpe e rivestimenti. I bordi ben definiti possono facilitare l&#039;avvio del taglio su pelli resistenti.<\/li>\r\n<li data-sourcepos=\"13:1-13:187\"><strong>Lavorazione di schiuma e gomma:<\/strong> Utilizzato per il taglio di fogli e rotoli di schiuma, gomma e materiali flessibili simili. Il bordo sfaccettato pu\u00f2 ridurre la resistenza e migliorare l&#039;efficienza di taglio.<\/li>\r\n<li data-sourcepos=\"14:1-14:213\"><strong>Industria dell'Imballaggio:<\/strong> Utilizzato in macchine da taglio e taglio per la lavorazione di film, lamine e materiali di imballaggio flessibili. La forma decagonale offre un taglio iniziale pi\u00f9 netto e riduce l&#039;impigliamento del materiale.<\/li>\r\n<li data-sourcepos=\"15:1-15:184\"><strong>Industria della carta e della conversione:<\/strong> Utilizzato per tagliare e fendere carta, tessuti non tessuti e altri materiali in rete. L&#039;azione di taglio segmentata pu\u00f2 migliorare la qualit\u00e0 del taglio e ridurre la polvere.<\/li>\r\n<li data-sourcepos=\"16:1-16:212\"><strong>Produzione di tappeti e pavimenti:<\/strong> Utilizzate nelle macchine da taglio per la sagomatura e la rifinitura di tappeti, moquette e altri materiali per pavimenti. Il design robusto delle lame da taglio rotonde Decagon \u00e8 in grado di gestire anche le fibre pi\u00f9 resistenti.<\/li>\r\n<li data-sourcepos=\"17:1-18:0\"><strong>Produzione di interni per autoveicoli:<\/strong> Utilizzato per tagliare vari materiali impiegati negli interni delle auto, come tessuti, pelle e schiuma, spesso in configurazioni multistrato.<\/li>\r\n<\/ul>\r\n<p data-sourcepos=\"19:1-19:197\">Il diametro, lo spessore, il materiale e la smussatura specifici della lama da taglio rotonda Decagon sono determinati dal materiale da tagliare, dalla velocit\u00e0 della macchina e dalla qualit\u00e0 di taglio richiesta.<\/p>\r\n<h3 data-sourcepos=\"21:1-21:53\">Materiali comuni per le lame da taglio rotonde Decagon<\/h3>\r\n<p data-sourcepos=\"23:1-23:209\">I materiali utilizzati per realizzare le lame da taglio rotonde Decagon sono scelti in base alla loro affilatura, resistenza all&#039;usura e capacit\u00e0 di sopportare le sollecitazioni del taglio rotativo ad alta velocit\u00e0. Tra i materiali pi\u00f9 comuni figurano:<\/p>\r\n<ul data-sourcepos=\"25:1-31:0\">\r\n<li data-sourcepos=\"25:1-25:136\"><strong>Acciaio ad Alto Tenore di Carbonio:<\/strong> Offre una buona affilatura e rappresenta un&#039;opzione conveniente per alcune applicazioni, in particolare con materiali pi\u00f9 morbidi.<\/li>\r\n<li data-sourcepos=\"26:1-26:267\"><strong>Acciai per utensili (ad esempio, D2, M2, A2):<\/strong> Questi acciai offrono un equilibrio superiore tra durezza, tenacit\u00e0 e resistenza all&#039;usura, rendendoli ideali per le operazioni di taglio industriali pi\u00f9 impegnative. Le lame da taglio tonde Decagon realizzate in acciaio per utensili mantengono il filo pi\u00f9 a lungo.<\/li>\r\n<li data-sourcepos=\"27:1-27:196\"><strong>Acciai ad alto tenore di carbonio e cromo:<\/strong> Questi acciai offrono un&#039;eccellente resistenza all&#039;usura, essenziale per la lavorazione di materiali abrasivi e per garantire una lunga durata delle lame da taglio tonde Decagon.<\/li>\r\n<li data-sourcepos=\"28:1-28:259\"><strong>Acciai da polverizzazione Metallurgy (acciai PM):<\/strong> Questi acciai avanzati offrono un&#039;omogeneit\u00e0 superiore e possono essere personalizzati per fornire specifiche combinazioni di elevata durezza, tenacit\u00e0 e resistenza all&#039;usura, dando vita alle lame da taglio tonde Decagon ad alte prestazioni.<\/li>\r\n<li data-sourcepos=\"29:1-29:221\"><strong>Carburo solido:<\/strong> Per applicazioni molto impegnative che coinvolgono materiali tenaci o abrasivi e velocit\u00e0 di taglio elevate, le lame da taglio tonde Decagon realizzate in metallo duro integrale offrono un&#039;eccezionale resistenza all&#039;usura e longevit\u00e0.<\/li>\r\n<li data-sourcepos=\"30:1-31:0\"><strong>Punta in carburo:<\/strong> In alcuni casi, una lama con corpo in acciaio pu\u00f2 presentare punte in carburo sui taglienti decagonali per una maggiore resistenza all&#039;usura nei punti di taglio principali.<\/li>\r\n<\/ul>\r\n<p data-sourcepos=\"32:1-32:293\">La scelta del materiale pi\u00f9 adatto per le lame da taglio tonde Decagon dipende dal materiale da tagliare, dalla velocit\u00e0 di taglio, dalla precisione richiesta e dalla durata desiderata della lama. Anche il trattamento termico \u00e8 fondamentale per ottenere la durezza e la tenacit\u00e0 ottimali per il materiale scelto.<\/p>\r\n<h3 data-sourcepos=\"34:1-34:62\">Forme e caratteristiche comuni delle lame da taglio rotonde Decagon<\/h3>\r\n<p data-sourcepos=\"36:1-36:169\">La caratteristica distintiva \u00e8 il tagliente decagonale su un corpo lama circolare. Oltre a ci\u00f2, varianti di design possono ottimizzare le prestazioni per applicazioni specifiche:<\/p>\r\n<ul data-sourcepos=\"38:1-44:0\">\r\n<li data-sourcepos=\"38:1-38:109\"><strong>Lame piatte del decagono:<\/strong> Il design pi\u00f9 comune, con sezione trasversale piatta e periferia decagonale netta.<\/li>\r\n<li data-sourcepos=\"39:1-39:189\"><strong>Lame decagonali smussate:<\/strong> I taglienti possono essere smussati con diverse angolazioni per ottimizzare l&#039;azione di taglio su materiali e spessori diversi. \u00c8 possibile utilizzare smussi singoli o doppi.<\/li>\r\n<li data-sourcepos=\"40:1-40:200\"><strong>Lame decagonali smerlate o seghettate:<\/strong> I dieci lati stessi possono presentare dentellature o dentellature per migliorare ulteriormente la presa e il taglio di determinati materiali, in particolare quelli fibrosi o scivolosi.<\/li>\r\n<li data-sourcepos=\"41:1-41:163\"><strong>Vari diametri e spessori:<\/strong> Le lame da taglio rotonde Decagon sono prodotte in una gamma di misure per adattarsi a diversi macchinari e requisiti di taglio.<\/li>\r\n<li data-sourcepos=\"42:1-42:163\"><strong>Configurazioni del foro centrale:<\/strong> Il foro centrale per il montaggio sulla macchina pu\u00f2 variare in dimensione e forma (ad esempio, foro liscio, con chiavetta) a seconda del design della macchina.<\/li>\r\n<li data-sourcepos=\"43:1-44:0\"><strong>Con o senza rivestimenti:<\/strong> Rivestimenti come il nitruro di titanio (TiN) o il nitruro di cromo (CrN) possono essere applicati alle lame per aumentarne la durezza superficiale, ridurre l&#039;attrito e prolungarne la durata.<\/li>\r\n<\/ul>\r\n<p data-sourcepos=\"45:1-45:307\">La forma e le caratteristiche specifiche della lama circolare Decagon sono attentamente progettate per offrire prestazioni di taglio ottimali e una lunga durata per l&#039;applicazione prevista. I dieci taglienti distintivi sono il principale elemento di differenziazione, offrendo una dinamica di taglio unica rispetto alle lame circolari lisce.<\/p>\r\n<p>Se non trovi la lama che cerchi, possiamo anche personalizzarla. Visita la nostra sezione <span style=\"color: #ff9900;\">\u201c<a style=\"color: #ff9900;\" href=\"https:\/\/maxtormetal.com\/it\/custom-blades\/\" target=\"_blank\" rel=\"noopener\"><em><strong>Lame Personalizzate<\/strong><\/em><\/a>\u201d<\/span> per scoprire come!\u00a0<span style=\"color: #ff9900;\"><em><strong><a style=\"color: #ff9900;\" href=\"https:\/\/maxtormetal.com\/it\/contact\/\" target=\"_blank\" rel=\"noopener\">Benvenuti a richiedere informazioni!<\/a><\/strong><\/em><\/span><\/p>\r\n<h4><a href=\"https:\/\/maxtormetal.com\/it\/brochures\/\" target=\"_blank\" rel=\"noopener\"><strong><em><span style=\"color: #ff9900;\">Apri Brochure<\/span><\/em><\/strong><\/a><\/h4>\r\n<hr \/>\r\n<h2>Perch\u00e9 Scegliere METAL?<\/h2>\r\n<ol>\r\n<li>\r\n<h3><strong> Servizio di Importazione Completo e Senza Problemi<\/strong><\/h3>\r\n<\/li>\r\n<\/ol>\r\n<p>Goditi la comodit\u00e0 di un'importazione senza intoppi. Dal trasporto allo sdoganamento, gestiamo l'intero processo. Tutto ci\u00f2 che devi fare \u00e8 pagare l'IVA e attendere l'arrivo della merce.<\/p>\r\n<ol start=\"2\">\r\n<li>\r\n<h3><strong> Prezzi Competitivi<\/strong><\/h3>\r\n<\/li>\r\n<\/ol>\r\n<p>Abbiamo visto le nostre lame eccellere in innumerevoli applicazioni e siamo pronti per qualsiasi progetto tu ci proponga. Aspettati precisione, durata e prezzi competitivi ineguagliabili.<\/p>\r\n<ol start=\"3\">\r\n<li>\r\n<h3><strong> ODM &amp; OEM Disponibili<\/strong><\/h3>\r\n<\/li>\r\n<\/ol>\r\n<p>Sia che tu fornisca disegni, schizzi o campioni, possiamo progettare e produrre per te. Abbiamo anche l'esperienza per assistere nella modifica di design e specifiche esistenti per migliorare quasi ogni applicazione di utensili industriali. Contatta il nostro team di vendita dedicato per discutere le tue esigenze specifiche.<\/p>\r\n<ol start=\"4\">\r\n<li>\r\n<h3><strong> Controllo Qualit\u00e0 Rigoroso<\/strong><\/h3>\r\n<\/li>\r\n<\/ol>\r\n<p>Vengono eseguite una serie di test e ispezioni per controllare la qualit\u00e0, tra cui l'ispezione del primo articolo, l'ispezione del materiale in ingresso e dei materiali certificati, l'ispezione di qualit\u00e0 in-process e l'ispezione di qualit\u00e0 finale.<\/p>\r\n<ol start=\"5\">\r\n<li>\r\n<h3><strong> Approvvigionamento Flessibile, Cooperazione Illimitata<\/strong><\/h3>\r\n<\/li>\r\n<\/ol>\r\n<p>Che tu sia un importatore, distributore, grossista o utente finale, ti diamo il benvenuto. Approfitta di MOQ minimi, richieste senza problemi e maggiore libert\u00e0 di acquisto.<\/p>\r\n<ol start=\"6\">\r\n<li>\r\n<h3><strong> Monitoraggio in Tempo Reale del Progresso di Produzione<\/strong><\/h3>\r\n<\/li>\r\n<\/ol>\r\n<p>Consideraci il tuo monitor esclusivo. Forniremo aggiornamenti regolari su ogni fase cruciale della tua linea di produzione. Indipendentemente dalla distanza, avrai una visione in tempo reale dello stato di avanzamento del tuo prodotto.<\/p>\r\n<hr \/>\r\n<p><iframe loading=\"lazy\" title=\"Lama per sega circolare in carburo di tungsteno che taglia le lame del decagono\" width=\"800\" height=\"600\" src=\"https:\/\/www.youtube.com\/embed\/-rIYf8HOQRM?feature=oembed&#038;enablejsapi=1&#038;origin=https:\/\/maxtormetal.com\" frameborder=\"0\" allow=\"accelerometer; autoplay; clipboard-write; encrypted-media; gyroscope; picture-in-picture; web-share\" referrerpolicy=\"strict-origin-when-cross-origin\" allowfullscreen><\/iframe><\/p>","protected":false},"excerpt":{"rendered":"<p>What do Decagon Round Cutting Blades Mean? The term &#8220;Decagon Round Cutting Blade&#8221; refers to a specialized type of circular cutting blade characterized by a decagonal (10-sided) outer edge. This unique multi-faceted design is engineered to provide several advantages over traditional circular blades with continuous smooth edges. The ten distinct cutting edges of a Decagon [&hellip;]<\/p>","protected":false},"featured_media":3209,"template":"","meta":[],"product_cat":[114,101,113,104],"product_tag":[381],"yoast_head":"<!-- This site is optimized with the Yoast SEO Premium plugin v23.6 (Yoast SEO v23.6) - https:\/\/yoast.com\/wordpress\/plugins\/seo\/ -->\n<title>Decagon Round Cutting Blade - Metal Industrial, Industrial Blade Manufacturer, Cutting Knives and blades, Machine Knives and blades supplier, Custom Blades solution<\/title>\n<meta name=\"description\" content=\"Discover high-performance Decagon Round Cutting Blade for efficient and clean cutting of textiles, leather, foam, and more.\" \/>\n<meta name=\"robots\" content=\"index, follow, max-snippet:-1, max-image-preview:large, max-video-preview:-1\" \/>\n<link rel=\"canonical\" href=\"https:\/\/maxtormetal.com\/it\/prodotto\/lama-da-taglio-rotonda-decagonale\/\" \/>\n<meta property=\"og:locale\" content=\"it_IT\" \/>\n<meta property=\"og:type\" content=\"article\" \/>\n<meta property=\"og:title\" content=\"Decagon Round Cutting Blade\" \/>\n<meta property=\"og:description\" content=\"Discover high-performance Decagon Round Cutting Blade for efficient and clean cutting of textiles, leather, foam, and more.\" \/>\n<meta property=\"og:url\" content=\"https:\/\/maxtormetal.com\/it\/prodotto\/lama-da-taglio-rotonda-decagonale\/\" \/>\n<meta property=\"og:site_name\" content=\"Metal Industrial, Industrial Blade Manufacturer, Cutting Knives and blades, Machine Knives and blades supplier, Custom Blades solution\" \/>\n<meta property=\"article:publisher\" content=\"https:\/\/www.facebook.com\/mengli.tang.3\" \/>\n<meta property=\"article:modified_time\" content=\"2025-05-22T14:28:38+00:00\" \/>\n<meta property=\"og:image\" content=\"https:\/\/maxtormetal.com\/wp-content\/uploads\/2023\/10\/Decagon-round-cutting-blade-main1.jpg\" \/>\n\t<meta property=\"og:image:width\" content=\"750\" \/>\n\t<meta property=\"og:image:height\" content=\"750\" \/>\n\t<meta property=\"og:image:type\" content=\"image\/jpeg\" \/>\n<meta name=\"twitter:card\" content=\"summary_large_image\" \/>\n<meta name=\"twitter:site\" content=\"@MengliT13570\" \/>\n<script type=\"application\/ld+json\" class=\"yoast-schema-graph\">{\"@context\":\"https:\/\/schema.org\",\"@graph\":[{\"@type\":[\"WebPage\",\"ItemPage\"],\"@id\":\"https:\/\/maxtormetal.com\/product\/decagon-round-cutting-blade\/\",\"url\":\"https:\/\/maxtormetal.com\/product\/decagon-round-cutting-blade\/\",\"name\":\"Decagon Round Cutting Blade - Metal Industrial, Industrial Blade Manufacturer, Cutting Knives and blades, Machine Knives and blades supplier, Custom Blades solution\",\"isPartOf\":{\"@id\":\"https:\/\/maxtormetal.com\/fr\/#website\"},\"primaryImageOfPage\":{\"@id\":\"https:\/\/maxtormetal.com\/product\/decagon-round-cutting-blade\/#primaryimage\"},\"image\":{\"@id\":\"https:\/\/maxtormetal.com\/product\/decagon-round-cutting-blade\/#primaryimage\"},\"thumbnailUrl\":\"https:\/\/maxtormetal.com\/wp-content\/uploads\/2023\/10\/Decagon-round-cutting-blade-main1.jpg\",\"datePublished\":\"2023-10-07T02:58:32+00:00\",\"dateModified\":\"2025-05-22T14:28:38+00:00\",\"description\":\"Discover high-performance Decagon Round Cutting Blade for efficient and clean cutting of textiles, leather, foam, and more.\",\"breadcrumb\":{\"@id\":\"https:\/\/maxtormetal.com\/product\/decagon-round-cutting-blade\/#breadcrumb\"},\"inLanguage\":\"it-IT\",\"potentialAction\":[{\"@type\":\"ReadAction\",\"target\":[\"https:\/\/maxtormetal.com\/product\/decagon-round-cutting-blade\/\"]}]},{\"@type\":\"ImageObject\",\"inLanguage\":\"it-IT\",\"@id\":\"https:\/\/maxtormetal.com\/product\/decagon-round-cutting-blade\/#primaryimage\",\"url\":\"https:\/\/maxtormetal.com\/wp-content\/uploads\/2023\/10\/Decagon-round-cutting-blade-main1.jpg\",\"contentUrl\":\"https:\/\/maxtormetal.com\/wp-content\/uploads\/2023\/10\/Decagon-round-cutting-blade-main1.jpg\",\"width\":750,\"height\":750},{\"@type\":\"BreadcrumbList\",\"@id\":\"https:\/\/maxtormetal.com\/product\/decagon-round-cutting-blade\/#breadcrumb\",\"itemListElement\":[{\"@type\":\"ListItem\",\"position\":1,\"name\":\"Home\",\"item\":\"https:\/\/maxtormetal.com\/\"},{\"@type\":\"ListItem\",\"position\":2,\"name\":\"Products\",\"item\":\"https:\/\/maxtormetal.com\/products\/\"},{\"@type\":\"ListItem\",\"position\":3,\"name\":\"Decagon Round Cutting Blade\"}]},{\"@type\":\"WebSite\",\"@id\":\"https:\/\/maxtormetal.com\/fr\/#website\",\"url\":\"https:\/\/maxtormetal.com\/fr\/\",\"name\":\"Metal Industrial, Industrial Blade Manufacturer, Cutting Knives and blades, Machine Knives and blades supplier, Custom Blades solution\",\"description\":\"Mechanical blades and knives supplier for all machines made by China\",\"publisher\":{\"@id\":\"https:\/\/maxtormetal.com\/fr\/#organization\"},\"potentialAction\":[{\"@type\":\"SearchAction\",\"target\":{\"@type\":\"EntryPoint\",\"urlTemplate\":\"https:\/\/maxtormetal.com\/fr\/?s={search_term_string}\"},\"query-input\":{\"@type\":\"PropertyValueSpecification\",\"valueRequired\":true,\"valueName\":\"search_term_string\"}}],\"inLanguage\":\"it-IT\"},{\"@type\":[\"Organization\",\"Place\"],\"@id\":\"https:\/\/maxtormetal.com\/fr\/#organization\",\"name\":\"Nanjing Metal Industrial CO., Limited\",\"alternateName\":\"Metal Industrial\",\"url\":\"https:\/\/maxtormetal.com\/fr\/\",\"logo\":{\"@id\":\"https:\/\/maxtormetal.com\/product\/decagon-round-cutting-blade\/#local-main-organization-logo\"},\"image\":{\"@id\":\"https:\/\/maxtormetal.com\/product\/decagon-round-cutting-blade\/#local-main-organization-logo\"},\"sameAs\":[\"https:\/\/www.facebook.com\/mengli.tang.3\",\"https:\/\/x.com\/MengliT13570\",\"https:\/\/www.linkedin.com\/in\/metalindustrial\/\"],\"description\":\"NanjingMetal is specialized in manufacturing and supplying industrial blades and knives, and its main business is to provide customers with customized industrial blades to meet their specific needs. With an experienced design and production team, we utilize the supply chain advantage in China to provide customers with competitive high quality industrial blades and knives.\",\"legalName\":\"Nanjing Metal Industrial CO., Limited\",\"foundingDate\":\"2006-02-18\",\"numberOfEmployees\":{\"@type\":\"QuantitativeValue\",\"minValue\":\"11\",\"maxValue\":\"50\"},\"telephone\":[],\"openingHoursSpecification\":[{\"@type\":\"OpeningHoursSpecification\",\"dayOfWeek\":[\"Monday\",\"Tuesday\",\"Wednesday\",\"Thursday\",\"Friday\",\"Saturday\",\"Sunday\"],\"opens\":\"09:00\",\"closes\":\"17:00\"}]},{\"@type\":\"ImageObject\",\"inLanguage\":\"it-IT\",\"@id\":\"https:\/\/maxtormetal.com\/product\/decagon-round-cutting-blade\/#local-main-organization-logo\",\"url\":\"https:\/\/maxtormetal.com\/wp-content\/uploads\/2023\/08\/cropped-cropped-logo-\u526f\u672c-\u526f\u672c-e1693303172756-1.png\",\"contentUrl\":\"https:\/\/maxtormetal.com\/wp-content\/uploads\/2023\/08\/cropped-cropped-logo-\u526f\u672c-\u526f\u672c-e1693303172756-1.png\",\"width\":441,\"height\":132,\"caption\":\"Nanjing Metal Industrial CO., Limited\"}]}<\/script>\n<!-- \/ Yoast SEO Premium plugin. -->","yoast_head_json":{"title":"Decagon Round Cutting Blade - Metal Industrial, Industrial Blade Manufacturer, Cutting Knives and blades, Machine Knives and blades supplier, Custom Blades solution","description":"Discover high-performance Decagon Round Cutting Blade for efficient and clean cutting of textiles, leather, foam, and more.","robots":{"index":"index","follow":"follow","max-snippet":"max-snippet:-1","max-image-preview":"max-image-preview:large","max-video-preview":"max-video-preview:-1"},"canonical":"https:\/\/maxtormetal.com\/it\/prodotto\/lama-da-taglio-rotonda-decagonale\/","og_locale":"it_IT","og_type":"article","og_title":"Decagon Round Cutting Blade","og_description":"Discover high-performance Decagon Round Cutting Blade for efficient and clean cutting of textiles, leather, foam, and more.","og_url":"https:\/\/maxtormetal.com\/it\/prodotto\/lama-da-taglio-rotonda-decagonale\/","og_site_name":"Metal Industrial, Industrial Blade Manufacturer, Cutting Knives and blades, Machine Knives and blades supplier, Custom Blades solution","article_publisher":"https:\/\/www.facebook.com\/mengli.tang.3","article_modified_time":"2025-05-22T14:28:38+00:00","og_image":[{"width":750,"height":750,"url":"https:\/\/maxtormetal.com\/wp-content\/uploads\/2023\/10\/Decagon-round-cutting-blade-main1.jpg","type":"image\/jpeg"}],"twitter_card":"summary_large_image","twitter_site":"@MengliT13570","schema":{"@context":"https:\/\/schema.org","@graph":[{"@type":["WebPage","ItemPage"],"@id":"https:\/\/maxtormetal.com\/product\/decagon-round-cutting-blade\/","url":"https:\/\/maxtormetal.com\/product\/decagon-round-cutting-blade\/","name":"Decagon Round Cutting Blade - Metal Industrial, Industrial Blade Manufacturer, Cutting Knives and blades, Machine Knives and blades supplier, Custom Blades solution","isPartOf":{"@id":"https:\/\/maxtormetal.com\/fr\/#website"},"primaryImageOfPage":{"@id":"https:\/\/maxtormetal.com\/product\/decagon-round-cutting-blade\/#primaryimage"},"image":{"@id":"https:\/\/maxtormetal.com\/product\/decagon-round-cutting-blade\/#primaryimage"},"thumbnailUrl":"https:\/\/maxtormetal.com\/wp-content\/uploads\/2023\/10\/Decagon-round-cutting-blade-main1.jpg","datePublished":"2023-10-07T02:58:32+00:00","dateModified":"2025-05-22T14:28:38+00:00","description":"Discover high-performance Decagon Round Cutting Blade for efficient and clean cutting of textiles, leather, foam, and more.","breadcrumb":{"@id":"https:\/\/maxtormetal.com\/product\/decagon-round-cutting-blade\/#breadcrumb"},"inLanguage":"it-IT","potentialAction":[{"@type":"ReadAction","target":["https:\/\/maxtormetal.com\/product\/decagon-round-cutting-blade\/"]}]},{"@type":"ImageObject","inLanguage":"it-IT","@id":"https:\/\/maxtormetal.com\/product\/decagon-round-cutting-blade\/#primaryimage","url":"https:\/\/maxtormetal.com\/wp-content\/uploads\/2023\/10\/Decagon-round-cutting-blade-main1.jpg","contentUrl":"https:\/\/maxtormetal.com\/wp-content\/uploads\/2023\/10\/Decagon-round-cutting-blade-main1.jpg","width":750,"height":750},{"@type":"BreadcrumbList","@id":"https:\/\/maxtormetal.com\/product\/decagon-round-cutting-blade\/#breadcrumb","itemListElement":[{"@type":"ListItem","position":1,"name":"Home","item":"https:\/\/maxtormetal.com\/"},{"@type":"ListItem","position":2,"name":"Products","item":"https:\/\/maxtormetal.com\/products\/"},{"@type":"ListItem","position":3,"name":"Decagon Round Cutting Blade"}]},{"@type":"WebSite","@id":"https:\/\/maxtormetal.com\/fr\/#website","url":"https:\/\/maxtormetal.com\/fr\/","name":"Metal Industrial, Industrial Blade Manufacturer, Cutting Knives and blades, Machine Knives and blades supplier, Custom Blades solution","description":"Mechanical blades and knives supplier for all machines made by China","publisher":{"@id":"https:\/\/maxtormetal.com\/fr\/#organization"},"potentialAction":[{"@type":"SearchAction","target":{"@type":"EntryPoint","urlTemplate":"https:\/\/maxtormetal.com\/fr\/?s={search_term_string}"},"query-input":{"@type":"PropertyValueSpecification","valueRequired":true,"valueName":"search_term_string"}}],"inLanguage":"it-IT"},{"@type":["Organization","Place"],"@id":"https:\/\/maxtormetal.com\/fr\/#organization","name":"Nanjing Metal Industrial CO., Limited","alternateName":"Metal Industrial","url":"https:\/\/maxtormetal.com\/fr\/","logo":{"@id":"https:\/\/maxtormetal.com\/product\/decagon-round-cutting-blade\/#local-main-organization-logo"},"image":{"@id":"https:\/\/maxtormetal.com\/product\/decagon-round-cutting-blade\/#local-main-organization-logo"},"sameAs":["https:\/\/www.facebook.com\/mengli.tang.3","https:\/\/x.com\/MengliT13570","https:\/\/www.linkedin.com\/in\/metalindustrial\/"],"description":"NanjingMetal is specialized in manufacturing and supplying industrial blades and knives, and its main business is to provide customers with customized industrial blades to meet their specific needs. With an experienced design and production team, we utilize the supply chain advantage in China to provide customers with competitive high quality industrial blades and knives.","legalName":"Nanjing Metal Industrial CO., Limited","foundingDate":"2006-02-18","numberOfEmployees":{"@type":"QuantitativeValue","minValue":"11","maxValue":"50"},"telephone":[],"openingHoursSpecification":[{"@type":"OpeningHoursSpecification","dayOfWeek":["Monday","Tuesday","Wednesday","Thursday","Friday","Saturday","Sunday"],"opens":"09:00","closes":"17:00"}]},{"@type":"ImageObject","inLanguage":"it-IT","@id":"https:\/\/maxtormetal.com\/product\/decagon-round-cutting-blade\/#local-main-organization-logo","url":"https:\/\/maxtormetal.com\/wp-content\/uploads\/2023\/08\/cropped-cropped-logo-\u526f\u672c-\u526f\u672c-e1693303172756-1.png","contentUrl":"https:\/\/maxtormetal.com\/wp-content\/uploads\/2023\/08\/cropped-cropped-logo-\u526f\u672c-\u526f\u672c-e1693303172756-1.png","width":441,"height":132,"caption":"Nanjing Metal Industrial CO., Limited"}]}},"_links":{"self":[{"href":"https:\/\/maxtormetal.com\/it\/wp-json\/wp\/v2\/product\/3206"}],"collection":[{"href":"https:\/\/maxtormetal.com\/it\/wp-json\/wp\/v2\/product"}],"about":[{"href":"https:\/\/maxtormetal.com\/it\/wp-json\/wp\/v2\/types\/product"}],"wp:featuredmedia":[{"embeddable":true,"href":"https:\/\/maxtormetal.com\/it\/wp-json\/wp\/v2\/media\/3209"}],"wp:attachment":[{"href":"https:\/\/maxtormetal.com\/it\/wp-json\/wp\/v2\/media?parent=3206"}],"wp:term":[{"taxonomy":"product_cat","embeddable":true,"href":"https:\/\/maxtormetal.com\/it\/wp-json\/wp\/v2\/product_cat?post=3206"},{"taxonomy":"product_tag","embeddable":true,"href":"https:\/\/maxtormetal.com\/it\/wp-json\/wp\/v2\/product_tag?post=3206"}],"curies":[{"name":"wp","href":"https:\/\/api.w.org\/{rel}","templated":true}]}}