{"id":3219,"date":"2023-10-07T11:08:58","date_gmt":"2023-10-07T03:08:58","guid":{"rendered":"https:\/\/maxtormetal.com\/?post_type=product&#038;p=3219"},"modified":"2025-05-22T22:04:50","modified_gmt":"2025-05-22T14:04:50","slug":"coltello-da-bricolage","status":"publish","type":"product","link":"https:\/\/maxtormetal.com\/it\/prodotto\/coltello-da-bricolage\/","title":{"rendered":"Lama per Bisturi"},"content":{"rendered":"<h3 data-sourcepos=\"3:1-3:30\">Cosa significano i coltelli artigianali?<\/h3>\r\n<p data-sourcepos=\"5:1-5:818\">Il termine &quot;Craft Knife&quot; si riferisce a un versatile utensile da taglio portatile progettato per lavori di precisione in varie applicazioni artistiche, artigianali e hobbistiche. A differenza delle lame industriali per impieghi gravosi, i Craft Knives sono in genere dotati di un&#039;impugnatura leggera e di lame intercambiabili e molto affilate di varie forme e dimensioni per consentire tagli complessi, incisioni, rifilature e dettagli su un&#039;ampia gamma di materiali. Il design dei Craft Knives enfatizza la manovrabilit\u00e0, il controllo e la precisione per le attivit\u00e0 che richiedono una manipolazione precisa. Il significato specifico spesso implica uno strumento per lavori di precisione che non \u00e8 progettato per carichi di taglio pesanti. I Craft Knives sono talvolta chiamati anche &quot;coltelli da hobby&quot;, &quot;coltelli da modellismo&quot;, &quot;coltelli di precisione&quot;, &quot;coltelli artistici&quot; o &quot;taglierini multiuso&quot;, a seconda dell&#039;applicazione specifica e della marca.<\/p>\r\n<h3 data-sourcepos=\"7:1-7:41\">Usi e applicazioni dei coltelli artigianali<\/h3>\r\n<p data-sourcepos=\"9:1-9:250\">I coltelli artigianali sono strumenti essenziali per una moltitudine di attivit\u00e0 creative e di precisione in vari hobby e professioni. La loro versatilit\u00e0 deriva dalla gamma di lame intercambiabili disponibili. I principali utilizzi e scenari applicativi includono:<\/p>\r\n<ul data-sourcepos=\"11:1-21:0\">\r\n<li data-sourcepos=\"11:1-11:203\"><strong>Modellismo:<\/strong> Utilizzato per tagliare e rifinire plastica, legno di balsa, pannelli in schiuma e altri materiali per creare modelli e miniature complesse. Le diverse forme delle lame consentono tagli e angolazioni diversi.<\/li>\r\n<li data-sourcepos=\"12:1-12:184\"><strong>Creazione di carta:<\/strong> Indispensabile per scrapbooking, creazione di biglietti, origami e arte del ritaglio della carta. Il taglierino affilato consente tagli precisi su carta di diverse grammature e spessori.<\/li>\r\n<li data-sourcepos=\"13:1-13:115\"><strong>Grafica e Illustrazione:<\/strong> Utilizzato per tagliare pellicole di mascheratura, stencil e rifinire opere d&#039;arte con precisione.<\/li>\r\n<li data-sourcepos=\"14:1-14:171\"><strong>Lavorazione della pelle:<\/strong> Utilizzate per tagliare e scarnire la pelle per vari progetti. Sono disponibili lame specifiche per diversi spessori di pelle e stili di taglio.<\/li>\r\n<li data-sourcepos=\"15:1-15:161\"><strong>Arti tessili e cucito:<\/strong> Utilizzato per tagliare modelli, rifinire cuciture e altre manipolazioni dettagliate dei tessuti. I taglierini rotanti sono uno strumento correlato ma distinto.<\/li>\r\n<li data-sourcepos=\"16:1-16:162\"><strong>Intaglio del legno (lavoro leggero):<\/strong> Un coltello pi\u00f9 piccolo pu\u00f2 essere utilizzato per intagli dettagliati su legni pi\u00f9 teneri o per piccole regolazioni in progetti di falegnameria pi\u00f9 grandi.<\/li>\r\n<li data-sourcepos=\"17:1-17:97\"><strong>Taglio vinile:<\/strong> Utilizzato per rimuovere le decalcomanie in vinile e tagliare disegni complessi su fogli di vinile.<\/li>\r\n<li data-sourcepos=\"18:1-18:117\"><strong>Creazione di gioielli:<\/strong> Utilizzato per compiti quali il taglio di metalli teneri, la modellatura di modelli in cera e altri lavori di precisione.<\/li>\r\n<li data-sourcepos=\"19:1-19:88\"><strong>Tassidermia e preparazione dei campioni:<\/strong> Utilizzato per la rimozione e la rifinitura di tessuti delicati.<\/li>\r\n<li data-sourcepos=\"20:1-21:0\"><strong>Utilit\u00e0 generale:<\/strong> Per vari lavori domestici e di officina che richiedono una lama affilata e precisa, come l&#039;apertura di confezioni in modo pulito o il taglio di piccoli oggetti.<\/li>\r\n<\/ul>\r\n<p data-sourcepos=\"22:1-22:167\">Il tipo di lama utilizzato nel taglierino varia a seconda del compito specifico da svolgere: da lame sottili e appuntite per tagli complessi a lame pi\u00f9 larghe per incidere e rifinire.<\/p>\r\n<h3 data-sourcepos=\"24:1-24:37\">Materiali comuni per coltelli artigianali<\/h3>\r\n<p data-sourcepos=\"26:1-26:180\">I materiali utilizzati nei coltelli Craft Knives puntano a raggiungere un equilibrio tra affilatura, durata per i lavori leggeri previsti e facilit\u00e0 di utilizzo. I materiali pi\u00f9 comuni includono:<\/p>\r\n<ul data-sourcepos=\"28:1-33:0\">\r\n<li data-sourcepos=\"28:1-28:244\"><strong>Acciaio ad alto tenore di carbonio (per le lame):<\/strong> Spesso utilizzate per le lame dei taglierini da artigianato grazie alla loro capacit\u00e0 di mantenere un filo estremamente affilato, essenziale per un taglio di precisione. Le lame possono essere sostituibili a causa del rischio di smussatura o rottura sotto sforzo.<\/li>\r\n<li data-sourcepos=\"29:1-29:232\"><strong>Acciaio inossidabile (per lame e manici):<\/strong> Offre una buona resistenza alla corrosione e viene utilizzato sia per lame che per manici. Le lame in acciaio inossidabile possono anche essere molto affilate e sono spesso preferite per la loro longevit\u00e0 e la bassa manutenzione.<\/li>\r\n<li data-sourcepos=\"30:1-30:284\"><strong>Alluminio o leghe leggere (per le maniglie):<\/strong> Comunemente utilizzato per i manici dei coltelli artistici, offre una presa comoda senza appesantire eccessivamente, migliorando la manovrabilit\u00e0 e riducendo l&#039;affaticamento della mano durante i lavori di precisione. Spesso presenta superfici testurizzate o design ergonomici.<\/li>\r\n<li data-sourcepos=\"31:1-31:158\"><strong>Materiali plastici o compositi (per le maniglie):<\/strong> Utilizzato per manici leggeri e spesso convenienti, talvolta con forma ergonomica o impugnatura antiscivolo.<\/li>\r\n<li data-sourcepos=\"32:1-33:0\"><strong>Leghe speciali (per lame specifiche):<\/strong> Alcune lame specializzate per taglierini da artigianato destinate ad applicazioni particolari (ad esempio, interventi chirurgici o lavori artigianali avanzati) potrebbero essere realizzate con leghe specifiche per fornire propriet\u00e0 particolari, come maggiore durezza o flessibilit\u00e0.<\/li>\r\n<\/ul>\r\n<p data-sourcepos=\"34:1-34:150\">Nella scelta dei materiali per i Craft Knives l&#039;attenzione \u00e8 rivolta all&#039;esperienza dell&#039;utente, privilegiando il controllo e la precisione rispetto alla capacit\u00e0 di taglio pesante.<\/p>\r\n<p>Se non trovi la lama che cerchi, possiamo anche personalizzarla. Visita la nostra sezione <span style=\"color: #ff9900;\">\u201c<a style=\"color: #ff9900;\" href=\"https:\/\/maxtormetal.com\/it\/custom-blades\/\" target=\"_blank\" rel=\"noopener\"><em><strong>Lame Personalizzate<\/strong><\/em><\/a>\u201d<\/span> per scoprire come!\u00a0<span style=\"color: #ff9900;\"><em><strong><a style=\"color: #ff9900;\" href=\"https:\/\/maxtormetal.com\/it\/contact\/\" target=\"_blank\" rel=\"noopener\">Benvenuti a richiedere informazioni!<\/a><\/strong><\/em><\/span><\/p>\r\n<h4><a href=\"https:\/\/maxtormetal.com\/it\/brochures\/\" target=\"_blank\" rel=\"noopener\"><strong><em><span style=\"color: #ff9900;\">Apri Brochure<\/span><\/em><\/strong><\/a><\/h4>\r\n<hr \/>\r\n<h2>Perch\u00e9 Scegliere METAL?<\/h2>\r\n<ol>\r\n<li>\r\n<h3><strong> Servizio di Importazione Completo e Senza Problemi<\/strong><\/h3>\r\n<\/li>\r\n<\/ol>\r\n<p>Goditi la comodit\u00e0 di un'importazione senza intoppi. Dal trasporto allo sdoganamento, gestiamo l'intero processo. Tutto ci\u00f2 che devi fare \u00e8 pagare l'IVA e attendere l'arrivo della merce.<\/p>\r\n<ol start=\"2\">\r\n<li>\r\n<h3><strong> Prezzi Competitivi<\/strong><\/h3>\r\n<\/li>\r\n<\/ol>\r\n<p>Abbiamo visto le nostre lame eccellere in innumerevoli applicazioni e siamo pronti per qualsiasi progetto tu ci proponga. Aspettati precisione, durata e prezzi competitivi ineguagliabili.<\/p>\r\n<ol start=\"3\">\r\n<li>\r\n<h3><strong> ODM &amp; OEM Disponibili<\/strong><\/h3>\r\n<\/li>\r\n<\/ol>\r\n<p>Sia che tu fornisca disegni, schizzi o campioni, possiamo progettare e produrre per te. Abbiamo anche l'esperienza per assistere nella modifica di design e specifiche esistenti per migliorare quasi ogni applicazione di utensili industriali. Contatta il nostro team di vendita dedicato per discutere le tue esigenze specifiche.<\/p>\r\n<ol start=\"4\">\r\n<li>\r\n<h3><strong> Controllo Qualit\u00e0 Rigoroso<\/strong><\/h3>\r\n<\/li>\r\n<\/ol>\r\n<p>Vengono eseguite una serie di test e ispezioni per controllare la qualit\u00e0, tra cui l'ispezione del primo articolo, l'ispezione del materiale in ingresso e dei materiali certificati, l'ispezione di qualit\u00e0 in-process e l'ispezione di qualit\u00e0 finale.<\/p>\r\n<ol start=\"5\">\r\n<li>\r\n<h3><strong> Approvvigionamento Flessibile, Cooperazione Illimitata<\/strong><\/h3>\r\n<\/li>\r\n<\/ol>\r\n<p>Che tu sia un importatore, distributore, grossista o utente finale, ti diamo il benvenuto. Approfitta di MOQ minimi, richieste senza problemi e maggiore libert\u00e0 di acquisto.<\/p>\r\n<ol start=\"6\">\r\n<li>\r\n<h3><strong> Monitoraggio in Tempo Reale del Progresso di Produzione<\/strong><\/h3>\r\n<\/li>\r\n<\/ol>\r\n<p>Consideraci il tuo monitor esclusivo. Forniremo aggiornamenti regolari su ogni fase cruciale della tua linea di produzione. Indipendentemente dalla distanza, avrai una visione in tempo reale dello stato di avanzamento del tuo prodotto.<\/p>\r\n<hr \/>\r\n<p><iframe loading=\"lazy\" title=\"Taglierino con lama retrattile, coltelli artistici\" width=\"800\" height=\"600\" src=\"https:\/\/www.youtube.com\/embed\/zLKPirgfiJA?feature=oembed&#038;enablejsapi=1&#038;origin=https:\/\/maxtormetal.com\" frameborder=\"0\" allow=\"accelerometer; autoplay; clipboard-write; encrypted-media; gyroscope; picture-in-picture; web-share\" referrerpolicy=\"strict-origin-when-cross-origin\" allowfullscreen><\/iframe><\/p>","protected":false},"excerpt":{"rendered":"<p>What do Craft Knives Mean? The term &#8220;Craft Knife&#8221; refers to a versatile hand-held cutting tool designed for precision work in various arts, crafts, and hobby applications. Unlike heavy-duty industrial blades, Craft Knives typically feature a lightweight handle and interchangeable, very sharp blades of various shapes and sizes to allow for intricate cutting, scoring, trimming, [&hellip;]<\/p>","protected":false},"featured_media":3224,"template":"","meta":[],"product_cat":[114,101,104,108],"product_tag":[379],"yoast_head":"<!-- This site is optimized with the Yoast SEO Premium plugin v23.6 (Yoast SEO v23.6) - https:\/\/yoast.com\/wordpress\/plugins\/seo\/ -->\n<title>Craft Knife - Metal Industrial, Industrial Blade Manufacturer, Cutting Knives and blades, Machine Knives and blades supplier, Custom Blades solution<\/title>\n<meta name=\"description\" content=\"Discover our range of high-quality Craft Knives for precision cutting in arts, crafts, and hobbies. Explore various blades for all your detailed work!\" \/>\n<meta name=\"robots\" content=\"index, follow, max-snippet:-1, max-image-preview:large, max-video-preview:-1\" \/>\n<link rel=\"canonical\" href=\"https:\/\/maxtormetal.com\/it\/prodotto\/coltello-da-bricolage\/\" \/>\n<meta property=\"og:locale\" content=\"it_IT\" \/>\n<meta property=\"og:type\" content=\"article\" \/>\n<meta property=\"og:title\" content=\"Craft Knife\" \/>\n<meta property=\"og:description\" content=\"Discover our range of high-quality Craft Knives for precision cutting in arts, crafts, and hobbies. Explore various blades for all your detailed work!\" \/>\n<meta property=\"og:url\" content=\"https:\/\/maxtormetal.com\/it\/prodotto\/coltello-da-bricolage\/\" \/>\n<meta property=\"og:site_name\" content=\"Metal Industrial, Industrial Blade Manufacturer, Cutting Knives and blades, Machine Knives and blades supplier, Custom Blades solution\" \/>\n<meta property=\"article:publisher\" content=\"https:\/\/www.facebook.com\/mengli.tang.3\" \/>\n<meta property=\"article:modified_time\" content=\"2025-05-22T14:04:50+00:00\" \/>\n<meta property=\"og:image\" content=\"https:\/\/maxtormetal.com\/wp-content\/uploads\/2023\/10\/Craft-knife-main1.jpg\" \/>\n\t<meta property=\"og:image:width\" content=\"800\" \/>\n\t<meta property=\"og:image:height\" content=\"800\" \/>\n\t<meta property=\"og:image:type\" content=\"image\/jpeg\" \/>\n<meta name=\"twitter:card\" content=\"summary_large_image\" \/>\n<meta name=\"twitter:site\" content=\"@MengliT13570\" \/>\n<script type=\"application\/ld+json\" class=\"yoast-schema-graph\">{\"@context\":\"https:\/\/schema.org\",\"@graph\":[{\"@type\":[\"WebPage\",\"ItemPage\"],\"@id\":\"https:\/\/maxtormetal.com\/product\/craft-knife\/\",\"url\":\"https:\/\/maxtormetal.com\/product\/craft-knife\/\",\"name\":\"Craft Knife - Metal Industrial, Industrial Blade Manufacturer, Cutting Knives and blades, Machine Knives and blades supplier, Custom Blades solution\",\"isPartOf\":{\"@id\":\"https:\/\/maxtormetal.com\/fr\/#website\"},\"primaryImageOfPage\":{\"@id\":\"https:\/\/maxtormetal.com\/product\/craft-knife\/#primaryimage\"},\"image\":{\"@id\":\"https:\/\/maxtormetal.com\/product\/craft-knife\/#primaryimage\"},\"thumbnailUrl\":\"https:\/\/maxtormetal.com\/wp-content\/uploads\/2023\/10\/Craft-knife-main1.jpg\",\"datePublished\":\"2023-10-07T03:08:58+00:00\",\"dateModified\":\"2025-05-22T14:04:50+00:00\",\"description\":\"Discover our range of high-quality Craft Knives for precision cutting in arts, crafts, and hobbies. Explore various blades for all your detailed work!\",\"breadcrumb\":{\"@id\":\"https:\/\/maxtormetal.com\/product\/craft-knife\/#breadcrumb\"},\"inLanguage\":\"it-IT\",\"potentialAction\":[{\"@type\":\"ReadAction\",\"target\":[\"https:\/\/maxtormetal.com\/product\/craft-knife\/\"]}]},{\"@type\":\"ImageObject\",\"inLanguage\":\"it-IT\",\"@id\":\"https:\/\/maxtormetal.com\/product\/craft-knife\/#primaryimage\",\"url\":\"https:\/\/maxtormetal.com\/wp-content\/uploads\/2023\/10\/Craft-knife-main1.jpg\",\"contentUrl\":\"https:\/\/maxtormetal.com\/wp-content\/uploads\/2023\/10\/Craft-knife-main1.jpg\",\"width\":800,\"height\":800},{\"@type\":\"BreadcrumbList\",\"@id\":\"https:\/\/maxtormetal.com\/product\/craft-knife\/#breadcrumb\",\"itemListElement\":[{\"@type\":\"ListItem\",\"position\":1,\"name\":\"Home\",\"item\":\"https:\/\/maxtormetal.com\/\"},{\"@type\":\"ListItem\",\"position\":2,\"name\":\"Products\",\"item\":\"https:\/\/maxtormetal.com\/products\/\"},{\"@type\":\"ListItem\",\"position\":3,\"name\":\"Craft Knife\"}]},{\"@type\":\"WebSite\",\"@id\":\"https:\/\/maxtormetal.com\/fr\/#website\",\"url\":\"https:\/\/maxtormetal.com\/fr\/\",\"name\":\"Metal Industrial, Industrial Blade Manufacturer, Cutting Knives and blades, Machine Knives and blades supplier, Custom Blades solution\",\"description\":\"Mechanical blades and knives supplier for all machines made by China\",\"publisher\":{\"@id\":\"https:\/\/maxtormetal.com\/fr\/#organization\"},\"potentialAction\":[{\"@type\":\"SearchAction\",\"target\":{\"@type\":\"EntryPoint\",\"urlTemplate\":\"https:\/\/maxtormetal.com\/fr\/?s={search_term_string}\"},\"query-input\":{\"@type\":\"PropertyValueSpecification\",\"valueRequired\":true,\"valueName\":\"search_term_string\"}}],\"inLanguage\":\"it-IT\"},{\"@type\":[\"Organization\",\"Place\"],\"@id\":\"https:\/\/maxtormetal.com\/fr\/#organization\",\"name\":\"Nanjing Metal Industrial CO., Limited\",\"alternateName\":\"Metal Industrial\",\"url\":\"https:\/\/maxtormetal.com\/fr\/\",\"logo\":{\"@id\":\"https:\/\/maxtormetal.com\/product\/craft-knife\/#local-main-organization-logo\"},\"image\":{\"@id\":\"https:\/\/maxtormetal.com\/product\/craft-knife\/#local-main-organization-logo\"},\"sameAs\":[\"https:\/\/www.facebook.com\/mengli.tang.3\",\"https:\/\/x.com\/MengliT13570\",\"https:\/\/www.linkedin.com\/in\/metalindustrial\/\"],\"description\":\"NanjingMetal is specialized in manufacturing and supplying industrial blades and knives, and its main business is to provide customers with customized industrial blades to meet their specific needs. With an experienced design and production team, we utilize the supply chain advantage in China to provide customers with competitive high quality industrial blades and knives.\",\"legalName\":\"Nanjing Metal Industrial CO., Limited\",\"foundingDate\":\"2006-02-18\",\"numberOfEmployees\":{\"@type\":\"QuantitativeValue\",\"minValue\":\"11\",\"maxValue\":\"50\"},\"telephone\":[],\"openingHoursSpecification\":[{\"@type\":\"OpeningHoursSpecification\",\"dayOfWeek\":[\"Monday\",\"Tuesday\",\"Wednesday\",\"Thursday\",\"Friday\",\"Saturday\",\"Sunday\"],\"opens\":\"09:00\",\"closes\":\"17:00\"}]},{\"@type\":\"ImageObject\",\"inLanguage\":\"it-IT\",\"@id\":\"https:\/\/maxtormetal.com\/product\/craft-knife\/#local-main-organization-logo\",\"url\":\"https:\/\/maxtormetal.com\/wp-content\/uploads\/2023\/08\/cropped-cropped-logo-\u526f\u672c-\u526f\u672c-e1693303172756-1.png\",\"contentUrl\":\"https:\/\/maxtormetal.com\/wp-content\/uploads\/2023\/08\/cropped-cropped-logo-\u526f\u672c-\u526f\u672c-e1693303172756-1.png\",\"width\":441,\"height\":132,\"caption\":\"Nanjing Metal Industrial CO., Limited\"}]}<\/script>\n<!-- \/ Yoast SEO Premium plugin. -->","yoast_head_json":{"title":"Craft Knife - Metal Industrial, Industrial Blade Manufacturer, Cutting Knives and blades, Machine Knives and blades supplier, Custom Blades solution","description":"Discover our range of high-quality Craft Knives for precision cutting in arts, crafts, and hobbies. Explore various blades for all your detailed work!","robots":{"index":"index","follow":"follow","max-snippet":"max-snippet:-1","max-image-preview":"max-image-preview:large","max-video-preview":"max-video-preview:-1"},"canonical":"https:\/\/maxtormetal.com\/it\/prodotto\/coltello-da-bricolage\/","og_locale":"it_IT","og_type":"article","og_title":"Craft Knife","og_description":"Discover our range of high-quality Craft Knives for precision cutting in arts, crafts, and hobbies. Explore various blades for all your detailed work!","og_url":"https:\/\/maxtormetal.com\/it\/prodotto\/coltello-da-bricolage\/","og_site_name":"Metal Industrial, Industrial Blade Manufacturer, Cutting Knives and blades, Machine Knives and blades supplier, Custom Blades solution","article_publisher":"https:\/\/www.facebook.com\/mengli.tang.3","article_modified_time":"2025-05-22T14:04:50+00:00","og_image":[{"width":800,"height":800,"url":"https:\/\/maxtormetal.com\/wp-content\/uploads\/2023\/10\/Craft-knife-main1.jpg","type":"image\/jpeg"}],"twitter_card":"summary_large_image","twitter_site":"@MengliT13570","schema":{"@context":"https:\/\/schema.org","@graph":[{"@type":["WebPage","ItemPage"],"@id":"https:\/\/maxtormetal.com\/product\/craft-knife\/","url":"https:\/\/maxtormetal.com\/product\/craft-knife\/","name":"Craft Knife - Metal Industrial, Industrial Blade Manufacturer, Cutting Knives and blades, Machine Knives and blades supplier, Custom Blades solution","isPartOf":{"@id":"https:\/\/maxtormetal.com\/fr\/#website"},"primaryImageOfPage":{"@id":"https:\/\/maxtormetal.com\/product\/craft-knife\/#primaryimage"},"image":{"@id":"https:\/\/maxtormetal.com\/product\/craft-knife\/#primaryimage"},"thumbnailUrl":"https:\/\/maxtormetal.com\/wp-content\/uploads\/2023\/10\/Craft-knife-main1.jpg","datePublished":"2023-10-07T03:08:58+00:00","dateModified":"2025-05-22T14:04:50+00:00","description":"Discover our range of high-quality Craft Knives for precision cutting in arts, crafts, and hobbies. Explore various blades for all your detailed work!","breadcrumb":{"@id":"https:\/\/maxtormetal.com\/product\/craft-knife\/#breadcrumb"},"inLanguage":"it-IT","potentialAction":[{"@type":"ReadAction","target":["https:\/\/maxtormetal.com\/product\/craft-knife\/"]}]},{"@type":"ImageObject","inLanguage":"it-IT","@id":"https:\/\/maxtormetal.com\/product\/craft-knife\/#primaryimage","url":"https:\/\/maxtormetal.com\/wp-content\/uploads\/2023\/10\/Craft-knife-main1.jpg","contentUrl":"https:\/\/maxtormetal.com\/wp-content\/uploads\/2023\/10\/Craft-knife-main1.jpg","width":800,"height":800},{"@type":"BreadcrumbList","@id":"https:\/\/maxtormetal.com\/product\/craft-knife\/#breadcrumb","itemListElement":[{"@type":"ListItem","position":1,"name":"Home","item":"https:\/\/maxtormetal.com\/"},{"@type":"ListItem","position":2,"name":"Products","item":"https:\/\/maxtormetal.com\/products\/"},{"@type":"ListItem","position":3,"name":"Craft Knife"}]},{"@type":"WebSite","@id":"https:\/\/maxtormetal.com\/fr\/#website","url":"https:\/\/maxtormetal.com\/fr\/","name":"Metal Industrial, Industrial Blade Manufacturer, Cutting Knives and blades, Machine Knives and blades supplier, Custom Blades solution","description":"Mechanical blades and knives supplier for all machines made by China","publisher":{"@id":"https:\/\/maxtormetal.com\/fr\/#organization"},"potentialAction":[{"@type":"SearchAction","target":{"@type":"EntryPoint","urlTemplate":"https:\/\/maxtormetal.com\/fr\/?s={search_term_string}"},"query-input":{"@type":"PropertyValueSpecification","valueRequired":true,"valueName":"search_term_string"}}],"inLanguage":"it-IT"},{"@type":["Organization","Place"],"@id":"https:\/\/maxtormetal.com\/fr\/#organization","name":"Nanjing Metal Industrial CO., Limited","alternateName":"Metal Industrial","url":"https:\/\/maxtormetal.com\/fr\/","logo":{"@id":"https:\/\/maxtormetal.com\/product\/craft-knife\/#local-main-organization-logo"},"image":{"@id":"https:\/\/maxtormetal.com\/product\/craft-knife\/#local-main-organization-logo"},"sameAs":["https:\/\/www.facebook.com\/mengli.tang.3","https:\/\/x.com\/MengliT13570","https:\/\/www.linkedin.com\/in\/metalindustrial\/"],"description":"NanjingMetal is specialized in manufacturing and supplying industrial blades and knives, and its main business is to provide customers with customized industrial blades to meet their specific needs. With an experienced design and production team, we utilize the supply chain advantage in China to provide customers with competitive high quality industrial blades and knives.","legalName":"Nanjing Metal Industrial CO., Limited","foundingDate":"2006-02-18","numberOfEmployees":{"@type":"QuantitativeValue","minValue":"11","maxValue":"50"},"telephone":[],"openingHoursSpecification":[{"@type":"OpeningHoursSpecification","dayOfWeek":["Monday","Tuesday","Wednesday","Thursday","Friday","Saturday","Sunday"],"opens":"09:00","closes":"17:00"}]},{"@type":"ImageObject","inLanguage":"it-IT","@id":"https:\/\/maxtormetal.com\/product\/craft-knife\/#local-main-organization-logo","url":"https:\/\/maxtormetal.com\/wp-content\/uploads\/2023\/08\/cropped-cropped-logo-\u526f\u672c-\u526f\u672c-e1693303172756-1.png","contentUrl":"https:\/\/maxtormetal.com\/wp-content\/uploads\/2023\/08\/cropped-cropped-logo-\u526f\u672c-\u526f\u672c-e1693303172756-1.png","width":441,"height":132,"caption":"Nanjing Metal Industrial CO., Limited"}]}},"_links":{"self":[{"href":"https:\/\/maxtormetal.com\/it\/wp-json\/wp\/v2\/product\/3219"}],"collection":[{"href":"https:\/\/maxtormetal.com\/it\/wp-json\/wp\/v2\/product"}],"about":[{"href":"https:\/\/maxtormetal.com\/it\/wp-json\/wp\/v2\/types\/product"}],"wp:featuredmedia":[{"embeddable":true,"href":"https:\/\/maxtormetal.com\/it\/wp-json\/wp\/v2\/media\/3224"}],"wp:attachment":[{"href":"https:\/\/maxtormetal.com\/it\/wp-json\/wp\/v2\/media?parent=3219"}],"wp:term":[{"taxonomy":"product_cat","embeddable":true,"href":"https:\/\/maxtormetal.com\/it\/wp-json\/wp\/v2\/product_cat?post=3219"},{"taxonomy":"product_tag","embeddable":true,"href":"https:\/\/maxtormetal.com\/it\/wp-json\/wp\/v2\/product_tag?post=3219"}],"curies":[{"name":"wp","href":"https:\/\/api.w.org\/{rel}","templated":true}]}}