{"id":3234,"date":"2023-10-07T11:15:21","date_gmt":"2023-10-07T03:15:21","guid":{"rendered":"https:\/\/maxtormetal.com\/?post_type=product&#038;p=3234"},"modified":"2025-05-13T10:39:27","modified_gmt":"2025-05-13T02:39:27","slug":"lame-per-cesoie-a-coccodrillo","status":"publish","type":"product","link":"https:\/\/maxtormetal.com\/it\/prodotto\/lame-per-cesoie-a-coccodrillo\/","title":{"rendered":"Lame per Cesoie a Coccodrillo"},"content":{"rendered":"<h2 data-sourcepos=\"1:1-1:41\">Cosa significano le lame delle cesoie a coccodrillo?<\/h2>\r\n<p data-sourcepos=\"3:1-3:526\">Le lame per cesoie a coccodrillo, note anche come lame a coccodrillo, sono robusti utensili da taglio utilizzati nelle cesoie a coccodrillo. Queste cesoie sono caratterizzate da una ganascia incernierata che si apre e si chiude come le fauci di un coccodrillo, da cui il nome. Le lame, tipicamente una lama inferiore fissa e una lama superiore mobile, sono progettate per tagliare vari tipi di rottami metallici, barre, tondini e altri materiali. Il termine &quot;lame per cesoie a coccodrillo&quot; si riferisce specificamente alle lame per impieghi gravosi impiegate in queste potenti cesoie.<\/p>\r\n<h2 data-sourcepos=\"5:1-5:50\">Usi e applicazioni delle lame per cesoie Alligator<\/h2>\r\n<p data-sourcepos=\"7:1-7:166\">Le lame di taglio a coccodrillo sono ampiamente utilizzate nell&#039;industria della lavorazione e del riciclaggio dei metalli per ridurre le dimensioni di vari materiali metallici. Le principali applicazioni includono:<\/p>\r\n<ul data-sourcepos=\"9:1-17:0\">\r\n<li data-sourcepos=\"9:1-9:217\"><strong>Riciclo rottami Metal:<\/strong> Taglio e dimensionamento di rottami metallici quali rottami di automobili, elettrodomestici, tubi, profili e rifiuti metallici misti per una pi\u00f9 facile movimentazione, smistamento e ulteriore lavorazione (ad esempio, triturazione, imballaggio).<\/li>\r\n<li data-sourcepos=\"10:1-10:172\"><strong>Lavorazione Metal non ferrosa:<\/strong> Taglio efficiente di rame, alluminio, ottone e altri metalli non ferrosi in varie forme come fili, cavi, estrusioni e fusioni.<\/li>\r\n<li data-sourcepos=\"11:1-11:113\"><strong>Costruzione e demolizione:<\/strong> Riduzione iniziale delle dimensioni dei detriti metallici provenienti da cantieri di costruzione e demolizione.<\/li>\r\n<li data-sourcepos=\"12:1-12:116\"><strong>Fabbricazione:<\/strong> Taglio di pezzi pi\u00f9 piccoli di metallo, come barre, aste, tubi e profili, in lunghezze specifiche.<\/li>\r\n<li data-sourcepos=\"13:1-13:104\"><strong>Riciclo di cavi e fili:<\/strong> Taglio di cavi e fili per liberare il nucleo metallico dall&#039;isolamento.<\/li>\r\n<li data-sourcepos=\"14:1-14:86\"><strong>Riciclo dei radiatori:<\/strong> Separazione delle estremit\u00e0 in acciaio dai componenti in alluminio nei radiatori.<\/li>\r\n<li data-sourcepos=\"15:1-15:107\"><strong>Elaborazione del convertitore catalitico:<\/strong> Taglio dei convertitori catalitici per accedere ai preziosi metalli interni.<\/li>\r\n<li data-sourcepos=\"16:1-17:0\"><strong>Decostruzione:<\/strong> Smontaggio di strutture o componenti metallici.<\/li>\r\n<\/ul>\r\n<h2 data-sourcepos=\"18:1-18:46\">Materiali comuni per le lame delle cesoie Alligator<\/h2>\r\n<p data-sourcepos=\"20:1-20:167\">Le lame delle cesoie a coccodrillo richiedono elevata resistenza, tenacit\u00e0 e resistenza all&#039;usura per resistere alle sollecitazioni derivanti dal taglio di vari tipi di metallo. I materiali pi\u00f9 comuni includono:<\/p>\r\n<ul data-sourcepos=\"22:1-27:0\">\r\n<li data-sourcepos=\"22:1-22:97\"><strong>Acciaio ad alto tenore di carbonio:<\/strong> Offre una buona affilatura iniziale ed \u00e8 adatta al taglio di metalli pi\u00f9 morbidi.<\/li>\r\n<li data-sourcepos=\"23:1-23:285\"><strong>Acciaio per utensili legato (ad esempio, D2, A2, 6CrW2Si, H13):<\/strong> Offre un migliore equilibrio tra durezza, resistenza all&#039;usura e tenacit\u00e0, rendendolo adatto a una pi\u00f9 ampia gamma di materiali, inclusi metalli ferrosi e non ferrosi pi\u00f9 duri. Il D2 \u00e8 particolarmente noto per la sua eccellente resistenza all&#039;usura.<\/li>\r\n<li data-sourcepos=\"24:1-24:193\"><strong>Acciaio Rapido (HSS)<\/strong> Offre una resistenza all&#039;usura superiore e la capacit\u00e0 di mantenere la durezza a temperature di esercizio pi\u00f9 elevate, adatto per operazioni di taglio pi\u00f9 impegnative e continuative.<\/li>\r\n<li data-sourcepos=\"25:1-25:172\"><strong>Leghe Speciali:<\/strong> Per applicazioni specifiche, le lame possono essere realizzate o intarsiate con altre leghe resistenti e antiusura per gestire materiali molto duri o abrasivi.<\/li>\r\n<li data-sourcepos=\"26:1-27:0\"><strong>Carburo de Tungsteno:<\/strong> Utilizzati come inserti o talvolta come lama intera, garantiscono durezza e resistenza all&#039;usura eccezionali durante la lavorazione di materiali altamente abrasivi, prolungando notevolmente la durata della lama.<\/li>\r\n<\/ul>\r\n<p data-sourcepos=\"28:1-28:339\">Le lame sono spesso trattate termicamente per raggiungere una durezza ottimale (tipicamente compresa tra 55 e 65 HRC) e massimizzare le prestazioni di taglio e la durata. Molte lame per cesoie a coccodrillo sono inoltre a 4 lati e reversibili, consentendo di utilizzare ogni tagliente prima di doverlo affilare o sostituire, massimizzandone la durata e il rapporto costi-benefici.<\/p>\r\n<h2 data-sourcepos=\"30:1-30:38\">Forme comuni delle lame per cesoie per rottami<\/h2>\r\n<p data-sourcepos=\"32:1-32:133\">Le lame delle cesoie a coccodrillo hanno in genere un design relativamente semplice e robusto per resistere a forze di taglio elevate. Le forme pi\u00f9 comuni includono:<\/p>\r\n<ul data-sourcepos=\"34:1-38:0\">\r\n<li data-sourcepos=\"34:1-34:187\"><strong>Lame dritte (sezione trasversale rettangolare):<\/strong> Il tipo pi\u00f9 comune, con un tagliente piatto e dritto sia sulla lama superiore che su quella inferiore. Questo crea un&#039;azione di taglio diretta.<\/li>\r\n<li data-sourcepos=\"35:1-35:162\"><strong>Lame con bordo smussato:<\/strong> I taglienti sono angolati per creare un&#039;azione di taglio pi\u00f9 efficiente e possono essere a smusso singolo o doppio a seconda dell&#039;applicazione.<\/li>\r\n<li data-sourcepos=\"36:1-36:196\"><strong>Lame reversibili (4 lati):<\/strong> Molte lame delle cesoie a coccodrillo sono progettate per essere ruotate, offrendo quattro taglienti distinti prima di dover essere riaffilate o sostituite. Questo massimizza la durata della lama.<\/li>\r\n<li data-sourcepos=\"37:1-38:0\"><strong>Profili personalizzati:<\/strong> A seconda del materiale specifico da tagliare o della forma di taglio desiderata, \u00e8 possibile realizzare lame con profili o intagli speciali.<\/li>\r\n<\/ul>\r\n<p data-sourcepos=\"39:1-39:447\">Il principio di funzionamento prevede che la lama superiore incernierata venga spinta verso il basso da un cilindro idraulico (o talvolta da mezzi meccanici) sulla lama inferiore fissa, con il materiale da tagliare posizionato tra di esse. L&#039;elevata forza esercitata dalla cesoia taglia il materiale in modo netto. La lunghezza delle lame (che pu\u00f2 variare da 15 cm a 122 cm o pi\u00f9) e la forza di taglio della cesoia determinano il tipo e lo spessore del materiale che pu\u00f2 essere lavorato.<\/p>\r\n<p>\"\u00a0<span style=\"color: #ff9900;\"><em><strong><a style=\"color: #ff9900;\" href=\"https:\/\/maxtormetal.com\/it\/contact\/\" target=\"_blank\" rel=\"noopener\">Benvenuti a richiedere informazioni!<\/a><\/strong><\/em><\/span><\/p>\r\n<p>Se non trovi la lama che stai cercando, possiamo anche personalizzarla. Consulta il nostro &quot;<span style=\"color: #ff9900;\"><a style=\"color: #ff9900;\" href=\"https:\/\/maxtormetal.com\/it\/custom-blades\/\" target=\"_blank\" rel=\"noopener\"><em><strong>Lame Personalizzate<\/strong><\/em><\/a><\/span>\u201d!<\/p>\r\n<h4><span style=\"color: #ff9900;\"><a style=\"color: #ff9900;\" href=\"https:\/\/maxtormetal.com\/it\/brochures\/\" target=\"_blank\" rel=\"noopener\"><strong><em>Apri Brochure<\/em><\/strong><\/a><\/span><\/h4>\r\n<hr \/>\r\n<h2>Perch\u00e9 Scegliere METAL?<\/h2>\r\n<ol>\r\n<li><strong> Servizio di Importazione Completo e Senza Problemi<\/strong><\/li>\r\n<\/ol>\r\n<p>Goditi la comodit\u00e0 di un'importazione senza intoppi. Dal trasporto allo sdoganamento, gestiamo l'intero processo. Tutto ci\u00f2 che devi fare \u00e8 pagare l'IVA e attendere l'arrivo della merce.<\/p>\r\n<ol start=\"2\">\r\n<li><strong> Prezzi Competitivi<\/strong><\/li>\r\n<\/ol>\r\n<p>Abbiamo visto le nostre lame eccellere in innumerevoli applicazioni e siamo pronti per qualsiasi progetto tu ci proponga. Aspettati precisione, durata e prezzi competitivi ineguagliabili.<\/p>\r\n<ol start=\"3\">\r\n<li><strong> ODM &amp; OEM Disponibili<\/strong><\/li>\r\n<\/ol>\r\n<p>Sia che tu fornisca disegni, schizzi o campioni, possiamo progettare e produrre per te. Abbiamo anche l'esperienza per assistere nella modifica di design e specifiche esistenti per migliorare quasi ogni applicazione di utensili industriali. Contatta il nostro team di vendita dedicato per discutere le tue esigenze specifiche.<\/p>\r\n<ol start=\"4\">\r\n<li><strong> Controllo Qualit\u00e0 Rigoroso<\/strong><\/li>\r\n<\/ol>\r\n<p>Vengono eseguite una serie di test e ispezioni per controllare la qualit\u00e0, tra cui l'ispezione del primo articolo, l'ispezione del materiale in ingresso e dei materiali certificati, l'ispezione di qualit\u00e0 in-process e l'ispezione di qualit\u00e0 finale.<\/p>\r\n<ol start=\"5\">\r\n<li><strong> Approvvigionamento Flessibile, Cooperazione Illimitata<\/strong><\/li>\r\n<\/ol>\r\n<p>Che tu sia un importatore, distributore, grossista o utente finale, ti diamo il benvenuto. Approfitta di MOQ minimi, richieste senza problemi e maggiore libert\u00e0 di acquisto.<\/p>\r\n<ol start=\"6\">\r\n<li><strong> Monitoraggio in Tempo Reale del Progresso di Produzione<\/strong><\/li>\r\n<\/ol>\r\n<p>Consideraci il tuo monitor esclusivo. Forniremo aggiornamenti regolari su ogni fase cruciale della tua linea di produzione. Indipendentemente dalla distanza, avrai una visione in tempo reale dello stato di avanzamento del tuo prodotto.<\/p>\r\n<hr \/>\r\n<p><iframe loading=\"lazy\" title=\"Forbici longitudinali per fusione a disco con lama idraulica su e gi\u00f9\" width=\"800\" height=\"600\" src=\"https:\/\/www.youtube.com\/embed\/K42Kpv0e3yY?feature=oembed&#038;enablejsapi=1&#038;origin=https:\/\/maxtormetal.com\" frameborder=\"0\" allow=\"accelerometer; autoplay; clipboard-write; encrypted-media; gyroscope; picture-in-picture; web-share\" referrerpolicy=\"strict-origin-when-cross-origin\" allowfullscreen><\/iframe><\/p>\r\n<p>&nbsp;<\/p>\r\n<hr \/>\r\n<h2>Blog Correlati:<\/h2>\r\n<p><strong><em><a class=\"sc-jTVQyt bhIRUc\" href=\"https:\/\/maxtormetal.com\/it\/high-hardness-shear-blades-benefits\/\" target=\"_blank\" rel=\"noopener\">Perch\u00e9 scegliere lame di taglio ad alta durezza? Migliora la precisione e la longevit\u00e0 per le tue esigenze di taglio<\/a><\/em><\/strong><\/p>\r\n<p><strong><em><a class=\"sc-jTVQyt bhIRUc\" href=\"https:\/\/maxtormetal.com\/it\/steel-mill-hot-rolling-production-line-maintaining-shear-blades-metal-sheet-cutting-shearing-blade-manufacturing\/\" target=\"_blank\" rel=\"noopener\">Rivelazione del nucleo della linea di produzione di laminazione a caldo di un&#039;acciaieria: guida completa alla scelta e alla manutenzione delle lame di taglio<\/a><\/em><\/strong><\/p>","protected":false},"excerpt":{"rendered":"<p>What do Alligator Shear Blades Mean? Alligator shear blades, also known as crocodile shear blades, are robust cutting tools used in alligator shears. These shears are characterized by a hinged jaw that opens and closes like the jaws of an alligator, hence the name. The blades, typically a stationary lower blade and a moving upper [&hellip;]<\/p>","protected":false},"featured_media":3237,"template":"","meta":[],"product_cat":[98,102,108],"product_tag":[376],"yoast_head":"<!-- This site is optimized with the Yoast SEO Premium plugin v23.6 (Yoast SEO v23.6) - https:\/\/yoast.com\/wordpress\/plugins\/seo\/ -->\n<title>Alligator Shear Blades - Metal Industrial, Industrial Blade Manufacturer, Cutting Knives and blades, Machine Knives and blades supplier, Custom Blades solution<\/title>\n<meta name=\"description\" content=\"Explore our high-quality alligator shear blades and crocodile shear knives for efficient scrap metal processing and industrial cutting. Find durable and heavy-duty shear blades in various materials and sizes\" \/>\n<meta name=\"robots\" content=\"index, follow, max-snippet:-1, max-image-preview:large, max-video-preview:-1\" \/>\n<link rel=\"canonical\" href=\"https:\/\/maxtormetal.com\/it\/prodotto\/lame-per-cesoie-a-coccodrillo\/\" \/>\n<meta property=\"og:locale\" content=\"it_IT\" \/>\n<meta property=\"og:type\" content=\"article\" \/>\n<meta property=\"og:title\" content=\"Alligator Shear Blades\" \/>\n<meta property=\"og:description\" content=\"Explore our high-quality alligator shear blades and crocodile shear knives for efficient scrap metal processing and industrial cutting. Find durable and heavy-duty shear blades in various materials and sizes\" \/>\n<meta property=\"og:url\" content=\"https:\/\/maxtormetal.com\/it\/prodotto\/lame-per-cesoie-a-coccodrillo\/\" \/>\n<meta property=\"og:site_name\" content=\"Metal Industrial, Industrial Blade Manufacturer, Cutting Knives and blades, Machine Knives and blades supplier, Custom Blades solution\" \/>\n<meta property=\"article:publisher\" content=\"https:\/\/www.facebook.com\/mengli.tang.3\" \/>\n<meta property=\"article:modified_time\" content=\"2025-05-13T02:39:27+00:00\" \/>\n<meta property=\"og:image\" content=\"https:\/\/maxtormetal.com\/wp-content\/uploads\/2023\/10\/Scrap-shear-blades-main1.jpg\" \/>\n\t<meta property=\"og:image:width\" content=\"800\" \/>\n\t<meta property=\"og:image:height\" content=\"800\" \/>\n\t<meta property=\"og:image:type\" content=\"image\/jpeg\" \/>\n<meta name=\"twitter:card\" content=\"summary_large_image\" \/>\n<meta name=\"twitter:site\" content=\"@MengliT13570\" \/>\n<script type=\"application\/ld+json\" class=\"yoast-schema-graph\">{\"@context\":\"https:\/\/schema.org\",\"@graph\":[{\"@type\":[\"WebPage\",\"ItemPage\"],\"@id\":\"https:\/\/maxtormetal.com\/product\/calligator-shear-blades\/\",\"url\":\"https:\/\/maxtormetal.com\/product\/calligator-shear-blades\/\",\"name\":\"Alligator Shear Blades - Metal Industrial, Industrial Blade Manufacturer, Cutting Knives and blades, Machine Knives and blades supplier, Custom Blades solution\",\"isPartOf\":{\"@id\":\"https:\/\/maxtormetal.com\/fr\/#website\"},\"primaryImageOfPage\":{\"@id\":\"https:\/\/maxtormetal.com\/product\/calligator-shear-blades\/#primaryimage\"},\"image\":{\"@id\":\"https:\/\/maxtormetal.com\/product\/calligator-shear-blades\/#primaryimage\"},\"thumbnailUrl\":\"https:\/\/maxtormetal.com\/wp-content\/uploads\/2023\/10\/Scrap-shear-blades-main1.jpg\",\"datePublished\":\"2023-10-07T03:15:21+00:00\",\"dateModified\":\"2025-05-13T02:39:27+00:00\",\"description\":\"Explore our high-quality alligator shear blades and crocodile shear knives for efficient scrap metal processing and industrial cutting. Find durable and heavy-duty shear blades in various materials and sizes\",\"breadcrumb\":{\"@id\":\"https:\/\/maxtormetal.com\/product\/calligator-shear-blades\/#breadcrumb\"},\"inLanguage\":\"it-IT\",\"potentialAction\":[{\"@type\":\"ReadAction\",\"target\":[\"https:\/\/maxtormetal.com\/product\/calligator-shear-blades\/\"]}]},{\"@type\":\"ImageObject\",\"inLanguage\":\"it-IT\",\"@id\":\"https:\/\/maxtormetal.com\/product\/calligator-shear-blades\/#primaryimage\",\"url\":\"https:\/\/maxtormetal.com\/wp-content\/uploads\/2023\/10\/Scrap-shear-blades-main1.jpg\",\"contentUrl\":\"https:\/\/maxtormetal.com\/wp-content\/uploads\/2023\/10\/Scrap-shear-blades-main1.jpg\",\"width\":800,\"height\":800,\"caption\":\"scrap-shear-blades-\"},{\"@type\":\"BreadcrumbList\",\"@id\":\"https:\/\/maxtormetal.com\/product\/calligator-shear-blades\/#breadcrumb\",\"itemListElement\":[{\"@type\":\"ListItem\",\"position\":1,\"name\":\"Home\",\"item\":\"https:\/\/maxtormetal.com\/\"},{\"@type\":\"ListItem\",\"position\":2,\"name\":\"Products\",\"item\":\"https:\/\/maxtormetal.com\/products\/\"},{\"@type\":\"ListItem\",\"position\":3,\"name\":\"Alligator Shear Blades\"}]},{\"@type\":\"WebSite\",\"@id\":\"https:\/\/maxtormetal.com\/fr\/#website\",\"url\":\"https:\/\/maxtormetal.com\/fr\/\",\"name\":\"Metal Industrial, Industrial Blade Manufacturer, Cutting Knives and blades, Machine Knives and blades supplier, Custom Blades solution\",\"description\":\"Mechanical blades and knives supplier for all machines made by China\",\"publisher\":{\"@id\":\"https:\/\/maxtormetal.com\/fr\/#organization\"},\"potentialAction\":[{\"@type\":\"SearchAction\",\"target\":{\"@type\":\"EntryPoint\",\"urlTemplate\":\"https:\/\/maxtormetal.com\/fr\/?s={search_term_string}\"},\"query-input\":{\"@type\":\"PropertyValueSpecification\",\"valueRequired\":true,\"valueName\":\"search_term_string\"}}],\"inLanguage\":\"it-IT\"},{\"@type\":[\"Organization\",\"Place\"],\"@id\":\"https:\/\/maxtormetal.com\/fr\/#organization\",\"name\":\"Nanjing Metal Industrial CO., Limited\",\"alternateName\":\"Metal Industrial\",\"url\":\"https:\/\/maxtormetal.com\/fr\/\",\"logo\":{\"@id\":\"https:\/\/maxtormetal.com\/product\/calligator-shear-blades\/#local-main-organization-logo\"},\"image\":{\"@id\":\"https:\/\/maxtormetal.com\/product\/calligator-shear-blades\/#local-main-organization-logo\"},\"sameAs\":[\"https:\/\/www.facebook.com\/mengli.tang.3\",\"https:\/\/x.com\/MengliT13570\",\"https:\/\/www.linkedin.com\/in\/metalindustrial\/\"],\"description\":\"NanjingMetal is specialized in manufacturing and supplying industrial blades and knives, and its main business is to provide customers with customized industrial blades to meet their specific needs. With an experienced design and production team, we utilize the supply chain advantage in China to provide customers with competitive high quality industrial blades and knives.\",\"legalName\":\"Nanjing Metal Industrial CO., Limited\",\"foundingDate\":\"2006-02-18\",\"numberOfEmployees\":{\"@type\":\"QuantitativeValue\",\"minValue\":\"11\",\"maxValue\":\"50\"},\"telephone\":[],\"openingHoursSpecification\":[{\"@type\":\"OpeningHoursSpecification\",\"dayOfWeek\":[\"Monday\",\"Tuesday\",\"Wednesday\",\"Thursday\",\"Friday\",\"Saturday\",\"Sunday\"],\"opens\":\"09:00\",\"closes\":\"17:00\"}]},{\"@type\":\"ImageObject\",\"inLanguage\":\"it-IT\",\"@id\":\"https:\/\/maxtormetal.com\/product\/calligator-shear-blades\/#local-main-organization-logo\",\"url\":\"https:\/\/maxtormetal.com\/wp-content\/uploads\/2023\/08\/cropped-cropped-logo-\u526f\u672c-\u526f\u672c-e1693303172756-1.png\",\"contentUrl\":\"https:\/\/maxtormetal.com\/wp-content\/uploads\/2023\/08\/cropped-cropped-logo-\u526f\u672c-\u526f\u672c-e1693303172756-1.png\",\"width\":441,\"height\":132,\"caption\":\"Nanjing Metal Industrial CO., Limited\"}]}<\/script>\n<!-- \/ Yoast SEO Premium plugin. -->","yoast_head_json":{"title":"Alligator Shear Blades - Metal Industrial, Industrial Blade Manufacturer, Cutting Knives and blades, Machine Knives and blades supplier, Custom Blades solution","description":"Explore our high-quality alligator shear blades and crocodile shear knives for efficient scrap metal processing and industrial cutting. Find durable and heavy-duty shear blades in various materials and sizes","robots":{"index":"index","follow":"follow","max-snippet":"max-snippet:-1","max-image-preview":"max-image-preview:large","max-video-preview":"max-video-preview:-1"},"canonical":"https:\/\/maxtormetal.com\/it\/prodotto\/lame-per-cesoie-a-coccodrillo\/","og_locale":"it_IT","og_type":"article","og_title":"Alligator Shear Blades","og_description":"Explore our high-quality alligator shear blades and crocodile shear knives for efficient scrap metal processing and industrial cutting. Find durable and heavy-duty shear blades in various materials and sizes","og_url":"https:\/\/maxtormetal.com\/it\/prodotto\/lame-per-cesoie-a-coccodrillo\/","og_site_name":"Metal Industrial, Industrial Blade Manufacturer, Cutting Knives and blades, Machine Knives and blades supplier, Custom Blades solution","article_publisher":"https:\/\/www.facebook.com\/mengli.tang.3","article_modified_time":"2025-05-13T02:39:27+00:00","og_image":[{"width":800,"height":800,"url":"https:\/\/maxtormetal.com\/wp-content\/uploads\/2023\/10\/Scrap-shear-blades-main1.jpg","type":"image\/jpeg"}],"twitter_card":"summary_large_image","twitter_site":"@MengliT13570","schema":{"@context":"https:\/\/schema.org","@graph":[{"@type":["WebPage","ItemPage"],"@id":"https:\/\/maxtormetal.com\/product\/calligator-shear-blades\/","url":"https:\/\/maxtormetal.com\/product\/calligator-shear-blades\/","name":"Alligator Shear Blades - Metal Industrial, Industrial Blade Manufacturer, Cutting Knives and blades, Machine Knives and blades supplier, Custom Blades solution","isPartOf":{"@id":"https:\/\/maxtormetal.com\/fr\/#website"},"primaryImageOfPage":{"@id":"https:\/\/maxtormetal.com\/product\/calligator-shear-blades\/#primaryimage"},"image":{"@id":"https:\/\/maxtormetal.com\/product\/calligator-shear-blades\/#primaryimage"},"thumbnailUrl":"https:\/\/maxtormetal.com\/wp-content\/uploads\/2023\/10\/Scrap-shear-blades-main1.jpg","datePublished":"2023-10-07T03:15:21+00:00","dateModified":"2025-05-13T02:39:27+00:00","description":"Explore our high-quality alligator shear blades and crocodile shear knives for efficient scrap metal processing and industrial cutting. Find durable and heavy-duty shear blades in various materials and sizes","breadcrumb":{"@id":"https:\/\/maxtormetal.com\/product\/calligator-shear-blades\/#breadcrumb"},"inLanguage":"it-IT","potentialAction":[{"@type":"ReadAction","target":["https:\/\/maxtormetal.com\/product\/calligator-shear-blades\/"]}]},{"@type":"ImageObject","inLanguage":"it-IT","@id":"https:\/\/maxtormetal.com\/product\/calligator-shear-blades\/#primaryimage","url":"https:\/\/maxtormetal.com\/wp-content\/uploads\/2023\/10\/Scrap-shear-blades-main1.jpg","contentUrl":"https:\/\/maxtormetal.com\/wp-content\/uploads\/2023\/10\/Scrap-shear-blades-main1.jpg","width":800,"height":800,"caption":"scrap-shear-blades-"},{"@type":"BreadcrumbList","@id":"https:\/\/maxtormetal.com\/product\/calligator-shear-blades\/#breadcrumb","itemListElement":[{"@type":"ListItem","position":1,"name":"Home","item":"https:\/\/maxtormetal.com\/"},{"@type":"ListItem","position":2,"name":"Products","item":"https:\/\/maxtormetal.com\/products\/"},{"@type":"ListItem","position":3,"name":"Alligator Shear Blades"}]},{"@type":"WebSite","@id":"https:\/\/maxtormetal.com\/fr\/#website","url":"https:\/\/maxtormetal.com\/fr\/","name":"Metal Industrial, Industrial Blade Manufacturer, Cutting Knives and blades, Machine Knives and blades supplier, Custom Blades solution","description":"Mechanical blades and knives supplier for all machines made by China","publisher":{"@id":"https:\/\/maxtormetal.com\/fr\/#organization"},"potentialAction":[{"@type":"SearchAction","target":{"@type":"EntryPoint","urlTemplate":"https:\/\/maxtormetal.com\/fr\/?s={search_term_string}"},"query-input":{"@type":"PropertyValueSpecification","valueRequired":true,"valueName":"search_term_string"}}],"inLanguage":"it-IT"},{"@type":["Organization","Place"],"@id":"https:\/\/maxtormetal.com\/fr\/#organization","name":"Nanjing Metal Industrial CO., Limited","alternateName":"Metal Industrial","url":"https:\/\/maxtormetal.com\/fr\/","logo":{"@id":"https:\/\/maxtormetal.com\/product\/calligator-shear-blades\/#local-main-organization-logo"},"image":{"@id":"https:\/\/maxtormetal.com\/product\/calligator-shear-blades\/#local-main-organization-logo"},"sameAs":["https:\/\/www.facebook.com\/mengli.tang.3","https:\/\/x.com\/MengliT13570","https:\/\/www.linkedin.com\/in\/metalindustrial\/"],"description":"NanjingMetal is specialized in manufacturing and supplying industrial blades and knives, and its main business is to provide customers with customized industrial blades to meet their specific needs. With an experienced design and production team, we utilize the supply chain advantage in China to provide customers with competitive high quality industrial blades and knives.","legalName":"Nanjing Metal Industrial CO., Limited","foundingDate":"2006-02-18","numberOfEmployees":{"@type":"QuantitativeValue","minValue":"11","maxValue":"50"},"telephone":[],"openingHoursSpecification":[{"@type":"OpeningHoursSpecification","dayOfWeek":["Monday","Tuesday","Wednesday","Thursday","Friday","Saturday","Sunday"],"opens":"09:00","closes":"17:00"}]},{"@type":"ImageObject","inLanguage":"it-IT","@id":"https:\/\/maxtormetal.com\/product\/calligator-shear-blades\/#local-main-organization-logo","url":"https:\/\/maxtormetal.com\/wp-content\/uploads\/2023\/08\/cropped-cropped-logo-\u526f\u672c-\u526f\u672c-e1693303172756-1.png","contentUrl":"https:\/\/maxtormetal.com\/wp-content\/uploads\/2023\/08\/cropped-cropped-logo-\u526f\u672c-\u526f\u672c-e1693303172756-1.png","width":441,"height":132,"caption":"Nanjing Metal Industrial CO., Limited"}]}},"_links":{"self":[{"href":"https:\/\/maxtormetal.com\/it\/wp-json\/wp\/v2\/product\/3234"}],"collection":[{"href":"https:\/\/maxtormetal.com\/it\/wp-json\/wp\/v2\/product"}],"about":[{"href":"https:\/\/maxtormetal.com\/it\/wp-json\/wp\/v2\/types\/product"}],"wp:featuredmedia":[{"embeddable":true,"href":"https:\/\/maxtormetal.com\/it\/wp-json\/wp\/v2\/media\/3237"}],"wp:attachment":[{"href":"https:\/\/maxtormetal.com\/it\/wp-json\/wp\/v2\/media?parent=3234"}],"wp:term":[{"taxonomy":"product_cat","embeddable":true,"href":"https:\/\/maxtormetal.com\/it\/wp-json\/wp\/v2\/product_cat?post=3234"},{"taxonomy":"product_tag","embeddable":true,"href":"https:\/\/maxtormetal.com\/it\/wp-json\/wp\/v2\/product_tag?post=3234"}],"curies":[{"name":"wp","href":"https:\/\/api.w.org\/{rel}","templated":true}]}}