{"id":3293,"date":"2023-10-07T11:45:03","date_gmt":"2023-10-07T03:45:03","guid":{"rendered":"https:\/\/maxtormetal.com\/?post_type=product&#038;p=3293"},"modified":"2025-06-01T15:16:55","modified_gmt":"2025-06-01T07:16:55","slug":"lame-inferiori-taglierina","status":"publish","type":"product","link":"https:\/\/maxtormetal.com\/it\/prodotto\/lame-inferiori-taglierina\/","title":{"rendered":"Lame Inferiori per Taglierine"},"content":{"rendered":"<h3 data-sourcepos=\"3:1-3:38\">Cosa significano le lame inferiori della taglierina?<\/h3>\r\n<p data-sourcepos=\"5:1-5:989\">Le &quot;lame inferiori per taglierine&quot; sono componenti essenziali nelle macchine da taglio, utilizzate per tagliare larghi rotoli di materiale (come carta, pellicola, lamina, tessuti, gomma o metallo) in larghezze pi\u00f9 strette. La lama inferiore per taglierine funziona in genere in combinazione con una lama superiore rotante (o lama circolare) per eseguire l&#039;operazione di taglio. Il materiale in lavorazione passa tra la lama superiore rotante e la lama inferiore fissa per taglierine, creando un taglio preciso e pulito. Queste lame inferiori presentano spesso una superficie piana, scanalata o a gradini che supporta il materiale e garantisce un taglio uniforme. Il design e il materiale della lama inferiore per taglierine sono fondamentali per ottenere larghezze di taglio precise, bordi di taglio puliti e processi di taglio efficienti. A volte vengono anche chiamate &quot;lame inferiori per taglierine&quot;, &quot;incudini di taglio&quot;, &quot;coltelli di supporto per taglierine&quot;, &quot;lame di taglio fisse&quot; o &quot;controlame&quot;, a seconda dell&#039;applicazione specifica e del tipo di macchina da taglio.<\/p>\r\n<h3 data-sourcepos=\"7:1-7:49\">Usi e applicazioni delle lame inferiori della taglierina<\/h3>\r\n<p data-sourcepos=\"9:1-9:104\">Le lame inferiori per taglierine sono fondamentali in un&#039;ampia gamma di settori che convertono materiali in bobina:<\/p>\r\n<ul data-sourcepos=\"11:1-19:0\">\r\n<li data-sourcepos=\"11:1-11:133\"><strong>Industria Cartaria:<\/strong> Taglio di grandi rotoli di carta in rotoli pi\u00f9 stretti per la stampa, l&#039;imballaggio, la carta da giornale e altri prodotti cartacei.<\/li>\r\n<li data-sourcepos=\"12:1-12:167\"><strong>Conversione di pellicole e fogli:<\/strong> Taglio di pellicole di plastica (ad esempio BOPP, PET, PVC), fogli di alluminio e laminati per imballaggi, applicazioni industriali e beni di consumo.<\/li>\r\n<li data-sourcepos=\"13:1-13:135\"><strong>Produzione di nastri adesivi:<\/strong> Taglio di rotoli di nastri adesivi in diverse larghezze per uso domestico, industriale e medico.<\/li>\r\n<li data-sourcepos=\"14:1-14:177\"><strong>Industria Tessile:<\/strong> Taglio di rotoli di tessuti, tessuti non tessuti e tessuti tecnici in strisce pi\u00f9 strette per la produzione di indumenti, applicazioni industriali e tessili per la casa.<\/li>\r\n<li data-sourcepos=\"15:1-15:127\"><strong>Produzione di gomma e pneumatici:<\/strong> Taglio di fogli di gomma e altri materiali in gomma per guarnizioni, tenute e componenti per pneumatici.<\/li>\r\n<li data-sourcepos=\"16:1-16:141\"><strong>Elaborazione Metal:<\/strong> Taglio di bobine di acciaio, alluminio, rame e altri metalli in strisce pi\u00f9 strette per ulteriori processi di produzione.<\/li>\r\n<li data-sourcepos=\"17:1-17:127\"><strong>Produzione di etichette e cartellini:<\/strong> Taglio di ampie fasce di etichette e materiali per cartellini in pi\u00f9 corsie o rotoli singoli.<\/li>\r\n<li data-sourcepos=\"18:1-19:0\"><strong>Industria dell'Imballaggio:<\/strong> Creazione di larghezze specifiche di materiali di imballaggio flessibili e cartone.<\/li>\r\n<\/ul>\r\n<p data-sourcepos=\"20:1-20:276\">Il design specifico, il materiale e la finitura superficiale della lama inferiore della taglierina vengono scelti in base al tipo di materiale da tagliare, alla velocit\u00e0 di taglio richiesta, alla qualit\u00e0 del bordo desiderata e al metodo di taglio impiegato (ad esempio, taglio a cesoia, taglio a incisione, taglio a schiacciamento).<\/p>\r\n<h3 data-sourcepos=\"22:1-22:45\">Materiali comuni per le lame inferiori delle taglierine<\/h3>\r\n<p data-sourcepos=\"24:1-24:282\">I materiali utilizzati per la produzione delle lame inferiori Slitter sono selezionati per la loro durezza, la resistenza all&#039;usura (per sopportare il contatto continuo con la lama superiore e il materiale in movimento) e la capacit\u00e0 di mantenere un filo di taglio preciso e uniforme. I materiali pi\u00f9 comuni includono:<\/p>\r\n<ul data-sourcepos=\"26:1-32:0\">\r\n<li data-sourcepos=\"26:1-26:178\"><strong>Acciai per utensili (ad esempio, D2, M2, A2, O1, SKD-11):<\/strong> Offre un buon equilibrio tra durezza, tenacit\u00e0 e resistenza all&#039;usura, adatto a un&#039;ampia gamma di materiali e volumi di produzione.<\/li>\r\n<li data-sourcepos=\"27:1-27:217\"><strong>Acciaio ad alto tenore di carbonio (ad esempio, 52100, 1095):<\/strong> Offre elevata durezza e la capacit\u00e0 di mantenere un bordo affilato, adatto ad alcune applicazioni su carta e film. Potrebbe richiedere rivestimenti per una maggiore resistenza all&#039;usura e alla corrosione.<\/li>\r\n<li data-sourcepos=\"28:1-28:203\"><strong>Acciaio rapido (HSS) (ad esempio, M2, M4, SKH-51):<\/strong> Offre un&#039;eccellente durezza e resistenza all&#039;usura, soprattutto a temperature di esercizio pi\u00f9 elevate, rendendolo adatto ad applicazioni impegnative e ad alta velocit\u00e0.<\/li>\r\n<li data-sourcepos=\"29:1-29:155\"><strong>Acciai legati (ad esempio, 9CrSi, Cr12MoV):<\/strong> Offrono un&#039;ottima resistenza all&#039;usura e tenacit\u00e0, spesso utilizzate per il taglio di vari materiali quali carta, plastica e metallo.<\/li>\r\n<li data-sourcepos=\"30:1-30:224\"><strong>Carburo de Tungsteno:<\/strong> Offre durezza e resistenza all&#039;usura eccezionali, ideale per il taglio ad alta velocit\u00e0 di materiali abrasivi e per una maggiore durata della lama, riducendo i tempi di fermo. Spesso utilizzato come tagliente intarsiato o come coltello in metallo duro integrale.<\/li>\r\n<li data-sourcepos=\"31:1-32:0\"><strong>Materiali ceramici:<\/strong> Nelle applicazioni specializzate, le lame in ceramica offrono un&#039;altissima precisione e sono particolarmente adatte per pellicole e lamine sottili, grazie ai loro bordi taglienti affilati e alla resistenza all&#039;usura.<\/li>\r\n<\/ul>\r\n<p data-sourcepos=\"33:1-33:135\">I rivestimenti vengono spesso applicati alle lame inferiori delle taglierine per migliorarne ulteriormente le prestazioni e la durata. I rivestimenti pi\u00f9 comuni includono:<\/p>\r\n<ul data-sourcepos=\"35:1-39:0\">\r\n<li data-sourcepos=\"35:1-35:79\"><strong>Cromatura dura:<\/strong> Aumenta la durezza superficiale e la resistenza alla corrosione.<\/li>\r\n<li data-sourcepos=\"36:1-36:77\"><strong>Nitruro di titanio (TiN):<\/strong> Migliora la durezza superficiale e riduce l&#039;attrito.<\/li>\r\n<li data-sourcepos=\"37:1-37:77\"><strong>Nitruro di cromo (CrN):<\/strong> Offre un&#039;eccellente resistenza all&#039;usura e alla corrosione.<\/li>\r\n<li data-sourcepos=\"38:1-39:0\"><strong>Carbonio simile al diamante (DLC):<\/strong> Offre un attrito molto basso e un&#039;elevata durezza, utili per prevenire l&#039;accumulo di materiale e garantire tagli puliti.<\/li>\r\n<\/ul>\r\n<p data-sourcepos=\"40:1-40:163\">La scelta del materiale e del rivestimento della lama dipende dai materiali specifici da tagliare, dalla velocit\u00e0 di produzione, dalla durata desiderata della lama e dalla qualit\u00e0 del taglio.<\/p>\r\n<h3 data-sourcepos=\"42:1-42:41\">Forme comuni delle lame inferiori delle taglierine<\/h3>\r\n<p data-sourcepos=\"44:1-44:155\">Le lame inferiori della taglierina sono disponibili in varie forme e configurazioni per soddisfare i requisiti specifici della macchina taglierina e del metodo di taglio utilizzato:<\/p>\r\n<ul data-sourcepos=\"46:1-52:0\">\r\n<li data-sourcepos=\"46:1-46:135\"><strong>Lame a fondo piatto:<\/strong> Semplici barre piatte con una superficie superiore rettificata con precisione che funge da incudine contro cui il coltello superiore effettua il taglio.<\/li>\r\n<li data-sourcepos=\"47:1-47:212\"><strong>Lame inferiori scanalate (incudini multi-scanalatura):<\/strong> Presentano pi\u00f9 scanalature parallele lungo tutta la lunghezza, consentendo di ottenere diverse larghezze di taglio posizionando i coltelli superiori nelle scanalature desiderate.<\/li>\r\n<li data-sourcepos=\"48:1-48:147\"><strong>Lame inferiori a gradini:<\/strong> Presentano diversi livelli di altezza lungo la loro lunghezza per adattarsi a diversi spessori di materiale o configurazioni di taglio.<\/li>\r\n<li data-sourcepos=\"49:1-49:128\"><strong>Lame inferiori con bordo arrotondato:<\/strong> Presentano un bordo superiore arrotondato o raggiato, spesso utilizzato per metodi di taglio a incisione o a schiacciamento.<\/li>\r\n<li data-sourcepos=\"50:1-50:110\"><strong>Lame inferiori a coda di rondine:<\/strong> Hanno un profilo a coda di rondine per un montaggio sicuro e preciso nella macchina da taglio.<\/li>\r\n<li data-sourcepos=\"51:1-52:0\"><strong>Lame inferiori a cartuccia:<\/strong> Progettati come unit\u00e0 modulari, possono essere facilmente inseriti e rimossi per modifiche rapide.<\/li>\r\n<\/ul>\r\n<p data-sourcepos=\"53:1-53:397\">Il meccanismo di montaggio della lama inferiore della taglierina \u00e8 fondamentale per la stabilit\u00e0 e l&#039;allineamento preciso. Questo pu\u00f2 includere basi lavorate con precisione, fori per bulloni, sedi per chiavette o altre caratteristiche di montaggio specializzate per garantire un posizionamento accurato rispetto alle lame superiori. Le dimensioni complessive (lunghezza, larghezza, spessore) sono determinate dal design della macchina e dalla larghezza del materiale in lavorazione.<\/p>\r\n<p>Se non trovi la lama che cerchi, possiamo anche personalizzarla. Visita la nostra sezione <span style=\"color: #ff9900;\">\u201c<a style=\"color: #ff9900;\" href=\"https:\/\/maxtormetal.com\/it\/custom-blades\/\" target=\"_blank\" rel=\"noopener\"><em><strong>Lame Personalizzate<\/strong><\/em><\/a>\u201d<\/span> per scoprire come!\u00a0<span style=\"color: #ff9900;\"><em><strong><a style=\"color: #ff9900;\" href=\"https:\/\/maxtormetal.com\/it\/contact\/\" target=\"_blank\" rel=\"noopener\">Benvenuti a richiedere informazioni!<\/a><\/strong><\/em><\/span><\/p>\r\n<h4><span style=\"color: #ff9900;\"><a style=\"color: #ff9900;\" href=\"https:\/\/maxtormetal.com\/it\/brochures\/\" target=\"_blank\" rel=\"noopener\"><strong><em>Apri Brochure<\/em><\/strong><\/a><\/span><\/h4>\r\n<hr \/>\r\n<h2>Perch\u00e9 Scegliere METAL?<\/h2>\r\n<ol>\r\n<li>\r\n<h3><strong> Servizio di Importazione Completo e Senza Problemi<\/strong><\/h3>\r\n<\/li>\r\n<\/ol>\r\n<p>Goditi la comodit\u00e0 di un'importazione senza intoppi. Dal trasporto allo sdoganamento, gestiamo l'intero processo. Tutto ci\u00f2 che devi fare \u00e8 pagare l'IVA e attendere l'arrivo della merce.<\/p>\r\n<ol start=\"2\">\r\n<li>\r\n<h3><strong> Prezzi Competitivi<\/strong><\/h3>\r\n<\/li>\r\n<\/ol>\r\n<p>Abbiamo visto le nostre lame eccellere in innumerevoli applicazioni e siamo pronti per qualsiasi progetto tu ci proponga. Aspettati precisione, durata e prezzi competitivi ineguagliabili.<\/p>\r\n<ol start=\"3\">\r\n<li>\r\n<h3><strong> ODM &amp; OEM Disponibili<\/strong><\/h3>\r\n<\/li>\r\n<\/ol>\r\n<p>Sia che tu fornisca disegni, schizzi o campioni, possiamo progettare e produrre per te. Abbiamo anche l'esperienza per assistere nella modifica di design e specifiche esistenti per migliorare quasi ogni applicazione di utensili industriali. Contatta il nostro team di vendita dedicato per discutere le tue esigenze specifiche.<\/p>\r\n<ol start=\"4\">\r\n<li>\r\n<h3><strong> Controllo Qualit\u00e0 Rigoroso<\/strong><\/h3>\r\n<\/li>\r\n<\/ol>\r\n<p>Vengono eseguite una serie di test e ispezioni per controllare la qualit\u00e0, tra cui l'ispezione del primo articolo, l'ispezione del materiale in ingresso e dei materiali certificati, l'ispezione di qualit\u00e0 in-process e l'ispezione di qualit\u00e0 finale.<\/p>\r\n<ol start=\"5\">\r\n<li>\r\n<h3><strong> Approvvigionamento Flessibile, Cooperazione Illimitata<\/strong><\/h3>\r\n<\/li>\r\n<\/ol>\r\n<p>Che tu sia un importatore, distributore, grossista o utente finale, ti diamo il benvenuto. Approfitta di MOQ minimi, richieste senza problemi e maggiore libert\u00e0 di acquisto.<\/p>\r\n<ol start=\"6\">\r\n<li>\r\n<h3><strong> Monitoraggio in Tempo Reale del Progresso di Produzione<\/strong><\/h3>\r\n<\/li>\r\n<\/ol>\r\n<p>Consideraci il tuo monitor esclusivo. Forniremo aggiornamenti regolari su ogni fase cruciale della tua linea di produzione. Indipendentemente dalla distanza, avrai una visione in tempo reale dello stato di avanzamento del tuo prodotto.<\/p>\r\n<hr \/>\r\n<p><iframe loading=\"lazy\" title=\"Macchina di taglio a lama tonda e installazione di portacoltelli a molla\" width=\"800\" height=\"600\" src=\"https:\/\/www.youtube.com\/embed\/GCJrX2P5wOA?feature=oembed&#038;enablejsapi=1&#038;origin=https:\/\/maxtormetal.com\" frameborder=\"0\" allow=\"accelerometer; autoplay; clipboard-write; encrypted-media; gyroscope; picture-in-picture; web-share\" referrerpolicy=\"strict-origin-when-cross-origin\" allowfullscreen><\/iframe><\/p>","protected":false},"excerpt":{"rendered":"<p>What do Slitter Lower Blades Mean? &#8220;Slitter Lower Blades&#8221; are essential components in slitting machines, which are used to cut wide rolls of material (such as paper, film, foil, textiles, rubber, or metal) into narrower widths. The Slitter Lower Blade typically works in conjunction with a rotating top blade (or circular knife) to perform the [&hellip;]<\/p>","protected":false},"featured_media":3301,"template":"","meta":[],"product_cat":[107,103],"product_tag":[847,355,356],"yoast_head":"<!-- This site is optimized with the Yoast SEO Premium plugin v23.6 (Yoast SEO v23.6) - https:\/\/yoast.com\/wordpress\/plugins\/seo\/ -->\n<title>Slitter Lower Blades - Metal Industrial, Industrial Blade Manufacturer, Cutting Knives and blades, Machine Knives and blades supplier, Custom Blades solution<\/title>\n<meta name=\"description\" content=\"Discover high-quality Slitter Lower Blades for precise and clean slitting of paper, film, metal, and more. Explore our range of durable bottom slitter knives for various slitting applications!\" \/>\n<meta name=\"robots\" content=\"index, follow, max-snippet:-1, max-image-preview:large, max-video-preview:-1\" \/>\n<link rel=\"canonical\" href=\"https:\/\/maxtormetal.com\/it\/prodotto\/lame-inferiori-taglierina\/\" \/>\n<meta property=\"og:locale\" content=\"it_IT\" \/>\n<meta property=\"og:type\" content=\"article\" \/>\n<meta property=\"og:title\" content=\"Slitter Lower Blades\" \/>\n<meta property=\"og:description\" content=\"Discover high-quality Slitter Lower Blades for precise and clean slitting of paper, film, metal, and more. Explore our range of durable bottom slitter knives for various slitting applications!\" \/>\n<meta property=\"og:url\" content=\"https:\/\/maxtormetal.com\/it\/prodotto\/lame-inferiori-taglierina\/\" \/>\n<meta property=\"og:site_name\" content=\"Metal Industrial, Industrial Blade Manufacturer, Cutting Knives and blades, Machine Knives and blades supplier, Custom Blades solution\" \/>\n<meta property=\"article:publisher\" content=\"https:\/\/www.facebook.com\/mengli.tang.3\" \/>\n<meta property=\"article:modified_time\" content=\"2025-06-01T07:16:55+00:00\" \/>\n<meta property=\"og:image\" content=\"https:\/\/maxtormetal.com\/wp-content\/uploads\/2023\/10\/Tissue-paper-roll-cutting-knife-main1.jpg\" \/>\n\t<meta property=\"og:image:width\" content=\"800\" \/>\n\t<meta property=\"og:image:height\" content=\"800\" \/>\n\t<meta property=\"og:image:type\" content=\"image\/jpeg\" \/>\n<meta name=\"twitter:card\" content=\"summary_large_image\" \/>\n<meta name=\"twitter:site\" content=\"@MengliT13570\" \/>\n<script type=\"application\/ld+json\" class=\"yoast-schema-graph\">{\"@context\":\"https:\/\/schema.org\",\"@graph\":[{\"@type\":[\"WebPage\",\"ItemPage\"],\"@id\":\"https:\/\/maxtormetal.com\/product\/slitter-lower-blades\/\",\"url\":\"https:\/\/maxtormetal.com\/product\/slitter-lower-blades\/\",\"name\":\"Slitter Lower Blades - Metal Industrial, Industrial Blade Manufacturer, Cutting Knives and blades, Machine Knives and blades supplier, Custom Blades solution\",\"isPartOf\":{\"@id\":\"https:\/\/maxtormetal.com\/fr\/#website\"},\"primaryImageOfPage\":{\"@id\":\"https:\/\/maxtormetal.com\/product\/slitter-lower-blades\/#primaryimage\"},\"image\":{\"@id\":\"https:\/\/maxtormetal.com\/product\/slitter-lower-blades\/#primaryimage\"},\"thumbnailUrl\":\"https:\/\/maxtormetal.com\/wp-content\/uploads\/2023\/10\/Tissue-paper-roll-cutting-knife-main1.jpg\",\"datePublished\":\"2023-10-07T03:45:03+00:00\",\"dateModified\":\"2025-06-01T07:16:55+00:00\",\"description\":\"Discover high-quality Slitter Lower Blades for precise and clean slitting of paper, film, metal, and more. Explore our range of durable bottom slitter knives for various slitting applications!\",\"breadcrumb\":{\"@id\":\"https:\/\/maxtormetal.com\/product\/slitter-lower-blades\/#breadcrumb\"},\"inLanguage\":\"it-IT\",\"potentialAction\":[{\"@type\":\"ReadAction\",\"target\":[\"https:\/\/maxtormetal.com\/product\/slitter-lower-blades\/\"]}]},{\"@type\":\"ImageObject\",\"inLanguage\":\"it-IT\",\"@id\":\"https:\/\/maxtormetal.com\/product\/slitter-lower-blades\/#primaryimage\",\"url\":\"https:\/\/maxtormetal.com\/wp-content\/uploads\/2023\/10\/Tissue-paper-roll-cutting-knife-main1.jpg\",\"contentUrl\":\"https:\/\/maxtormetal.com\/wp-content\/uploads\/2023\/10\/Tissue-paper-roll-cutting-knife-main1.jpg\",\"width\":800,\"height\":800,\"caption\":\"Slitter Lower Blade\"},{\"@type\":\"BreadcrumbList\",\"@id\":\"https:\/\/maxtormetal.com\/product\/slitter-lower-blades\/#breadcrumb\",\"itemListElement\":[{\"@type\":\"ListItem\",\"position\":1,\"name\":\"Home\",\"item\":\"https:\/\/maxtormetal.com\/\"},{\"@type\":\"ListItem\",\"position\":2,\"name\":\"Products\",\"item\":\"https:\/\/maxtormetal.com\/products\/\"},{\"@type\":\"ListItem\",\"position\":3,\"name\":\"Slitter Lower Blades\"}]},{\"@type\":\"WebSite\",\"@id\":\"https:\/\/maxtormetal.com\/fr\/#website\",\"url\":\"https:\/\/maxtormetal.com\/fr\/\",\"name\":\"Metal Industrial, Industrial Blade Manufacturer, Cutting Knives and blades, Machine Knives and blades supplier, Custom Blades solution\",\"description\":\"Mechanical blades and knives supplier for all machines made by China\",\"publisher\":{\"@id\":\"https:\/\/maxtormetal.com\/fr\/#organization\"},\"potentialAction\":[{\"@type\":\"SearchAction\",\"target\":{\"@type\":\"EntryPoint\",\"urlTemplate\":\"https:\/\/maxtormetal.com\/fr\/?s={search_term_string}\"},\"query-input\":{\"@type\":\"PropertyValueSpecification\",\"valueRequired\":true,\"valueName\":\"search_term_string\"}}],\"inLanguage\":\"it-IT\"},{\"@type\":[\"Organization\",\"Place\"],\"@id\":\"https:\/\/maxtormetal.com\/fr\/#organization\",\"name\":\"Nanjing Metal Industrial CO., Limited\",\"alternateName\":\"Metal Industrial\",\"url\":\"https:\/\/maxtormetal.com\/fr\/\",\"logo\":{\"@id\":\"https:\/\/maxtormetal.com\/product\/slitter-lower-blades\/#local-main-organization-logo\"},\"image\":{\"@id\":\"https:\/\/maxtormetal.com\/product\/slitter-lower-blades\/#local-main-organization-logo\"},\"sameAs\":[\"https:\/\/www.facebook.com\/mengli.tang.3\",\"https:\/\/x.com\/MengliT13570\",\"https:\/\/www.linkedin.com\/in\/metalindustrial\/\"],\"description\":\"NanjingMetal is specialized in manufacturing and supplying industrial blades and knives, and its main business is to provide customers with customized industrial blades to meet their specific needs. With an experienced design and production team, we utilize the supply chain advantage in China to provide customers with competitive high quality industrial blades and knives.\",\"legalName\":\"Nanjing Metal Industrial CO., Limited\",\"foundingDate\":\"2006-02-18\",\"numberOfEmployees\":{\"@type\":\"QuantitativeValue\",\"minValue\":\"11\",\"maxValue\":\"50\"},\"telephone\":[],\"openingHoursSpecification\":[{\"@type\":\"OpeningHoursSpecification\",\"dayOfWeek\":[\"Monday\",\"Tuesday\",\"Wednesday\",\"Thursday\",\"Friday\",\"Saturday\",\"Sunday\"],\"opens\":\"09:00\",\"closes\":\"17:00\"}]},{\"@type\":\"ImageObject\",\"inLanguage\":\"it-IT\",\"@id\":\"https:\/\/maxtormetal.com\/product\/slitter-lower-blades\/#local-main-organization-logo\",\"url\":\"https:\/\/maxtormetal.com\/wp-content\/uploads\/2023\/08\/cropped-cropped-logo-\u526f\u672c-\u526f\u672c-e1693303172756-1.png\",\"contentUrl\":\"https:\/\/maxtormetal.com\/wp-content\/uploads\/2023\/08\/cropped-cropped-logo-\u526f\u672c-\u526f\u672c-e1693303172756-1.png\",\"width\":441,\"height\":132,\"caption\":\"Nanjing Metal Industrial CO., Limited\"}]}<\/script>\n<!-- \/ Yoast SEO Premium plugin. -->","yoast_head_json":{"title":"Slitter Lower Blades - Metal Industrial, Industrial Blade Manufacturer, Cutting Knives and blades, Machine Knives and blades supplier, Custom Blades solution","description":"Discover high-quality Slitter Lower Blades for precise and clean slitting of paper, film, metal, and more. Explore our range of durable bottom slitter knives for various slitting applications!","robots":{"index":"index","follow":"follow","max-snippet":"max-snippet:-1","max-image-preview":"max-image-preview:large","max-video-preview":"max-video-preview:-1"},"canonical":"https:\/\/maxtormetal.com\/it\/prodotto\/lame-inferiori-taglierina\/","og_locale":"it_IT","og_type":"article","og_title":"Slitter Lower Blades","og_description":"Discover high-quality Slitter Lower Blades for precise and clean slitting of paper, film, metal, and more. Explore our range of durable bottom slitter knives for various slitting applications!","og_url":"https:\/\/maxtormetal.com\/it\/prodotto\/lame-inferiori-taglierina\/","og_site_name":"Metal Industrial, Industrial Blade Manufacturer, Cutting Knives and blades, Machine Knives and blades supplier, Custom Blades solution","article_publisher":"https:\/\/www.facebook.com\/mengli.tang.3","article_modified_time":"2025-06-01T07:16:55+00:00","og_image":[{"width":800,"height":800,"url":"https:\/\/maxtormetal.com\/wp-content\/uploads\/2023\/10\/Tissue-paper-roll-cutting-knife-main1.jpg","type":"image\/jpeg"}],"twitter_card":"summary_large_image","twitter_site":"@MengliT13570","schema":{"@context":"https:\/\/schema.org","@graph":[{"@type":["WebPage","ItemPage"],"@id":"https:\/\/maxtormetal.com\/product\/slitter-lower-blades\/","url":"https:\/\/maxtormetal.com\/product\/slitter-lower-blades\/","name":"Slitter Lower Blades - Metal Industrial, Industrial Blade Manufacturer, Cutting Knives and blades, Machine Knives and blades supplier, Custom Blades solution","isPartOf":{"@id":"https:\/\/maxtormetal.com\/fr\/#website"},"primaryImageOfPage":{"@id":"https:\/\/maxtormetal.com\/product\/slitter-lower-blades\/#primaryimage"},"image":{"@id":"https:\/\/maxtormetal.com\/product\/slitter-lower-blades\/#primaryimage"},"thumbnailUrl":"https:\/\/maxtormetal.com\/wp-content\/uploads\/2023\/10\/Tissue-paper-roll-cutting-knife-main1.jpg","datePublished":"2023-10-07T03:45:03+00:00","dateModified":"2025-06-01T07:16:55+00:00","description":"Discover high-quality Slitter Lower Blades for precise and clean slitting of paper, film, metal, and more. Explore our range of durable bottom slitter knives for various slitting applications!","breadcrumb":{"@id":"https:\/\/maxtormetal.com\/product\/slitter-lower-blades\/#breadcrumb"},"inLanguage":"it-IT","potentialAction":[{"@type":"ReadAction","target":["https:\/\/maxtormetal.com\/product\/slitter-lower-blades\/"]}]},{"@type":"ImageObject","inLanguage":"it-IT","@id":"https:\/\/maxtormetal.com\/product\/slitter-lower-blades\/#primaryimage","url":"https:\/\/maxtormetal.com\/wp-content\/uploads\/2023\/10\/Tissue-paper-roll-cutting-knife-main1.jpg","contentUrl":"https:\/\/maxtormetal.com\/wp-content\/uploads\/2023\/10\/Tissue-paper-roll-cutting-knife-main1.jpg","width":800,"height":800,"caption":"Slitter Lower Blade"},{"@type":"BreadcrumbList","@id":"https:\/\/maxtormetal.com\/product\/slitter-lower-blades\/#breadcrumb","itemListElement":[{"@type":"ListItem","position":1,"name":"Home","item":"https:\/\/maxtormetal.com\/"},{"@type":"ListItem","position":2,"name":"Products","item":"https:\/\/maxtormetal.com\/products\/"},{"@type":"ListItem","position":3,"name":"Slitter Lower Blades"}]},{"@type":"WebSite","@id":"https:\/\/maxtormetal.com\/fr\/#website","url":"https:\/\/maxtormetal.com\/fr\/","name":"Metal Industrial, Industrial Blade Manufacturer, Cutting Knives and blades, Machine Knives and blades supplier, Custom Blades solution","description":"Mechanical blades and knives supplier for all machines made by China","publisher":{"@id":"https:\/\/maxtormetal.com\/fr\/#organization"},"potentialAction":[{"@type":"SearchAction","target":{"@type":"EntryPoint","urlTemplate":"https:\/\/maxtormetal.com\/fr\/?s={search_term_string}"},"query-input":{"@type":"PropertyValueSpecification","valueRequired":true,"valueName":"search_term_string"}}],"inLanguage":"it-IT"},{"@type":["Organization","Place"],"@id":"https:\/\/maxtormetal.com\/fr\/#organization","name":"Nanjing Metal Industrial CO., Limited","alternateName":"Metal Industrial","url":"https:\/\/maxtormetal.com\/fr\/","logo":{"@id":"https:\/\/maxtormetal.com\/product\/slitter-lower-blades\/#local-main-organization-logo"},"image":{"@id":"https:\/\/maxtormetal.com\/product\/slitter-lower-blades\/#local-main-organization-logo"},"sameAs":["https:\/\/www.facebook.com\/mengli.tang.3","https:\/\/x.com\/MengliT13570","https:\/\/www.linkedin.com\/in\/metalindustrial\/"],"description":"NanjingMetal is specialized in manufacturing and supplying industrial blades and knives, and its main business is to provide customers with customized industrial blades to meet their specific needs. With an experienced design and production team, we utilize the supply chain advantage in China to provide customers with competitive high quality industrial blades and knives.","legalName":"Nanjing Metal Industrial CO., Limited","foundingDate":"2006-02-18","numberOfEmployees":{"@type":"QuantitativeValue","minValue":"11","maxValue":"50"},"telephone":[],"openingHoursSpecification":[{"@type":"OpeningHoursSpecification","dayOfWeek":["Monday","Tuesday","Wednesday","Thursday","Friday","Saturday","Sunday"],"opens":"09:00","closes":"17:00"}]},{"@type":"ImageObject","inLanguage":"it-IT","@id":"https:\/\/maxtormetal.com\/product\/slitter-lower-blades\/#local-main-organization-logo","url":"https:\/\/maxtormetal.com\/wp-content\/uploads\/2023\/08\/cropped-cropped-logo-\u526f\u672c-\u526f\u672c-e1693303172756-1.png","contentUrl":"https:\/\/maxtormetal.com\/wp-content\/uploads\/2023\/08\/cropped-cropped-logo-\u526f\u672c-\u526f\u672c-e1693303172756-1.png","width":441,"height":132,"caption":"Nanjing Metal Industrial CO., Limited"}]}},"_links":{"self":[{"href":"https:\/\/maxtormetal.com\/it\/wp-json\/wp\/v2\/product\/3293"}],"collection":[{"href":"https:\/\/maxtormetal.com\/it\/wp-json\/wp\/v2\/product"}],"about":[{"href":"https:\/\/maxtormetal.com\/it\/wp-json\/wp\/v2\/types\/product"}],"wp:featuredmedia":[{"embeddable":true,"href":"https:\/\/maxtormetal.com\/it\/wp-json\/wp\/v2\/media\/3301"}],"wp:attachment":[{"href":"https:\/\/maxtormetal.com\/it\/wp-json\/wp\/v2\/media?parent=3293"}],"wp:term":[{"taxonomy":"product_cat","embeddable":true,"href":"https:\/\/maxtormetal.com\/it\/wp-json\/wp\/v2\/product_cat?post=3293"},{"taxonomy":"product_tag","embeddable":true,"href":"https:\/\/maxtormetal.com\/it\/wp-json\/wp\/v2\/product_tag?post=3293"}],"curies":[{"name":"wp","href":"https:\/\/api.w.org\/{rel}","templated":true}]}}