{"id":3051,"date":"2023-10-06T17:22:19","date_gmt":"2023-10-06T09:22:19","guid":{"rendered":"https:\/\/maxtormetal.com\/?post_type=product&#038;p=3051"},"modified":"2025-05-06T18:48:44","modified_gmt":"2025-05-06T10:48:44","slug":"laminas-para-guilhotinas-de-tres-facas","status":"publish","type":"product","link":"https:\/\/maxtormetal.com\/pt\/produto\/laminas-para-guilhotinas-de-tres-facas\/","title":{"rendered":"L\u00e2minas para Guilhotina de 3 Facas"},"content":{"rendered":"<h2 data-sourcepos=\"1:1-1:41\">O que significam as l\u00e2minas de aparador de 3 facas?<\/h2>\r\n<p data-sourcepos=\"3:1-3:595\">As l\u00e2minas de corte de 3 facas, tamb\u00e9m conhecidas como l\u00e2minas de corte de tr\u00eas facas, s\u00e3o conjuntos de facas de corte de precis\u00e3o usadas em m\u00e1quinas de corte de tr\u00eas facas. Essas m\u00e1quinas s\u00e3o essenciais nas ind\u00fastrias de impress\u00e3o e encaderna\u00e7\u00e3o para aparar simultaneamente tr\u00eas lados (borda frontal, cabe\u00e7a e cauda) de uma pilha de produtos impressos, como livros, revistas, brochuras e cat\u00e1logos, at\u00e9 suas dimens\u00f5es finais e limpas. Um conjunto de l\u00e2minas de corte de 3 facas normalmente inclui uma l\u00e2mina frontal (borda frontal) e duas l\u00e2minas laterais (cabe\u00e7a e cauda) que trabalham de forma coordenada para obter um corte preciso e eficiente.<\/p>\r\n<h2 data-sourcepos=\"5:1-5:50\">Usos e aplica\u00e7\u00f5es de l\u00e2minas de aparador de 3 facas<\/h2>\r\n<p data-sourcepos=\"7:1-7:144\">L\u00e2minas de corte de 3 l\u00e2minas s\u00e3o essenciais para o acabamento de materiais impressos em ambientes de produ\u00e7\u00e3o de alto volume. Suas principais aplica\u00e7\u00f5es incluem:<\/p>\r\n<ul data-sourcepos=\"9:1-14:0\">\r\n<li data-sourcepos=\"9:1-9:142\"><strong>Encaderna\u00e7\u00e3o:<\/strong> Aparar as bordas dos blocos de livros ap\u00f3s a costura ou encaderna\u00e7\u00e3o perfeita para criar bordas limpas e uniformes para a capa a ser fixada.<\/li>\r\n<li data-sourcepos=\"10:1-10:174\"><strong>Produ\u00e7\u00e3o de revistas e folhetos:<\/strong> Corte final de revistas, folhetos e cat\u00e1logos ap\u00f3s impress\u00e3o e dobra para atingir o tamanho correto e um acabamento profissional.<\/li>\r\n<li data-sourcepos=\"11:1-11:153\"><strong>Produ\u00e7\u00e3o de livros de capa mole e capa dura:<\/strong> Garantir dimens\u00f5es precisas para livros de capa mole e capa dura antes que eles estejam prontos para distribui\u00e7\u00e3o.<\/li>\r\n<li data-sourcepos=\"12:1-12:102\"><strong>Impress\u00e3o Comercial:<\/strong> Corte de v\u00e1rios produtos impressos, como livretos, peri\u00f3dicos e diret\u00f3rios.<\/li>\r\n<li data-sourcepos=\"13:1-14:0\"><strong>Sistemas de acabamento em linha:<\/strong> Integra\u00e7\u00e3o em linhas automatizadas de impress\u00e3o e encaderna\u00e7\u00e3o para corte perfeito de produtos acabados.<\/li>\r\n<\/ul>\r\n<h2 data-sourcepos=\"15:1-15:46\">Materiais comuns para l\u00e2minas de aparador de 3 facas<\/h2>\r\n<p data-sourcepos=\"17:1-17:225\">Os materiais utilizados nas l\u00e2minas de corte de 3 l\u00e2minas devem ser de alta qualidade para garantir cortes limpos, longa vida \u00fatil e resist\u00eancia ao desgaste, especialmente no processamento de diferentes tipos de papel e revestimentos. Os materiais comuns incluem:<\/p>\r\n<ul data-sourcepos=\"19:1-22:0\">\r\n<li data-sourcepos=\"19:1-19:170\"><strong>A\u00e7o r\u00e1pido (HSS) (por exemplo, M2, M42):<\/strong> Oferece boa resist\u00eancia ao desgaste e pode manter uma borda afiada em altas velocidades de corte, adequada para uma ampla variedade de tipos de papel.<\/li>\r\n<li data-sourcepos=\"20:1-20:267\"><strong>A\u00e7o para ferramentas de liga (por exemplo, D2, A2):<\/strong> Oferece excelente resist\u00eancia ao desgaste e \u00e9 ideal para processar pap\u00e9is mais espessos, materiais revestidos e produ\u00e7\u00e3o em larga escala, garantindo qualidade de corte consistente por longos per\u00edodos. O a\u00e7o D2 \u00e9 particularmente apreciado por sua durabilidade.<\/li>\r\n<li data-sourcepos=\"21:1-22:0\"><strong>L\u00e2minas com ponta de carboneto:<\/strong> Apresentam insertos de carboneto de tungst\u00eanio na aresta de corte, oferecendo dureza e resist\u00eancia ao desgaste excepcionais. S\u00e3o utilizados em volumes de produ\u00e7\u00e3o muito altos e no processamento de lixas ou materiais com revestimentos que podem rapidamente cegar l\u00e2minas de a\u00e7o. Pontas de carboneto prolongam significativamente a vida \u00fatil da l\u00e2mina e reduzem o tempo de inatividade para afia\u00e7\u00e3o.<\/li>\r\n<\/ul>\r\n<p data-sourcepos=\"23:1-23:244\">As l\u00e2minas s\u00e3o retificadas com precis\u00e3o e frequentemente temperadas e revenidas para atingir o equil\u00edbrio ideal entre nitidez e durabilidade. O acabamento da superf\u00edcie \u00e9 fundamental para minimizar o atrito e garantir cortes limpos sem rasgar ou amassar as bordas do papel.<\/p>\r\n<h2 data-sourcepos=\"25:1-25:38\">Formas comuns de l\u00e2minas de aparador de livros<\/h2>\r\n<p data-sourcepos=\"27:1-27:149\">Um conjunto de l\u00e2minas de aparador de 3 facas normalmente consiste em tr\u00eas l\u00e2minas com formatos e chanfros espec\u00edficos, otimizados para suas respectivas tarefas de aparar:<\/p>\r\n<ul data-sourcepos=\"29:1-33:0\">\r\n<li data-sourcepos=\"29:1-29:252\"><strong>L\u00e2mina frontal (borda anterior):<\/strong> Esta l\u00e2mina geralmente tem um fio de corte reto e \u00e9 respons\u00e1vel pelo corte principal da borda aberta do bloco de livro ou produto impresso. O \u00e2ngulo do chanfro \u00e9 crucial para um corte limpo, sem puxar ou rasgar o papel.<\/li>\r\n<li data-sourcepos=\"30:1-30:273\"><strong>L\u00e2minas laterais (cabe\u00e7a e cauda):<\/strong> Essas duas l\u00e2minas aparam as bordas superior e inferior do bloco de livro. Geralmente, s\u00e3o mais curtas que a l\u00e2mina frontal e s\u00e3o sincronizadas para se moverem simultaneamente. Seu formato e chanfro s\u00e3o projetados para cortes precisos e limpos nessas bordas encadernadas.<\/li>\r\n<li data-sourcepos=\"31:1-31:79\"><strong>L\u00e2minas s\u00f3lidas:<\/strong> O fio de corte \u00e9 parte integrante do material da l\u00e2mina.<\/li>\r\n<li data-sourcepos=\"32:1-33:0\"><strong>L\u00e2minas incrustadas:<\/strong> Apresentam uma tira de material de alto desempenho (como HSS ou carboneto) incrustada em um corpo de l\u00e2mina mais macio, oferecendo um equil\u00edbrio entre custo-benef\u00edcio e desempenho.<\/li>\r\n<\/ul>\r\n<p data-sourcepos=\"34:1-34:646\">O princ\u00edpio de funcionamento das l\u00e2minas de corte de 3 l\u00e2minas envolve o movimento sincronizado das tr\u00eas l\u00e2minas para cortar os tr\u00eas lados abertos de uma pilha de produtos impressos em um \u00fanico ciclo. A pilha \u00e9 posicionada com precis\u00e3o e, em seguida, a l\u00e2mina frontal se move horizontalmente para cortar a borda frontal, enquanto as duas l\u00e2minas laterais se movem verticalmente para cortar a parte superior e inferior. A precis\u00e3o do corte depende da afia\u00e7\u00e3o e do alinhamento das l\u00e2minas, bem como da opera\u00e7\u00e3o mec\u00e2nica precisa da m\u00e1quina de corte. A afia\u00e7\u00e3o regular e a manuten\u00e7\u00e3o adequada das l\u00e2minas de corte de 3 l\u00e2minas s\u00e3o essenciais para manter a qualidade do corte e prolongar a vida \u00fatil da l\u00e2mina.<\/p>\r\n<p>\"\u00a0<span style=\"color: #ff9900;\"><em><strong><a style=\"color: #ff9900;\" href=\"https:\/\/maxtormetal.com\/pt\/contact\/\" target=\"_blank\" rel=\"noopener\">Bem-vindo a consultar!<\/a><\/strong><\/em><\/span><\/p>\r\n<p>Se n\u00e3o encontrar a l\u00e2mina de corte que procura, tamb\u00e9m podemos personaliz\u00e1-la, consulte nossa <span style=\"color: #ff9900;\">\u201c<a style=\"color: #ff9900;\" href=\"https:\/\/maxtormetal.com\/pt\/custom-blades\/\" target=\"_blank\" rel=\"noopener\"><em><strong>L\u00e2minas Personalizadas<\/strong><\/em><\/a>&quot;<\/span> para aprender como!<\/p>\r\n<h4><a href=\"https:\/\/maxtormetal.com\/pt\/brochures\/\" target=\"_blank\" rel=\"noopener\"><strong><em><span style=\"color: #ff9900;\">Abrir Brochuras<\/span><\/em><\/strong><\/a><\/h4>\r\n<hr \/><hr \/>\r\n<h2>Por Que Escolher a METAL?<\/h2>\r\n<ol>\r\n<li><strong> Servi\u00e7o de Importa\u00e7\u00e3o Completo e Sem Complica\u00e7\u00f5es<\/strong><\/li>\r\n<\/ol>\r\n<p>Aproveite a conveni\u00eancia de uma importa\u00e7\u00e3o sem problemas. Do transporte ao desembara\u00e7o aduaneiro, cuidamos de todo o processo. Tudo o que voc\u00ea precisa fazer \u00e9 pagar o IVA e aguardar a chegada de suas mercadorias.<\/p>\r\n<ol start=\"2\">\r\n<li><strong> Pre\u00e7os Competitivos<\/strong><\/li>\r\n<\/ol>\r\n<p>Vimos nossas l\u00e2minas se destacarem em in\u00fameras aplica\u00e7\u00f5es e estamos prontos para qualquer projeto que voc\u00ea nos apresentar. Espere precis\u00e3o, durabilidade e pre\u00e7os competitivos inigual\u00e1veis.<\/p>\r\n<ol start=\"3\">\r\n<li><strong> ODM &amp; OEM Dispon\u00edveis<\/strong><\/li>\r\n<\/ol>\r\n<p>Seja qual for o seu caso, desenhos, esbo\u00e7os ou amostras, podemos projetar e fabricar para voc\u00ea. Tamb\u00e9m temos a capacidade de auxiliar na modifica\u00e7\u00e3o de designs e especifica\u00e7\u00f5es existentes para melhorar praticamente qualquer aplica\u00e7\u00e3o de ferramentas industriais. Entre em contato com nossa equipe de vendas dedicada para discutir suas necessidades espec\u00edficas.<\/p>\r\n<ol start=\"4\">\r\n<li><strong> Controle de Qualidade Rigoroso<\/strong><\/li>\r\n<\/ol>\r\n<p>Uma s\u00e9rie de testes e inspe\u00e7\u00f5es s\u00e3o realizadas para controlar a qualidade, incluindo inspe\u00e7\u00e3o do primeiro artigo, inspe\u00e7\u00e3o de material recebido e materiais certificados, inspe\u00e7\u00e3o de qualidade em processo e inspe\u00e7\u00e3o de qualidade final.<\/p>\r\n<ol start=\"5\">\r\n<li><strong> Aquisi\u00e7\u00e3o Flex\u00edvel, Coopera\u00e7\u00e3o Ilimitada<\/strong><\/li>\r\n<\/ol>\r\n<p>Seja voc\u00ea um importador, distribuidor, atacadista ou usu\u00e1rio final, n\u00f3s o acolhemos. Beneficie-se de MOQs m\u00ednimos, consultas sem complica\u00e7\u00f5es e maior liberdade de compra.<\/p>\r\n<ol start=\"6\">\r\n<li><strong> Monitoramento em Tempo Real do Progresso da Produ\u00e7\u00e3o<\/strong><\/li>\r\n<\/ol>\r\n<p>Considere-nos seu monitor exclusivo. Forneceremos atualiza\u00e7\u00f5es regulares sobre cada etapa crucial de sua linha de produ\u00e7\u00e3o. Independentemente da dist\u00e2ncia, voc\u00ea ter\u00e1 informa\u00e7\u00f5es em tempo real sobre o progresso de seu produto.<\/p>\r\n<hr \/>\r\n<p><iframe loading=\"lazy\" title=\"L\u00e2mina de corte de papel de tr\u00eas lados para m\u00e1quina de corte de papel\" width=\"800\" height=\"600\" src=\"https:\/\/www.youtube.com\/embed\/YLQELEjeeLs?feature=oembed&#038;enablejsapi=1&#038;origin=https:\/\/maxtormetal.com\" frameborder=\"0\" allow=\"accelerometer; autoplay; clipboard-write; encrypted-media; gyroscope; picture-in-picture; web-share\" referrerpolicy=\"strict-origin-when-cross-origin\" allowfullscreen><\/iframe><\/p>","protected":false},"excerpt":{"rendered":"<p>What do 3-Knife Trimmer Blades Mean? 3-knife trimmer blades, also known as three-knife cutter blades, are sets of precision cutting knives used in a three-knife trimmer machine. These machines are essential in the printing and bookbinding industries for simultaneously trimming three sides (fore-edge, head, and tail) of a stack of printed products like books, magazines, [&hellip;]<\/p>","protected":false},"featured_media":3055,"template":"","meta":[],"product_cat":[100,108],"product_tag":[420],"yoast_head":"<!-- This site is optimized with the Yoast SEO Premium plugin v23.6 (Yoast SEO v23.6) - https:\/\/yoast.com\/wordpress\/plugins\/seo\/ -->\n<title>3-knife Trimmer Blades - Metal Industrial, Industrial Blade Manufacturer, Cutting Knives and blades, Machine Knives and blades supplier, Custom Blades solution<\/title>\n<meta name=\"description\" content=\"Explore our high-quality 3-knife trimmer blades and three-knife cutter blades for precise book and magazine trimming.Find durable book trimmer blades.\" \/>\n<meta name=\"robots\" content=\"index, follow, max-snippet:-1, max-image-preview:large, max-video-preview:-1\" \/>\n<link rel=\"canonical\" href=\"https:\/\/maxtormetal.com\/pt\/produto\/laminas-para-guilhotinas-de-tres-facas\/\" \/>\n<meta property=\"og:locale\" content=\"pt_PT\" \/>\n<meta property=\"og:type\" content=\"article\" \/>\n<meta property=\"og:title\" content=\"3-knife Trimmer Blades\" \/>\n<meta property=\"og:description\" content=\"Explore our high-quality 3-knife trimmer blades and three-knife cutter blades for precise book and magazine trimming.Find durable book trimmer blades.\" \/>\n<meta property=\"og:url\" content=\"https:\/\/maxtormetal.com\/pt\/produto\/laminas-para-guilhotinas-de-tres-facas\/\" \/>\n<meta property=\"og:site_name\" content=\"Metal Industrial, Industrial Blade Manufacturer, Cutting Knives and blades, Machine Knives and blades supplier, Custom Blades solution\" \/>\n<meta property=\"article:publisher\" content=\"https:\/\/www.facebook.com\/mengli.tang.3\" \/>\n<meta property=\"article:modified_time\" content=\"2025-05-06T10:48:44+00:00\" \/>\n<meta property=\"og:image\" content=\"https:\/\/maxtormetal.com\/wp-content\/uploads\/2023\/10\/3-knife-trimmer-blades-main1.jpg\" \/>\n\t<meta property=\"og:image:width\" content=\"800\" \/>\n\t<meta property=\"og:image:height\" content=\"800\" \/>\n\t<meta property=\"og:image:type\" content=\"image\/jpeg\" \/>\n<meta name=\"twitter:card\" content=\"summary_large_image\" \/>\n<meta name=\"twitter:site\" content=\"@MengliT13570\" \/>\n<script type=\"application\/ld+json\" class=\"yoast-schema-graph\">{\"@context\":\"https:\/\/schema.org\",\"@graph\":[{\"@type\":[\"WebPage\",\"ItemPage\"],\"@id\":\"https:\/\/maxtormetal.com\/product\/3-knife-trimmer-blades\/\",\"url\":\"https:\/\/maxtormetal.com\/product\/3-knife-trimmer-blades\/\",\"name\":\"3-knife Trimmer Blades - Metal Industrial, Industrial Blade Manufacturer, Cutting Knives and blades, Machine Knives and blades supplier, Custom Blades solution\",\"isPartOf\":{\"@id\":\"https:\/\/maxtormetal.com\/fr\/#website\"},\"primaryImageOfPage\":{\"@id\":\"https:\/\/maxtormetal.com\/product\/3-knife-trimmer-blades\/#primaryimage\"},\"image\":{\"@id\":\"https:\/\/maxtormetal.com\/product\/3-knife-trimmer-blades\/#primaryimage\"},\"thumbnailUrl\":\"https:\/\/maxtormetal.com\/wp-content\/uploads\/2023\/10\/3-knife-trimmer-blades-main1.jpg\",\"datePublished\":\"2023-10-06T09:22:19+00:00\",\"dateModified\":\"2025-05-06T10:48:44+00:00\",\"description\":\"Explore our high-quality 3-knife trimmer blades and three-knife cutter blades for precise book and magazine trimming.Find durable book trimmer blades.\",\"breadcrumb\":{\"@id\":\"https:\/\/maxtormetal.com\/product\/3-knife-trimmer-blades\/#breadcrumb\"},\"inLanguage\":\"pt-PT\",\"potentialAction\":[{\"@type\":\"ReadAction\",\"target\":[\"https:\/\/maxtormetal.com\/product\/3-knife-trimmer-blades\/\"]}]},{\"@type\":\"ImageObject\",\"inLanguage\":\"pt-PT\",\"@id\":\"https:\/\/maxtormetal.com\/product\/3-knife-trimmer-blades\/#primaryimage\",\"url\":\"https:\/\/maxtormetal.com\/wp-content\/uploads\/2023\/10\/3-knife-trimmer-blades-main1.jpg\",\"contentUrl\":\"https:\/\/maxtormetal.com\/wp-content\/uploads\/2023\/10\/3-knife-trimmer-blades-main1.jpg\",\"width\":800,\"height\":800},{\"@type\":\"BreadcrumbList\",\"@id\":\"https:\/\/maxtormetal.com\/product\/3-knife-trimmer-blades\/#breadcrumb\",\"itemListElement\":[{\"@type\":\"ListItem\",\"position\":1,\"name\":\"Home\",\"item\":\"https:\/\/maxtormetal.com\/\"},{\"@type\":\"ListItem\",\"position\":2,\"name\":\"Products\",\"item\":\"https:\/\/maxtormetal.com\/products\/\"},{\"@type\":\"ListItem\",\"position\":3,\"name\":\"3-knife Trimmer Blades\"}]},{\"@type\":\"WebSite\",\"@id\":\"https:\/\/maxtormetal.com\/fr\/#website\",\"url\":\"https:\/\/maxtormetal.com\/fr\/\",\"name\":\"Metal Industrial, Industrial Blade Manufacturer, Cutting Knives and blades, Machine Knives and blades supplier, Custom Blades solution\",\"description\":\"Mechanical blades and knives supplier for all machines made by China\",\"publisher\":{\"@id\":\"https:\/\/maxtormetal.com\/fr\/#organization\"},\"potentialAction\":[{\"@type\":\"SearchAction\",\"target\":{\"@type\":\"EntryPoint\",\"urlTemplate\":\"https:\/\/maxtormetal.com\/fr\/?s={search_term_string}\"},\"query-input\":{\"@type\":\"PropertyValueSpecification\",\"valueRequired\":true,\"valueName\":\"search_term_string\"}}],\"inLanguage\":\"pt-PT\"},{\"@type\":[\"Organization\",\"Place\"],\"@id\":\"https:\/\/maxtormetal.com\/fr\/#organization\",\"name\":\"Nanjing Metal Industrial CO., Limited\",\"alternateName\":\"Metal Industrial\",\"url\":\"https:\/\/maxtormetal.com\/fr\/\",\"logo\":{\"@id\":\"https:\/\/maxtormetal.com\/product\/3-knife-trimmer-blades\/#local-main-organization-logo\"},\"image\":{\"@id\":\"https:\/\/maxtormetal.com\/product\/3-knife-trimmer-blades\/#local-main-organization-logo\"},\"sameAs\":[\"https:\/\/www.facebook.com\/mengli.tang.3\",\"https:\/\/x.com\/MengliT13570\",\"https:\/\/www.linkedin.com\/in\/metalindustrial\/\"],\"description\":\"NanjingMetal is specialized in manufacturing and supplying industrial blades and knives, and its main business is to provide customers with customized industrial blades to meet their specific needs. With an experienced design and production team, we utilize the supply chain advantage in China to provide customers with competitive high quality industrial blades and knives.\",\"legalName\":\"Nanjing Metal Industrial CO., Limited\",\"foundingDate\":\"2006-02-18\",\"numberOfEmployees\":{\"@type\":\"QuantitativeValue\",\"minValue\":\"11\",\"maxValue\":\"50\"},\"telephone\":[],\"openingHoursSpecification\":[{\"@type\":\"OpeningHoursSpecification\",\"dayOfWeek\":[\"Monday\",\"Tuesday\",\"Wednesday\",\"Thursday\",\"Friday\",\"Saturday\",\"Sunday\"],\"opens\":\"09:00\",\"closes\":\"17:00\"}]},{\"@type\":\"ImageObject\",\"inLanguage\":\"pt-PT\",\"@id\":\"https:\/\/maxtormetal.com\/product\/3-knife-trimmer-blades\/#local-main-organization-logo\",\"url\":\"https:\/\/maxtormetal.com\/wp-content\/uploads\/2023\/08\/cropped-cropped-logo-\u526f\u672c-\u526f\u672c-e1693303172756-1.png\",\"contentUrl\":\"https:\/\/maxtormetal.com\/wp-content\/uploads\/2023\/08\/cropped-cropped-logo-\u526f\u672c-\u526f\u672c-e1693303172756-1.png\",\"width\":441,\"height\":132,\"caption\":\"Nanjing Metal Industrial CO., Limited\"}]}<\/script>\n<!-- \/ Yoast SEO Premium plugin. -->","yoast_head_json":{"title":"3-knife Trimmer Blades - Metal Industrial, Industrial Blade Manufacturer, Cutting Knives and blades, Machine Knives and blades supplier, Custom Blades solution","description":"Explore our high-quality 3-knife trimmer blades and three-knife cutter blades for precise book and magazine trimming.Find durable book trimmer blades.","robots":{"index":"index","follow":"follow","max-snippet":"max-snippet:-1","max-image-preview":"max-image-preview:large","max-video-preview":"max-video-preview:-1"},"canonical":"https:\/\/maxtormetal.com\/pt\/produto\/laminas-para-guilhotinas-de-tres-facas\/","og_locale":"pt_PT","og_type":"article","og_title":"3-knife Trimmer Blades","og_description":"Explore our high-quality 3-knife trimmer blades and three-knife cutter blades for precise book and magazine trimming.Find durable book trimmer blades.","og_url":"https:\/\/maxtormetal.com\/pt\/produto\/laminas-para-guilhotinas-de-tres-facas\/","og_site_name":"Metal Industrial, Industrial Blade Manufacturer, Cutting Knives and blades, Machine Knives and blades supplier, Custom Blades solution","article_publisher":"https:\/\/www.facebook.com\/mengli.tang.3","article_modified_time":"2025-05-06T10:48:44+00:00","og_image":[{"width":800,"height":800,"url":"https:\/\/maxtormetal.com\/wp-content\/uploads\/2023\/10\/3-knife-trimmer-blades-main1.jpg","type":"image\/jpeg"}],"twitter_card":"summary_large_image","twitter_site":"@MengliT13570","schema":{"@context":"https:\/\/schema.org","@graph":[{"@type":["WebPage","ItemPage"],"@id":"https:\/\/maxtormetal.com\/product\/3-knife-trimmer-blades\/","url":"https:\/\/maxtormetal.com\/product\/3-knife-trimmer-blades\/","name":"3-knife Trimmer Blades - Metal Industrial, Industrial Blade Manufacturer, Cutting Knives and blades, Machine Knives and blades supplier, Custom Blades solution","isPartOf":{"@id":"https:\/\/maxtormetal.com\/fr\/#website"},"primaryImageOfPage":{"@id":"https:\/\/maxtormetal.com\/product\/3-knife-trimmer-blades\/#primaryimage"},"image":{"@id":"https:\/\/maxtormetal.com\/product\/3-knife-trimmer-blades\/#primaryimage"},"thumbnailUrl":"https:\/\/maxtormetal.com\/wp-content\/uploads\/2023\/10\/3-knife-trimmer-blades-main1.jpg","datePublished":"2023-10-06T09:22:19+00:00","dateModified":"2025-05-06T10:48:44+00:00","description":"Explore our high-quality 3-knife trimmer blades and three-knife cutter blades for precise book and magazine trimming.Find durable book trimmer blades.","breadcrumb":{"@id":"https:\/\/maxtormetal.com\/product\/3-knife-trimmer-blades\/#breadcrumb"},"inLanguage":"pt-PT","potentialAction":[{"@type":"ReadAction","target":["https:\/\/maxtormetal.com\/product\/3-knife-trimmer-blades\/"]}]},{"@type":"ImageObject","inLanguage":"pt-PT","@id":"https:\/\/maxtormetal.com\/product\/3-knife-trimmer-blades\/#primaryimage","url":"https:\/\/maxtormetal.com\/wp-content\/uploads\/2023\/10\/3-knife-trimmer-blades-main1.jpg","contentUrl":"https:\/\/maxtormetal.com\/wp-content\/uploads\/2023\/10\/3-knife-trimmer-blades-main1.jpg","width":800,"height":800},{"@type":"BreadcrumbList","@id":"https:\/\/maxtormetal.com\/product\/3-knife-trimmer-blades\/#breadcrumb","itemListElement":[{"@type":"ListItem","position":1,"name":"Home","item":"https:\/\/maxtormetal.com\/"},{"@type":"ListItem","position":2,"name":"Products","item":"https:\/\/maxtormetal.com\/products\/"},{"@type":"ListItem","position":3,"name":"3-knife Trimmer Blades"}]},{"@type":"WebSite","@id":"https:\/\/maxtormetal.com\/fr\/#website","url":"https:\/\/maxtormetal.com\/fr\/","name":"Metal Industrial, Industrial Blade Manufacturer, Cutting Knives and blades, Machine Knives and blades supplier, Custom Blades solution","description":"Mechanical blades and knives supplier for all machines made by China","publisher":{"@id":"https:\/\/maxtormetal.com\/fr\/#organization"},"potentialAction":[{"@type":"SearchAction","target":{"@type":"EntryPoint","urlTemplate":"https:\/\/maxtormetal.com\/fr\/?s={search_term_string}"},"query-input":{"@type":"PropertyValueSpecification","valueRequired":true,"valueName":"search_term_string"}}],"inLanguage":"pt-PT"},{"@type":["Organization","Place"],"@id":"https:\/\/maxtormetal.com\/fr\/#organization","name":"Nanjing Metal Industrial CO., Limited","alternateName":"Metal Industrial","url":"https:\/\/maxtormetal.com\/fr\/","logo":{"@id":"https:\/\/maxtormetal.com\/product\/3-knife-trimmer-blades\/#local-main-organization-logo"},"image":{"@id":"https:\/\/maxtormetal.com\/product\/3-knife-trimmer-blades\/#local-main-organization-logo"},"sameAs":["https:\/\/www.facebook.com\/mengli.tang.3","https:\/\/x.com\/MengliT13570","https:\/\/www.linkedin.com\/in\/metalindustrial\/"],"description":"NanjingMetal is specialized in manufacturing and supplying industrial blades and knives, and its main business is to provide customers with customized industrial blades to meet their specific needs. With an experienced design and production team, we utilize the supply chain advantage in China to provide customers with competitive high quality industrial blades and knives.","legalName":"Nanjing Metal Industrial CO., Limited","foundingDate":"2006-02-18","numberOfEmployees":{"@type":"QuantitativeValue","minValue":"11","maxValue":"50"},"telephone":[],"openingHoursSpecification":[{"@type":"OpeningHoursSpecification","dayOfWeek":["Monday","Tuesday","Wednesday","Thursday","Friday","Saturday","Sunday"],"opens":"09:00","closes":"17:00"}]},{"@type":"ImageObject","inLanguage":"pt-PT","@id":"https:\/\/maxtormetal.com\/product\/3-knife-trimmer-blades\/#local-main-organization-logo","url":"https:\/\/maxtormetal.com\/wp-content\/uploads\/2023\/08\/cropped-cropped-logo-\u526f\u672c-\u526f\u672c-e1693303172756-1.png","contentUrl":"https:\/\/maxtormetal.com\/wp-content\/uploads\/2023\/08\/cropped-cropped-logo-\u526f\u672c-\u526f\u672c-e1693303172756-1.png","width":441,"height":132,"caption":"Nanjing Metal Industrial CO., Limited"}]}},"_links":{"self":[{"href":"https:\/\/maxtormetal.com\/pt\/wp-json\/wp\/v2\/product\/3051"}],"collection":[{"href":"https:\/\/maxtormetal.com\/pt\/wp-json\/wp\/v2\/product"}],"about":[{"href":"https:\/\/maxtormetal.com\/pt\/wp-json\/wp\/v2\/types\/product"}],"wp:featuredmedia":[{"embeddable":true,"href":"https:\/\/maxtormetal.com\/pt\/wp-json\/wp\/v2\/media\/3055"}],"wp:attachment":[{"href":"https:\/\/maxtormetal.com\/pt\/wp-json\/wp\/v2\/media?parent=3051"}],"wp:term":[{"taxonomy":"product_cat","embeddable":true,"href":"https:\/\/maxtormetal.com\/pt\/wp-json\/wp\/v2\/product_cat?post=3051"},{"taxonomy":"product_tag","embeddable":true,"href":"https:\/\/maxtormetal.com\/pt\/wp-json\/wp\/v2\/product_tag?post=3051"}],"curies":[{"name":"wp","href":"https:\/\/api.w.org\/{rel}","templated":true}]}}