{"id":3160,"date":"2023-10-07T10:31:32","date_gmt":"2023-10-07T02:31:32","guid":{"rendered":"https:\/\/maxtormetal.com\/?post_type=product&#038;p=3160"},"modified":"2025-05-31T23:49:11","modified_gmt":"2025-05-31T15:49:11","slug":"laminas-de-cisalhamento-lateral","status":"publish","type":"product","link":"https:\/\/maxtormetal.com\/pt\/produto\/laminas-de-cisalhamento-lateral\/","title":{"rendered":"L\u00e2minas de Corte Lateral para Guilhotina"},"content":{"rendered":"<h3 data-sourcepos=\"3:1-3:44\">O que significam as l\u00e2minas de corte lateral?<\/h3>\r\n<p data-sourcepos=\"5:1-5:1096\">As &quot;L\u00e2minas de Corte Lateral&quot; s\u00e3o ferramentas de corte especializadas utilizadas em aplica\u00e7\u00f5es industriais, particularmente em metalurgia e linhas de processamento cont\u00ednuo, como laminadores a frio. Sua fun\u00e7\u00e3o principal \u00e9 aparar as bordas (laterais) de chapas ou bobinas met\u00e1licas \u00e0 medida que se movem pela linha de produ\u00e7\u00e3o. Esse processo, conhecido como corte lateral ou corte de bordas, garante uma largura consistente e remove quaisquer imperfei\u00e7\u00f5es ou irregularidades nas bordas do metal. As L\u00e2minas de Corte Lateral normalmente trabalham em pares, posicionadas em ambos os lados do fluxo de material. Elas s\u00e3o projetadas para opera\u00e7\u00e3o cont\u00ednua em alta velocidade e devem manter um corte preciso e limpo por longos per\u00edodos. O formato e o material das L\u00e2minas de Corte Lateral s\u00e3o essenciais para a obten\u00e7\u00e3o de bordas precisas e sem rebarbas, essenciais para os processos subsequentes. Essas l\u00e2minas tamb\u00e9m s\u00e3o \u00e0s vezes chamadas de &quot;facas de corte de bordas&quot;, &quot;aparadores laterais&quot;, &quot;cortadores de bordas de tiras&quot;, &quot;facas de entalhe&quot; (se tamb\u00e9m realizam entalhes para soldagem) ou &quot;facas de corte lateral&quot; (embora o foco seja na borda e n\u00e3o em m\u00faltiplas tiras).<\/p>\r\n<h3 data-sourcepos=\"7:1-7:55\">Usos e aplica\u00e7\u00f5es de l\u00e2minas de tesoura de corte lateral<\/h3>\r\n<p data-sourcepos=\"9:1-9:87\">As l\u00e2minas de corte lateral s\u00e3o cruciais em v\u00e1rios setores de processamento cont\u00ednuo:<\/p>\r\n<ul data-sourcepos=\"11:1-18:0\">\r\n<li data-sourcepos=\"11:1-11:158\"><strong>Laminadores a frio:<\/strong> Usado para aparar as bordas de bobinas de a\u00e7o ou outros metais ap\u00f3s o processo de lamina\u00e7\u00e3o, garantindo largura consistente para processamento subsequente.<\/li>\r\n<li data-sourcepos=\"12:1-12:129\"><strong>Linhas de corte:<\/strong> Empregado para aparar as bordas de bobinas de metal antes ou depois da opera\u00e7\u00e3o principal de corte em tiras mais estreitas.<\/li>\r\n<li data-sourcepos=\"13:1-13:138\"><strong>Linhas de processamento de bobinas:<\/strong> Integrado em linhas que processam bobinas met\u00e1licas para diversas aplica\u00e7\u00f5es, proporcionando condicionamento preciso das bordas.<\/li>\r\n<li data-sourcepos=\"14:1-14:128\"><strong>Fabrica\u00e7\u00e3o de tubos e canos:<\/strong> Usado para aparar as bordas de tiras de metal antes que elas sejam formadas e soldadas em tubos ou canos.<\/li>\r\n<li data-sourcepos=\"15:1-15:139\"><strong>Ind\u00fastria automotiva:<\/strong> Empregado na produ\u00e7\u00e3o de pain\u00e9is de carroceria de autom\u00f3veis e outros componentes met\u00e1licos onde \u00e9 necess\u00e1ria uma qualidade de borda precisa.<\/li>\r\n<li data-sourcepos=\"16:1-16:131\"><strong>Fabrica\u00e7\u00e3o de Eletrodom\u00e9sticos:<\/strong> Utilizado na produ\u00e7\u00e3o de chapas met\u00e1licas para eletrodom\u00e9sticos, garantindo dimens\u00f5es precisas e bordas limpas.<\/li>\r\n<li data-sourcepos=\"17:1-18:0\"><strong>Metal Ind\u00fastria de Embalagens:<\/strong> Para processamento de chapas met\u00e1licas usadas na fabrica\u00e7\u00e3o de latas e outras embalagens met\u00e1licas.<\/li>\r\n<\/ul>\r\n<p data-sourcepos=\"19:1-19:192\">Em algumas linhas de soldagem cont\u00ednuas, as l\u00e2minas de corte lateral tamb\u00e9m podem executar uma fun\u00e7\u00e3o de entalhe para preparar as bordas das chapas met\u00e1licas para soldagem, garantindo uma solda forte e precisa.<\/p>\r\n<h3 data-sourcepos=\"21:1-21:51\">Materiais comuns para l\u00e2minas de tesoura de corte lateral<\/h3>\r\n<p data-sourcepos=\"23:1-23:272\">Os materiais utilizados na fabrica\u00e7\u00e3o das l\u00e2minas de corte lateral s\u00e3o selecionados por sua alta dureza, excepcional resist\u00eancia ao desgaste, para suportar opera\u00e7\u00e3o cont\u00ednua em alta velocidade e contato com metal, e tenacidade para evitar lascas ou rachaduras. Os materiais comuns incluem:<\/p>\r\n<ul data-sourcepos=\"25:1-29:0\">\r\n<li data-sourcepos=\"25:1-25:136\"><strong>A\u00e7o de Alto Carbono:<\/strong> Oferece boa dureza e pode ser tratado termicamente para maior durabilidade, sendo adequado para algumas aplica\u00e7\u00f5es com metais mais macios.<\/li>\r\n<li data-sourcepos=\"26:1-26:213\"><strong>A\u00e7os para ferramentas (por exemplo, D2, M2, A2, SKD-11, Cr12MoV):<\/strong> Oferecem um equil\u00edbrio superior de dureza, tenacidade e resist\u00eancia ao desgaste, tornando-os adequados para uma ampla gama de tipos de metais e ambientes de alta produ\u00e7\u00e3o.<\/li>\r\n<li data-sourcepos=\"27:1-27:193\"><strong>A\u00e7o r\u00e1pido (HSS) (por exemplo, M2, M4, SKH-51):<\/strong> Oferece excelente dureza e resist\u00eancia ao desgaste, especialmente em temperaturas operacionais mais altas, adequado para aplica\u00e7\u00f5es exigentes de alta velocidade.<\/li>\r\n<li data-sourcepos=\"28:1-29:0\"><strong>Carboneto de tungst\u00e9nio:<\/strong> Oferece o mais alto n\u00edvel de dureza e resist\u00eancia ao desgaste, ideal para o processamento de metais abrasivos e para prolongar a vida \u00fatil da l\u00e2mina, reduzindo o tempo de inatividade em opera\u00e7\u00f5es cont\u00ednuas. Frequentemente utilizado como insertos ou bordas soldadas em corpos de a\u00e7o.<\/li>\r\n<\/ul>\r\n<p data-sourcepos=\"30:1-30:371\">O tratamento t\u00e9rmico para atingir a dureza e o revenimento ideais \u00e9 uma etapa cr\u00edtica no processo de fabrica\u00e7\u00e3o das l\u00e2minas de corte lateral. Revestimentos, como nitreto de cromo (CrN) ou carbono tipo diamante (DLC), podem ser aplicados para aumentar ainda mais a dureza da superf\u00edcie, reduzir o atrito e aumentar a resist\u00eancia ao desgaste, especialmente no processamento de metais de alta resist\u00eancia ou abrasivos.<\/p>\r\n<h3 data-sourcepos=\"32:1-32:47\">Formatos comuns de l\u00e2minas de tesoura de corte lateral<\/h3>\r\n<p data-sourcepos=\"34:1-34:143\">As l\u00e2minas de tesoura de corte lateral s\u00e3o normalmente projetadas como l\u00e2minas retas, mas sua geometria espec\u00edfica pode variar para otimizar o processo de corte:<\/p>\r\n<ul data-sourcepos=\"36:1-41:0\">\r\n<li data-sourcepos=\"36:1-36:136\"><strong>L\u00e2minas retas:<\/strong> O design mais comum, com uma l\u00e2mina de corte linear que corta contra uma contra-l\u00e2mina ou outra l\u00e2mina reta.<\/li>\r\n<li data-sourcepos=\"37:1-37:203\"><strong>L\u00e2minas com borda chanfrada:<\/strong> A aresta de corte \u00e9 angulada para proporcionar um cisalhamento mais limpo e reduzir a for\u00e7a de corte necess\u00e1ria. O \u00e2ngulo de chanfro \u00e9 espec\u00edfico para o tipo e a espessura do metal a ser processado.<\/li>\r\n<li data-sourcepos=\"38:1-38:102\"><strong>L\u00e2minas de borda quadrada:<\/strong> L\u00e2minas com fio de 90 graus, frequentemente usadas em configura\u00e7\u00f5es de corte espec\u00edficas.<\/li>\r\n<li data-sourcepos=\"39:1-39:189\"><strong>L\u00e2minas de entalhe:<\/strong> Algumas l\u00e2minas de corte lateral podem incorporar entalhes ou recortes moldados ao longo da l\u00e2mina de corte para executar cortes de l\u00e2mina e entalhes simult\u00e2neos para prepara\u00e7\u00e3o de soldagem.<\/li>\r\n<li data-sourcepos=\"40:1-41:0\"><strong>L\u00e2minas Segmentadas:<\/strong> Em alguns casos, a l\u00e2mina de corte lateral pode ser composta de v\u00e1rios segmentos que podem ser substitu\u00eddos individualmente, reduzindo os custos de manuten\u00e7\u00e3o.<\/li>\r\n<\/ul>\r\n<p data-sourcepos=\"42:1-42:377\">A montagem das l\u00e2minas de corte lateral \u00e9 crucial para a estabilidade e o alinhamento preciso. Elas normalmente apresentam superf\u00edcies usinadas com precis\u00e3o e furos para parafusos para fixa\u00e7\u00e3o segura aos alojamentos da tesoura na linha de processamento. O comprimento e a espessura totais das l\u00e2minas s\u00e3o determinados pela largura do material a ser processado e pelo design do mecanismo de corte.<\/p>\r\n<p>Caso n\u00e3o encontre a l\u00e2mina de corte que procura, tamb\u00e9m podemos personaliz\u00e1-la. Veja nosso \u201c<span style=\"color: #ff9900;\"><a style=\"color: #ff9900;\" href=\"https:\/\/maxtormetal.com\/pt\/custom-blades\/\" target=\"_blank\" rel=\"noopener\"><em><strong>L\u00e2minas Personalizadas<\/strong><\/em><\/a>&quot;<\/span>\u00a0para saber como!<span style=\"color: #ff9900;\">\u00a0<em><strong><a style=\"color: #ff9900;\" href=\"https:\/\/maxtormetal.com\/pt\/contact\/\" target=\"_blank\" rel=\"noopener\">Bem-vindo a consultar!<\/a><\/strong><\/em><\/span><\/p>\r\n<h4><span style=\"color: #ff9900;\"><a style=\"color: #ff9900;\" href=\"https:\/\/maxtormetal.com\/pt\/brochures\/\" target=\"_blank\" rel=\"noopener\"><strong><em>Abrir Brochuras<\/em><\/strong><\/a><\/span><\/h4>\r\n<hr \/>\r\n<h2>Por Que Escolher a METAL?<\/h2>\r\n<ol>\r\n<li>\r\n<h3><strong> Servi\u00e7o de Importa\u00e7\u00e3o Completo e Sem Complica\u00e7\u00f5es<\/strong><\/h3>\r\n<\/li>\r\n<\/ol>\r\n<p>Aproveite a conveni\u00eancia de uma importa\u00e7\u00e3o sem problemas. Do transporte ao desembara\u00e7o aduaneiro, cuidamos de todo o processo. Tudo o que voc\u00ea precisa fazer \u00e9 pagar o IVA e aguardar a chegada de suas mercadorias.<\/p>\r\n<ol start=\"2\">\r\n<li>\r\n<h3><strong> Pre\u00e7os Competitivos<\/strong><\/h3>\r\n<\/li>\r\n<\/ol>\r\n<p>Vimos nossas l\u00e2minas se destacarem em in\u00fameras aplica\u00e7\u00f5es e estamos prontos para qualquer projeto que voc\u00ea nos apresentar. Espere precis\u00e3o, durabilidade e pre\u00e7os competitivos inigual\u00e1veis.<\/p>\r\n<ol start=\"3\">\r\n<li>\r\n<h3><strong> ODM &amp; OEM Dispon\u00edveis<\/strong><\/h3>\r\n<\/li>\r\n<\/ol>\r\n<p>Seja qual for o seu caso, desenhos, esbo\u00e7os ou amostras, podemos projetar e fabricar para voc\u00ea. Tamb\u00e9m temos a capacidade de auxiliar na modifica\u00e7\u00e3o de designs e especifica\u00e7\u00f5es existentes para melhorar praticamente qualquer aplica\u00e7\u00e3o de ferramentas industriais. Entre em contato com nossa equipe de vendas dedicada para discutir suas necessidades espec\u00edficas.<\/p>\r\n<ol start=\"4\">\r\n<li>\r\n<h3><strong> Controle de Qualidade Rigoroso<\/strong><\/h3>\r\n<\/li>\r\n<\/ol>\r\n<p>Uma s\u00e9rie de testes e inspe\u00e7\u00f5es s\u00e3o realizadas para controlar a qualidade, incluindo inspe\u00e7\u00e3o do primeiro artigo, inspe\u00e7\u00e3o de material recebido e materiais certificados, inspe\u00e7\u00e3o de qualidade em processo e inspe\u00e7\u00e3o de qualidade final.<\/p>\r\n<ol start=\"5\">\r\n<li>\r\n<h3><strong> Aquisi\u00e7\u00e3o Flex\u00edvel, Coopera\u00e7\u00e3o Ilimitada<\/strong><\/h3>\r\n<\/li>\r\n<\/ol>\r\n<p>Seja voc\u00ea um importador, distribuidor, atacadista ou usu\u00e1rio final, n\u00f3s o acolhemos. Beneficie-se de MOQs m\u00ednimos, consultas sem complica\u00e7\u00f5es e maior liberdade de compra.<\/p>\r\n<ol start=\"6\">\r\n<li>\r\n<h3><strong> Monitoramento em Tempo Real do Progresso da Produ\u00e7\u00e3o<\/strong><\/h3>\r\n<\/li>\r\n<\/ol>\r\n<p>Considere-nos seu monitor exclusivo. Forneceremos atualiza\u00e7\u00f5es regulares sobre cada etapa crucial de sua linha de produ\u00e7\u00e3o. Independentemente da dist\u00e2ncia, voc\u00ea ter\u00e1 informa\u00e7\u00f5es em tempo real sobre o progresso de seu produto.<\/p>\r\n<p>&nbsp;<\/p>","protected":false},"excerpt":{"rendered":"<p>What do Side Clipping Shear Blades Mean? &#8220;Side Clipping Shear Blades&#8221; are specialized cutting tools used in industrial applications, particularly in metalworking and continuous processing lines like cold rolling mills. Their primary function is to trim the edges (sides) of metal sheets or coils as they move through the production line. This process, known as [&hellip;]<\/p>","protected":false},"featured_media":3165,"template":"","meta":[],"product_cat":[110,114,98,113],"product_tag":[391],"yoast_head":"<!-- This site is optimized with the Yoast SEO Premium plugin v23.6 (Yoast SEO v23.6) - https:\/\/yoast.com\/wordpress\/plugins\/seo\/ -->\n<title>Side clipping shear blades - Maxtor Metal | Custom Industrial Blade Manufacturer &amp; Supplier<\/title>\n<meta name=\"description\" content=\"Discover high-precision Side Clipping Shear Blades for clean and accurate edge trimming of metal coils and sheets. Ensure consistent width and quality edges in your continuous processing lines!\" \/>\n<meta name=\"robots\" content=\"index, follow, max-snippet:-1, max-image-preview:large, max-video-preview:-1\" \/>\n<link rel=\"canonical\" href=\"https:\/\/maxtormetal.com\/pt\/produto\/laminas-de-cisalhamento-lateral\/\" \/>\n<meta property=\"og:locale\" content=\"pt_PT\" \/>\n<meta property=\"og:type\" content=\"article\" \/>\n<meta property=\"og:title\" content=\"Side clipping shear blades\" \/>\n<meta property=\"og:description\" content=\"Discover high-precision Side Clipping Shear Blades for clean and accurate edge trimming of metal coils and sheets. Ensure consistent width and quality edges in your continuous processing lines!\" \/>\n<meta property=\"og:url\" content=\"https:\/\/maxtormetal.com\/pt\/produto\/laminas-de-cisalhamento-lateral\/\" \/>\n<meta property=\"og:site_name\" content=\"Maxtor Metal | Custom Industrial Blade Manufacturer &amp; Supplier\" \/>\n<meta property=\"article:publisher\" content=\"https:\/\/www.facebook.com\/maxtormetalindustrial\" \/>\n<meta property=\"article:modified_time\" content=\"2025-05-31T15:49:11+00:00\" \/>\n<meta property=\"og:image\" content=\"https:\/\/maxtormetal.com\/wp-content\/uploads\/2023\/10\/Thick-metal-plate-shearing-blades-main1.jpg\" \/>\n\t<meta property=\"og:image:width\" content=\"800\" \/>\n\t<meta property=\"og:image:height\" content=\"800\" \/>\n\t<meta property=\"og:image:type\" content=\"image\/jpeg\" \/>\n<meta name=\"twitter:card\" content=\"summary_large_image\" \/>\n<script type=\"application\/ld+json\" class=\"yoast-schema-graph\">{\"@context\":\"https:\/\/schema.org\",\"@graph\":[{\"@type\":[\"WebPage\",\"ItemPage\"],\"@id\":\"https:\/\/maxtormetal.com\/product\/side-clipping-shear-blades\/\",\"url\":\"https:\/\/maxtormetal.com\/product\/side-clipping-shear-blades\/\",\"name\":\"Side clipping shear blades - Maxtor Metal | Custom Industrial Blade Manufacturer &amp; Supplier\",\"isPartOf\":{\"@id\":\"https:\/\/maxtormetal.com\/fr\/#website\"},\"primaryImageOfPage\":{\"@id\":\"https:\/\/maxtormetal.com\/product\/side-clipping-shear-blades\/#primaryimage\"},\"image\":{\"@id\":\"https:\/\/maxtormetal.com\/product\/side-clipping-shear-blades\/#primaryimage\"},\"thumbnailUrl\":\"https:\/\/maxtormetal.com\/wp-content\/uploads\/2023\/10\/Thick-metal-plate-shearing-blades-main1.jpg\",\"datePublished\":\"2023-10-07T02:31:32+00:00\",\"dateModified\":\"2025-05-31T15:49:11+00:00\",\"description\":\"Discover high-precision Side Clipping Shear Blades for clean and accurate edge trimming of metal coils and sheets. Ensure consistent width and quality edges in your continuous processing lines!\",\"breadcrumb\":{\"@id\":\"https:\/\/maxtormetal.com\/product\/side-clipping-shear-blades\/#breadcrumb\"},\"inLanguage\":\"pt-PT\",\"potentialAction\":[{\"@type\":\"ReadAction\",\"target\":[\"https:\/\/maxtormetal.com\/product\/side-clipping-shear-blades\/\"]}]},{\"@type\":\"ImageObject\",\"inLanguage\":\"pt-PT\",\"@id\":\"https:\/\/maxtormetal.com\/product\/side-clipping-shear-blades\/#primaryimage\",\"url\":\"https:\/\/maxtormetal.com\/wp-content\/uploads\/2023\/10\/Thick-metal-plate-shearing-blades-main1.jpg\",\"contentUrl\":\"https:\/\/maxtormetal.com\/wp-content\/uploads\/2023\/10\/Thick-metal-plate-shearing-blades-main1.jpg\",\"width\":800,\"height\":800,\"caption\":\"Side Clipping Shear Blades\"},{\"@type\":\"BreadcrumbList\",\"@id\":\"https:\/\/maxtormetal.com\/product\/side-clipping-shear-blades\/#breadcrumb\",\"itemListElement\":[{\"@type\":\"ListItem\",\"position\":1,\"name\":\"Home\",\"item\":\"https:\/\/maxtormetal.com\/\"},{\"@type\":\"ListItem\",\"position\":2,\"name\":\"Products\",\"item\":\"https:\/\/maxtormetal.com\/products\/\"},{\"@type\":\"ListItem\",\"position\":3,\"name\":\"Side clipping shear blades\"}]},{\"@type\":\"WebSite\",\"@id\":\"https:\/\/maxtormetal.com\/fr\/#website\",\"url\":\"https:\/\/maxtormetal.com\/fr\/\",\"name\":\"Maxtor Metal | Custom Industrial Blade Manufacturer &amp; Supplier\",\"description\":\"Mechanical blades and knives supplier for all machines made by China\",\"publisher\":{\"@id\":\"https:\/\/maxtormetal.com\/fr\/#organization\"},\"potentialAction\":[{\"@type\":\"SearchAction\",\"target\":{\"@type\":\"EntryPoint\",\"urlTemplate\":\"https:\/\/maxtormetal.com\/fr\/?s={search_term_string}\"},\"query-input\":{\"@type\":\"PropertyValueSpecification\",\"valueRequired\":true,\"valueName\":\"search_term_string\"}}],\"inLanguage\":\"pt-PT\"},{\"@type\":[\"Organization\",\"Place\"],\"@id\":\"https:\/\/maxtormetal.com\/fr\/#organization\",\"name\":\"Maxtor Metal\",\"alternateName\":\"Metal Industrial\",\"url\":\"https:\/\/maxtormetal.com\/fr\/\",\"logo\":{\"@id\":\"https:\/\/maxtormetal.com\/product\/side-clipping-shear-blades\/#local-main-organization-logo\"},\"image\":{\"@id\":\"https:\/\/maxtormetal.com\/product\/side-clipping-shear-blades\/#local-main-organization-logo\"},\"sameAs\":[\"https:\/\/www.facebook.com\/maxtormetalindustrial\",\"https:\/\/www.linkedin.com\/in\/metalindustrial\/\"],\"description\":\"Maxtor Metal (formerly known as Metal Industrial) is a custom industrial blade manufacturer based in Nanjing, China. Established in 2006 under Nanjing Metal Industrial CO., Limited, we specialize in manufacturing industrial machine blades, machine knives, and providing regrinding services for clients in over 80 countries worldwide.\",\"legalName\":\"Nanjing Metal Industrial CO., Limited\",\"foundingDate\":\"2006-02-18\",\"numberOfEmployees\":{\"@type\":\"QuantitativeValue\",\"minValue\":\"11\",\"maxValue\":\"50\"},\"address\":{\"@id\":\"https:\/\/maxtormetal.com\/product\/side-clipping-shear-blades\/#local-main-place-address\"},\"telephone\":[],\"openingHoursSpecification\":[{\"@type\":\"OpeningHoursSpecification\",\"dayOfWeek\":[\"Monday\",\"Tuesday\",\"Wednesday\",\"Thursday\",\"Friday\",\"Saturday\",\"Sunday\"],\"opens\":\"09:00\",\"closes\":\"17:00\"}],\"email\":\"sales@maxtormetal.com\",\"areaServed\":\"Worldwide\",\"globalLocationNumber\":\"+86-158-6180-3357\"},{\"@type\":\"PostalAddress\",\"@id\":\"https:\/\/maxtormetal.com\/product\/side-clipping-shear-blades\/#local-main-place-address\",\"streetAddress\":\"Mingjue Industrial Park, Lishui\",\"addressLocality\":\"Nanjing\",\"postalCode\":\"211223\",\"addressRegion\":\"Jiangsu\",\"addressCountry\":\"CN\"},{\"@type\":\"ImageObject\",\"inLanguage\":\"pt-PT\",\"@id\":\"https:\/\/maxtormetal.com\/product\/side-clipping-shear-blades\/#local-main-organization-logo\",\"url\":\"https:\/\/maxtormetal.com\/wp-content\/uploads\/2023\/08\/cropped-cropped-logo-\u526f\u672c-\u526f\u672c-e1693303172756-1.png\",\"contentUrl\":\"https:\/\/maxtormetal.com\/wp-content\/uploads\/2023\/08\/cropped-cropped-logo-\u526f\u672c-\u526f\u672c-e1693303172756-1.png\",\"width\":441,\"height\":132,\"caption\":\"Maxtor Metal\"}]}<\/script>\n<meta name=\"geo.placename\" content=\"Nanjing\" \/>\n<meta name=\"geo.region\" content=\"China\" \/>\n<!-- \/ Yoast SEO Premium plugin. -->","yoast_head_json":{"title":"Side clipping shear blades - Maxtor Metal | Custom Industrial Blade Manufacturer &amp; Supplier","description":"Discover high-precision Side Clipping Shear Blades for clean and accurate edge trimming of metal coils and sheets. Ensure consistent width and quality edges in your continuous processing lines!","robots":{"index":"index","follow":"follow","max-snippet":"max-snippet:-1","max-image-preview":"max-image-preview:large","max-video-preview":"max-video-preview:-1"},"canonical":"https:\/\/maxtormetal.com\/pt\/produto\/laminas-de-cisalhamento-lateral\/","og_locale":"pt_PT","og_type":"article","og_title":"Side clipping shear blades","og_description":"Discover high-precision Side Clipping Shear Blades for clean and accurate edge trimming of metal coils and sheets. Ensure consistent width and quality edges in your continuous processing lines!","og_url":"https:\/\/maxtormetal.com\/pt\/produto\/laminas-de-cisalhamento-lateral\/","og_site_name":"Maxtor Metal | Custom Industrial Blade Manufacturer &amp; Supplier","article_publisher":"https:\/\/www.facebook.com\/maxtormetalindustrial","article_modified_time":"2025-05-31T15:49:11+00:00","og_image":[{"width":800,"height":800,"url":"https:\/\/maxtormetal.com\/wp-content\/uploads\/2023\/10\/Thick-metal-plate-shearing-blades-main1.jpg","type":"image\/jpeg"}],"twitter_card":"summary_large_image","schema":{"@context":"https:\/\/schema.org","@graph":[{"@type":["WebPage","ItemPage"],"@id":"https:\/\/maxtormetal.com\/product\/side-clipping-shear-blades\/","url":"https:\/\/maxtormetal.com\/product\/side-clipping-shear-blades\/","name":"Side clipping shear blades - Maxtor Metal | Custom Industrial Blade Manufacturer &amp; Supplier","isPartOf":{"@id":"https:\/\/maxtormetal.com\/fr\/#website"},"primaryImageOfPage":{"@id":"https:\/\/maxtormetal.com\/product\/side-clipping-shear-blades\/#primaryimage"},"image":{"@id":"https:\/\/maxtormetal.com\/product\/side-clipping-shear-blades\/#primaryimage"},"thumbnailUrl":"https:\/\/maxtormetal.com\/wp-content\/uploads\/2023\/10\/Thick-metal-plate-shearing-blades-main1.jpg","datePublished":"2023-10-07T02:31:32+00:00","dateModified":"2025-05-31T15:49:11+00:00","description":"Discover high-precision Side Clipping Shear Blades for clean and accurate edge trimming of metal coils and sheets. Ensure consistent width and quality edges in your continuous processing lines!","breadcrumb":{"@id":"https:\/\/maxtormetal.com\/product\/side-clipping-shear-blades\/#breadcrumb"},"inLanguage":"pt-PT","potentialAction":[{"@type":"ReadAction","target":["https:\/\/maxtormetal.com\/product\/side-clipping-shear-blades\/"]}]},{"@type":"ImageObject","inLanguage":"pt-PT","@id":"https:\/\/maxtormetal.com\/product\/side-clipping-shear-blades\/#primaryimage","url":"https:\/\/maxtormetal.com\/wp-content\/uploads\/2023\/10\/Thick-metal-plate-shearing-blades-main1.jpg","contentUrl":"https:\/\/maxtormetal.com\/wp-content\/uploads\/2023\/10\/Thick-metal-plate-shearing-blades-main1.jpg","width":800,"height":800,"caption":"Side Clipping Shear Blades"},{"@type":"BreadcrumbList","@id":"https:\/\/maxtormetal.com\/product\/side-clipping-shear-blades\/#breadcrumb","itemListElement":[{"@type":"ListItem","position":1,"name":"Home","item":"https:\/\/maxtormetal.com\/"},{"@type":"ListItem","position":2,"name":"Products","item":"https:\/\/maxtormetal.com\/products\/"},{"@type":"ListItem","position":3,"name":"Side clipping shear blades"}]},{"@type":"WebSite","@id":"https:\/\/maxtormetal.com\/fr\/#website","url":"https:\/\/maxtormetal.com\/fr\/","name":"Maxtor Metal | Custom Industrial Blade Manufacturer &amp; Supplier","description":"Mechanical blades and knives supplier for all machines made by China","publisher":{"@id":"https:\/\/maxtormetal.com\/fr\/#organization"},"potentialAction":[{"@type":"SearchAction","target":{"@type":"EntryPoint","urlTemplate":"https:\/\/maxtormetal.com\/fr\/?s={search_term_string}"},"query-input":{"@type":"PropertyValueSpecification","valueRequired":true,"valueName":"search_term_string"}}],"inLanguage":"pt-PT"},{"@type":["Organization","Place"],"@id":"https:\/\/maxtormetal.com\/fr\/#organization","name":"Maxtor Metal","alternateName":"Metal Industrial","url":"https:\/\/maxtormetal.com\/fr\/","logo":{"@id":"https:\/\/maxtormetal.com\/product\/side-clipping-shear-blades\/#local-main-organization-logo"},"image":{"@id":"https:\/\/maxtormetal.com\/product\/side-clipping-shear-blades\/#local-main-organization-logo"},"sameAs":["https:\/\/www.facebook.com\/maxtormetalindustrial","https:\/\/www.linkedin.com\/in\/metalindustrial\/"],"description":"Maxtor Metal (formerly known as Metal Industrial) is a custom industrial blade manufacturer based in Nanjing, China. Established in 2006 under Nanjing Metal Industrial CO., Limited, we specialize in manufacturing industrial machine blades, machine knives, and providing regrinding services for clients in over 80 countries worldwide.","legalName":"Nanjing Metal Industrial CO., Limited","foundingDate":"2006-02-18","numberOfEmployees":{"@type":"QuantitativeValue","minValue":"11","maxValue":"50"},"address":{"@id":"https:\/\/maxtormetal.com\/product\/side-clipping-shear-blades\/#local-main-place-address"},"telephone":[],"openingHoursSpecification":[{"@type":"OpeningHoursSpecification","dayOfWeek":["Monday","Tuesday","Wednesday","Thursday","Friday","Saturday","Sunday"],"opens":"09:00","closes":"17:00"}],"email":"sales@maxtormetal.com","areaServed":"Worldwide","globalLocationNumber":"+86-158-6180-3357"},{"@type":"PostalAddress","@id":"https:\/\/maxtormetal.com\/product\/side-clipping-shear-blades\/#local-main-place-address","streetAddress":"Mingjue Industrial Park, Lishui","addressLocality":"Nanjing","postalCode":"211223","addressRegion":"Jiangsu","addressCountry":"CN"},{"@type":"ImageObject","inLanguage":"pt-PT","@id":"https:\/\/maxtormetal.com\/product\/side-clipping-shear-blades\/#local-main-organization-logo","url":"https:\/\/maxtormetal.com\/wp-content\/uploads\/2023\/08\/cropped-cropped-logo-\u526f\u672c-\u526f\u672c-e1693303172756-1.png","contentUrl":"https:\/\/maxtormetal.com\/wp-content\/uploads\/2023\/08\/cropped-cropped-logo-\u526f\u672c-\u526f\u672c-e1693303172756-1.png","width":441,"height":132,"caption":"Maxtor Metal"}]},"geo.placename":"Nanjing","geo.region":"China"},"_links":{"self":[{"href":"https:\/\/maxtormetal.com\/pt\/wp-json\/wp\/v2\/product\/3160"}],"collection":[{"href":"https:\/\/maxtormetal.com\/pt\/wp-json\/wp\/v2\/product"}],"about":[{"href":"https:\/\/maxtormetal.com\/pt\/wp-json\/wp\/v2\/types\/product"}],"wp:featuredmedia":[{"embeddable":true,"href":"https:\/\/maxtormetal.com\/pt\/wp-json\/wp\/v2\/media\/3165"}],"wp:attachment":[{"href":"https:\/\/maxtormetal.com\/pt\/wp-json\/wp\/v2\/media?parent=3160"}],"wp:term":[{"taxonomy":"product_cat","embeddable":true,"href":"https:\/\/maxtormetal.com\/pt\/wp-json\/wp\/v2\/product_cat?post=3160"},{"taxonomy":"product_tag","embeddable":true,"href":"https:\/\/maxtormetal.com\/pt\/wp-json\/wp\/v2\/product_tag?post=3160"}],"curies":[{"name":"wp","href":"https:\/\/api.w.org\/{rel}","templated":true}]}}