{"id":3190,"date":"2023-10-07T10:48:40","date_gmt":"2023-10-07T02:48:40","guid":{"rendered":"https:\/\/maxtormetal.com\/?post_type=product&#038;p=3190"},"modified":"2025-05-29T13:35:20","modified_gmt":"2025-05-29T05:35:20","slug":"faca-granuladora-de-plastico","status":"publish","type":"product","link":"https:\/\/maxtormetal.com\/pt\/produto\/faca-granuladora-de-plastico\/","title":{"rendered":"Faca de Peletizadora de Pl\u00e1stico"},"content":{"rendered":"<h2 data-sourcepos=\"1:1-1:43\">O que significa faca peletizadora de pl\u00e1stico?<\/h2>\r\n<p data-sourcepos=\"3:1-3:592\">Uma faca peletizadora de pl\u00e1stico, tamb\u00e9m conhecida como faca granuladora ou l\u00e2mina peletizadora, \u00e9 uma ferramenta de corte de precis\u00e3o usada em uma m\u00e1quina peletizadora de pl\u00e1stico. Essas m\u00e1quinas convertem peda\u00e7os maiores de pl\u00e1stico, como fios extrudados ou flocos processados, em pellets ou gr\u00e2nulos pequenos e uniformes. Uma faca peletizadora de pl\u00e1stico funciona em conjunto com outras facas (geralmente facas estacion\u00e1rias, chamadas de facas estatoras) para cisalhar o material pl\u00e1stico at\u00e9 o tamanho e formato desejados do pellet. O termo &quot;faca peletizadora de pl\u00e1stico&quot; normalmente se refere \u00e0s l\u00e2minas girat\u00f3rias no rotor da peletizadora.<\/p>\r\n<h2 data-sourcepos=\"5:1-5:53\">Usos e aplica\u00e7\u00f5es de facas peletizadoras de pl\u00e1stico<\/h2>\r\n<p data-sourcepos=\"7:1-7:162\">As facas peletizadoras de pl\u00e1stico s\u00e3o cruciais tanto na produ\u00e7\u00e3o de resinas pl\u00e1sticas virgens quanto na reciclagem de materiais pl\u00e1sticos. Suas principais aplica\u00e7\u00f5es incluem:<\/p>\r\n<ul data-sourcepos=\"9:1-15:0\">\r\n<li data-sourcepos=\"9:1-9:193\"><strong>Produ\u00e7\u00e3o de resina virgem:<\/strong> Corte de fios cont\u00ednuos de pl\u00e1stico derretido \u00e0 medida que saem de uma matriz extrusora em pelotas uniformes, que servem como mat\u00e9ria-prima para a fabrica\u00e7\u00e3o de produtos pl\u00e1sticos.<\/li>\r\n<li data-sourcepos=\"10:1-10:172\"><strong>Reciclagem de pl\u00e1stico:<\/strong> Reduzir flocos de pl\u00e1stico lavados e processados ou materiais triturados em pellets consistentes que podem ser reintroduzidos no processo de fabrica\u00e7\u00e3o.<\/li>\r\n<li data-sourcepos=\"11:1-11:130\"><strong>Composi\u00e7\u00e3o:<\/strong> Corte de fios extrudados de compostos pl\u00e1sticos (misturas de resina com aditivos, corantes, etc.) em pellets.<\/li>\r\n<li data-sourcepos=\"12:1-12:138\"><strong>Produ\u00e7\u00e3o de Masterbatch:<\/strong> Cria\u00e7\u00e3o de pellets de cores concentradas ou misturas de aditivos para mistura f\u00e1cil e precisa com resinas base.<\/li>\r\n<li data-sourcepos=\"13:1-13:209\"><strong>Pelotiza\u00e7\u00e3o Subaqu\u00e1tica:<\/strong> Facas peletizadoras de pl\u00e1stico especializadas s\u00e3o usadas em sistemas de peletiza\u00e7\u00e3o subaqu\u00e1ticos para cortar pl\u00e1stico derretido diretamente quando ele sai da matriz debaixo d&#039;\u00e1gua, resultando em pelotas esf\u00e9ricas.<\/li>\r\n<li data-sourcepos=\"14:1-15:0\"><strong>Plantas de laborat\u00f3rio e piloto:<\/strong> Peletiza\u00e7\u00e3o em pequena escala para pesquisa e desenvolvimento de novas formula\u00e7\u00f5es pl\u00e1sticas.<\/li>\r\n<\/ul>\r\n<h2 data-sourcepos=\"16:1-16:49\">Materiais comuns para facas de peletizadoras de pl\u00e1stico<\/h2>\r\n<p data-sourcepos=\"18:1-18:234\">Os materiais utilizados nas facas de peletizadoras de pl\u00e1stico devem ser altamente resistentes ao desgaste para suportar o corte cont\u00ednuo de diversos tipos de pl\u00e1stico, o que \u00e0s vezes pode incluir enchimentos ou refor\u00e7os abrasivos. Os materiais comuns incluem:<\/p>\r\n<ul data-sourcepos=\"20:1-24:0\">\r\n<li data-sourcepos=\"20:1-20:221\"><strong>A\u00e7o para ferramentas (por exemplo, D2, A8, M2):<\/strong> Oferece um bom equil\u00edbrio entre dureza, tenacidade e resist\u00eancia ao desgaste, sendo adequado para o processamento de uma ampla gama de pl\u00e1sticos. O a\u00e7o D2 \u00e9 particularmente popular por suas excelentes propriedades de desgaste.<\/li>\r\n<li data-sourcepos=\"21:1-21:172\"><strong>A\u00e7o r\u00e1pido (HSS) (por exemplo, M2, M42):<\/strong> Oferece boa resist\u00eancia ao desgaste e pode manter a nitidez em velocidades operacionais mais altas, adequado para peletiza\u00e7\u00e3o de alto rendimento.<\/li>\r\n<li data-sourcepos=\"22:1-22:318\"><strong>Facas com ponta de carboneto:<\/strong> Apresentam insertos de carboneto de tungst\u00eanio soldados em um corpo de a\u00e7o na aresta de corte. O carboneto oferece dureza e resist\u00eancia ao desgaste excepcionais, tornando essas facas ideais para o processamento de pl\u00e1sticos abrasivos, pol\u00edmeros refor\u00e7ados e materiais refor\u00e7ados com fibra de vidro, prolongando significativamente sua vida \u00fatil.<\/li>\r\n<li data-sourcepos=\"23:1-24:0\"><strong>A\u00e7os para ind\u00fastria metal\u00fargica em p\u00f3 1TP1 (por exemplo, CPM M4, CPM 10V):<\/strong> Oferecem resist\u00eancia ao desgaste e tenacidade superiores em compara\u00e7\u00e3o aos a\u00e7os para ferramentas convencionais devido \u00e0 sua microestrutura uniforme, tornando-os adequados para aplica\u00e7\u00f5es de peletiza\u00e7\u00e3o exigentes.<\/li>\r\n<\/ul>\r\n<p data-sourcepos=\"25:1-25:389\">A dureza das facas de peletizadoras de pl\u00e1stico varia normalmente de HRC 52 a 65, dependendo do material e do pl\u00e1stico espec\u00edfico processado. O tratamento t\u00e9rmico adequado \u00e9 essencial para atingir o equil\u00edbrio ideal entre dureza e tenacidade. Revestimentos como nitreto de tit\u00e2nio (TiN) ou cromo podem ser aplicados para aumentar a dureza da superf\u00edcie, reduzir o atrito e melhorar a resist\u00eancia \u00e0 corros\u00e3o.<\/p>\r\n<h2 data-sourcepos=\"27:1-27:41\">Formatos comuns de facas para peletizadores de pl\u00e1stico<\/h2>\r\n<p data-sourcepos=\"29:1-29:168\">As facas de peletizadoras de pl\u00e1stico s\u00e3o normalmente montadas em um rotor rotativo e trabalham em conjunto com facas estacion\u00e1rias do estator. Formatos e configura\u00e7\u00f5es comuns incluem:<\/p>\r\n<ul data-sourcepos=\"31:1-36:0\">\r\n<li data-sourcepos=\"31:1-31:234\"><strong>Facas retas:<\/strong> Estes s\u00e3o os tipos mais comuns, com uma l\u00e2mina de corte reta que corta as facas do estator. Est\u00e3o dispon\u00edveis em v\u00e1rios comprimentos e espessuras, dependendo do tamanho do peletizador e dos requisitos de rendimento.<\/li>\r\n<li data-sourcepos=\"32:1-32:187\"><strong>Facas inclinadas ou helicoidais:<\/strong> Essas facas s\u00e3o dispostas em \u00e2ngulo ou em espiral no rotor para proporcionar uma a\u00e7\u00e3o de corte semelhante \u00e0 de uma tesoura, o que pode melhorar a efici\u00eancia do corte e reduzir o ru\u00eddo.<\/li>\r\n<li data-sourcepos=\"33:1-33:147\"><strong>Facas em formato de V:<\/strong> Algumas facas rotativas t\u00eam uma l\u00e2mina de corte em forma de V para criar formatos espec\u00edficos de pellets ou melhorar o corte de certos materiais.<\/li>\r\n<li data-sourcepos=\"34:1-34:170\"><strong>Facas entalhadas:<\/strong> Essas facas t\u00eam entalhes ao longo do fio de corte, o que pode ajudar a quebrar os fios de pl\u00e1stico de forma mais eficaz ou criar dimens\u00f5es espec\u00edficas de pellets.<\/li>\r\n<li data-sourcepos=\"35:1-36:0\"><strong>Facas de mosca (para peletizadores Die-Face):<\/strong> S\u00e3o facas rotativas menores, montadas diretamente na face da matriz em sistemas de peletiza\u00e7\u00e3o de face da matriz. Possuem uma l\u00e2mina de corte radial ou ligeiramente angulada para cortar o pl\u00e1stico fundido \u00e0 medida que ele sai dos furos da matriz.<\/li>\r\n<\/ul>\r\n<p data-sourcepos=\"37:1-37:687\">O princ\u00edpio de funcionamento envolve as facas girat\u00f3rias do peletizador de pl\u00e1stico no rotor passando pr\u00f3ximas \u00e0s facas estacion\u00e1rias do estator. O estreito espa\u00e7o entre essas facas cria uma a\u00e7\u00e3o de cisalhamento que corta os filamentos cont\u00ednuos de pl\u00e1stico em pellets. Na peletiza\u00e7\u00e3o na face da matriz, as facas girat\u00f3rias giram rapidamente na face da matriz, cortando o pl\u00e1stico fundido resultante. O tamanho e o formato dos pellets s\u00e3o determinados pela velocidade de rota\u00e7\u00e3o, pela taxa de alimenta\u00e7\u00e3o do pl\u00e1stico, pelo n\u00famero de facas e pela geometria das arestas de corte. O alinhamento preciso e as arestas afiadas s\u00e3o cruciais para a produ\u00e7\u00e3o de pellets uniformes e com corte limpo, al\u00e9m de maximizar a vida \u00fatil das facas do peletizador de pl\u00e1stico.<\/p>\r\n<p>Se voc\u00ea n\u00e3o encontrar a l\u00e2mina que procura, tamb\u00e9m podemos personaliz\u00e1-la. Veja nossa se\u00e7\u00e3o <span style=\"color: #ff9900;\">\u201c<a style=\"color: #ff9900;\" href=\"https:\/\/maxtormetal.com\/pt\/custom-blades\/\" target=\"_blank\" rel=\"noopener\"><em><strong>L\u00e2minas Personalizadas<\/strong><\/em><\/a>&quot;<\/span> para saber como!\u00a0<span style=\"color: #ff9900;\"><em><strong><a style=\"color: #ff9900;\" href=\"https:\/\/maxtormetal.com\/pt\/contact\/\" target=\"_blank\" rel=\"noopener\">Bem-vindo a consultar!<\/a><\/strong><\/em><\/span><\/p>\r\n<h4><a href=\"https:\/\/maxtormetal.com\/pt\/brochures\/\" target=\"_blank\" rel=\"noopener\"><strong><em><span style=\"color: #ff9900;\">Abrir Brochuras<\/span><\/em><\/strong><\/a><\/h4>\r\n<hr \/>\r\n<h2>Por Que Escolher a METAL?<\/h2>\r\n<ol>\r\n<li>\r\n<h3><strong> Servi\u00e7o de Importa\u00e7\u00e3o Completo e Sem Complica\u00e7\u00f5es<\/strong><\/h3>\r\n<\/li>\r\n<\/ol>\r\n<p>Aproveite a conveni\u00eancia de uma importa\u00e7\u00e3o sem problemas. Do transporte ao desembara\u00e7o aduaneiro, cuidamos de todo o processo. Tudo o que voc\u00ea precisa fazer \u00e9 pagar o IVA e aguardar a chegada de suas mercadorias.<\/p>\r\n<ol start=\"2\">\r\n<li>\r\n<h3><strong> Pre\u00e7os Competitivos<\/strong><\/h3>\r\n<\/li>\r\n<\/ol>\r\n<p>Vimos nossas l\u00e2minas se destacarem em in\u00fameras aplica\u00e7\u00f5es e estamos prontos para qualquer projeto que voc\u00ea nos apresentar. Espere precis\u00e3o, durabilidade e pre\u00e7os competitivos inigual\u00e1veis.<\/p>\r\n<ol start=\"3\">\r\n<li>\r\n<h3><strong> ODM &amp; OEM Dispon\u00edveis<\/strong><\/h3>\r\n<\/li>\r\n<\/ol>\r\n<p>Seja qual for o seu caso, desenhos, esbo\u00e7os ou amostras, podemos projetar e fabricar para voc\u00ea. Tamb\u00e9m temos a capacidade de auxiliar na modifica\u00e7\u00e3o de designs e especifica\u00e7\u00f5es existentes para melhorar praticamente qualquer aplica\u00e7\u00e3o de ferramentas industriais. Entre em contato com nossa equipe de vendas dedicada para discutir suas necessidades espec\u00edficas.<\/p>\r\n<ol start=\"4\">\r\n<li>\r\n<h3><strong> Controle de Qualidade Rigoroso<\/strong><\/h3>\r\n<\/li>\r\n<\/ol>\r\n<p>Uma s\u00e9rie de testes e inspe\u00e7\u00f5es s\u00e3o realizadas para controlar a qualidade, incluindo inspe\u00e7\u00e3o do primeiro artigo, inspe\u00e7\u00e3o de material recebido e materiais certificados, inspe\u00e7\u00e3o de qualidade em processo e inspe\u00e7\u00e3o de qualidade final.<\/p>\r\n<ol start=\"5\">\r\n<li>\r\n<h3><strong> Aquisi\u00e7\u00e3o Flex\u00edvel, Coopera\u00e7\u00e3o Ilimitada<\/strong><\/h3>\r\n<\/li>\r\n<\/ol>\r\n<p>Seja voc\u00ea um importador, distribuidor, atacadista ou usu\u00e1rio final, n\u00f3s o acolhemos. Beneficie-se de MOQs m\u00ednimos, consultas sem complica\u00e7\u00f5es e maior liberdade de compra.<\/p>\r\n<ol start=\"6\">\r\n<li>\r\n<h3><strong> Monitoramento em Tempo Real do Progresso da Produ\u00e7\u00e3o<\/strong><\/h3>\r\n<\/li>\r\n<\/ol>\r\n<p>Considere-nos seu monitor exclusivo. Forneceremos atualiza\u00e7\u00f5es regulares sobre cada etapa crucial de sua linha de produ\u00e7\u00e3o. Independentemente da dist\u00e2ncia, voc\u00ea ter\u00e1 informa\u00e7\u00f5es em tempo real sobre o progresso de seu produto.<\/p>\r\n<hr \/>\r\n<p><iframe loading=\"lazy\" title=\"l\u00e2mina de corte para peletizadora de pl\u00e1stico l\u00e2minas de peletiza\u00e7\u00e3o para m\u00e1quina trituradora de pl\u00e1stico\" width=\"800\" height=\"600\" src=\"https:\/\/www.youtube.com\/embed\/bxHYxlCiqI0?feature=oembed&#038;enablejsapi=1&#038;origin=https:\/\/maxtormetal.com\" frameborder=\"0\" allow=\"accelerometer; autoplay; clipboard-write; encrypted-media; gyroscope; picture-in-picture; web-share\" referrerpolicy=\"strict-origin-when-cross-origin\" allowfullscreen><\/iframe><\/p>","protected":false},"excerpt":{"rendered":"<p>What does Plastic Pelletizer Knife Mean? A plastic pelletizer knife, also known as a granulator knife or pelletizing blade, is a precision cutting tool used in a plastic pelletizing machine. These machines convert larger pieces of plastic, such as extruded strands or processed flakes, into small, uniform pellets or granules. A plastic pelletizer knife works [&hellip;]<\/p>","protected":false},"featured_media":3195,"template":"","meta":[],"product_cat":[114,101,102,104],"product_tag":[385],"yoast_head":"<!-- This site is optimized with the Yoast SEO Premium plugin v23.6 (Yoast SEO v23.6) - https:\/\/yoast.com\/wordpress\/plugins\/seo\/ -->\n<title>Plastic Pelletizer Knife<\/title>\n<meta name=\"description\" content=\"Explore our high-quality plastic pelletizer knives and granulator blades for efficient plastic pellet production in recycling manufacturing.\" \/>\n<meta name=\"robots\" content=\"index, follow, max-snippet:-1, max-image-preview:large, max-video-preview:-1\" \/>\n<link rel=\"canonical\" href=\"https:\/\/maxtormetal.com\/pt\/produto\/faca-granuladora-de-plastico\/\" \/>\n<meta property=\"og:locale\" content=\"pt_PT\" \/>\n<meta property=\"og:type\" content=\"article\" \/>\n<meta property=\"og:title\" content=\"Plastic Pelletizer Knife\" \/>\n<meta property=\"og:description\" content=\"Explore our high-quality plastic pelletizer knives and granulator blades for efficient plastic pellet production in recycling manufacturing.\" \/>\n<meta property=\"og:url\" content=\"https:\/\/maxtormetal.com\/pt\/produto\/faca-granuladora-de-plastico\/\" \/>\n<meta property=\"og:site_name\" content=\"Metal Industrial, Industrial Blade Manufacturer, Cutting Knives and blades, Machine Knives and blades supplier, Custom Blades solution\" \/>\n<meta property=\"article:publisher\" content=\"https:\/\/www.facebook.com\/mengli.tang.3\" \/>\n<meta property=\"article:modified_time\" content=\"2025-05-29T05:35:20+00:00\" \/>\n<meta property=\"og:image\" content=\"https:\/\/maxtormetal.com\/wp-content\/uploads\/2023\/10\/Plastic-pelletizer-knife-main1.jpg\" \/>\n\t<meta property=\"og:image:width\" content=\"800\" \/>\n\t<meta property=\"og:image:height\" content=\"800\" \/>\n\t<meta property=\"og:image:type\" content=\"image\/jpeg\" \/>\n<meta name=\"twitter:card\" content=\"summary_large_image\" \/>\n<meta name=\"twitter:site\" content=\"@MengliT13570\" \/>\n<script type=\"application\/ld+json\" class=\"yoast-schema-graph\">{\"@context\":\"https:\/\/schema.org\",\"@graph\":[{\"@type\":[\"WebPage\",\"ItemPage\"],\"@id\":\"https:\/\/maxtormetal.com\/product\/plastic-pelletizer-knife\/\",\"url\":\"https:\/\/maxtormetal.com\/product\/plastic-pelletizer-knife\/\",\"name\":\"Plastic Pelletizer Knife\",\"isPartOf\":{\"@id\":\"https:\/\/maxtormetal.com\/fr\/#website\"},\"primaryImageOfPage\":{\"@id\":\"https:\/\/maxtormetal.com\/product\/plastic-pelletizer-knife\/#primaryimage\"},\"image\":{\"@id\":\"https:\/\/maxtormetal.com\/product\/plastic-pelletizer-knife\/#primaryimage\"},\"thumbnailUrl\":\"https:\/\/maxtormetal.com\/wp-content\/uploads\/2023\/10\/Plastic-pelletizer-knife-main1.jpg\",\"datePublished\":\"2023-10-07T02:48:40+00:00\",\"dateModified\":\"2025-05-29T05:35:20+00:00\",\"description\":\"Explore our high-quality plastic pelletizer knives and granulator blades for efficient plastic pellet production in recycling manufacturing.\",\"breadcrumb\":{\"@id\":\"https:\/\/maxtormetal.com\/product\/plastic-pelletizer-knife\/#breadcrumb\"},\"inLanguage\":\"pt-PT\",\"potentialAction\":[{\"@type\":\"ReadAction\",\"target\":[\"https:\/\/maxtormetal.com\/product\/plastic-pelletizer-knife\/\"]}]},{\"@type\":\"ImageObject\",\"inLanguage\":\"pt-PT\",\"@id\":\"https:\/\/maxtormetal.com\/product\/plastic-pelletizer-knife\/#primaryimage\",\"url\":\"https:\/\/maxtormetal.com\/wp-content\/uploads\/2023\/10\/Plastic-pelletizer-knife-main1.jpg\",\"contentUrl\":\"https:\/\/maxtormetal.com\/wp-content\/uploads\/2023\/10\/Plastic-pelletizer-knife-main1.jpg\",\"width\":800,\"height\":800,\"caption\":\"pelletizing blades\"},{\"@type\":\"BreadcrumbList\",\"@id\":\"https:\/\/maxtormetal.com\/product\/plastic-pelletizer-knife\/#breadcrumb\",\"itemListElement\":[{\"@type\":\"ListItem\",\"position\":1,\"name\":\"Home\",\"item\":\"https:\/\/maxtormetal.com\/\"},{\"@type\":\"ListItem\",\"position\":2,\"name\":\"Products\",\"item\":\"https:\/\/maxtormetal.com\/products\/\"},{\"@type\":\"ListItem\",\"position\":3,\"name\":\"Plastic Pelletizer Knife\"}]},{\"@type\":\"WebSite\",\"@id\":\"https:\/\/maxtormetal.com\/fr\/#website\",\"url\":\"https:\/\/maxtormetal.com\/fr\/\",\"name\":\"Metal Industrial, Industrial Blade Manufacturer, Cutting Knives and blades, Machine Knives and blades supplier, Custom Blades solution\",\"description\":\"Mechanical blades and knives supplier for all machines made by China\",\"publisher\":{\"@id\":\"https:\/\/maxtormetal.com\/fr\/#organization\"},\"potentialAction\":[{\"@type\":\"SearchAction\",\"target\":{\"@type\":\"EntryPoint\",\"urlTemplate\":\"https:\/\/maxtormetal.com\/fr\/?s={search_term_string}\"},\"query-input\":{\"@type\":\"PropertyValueSpecification\",\"valueRequired\":true,\"valueName\":\"search_term_string\"}}],\"inLanguage\":\"pt-PT\"},{\"@type\":[\"Organization\",\"Place\"],\"@id\":\"https:\/\/maxtormetal.com\/fr\/#organization\",\"name\":\"Nanjing Metal Industrial CO., Limited\",\"alternateName\":\"Metal Industrial\",\"url\":\"https:\/\/maxtormetal.com\/fr\/\",\"logo\":{\"@id\":\"https:\/\/maxtormetal.com\/product\/plastic-pelletizer-knife\/#local-main-organization-logo\"},\"image\":{\"@id\":\"https:\/\/maxtormetal.com\/product\/plastic-pelletizer-knife\/#local-main-organization-logo\"},\"sameAs\":[\"https:\/\/www.facebook.com\/mengli.tang.3\",\"https:\/\/x.com\/MengliT13570\",\"https:\/\/www.linkedin.com\/in\/metalindustrial\/\"],\"description\":\"NanjingMetal is specialized in manufacturing and supplying industrial blades and knives, and its main business is to provide customers with customized industrial blades to meet their specific needs. With an experienced design and production team, we utilize the supply chain advantage in China to provide customers with competitive high quality industrial blades and knives.\",\"legalName\":\"Nanjing Metal Industrial CO., Limited\",\"foundingDate\":\"2006-02-18\",\"numberOfEmployees\":{\"@type\":\"QuantitativeValue\",\"minValue\":\"11\",\"maxValue\":\"50\"},\"telephone\":[],\"openingHoursSpecification\":[{\"@type\":\"OpeningHoursSpecification\",\"dayOfWeek\":[\"Monday\",\"Tuesday\",\"Wednesday\",\"Thursday\",\"Friday\",\"Saturday\",\"Sunday\"],\"opens\":\"09:00\",\"closes\":\"17:00\"}]},{\"@type\":\"ImageObject\",\"inLanguage\":\"pt-PT\",\"@id\":\"https:\/\/maxtormetal.com\/product\/plastic-pelletizer-knife\/#local-main-organization-logo\",\"url\":\"https:\/\/maxtormetal.com\/wp-content\/uploads\/2023\/08\/cropped-cropped-logo-\u526f\u672c-\u526f\u672c-e1693303172756-1.png\",\"contentUrl\":\"https:\/\/maxtormetal.com\/wp-content\/uploads\/2023\/08\/cropped-cropped-logo-\u526f\u672c-\u526f\u672c-e1693303172756-1.png\",\"width\":441,\"height\":132,\"caption\":\"Nanjing Metal Industrial CO., Limited\"}]}<\/script>\n<!-- \/ Yoast SEO Premium plugin. -->","yoast_head_json":{"title":"Plastic Pelletizer Knife","description":"Explore our high-quality plastic pelletizer knives and granulator blades for efficient plastic pellet production in recycling manufacturing.","robots":{"index":"index","follow":"follow","max-snippet":"max-snippet:-1","max-image-preview":"max-image-preview:large","max-video-preview":"max-video-preview:-1"},"canonical":"https:\/\/maxtormetal.com\/pt\/produto\/faca-granuladora-de-plastico\/","og_locale":"pt_PT","og_type":"article","og_title":"Plastic Pelletizer Knife","og_description":"Explore our high-quality plastic pelletizer knives and granulator blades for efficient plastic pellet production in recycling manufacturing.","og_url":"https:\/\/maxtormetal.com\/pt\/produto\/faca-granuladora-de-plastico\/","og_site_name":"Metal Industrial, Industrial Blade Manufacturer, Cutting Knives and blades, Machine Knives and blades supplier, Custom Blades solution","article_publisher":"https:\/\/www.facebook.com\/mengli.tang.3","article_modified_time":"2025-05-29T05:35:20+00:00","og_image":[{"width":800,"height":800,"url":"https:\/\/maxtormetal.com\/wp-content\/uploads\/2023\/10\/Plastic-pelletizer-knife-main1.jpg","type":"image\/jpeg"}],"twitter_card":"summary_large_image","twitter_site":"@MengliT13570","schema":{"@context":"https:\/\/schema.org","@graph":[{"@type":["WebPage","ItemPage"],"@id":"https:\/\/maxtormetal.com\/product\/plastic-pelletizer-knife\/","url":"https:\/\/maxtormetal.com\/product\/plastic-pelletizer-knife\/","name":"Plastic Pelletizer Knife","isPartOf":{"@id":"https:\/\/maxtormetal.com\/fr\/#website"},"primaryImageOfPage":{"@id":"https:\/\/maxtormetal.com\/product\/plastic-pelletizer-knife\/#primaryimage"},"image":{"@id":"https:\/\/maxtormetal.com\/product\/plastic-pelletizer-knife\/#primaryimage"},"thumbnailUrl":"https:\/\/maxtormetal.com\/wp-content\/uploads\/2023\/10\/Plastic-pelletizer-knife-main1.jpg","datePublished":"2023-10-07T02:48:40+00:00","dateModified":"2025-05-29T05:35:20+00:00","description":"Explore our high-quality plastic pelletizer knives and granulator blades for efficient plastic pellet production in recycling manufacturing.","breadcrumb":{"@id":"https:\/\/maxtormetal.com\/product\/plastic-pelletizer-knife\/#breadcrumb"},"inLanguage":"pt-PT","potentialAction":[{"@type":"ReadAction","target":["https:\/\/maxtormetal.com\/product\/plastic-pelletizer-knife\/"]}]},{"@type":"ImageObject","inLanguage":"pt-PT","@id":"https:\/\/maxtormetal.com\/product\/plastic-pelletizer-knife\/#primaryimage","url":"https:\/\/maxtormetal.com\/wp-content\/uploads\/2023\/10\/Plastic-pelletizer-knife-main1.jpg","contentUrl":"https:\/\/maxtormetal.com\/wp-content\/uploads\/2023\/10\/Plastic-pelletizer-knife-main1.jpg","width":800,"height":800,"caption":"pelletizing blades"},{"@type":"BreadcrumbList","@id":"https:\/\/maxtormetal.com\/product\/plastic-pelletizer-knife\/#breadcrumb","itemListElement":[{"@type":"ListItem","position":1,"name":"Home","item":"https:\/\/maxtormetal.com\/"},{"@type":"ListItem","position":2,"name":"Products","item":"https:\/\/maxtormetal.com\/products\/"},{"@type":"ListItem","position":3,"name":"Plastic Pelletizer Knife"}]},{"@type":"WebSite","@id":"https:\/\/maxtormetal.com\/fr\/#website","url":"https:\/\/maxtormetal.com\/fr\/","name":"Metal Industrial, Industrial Blade Manufacturer, Cutting Knives and blades, Machine Knives and blades supplier, Custom Blades solution","description":"Mechanical blades and knives supplier for all machines made by China","publisher":{"@id":"https:\/\/maxtormetal.com\/fr\/#organization"},"potentialAction":[{"@type":"SearchAction","target":{"@type":"EntryPoint","urlTemplate":"https:\/\/maxtormetal.com\/fr\/?s={search_term_string}"},"query-input":{"@type":"PropertyValueSpecification","valueRequired":true,"valueName":"search_term_string"}}],"inLanguage":"pt-PT"},{"@type":["Organization","Place"],"@id":"https:\/\/maxtormetal.com\/fr\/#organization","name":"Nanjing Metal Industrial CO., Limited","alternateName":"Metal Industrial","url":"https:\/\/maxtormetal.com\/fr\/","logo":{"@id":"https:\/\/maxtormetal.com\/product\/plastic-pelletizer-knife\/#local-main-organization-logo"},"image":{"@id":"https:\/\/maxtormetal.com\/product\/plastic-pelletizer-knife\/#local-main-organization-logo"},"sameAs":["https:\/\/www.facebook.com\/mengli.tang.3","https:\/\/x.com\/MengliT13570","https:\/\/www.linkedin.com\/in\/metalindustrial\/"],"description":"NanjingMetal is specialized in manufacturing and supplying industrial blades and knives, and its main business is to provide customers with customized industrial blades to meet their specific needs. With an experienced design and production team, we utilize the supply chain advantage in China to provide customers with competitive high quality industrial blades and knives.","legalName":"Nanjing Metal Industrial CO., Limited","foundingDate":"2006-02-18","numberOfEmployees":{"@type":"QuantitativeValue","minValue":"11","maxValue":"50"},"telephone":[],"openingHoursSpecification":[{"@type":"OpeningHoursSpecification","dayOfWeek":["Monday","Tuesday","Wednesday","Thursday","Friday","Saturday","Sunday"],"opens":"09:00","closes":"17:00"}]},{"@type":"ImageObject","inLanguage":"pt-PT","@id":"https:\/\/maxtormetal.com\/product\/plastic-pelletizer-knife\/#local-main-organization-logo","url":"https:\/\/maxtormetal.com\/wp-content\/uploads\/2023\/08\/cropped-cropped-logo-\u526f\u672c-\u526f\u672c-e1693303172756-1.png","contentUrl":"https:\/\/maxtormetal.com\/wp-content\/uploads\/2023\/08\/cropped-cropped-logo-\u526f\u672c-\u526f\u672c-e1693303172756-1.png","width":441,"height":132,"caption":"Nanjing Metal Industrial CO., Limited"}]}},"_links":{"self":[{"href":"https:\/\/maxtormetal.com\/pt\/wp-json\/wp\/v2\/product\/3190"}],"collection":[{"href":"https:\/\/maxtormetal.com\/pt\/wp-json\/wp\/v2\/product"}],"about":[{"href":"https:\/\/maxtormetal.com\/pt\/wp-json\/wp\/v2\/types\/product"}],"wp:featuredmedia":[{"embeddable":true,"href":"https:\/\/maxtormetal.com\/pt\/wp-json\/wp\/v2\/media\/3195"}],"wp:attachment":[{"href":"https:\/\/maxtormetal.com\/pt\/wp-json\/wp\/v2\/media?parent=3190"}],"wp:term":[{"taxonomy":"product_cat","embeddable":true,"href":"https:\/\/maxtormetal.com\/pt\/wp-json\/wp\/v2\/product_cat?post=3190"},{"taxonomy":"product_tag","embeddable":true,"href":"https:\/\/maxtormetal.com\/pt\/wp-json\/wp\/v2\/product_tag?post=3190"}],"curies":[{"name":"wp","href":"https:\/\/api.w.org\/{rel}","templated":true}]}}