{"id":3234,"date":"2023-10-07T11:15:21","date_gmt":"2023-10-07T03:15:21","guid":{"rendered":"https:\/\/maxtormetal.com\/?post_type=product&#038;p=3234"},"modified":"2025-05-13T10:39:27","modified_gmt":"2025-05-13T02:39:27","slug":"laminas-para-tesouras-jacare","status":"publish","type":"product","link":"https:\/\/maxtormetal.com\/pt\/produto\/laminas-para-tesouras-jacare\/","title":{"rendered":"L\u00e2minas para Guilhotina Jacar\u00e9"},"content":{"rendered":"<h2 data-sourcepos=\"1:1-1:41\">O que significam as l\u00e2minas de tesoura tipo jacar\u00e9?<\/h2>\r\n<p data-sourcepos=\"3:1-3:526\">As l\u00e2minas de tesoura jacar\u00e9, tamb\u00e9m conhecidas como l\u00e2minas de tesoura crocodilo, s\u00e3o ferramentas de corte robustas utilizadas em tesouras jacar\u00e9. Essas tesouras s\u00e3o caracterizadas por uma mand\u00edbula articulada que abre e fecha como as mand\u00edbulas de um jacar\u00e9, da\u00ed o nome. As l\u00e2minas, normalmente uma l\u00e2mina inferior fixa e uma l\u00e2mina superior m\u00f3vel, s\u00e3o projetadas para cortar diversos tipos de sucata met\u00e1lica, barras, vergalh\u00f5es e outros materiais. O termo &quot;l\u00e2minas de tesoura jacar\u00e9&quot; refere-se especificamente \u00e0s l\u00e2minas de alta resist\u00eancia empregadas nessas potentes m\u00e1quinas de corte.<\/p>\r\n<h2 data-sourcepos=\"5:1-5:50\">Usos e aplica\u00e7\u00f5es das l\u00e2minas de tesoura tipo jacar\u00e9<\/h2>\r\n<p data-sourcepos=\"7:1-7:166\">As l\u00e2minas de tesoura tipo jacar\u00e9 s\u00e3o amplamente utilizadas nas ind\u00fastrias de processamento e reciclagem de metais para reduzir o tamanho de diversos materiais met\u00e1licos. As principais aplica\u00e7\u00f5es incluem:<\/p>\r\n<ul data-sourcepos=\"9:1-17:0\">\r\n<li data-sourcepos=\"9:1-9:217\"><strong>Reciclagem de sucata Metal:<\/strong> Corte e dimensionamento de sucata met\u00e1lica, como sucata automotiva, eletrodom\u00e9sticos, tubos, perfis e res\u00edduos met\u00e1licos mistos para facilitar o manuseio, a classifica\u00e7\u00e3o e o processamento posterior (por exemplo, tritura\u00e7\u00e3o, enfardamento).<\/li>\r\n<li data-sourcepos=\"10:1-10:172\"><strong>Processamento de Metal n\u00e3o ferroso:<\/strong> Corte eficiente de cobre, alum\u00ednio, lat\u00e3o e outros metais n\u00e3o ferrosos em diversas formas, como fios, cabos, extrus\u00f5es e pe\u00e7as fundidas.<\/li>\r\n<li data-sourcepos=\"11:1-11:113\"><strong>Constru\u00e7\u00e3o e Demoli\u00e7\u00e3o:<\/strong> Redu\u00e7\u00e3o inicial do tamanho de res\u00edduos met\u00e1licos de canteiros de obras e demoli\u00e7\u00e3o.<\/li>\r\n<li data-sourcepos=\"12:1-12:116\"><strong>Fabrica\u00e7\u00e3o:<\/strong> Cortar peda\u00e7os menores de metal, como barras, vergalh\u00f5es, tubos e perfis em comprimentos espec\u00edficos.<\/li>\r\n<li data-sourcepos=\"13:1-13:104\"><strong>Reciclagem de cabos e fios:<\/strong> Cortar cabos e fios para liberar o n\u00facleo met\u00e1lico do isolamento.<\/li>\r\n<li data-sourcepos=\"14:1-14:86\"><strong>Reciclagem de radiadores:<\/strong> Separa\u00e7\u00e3o de extremidades de a\u00e7o de componentes de alum\u00ednio em radiadores.<\/li>\r\n<li data-sourcepos=\"15:1-15:107\"><strong>Processamento de conversores catal\u00edticos:<\/strong> Abrir conversores catal\u00edticos para acessar metais internos valiosos.<\/li>\r\n<li data-sourcepos=\"16:1-17:0\"><strong>Desconstru\u00e7\u00e3o:<\/strong> Desmontagem de estruturas ou componentes met\u00e1licos.<\/li>\r\n<\/ul>\r\n<h2 data-sourcepos=\"18:1-18:46\">Materiais comuns para l\u00e2minas de tesoura jacar\u00e9<\/h2>\r\n<p data-sourcepos=\"20:1-20:167\">As l\u00e2minas de tesoura tipo jacar\u00e9 exigem alta resist\u00eancia, tenacidade e resist\u00eancia ao desgaste para suportar as tens\u00f5es de corte de diversos tipos de metal. Os materiais comuns incluem:<\/p>\r\n<ul data-sourcepos=\"22:1-27:0\">\r\n<li data-sourcepos=\"22:1-22:97\"><strong>A\u00e7o de alto carbono:<\/strong> Oferece boa afia\u00e7\u00e3o inicial e \u00e9 adequada para cortar metais mais macios.<\/li>\r\n<li data-sourcepos=\"23:1-23:285\"><strong>A\u00e7o para ferramentas de liga (por exemplo, D2, A2, 6CrW2Si, H13):<\/strong> Oferece um melhor equil\u00edbrio entre dureza, resist\u00eancia ao desgaste e tenacidade, tornando-os adequados para uma gama mais ampla de materiais, incluindo metais ferrosos e n\u00e3o ferrosos mais duros. O D2 \u00e9 particularmente conhecido por sua excelente resist\u00eancia ao desgaste.<\/li>\r\n<li data-sourcepos=\"24:1-24:193\"><strong>A\u00e7o R\u00e1pido (HSS)<\/strong> Oferece resist\u00eancia superior ao desgaste e capacidade de manter a dureza em temperaturas operacionais mais altas, adequado para opera\u00e7\u00f5es de corte mais exigentes e cont\u00ednuas.<\/li>\r\n<li data-sourcepos=\"25:1-25:172\"><strong>Ligas Especiais:<\/strong> Para aplica\u00e7\u00f5es espec\u00edficas, as l\u00e2minas podem ser feitas ou incrustadas com outras ligas resistentes ao desgaste para lidar com materiais muito duros ou abrasivos.<\/li>\r\n<li data-sourcepos=\"26:1-27:0\"><strong>Carboneto de tungst\u00e9nio:<\/strong> Usado como inser\u00e7\u00f5es ou, \u00e0s vezes, na l\u00e2mina inteira para proporcionar dureza e resist\u00eancia ao desgaste excepcionais ao processar materiais altamente abrasivos, aumentando significativamente a vida \u00fatil da l\u00e2mina.<\/li>\r\n<\/ul>\r\n<p data-sourcepos=\"28:1-28:339\">As l\u00e2minas s\u00e3o frequentemente tratadas termicamente para atingir a dureza ideal (tipicamente na faixa de HRC 55-65) e maximizar o desempenho de corte e a longevidade. Muitas l\u00e2minas de tesoura jacar\u00e9 tamb\u00e9m possuem 4 faces e s\u00e3o revers\u00edveis, permitindo que cada fio de corte seja usado antes de precisar ser afiado ou substitu\u00eddo, maximizando sua vida \u00fatil e custo-benef\u00edcio.<\/p>\r\n<h2 data-sourcepos=\"30:1-30:38\">Formatos comuns de l\u00e2minas de tesoura para sucata<\/h2>\r\n<p data-sourcepos=\"32:1-32:133\">As l\u00e2minas de tesoura tipo jacar\u00e9 geralmente t\u00eam um design relativamente simples e robusto para suportar altas for\u00e7as de corte. Os formatos comuns incluem:<\/p>\r\n<ul data-sourcepos=\"34:1-38:0\">\r\n<li data-sourcepos=\"34:1-34:187\"><strong>L\u00e2minas retas (se\u00e7\u00e3o transversal retangular):<\/strong> O tipo mais comum, com l\u00e2minas planas e retas, tanto na parte superior quanto na inferior. Produzem uma a\u00e7\u00e3o de corte direta.<\/li>\r\n<li data-sourcepos=\"35:1-35:162\"><strong>L\u00e2minas com borda chanfrada:<\/strong> As arestas de corte s\u00e3o anguladas para criar uma a\u00e7\u00e3o de corte mais eficiente e podem ter chanfro simples ou duplo, dependendo da aplica\u00e7\u00e3o.<\/li>\r\n<li data-sourcepos=\"36:1-36:196\"><strong>L\u00e2minas revers\u00edveis (4 lados):<\/strong> Muitas l\u00e2minas de tesoura jacar\u00e9 s\u00e3o projetadas para serem rotacionadas, oferecendo quatro gumes de corte distintos antes de precisarem ser reafiadas ou substitu\u00eddas. Isso maximiza a vida \u00fatil da l\u00e2mina.<\/li>\r\n<li data-sourcepos=\"37:1-38:0\"><strong>Perfis personalizados:<\/strong> Dependendo do material espec\u00edfico a ser cortado ou do formato de corte desejado, l\u00e2minas com perfis ou entalhes especializados podem ser fabricadas.<\/li>\r\n<\/ul>\r\n<p data-sourcepos=\"39:1-39:447\">O princ\u00edpio de funcionamento consiste em for\u00e7ar a l\u00e2mina superior articulada para baixo, por meio de um cilindro hidr\u00e1ulico (ou, \u00e0s vezes, por meios mec\u00e2nicos), sobre a l\u00e2mina inferior estacion\u00e1ria, com o material a ser cortado posicionado entre elas. A alta for\u00e7a exercida pela tesoura corta o material de forma limpa. O comprimento das l\u00e2minas (que varia de 15 cm a 122 cm ou mais) e a for\u00e7a de corte da tesoura determinam o tipo e a espessura do material que pode ser processado.<\/p>\r\n<p>\"\u00a0<span style=\"color: #ff9900;\"><em><strong><a style=\"color: #ff9900;\" href=\"https:\/\/maxtormetal.com\/pt\/contact\/\" target=\"_blank\" rel=\"noopener\">Bem-vindo a consultar!<\/a><\/strong><\/em><\/span><\/p>\r\n<p>Caso n\u00e3o encontre a l\u00e2mina de corte que procura, tamb\u00e9m podemos personaliz\u00e1-la. Veja nosso \u201c<span style=\"color: #ff9900;\"><a style=\"color: #ff9900;\" href=\"https:\/\/maxtormetal.com\/pt\/custom-blades\/\" target=\"_blank\" rel=\"noopener\"><em><strong>L\u00e2minas Personalizadas<\/strong><\/em><\/a><\/span>\u201d para saber como!<\/p>\r\n<h4><span style=\"color: #ff9900;\"><a style=\"color: #ff9900;\" href=\"https:\/\/maxtormetal.com\/pt\/brochures\/\" target=\"_blank\" rel=\"noopener\"><strong><em>Abrir Brochuras<\/em><\/strong><\/a><\/span><\/h4>\r\n<hr \/>\r\n<h2>Por Que Escolher a METAL?<\/h2>\r\n<ol>\r\n<li><strong> Servi\u00e7o de Importa\u00e7\u00e3o Completo e Sem Complica\u00e7\u00f5es<\/strong><\/li>\r\n<\/ol>\r\n<p>Aproveite a conveni\u00eancia de uma importa\u00e7\u00e3o sem problemas. Do transporte ao desembara\u00e7o aduaneiro, cuidamos de todo o processo. Tudo o que voc\u00ea precisa fazer \u00e9 pagar o IVA e aguardar a chegada de suas mercadorias.<\/p>\r\n<ol start=\"2\">\r\n<li><strong> Pre\u00e7os Competitivos<\/strong><\/li>\r\n<\/ol>\r\n<p>Vimos nossas l\u00e2minas se destacarem em in\u00fameras aplica\u00e7\u00f5es e estamos prontos para qualquer projeto que voc\u00ea nos apresentar. Espere precis\u00e3o, durabilidade e pre\u00e7os competitivos inigual\u00e1veis.<\/p>\r\n<ol start=\"3\">\r\n<li><strong> ODM &amp; OEM Dispon\u00edveis<\/strong><\/li>\r\n<\/ol>\r\n<p>Seja qual for o seu caso, desenhos, esbo\u00e7os ou amostras, podemos projetar e fabricar para voc\u00ea. Tamb\u00e9m temos a capacidade de auxiliar na modifica\u00e7\u00e3o de designs e especifica\u00e7\u00f5es existentes para melhorar praticamente qualquer aplica\u00e7\u00e3o de ferramentas industriais. Entre em contato com nossa equipe de vendas dedicada para discutir suas necessidades espec\u00edficas.<\/p>\r\n<ol start=\"4\">\r\n<li><strong> Controle de Qualidade Rigoroso<\/strong><\/li>\r\n<\/ol>\r\n<p>Uma s\u00e9rie de testes e inspe\u00e7\u00f5es s\u00e3o realizadas para controlar a qualidade, incluindo inspe\u00e7\u00e3o do primeiro artigo, inspe\u00e7\u00e3o de material recebido e materiais certificados, inspe\u00e7\u00e3o de qualidade em processo e inspe\u00e7\u00e3o de qualidade final.<\/p>\r\n<ol start=\"5\">\r\n<li><strong> Aquisi\u00e7\u00e3o Flex\u00edvel, Coopera\u00e7\u00e3o Ilimitada<\/strong><\/li>\r\n<\/ol>\r\n<p>Seja voc\u00ea um importador, distribuidor, atacadista ou usu\u00e1rio final, n\u00f3s o acolhemos. Beneficie-se de MOQs m\u00ednimos, consultas sem complica\u00e7\u00f5es e maior liberdade de compra.<\/p>\r\n<ol start=\"6\">\r\n<li><strong> Monitoramento em Tempo Real do Progresso da Produ\u00e7\u00e3o<\/strong><\/li>\r\n<\/ol>\r\n<p>Considere-nos seu monitor exclusivo. Forneceremos atualiza\u00e7\u00f5es regulares sobre cada etapa crucial de sua linha de produ\u00e7\u00e3o. Independentemente da dist\u00e2ncia, voc\u00ea ter\u00e1 informa\u00e7\u00f5es em tempo real sobre o progresso de seu produto.<\/p>\r\n<hr \/>\r\n<p><iframe loading=\"lazy\" title=\"Faca para cima e para baixo, faca hidr\u00e1ulica de lamina\u00e7\u00e3o a quente, disco longitudinal, tesoura, ferramenta de fundi\u00e7\u00e3o\" width=\"800\" height=\"600\" src=\"https:\/\/www.youtube.com\/embed\/K42Kpv0e3yY?feature=oembed&#038;enablejsapi=1&#038;origin=https:\/\/maxtormetal.com\" frameborder=\"0\" allow=\"accelerometer; autoplay; clipboard-write; encrypted-media; gyroscope; picture-in-picture; web-share\" referrerpolicy=\"strict-origin-when-cross-origin\" allowfullscreen><\/iframe><\/p>\r\n<p>&nbsp;<\/p>\r\n<hr \/>\r\n<h2>Blogs Relacionados:<\/h2>\r\n<p><strong><em><a class=\"sc-jTVQyt bhIRUc\" href=\"https:\/\/maxtormetal.com\/pt\/high-hardness-shear-blades-benefits\/\" target=\"_blank\" rel=\"noopener\">Por que escolher l\u00e2minas de cisalhamento de alta dureza? Aumente a precis\u00e3o e a longevidade para suas necessidades de corte<\/a><\/em><\/strong><\/p>\r\n<p><strong><em><a class=\"sc-jTVQyt bhIRUc\" href=\"https:\/\/maxtormetal.com\/pt\/steel-mill-hot-rolling-production-line-maintaining-shear-blades-metal-sheet-cutting-shearing-blade-manufacturing\/\" target=\"_blank\" rel=\"noopener\">Revelando o n\u00facleo da linha de produ\u00e7\u00e3o de lamina\u00e7\u00e3o a quente de uma usina sider\u00fargica: guia abrangente para escolha e manuten\u00e7\u00e3o de l\u00e2minas de cisalhamento<\/a><\/em><\/strong><\/p>","protected":false},"excerpt":{"rendered":"<p>O que significa l\u00e2minas de tesoura tipo jacar\u00e9? As l\u00e2minas de tesoura tipo jacar\u00e9, tamb\u00e9m conhecidas como l\u00e2minas de tesoura de crocodilo, s\u00e3o ferramentas de corte robustas usadas em tesouras tipo jacar\u00e9. Essas tesouras s\u00e3o caracterizadas por uma mand\u00edbula articulada que abre e fecha como as mand\u00edbulas de um jacar\u00e9, da\u00ed o nome. As l\u00e2minas, geralmente uma l\u00e2mina inferior fixa e uma superior m\u00f3vel, [\u2026]<\/p>","protected":false},"featured_media":3237,"template":"","meta":[],"product_cat":[98,102,108],"product_tag":[376],"yoast_head":"<!-- This site is optimized with the Yoast SEO Premium plugin v23.6 (Yoast SEO v23.6) - https:\/\/yoast.com\/wordpress\/plugins\/seo\/ -->\n<title>Alligator Shear Blades - Metal Industrial, Industrial Blade Manufacturer, Cutting Knives and blades, Machine Knives and blades supplier, Custom Blades solution<\/title>\n<meta name=\"description\" content=\"Explore our high-quality alligator shear blades and crocodile shear knives for efficient scrap metal processing and industrial cutting. Find durable and heavy-duty shear blades in various materials and sizes\" \/>\n<meta name=\"robots\" content=\"index, follow, max-snippet:-1, max-image-preview:large, max-video-preview:-1\" \/>\n<link rel=\"canonical\" href=\"https:\/\/maxtormetal.com\/pt\/produto\/laminas-para-tesouras-jacare\/\" \/>\n<meta property=\"og:locale\" content=\"pt_PT\" \/>\n<meta property=\"og:type\" content=\"article\" \/>\n<meta property=\"og:title\" content=\"Alligator Shear Blades\" \/>\n<meta property=\"og:description\" content=\"Explore our high-quality alligator shear blades and crocodile shear knives for efficient scrap metal processing and industrial cutting. Find durable and heavy-duty shear blades in various materials and sizes\" \/>\n<meta property=\"og:url\" content=\"https:\/\/maxtormetal.com\/pt\/produto\/laminas-para-tesouras-jacare\/\" \/>\n<meta property=\"og:site_name\" content=\"Metal Industrial, Industrial Blade Manufacturer, Cutting Knives and blades, Machine Knives and blades supplier, Custom Blades solution\" \/>\n<meta property=\"article:publisher\" content=\"https:\/\/www.facebook.com\/mengli.tang.3\" \/>\n<meta property=\"article:modified_time\" content=\"2025-05-13T02:39:27+00:00\" \/>\n<meta property=\"og:image\" content=\"https:\/\/maxtormetal.com\/wp-content\/uploads\/2023\/10\/Scrap-shear-blades-main1.jpg\" \/>\n\t<meta property=\"og:image:width\" content=\"800\" \/>\n\t<meta property=\"og:image:height\" content=\"800\" \/>\n\t<meta property=\"og:image:type\" content=\"image\/jpeg\" \/>\n<meta name=\"twitter:card\" content=\"summary_large_image\" \/>\n<meta name=\"twitter:site\" content=\"@MengliT13570\" \/>\n<script type=\"application\/ld+json\" class=\"yoast-schema-graph\">{\"@context\":\"https:\/\/schema.org\",\"@graph\":[{\"@type\":[\"WebPage\",\"ItemPage\"],\"@id\":\"https:\/\/maxtormetal.com\/product\/calligator-shear-blades\/\",\"url\":\"https:\/\/maxtormetal.com\/product\/calligator-shear-blades\/\",\"name\":\"Alligator Shear Blades - Metal Industrial, Industrial Blade Manufacturer, Cutting Knives and blades, Machine Knives and blades supplier, Custom Blades solution\",\"isPartOf\":{\"@id\":\"https:\/\/maxtormetal.com\/fr\/#website\"},\"primaryImageOfPage\":{\"@id\":\"https:\/\/maxtormetal.com\/product\/calligator-shear-blades\/#primaryimage\"},\"image\":{\"@id\":\"https:\/\/maxtormetal.com\/product\/calligator-shear-blades\/#primaryimage\"},\"thumbnailUrl\":\"https:\/\/maxtormetal.com\/wp-content\/uploads\/2023\/10\/Scrap-shear-blades-main1.jpg\",\"datePublished\":\"2023-10-07T03:15:21+00:00\",\"dateModified\":\"2025-05-13T02:39:27+00:00\",\"description\":\"Explore our high-quality alligator shear blades and crocodile shear knives for efficient scrap metal processing and industrial cutting. Find durable and heavy-duty shear blades in various materials and sizes\",\"breadcrumb\":{\"@id\":\"https:\/\/maxtormetal.com\/product\/calligator-shear-blades\/#breadcrumb\"},\"inLanguage\":\"pt-PT\",\"potentialAction\":[{\"@type\":\"ReadAction\",\"target\":[\"https:\/\/maxtormetal.com\/product\/calligator-shear-blades\/\"]}]},{\"@type\":\"ImageObject\",\"inLanguage\":\"pt-PT\",\"@id\":\"https:\/\/maxtormetal.com\/product\/calligator-shear-blades\/#primaryimage\",\"url\":\"https:\/\/maxtormetal.com\/wp-content\/uploads\/2023\/10\/Scrap-shear-blades-main1.jpg\",\"contentUrl\":\"https:\/\/maxtormetal.com\/wp-content\/uploads\/2023\/10\/Scrap-shear-blades-main1.jpg\",\"width\":800,\"height\":800,\"caption\":\"scrap-shear-blades-\"},{\"@type\":\"BreadcrumbList\",\"@id\":\"https:\/\/maxtormetal.com\/product\/calligator-shear-blades\/#breadcrumb\",\"itemListElement\":[{\"@type\":\"ListItem\",\"position\":1,\"name\":\"Home\",\"item\":\"https:\/\/maxtormetal.com\/\"},{\"@type\":\"ListItem\",\"position\":2,\"name\":\"Products\",\"item\":\"https:\/\/maxtormetal.com\/products\/\"},{\"@type\":\"ListItem\",\"position\":3,\"name\":\"Alligator Shear Blades\"}]},{\"@type\":\"WebSite\",\"@id\":\"https:\/\/maxtormetal.com\/fr\/#website\",\"url\":\"https:\/\/maxtormetal.com\/fr\/\",\"name\":\"Metal Industrial, Industrial Blade Manufacturer, Cutting Knives and blades, Machine Knives and blades supplier, Custom Blades solution\",\"description\":\"Mechanical blades and knives supplier for all machines made by China\",\"publisher\":{\"@id\":\"https:\/\/maxtormetal.com\/fr\/#organization\"},\"potentialAction\":[{\"@type\":\"SearchAction\",\"target\":{\"@type\":\"EntryPoint\",\"urlTemplate\":\"https:\/\/maxtormetal.com\/fr\/?s={search_term_string}\"},\"query-input\":{\"@type\":\"PropertyValueSpecification\",\"valueRequired\":true,\"valueName\":\"search_term_string\"}}],\"inLanguage\":\"pt-PT\"},{\"@type\":[\"Organization\",\"Place\"],\"@id\":\"https:\/\/maxtormetal.com\/fr\/#organization\",\"name\":\"Nanjing Metal Industrial CO., Limited\",\"alternateName\":\"Metal Industrial\",\"url\":\"https:\/\/maxtormetal.com\/fr\/\",\"logo\":{\"@id\":\"https:\/\/maxtormetal.com\/product\/calligator-shear-blades\/#local-main-organization-logo\"},\"image\":{\"@id\":\"https:\/\/maxtormetal.com\/product\/calligator-shear-blades\/#local-main-organization-logo\"},\"sameAs\":[\"https:\/\/www.facebook.com\/mengli.tang.3\",\"https:\/\/x.com\/MengliT13570\",\"https:\/\/www.linkedin.com\/in\/metalindustrial\/\"],\"description\":\"NanjingMetal is specialized in manufacturing and supplying industrial blades and knives, and its main business is to provide customers with customized industrial blades to meet their specific needs. With an experienced design and production team, we utilize the supply chain advantage in China to provide customers with competitive high quality industrial blades and knives.\",\"legalName\":\"Nanjing Metal Industrial CO., Limited\",\"foundingDate\":\"2006-02-18\",\"numberOfEmployees\":{\"@type\":\"QuantitativeValue\",\"minValue\":\"11\",\"maxValue\":\"50\"},\"telephone\":[],\"openingHoursSpecification\":[{\"@type\":\"OpeningHoursSpecification\",\"dayOfWeek\":[\"Monday\",\"Tuesday\",\"Wednesday\",\"Thursday\",\"Friday\",\"Saturday\",\"Sunday\"],\"opens\":\"09:00\",\"closes\":\"17:00\"}]},{\"@type\":\"ImageObject\",\"inLanguage\":\"pt-PT\",\"@id\":\"https:\/\/maxtormetal.com\/product\/calligator-shear-blades\/#local-main-organization-logo\",\"url\":\"https:\/\/maxtormetal.com\/wp-content\/uploads\/2023\/08\/cropped-cropped-logo-\u526f\u672c-\u526f\u672c-e1693303172756-1.png\",\"contentUrl\":\"https:\/\/maxtormetal.com\/wp-content\/uploads\/2023\/08\/cropped-cropped-logo-\u526f\u672c-\u526f\u672c-e1693303172756-1.png\",\"width\":441,\"height\":132,\"caption\":\"Nanjing Metal Industrial CO., Limited\"}]}<\/script>\n<!-- \/ Yoast SEO Premium plugin. -->","yoast_head_json":{"title":"Alligator Shear Blades - Metal Industrial, Industrial Blade Manufacturer, Cutting Knives and blades, Machine Knives and blades supplier, Custom Blades solution","description":"Explore our high-quality alligator shear blades and crocodile shear knives for efficient scrap metal processing and industrial cutting. Find durable and heavy-duty shear blades in various materials and sizes","robots":{"index":"index","follow":"follow","max-snippet":"max-snippet:-1","max-image-preview":"max-image-preview:large","max-video-preview":"max-video-preview:-1"},"canonical":"https:\/\/maxtormetal.com\/pt\/produto\/laminas-para-tesouras-jacare\/","og_locale":"pt_PT","og_type":"article","og_title":"Alligator Shear Blades","og_description":"Explore our high-quality alligator shear blades and crocodile shear knives for efficient scrap metal processing and industrial cutting. Find durable and heavy-duty shear blades in various materials and sizes","og_url":"https:\/\/maxtormetal.com\/pt\/produto\/laminas-para-tesouras-jacare\/","og_site_name":"Metal Industrial, Industrial Blade Manufacturer, Cutting Knives and blades, Machine Knives and blades supplier, Custom Blades solution","article_publisher":"https:\/\/www.facebook.com\/mengli.tang.3","article_modified_time":"2025-05-13T02:39:27+00:00","og_image":[{"width":800,"height":800,"url":"https:\/\/maxtormetal.com\/wp-content\/uploads\/2023\/10\/Scrap-shear-blades-main1.jpg","type":"image\/jpeg"}],"twitter_card":"summary_large_image","twitter_site":"@MengliT13570","schema":{"@context":"https:\/\/schema.org","@graph":[{"@type":["WebPage","ItemPage"],"@id":"https:\/\/maxtormetal.com\/product\/calligator-shear-blades\/","url":"https:\/\/maxtormetal.com\/product\/calligator-shear-blades\/","name":"Alligator Shear Blades - Metal Industrial, Industrial Blade Manufacturer, Cutting Knives and blades, Machine Knives and blades supplier, Custom Blades solution","isPartOf":{"@id":"https:\/\/maxtormetal.com\/fr\/#website"},"primaryImageOfPage":{"@id":"https:\/\/maxtormetal.com\/product\/calligator-shear-blades\/#primaryimage"},"image":{"@id":"https:\/\/maxtormetal.com\/product\/calligator-shear-blades\/#primaryimage"},"thumbnailUrl":"https:\/\/maxtormetal.com\/wp-content\/uploads\/2023\/10\/Scrap-shear-blades-main1.jpg","datePublished":"2023-10-07T03:15:21+00:00","dateModified":"2025-05-13T02:39:27+00:00","description":"Explore our high-quality alligator shear blades and crocodile shear knives for efficient scrap metal processing and industrial cutting. Find durable and heavy-duty shear blades in various materials and sizes","breadcrumb":{"@id":"https:\/\/maxtormetal.com\/product\/calligator-shear-blades\/#breadcrumb"},"inLanguage":"pt-PT","potentialAction":[{"@type":"ReadAction","target":["https:\/\/maxtormetal.com\/product\/calligator-shear-blades\/"]}]},{"@type":"ImageObject","inLanguage":"pt-PT","@id":"https:\/\/maxtormetal.com\/product\/calligator-shear-blades\/#primaryimage","url":"https:\/\/maxtormetal.com\/wp-content\/uploads\/2023\/10\/Scrap-shear-blades-main1.jpg","contentUrl":"https:\/\/maxtormetal.com\/wp-content\/uploads\/2023\/10\/Scrap-shear-blades-main1.jpg","width":800,"height":800,"caption":"scrap-shear-blades-"},{"@type":"BreadcrumbList","@id":"https:\/\/maxtormetal.com\/product\/calligator-shear-blades\/#breadcrumb","itemListElement":[{"@type":"ListItem","position":1,"name":"Home","item":"https:\/\/maxtormetal.com\/"},{"@type":"ListItem","position":2,"name":"Products","item":"https:\/\/maxtormetal.com\/products\/"},{"@type":"ListItem","position":3,"name":"Alligator Shear Blades"}]},{"@type":"WebSite","@id":"https:\/\/maxtormetal.com\/fr\/#website","url":"https:\/\/maxtormetal.com\/fr\/","name":"Metal Industrial, Industrial Blade Manufacturer, Cutting Knives and blades, Machine Knives and blades supplier, Custom Blades solution","description":"Mechanical blades and knives supplier for all machines made by China","publisher":{"@id":"https:\/\/maxtormetal.com\/fr\/#organization"},"potentialAction":[{"@type":"SearchAction","target":{"@type":"EntryPoint","urlTemplate":"https:\/\/maxtormetal.com\/fr\/?s={search_term_string}"},"query-input":{"@type":"PropertyValueSpecification","valueRequired":true,"valueName":"search_term_string"}}],"inLanguage":"pt-PT"},{"@type":["Organization","Place"],"@id":"https:\/\/maxtormetal.com\/fr\/#organization","name":"Nanjing Metal Industrial CO., Limited","alternateName":"Metal Industrial","url":"https:\/\/maxtormetal.com\/fr\/","logo":{"@id":"https:\/\/maxtormetal.com\/product\/calligator-shear-blades\/#local-main-organization-logo"},"image":{"@id":"https:\/\/maxtormetal.com\/product\/calligator-shear-blades\/#local-main-organization-logo"},"sameAs":["https:\/\/www.facebook.com\/mengli.tang.3","https:\/\/x.com\/MengliT13570","https:\/\/www.linkedin.com\/in\/metalindustrial\/"],"description":"NanjingMetal is specialized in manufacturing and supplying industrial blades and knives, and its main business is to provide customers with customized industrial blades to meet their specific needs. With an experienced design and production team, we utilize the supply chain advantage in China to provide customers with competitive high quality industrial blades and knives.","legalName":"Nanjing Metal Industrial CO., Limited","foundingDate":"2006-02-18","numberOfEmployees":{"@type":"QuantitativeValue","minValue":"11","maxValue":"50"},"telephone":[],"openingHoursSpecification":[{"@type":"OpeningHoursSpecification","dayOfWeek":["Monday","Tuesday","Wednesday","Thursday","Friday","Saturday","Sunday"],"opens":"09:00","closes":"17:00"}]},{"@type":"ImageObject","inLanguage":"pt-PT","@id":"https:\/\/maxtormetal.com\/product\/calligator-shear-blades\/#local-main-organization-logo","url":"https:\/\/maxtormetal.com\/wp-content\/uploads\/2023\/08\/cropped-cropped-logo-\u526f\u672c-\u526f\u672c-e1693303172756-1.png","contentUrl":"https:\/\/maxtormetal.com\/wp-content\/uploads\/2023\/08\/cropped-cropped-logo-\u526f\u672c-\u526f\u672c-e1693303172756-1.png","width":441,"height":132,"caption":"Nanjing Metal Industrial CO., Limited"}]}},"_links":{"self":[{"href":"https:\/\/maxtormetal.com\/pt\/wp-json\/wp\/v2\/product\/3234"}],"collection":[{"href":"https:\/\/maxtormetal.com\/pt\/wp-json\/wp\/v2\/product"}],"about":[{"href":"https:\/\/maxtormetal.com\/pt\/wp-json\/wp\/v2\/types\/product"}],"wp:featuredmedia":[{"embeddable":true,"href":"https:\/\/maxtormetal.com\/pt\/wp-json\/wp\/v2\/media\/3237"}],"wp:attachment":[{"href":"https:\/\/maxtormetal.com\/pt\/wp-json\/wp\/v2\/media?parent=3234"}],"wp:term":[{"taxonomy":"product_cat","embeddable":true,"href":"https:\/\/maxtormetal.com\/pt\/wp-json\/wp\/v2\/product_cat?post=3234"},{"taxonomy":"product_tag","embeddable":true,"href":"https:\/\/maxtormetal.com\/pt\/wp-json\/wp\/v2\/product_tag?post=3234"}],"curies":[{"name":"wp","href":"https:\/\/api.w.org\/{rel}","templated":true}]}}